{"id":50799,"date":"2022-08-16T09:58:23","date_gmt":"2022-08-16T09:58:23","guid":{"rendered":"https:\/\/vdhurk.bonsaidev.nl\/?page_id=50799"},"modified":"2023-04-26T08:49:28","modified_gmt":"2023-04-26T08:49:28","slug":"camionete-cu-rulote","status":"publish","type":"page","link":"https:\/\/www.vdhurk.nl\/ro\/camperbussen\/","title":{"rendered":"Camionete cu rulote"},"content":{"rendered":"<style type=\"text\/css\" data-created_by=\"avia_inline_auto\" id=\"style-css-av-4nbej-61809ecf5e9bb21cc33f7ee31dcc49b2\">\n.avia-section.av-4nbej-61809ecf5e9bb21cc33f7ee31dcc49b2{\nbackground-repeat:no-repeat;\nbackground-image:url(https:\/\/www.vdhurk.nl\/wp-content\/uploads\/2022\/03\/Financial-lease.png);\nbackground-position:50% 50%;\nbackground-attachment:scroll;\n}\n<\/style>\n<div id='av_section_1'  class='avia-section av-4nbej-61809ecf5e9bb21cc33f7ee31dcc49b2 main_color avia-section-no-padding avia-no-border-styling  avia-builder-el-0  el_before_av_section  avia-builder-el-first  head-container av-small-hide av-mini-hide avia-full-stretch avia-bg-style-scroll av-minimum-height av-minimum-height-custom  container_wrap fullsize'  data-section-bg-repeat='stretch'><div class='container av-section-cont-open' style='height:380px'><main  role=\"main\" itemprop=\"mainContentOfPage\"  class='template-page content  av-content-full alpha units'><div class='post-entry post-entry-type-page post-entry-50799'><div class='entry-content-wrapper clearfix'>\n<div class='flex_column_table av-3w867-b337048c8ba0d44fb6c33f690166ec96 sc-av_two_fifth av-equal-height-column-flextable'>\n<style type=\"text\/css\" data-created_by=\"avia_inline_auto\" id=\"style-css-av-3w867-b337048c8ba0d44fb6c33f690166ec96\">\n.flex_column.av-3w867-b337048c8ba0d44fb6c33f690166ec96{\npadding:90px 90px 90px 90px;\nheight:380px;\nbackground-color:#e41c1c;\n}\n<\/style>\n<div class='flex_column av-3w867-b337048c8ba0d44fb6c33f690166ec96 av_two_fifth  avia-builder-el-1  el_before_av_three_fifth  avia-builder-el-first  banner-left first no_margin flex_column_table_cell av-equal-height-column av-align-top'   ><p><section  class='av_textblock_section av-34x5b-9dd3591d61f944ec73c7b1c571ae10ec'  itemscope=\"itemscope\" itemtype=\"https:\/\/schema.org\/CreativeWork\" ><div class='avia_textblock freestyle'  itemprop=\"text\" ><p>De la autobuz la autocaravan\u0103<\/p>\n<\/div><\/section><br \/>\n\n<style type=\"text\/css\" data-created_by=\"avia_inline_auto\" id=\"style-css-av-2n713-c05679f3a08ebdf9db45d2a4071db28b\">\n#top .av_textblock_section.av-2n713-c05679f3a08ebdf9db45d2a4071db28b .avia_textblock{\ncolor:#ffffff;\n}\n<\/style>\n<section  class='av_textblock_section av-2n713-c05679f3a08ebdf9db45d2a4071db28b'  itemscope=\"itemscope\" itemtype=\"https:\/\/schema.org\/CreativeWork\" ><div class='avia_textblock av_inherit_color'  itemprop=\"text\" ><h1>Totul despre Buscampers<\/h1>\n<\/div><\/section><br \/>\n\n<style type=\"text\/css\" data-created_by=\"avia_inline_auto\" id=\"style-css-av-28dp3-7fa4a9571da3bd8023e9d812fede9695\">\n#top .hr.hr-invisible.av-28dp3-7fa4a9571da3bd8023e9d812fede9695{\nheight:15px;\n}\n<\/style>\n<div  class='hr av-28dp3-7fa4a9571da3bd8023e9d812fede9695 hr-invisible  avia-builder-el-4  el_after_av_textblock  avia-builder-el-last'><span class='hr-inner'><span class=\"hr-inner-style\"><\/span><\/span><\/div><\/p><\/div><div class='flex_column av-sg6b-83d21c1385e2c3b6903c57e20ad0efc8 av_three_fifth  avia-builder-el-5  el_after_av_two_fifth  avia-builder-el-last  no_margin flex_column_table_cell av-equal-height-column av-align-top avia-full-stretch'   ><\/div><\/div><!--close column table wrapper. Autoclose: 1 -->\n\n<\/div><\/div><\/main><!-- close content main element --><\/div><\/div><div id='av_section_2'  class='avia-section av-3vpowjz-67d384d24ed4ebfcf66c46db46471679 main_color avia-section-default avia-no-border-styling  avia-builder-el-6  el_after_av_section  el_before_av_section  avia-bg-style-scroll container_wrap fullsize'  ><div class='container av-section-cont-open' ><div class='template-page content  av-content-full alpha units'><div class='post-entry post-entry-type-page post-entry-50799'><div class='entry-content-wrapper clearfix'>\n\n<style type=\"text\/css\" data-created_by=\"avia_inline_auto\" id=\"style-css-av-3es5bf3-bbab8d78b0b15b1ed445e37a3317bc59\">\n.flex_column.av-3es5bf3-bbab8d78b0b15b1ed445e37a3317bc59{\nwidth:18%;\n}\n<\/style>\n<div class='flex_column av-3es5bf3-bbab8d78b0b15b1ed445e37a3317bc59 av_one_fifth  avia-builder-el-7  el_before_av_three_fifth  avia-builder-el-first  first flex_column_div'   ><\/div>\n<style type=\"text\/css\" data-created_by=\"avia_inline_auto\" id=\"style-css-av-a6f8vj-76eef170d7dff51c49e1749a1a39f9c7\">\n.flex_column.av-a6f8vj-76eef170d7dff51c49e1749a1a39f9c7{\nwidth:59%;\nmargin-left:2.5%;\n}\n<\/style>\n<div class='flex_column av-a6f8vj-76eef170d7dff51c49e1749a1a39f9c7 av_three_fifth  avia-builder-el-8  el_after_av_one_fifth  el_before_av_one_fifth  flex_column_div'   ><section  class='av_textblock_section av-lgw01zel-aff5c8f2a41f87e36714912234c4d8fb'  itemscope=\"itemscope\" itemtype=\"https:\/\/schema.org\/CreativeWork\" ><div class='avia_textblock'  itemprop=\"text\" ><h2>BUSCAMPERS<\/h2>\n<p>De veacuri, rulotele au fost extrem de populare, mai ales \u00een ultimii ani, cererea de rulote cu autobuz este \u00een cre\u0219tere, deoarece pre\u021burile rulotelor (normale) au crescut vertiginos, iar oferta s-a redus.<\/p>\n<\/div><\/section><br \/>\n\n<style type=\"text\/css\" data-created_by=\"avia_inline_auto\" id=\"style-css-av-2oyndsf-d4341ca95e2c43241543660fcac041c6\">\n#top .hr.hr-invisible.av-2oyndsf-d4341ca95e2c43241543660fcac041c6{\nheight:20px;\n}\n<\/style>\n<div  class='hr av-2oyndsf-d4341ca95e2c43241543660fcac041c6 hr-invisible  avia-builder-el-10  el_after_av_textblock  el_before_av_video'><span class='hr-inner'><span class=\"hr-inner-style\"><\/span><\/span><\/div><br \/>\n\n<style type=\"text\/css\" data-created_by=\"avia_inline_auto\" id=\"style-css-av-lgw03cwy-dd6ed3870ffa1ff5648a1b53724bcd0b\">\n.avia-video.av-lgw03cwy-dd6ed3870ffa1ff5648a1b53724bcd0b{\nbackground-image:url(https:\/\/www.vdhurk.nl\/wp-content\/uploads\/2023\/04\/Thumbnail-Camperbus-300x188.png);\n}\n<\/style>\n<div  class='avia-video av-lgw03cwy-dd6ed3870ffa1ff5648a1b53724bcd0b avia-video-16-9 av-preview-image avia-video-load-always av-lazyload-immediate av-lazyload-video-embed'  itemprop=\"video\" itemtype=\"https:\/\/schema.org\/VideoObject\"  data-original_url='https:\/\/youtu.be\/uQTewV7nGZg'><script type='text\/html' class='av-video-tmpl'><div class='avia-iframe-wrap'><iframe loading=\"lazy\" title=\"Buscamper bouwen? Uitleg over enkele modellen en categorien.\" width=\"1500\" height=\"844\" src=\"https:\/\/www.youtube.com\/embed\/uQTewV7nGZg?feature=oembed&autoplay=1&loop=0&controls=1&mute=1\" frameborder=\"0\" allow=\"accelerometer; autoplay; clipboard-write; encrypted-media; gyroscope; picture-in-picture\" allowfullscreen><\/iframe><\/div><\/script><div class='av-click-to-play-overlay'><div class=\"avia_playpause_icon\"><\/div><\/div><\/div><br \/>\n\n<style type=\"text\/css\" data-created_by=\"avia_inline_auto\" id=\"style-css-av-1khvytr-34aad970eaece9efef8521ccd5158779\">\n#top .hr.hr-invisible.av-1khvytr-34aad970eaece9efef8521ccd5158779{\nheight:20px;\n}\n<\/style>\n<div  class='hr av-1khvytr-34aad970eaece9efef8521ccd5158779 hr-invisible  avia-builder-el-12  el_after_av_video  el_before_av_textblock'><span class='hr-inner'><span class=\"hr-inner-style\"><\/span><\/span><\/div><br \/>\n<section  class='av_textblock_section av-lgvzzgiw-2fcfc063989a751fe5d0972326f7a3ea'  itemscope=\"itemscope\" itemtype=\"https:\/\/schema.org\/CreativeWork\" ><div class='avia_textblock av_inherit_color'  itemprop=\"text\" ><h3>CE VE\u021aI FACE DUMNEAVOASTR\u0102 \u0218I CE VE\u021aI EXTERNALIZA;<\/h3>\n<p>Construirea unui astfel de automobil este un plan extrem de pl\u0103cut \u0219i face ca ma\u0219ina cu care ve\u021bi crea acele momente speciale s\u0103 se simt\u0103 cu adev\u0103rat a dumneavoastr\u0103. Doar nu o lua\u021bi u\u0219or, construi\u021bi o cas\u0103 mic\u0103, ca s\u0103 spunem a\u0219a, incluz\u00e2nd multe provoc\u0103ri, cum ar fi izola\u021bia, electricitatea, interiorul, amenajarea \u0219i multe altele. Face\u021bi bine acest lucru? Atunci ma\u0219ina \u00ee\u0219i va p\u0103stra valoarea, a\u0219a c\u0103 accentul aici se pune \u00een mod clar pe amenajarea ei \u00een mod corespunz\u0103tor \u0219i pe utilizarea materialelor potrivite.<\/p>\n<p>Sunte\u021bi mai pu\u021bin \u00eendem\u00e2natic, dar dori\u021bi totu\u0219i s\u0103 amenaja\u021bi ma\u0219ina complet pe gustul dumneavoastr\u0103? Atunci pute\u021bi g\u0103si \u00een \u021bar\u0103 mul\u021bi constructori de rulote, dintre care mul\u021bi provin din sectorul designului interior \u0219i au un ochi bun pentru detalii. \u00cempreun\u0103 cu ei, \u00eentocmi\u021bi planul \u00een ceea ce prive\u0219te designul interior \u0219i gustul care vi se potrive\u0219te cel mai bine. Dup\u0103 discu\u021biile ini\u021biale, deseori se orienteaz\u0103 spre un model de vehicul comercial, de la cea mai mic\u0103 dubi\u021b\u0103 p\u00e2n\u0103 la un camion mare, ca baz\u0103.<\/p>\n<h3>LA CE S\u0102 FII ATENT C\u00c2ND CUMPERI;<\/h3>\n<p>Bugetul este important, dar nu uita\u021bi c\u0103 nici o instala\u021bie decent\u0103 nu va fi cu siguran\u021b\u0103 ieftin\u0103. Monta\u021bi acest interior \u00eentr-o ma\u0219in\u0103 veche cu un kilometraj ridicat? Atunci valoarea de rev\u00e2nzare se va diminua rapid, iar viitoarele schimburi sau v\u00e2nz\u0103ri vor fi adesea mult mai dificile (\u0219i da, odat\u0103 ce v\u0103 ve\u021bi obi\u0219nui, un nou proiect va fi \u00een cur\u00e2nd \u00een mintea dumneavoastr\u0103). Mai important, sentimentele dvs. cu privire la fiabilitatea ma\u0219inii dvs. ar trebui s\u0103 r\u0103m\u00e2n\u0103 ridicate, la urma urmei, este vorba despre zilele \u00een care ar trebui s\u0103 v\u0103 bucura\u021bi de c\u0103l\u0103torii bine meritate \u0219i s\u0103 nu trebuiasc\u0103 s\u0103 v\u0103 ocupa\u021bi de garajul local pentru a remedia defec\u021biunile.<\/p>\n<h3>DE CE FORMAT AVE\u021aI NEVOIE?<\/h3>\n<p>Adev\u0103ra\u021bii \"die hards\" se pot descurca deja cu un Ford Transit Connect (da, pe bune), aici ave\u021bi suficient spa\u021biu pentru a v\u0103 \u00eentinde dup\u0103 modific\u0103rile necesare \u0219i pute\u021bi scoate o chicinet\u0103 sub instala\u021bia de dormit pentru a g\u0103ti \u00een exteriorul ma\u0219inii.<\/p>\n<p>Mul\u021bi oameni consider\u0103 c\u0103 este prea mic\u0103 \u0219i, desigur, atunci c\u00e2nd sunt necesare mai mult de 2 dane, nu este o op\u021biune. Urm\u0103torul pas este bine-cunoscutul format Volkswagens California, Mercedes Marco Polo \u0219i Ford Transit Nugget, spa\u021bioase pentru 2 persoane, dar cu un acoperi\u0219 ridicat cu facilit\u0103\u021bi de dormit, deja este posibil\u0103 camparea cu 4 persoane \u00een ma\u0219in\u0103. Recomand\u0103m testarea \u00een prealabil a acestora din urm\u0103 cu o ma\u0219in\u0103 de \u00eenchiriat. Atunci c\u00e2nd toat\u0103 lumea este instalat\u0103 pentru noapte, este confortabil, dar conversia zilnic\u0103 de la dispozi\u021bia de zi la cea de noapte \u0219i invers poate fi destul de incomod\u0103.<\/p>\n<p>Boxer\/ Jumper\/ Ducato, acestea sunt modele care au ob\u021binut un punctaj ridicat \u00een r\u00e2ndul publicului de rulote \u00eenc\u0103 de la introducerea lor, au l\u0103\u021bime! Sunt singurele modele \u00een care se poate dormi pe l\u0103\u021bime (f\u0103r\u0103 a modifica caroseria), p\u00e2n\u0103 la 1,96! Acest lucru face ca op\u021biunile de amenajare s\u0103 fie mult mai u\u0219oare, iar o mas\u0103 cu banchet\u0103 \u00een spatele scaunelor din fa\u021b\u0103 este u\u0219or de realizat.<\/p>\n<p>\u00cen cazul rulotelor de autobuz mai mari, trac\u021biunea devine o component\u0103 important\u0103, deoarece atunci c\u00e2nd v\u0103 uita\u021bi la versiunile mai lungi ale gamei Ducato\/ Boxer\/ Jumper\/ Master\/ Movano, vede\u021bi deseori c\u0103 acestea sunt vehicule cu trac\u021biune fa\u021b\u0103, ceea ce este bine pentru c\u0103 p\u0103stra\u021bi un pas sc\u0103zut, dar cercul de \u00eentoarcere (g\u00e2ndi\u021bi-v\u0103 doar la acele locuri pitore\u0219ti frumoase) devine mult mai larg din aceast\u0103 cauz\u0103.<\/p>\n<p>Dintre modelele mai mari, a\u021bi putea s\u0103 v\u0103 uita\u021bi \u0219i la modelele Transit\/ Crafter (2006-2018)\/ Sprinter. Aceste ma\u0219ini sunt construite mai mult pentru lucr\u0103ri mai grele \u0219i au un \u0219asiu diferit, cu trac\u021biune spate (se experimenteaz\u0103 un test drive).<\/p>\n<p>Vede\u021bi imediat ce avem de oferit?<\/p>\n<\/div><\/section><br \/>\n\n<style type=\"text\/css\" data-created_by=\"avia_inline_auto\" id=\"style-css-av-1jjtz0v-f401d03f006f67527f6988fa6a7725ec\">\n#top .hr.hr-invisible.av-1jjtz0v-f401d03f006f67527f6988fa6a7725ec{\nheight:20px;\n}\n<\/style>\n<div  class='hr av-1jjtz0v-f401d03f006f67527f6988fa6a7725ec hr-invisible  avia-builder-el-14  el_after_av_textblock  el_before_av_button'><span class='hr-inner'><span class=\"hr-inner-style\"><\/span><\/span><\/div><br \/>\n<div  class='avia-button-wrap avia-button-left  avia-builder-el-15  el_after_av_hr  el_before_av_image' ><a href='https:\/\/www.vdhurk.nl\/ro\/vehicule-comerciale\/'  class='avia-button av-lgw1xrd9-5d4f76edbf6f127f7c57779fb6848f37 avia-icon_select-no avia-size-medium avia-position-left avia-color-theme-color-highlight' ><span class='avia_iconbox_title' >Vezi stocul nostru<\/span><\/a><\/div><br \/>\n\n<style type=\"text\/css\" data-created_by=\"avia_inline_auto\" id=\"style-css-av-lgw1p6k3-95a6301aad5cfaa19d8f357b1d34796d\">\n.avia-image-container.av-lgw1p6k3-95a6301aad5cfaa19d8f357b1d34796d .av-image-caption-overlay-center{\ncolor:#ffffff;\n}\n<\/style>\n<div  class='avia-image-container av-lgw1p6k3-95a6301aad5cfaa19d8f357b1d34796d av-styling- avia-align-center  avia-builder-el-16  el_after_av_button  el_before_av_hr'  itemprop=\"image\" itemscope=\"itemscope\" itemtype=\"https:\/\/schema.org\/ImageObject\" ><div class=\"avia-image-container-inner\"><div class=\"avia-image-overlay-wrap\"><img decoding=\"async\" class='wp-image- avia-img-lazy-loading-not- avia_image' src=\"https:\/\/www.vdhurk.nl\/wp-content\/uploads\/autobedrijfvoertuigen\/voertuig\/32.694.942\/11844392683-32694942-5-300x225.jpg\" alt='' title=''   itemprop=\"thumbnailUrl\"  \/><\/div><\/div><\/div><br \/>\n\n<style type=\"text\/css\" data-created_by=\"avia_inline_auto\" id=\"style-css-av-12nptqn-d9921720a02dce648b729235df61d7a1\">\n#top .hr.hr-invisible.av-12nptqn-d9921720a02dce648b729235df61d7a1{\nheight:20px;\n}\n<\/style>\n<div  class='hr av-12nptqn-d9921720a02dce648b729235df61d7a1 hr-invisible  avia-builder-el-17  el_after_av_image  el_before_av_textblock'><span class='hr-inner'><span class=\"hr-inner-style\"><\/span><\/span><\/div><br \/>\n<section  class='av_textblock_section av-lgw1mclq-d7d10076c919bf8c2048026583a28a76'  itemscope=\"itemscope\" itemtype=\"https:\/\/schema.org\/CreativeWork\" ><div class='avia_textblock av_inherit_color'  itemprop=\"text\" ><h3>CE PUTEM FACE PENTRU DUMNEAVOASTR\u0102;<\/h3>\n<p>Ne place s\u0103 \u00eemp\u0103rt\u0103\u0219im entuziasmul clien\u021bilor no\u0219tri \u0219i \u00eencerc\u0103m s\u0103 oferim sfaturi c\u00e2t mai bune, dar doar privitul, urcatul \u0219i condusul modelelor este exact ceea ce ave\u021bi nevoie pentru a v\u0103 face o imagine bun\u0103. \u00cen mod normal, cu stocul nostru de +\/- 400 de ma\u0219ini, avem destul de multe variante \u00een stoc.<\/p>\n<p>V\u0103 putem ajuta p\u00e2n\u0103 \u00een momentul construc\u021biei \u00een domenii precum: preg\u0103tirea tehnic\u0103 a ma\u0219inii, trecerea la garan\u021bie p\u00e2n\u0103 dup\u0103 ce ma\u0219ina a fost transformat\u0103. Putem \u00eembr\u0103ca deja ma\u0219ina cu orice bare de protec\u021bie lateral\u0103\/push bar, jante frumoase, camere de parcare, cruise control, montarea unui scaun de lux \u00een loc de bancheta pasagerului, dar \u0219i montarea geamurilor se face adesea la cump\u0103rare.<\/p>\n<h3>BPM, CUM FUNC\u021aIONEAZ\u0102?<\/h3>\n<p>O gre\u0219eal\u0103 frecvent\u0103 este aceea c\u0103 oamenii nu realizeaz\u0103 c\u0103 trebuie pl\u0103tit BPM, multe garaje se joac\u0103 \u00een mod convenabil cu acest lucru \u0219i afirm\u0103 c\u0103 nu este cazul at\u00e2ta timp c\u00e2t ma\u0219ina de serviciu este mai veche de 5 ani. EROARE! \u00cen calitate de persoan\u0103 fizic\u0103, nu trebuie s\u0103 pl\u0103ti\u021bi BPM atunci c\u00e2nd cump\u0103ra\u021bi o ma\u0219in\u0103 de serviciu atunci c\u00e2nd aceasta a fost \u00een service timp de 60 de luni, dar atunci c\u00e2nd prezenta\u021bi ma\u0219ina la RDW, num\u0103rul de \u00eenmatriculare se schimb\u0103 din gri \u00een galben \u0219i, prin urmare, se aplic\u0103 \u0219i BPM rezidual. Este bine s\u0103 \u0219ti\u021bi acest lucru din timp \u0219i s\u0103 \u021bine\u021bi cont de el atunci c\u00e2nd v\u0103 face\u021bi bugetul. V\u0103 \u00eentreba\u021bi c\u00e2t de mare este BPM? \u00cel putem verifica pentru dumneavoastr\u0103 pentru fiecare vehicul \u00een parte.<\/p>\n<p>C\u00e2nd pute\u021bi cump\u0103ra BPM free? Exist\u0103 o excep\u021bie pe care mul\u021bi oameni o trec cu vederea, deoarece noi facem publicitate pentru autobuze de c\u0103l\u0103tori incluz\u00e2nd restul de BPM sau chiar BPM gratuit (not\u0103: multe dintre anun\u021burile de autobuze de c\u0103l\u0103tori la concuren\u021bii no\u0219tri sunt net care vizeaz\u0103 exportul, astfel \u00eenc\u00e2t BPM este totu\u0219i ad\u0103ugat aici). Deoarece autobuzele de c\u0103l\u0103tori au deja \"num\u0103rul de \u00eenmatriculare galben\", nu exist\u0103 o decontare ulterioar\u0103.<\/p>\n<p>Un avantaj \u00een plus al acestor autobuze de pasageri este c\u0103 au deja geamuri de jur-\u00eemprejur, sunt bine finisate pe pere\u021bii laterali, au c\u0103ptu\u0219eal\u0103 \u0219i scaune deja omologate, aceasta fiind o categorie care este adesea trecut\u0103 cu vederea.<\/p>\n<\/div><\/section><br \/>\n\n<style type=\"text\/css\" data-created_by=\"avia_inline_auto\" id=\"style-css-av-10x30wf-cc6852f741b949cd00ad7a58f4122ae9\">\n#top .hr.hr-invisible.av-10x30wf-cc6852f741b949cd00ad7a58f4122ae9{\nheight:20px;\n}\n<\/style>\n<div  class='hr av-10x30wf-cc6852f741b949cd00ad7a58f4122ae9 hr-invisible  avia-builder-el-19  el_after_av_textblock  avia-builder-el-last'><span class='hr-inner'><span class=\"hr-inner-style\"><\/span><\/span><\/div><\/p><\/div>\n<style type=\"text\/css\" data-created_by=\"avia_inline_auto\" id=\"style-css-av-rmnuen-17f9f303c492b8db0abe2b0dcb02ff5d\">\n.flex_column.av-rmnuen-17f9f303c492b8db0abe2b0dcb02ff5d{\nwidth:18%;\nmargin-left:2.5%;\n}\n<\/style>\n<div class='flex_column av-rmnuen-17f9f303c492b8db0abe2b0dcb02ff5d av_one_fifth  avia-builder-el-20  el_after_av_three_fifth  avia-builder-el-last  flex_column_div'   ><\/div><\/div><\/div><\/div><!-- close content main div --><\/div><\/div>\n<style type=\"text\/css\" data-created_by=\"avia_inline_auto\" id=\"style-css-av-l0nx5vch-61a276b5a8af02c9d25c6ca672a66eca\">\n.avia-section.av-l0nx5vch-61a276b5a8af02c9d25c6ca672a66eca{\nbackground-repeat:no-repeat;\nbackground-image:url(https:\/\/www.vdhurk.nl\/wp-content\/uploads\/2022\/03\/lease-calculator.png);\nbackground-position:50% 50%;\nbackground-attachment:scroll;\n}\n<\/style>\n<div id='lease-calculator'  class='avia-section av-l0nx5vch-61a276b5a8af02c9d25c6ca672a66eca main_color avia-section-large avia-no-border-styling  avia-builder-el-21  el_after_av_section  avia-builder-el-last  avia-full-stretch avia-bg-style-scroll container_wrap fullsize'  data-section-bg-repeat='stretch'><div class='container av-section-cont-open' ><div class='template-page content  av-content-full alpha units'><div class='post-entry post-entry-type-page post-entry-50799'><div class='entry-content-wrapper clearfix'><\/p>","protected":false},"excerpt":{"rendered":"","protected":false},"author":2,"featured_media":0,"parent":0,"menu_order":0,"comment_status":"closed","ping_status":"closed","template":"","meta":{"_acf_changed":false,"_improvement_type_select":"improve_an_existing","_thumb_yes_seoaic":false,"_frame_yes_seoaic":false,"seoaic_generate_description":"","seoaic_improve_instructions_prompt":"","seoaic_rollback_content_improvement":"","seoaic_idea_thumbnail_generator":"","thumbnail_generated":false,"thumbnail_generate_prompt":"","seoaic_article_description":"","footnotes":""},"class_list":["post-50799","page","type-page","status-publish","hentry"],"acf":[],"yoast_head":"<!-- This site is optimized with the Yoast SEO plugin v27.5 - https:\/\/yoast.com\/product\/yoast-seo-wordpress\/ -->\n<title>Camperbussen - Van den Hurk Bedrijfswagens<\/title>\n<meta name=\"robots\" content=\"index, follow, max-snippet:-1, max-image-preview:large, max-video-preview:-1\" \/>\n<link rel=\"canonical\" href=\"https:\/\/www.vdhurk.nl\/ro\/camionete-cu-rulote\/\" \/>\n<meta property=\"og:locale\" content=\"ro_RO\" \/>\n<meta property=\"og:type\" content=\"article\" \/>\n<meta property=\"og:title\" content=\"Camperbussen - Van den Hurk Bedrijfswagens\" \/>\n<meta property=\"og:url\" content=\"https:\/\/www.vdhurk.nl\/ro\/camionete-cu-rulote\/\" \/>\n<meta property=\"og:site_name\" content=\"Van den Hurk Bedrijfswagens\" \/>\n<meta property=\"article:modified_time\" content=\"2023-04-26T08:49:28+00:00\" \/>\n<meta name=\"twitter:card\" content=\"summary_large_image\" \/>\n<meta name=\"twitter:label1\" content=\"Timp estimat pentru citire\" \/>\n\t<meta name=\"twitter:data1\" content=\"9 minute\" \/>\n<script type=\"application\/ld+json\" class=\"yoast-schema-graph\">{\"@context\":\"https:\\\/\\\/schema.org\",\"@graph\":[{\"@type\":\"WebPage\",\"@id\":\"https:\\\/\\\/www.vdhurk.nl\\\/camperbussen\\\/\",\"url\":\"https:\\\/\\\/www.vdhurk.nl\\\/camperbussen\\\/\",\"name\":\"Camperbussen - Van den Hurk Bedrijfswagens\",\"isPartOf\":{\"@id\":\"https:\\\/\\\/www.vdhurk.nl\\\/#website\"},\"datePublished\":\"2022-08-16T09:58:23+00:00\",\"dateModified\":\"2023-04-26T08:49:28+00:00\",\"breadcrumb\":{\"@id\":\"https:\\\/\\\/www.vdhurk.nl\\\/camperbussen\\\/#breadcrumb\"},\"inLanguage\":\"ro-RO\",\"potentialAction\":[{\"@type\":\"ReadAction\",\"target\":[\"https:\\\/\\\/www.vdhurk.nl\\\/camperbussen\\\/\"]}]},{\"@type\":\"BreadcrumbList\",\"@id\":\"https:\\\/\\\/www.vdhurk.nl\\\/camperbussen\\\/#breadcrumb\",\"itemListElement\":[{\"@type\":\"ListItem\",\"position\":1,\"name\":\"Home\",\"item\":\"https:\\\/\\\/www.vdhurk.nl\\\/home\\\/\"},{\"@type\":\"ListItem\",\"position\":2,\"name\":\"Camperbussen\"}]},{\"@type\":\"WebSite\",\"@id\":\"https:\\\/\\\/www.vdhurk.nl\\\/#website\",\"url\":\"https:\\\/\\\/www.vdhurk.nl\\\/\",\"name\":\"Van den Hurk Bedrijfswagens\",\"description\":\"Van den Hurk bedrijfswagens Helmond\",\"potentialAction\":[{\"@type\":\"SearchAction\",\"target\":{\"@type\":\"EntryPoint\",\"urlTemplate\":\"https:\\\/\\\/www.vdhurk.nl\\\/?s={search_term_string}\"},\"query-input\":{\"@type\":\"PropertyValueSpecification\",\"valueRequired\":true,\"valueName\":\"search_term_string\"}}],\"inLanguage\":\"ro-RO\"}]}<\/script>\n<!-- \/ Yoast SEO plugin. -->","yoast_head_json":{"title":"Autobuze cu rulote - Van den Hurk Bedrijfswagens","robots":{"index":"index","follow":"follow","max-snippet":"max-snippet:-1","max-image-preview":"max-image-preview:large","max-video-preview":"max-video-preview:-1"},"canonical":"https:\/\/www.vdhurk.nl\/ro\/camionete-cu-rulote\/","og_locale":"ro_RO","og_type":"article","og_title":"Camperbussen - Van den Hurk Bedrijfswagens","og_url":"https:\/\/www.vdhurk.nl\/ro\/camionete-cu-rulote\/","og_site_name":"Van den Hurk Bedrijfswagens","article_modified_time":"2023-04-26T08:49:28+00:00","twitter_card":"summary_large_image","twitter_misc":{"Timp estimat pentru citire":"9 minute"},"schema":{"@context":"https:\/\/schema.org","@graph":[{"@type":"WebPage","@id":"https:\/\/www.vdhurk.nl\/camperbussen\/","url":"https:\/\/www.vdhurk.nl\/camperbussen\/","name":"Autobuze cu rulote - Van den Hurk Bedrijfswagens","isPartOf":{"@id":"https:\/\/www.vdhurk.nl\/#website"},"datePublished":"2022-08-16T09:58:23+00:00","dateModified":"2023-04-26T08:49:28+00:00","breadcrumb":{"@id":"https:\/\/www.vdhurk.nl\/camperbussen\/#breadcrumb"},"inLanguage":"ro-RO","potentialAction":[{"@type":"ReadAction","target":["https:\/\/www.vdhurk.nl\/camperbussen\/"]}]},{"@type":"BreadcrumbList","@id":"https:\/\/www.vdhurk.nl\/camperbussen\/#breadcrumb","itemListElement":[{"@type":"ListItem","position":1,"name":"Home","item":"https:\/\/www.vdhurk.nl\/home\/"},{"@type":"ListItem","position":2,"name":"Camperbussen"}]},{"@type":"WebSite","@id":"https:\/\/www.vdhurk.nl\/#website","url":"https:\/\/www.vdhurk.nl\/","name":"Vehicule comerciale Van den Hurk","description":"Vehicule comerciale Van den Hurk Helmond","potentialAction":[{"@type":"SearchAction","target":{"@type":"EntryPoint","urlTemplate":"https:\/\/www.vdhurk.nl\/?s={search_term_string}"},"query-input":{"@type":"PropertyValueSpecification","valueRequired":true,"valueName":"search_term_string"}}],"inLanguage":"ro-RO"}]}},"_links":{"self":[{"href":"https:\/\/www.vdhurk.nl\/ro\/wp-json\/wp\/v2\/pages\/50799","targetHints":{"allow":["GET"]}}],"collection":[{"href":"https:\/\/www.vdhurk.nl\/ro\/wp-json\/wp\/v2\/pages"}],"about":[{"href":"https:\/\/www.vdhurk.nl\/ro\/wp-json\/wp\/v2\/types\/page"}],"author":[{"embeddable":true,"href":"https:\/\/www.vdhurk.nl\/ro\/wp-json\/wp\/v2\/users\/2"}],"replies":[{"embeddable":true,"href":"https:\/\/www.vdhurk.nl\/ro\/wp-json\/wp\/v2\/comments?post=50799"}],"version-history":[{"count":21,"href":"https:\/\/www.vdhurk.nl\/ro\/wp-json\/wp\/v2\/pages\/50799\/revisions"}],"predecessor-version":[{"id":189944,"href":"https:\/\/www.vdhurk.nl\/ro\/wp-json\/wp\/v2\/pages\/50799\/revisions\/189944"}],"wp:attachment":[{"href":"https:\/\/www.vdhurk.nl\/ro\/wp-json\/wp\/v2\/media?parent=50799"}],"curies":[{"name":"wp","href":"https:\/\/api.w.org\/{rel}","templated":true}]}}