{"id":488093,"date":"2025-04-29T14:53:31","date_gmt":"2025-04-29T12:53:31","guid":{"rendered":"https:\/\/www.vdhurk.nl\/?page_id=488093"},"modified":"2025-04-29T14:53:31","modified_gmt":"2025-04-29T12:53:31","slug":"masina-2","status":"publish","type":"page","link":"https:\/\/www.vdhurk.nl\/ro\/toyota-bedrijfswagens\/proace\/automaat\/","title":{"rendered":"Transmisie automat\u0103 Toyta Proace"},"content":{"rendered":"<section  class='av_textblock_section av-lu8gnh7d-4ac895489941e586c1d7c8cb72318135'  itemscope=\"itemscope\" itemtype=\"https:\/\/schema.org\/CreativeWork\" ><div class='avia_textblock'  itemprop=\"text\" ><h1>Toyota Proace automat\u0103 pentru afacerea dumneavoastr\u0103<\/h1>\n<p>C\u0103uta\u021bi un vehicul comercial fiabil \u0219i versatil care s\u0103 v\u0103 fac\u0103 afacerea s\u0103 avanseze cu adev\u0103rat? Toyota Proace automat\u0103 a fost de ani de zile una dintre ma\u0219inile preferate ale proprietarilor de afaceri, \u0219i pe bun\u0103 dreptate. Fiabilitatea, confortul \u0219i flexibilitatea sa o fac ma\u0219ina de companie pentru orice provocare.<br \/>\nSunte\u021bi curios ce poate face Proace pentru afacerea dumneavoastr\u0103? Citi\u021bi mai departe rapid.<\/p>\n<\/div><\/section>\n\n<style type=\"text\/css\" data-created_by=\"avia_inline_auto\" id=\"style-css-av-lujjddpd-afa3d7a9eabd61123e643ed1228e781e\">\n#top .hr.hr-invisible.av-lujjddpd-afa3d7a9eabd61123e643ed1228e781e{\nheight:50px;\n}\n<\/style>\n<div  class='hr av-lujjddpd-afa3d7a9eabd61123e643ed1228e781e hr-invisible  avia-builder-el-1  el_after_av_textblock  el_before_av_codeblock'><span class='hr-inner'><span class=\"hr-inner-style\"><\/span><\/span><\/div>\n\n\n<style type=\"text\/css\" data-created_by=\"avia_inline_auto\" id=\"style-css-av-ah0xd-63338d9dc6b40410e22a712829c369d6\">\n#top .hr.hr-invisible.av-ah0xd-63338d9dc6b40410e22a712829c369d6{\nheight:50px;\n}\n<\/style>\n<div  class='hr av-ah0xd-63338d9dc6b40410e22a712829c369d6 hr-invisible  avia-builder-el-3  el_after_av_codeblock  el_before_av_textblock'><span class='hr-inner'><span class=\"hr-inner-style\"><\/span><\/span><\/div>\n<section  class='av_textblock_section av-lu8gow1e-300853e458ed741bd87d6cb78e55cc7a'  itemscope=\"itemscope\" itemtype=\"https:\/\/schema.org\/CreativeWork\" ><div class='avia_textblock'  itemprop=\"text\" ><h2>De ce s\u0103 alege\u021bi o ma\u0219in\u0103 de serviciu automat\u0103?<\/h2>\n<p>Un vehicul comercial cu transmisie automat\u0103 se potrive\u0219te perfect cerin\u021belor antreprenorului modern. Cel mai mare avantaj? Confortul. Nu mai trebuie s\u0103 schimba\u021bi viteza, ceea ce este o u\u0219urare, \u00een special \u00een traficul urban intens sau \u00een timpul ambuteiajelor. Mul\u021bi \u0219oferi consider\u0103 c\u0103 o cutie automat\u0103 este mai u\u0219or de utilizat \u0219i mai pl\u0103cut\u0103 \u00een utilizarea zilnic\u0103. \u00cen plus, cu o cutie de viteze automat\u0103 r\u0103m\u00e2ne\u021bi mai concentrat asupra drumului \u0219i nu trebuie s\u0103 v\u0103 face\u021bi griji cu privire la oprirea ma\u0219inii, un risc care este \u00eenc\u0103 frecvent \u00een cazul vehiculelor manuale. Pe scurt: mai mult confort, mai pu\u021bine complica\u021bii. O cutie automat\u0103 merit\u0103 luat\u0103 \u00een considerare.<\/p>\n<\/div><\/section>\n<div class='flex_column av-f64w1-da126f42b61613402309283c14245a25 av_one_half  avia-builder-el-5  el_after_av_textblock  el_before_av_one_third  first flex_column_div column-top-margin'   ><section  class='av_textblock_section av-lu8gpqre-73cc2c17e6a6497ba6e1b58af22bd9e8'  itemscope=\"itemscope\" itemtype=\"https:\/\/schema.org\/CreativeWork\" ><div class='avia_textblock'  itemprop=\"text\" ><h2>Caracteristici \u0219i versiuni<\/h2>\n<p>Toyota Proace automatic este un vehicul comercial practic \u0219i versatil care se adapteaz\u0103 f\u0103r\u0103 efort la o varietate de nevoi de afaceri. Cu o capacitate de \u00eenc\u0103rcare mare, un motor puternic \u0219i o gam\u0103 de lungimi \u0219i configura\u021bii, exist\u0103 \u00eentotdeauna o versiune care s\u0103 se potriveasc\u0103 zilei dumneavoastr\u0103 de lucru. Fie c\u0103 transporta\u021bi bunuri sau persoane, Proace ofer\u0103 spa\u021biu pentru p\u00e2n\u0103 la nou\u0103 locuri \u0219i combin\u0103 func\u021bionalitatea cu confortul. Datorit\u0103 designului s\u0103u atent, acesta poate fi utilizat at\u00e2t pentru c\u0103l\u0103torii \u00een ora\u0219, c\u00e2t \u0219i pentru distan\u021be lungi \u0219i r\u0103m\u00e2ne fiabil \u00een orice condi\u021bii.<\/p>\n<\/div><\/section><\/div><div class='flex_column av-aldk9-ee694297f5c4032981677a02caab84d6 av_one_third  avia-builder-el-7  el_after_av_one_half  el_before_av_hr  flex_column_div column-top-margin'   ><style type=\"text\/css\" data-created_by=\"avia_inline_auto\" id=\"style-css-av-l1w9kpsf-4ec3fab772ec7a9adaa33cfc64ff0475\">\n.avia-image-container.av-l1w9kpsf-4ec3fab772ec7a9adaa33cfc64ff0475 .av-image-caption-overlay-center{\ncolor:#ffffff;\n}\n<\/style>\n<div  class='avia-image-container av-l1w9kpsf-4ec3fab772ec7a9adaa33cfc64ff0475 av-styling- avia-align-center  avia-builder-el-8  avia-builder-el-no-sibling'  itemprop=\"image\" itemscope=\"itemscope\" itemtype=\"https:\/\/schema.org\/ImageObject\" ><div class=\"avia-image-container-inner\"><div class=\"avia-image-overlay-wrap\"><img decoding=\"async\" class='wp-image-187 avia-img-lazy-loading-not-187 avia_image' src=\"https:\/\/www.vdhurk.nl\/wp-content\/uploads\/2022\/03\/Voorrad.png\" alt='' title='Stoc'  height=\"758\" width=\"1135\"  itemprop=\"thumbnailUrl\" srcset=\"https:\/\/www.vdhurk.nl\/wp-content\/uploads\/2022\/03\/Voorrad.png 1135w, https:\/\/www.vdhurk.nl\/wp-content\/uploads\/2022\/03\/Voorrad-300x200.png 300w, https:\/\/www.vdhurk.nl\/wp-content\/uploads\/2022\/03\/Voorrad-1030x688.png 1030w, https:\/\/www.vdhurk.nl\/wp-content\/uploads\/2022\/03\/Voorrad-768x513.png 768w, https:\/\/www.vdhurk.nl\/wp-content\/uploads\/2022\/03\/Voorrad-18x12.png 18w, https:\/\/www.vdhurk.nl\/wp-content\/uploads\/2022\/03\/Voorrad-705x471.png 705w\" sizes=\"(max-width: 1135px) 100vw, 1135px\" \/><\/div><\/div><\/div><\/div><\/p>\n\n<style type=\"text\/css\" data-created_by=\"avia_inline_auto\" id=\"style-css-av-luqrjpjc-5a23a1fb5f94718ca85316a9df963e2f\">\n#top .hr.hr-invisible.av-luqrjpjc-5a23a1fb5f94718ca85316a9df963e2f{\nheight:50px;\n}\n<\/style>\n<div  class='hr av-luqrjpjc-5a23a1fb5f94718ca85316a9df963e2f hr-invisible  avia-builder-el-9  el_after_av_one_third  el_before_av_textblock'><span class='hr-inner'><span class=\"hr-inner-style\"><\/span><\/span><\/div>\n<section  class='av_textblock_section av-lu8gtjw7-4f3cee9304909518d86d2860d9d582dd'  itemscope=\"itemscope\" itemtype=\"https:\/\/schema.org\/CreativeWork\" ><div class='avia_textblock'  itemprop=\"text\" ><h2>C\u00e2t cost\u0103 o Toyota Proace automat\u0103?<\/h2>\n<p>Pre\u021bul unei Toyota Proace cu transmisie automat\u0103 depinde de echiparea \u0219i op\u021biunile pe care le alege\u021bi. Fie c\u0103 opta\u021bi pentru un model entry-level practic sau pentru o variant\u0103 echipat\u0103 extensiv, cu un plus de confort \u0219i func\u021bionalitate, exist\u0103 \u00eentotdeauna un Proace automat care se potrive\u0219te nevoilor \u0219i bugetului dumneavoastr\u0103. Datorit\u0103 gamei largi de op\u021biuni oferite, nu ve\u021bi avea probleme \u00een a g\u0103si un model care s\u0103 se potriveasc\u0103 nevoilor companiei dvs.<\/p>\n<h2>Cump\u0103rare sau leasing: care este cea mai bun\u0103 op\u021biune pentru dumneavoastr\u0103?<\/h2>\n<p>Pe l\u00e2ng\u0103 op\u021biunea de a cump\u0103ra un vehicul comercial direct, leasingul unui Toyota Proace este, de asemenea, una dintre op\u021biuni. Cu leasingul financiar, deveni\u021bi treptat proprietarul vehiculului comercial. Pl\u0103ti\u021bi o sum\u0103 fix\u0103 pe lun\u0103. La sf\u00e2r\u0219itul contractului de leasing, deveni\u021bi proprietarul deplin al vehiculului.<\/p>\n<h2>Descoper\u0103 gama \u0219i g\u0103se\u0219te-\u021bi ma\u0219ina de companie perfect\u0103<\/h2>\n<p>Dori\u021bi s\u0103 cump\u0103ra\u021bi o Toyota Proace automat\u0103 care se potrive\u0219te perfect nevoilor dvs. de afaceri? Sau dori\u021bi mai multe informa\u021bii pentru a face alegerea corect\u0103? Vom fi bucuro\u0219i s\u0103 v\u0103 ajut\u0103m s\u0103 porni\u021bi la drum cu vehiculul ideal. Vizualiza\u021bi oferta noastr\u0103 curent\u0103 sau contacta\u021bi-ne.<\/p>\n<\/div><\/section>\n<div class='flex_column av-81no9hv-44a80e93f621b2a9d4a87d97cff509c3 av_one_full  avia-builder-el-11  el_after_av_textblock  avia-builder-el-last  first flex_column_div column-top-margin'   ><\/div>","protected":false},"excerpt":{"rendered":"","protected":false},"author":3,"featured_media":0,"parent":422133,"menu_order":0,"comment_status":"closed","ping_status":"closed","template":"","meta":{"_acf_changed":false,"_improvement_type_select":"improve_an_existing","_thumb_yes_seoaic":false,"_frame_yes_seoaic":false,"seoaic_generate_description":"","seoaic_improve_instructions_prompt":"","seoaic_rollback_content_improvement":"","seoaic_idea_thumbnail_generator":"","thumbnail_generated":false,"thumbnail_generate_prompt":"","seoaic_article_description":"","footnotes":""},"class_list":["post-488093","page","type-page","status-publish","hentry"],"acf":[],"yoast_head":"<!-- This site is optimized with the Yoast SEO plugin v27.5 - https:\/\/yoast.com\/product\/yoast-seo-wordpress\/ -->\n<title>Vind jouw ideale Toyota Proace automaat<\/title>\n<meta name=\"description\" content=\"Op zoek naar een Toyota Proace automaat? Bekijk het ruime aanbod bij Van den Hurk \u2013 jouw betrouwbare partner in bedrijfswagens!\" \/>\n<meta name=\"robots\" content=\"index, follow, max-snippet:-1, max-image-preview:large, max-video-preview:-1\" \/>\n<link rel=\"canonical\" href=\"https:\/\/www.vdhurk.nl\/ro\/vehicule-comerciale-toyota\/proace\/masina-2\/\" \/>\n<meta property=\"og:locale\" content=\"ro_RO\" \/>\n<meta property=\"og:type\" content=\"article\" \/>\n<meta property=\"og:title\" content=\"Vind jouw ideale Toyota Proace automaat\" \/>\n<meta property=\"og:description\" content=\"Op zoek naar een Toyota Proace automaat? Bekijk het ruime aanbod bij Van den Hurk \u2013 jouw betrouwbare partner in bedrijfswagens!\" \/>\n<meta property=\"og:url\" content=\"https:\/\/www.vdhurk.nl\/ro\/vehicule-comerciale-toyota\/proace\/masina-2\/\" \/>\n<meta property=\"og:site_name\" content=\"Van den Hurk Bedrijfswagens\" \/>\n<meta name=\"twitter:card\" content=\"summary_large_image\" \/>\n<meta name=\"twitter:label1\" content=\"Timp estimat pentru citire\" \/>\n\t<meta name=\"twitter:data1\" content=\"4 minute\" \/>\n<script type=\"application\/ld+json\" class=\"yoast-schema-graph\">{\"@context\":\"https:\\\/\\\/schema.org\",\"@graph\":[{\"@type\":\"WebPage\",\"@id\":\"https:\\\/\\\/www.vdhurk.nl\\\/toyota-bedrijfswagens\\\/proace\\\/automaat\\\/\",\"url\":\"https:\\\/\\\/www.vdhurk.nl\\\/toyota-bedrijfswagens\\\/proace\\\/automaat\\\/\",\"name\":\"Vind jouw ideale Toyota Proace automaat\",\"isPartOf\":{\"@id\":\"https:\\\/\\\/www.vdhurk.nl\\\/#website\"},\"datePublished\":\"2025-04-29T12:53:31+00:00\",\"description\":\"Op zoek naar een Toyota Proace automaat? Bekijk het ruime aanbod bij Van den Hurk \u2013 jouw betrouwbare partner in bedrijfswagens!\",\"breadcrumb\":{\"@id\":\"https:\\\/\\\/www.vdhurk.nl\\\/toyota-bedrijfswagens\\\/proace\\\/automaat\\\/#breadcrumb\"},\"inLanguage\":\"ro-RO\",\"potentialAction\":[{\"@type\":\"ReadAction\",\"target\":[\"https:\\\/\\\/www.vdhurk.nl\\\/toyota-bedrijfswagens\\\/proace\\\/automaat\\\/\"]}]},{\"@type\":\"BreadcrumbList\",\"@id\":\"https:\\\/\\\/www.vdhurk.nl\\\/toyota-bedrijfswagens\\\/proace\\\/automaat\\\/#breadcrumb\",\"itemListElement\":[{\"@type\":\"ListItem\",\"position\":1,\"name\":\"Home\",\"item\":\"https:\\\/\\\/www.vdhurk.nl\\\/home\\\/\"},{\"@type\":\"ListItem\",\"position\":2,\"name\":\"Toyota Bedrijfswagens\",\"item\":\"https:\\\/\\\/www.vdhurk.nl\\\/toyota-bedrijfswagens\\\/\"},{\"@type\":\"ListItem\",\"position\":3,\"name\":\"Toyota Proace\",\"item\":\"https:\\\/\\\/www.vdhurk.nl\\\/toyota-bedrijfswagens\\\/proace\\\/\"},{\"@type\":\"ListItem\",\"position\":4,\"name\":\"Toyta Proace automaat\"}]},{\"@type\":\"WebSite\",\"@id\":\"https:\\\/\\\/www.vdhurk.nl\\\/#website\",\"url\":\"https:\\\/\\\/www.vdhurk.nl\\\/\",\"name\":\"Van den Hurk Bedrijfswagens\",\"description\":\"Van den Hurk bedrijfswagens Helmond\",\"potentialAction\":[{\"@type\":\"SearchAction\",\"target\":{\"@type\":\"EntryPoint\",\"urlTemplate\":\"https:\\\/\\\/www.vdhurk.nl\\\/?s={search_term_string}\"},\"query-input\":{\"@type\":\"PropertyValueSpecification\",\"valueRequired\":true,\"valueName\":\"search_term_string\"}}],\"inLanguage\":\"ro-RO\"}]}<\/script>\n<!-- \/ Yoast SEO plugin. -->","yoast_head_json":{"title":"G\u0103si\u021bi Toyota Proace automat\u0103 ideal\u0103","description":"C\u0103uta\u021bi o transmisie automat\u0103 Toyota Proace? Consulta\u021bi gama larg\u0103 de la Van den Hurk - partenerul dumneavoastr\u0103 de \u00eencredere \u00een domeniul vehiculelor comerciale!","robots":{"index":"index","follow":"follow","max-snippet":"max-snippet:-1","max-image-preview":"max-image-preview:large","max-video-preview":"max-video-preview:-1"},"canonical":"https:\/\/www.vdhurk.nl\/ro\/vehicule-comerciale-toyota\/proace\/masina-2\/","og_locale":"ro_RO","og_type":"article","og_title":"Vind jouw ideale Toyota Proace automaat","og_description":"Op zoek naar een Toyota Proace automaat? Bekijk het ruime aanbod bij Van den Hurk \u2013 jouw betrouwbare partner in bedrijfswagens!","og_url":"https:\/\/www.vdhurk.nl\/ro\/vehicule-comerciale-toyota\/proace\/masina-2\/","og_site_name":"Van den Hurk Bedrijfswagens","twitter_card":"summary_large_image","twitter_misc":{"Timp estimat pentru citire":"4 minute"},"schema":{"@context":"https:\/\/schema.org","@graph":[{"@type":"WebPage","@id":"https:\/\/www.vdhurk.nl\/toyota-bedrijfswagens\/proace\/automaat\/","url":"https:\/\/www.vdhurk.nl\/toyota-bedrijfswagens\/proace\/automaat\/","name":"G\u0103si\u021bi Toyota Proace automat\u0103 ideal\u0103","isPartOf":{"@id":"https:\/\/www.vdhurk.nl\/#website"},"datePublished":"2025-04-29T12:53:31+00:00","description":"C\u0103uta\u021bi o transmisie automat\u0103 Toyota Proace? Consulta\u021bi gama larg\u0103 de la Van den Hurk - partenerul dumneavoastr\u0103 de \u00eencredere \u00een domeniul vehiculelor comerciale!","breadcrumb":{"@id":"https:\/\/www.vdhurk.nl\/toyota-bedrijfswagens\/proace\/automaat\/#breadcrumb"},"inLanguage":"ro-RO","potentialAction":[{"@type":"ReadAction","target":["https:\/\/www.vdhurk.nl\/toyota-bedrijfswagens\/proace\/automaat\/"]}]},{"@type":"BreadcrumbList","@id":"https:\/\/www.vdhurk.nl\/toyota-bedrijfswagens\/proace\/automaat\/#breadcrumb","itemListElement":[{"@type":"ListItem","position":1,"name":"Home","item":"https:\/\/www.vdhurk.nl\/home\/"},{"@type":"ListItem","position":2,"name":"Toyota Bedrijfswagens","item":"https:\/\/www.vdhurk.nl\/toyota-bedrijfswagens\/"},{"@type":"ListItem","position":3,"name":"Toyota Proace","item":"https:\/\/www.vdhurk.nl\/toyota-bedrijfswagens\/proace\/"},{"@type":"ListItem","position":4,"name":"Toyta Proace automaat"}]},{"@type":"WebSite","@id":"https:\/\/www.vdhurk.nl\/#website","url":"https:\/\/www.vdhurk.nl\/","name":"Vehicule comerciale Van den Hurk","description":"Vehicule comerciale Van den Hurk Helmond","potentialAction":[{"@type":"SearchAction","target":{"@type":"EntryPoint","urlTemplate":"https:\/\/www.vdhurk.nl\/?s={search_term_string}"},"query-input":{"@type":"PropertyValueSpecification","valueRequired":true,"valueName":"search_term_string"}}],"inLanguage":"ro-RO"}]}},"_links":{"self":[{"href":"https:\/\/www.vdhurk.nl\/ro\/wp-json\/wp\/v2\/pages\/488093","targetHints":{"allow":["GET"]}}],"collection":[{"href":"https:\/\/www.vdhurk.nl\/ro\/wp-json\/wp\/v2\/pages"}],"about":[{"href":"https:\/\/www.vdhurk.nl\/ro\/wp-json\/wp\/v2\/types\/page"}],"author":[{"embeddable":true,"href":"https:\/\/www.vdhurk.nl\/ro\/wp-json\/wp\/v2\/users\/3"}],"replies":[{"embeddable":true,"href":"https:\/\/www.vdhurk.nl\/ro\/wp-json\/wp\/v2\/comments?post=488093"}],"version-history":[{"count":2,"href":"https:\/\/www.vdhurk.nl\/ro\/wp-json\/wp\/v2\/pages\/488093\/revisions"}],"predecessor-version":[{"id":488095,"href":"https:\/\/www.vdhurk.nl\/ro\/wp-json\/wp\/v2\/pages\/488093\/revisions\/488095"}],"up":[{"embeddable":true,"href":"https:\/\/www.vdhurk.nl\/ro\/wp-json\/wp\/v2\/pages\/422133"}],"wp:attachment":[{"href":"https:\/\/www.vdhurk.nl\/ro\/wp-json\/wp\/v2\/media?parent=488093"}],"curies":[{"name":"wp","href":"https:\/\/api.w.org\/{rel}","templated":true}]}}