{"id":488083,"date":"2025-04-29T14:15:57","date_gmt":"2025-04-29T12:15:57","guid":{"rendered":"https:\/\/www.vdhurk.nl\/?page_id=488083"},"modified":"2025-04-29T14:15:57","modified_gmt":"2025-04-29T12:15:57","slug":"masina-2","status":"publish","type":"page","link":"https:\/\/www.vdhurk.nl\/ro\/fiat-bedrijfswagens\/scudo\/automaat\/","title":{"rendered":"Fiat Scudo automat"},"content":{"rendered":"<section  class='av_textblock_section av-lu8gnh7d-4ac895489941e586c1d7c8cb72318135'  itemscope=\"itemscope\" itemtype=\"https:\/\/schema.org\/CreativeWork\" ><div class='avia_textblock'  itemprop=\"text\" ><h1>G\u0103si\u021bi transmisia automat\u0103 perfect\u0103 pentru Fiat Scudo<\/h1>\n<p>Nu mai dori\u021bi s\u0103 schimba\u021bi viteza \u0219i sunte\u021bi \u00een c\u0103utarea unui vehicul comercial cu transmisie automat\u0103? Atunci Fiat Scudo automat este exact ceea ce v\u0103 trebuie. Special conceput pentru utilizatorii de afaceri, acest vehicul comercial este favoritul antreprenorilor. Descoperi\u021bi specifica\u021biile \u0219i versiunile \u0219i decide\u021bi dac\u0103 Fiat Scudo automatic se potrive\u0219te afacerii dumneavoastr\u0103.<\/p>\n<\/div><\/section>\n\n<style type=\"text\/css\" data-created_by=\"avia_inline_auto\" id=\"style-css-av-lujjddpd-afa3d7a9eabd61123e643ed1228e781e\">\n#top .hr.hr-invisible.av-lujjddpd-afa3d7a9eabd61123e643ed1228e781e{\nheight:50px;\n}\n<\/style>\n<div  class='hr av-lujjddpd-afa3d7a9eabd61123e643ed1228e781e hr-invisible  avia-builder-el-1  el_after_av_textblock  el_before_av_codeblock'><span class='hr-inner'><span class=\"hr-inner-style\"><\/span><\/span><\/div>\n\n\n<style type=\"text\/css\" data-created_by=\"avia_inline_auto\" id=\"style-css-av-ah0xd-63338d9dc6b40410e22a712829c369d6\">\n#top .hr.hr-invisible.av-ah0xd-63338d9dc6b40410e22a712829c369d6{\nheight:50px;\n}\n<\/style>\n<div  class='hr av-ah0xd-63338d9dc6b40410e22a712829c369d6 hr-invisible  avia-builder-el-3  el_after_av_codeblock  el_before_av_textblock'><span class='hr-inner'><span class=\"hr-inner-style\"><\/span><\/span><\/div>\n<section  class='av_textblock_section av-lu8gow1e-300853e458ed741bd87d6cb78e55cc7a'  itemscope=\"itemscope\" itemtype=\"https:\/\/schema.org\/CreativeWork\" ><div class='avia_textblock'  itemprop=\"text\" ><h2>Avantajele unui sistem automat<\/h2>\n<p>\u00centotdeauna schimb\u0103ri de viteze line \u0219i condus f\u0103r\u0103 griji? Fiat Scudo automat v\u0103 u\u0219ureaz\u0103 munca, astfel \u00eenc\u00e2t s\u0103 v\u0103 pute\u021bi concentra complet asupra drumului. Nu mai trebuie s\u0103 v\u0103 chinui\u021bi s\u0103 str\u00e2nge\u021bi ambreiajul \u00een traficul aglomerat sau s\u0103 schimba\u021bi vitezele \u00een timpul c\u0103l\u0103toriilor lungi, acest autovehicul comercial asigur\u0103 un confort de conducere suprem. Indiferent dac\u0103 conduce\u021bi pe distan\u021be lungi sau transporta\u021bi frecvent \u00eenc\u0103rc\u0103turi grele, Scudo automatic se va adapta f\u0103r\u0103 efort la ritmul dumneavoastr\u0103. Urca\u021bi, experimenta\u021bi diferen\u021ba \u0219i descoperi\u021bi beneficiile unei ma\u0219ini automate.<\/p>\n<\/div><\/section>\n<div class='flex_column av-f64w1-da126f42b61613402309283c14245a25 av_one_half  avia-builder-el-5  el_after_av_textblock  el_before_av_one_third  first flex_column_div column-top-margin'   ><section  class='av_textblock_section av-lu8gpqre-73cc2c17e6a6497ba6e1b58af22bd9e8'  itemscope=\"itemscope\" itemtype=\"https:\/\/schema.org\/CreativeWork\" ><div class='avia_textblock'  itemprop=\"text\" ><h2>De ce Fiat Scudo este o alegere inteligent\u0103?<\/h2>\n<p>Fiat Scudo este un vehicul comercial care exceleaz\u0103 \u00een versatilitate \u0219i eficien\u021b\u0103. Spa\u021biul s\u0103u de \u00eenc\u0103rcare spa\u021bios \u0219i inteligent amenajat \u00eel face perfect at\u00e2t pentru transportul de m\u0103rfuri, c\u00e2t \u0219i de pasageri. \u00cen plus, Scudo ofer\u0103 motoare eficiente din punct de vedere al consumului de combustibil \u0219i costuri reduse de \u00eentre\u021binere, ceea ce \u00eel face o op\u021biune economic\u0103 pentru companiile care doresc s\u0103 \u00ee\u0219i \u021bin\u0103 cheltuielile sub control. De la logistic\u0103 \u0219i construc\u021bii la companii din domeniul s\u0103n\u0103t\u0103\u021bii \u0219i al serviciilor, Scudo este un partener de \u00eencredere \u00een orice sector. Cu designul s\u0103u practic \u0219i performan\u021bele care \u021bin cont de costuri, acest vehicul comercial este o investi\u021bie inteligent\u0103 pentru orice antreprenor.<\/p>\n<\/div><\/section><\/div><div class='flex_column av-aldk9-ee694297f5c4032981677a02caab84d6 av_one_third  avia-builder-el-7  el_after_av_one_half  el_before_av_hr  flex_column_div column-top-margin'   ><style type=\"text\/css\" data-created_by=\"avia_inline_auto\" id=\"style-css-av-l1w9kpsf-4ec3fab772ec7a9adaa33cfc64ff0475\">\n.avia-image-container.av-l1w9kpsf-4ec3fab772ec7a9adaa33cfc64ff0475 .av-image-caption-overlay-center{\ncolor:#ffffff;\n}\n<\/style>\n<div  class='avia-image-container av-l1w9kpsf-4ec3fab772ec7a9adaa33cfc64ff0475 av-styling- avia-align-center  avia-builder-el-8  avia-builder-el-no-sibling'  itemprop=\"image\" itemscope=\"itemscope\" itemtype=\"https:\/\/schema.org\/ImageObject\" ><div class=\"avia-image-container-inner\"><div class=\"avia-image-overlay-wrap\"><img decoding=\"async\" class='wp-image-187 avia-img-lazy-loading-not-187 avia_image' src=\"https:\/\/www.vdhurk.nl\/wp-content\/uploads\/2022\/03\/Voorrad.png\" alt='' title='Stoc'  height=\"758\" width=\"1135\"  itemprop=\"thumbnailUrl\" srcset=\"https:\/\/www.vdhurk.nl\/wp-content\/uploads\/2022\/03\/Voorrad.png 1135w, https:\/\/www.vdhurk.nl\/wp-content\/uploads\/2022\/03\/Voorrad-300x200.png 300w, https:\/\/www.vdhurk.nl\/wp-content\/uploads\/2022\/03\/Voorrad-1030x688.png 1030w, https:\/\/www.vdhurk.nl\/wp-content\/uploads\/2022\/03\/Voorrad-768x513.png 768w, https:\/\/www.vdhurk.nl\/wp-content\/uploads\/2022\/03\/Voorrad-18x12.png 18w, https:\/\/www.vdhurk.nl\/wp-content\/uploads\/2022\/03\/Voorrad-705x471.png 705w\" sizes=\"(max-width: 1135px) 100vw, 1135px\" \/><\/div><\/div><\/div><\/div><\/p>\n\n<style type=\"text\/css\" data-created_by=\"avia_inline_auto\" id=\"style-css-av-luqrjpjc-5a23a1fb5f94718ca85316a9df963e2f\">\n#top .hr.hr-invisible.av-luqrjpjc-5a23a1fb5f94718ca85316a9df963e2f{\nheight:50px;\n}\n<\/style>\n<div  class='hr av-luqrjpjc-5a23a1fb5f94718ca85316a9df963e2f hr-invisible  avia-builder-el-9  el_after_av_one_third  el_before_av_textblock'><span class='hr-inner'><span class=\"hr-inner-style\"><\/span><\/span><\/div>\n<section  class='av_textblock_section av-lu8gtjw7-4f3cee9304909518d86d2860d9d582dd'  itemscope=\"itemscope\" itemtype=\"https:\/\/schema.org\/CreativeWork\" ><div class='avia_textblock'  itemprop=\"text\" ><h2>C\u00e2t cost\u0103 un Fiat Scudo automat?<\/h2>\n<p>Pre\u021bul unui Fiat Scudo automat depinde de mai mul\u021bi factori, cum ar fi versiunea, anul de fabrica\u021bie \u0219i kilometrajul. Gama noastr\u0103 se schimb\u0103 \u00een mod regulat, astfel \u00eenc\u00e2t pre\u021burile variaz\u0103. C\u0103uta\u021bi un model specific \u00een limita bugetului dumneavoastr\u0103? Atunci fi\u021bi cu ochii pe oferta noastr\u0103 curent\u0103 sau contacta\u021bi-ne pentru consiliere personal\u0103. Vom fi bucuro\u0219i s\u0103 v\u0103 ajut\u0103m s\u0103 g\u0103si\u021bi ma\u0219ina de companie perfect\u0103 pentru nevoile \u0219i bugetul dumneavoastr\u0103.<\/p>\n<h2>Leasing sau cump\u0103rarea unui Fiat Scudo: ce vi se potrive\u0219te?<\/h2>\n<p>Ave\u021bi \u00eendoieli \u00eentre a cump\u0103ra sau a \u00eenchiria un Fiat Scudo automat? La Van den Hurk, oferim ambele op\u021biuni, astfel \u00eenc\u00e2t s\u0103 pute\u021bi face o alegere care s\u0103 se potriveasc\u0103 situa\u021biei dumneavoastr\u0103. Cump\u0103rarea este ideal\u0103 dac\u0103 dori\u021bi s\u0103 fi\u021bi imediat proprietar \u0219i nu dori\u021bi s\u0103 fi\u021bi legat de angajamente lunare. <a href=\"https:\/\/www.vdhurk.nl\/ro\/leasing-financiar\/\">Leasing<\/a> v\u0103 permite s\u0103 conduce\u021bi ma\u0219ina de serviciu f\u0103r\u0103 o investi\u021bie ini\u021bial\u0103 mare. Dumneavoastr\u0103 decide\u021bi termenul \u0219i pl\u0103ti\u021bi o sum\u0103 lunar\u0103 fix\u0103, astfel \u00eenc\u00e2t s\u0103 \u0219ti\u021bi exact care este situa\u021bia dumneavoastr\u0103. Care op\u021biune se potrive\u0219te cel mai bine companiei dumneavoastr\u0103? Vom fi bucuro\u0219i s\u0103 v\u0103 ajut\u0103m s\u0103 face\u021bi alegerea corect\u0103.<\/p>\n<h2>G\u0103si\u021bi transmisia automat\u0103 Fiat Scudo ideal\u0103<\/h2>\n<p>Un Fiat Scudo automat: la Van den Hurk ve\u021bi g\u0103si vehiculul comercial ideal care se potrive\u0219te perfect nevoilor dvs. de afaceri. Suntem preg\u0103ti\u021bi s\u0103 v\u0103 ajut\u0103m. Contacta\u021bi-ne pentru consiliere personal\u0103 sau pentru a discuta despre oferta noastr\u0103 actual\u0103. Achizi\u021bionarea sau \u00eenchirierea unui Fiat Scudo automatic nu a fost niciodat\u0103 mai u\u0219oar\u0103.<\/p>\n<\/div><\/section>\n<div class='flex_column av-av_one_full-a93934ecd89fbb8a9566d39e89cd3725 av_one_full  avia-builder-el-11  el_after_av_textblock  avia-builder-el-last  first flex_column_div column-top-margin'   ><\/div>","protected":false},"excerpt":{"rendered":"","protected":false},"author":3,"featured_media":0,"parent":402263,"menu_order":0,"comment_status":"closed","ping_status":"closed","template":"","meta":{"_acf_changed":false,"_improvement_type_select":"improve_an_existing","_thumb_yes_seoaic":false,"_frame_yes_seoaic":false,"seoaic_generate_description":"","seoaic_improve_instructions_prompt":"","seoaic_rollback_content_improvement":"","seoaic_idea_thumbnail_generator":"","thumbnail_generated":false,"thumbnail_generate_prompt":"","seoaic_article_description":"","footnotes":""},"class_list":["post-488083","page","type-page","status-publish","hentry"],"acf":[],"yoast_head":"<!-- This site is optimized with the Yoast SEO plugin v27.5 - https:\/\/yoast.com\/product\/yoast-seo-wordpress\/ -->\n<title>Kies je voor een betrouwbare Fiat Scudo automaat?<\/title>\n<meta name=\"description\" content=\"Ben je op zoek naar een Fiat Scudo automaat? Bekijk het actuele aanbod bij Van den Hurk en vind de bedrijfswagen die perfect bij jou past.\" \/>\n<meta name=\"robots\" content=\"index, follow, max-snippet:-1, max-image-preview:large, max-video-preview:-1\" \/>\n<link rel=\"canonical\" href=\"https:\/\/www.vdhurk.nl\/ro\/vehicule-comerciale-fiat\/mercedes-5\/masina-2\/\" \/>\n<meta property=\"og:locale\" content=\"ro_RO\" \/>\n<meta property=\"og:type\" content=\"article\" \/>\n<meta property=\"og:title\" content=\"Kies je voor een betrouwbare Fiat Scudo automaat?\" \/>\n<meta property=\"og:description\" content=\"Ben je op zoek naar een Fiat Scudo automaat? Bekijk het actuele aanbod bij Van den Hurk en vind de bedrijfswagen die perfect bij jou past.\" \/>\n<meta property=\"og:url\" content=\"https:\/\/www.vdhurk.nl\/ro\/vehicule-comerciale-fiat\/mercedes-5\/masina-2\/\" \/>\n<meta property=\"og:site_name\" content=\"Van den Hurk Bedrijfswagens\" \/>\n<meta name=\"twitter:card\" content=\"summary_large_image\" \/>\n<meta name=\"twitter:label1\" content=\"Timp estimat pentru citire\" \/>\n\t<meta name=\"twitter:data1\" content=\"5 minute\" \/>\n<script type=\"application\/ld+json\" class=\"yoast-schema-graph\">{\"@context\":\"https:\\\/\\\/schema.org\",\"@graph\":[{\"@type\":\"WebPage\",\"@id\":\"https:\\\/\\\/www.vdhurk.nl\\\/fiat-bedrijfswagens\\\/scudo\\\/automaat\\\/\",\"url\":\"https:\\\/\\\/www.vdhurk.nl\\\/fiat-bedrijfswagens\\\/scudo\\\/automaat\\\/\",\"name\":\"Kies je voor een betrouwbare Fiat Scudo automaat?\",\"isPartOf\":{\"@id\":\"https:\\\/\\\/www.vdhurk.nl\\\/#website\"},\"datePublished\":\"2025-04-29T12:15:57+00:00\",\"description\":\"Ben je op zoek naar een Fiat Scudo automaat? Bekijk het actuele aanbod bij Van den Hurk en vind de bedrijfswagen die perfect bij jou past.\",\"breadcrumb\":{\"@id\":\"https:\\\/\\\/www.vdhurk.nl\\\/fiat-bedrijfswagens\\\/scudo\\\/automaat\\\/#breadcrumb\"},\"inLanguage\":\"ro-RO\",\"potentialAction\":[{\"@type\":\"ReadAction\",\"target\":[\"https:\\\/\\\/www.vdhurk.nl\\\/fiat-bedrijfswagens\\\/scudo\\\/automaat\\\/\"]}]},{\"@type\":\"BreadcrumbList\",\"@id\":\"https:\\\/\\\/www.vdhurk.nl\\\/fiat-bedrijfswagens\\\/scudo\\\/automaat\\\/#breadcrumb\",\"itemListElement\":[{\"@type\":\"ListItem\",\"position\":1,\"name\":\"Home\",\"item\":\"https:\\\/\\\/www.vdhurk.nl\\\/home\\\/\"},{\"@type\":\"ListItem\",\"position\":2,\"name\":\"Fiat Bedrijfswagens\",\"item\":\"https:\\\/\\\/www.vdhurk.nl\\\/fiat-bedrijfswagens\\\/\"},{\"@type\":\"ListItem\",\"position\":3,\"name\":\"Fiat Scudo\",\"item\":\"https:\\\/\\\/www.vdhurk.nl\\\/fiat-bedrijfswagens\\\/scudo\\\/\"},{\"@type\":\"ListItem\",\"position\":4,\"name\":\"Fiat Scudo automaat\"}]},{\"@type\":\"WebSite\",\"@id\":\"https:\\\/\\\/www.vdhurk.nl\\\/#website\",\"url\":\"https:\\\/\\\/www.vdhurk.nl\\\/\",\"name\":\"Van den Hurk Bedrijfswagens\",\"description\":\"Van den Hurk bedrijfswagens Helmond\",\"potentialAction\":[{\"@type\":\"SearchAction\",\"target\":{\"@type\":\"EntryPoint\",\"urlTemplate\":\"https:\\\/\\\/www.vdhurk.nl\\\/?s={search_term_string}\"},\"query-input\":{\"@type\":\"PropertyValueSpecification\",\"valueRequired\":true,\"valueName\":\"search_term_string\"}}],\"inLanguage\":\"ro-RO\"}]}<\/script>\n<!-- \/ Yoast SEO plugin. -->","yoast_head_json":{"title":"Ve\u021bi alege un Fiat Scudo automat de \u00eencredere?","description":"Sunte\u021bi \u00een c\u0103utarea unui Fiat Scudo automat? Consulta\u021bi gama actual\u0103 la Van den Hurk \u0219i g\u0103si\u021bi vehiculul comercial care vi se potrive\u0219te perfect.","robots":{"index":"index","follow":"follow","max-snippet":"max-snippet:-1","max-image-preview":"max-image-preview:large","max-video-preview":"max-video-preview:-1"},"canonical":"https:\/\/www.vdhurk.nl\/ro\/vehicule-comerciale-fiat\/mercedes-5\/masina-2\/","og_locale":"ro_RO","og_type":"article","og_title":"Kies je voor een betrouwbare Fiat Scudo automaat?","og_description":"Ben je op zoek naar een Fiat Scudo automaat? Bekijk het actuele aanbod bij Van den Hurk en vind de bedrijfswagen die perfect bij jou past.","og_url":"https:\/\/www.vdhurk.nl\/ro\/vehicule-comerciale-fiat\/mercedes-5\/masina-2\/","og_site_name":"Van den Hurk Bedrijfswagens","twitter_card":"summary_large_image","twitter_misc":{"Timp estimat pentru citire":"5 minute"},"schema":{"@context":"https:\/\/schema.org","@graph":[{"@type":"WebPage","@id":"https:\/\/www.vdhurk.nl\/fiat-bedrijfswagens\/scudo\/automaat\/","url":"https:\/\/www.vdhurk.nl\/fiat-bedrijfswagens\/scudo\/automaat\/","name":"Ve\u021bi alege un Fiat Scudo automat de \u00eencredere?","isPartOf":{"@id":"https:\/\/www.vdhurk.nl\/#website"},"datePublished":"2025-04-29T12:15:57+00:00","description":"Sunte\u021bi \u00een c\u0103utarea unui Fiat Scudo automat? Consulta\u021bi gama actual\u0103 la Van den Hurk \u0219i g\u0103si\u021bi vehiculul comercial care vi se potrive\u0219te perfect.","breadcrumb":{"@id":"https:\/\/www.vdhurk.nl\/fiat-bedrijfswagens\/scudo\/automaat\/#breadcrumb"},"inLanguage":"ro-RO","potentialAction":[{"@type":"ReadAction","target":["https:\/\/www.vdhurk.nl\/fiat-bedrijfswagens\/scudo\/automaat\/"]}]},{"@type":"BreadcrumbList","@id":"https:\/\/www.vdhurk.nl\/fiat-bedrijfswagens\/scudo\/automaat\/#breadcrumb","itemListElement":[{"@type":"ListItem","position":1,"name":"Home","item":"https:\/\/www.vdhurk.nl\/home\/"},{"@type":"ListItem","position":2,"name":"Fiat Bedrijfswagens","item":"https:\/\/www.vdhurk.nl\/fiat-bedrijfswagens\/"},{"@type":"ListItem","position":3,"name":"Fiat Scudo","item":"https:\/\/www.vdhurk.nl\/fiat-bedrijfswagens\/scudo\/"},{"@type":"ListItem","position":4,"name":"Fiat Scudo automaat"}]},{"@type":"WebSite","@id":"https:\/\/www.vdhurk.nl\/#website","url":"https:\/\/www.vdhurk.nl\/","name":"Vehicule comerciale Van den Hurk","description":"Vehicule comerciale Van den Hurk Helmond","potentialAction":[{"@type":"SearchAction","target":{"@type":"EntryPoint","urlTemplate":"https:\/\/www.vdhurk.nl\/?s={search_term_string}"},"query-input":{"@type":"PropertyValueSpecification","valueRequired":true,"valueName":"search_term_string"}}],"inLanguage":"ro-RO"}]}},"_links":{"self":[{"href":"https:\/\/www.vdhurk.nl\/ro\/wp-json\/wp\/v2\/pages\/488083","targetHints":{"allow":["GET"]}}],"collection":[{"href":"https:\/\/www.vdhurk.nl\/ro\/wp-json\/wp\/v2\/pages"}],"about":[{"href":"https:\/\/www.vdhurk.nl\/ro\/wp-json\/wp\/v2\/types\/page"}],"author":[{"embeddable":true,"href":"https:\/\/www.vdhurk.nl\/ro\/wp-json\/wp\/v2\/users\/3"}],"replies":[{"embeddable":true,"href":"https:\/\/www.vdhurk.nl\/ro\/wp-json\/wp\/v2\/comments?post=488083"}],"version-history":[{"count":4,"href":"https:\/\/www.vdhurk.nl\/ro\/wp-json\/wp\/v2\/pages\/488083\/revisions"}],"predecessor-version":[{"id":488087,"href":"https:\/\/www.vdhurk.nl\/ro\/wp-json\/wp\/v2\/pages\/488083\/revisions\/488087"}],"up":[{"embeddable":true,"href":"https:\/\/www.vdhurk.nl\/ro\/wp-json\/wp\/v2\/pages\/402263"}],"wp:attachment":[{"href":"https:\/\/www.vdhurk.nl\/ro\/wp-json\/wp\/v2\/media?parent=488083"}],"curies":[{"name":"wp","href":"https:\/\/api.w.org\/{rel}","templated":true}]}}