{"id":47637,"date":"2022-07-19T13:07:16","date_gmt":"2022-07-19T13:07:16","guid":{"rendered":"https:\/\/vdhurk.bonsaidev.nl\/?page_id=47637"},"modified":"2023-04-24T14:51:02","modified_gmt":"2023-04-24T14:51:02","slug":"inspectia-achizitiei","status":"publish","type":"page","link":"https:\/\/www.vdhurk.nl\/ro\/aankoopkeuring\/","title":{"rendered":"Inspec\u021bia achizi\u021biei"},"content":{"rendered":"<style type=\"text\/css\" data-created_by=\"avia_inline_auto\" id=\"style-css-av-4nbej-61809ecf5e9bb21cc33f7ee31dcc49b2\">\n.avia-section.av-4nbej-61809ecf5e9bb21cc33f7ee31dcc49b2{\nbackground-repeat:no-repeat;\nbackground-image:url(https:\/\/www.vdhurk.nl\/wp-content\/uploads\/2022\/03\/Financial-lease.png);\nbackground-position:50% 50%;\nbackground-attachment:scroll;\n}\n<\/style>\n<div id='av_section_1'  class='avia-section av-4nbej-61809ecf5e9bb21cc33f7ee31dcc49b2 main_color avia-section-no-padding avia-no-border-styling  avia-builder-el-0  el_before_av_section  avia-builder-el-first  head-container av-small-hide av-mini-hide avia-full-stretch avia-bg-style-scroll av-minimum-height av-minimum-height-custom  container_wrap fullsize'  data-section-bg-repeat='stretch'><div class='container av-section-cont-open' style='height:380px'><main  role=\"main\" itemprop=\"mainContentOfPage\"  class='template-page content  av-content-full alpha units'><div class='post-entry post-entry-type-page post-entry-47637'><div class='entry-content-wrapper clearfix'>\n<div class='flex_column_table av-3w867-b337048c8ba0d44fb6c33f690166ec96 sc-av_two_fifth av-equal-height-column-flextable'>\n<style type=\"text\/css\" data-created_by=\"avia_inline_auto\" id=\"style-css-av-3w867-b337048c8ba0d44fb6c33f690166ec96\">\n.flex_column.av-3w867-b337048c8ba0d44fb6c33f690166ec96{\npadding:90px 90px 90px 90px;\nheight:380px;\nbackground-color:#e41c1c;\n}\n<\/style>\n<div class='flex_column av-3w867-b337048c8ba0d44fb6c33f690166ec96 av_two_fifth  avia-builder-el-1  el_before_av_three_fifth  avia-builder-el-first  banner-left first no_margin flex_column_table_cell av-equal-height-column av-align-top'   ><p><section  class='av_textblock_section av-34x5b-9dd3591d61f944ec73c7b1c571ae10ec'  itemscope=\"itemscope\" itemtype=\"https:\/\/schema.org\/CreativeWork\" ><div class='avia_textblock freestyle'  itemprop=\"text\" ><p>\u00cen siguran\u021b\u0103 pe drum, f\u0103r\u0103 griji<\/p>\n<\/div><\/section><br \/>\n\n<style type=\"text\/css\" data-created_by=\"avia_inline_auto\" id=\"style-css-av-2n713-c05679f3a08ebdf9db45d2a4071db28b\">\n#top .av_textblock_section.av-2n713-c05679f3a08ebdf9db45d2a4071db28b .avia_textblock{\ncolor:#ffffff;\n}\n<\/style>\n<section  class='av_textblock_section av-2n713-c05679f3a08ebdf9db45d2a4071db28b'  itemscope=\"itemscope\" itemtype=\"https:\/\/schema.org\/CreativeWork\" ><div class='avia_textblock av_inherit_color'  itemprop=\"text\" ><h1>Inspec\u021bia de achizi\u021bie? Nici o problem\u0103<\/h1>\n<\/div><\/section><br \/>\n\n<style type=\"text\/css\" data-created_by=\"avia_inline_auto\" id=\"style-css-av-28dp3-7fa4a9571da3bd8023e9d812fede9695\">\n#top .hr.hr-invisible.av-28dp3-7fa4a9571da3bd8023e9d812fede9695{\nheight:15px;\n}\n<\/style>\n<div  class='hr av-28dp3-7fa4a9571da3bd8023e9d812fede9695 hr-invisible  avia-builder-el-4  el_after_av_textblock  avia-builder-el-last'><span class='hr-inner'><span class=\"hr-inner-style\"><\/span><\/span><\/div><\/p><\/div><div class='flex_column av-sg6b-83d21c1385e2c3b6903c57e20ad0efc8 av_three_fifth  avia-builder-el-5  el_after_av_two_fifth  avia-builder-el-last  no_margin flex_column_table_cell av-equal-height-column av-align-top avia-full-stretch'   ><\/div><\/div><!--close column table wrapper. Autoclose: 1 -->\n\n<\/div><\/div><\/main><!-- close content main element --><\/div><\/div><div id='av_section_2'  class='avia-section av-z1tv-15a49add3a03a429b52faa6d3e2fd192 main_color avia-section-default avia-no-border-styling  avia-builder-el-6  el_after_av_section  avia-builder-el-last  avia-bg-style-scroll container_wrap fullsize'  ><div class='container av-section-cont-open' ><div class='template-page content  av-content-full alpha units'><div class='post-entry post-entry-type-page post-entry-47637'><div class='entry-content-wrapper clearfix'>\n\n<style type=\"text\/css\" data-created_by=\"avia_inline_auto\" id=\"style-css-av-12gievp-6b6a72cf826258db168e7da884b73643\">\n.flex_column.av-12gievp-6b6a72cf826258db168e7da884b73643{\nwidth:23.125%;\n}\n<\/style>\n<div class='flex_column av-12gievp-6b6a72cf826258db168e7da884b73643 av_one_fourth  avia-builder-el-7  el_before_av_three_fifth  avia-builder-el-first  first flex_column_div'   ><section  class='av_textblock_section av-ugrm7p-381c6a1830d3eeab336f287a9116b37a'  itemscope=\"itemscope\" itemtype=\"https:\/\/schema.org\/CreativeWork\" ><div class='avia_textblock'  itemprop=\"text\" ><p><img decoding=\"async\" src=\"https:\/\/www.vdhurk.nl\/wp-content\/uploads\/2022\/04\/foto-autoonderhoud-300x200-1.jpg\" \/><\/p>\n<\/div><\/section><\/div>\n<style type=\"text\/css\" data-created_by=\"avia_inline_auto\" id=\"style-css-av-1k9pv-f3e3e414c35098dfde028093b7f7ba7f\">\n.flex_column.av-1k9pv-f3e3e414c35098dfde028093b7f7ba7f{\nwidth:59%;\nmargin-left:2.5%;\n}\n<\/style>\n<div class='flex_column av-1k9pv-f3e3e414c35098dfde028093b7f7ba7f av_three_fifth  avia-builder-el-9  el_after_av_one_fourth  avia-builder-el-last  flex_column_div'   ><section  class='av_textblock_section av-26m47-7981ff12ad7d2d982942293203544ad3'  itemscope=\"itemscope\" itemtype=\"https:\/\/schema.org\/CreativeWork\" ><div class='avia_textblock'  itemprop=\"text\" ><h2>EVALUA\u021aI \u00ceN MOD EXPERT STAREA COMPLET\u0102 A MA\u0218INII DUMNEAVOASTR\u0102!<\/h2>\n<p>Inten\u021biona\u021bi s\u0103 cump\u0103ra\u021bi un vehicul comercial de ocazie ? Atunci pute\u021bi face o inspec\u021bie la cump\u0103rare. Aceasta v\u0103 ofer\u0103 certitudinea cu privire la starea autovehiculului. Este garantat\u0103 o evaluare expert\u0103 \u0219i fiabil\u0103 a calit\u0103\u021bii. \u00centreba\u021bi-l pe consilierul dvs. de v\u00e2nz\u0103ri despre posibilit\u0103\u021bi.<\/p>\n<p>La inspec\u021bia de achizi\u021bie, inspect\u0103m ma\u0219ina pe care inten\u021biona\u021bi s\u0103 o cump\u0103ra\u021bi. Pe aceast\u0103 baz\u0103, v\u0103 vom oferi raportul de inspec\u021bie. \u00cen acesta pute\u021bi citi care este starea tehnic\u0103 a ma\u0219inii \u0219i dac\u0103 exist\u0103 defecte grave. De asemenea, ve\u021bi primi informa\u021bii despre istoricul kilometrajului, dac\u0103 este disponibil. Consilierii no\u0219tri de service discut\u0103 acest raport cu dumneavoastr\u0103, astfel \u00eenc\u00e2t s\u0103 \u0219ti\u021bi exact care este situa\u021bia dumneavoastr\u0103.<\/p>\n<\/div><\/section><br \/>\n\n<style type=\"text\/css\" data-created_by=\"avia_inline_auto\" id=\"style-css-av-l0nxfvtp-fcb603ff77a7f9ed87ce2dc5b0792678\">\n#top .hr.hr-invisible.av-l0nxfvtp-fcb603ff77a7f9ed87ce2dc5b0792678{\nheight:20px;\n}\n<\/style>\n<div  class='hr av-l0nxfvtp-fcb603ff77a7f9ed87ce2dc5b0792678 hr-invisible  avia-builder-el-11  el_after_av_textblock  el_before_av_textblock'><span class='hr-inner'><span class=\"hr-inner-style\"><\/span><\/span><\/div><br \/>\n<section  class='av_textblock_section av-l5s84jey-d081fd14a45f445bbcba0b44e8b53e2b'  itemscope=\"itemscope\" itemtype=\"https:\/\/schema.org\/CreativeWork\" ><div class='avia_textblock av_inherit_color'  itemprop=\"text\" ><h3>Ma\u0219ina este verificat\u0103 pentru urm\u0103toarele puncte:<\/h3>\n<ul>\n<li><em>Electronic\u0103:<\/em> evaluarea func\u021bion\u0103rii \u0219i a st\u0103rii (iluminat, alternator \u0219i baterie)<\/li>\n<li><em>Lucr\u0103ri corporale:<\/em> evaluarea vizual\u0103 a penetr\u0103rii (excesive) a ruginei<\/li>\n<li>Verificarea modific\u0103rilor necesare ale produsului din fabric\u0103<\/li>\n<li><em>Motor:<\/em> evaluarea uzurii excesive, analiza gazelor de e\u0219apament, verificarea vizual\u0103 a sistemului de r\u0103cire (sub presiune) pentru depistarea eventualelor scurgeri.<\/li>\n<li>Direc\u021bia \u0219i suspensia: componentele supuse uzurii (\u00een general, pivotul \u0219i punctele de articula\u021bie) sunt evaluate pentru uzur\u0103 excesiv\u0103.<\/li>\n<li>Performan\u021ba amortizoarelor este evaluat\u0103 \u00een timpul testului de conducere<\/li>\n<li>Pneurile sunt verificate pentru a se verifica ad\u00e2ncimea benzii de rulare, deteriorarea (deterior\u0103rile) vizibile din exterior \u0219i un model de uzur\u0103 anormal.<\/li>\n<li>Ambreiajul \u0219i transmisia sunt evaluate pentru buna func\u021bionare \u0219i, \u00een m\u0103sura \u00een care construc\u021bia permite, gradul de uzur\u0103<\/li>\n<li>Sistem de naviga\u021bie de control<\/li>\n<li>Verificarea datei MOT<\/li>\n<\/ul>\n<\/div><\/section><\/p><\/div>","protected":false},"excerpt":{"rendered":"","protected":false},"author":2,"featured_media":0,"parent":0,"menu_order":0,"comment_status":"closed","ping_status":"closed","template":"","meta":{"_acf_changed":false,"_improvement_type_select":"improve_an_existing","_thumb_yes_seoaic":false,"_frame_yes_seoaic":false,"seoaic_generate_description":"","seoaic_improve_instructions_prompt":"","seoaic_rollback_content_improvement":"","seoaic_idea_thumbnail_generator":"","thumbnail_generated":false,"thumbnail_generate_prompt":"","seoaic_article_description":"","footnotes":""},"class_list":["post-47637","page","type-page","status-publish","hentry"],"acf":[],"yoast_head":"<!-- This site is optimized with the Yoast SEO plugin v27.5 - https:\/\/yoast.com\/product\/yoast-seo-wordpress\/ -->\n<title>Aankoopkeuring - Van den Hurk Bedrijfswagens<\/title>\n<meta name=\"robots\" content=\"index, follow, max-snippet:-1, max-image-preview:large, max-video-preview:-1\" \/>\n<link rel=\"canonical\" href=\"https:\/\/www.vdhurk.nl\/ro\/inspectia-achizitiei\/\" \/>\n<meta property=\"og:locale\" content=\"ro_RO\" \/>\n<meta property=\"og:type\" content=\"article\" \/>\n<meta property=\"og:title\" content=\"Aankoopkeuring - Van den Hurk Bedrijfswagens\" \/>\n<meta property=\"og:url\" content=\"https:\/\/www.vdhurk.nl\/ro\/inspectia-achizitiei\/\" \/>\n<meta property=\"og:site_name\" content=\"Van den Hurk Bedrijfswagens\" \/>\n<meta property=\"article:modified_time\" content=\"2023-04-24T14:51:02+00:00\" \/>\n<meta property=\"og:image\" content=\"https:\/\/www.vdhurk.nl\/wp-content\/uploads\/2022\/04\/foto-autoonderhoud-300x200-1.jpg\" \/>\n<meta name=\"twitter:card\" content=\"summary_large_image\" \/>\n<meta name=\"twitter:label1\" content=\"Timp estimat pentru citire\" \/>\n\t<meta name=\"twitter:data1\" content=\"4 minute\" \/>\n<script type=\"application\/ld+json\" class=\"yoast-schema-graph\">{\"@context\":\"https:\\\/\\\/schema.org\",\"@graph\":[{\"@type\":\"WebPage\",\"@id\":\"https:\\\/\\\/www.vdhurk.nl\\\/aankoopkeuring\\\/\",\"url\":\"https:\\\/\\\/www.vdhurk.nl\\\/aankoopkeuring\\\/\",\"name\":\"Aankoopkeuring - Van den Hurk Bedrijfswagens\",\"isPartOf\":{\"@id\":\"https:\\\/\\\/www.vdhurk.nl\\\/#website\"},\"primaryImageOfPage\":{\"@id\":\"https:\\\/\\\/www.vdhurk.nl\\\/aankoopkeuring\\\/#primaryimage\"},\"image\":{\"@id\":\"https:\\\/\\\/www.vdhurk.nl\\\/aankoopkeuring\\\/#primaryimage\"},\"thumbnailUrl\":\"https:\\\/\\\/www.vdhurk.nl\\\/wp-content\\\/uploads\\\/2022\\\/04\\\/foto-autoonderhoud-300x200-1.jpg\",\"datePublished\":\"2022-07-19T13:07:16+00:00\",\"dateModified\":\"2023-04-24T14:51:02+00:00\",\"breadcrumb\":{\"@id\":\"https:\\\/\\\/www.vdhurk.nl\\\/aankoopkeuring\\\/#breadcrumb\"},\"inLanguage\":\"ro-RO\",\"potentialAction\":[{\"@type\":\"ReadAction\",\"target\":[\"https:\\\/\\\/www.vdhurk.nl\\\/aankoopkeuring\\\/\"]}]},{\"@type\":\"ImageObject\",\"inLanguage\":\"ro-RO\",\"@id\":\"https:\\\/\\\/www.vdhurk.nl\\\/aankoopkeuring\\\/#primaryimage\",\"url\":\"https:\\\/\\\/www.vdhurk.nl\\\/wp-content\\\/uploads\\\/2022\\\/04\\\/foto-autoonderhoud-300x200-1.jpg\",\"contentUrl\":\"https:\\\/\\\/www.vdhurk.nl\\\/wp-content\\\/uploads\\\/2022\\\/04\\\/foto-autoonderhoud-300x200-1.jpg\"},{\"@type\":\"BreadcrumbList\",\"@id\":\"https:\\\/\\\/www.vdhurk.nl\\\/aankoopkeuring\\\/#breadcrumb\",\"itemListElement\":[{\"@type\":\"ListItem\",\"position\":1,\"name\":\"Home\",\"item\":\"https:\\\/\\\/www.vdhurk.nl\\\/home\\\/\"},{\"@type\":\"ListItem\",\"position\":2,\"name\":\"Aankoopkeuring\"}]},{\"@type\":\"WebSite\",\"@id\":\"https:\\\/\\\/www.vdhurk.nl\\\/#website\",\"url\":\"https:\\\/\\\/www.vdhurk.nl\\\/\",\"name\":\"Van den Hurk Bedrijfswagens\",\"description\":\"Van den Hurk bedrijfswagens Helmond\",\"potentialAction\":[{\"@type\":\"SearchAction\",\"target\":{\"@type\":\"EntryPoint\",\"urlTemplate\":\"https:\\\/\\\/www.vdhurk.nl\\\/?s={search_term_string}\"},\"query-input\":{\"@type\":\"PropertyValueSpecification\",\"valueRequired\":true,\"valueName\":\"search_term_string\"}}],\"inLanguage\":\"ro-RO\"}]}<\/script>\n<!-- \/ Yoast SEO plugin. -->","yoast_head_json":{"title":"Inspec\u021bia achizi\u021biilor - Van den Hurk Bedrijfswagens","robots":{"index":"index","follow":"follow","max-snippet":"max-snippet:-1","max-image-preview":"max-image-preview:large","max-video-preview":"max-video-preview:-1"},"canonical":"https:\/\/www.vdhurk.nl\/ro\/inspectia-achizitiei\/","og_locale":"ro_RO","og_type":"article","og_title":"Aankoopkeuring - Van den Hurk Bedrijfswagens","og_url":"https:\/\/www.vdhurk.nl\/ro\/inspectia-achizitiei\/","og_site_name":"Van den Hurk Bedrijfswagens","article_modified_time":"2023-04-24T14:51:02+00:00","og_image":[{"url":"https:\/\/www.vdhurk.nl\/wp-content\/uploads\/2022\/04\/foto-autoonderhoud-300x200-1.jpg","type":"","width":"","height":""}],"twitter_card":"summary_large_image","twitter_misc":{"Timp estimat pentru citire":"4 minute"},"schema":{"@context":"https:\/\/schema.org","@graph":[{"@type":"WebPage","@id":"https:\/\/www.vdhurk.nl\/aankoopkeuring\/","url":"https:\/\/www.vdhurk.nl\/aankoopkeuring\/","name":"Inspec\u021bia achizi\u021biilor - Van den Hurk Bedrijfswagens","isPartOf":{"@id":"https:\/\/www.vdhurk.nl\/#website"},"primaryImageOfPage":{"@id":"https:\/\/www.vdhurk.nl\/aankoopkeuring\/#primaryimage"},"image":{"@id":"https:\/\/www.vdhurk.nl\/aankoopkeuring\/#primaryimage"},"thumbnailUrl":"https:\/\/www.vdhurk.nl\/wp-content\/uploads\/2022\/04\/foto-autoonderhoud-300x200-1.jpg","datePublished":"2022-07-19T13:07:16+00:00","dateModified":"2023-04-24T14:51:02+00:00","breadcrumb":{"@id":"https:\/\/www.vdhurk.nl\/aankoopkeuring\/#breadcrumb"},"inLanguage":"ro-RO","potentialAction":[{"@type":"ReadAction","target":["https:\/\/www.vdhurk.nl\/aankoopkeuring\/"]}]},{"@type":"ImageObject","inLanguage":"ro-RO","@id":"https:\/\/www.vdhurk.nl\/aankoopkeuring\/#primaryimage","url":"https:\/\/www.vdhurk.nl\/wp-content\/uploads\/2022\/04\/foto-autoonderhoud-300x200-1.jpg","contentUrl":"https:\/\/www.vdhurk.nl\/wp-content\/uploads\/2022\/04\/foto-autoonderhoud-300x200-1.jpg"},{"@type":"BreadcrumbList","@id":"https:\/\/www.vdhurk.nl\/aankoopkeuring\/#breadcrumb","itemListElement":[{"@type":"ListItem","position":1,"name":"Home","item":"https:\/\/www.vdhurk.nl\/home\/"},{"@type":"ListItem","position":2,"name":"Aankoopkeuring"}]},{"@type":"WebSite","@id":"https:\/\/www.vdhurk.nl\/#website","url":"https:\/\/www.vdhurk.nl\/","name":"Vehicule comerciale Van den Hurk","description":"Vehicule comerciale Van den Hurk Helmond","potentialAction":[{"@type":"SearchAction","target":{"@type":"EntryPoint","urlTemplate":"https:\/\/www.vdhurk.nl\/?s={search_term_string}"},"query-input":{"@type":"PropertyValueSpecification","valueRequired":true,"valueName":"search_term_string"}}],"inLanguage":"ro-RO"}]}},"_links":{"self":[{"href":"https:\/\/www.vdhurk.nl\/ro\/wp-json\/wp\/v2\/pages\/47637","targetHints":{"allow":["GET"]}}],"collection":[{"href":"https:\/\/www.vdhurk.nl\/ro\/wp-json\/wp\/v2\/pages"}],"about":[{"href":"https:\/\/www.vdhurk.nl\/ro\/wp-json\/wp\/v2\/types\/page"}],"author":[{"embeddable":true,"href":"https:\/\/www.vdhurk.nl\/ro\/wp-json\/wp\/v2\/users\/2"}],"replies":[{"embeddable":true,"href":"https:\/\/www.vdhurk.nl\/ro\/wp-json\/wp\/v2\/comments?post=47637"}],"version-history":[{"count":16,"href":"https:\/\/www.vdhurk.nl\/ro\/wp-json\/wp\/v2\/pages\/47637\/revisions"}],"predecessor-version":[{"id":161224,"href":"https:\/\/www.vdhurk.nl\/ro\/wp-json\/wp\/v2\/pages\/47637\/revisions\/161224"}],"wp:attachment":[{"href":"https:\/\/www.vdhurk.nl\/ro\/wp-json\/wp\/v2\/media?parent=47637"}],"curies":[{"name":"wp","href":"https:\/\/api.w.org\/{rel}","templated":true}]}}