{"id":47363,"date":"2022-07-19T12:22:07","date_gmt":"2022-07-19T12:22:07","guid":{"rendered":"https:\/\/vdhurk.bonsaidev.nl\/?page_id=47363"},"modified":"2025-04-23T12:42:15","modified_gmt":"2025-04-23T10:42:15","slug":"pachete-de-livrare","status":"publish","type":"page","link":"https:\/\/www.vdhurk.nl\/ro\/afleverpakketten\/","title":{"rendered":"Pachete de livrare"},"content":{"rendered":"<style type=\"text\/css\" data-created_by=\"avia_inline_auto\" id=\"style-css-av-4nbej-61809ecf5e9bb21cc33f7ee31dcc49b2\">\n.avia-section.av-4nbej-61809ecf5e9bb21cc33f7ee31dcc49b2{\nbackground-repeat:no-repeat;\nbackground-image:url(https:\/\/www.vdhurk.nl\/wp-content\/uploads\/2022\/03\/Financial-lease.png);\nbackground-position:50% 50%;\nbackground-attachment:scroll;\n}\n<\/style>\n<div id='av_section_1'  class='avia-section av-4nbej-61809ecf5e9bb21cc33f7ee31dcc49b2 main_color avia-section-no-padding avia-no-border-styling  avia-builder-el-0  el_before_av_section  avia-builder-el-first  head-container av-small-hide av-mini-hide avia-full-stretch avia-bg-style-scroll av-minimum-height av-minimum-height-custom  container_wrap fullsize'  data-section-bg-repeat='stretch'><div class='container av-section-cont-open' style='height:380px'><main  role=\"main\" itemprop=\"mainContentOfPage\"  class='template-page content  av-content-full alpha units'><div class='post-entry post-entry-type-page post-entry-47363'><div class='entry-content-wrapper clearfix'>\n<div class='flex_column_table av-3w867-b337048c8ba0d44fb6c33f690166ec96 sc-av_two_fifth av-equal-height-column-flextable'>\n<style type=\"text\/css\" data-created_by=\"avia_inline_auto\" id=\"style-css-av-3w867-b337048c8ba0d44fb6c33f690166ec96\">\n.flex_column.av-3w867-b337048c8ba0d44fb6c33f690166ec96{\npadding:90px 90px 90px 90px;\nheight:380px;\nbackground-color:#e41c1c;\n}\n<\/style>\n<div class='flex_column av-3w867-b337048c8ba0d44fb6c33f690166ec96 av_two_fifth  avia-builder-el-1  el_before_av_three_fifth  avia-builder-el-first  banner-left first no_margin flex_column_table_cell av-equal-height-column av-align-top'   ><p><section  class='av_textblock_section av-34x5b-9dd3591d61f944ec73c7b1c571ae10ec'  itemscope=\"itemscope\" itemtype=\"https:\/\/schema.org\/CreativeWork\" ><div class='avia_textblock freestyle'  itemprop=\"text\" ><p>(Oferirea de calitate, asta putem face.<\/p>\n<\/div><\/section><br \/>\n\n<style type=\"text\/css\" data-created_by=\"avia_inline_auto\" id=\"style-css-av-2n713-c05679f3a08ebdf9db45d2a4071db28b\">\n#top .av_textblock_section.av-2n713-c05679f3a08ebdf9db45d2a4071db28b .avia_textblock{\ncolor:#ffffff;\n}\n<\/style>\n<section  class='av_textblock_section av-2n713-c05679f3a08ebdf9db45d2a4071db28b'  itemscope=\"itemscope\" itemtype=\"https:\/\/schema.org\/CreativeWork\" ><div class='avia_textblock av_inherit_color'  itemprop=\"text\" ><h1>\u00cencepe\u021bi f\u0103r\u0103 griji cu un pachet de livrare<\/h1>\n<\/div><\/section><br \/>\n\n<style type=\"text\/css\" data-created_by=\"avia_inline_auto\" id=\"style-css-av-28dp3-7fa4a9571da3bd8023e9d812fede9695\">\n#top .hr.hr-invisible.av-28dp3-7fa4a9571da3bd8023e9d812fede9695{\nheight:15px;\n}\n<\/style>\n<div  class='hr av-28dp3-7fa4a9571da3bd8023e9d812fede9695 hr-invisible  avia-builder-el-4  el_after_av_textblock  avia-builder-el-last'><span class='hr-inner'><span class=\"hr-inner-style\"><\/span><\/span><\/div><\/p><\/div><div class='flex_column av-sg6b-83d21c1385e2c3b6903c57e20ad0efc8 av_three_fifth  avia-builder-el-5  el_after_av_two_fifth  avia-builder-el-last  no_margin flex_column_table_cell av-equal-height-column av-align-top avia-full-stretch'   ><\/div><\/div><!--close column table wrapper. Autoclose: 1 -->\n\n<\/div><\/div><\/main><!-- close content main element --><\/div><\/div>\n<style type=\"text\/css\" data-created_by=\"avia_inline_auto\" id=\"style-css-av-41rh7-ab5ef4e35d7d64c80cfec41bbefaa68e\">\n.avia-section.av-41rh7-ab5ef4e35d7d64c80cfec41bbefaa68e{\nbackground-repeat:no-repeat;\nbackground-image:url(https:\/\/www.vdhurk.nl\/wp-content\/uploads\/2022\/03\/Financial-lease.png);\nbackground-position:50% 50%;\nbackground-attachment:scroll;\n}\n<\/style>\n<div id='av_section_2'  class='avia-section av-41rh7-ab5ef4e35d7d64c80cfec41bbefaa68e main_color avia-section-default avia-no-border-styling  avia-builder-el-6  el_after_av_section  el_before_av_section  av-desktop-hide av-medium-hide avia-full-stretch avia-bg-style-scroll av-minimum-height av-minimum-height-custom  container_wrap fullsize'  data-section-bg-repeat='stretch'><div class='container av-section-cont-open' style='height:250px'><div class='template-page content  av-content-full alpha units'><div class='post-entry post-entry-type-page post-entry-47363'><div class='entry-content-wrapper clearfix'>\n<\/div><\/div><\/div><!-- close content main div --><\/div><\/div><div id='av_section_3'  class='avia-section av-z1tv-15a49add3a03a429b52faa6d3e2fd192 main_color avia-section-default avia-no-border-styling  avia-builder-el-7  el_after_av_section  el_before_av_section  avia-bg-style-scroll container_wrap fullsize'  ><div class='container av-section-cont-open' ><div class='template-page content  av-content-full alpha units'><div class='post-entry post-entry-type-page post-entry-47363'><div class='entry-content-wrapper clearfix'>\n\n<style type=\"text\/css\" data-created_by=\"avia_inline_auto\" id=\"style-css-av-2uyff-b01744ffb057e061762ec1fdba801f2d\">\n.flex_column.av-2uyff-b01744ffb057e061762ec1fdba801f2d{\nwidth:18%;\n}\n<\/style>\n<div class='flex_column av-2uyff-b01744ffb057e061762ec1fdba801f2d av_one_fifth  avia-builder-el-8  el_before_av_three_fifth  avia-builder-el-first  first flex_column_div'   ><\/div>\n<style type=\"text\/css\" data-created_by=\"avia_inline_auto\" id=\"style-css-av-1k9pv-f3e3e414c35098dfde028093b7f7ba7f\">\n.flex_column.av-1k9pv-f3e3e414c35098dfde028093b7f7ba7f{\nwidth:59%;\nmargin-left:2.5%;\n}\n<\/style>\n<div class='flex_column av-1k9pv-f3e3e414c35098dfde028093b7f7ba7f av_three_fifth  avia-builder-el-9  el_after_av_one_fifth  el_before_av_one_fifth  flex_column_div'   ><section  class='av_textblock_section av-26m47-9d19b798129827a0db0b4043ef4dc469'  itemscope=\"itemscope\" itemtype=\"https:\/\/schema.org\/CreativeWork\" ><div class='avia_textblock'  itemprop=\"text\" ><h2>VORBE CLARE, NE PLACE ASTA!<\/h2>\n<p>Oferim diferite pachete de livrare din care pute\u021bi alege. Pachetele noastre sunt \u00eemp\u0103r\u021bite \u00een patru categorii \u00een care, \u00een func\u021bie de dimensiunea vehiculului comercial, pute\u021bi determina cu u\u0219urin\u021b\u0103 ce costuri se aplic\u0103 vehiculului comercial dorit.<\/p>\n<p>Este obligatoriu un pachet de livrare? Bine\u00een\u021beles c\u0103 nu! Consider\u0103m pachetele de livrare doar ca o plas\u0103 de siguran\u021b\u0103; de multe ori, ma\u0219inile au un istoric de service \u00eengrijit, un ITP proasp\u0103t \u0219i nu sunt vizibile \u00een timpul testului de drive. \u00cen aceste cazuri, v\u0103 recomand\u0103m s\u0103 face\u021bi verificarea ma\u0219inii la un garaj local sau la propriul garaj de \u00eencredere, deoarece unele defecte nu sunt vizibile f\u0103r\u0103 o inspec\u021bie suplimentar\u0103. Este bine s\u0103 \u0219ti\u021bi dinainte ce cump\u0103ra\u021bi.<\/p>\n<p>Aceast\u0103 transparen\u021b\u0103 este firul comun pentru van den Hurk, aceasta este singura modalitate de a exista timp de 60 de ani! Majoritatea aleg pachetul nostru de livrare, care v\u0103 ofer\u0103 un nou \u00eenceput \u0219i 3 luni de siguran\u021b\u0103.<\/p>\n<\/div><\/section><br \/>\n\n<style type=\"text\/css\" data-created_by=\"avia_inline_auto\" id=\"style-css-av-l0nxfvtp-fcb603ff77a7f9ed87ce2dc5b0792678\">\n#top .hr.hr-invisible.av-l0nxfvtp-fcb603ff77a7f9ed87ce2dc5b0792678{\nheight:20px;\n}\n<\/style>\n<div  class='hr av-l0nxfvtp-fcb603ff77a7f9ed87ce2dc5b0792678 hr-invisible  avia-builder-el-11  el_after_av_textblock  avia-builder-el-last'><span class='hr-inner'><span class=\"hr-inner-style\"><\/span><\/span><\/div><\/p><\/div>\n<style type=\"text\/css\" data-created_by=\"avia_inline_auto\" id=\"style-css-av-2p6ej-e94b733c409971fa925d238fc086fe15\">\n.flex_column.av-2p6ej-e94b733c409971fa925d238fc086fe15{\nwidth:18%;\nmargin-left:2.5%;\n}\n<\/style>\n<div class='flex_column av-2p6ej-e94b733c409971fa925d238fc086fe15 av_one_fifth  avia-builder-el-12  el_after_av_three_fifth  el_before_av_one_half  flex_column_div'   ><\/div><div class='flex_column av-15tjtyb-2fcc5e1a9905c550a9c0f1852c3c1458 av_one_half  avia-builder-el-13  el_after_av_one_fifth  el_before_av_one_half  first flex_column_div column-top-margin'   ><section  class='av_textblock_section av-l5s6poab-8cb8f000a3d47c7c42ba4f696ad67f11'  itemscope=\"itemscope\" itemtype=\"https:\/\/schema.org\/CreativeWork\" ><div class='avia_textblock'  itemprop=\"text\" ><p><img loading=\"lazy\" decoding=\"async\" class=\"alignnone wp-image-488081 size-full\" src=\"https:\/\/www.vdhurk.nl\/wp-content\/uploads\/2025\/04\/Afleverpakketten-website.jpeg\" alt=\"\" width=\"492\" height=\"452\" srcset=\"https:\/\/www.vdhurk.nl\/wp-content\/uploads\/2025\/04\/Afleverpakketten-website.jpeg 492w, https:\/\/www.vdhurk.nl\/wp-content\/uploads\/2025\/04\/Afleverpakketten-website-300x276.jpeg 300w, https:\/\/www.vdhurk.nl\/wp-content\/uploads\/2025\/04\/Afleverpakketten-website-13x12.jpeg 13w\" sizes=\"auto, (max-width: 492px) 100vw, 492px\" \/><\/p>\n<\/div><\/section><\/div><div class='flex_column av-qxw4zn-9805aa28dff6546d3ebe1e92cc6f452f av_one_half  avia-builder-el-15  el_after_av_one_half  avia-builder-el-last  flex_column_div column-top-margin'   ><section  class='av_textblock_section av-l5s6qdp9-d8db681c99e21b0077399060897d5f3e'  itemscope=\"itemscope\" itemtype=\"https:\/\/schema.org\/CreativeWork\" ><div class='avia_textblock'  itemprop=\"text\" ><p><img decoding=\"async\" src=\"https:\/\/www.vdhurk.nl\/wp-content\/uploads\/2022\/04\/hurk-cofoto10-10-2011-28-1030x687.jpg\" \/><\/p>\n<\/div><\/section><\/div><\/div><\/div><\/div><!-- close content main div --><\/div><\/div>\n<style type=\"text\/css\" data-created_by=\"avia_inline_auto\" id=\"style-css-av-l0nx5vch-61a276b5a8af02c9d25c6ca672a66eca\">\n.avia-section.av-l0nx5vch-61a276b5a8af02c9d25c6ca672a66eca{\nbackground-repeat:no-repeat;\nbackground-image:url(https:\/\/www.vdhurk.nl\/wp-content\/uploads\/2022\/03\/lease-calculator.png);\nbackground-position:50% 50%;\nbackground-attachment:scroll;\n}\n<\/style>\n<div id='lease-calculator'  class='avia-section av-l0nx5vch-61a276b5a8af02c9d25c6ca672a66eca main_color avia-section-large avia-no-border-styling  avia-builder-el-17  el_after_av_section  avia-builder-el-last  avia-full-stretch avia-bg-style-scroll container_wrap fullsize'  data-section-bg-repeat='stretch'><div class='container av-section-cont-open' ><div class='template-page content  av-content-full alpha units'><div class='post-entry post-entry-type-page post-entry-47363'><div class='entry-content-wrapper clearfix'><\/p>","protected":false},"excerpt":{"rendered":"","protected":false},"author":2,"featured_media":0,"parent":0,"menu_order":0,"comment_status":"closed","ping_status":"closed","template":"","meta":{"_acf_changed":false,"_improvement_type_select":"improve_an_existing","_thumb_yes_seoaic":false,"_frame_yes_seoaic":false,"seoaic_generate_description":"","seoaic_improve_instructions_prompt":"","seoaic_rollback_content_improvement":"","seoaic_idea_thumbnail_generator":"","thumbnail_generated":false,"thumbnail_generate_prompt":"","seoaic_article_description":"","footnotes":""},"class_list":["post-47363","page","type-page","status-publish","hentry"],"acf":[],"yoast_head":"<!-- This site is optimized with the Yoast SEO plugin v27.5 - https:\/\/yoast.com\/product\/yoast-seo-wordpress\/ -->\n<title>Afleverpakketten - Van den Hurk Bedrijfswagens<\/title>\n<meta name=\"robots\" content=\"index, follow, max-snippet:-1, max-image-preview:large, max-video-preview:-1\" \/>\n<link rel=\"canonical\" href=\"https:\/\/www.vdhurk.nl\/ro\/pachete-de-livrare\/\" \/>\n<meta property=\"og:locale\" content=\"ro_RO\" \/>\n<meta property=\"og:type\" content=\"article\" \/>\n<meta property=\"og:title\" content=\"Afleverpakketten - Van den Hurk Bedrijfswagens\" \/>\n<meta property=\"og:url\" content=\"https:\/\/www.vdhurk.nl\/ro\/pachete-de-livrare\/\" \/>\n<meta property=\"og:site_name\" content=\"Van den Hurk Bedrijfswagens\" \/>\n<meta property=\"article:modified_time\" content=\"2025-04-23T10:42:15+00:00\" \/>\n<meta property=\"og:image\" content=\"https:\/\/www.vdhurk.nl\/wp-content\/uploads\/2025\/04\/Afleverpakketten-website.jpeg\" \/>\n\t<meta property=\"og:image:width\" content=\"492\" \/>\n\t<meta property=\"og:image:height\" content=\"452\" \/>\n\t<meta property=\"og:image:type\" content=\"image\/jpeg\" \/>\n<meta name=\"twitter:card\" content=\"summary_large_image\" \/>\n<meta name=\"twitter:label1\" content=\"Timp estimat pentru citire\" \/>\n\t<meta name=\"twitter:data1\" content=\"6 minute\" \/>\n<script type=\"application\/ld+json\" class=\"yoast-schema-graph\">{\"@context\":\"https:\\\/\\\/schema.org\",\"@graph\":[{\"@type\":\"WebPage\",\"@id\":\"https:\\\/\\\/www.vdhurk.nl\\\/afleverpakketten\\\/\",\"url\":\"https:\\\/\\\/www.vdhurk.nl\\\/afleverpakketten\\\/\",\"name\":\"Afleverpakketten - Van den Hurk Bedrijfswagens\",\"isPartOf\":{\"@id\":\"https:\\\/\\\/www.vdhurk.nl\\\/#website\"},\"primaryImageOfPage\":{\"@id\":\"https:\\\/\\\/www.vdhurk.nl\\\/afleverpakketten\\\/#primaryimage\"},\"image\":{\"@id\":\"https:\\\/\\\/www.vdhurk.nl\\\/afleverpakketten\\\/#primaryimage\"},\"thumbnailUrl\":\"https:\\\/\\\/www.vdhurk.nl\\\/wp-content\\\/uploads\\\/2025\\\/04\\\/Afleverpakketten-website.jpeg\",\"datePublished\":\"2022-07-19T12:22:07+00:00\",\"dateModified\":\"2025-04-23T10:42:15+00:00\",\"breadcrumb\":{\"@id\":\"https:\\\/\\\/www.vdhurk.nl\\\/afleverpakketten\\\/#breadcrumb\"},\"inLanguage\":\"ro-RO\",\"potentialAction\":[{\"@type\":\"ReadAction\",\"target\":[\"https:\\\/\\\/www.vdhurk.nl\\\/afleverpakketten\\\/\"]}]},{\"@type\":\"ImageObject\",\"inLanguage\":\"ro-RO\",\"@id\":\"https:\\\/\\\/www.vdhurk.nl\\\/afleverpakketten\\\/#primaryimage\",\"url\":\"https:\\\/\\\/www.vdhurk.nl\\\/wp-content\\\/uploads\\\/2025\\\/04\\\/Afleverpakketten-website.jpeg\",\"contentUrl\":\"https:\\\/\\\/www.vdhurk.nl\\\/wp-content\\\/uploads\\\/2025\\\/04\\\/Afleverpakketten-website.jpeg\"},{\"@type\":\"BreadcrumbList\",\"@id\":\"https:\\\/\\\/www.vdhurk.nl\\\/afleverpakketten\\\/#breadcrumb\",\"itemListElement\":[{\"@type\":\"ListItem\",\"position\":1,\"name\":\"Home\",\"item\":\"https:\\\/\\\/www.vdhurk.nl\\\/home\\\/\"},{\"@type\":\"ListItem\",\"position\":2,\"name\":\"Afleverpakketten\"}]},{\"@type\":\"WebSite\",\"@id\":\"https:\\\/\\\/www.vdhurk.nl\\\/#website\",\"url\":\"https:\\\/\\\/www.vdhurk.nl\\\/\",\"name\":\"Van den Hurk Bedrijfswagens\",\"description\":\"Van den Hurk bedrijfswagens Helmond\",\"potentialAction\":[{\"@type\":\"SearchAction\",\"target\":{\"@type\":\"EntryPoint\",\"urlTemplate\":\"https:\\\/\\\/www.vdhurk.nl\\\/?s={search_term_string}\"},\"query-input\":{\"@type\":\"PropertyValueSpecification\",\"valueRequired\":true,\"valueName\":\"search_term_string\"}}],\"inLanguage\":\"ro-RO\"}]}<\/script>\n<!-- \/ Yoast SEO plugin. -->","yoast_head_json":{"title":"Pachete de livrare - Van den Hurk Bedrijfswagens","robots":{"index":"index","follow":"follow","max-snippet":"max-snippet:-1","max-image-preview":"max-image-preview:large","max-video-preview":"max-video-preview:-1"},"canonical":"https:\/\/www.vdhurk.nl\/ro\/pachete-de-livrare\/","og_locale":"ro_RO","og_type":"article","og_title":"Afleverpakketten - Van den Hurk Bedrijfswagens","og_url":"https:\/\/www.vdhurk.nl\/ro\/pachete-de-livrare\/","og_site_name":"Van den Hurk Bedrijfswagens","article_modified_time":"2025-04-23T10:42:15+00:00","og_image":[{"width":492,"height":452,"url":"https:\/\/www.vdhurk.nl\/wp-content\/uploads\/2025\/04\/Afleverpakketten-website.jpeg","type":"image\/jpeg"}],"twitter_card":"summary_large_image","twitter_misc":{"Timp estimat pentru citire":"6 minute"},"schema":{"@context":"https:\/\/schema.org","@graph":[{"@type":"WebPage","@id":"https:\/\/www.vdhurk.nl\/afleverpakketten\/","url":"https:\/\/www.vdhurk.nl\/afleverpakketten\/","name":"Pachete de livrare - Van den Hurk Bedrijfswagens","isPartOf":{"@id":"https:\/\/www.vdhurk.nl\/#website"},"primaryImageOfPage":{"@id":"https:\/\/www.vdhurk.nl\/afleverpakketten\/#primaryimage"},"image":{"@id":"https:\/\/www.vdhurk.nl\/afleverpakketten\/#primaryimage"},"thumbnailUrl":"https:\/\/www.vdhurk.nl\/wp-content\/uploads\/2025\/04\/Afleverpakketten-website.jpeg","datePublished":"2022-07-19T12:22:07+00:00","dateModified":"2025-04-23T10:42:15+00:00","breadcrumb":{"@id":"https:\/\/www.vdhurk.nl\/afleverpakketten\/#breadcrumb"},"inLanguage":"ro-RO","potentialAction":[{"@type":"ReadAction","target":["https:\/\/www.vdhurk.nl\/afleverpakketten\/"]}]},{"@type":"ImageObject","inLanguage":"ro-RO","@id":"https:\/\/www.vdhurk.nl\/afleverpakketten\/#primaryimage","url":"https:\/\/www.vdhurk.nl\/wp-content\/uploads\/2025\/04\/Afleverpakketten-website.jpeg","contentUrl":"https:\/\/www.vdhurk.nl\/wp-content\/uploads\/2025\/04\/Afleverpakketten-website.jpeg"},{"@type":"BreadcrumbList","@id":"https:\/\/www.vdhurk.nl\/afleverpakketten\/#breadcrumb","itemListElement":[{"@type":"ListItem","position":1,"name":"Home","item":"https:\/\/www.vdhurk.nl\/home\/"},{"@type":"ListItem","position":2,"name":"Afleverpakketten"}]},{"@type":"WebSite","@id":"https:\/\/www.vdhurk.nl\/#website","url":"https:\/\/www.vdhurk.nl\/","name":"Vehicule comerciale Van den Hurk","description":"Vehicule comerciale Van den Hurk Helmond","potentialAction":[{"@type":"SearchAction","target":{"@type":"EntryPoint","urlTemplate":"https:\/\/www.vdhurk.nl\/?s={search_term_string}"},"query-input":{"@type":"PropertyValueSpecification","valueRequired":true,"valueName":"search_term_string"}}],"inLanguage":"ro-RO"}]}},"_links":{"self":[{"href":"https:\/\/www.vdhurk.nl\/ro\/wp-json\/wp\/v2\/pages\/47363","targetHints":{"allow":["GET"]}}],"collection":[{"href":"https:\/\/www.vdhurk.nl\/ro\/wp-json\/wp\/v2\/pages"}],"about":[{"href":"https:\/\/www.vdhurk.nl\/ro\/wp-json\/wp\/v2\/types\/page"}],"author":[{"embeddable":true,"href":"https:\/\/www.vdhurk.nl\/ro\/wp-json\/wp\/v2\/users\/2"}],"replies":[{"embeddable":true,"href":"https:\/\/www.vdhurk.nl\/ro\/wp-json\/wp\/v2\/comments?post=47363"}],"version-history":[{"count":21,"href":"https:\/\/www.vdhurk.nl\/ro\/wp-json\/wp\/v2\/pages\/47363\/revisions"}],"predecessor-version":[{"id":488082,"href":"https:\/\/www.vdhurk.nl\/ro\/wp-json\/wp\/v2\/pages\/47363\/revisions\/488082"}],"wp:attachment":[{"href":"https:\/\/www.vdhurk.nl\/ro\/wp-json\/wp\/v2\/media?parent=47363"}],"curies":[{"name":"wp","href":"https:\/\/api.w.org\/{rel}","templated":true}]}}