{"id":454900,"date":"2025-02-28T15:55:05","date_gmt":"2025-02-28T14:55:05","guid":{"rendered":"https:\/\/www.vdhurk.nl\/?page_id=454900"},"modified":"2025-02-28T15:55:05","modified_gmt":"2025-02-28T14:55:05","slug":"masina-2","status":"publish","type":"page","link":"https:\/\/www.vdhurk.nl\/ro\/fiat-bedrijfswagens\/ducato\/automaat\/","title":{"rendered":"Fiat Ducato Automatic"},"content":{"rendered":"<section  class='av_textblock_section av-lu8gnh7d-4ac895489941e586c1d7c8cb72318135'  itemscope=\"itemscope\" itemtype=\"https:\/\/schema.org\/CreativeWork\" ><div class='avia_textblock'  itemprop=\"text\" ><h1>C\u0103uta\u021bi o transmisie automat\u0103 Fiat Ducato?<\/h1>\n<p>O ma\u0219in\u0103 de companie bun\u0103 este o parte important\u0103 a afacerii dumneavoastr\u0103. C\u0103uta\u021bi o ma\u0219in\u0103 fiabil\u0103 f\u0103r\u0103 a fi nevoit s\u0103 schimba\u021bi vitezele? Atunci modelul Fiat Ducato automat merit\u0103 cu siguran\u021b\u0103 luat \u00een considerare. Acest model este cunoscut pentru fiabilitatea sa \u0219i este adesea ales de \u0219oferii de afaceri. V\u0103 \u00eentreba\u021bi dac\u0103 aceast\u0103 dubi\u021b\u0103 se potrive\u0219te nevoilor dumneavoastr\u0103? Atunci citi\u021bi mai departe!<\/p>\n<\/div><\/section>\n\n<style type=\"text\/css\" data-created_by=\"avia_inline_auto\" id=\"style-css-av-lujjddpd-afa3d7a9eabd61123e643ed1228e781e\">\n#top .hr.hr-invisible.av-lujjddpd-afa3d7a9eabd61123e643ed1228e781e{\nheight:50px;\n}\n<\/style>\n<div  class='hr av-lujjddpd-afa3d7a9eabd61123e643ed1228e781e hr-invisible  avia-builder-el-1  el_after_av_textblock  el_before_av_codeblock'><span class='hr-inner'><span class=\"hr-inner-style\"><\/span><\/span><\/div>\n\n\n<style type=\"text\/css\" data-created_by=\"avia_inline_auto\" id=\"style-css-av-5op6opf-b2213bc341fb70d5a9a643132d6a8789\">\n#top .hr.hr-invisible.av-5op6opf-b2213bc341fb70d5a9a643132d6a8789{\nheight:50px;\n}\n<\/style>\n<div  class='hr av-5op6opf-b2213bc341fb70d5a9a643132d6a8789 hr-invisible  avia-builder-el-3  el_after_av_codeblock  el_before_av_textblock'><span class='hr-inner'><span class=\"hr-inner-style\"><\/span><\/span><\/div>\n<section  class='av_textblock_section av-lu8gow1e-300853e458ed741bd87d6cb78e55cc7a'  itemscope=\"itemscope\" itemtype=\"https:\/\/schema.org\/CreativeWork\" ><div class='avia_textblock'  itemprop=\"text\" ><h2>Avantajele unei transmisii automate<\/h2>\n<p>Nu v\u0103 place sau pur \u0219i simplu nu v\u0103 place s\u0103 schimba\u021bi vitezele? \u00cen\u021belegem asta. Din fericire, Fiat Ducato vine \u0219i cu transmisie automat\u0103. Aceasta v\u0103 permite s\u0103 conduce\u021bi f\u0103r\u0103 s\u0103 str\u00e2nge\u021bi ambreiajul sau s\u0103 schimba\u021bi vitezele. Ideal \u00een traficul aglomerat din ora\u0219, \u00een ambuteiaje sau \u00een c\u0103l\u0103toriile lungi. Cel mai bun dintre toate, nu sacrifici nimic la capitolul spa\u021biu sau sarcin\u0103 util\u0103. Beneficiezi \u00een continuare de o cabin\u0103 spa\u021bioas\u0103 \u0219i de o capacitate ridicat\u0103, la fel ca \u00een cazul versiunii manuale. Pe scurt, toate avantajele Fiat Ducato, f\u0103r\u0103 schimbarea vitezelor.<\/p>\n<\/div><\/section>\n<div class='flex_column av-f64w1-da126f42b61613402309283c14245a25 av_one_half  avia-builder-el-5  el_after_av_textblock  el_before_av_one_third  first flex_column_div column-top-margin'   ><section  class='av_textblock_section av-lu8gpqre-73cc2c17e6a6497ba6e1b58af22bd9e8'  itemscope=\"itemscope\" itemtype=\"https:\/\/schema.org\/CreativeWork\" ><div class='avia_textblock'  itemprop=\"text\" ><h2>Alege\u021bi din diferite versiuni<\/h2>\n<p>Fiat Ducato este disponibil \u00een diferite versiuni, astfel \u00eenc\u00e2t ve\u021bi g\u0103si \u00eentotdeauna un model care se potrive\u0219te perfect opera\u021biunilor dumneavoastr\u0103. Ave\u021bi nevoie de un spa\u021biu de \u00eenc\u0103rcare mare pentru unelte sau bunuri? Atunci alege\u021bi furgoneta cu panou cu volumul s\u0103u impresionant de \u00eenc\u0103rcare. Lucra\u021bi cu o echip\u0103 \u0219i ave\u021bi nevoie de locuri suplimentare? Atunci cabina dubl\u0103 ofer\u0103 o solu\u021bie practic\u0103, permi\u021b\u00e2ndu-v\u0103 s\u0103 transporta\u021bi confortabil at\u00e2t persoane, c\u00e2t \u0219i materiale. Fie c\u0103 sunte\u021bi \u00een c\u0103utarea unei versiuni compacte pentru traficul urban sau a unei versiuni extinse pentru capacitate maxim\u0103, Fiat Ducato ofer\u0103 \u00eentotdeauna o versiune care s\u0103 se potriveasc\u0103 afacerii dumneavoastr\u0103.<\/p>\n<\/div><\/section><\/div><div class='flex_column av-aldk9-ee694297f5c4032981677a02caab84d6 av_one_third  avia-builder-el-7  el_after_av_one_half  el_before_av_hr  flex_column_div column-top-margin'   ><style type=\"text\/css\" data-created_by=\"avia_inline_auto\" id=\"style-css-av-l1w9kpsf-4ec3fab772ec7a9adaa33cfc64ff0475\">\n.avia-image-container.av-l1w9kpsf-4ec3fab772ec7a9adaa33cfc64ff0475 .av-image-caption-overlay-center{\ncolor:#ffffff;\n}\n<\/style>\n<div  class='avia-image-container av-l1w9kpsf-4ec3fab772ec7a9adaa33cfc64ff0475 av-styling- avia-align-center  avia-builder-el-8  avia-builder-el-no-sibling'  itemprop=\"image\" itemscope=\"itemscope\" itemtype=\"https:\/\/schema.org\/ImageObject\" ><div class=\"avia-image-container-inner\"><div class=\"avia-image-overlay-wrap\"><img decoding=\"async\" class='wp-image-187 avia-img-lazy-loading-not-187 avia_image' src=\"https:\/\/www.vdhurk.nl\/wp-content\/uploads\/2022\/03\/Voorrad.png\" alt='' title='Stoc'  height=\"758\" width=\"1135\"  itemprop=\"thumbnailUrl\" srcset=\"https:\/\/www.vdhurk.nl\/wp-content\/uploads\/2022\/03\/Voorrad.png 1135w, https:\/\/www.vdhurk.nl\/wp-content\/uploads\/2022\/03\/Voorrad-300x200.png 300w, https:\/\/www.vdhurk.nl\/wp-content\/uploads\/2022\/03\/Voorrad-1030x688.png 1030w, https:\/\/www.vdhurk.nl\/wp-content\/uploads\/2022\/03\/Voorrad-768x513.png 768w, https:\/\/www.vdhurk.nl\/wp-content\/uploads\/2022\/03\/Voorrad-18x12.png 18w, https:\/\/www.vdhurk.nl\/wp-content\/uploads\/2022\/03\/Voorrad-705x471.png 705w\" sizes=\"(max-width: 1135px) 100vw, 1135px\" \/><\/div><\/div><\/div><\/div><\/p>\n\n<style type=\"text\/css\" data-created_by=\"avia_inline_auto\" id=\"style-css-av-luqrjpjc-5a23a1fb5f94718ca85316a9df963e2f\">\n#top .hr.hr-invisible.av-luqrjpjc-5a23a1fb5f94718ca85316a9df963e2f{\nheight:50px;\n}\n<\/style>\n<div  class='hr av-luqrjpjc-5a23a1fb5f94718ca85316a9df963e2f hr-invisible  avia-builder-el-9  el_after_av_one_third  el_before_av_textblock'><span class='hr-inner'><span class=\"hr-inner-style\"><\/span><\/span><\/div>\n<section  class='av_textblock_section av-lu8gtjw7-4f3cee9304909518d86d2860d9d582dd'  itemscope=\"itemscope\" itemtype=\"https:\/\/schema.org\/CreativeWork\" ><div class='avia_textblock'  itemprop=\"text\" ><h2>C\u00e2t pl\u0103ti\u021bi pentru un Fiat Ducato automat?<\/h2>\n<p>Pre\u021bul unui vehicul comercial depinde de dorin\u021bele \u0219i nevoile dumneavoastr\u0103. Fiat Ducato automatic este disponibil \u00een diferite versiuni, de la o variant\u0103 de baz\u0103 la un model de lux cu toate dot\u0103rile. Exist\u0103 \u00eentotdeauna o op\u021biune care s\u0103 se potriveasc\u0103 bugetului dumneavoastr\u0103.<\/p>\n<h2>Cump\u0103ra\u021bi sau \u00eenchiria\u021bi?<\/h2>\n<p>Indiferent dac\u0103 alege\u021bi s\u0103 cump\u0103ra\u021bi sau s\u0103 \u00eenchiria\u021bi, cel mai important lucru este s\u0103 g\u0103si\u021bi o solu\u021bie care s\u0103 se potriveasc\u0103 afacerii dumneavoastr\u0103. Dori\u021bi s\u0103 de\u021bine\u021bi Fiat Ducato imediat? Atunci cump\u0103rarea este o alegere bun\u0103. Prefera\u021bi diversificarea financiar\u0103 \u0219i dori\u021bi s\u0103 ave\u021bi bani r\u0103ma\u0219i pentru alte investi\u021bii? Atunci leasingul financiar ofer\u0103 o op\u021biune bun\u0103. Ambele op\u021biuni au avantajele lor, iar la Van den Hurk vom fi bucuro\u0219i s\u0103 v\u0103 ajut\u0103m cu sfaturi personale, astfel \u00eenc\u00e2t s\u0103 pute\u021bi lua cea mai bun\u0103 decizie pentru afacerea dumneavoastr\u0103.<\/p>\n<h2>G\u0103si\u021bi o ma\u0219in\u0103 de serviciu potrivit\u0103<\/h2>\n<p>Cump\u0103ra\u021bi un Fiat Ducato automat, \u00eenchiria\u021bi sau afla\u021bi mai multe despre ce se potrive\u0219te situa\u021biei dumneavoastr\u0103? Vom fi bucuro\u0219i s\u0103 v\u0103 ajut\u0103m s\u0103 face\u021bi alegerea potrivit\u0103. Vizualiza\u021bi oferta noastr\u0103 actual\u0103 sau pur \u0219i simplu contacta\u021bi-ne.<\/p>\n<\/div><\/section>","protected":false},"excerpt":{"rendered":"","protected":false},"author":3,"featured_media":0,"parent":402271,"menu_order":0,"comment_status":"closed","ping_status":"closed","template":"","meta":{"_acf_changed":false,"_improvement_type_select":"improve_an_existing","_thumb_yes_seoaic":false,"_frame_yes_seoaic":false,"seoaic_generate_description":"","seoaic_improve_instructions_prompt":"","seoaic_rollback_content_improvement":"","seoaic_idea_thumbnail_generator":"","thumbnail_generated":false,"thumbnail_generate_prompt":"","seoaic_article_description":"","footnotes":""},"class_list":["post-454900","page","type-page","status-publish","hentry"],"acf":[],"yoast_head":"<!-- This site is optimized with the Yoast SEO plugin v27.5 - https:\/\/yoast.com\/product\/yoast-seo-wordpress\/ -->\n<title>Bekijk het aanbod en vind jouw perfecte Fiat Ducato automaat<\/title>\n<meta name=\"description\" content=\"Vind de ideale Fiat Ducato automaat voor jouw onderneming. Ontdek ons actuele aanbod en kies de uitvoering die bij jouw werkzaamheden past.\" \/>\n<meta name=\"robots\" content=\"index, follow, max-snippet:-1, max-image-preview:large, max-video-preview:-1\" \/>\n<link rel=\"canonical\" href=\"https:\/\/www.vdhurk.nl\/ro\/vehicule-comerciale-fiat\/mercedes-17\/masina-2\/\" \/>\n<meta property=\"og:locale\" content=\"ro_RO\" \/>\n<meta property=\"og:type\" content=\"article\" \/>\n<meta property=\"og:title\" content=\"Bekijk het aanbod en vind jouw perfecte Fiat Ducato automaat\" \/>\n<meta property=\"og:description\" content=\"Vind de ideale Fiat Ducato automaat voor jouw onderneming. Ontdek ons actuele aanbod en kies de uitvoering die bij jouw werkzaamheden past.\" \/>\n<meta property=\"og:url\" content=\"https:\/\/www.vdhurk.nl\/ro\/vehicule-comerciale-fiat\/mercedes-17\/masina-2\/\" \/>\n<meta property=\"og:site_name\" content=\"Van den Hurk Bedrijfswagens\" \/>\n<meta name=\"twitter:card\" content=\"summary_large_image\" \/>\n<meta name=\"twitter:label1\" content=\"Timp estimat pentru citire\" \/>\n\t<meta name=\"twitter:data1\" content=\"4 minute\" \/>\n<script type=\"application\/ld+json\" class=\"yoast-schema-graph\">{\"@context\":\"https:\\\/\\\/schema.org\",\"@graph\":[{\"@type\":\"WebPage\",\"@id\":\"https:\\\/\\\/www.vdhurk.nl\\\/fiat-bedrijfswagens\\\/ducato\\\/automaat\\\/\",\"url\":\"https:\\\/\\\/www.vdhurk.nl\\\/fiat-bedrijfswagens\\\/ducato\\\/automaat\\\/\",\"name\":\"Bekijk het aanbod en vind jouw perfecte Fiat Ducato automaat\",\"isPartOf\":{\"@id\":\"https:\\\/\\\/www.vdhurk.nl\\\/#website\"},\"datePublished\":\"2025-02-28T14:55:05+00:00\",\"description\":\"Vind de ideale Fiat Ducato automaat voor jouw onderneming. Ontdek ons actuele aanbod en kies de uitvoering die bij jouw werkzaamheden past.\",\"breadcrumb\":{\"@id\":\"https:\\\/\\\/www.vdhurk.nl\\\/fiat-bedrijfswagens\\\/ducato\\\/automaat\\\/#breadcrumb\"},\"inLanguage\":\"ro-RO\",\"potentialAction\":[{\"@type\":\"ReadAction\",\"target\":[\"https:\\\/\\\/www.vdhurk.nl\\\/fiat-bedrijfswagens\\\/ducato\\\/automaat\\\/\"]}]},{\"@type\":\"BreadcrumbList\",\"@id\":\"https:\\\/\\\/www.vdhurk.nl\\\/fiat-bedrijfswagens\\\/ducato\\\/automaat\\\/#breadcrumb\",\"itemListElement\":[{\"@type\":\"ListItem\",\"position\":1,\"name\":\"Home\",\"item\":\"https:\\\/\\\/www.vdhurk.nl\\\/home\\\/\"},{\"@type\":\"ListItem\",\"position\":2,\"name\":\"Fiat Bedrijfswagens\",\"item\":\"https:\\\/\\\/www.vdhurk.nl\\\/fiat-bedrijfswagens\\\/\"},{\"@type\":\"ListItem\",\"position\":3,\"name\":\"Fiat Ducato\",\"item\":\"https:\\\/\\\/www.vdhurk.nl\\\/fiat-bedrijfswagens\\\/ducato\\\/\"},{\"@type\":\"ListItem\",\"position\":4,\"name\":\"Fiat Ducato Automaat\"}]},{\"@type\":\"WebSite\",\"@id\":\"https:\\\/\\\/www.vdhurk.nl\\\/#website\",\"url\":\"https:\\\/\\\/www.vdhurk.nl\\\/\",\"name\":\"Van den Hurk Bedrijfswagens\",\"description\":\"Van den Hurk bedrijfswagens Helmond\",\"potentialAction\":[{\"@type\":\"SearchAction\",\"target\":{\"@type\":\"EntryPoint\",\"urlTemplate\":\"https:\\\/\\\/www.vdhurk.nl\\\/?s={search_term_string}\"},\"query-input\":{\"@type\":\"PropertyValueSpecification\",\"valueRequired\":true,\"valueName\":\"search_term_string\"}}],\"inLanguage\":\"ro-RO\"}]}<\/script>\n<!-- \/ Yoast SEO plugin. -->","yoast_head_json":{"title":"Vizualiza\u021bi gama \u0219i g\u0103si\u021bi Fiat Ducato automat perfect","description":"G\u0103si\u021bi modelul Fiat Ducato automat ideal pentru afacerea dumneavoastr\u0103. Descoperi\u021bi gama noastr\u0103 actual\u0103 \u0219i alege\u021bi versiunea care se potrive\u0219te opera\u021biunilor dumneavoastr\u0103.","robots":{"index":"index","follow":"follow","max-snippet":"max-snippet:-1","max-image-preview":"max-image-preview:large","max-video-preview":"max-video-preview:-1"},"canonical":"https:\/\/www.vdhurk.nl\/ro\/vehicule-comerciale-fiat\/mercedes-17\/masina-2\/","og_locale":"ro_RO","og_type":"article","og_title":"Bekijk het aanbod en vind jouw perfecte Fiat Ducato automaat","og_description":"Vind de ideale Fiat Ducato automaat voor jouw onderneming. Ontdek ons actuele aanbod en kies de uitvoering die bij jouw werkzaamheden past.","og_url":"https:\/\/www.vdhurk.nl\/ro\/vehicule-comerciale-fiat\/mercedes-17\/masina-2\/","og_site_name":"Van den Hurk Bedrijfswagens","twitter_card":"summary_large_image","twitter_misc":{"Timp estimat pentru citire":"4 minute"},"schema":{"@context":"https:\/\/schema.org","@graph":[{"@type":"WebPage","@id":"https:\/\/www.vdhurk.nl\/fiat-bedrijfswagens\/ducato\/automaat\/","url":"https:\/\/www.vdhurk.nl\/fiat-bedrijfswagens\/ducato\/automaat\/","name":"Vizualiza\u021bi gama \u0219i g\u0103si\u021bi Fiat Ducato automat perfect","isPartOf":{"@id":"https:\/\/www.vdhurk.nl\/#website"},"datePublished":"2025-02-28T14:55:05+00:00","description":"G\u0103si\u021bi modelul Fiat Ducato automat ideal pentru afacerea dumneavoastr\u0103. Descoperi\u021bi gama noastr\u0103 actual\u0103 \u0219i alege\u021bi versiunea care se potrive\u0219te opera\u021biunilor dumneavoastr\u0103.","breadcrumb":{"@id":"https:\/\/www.vdhurk.nl\/fiat-bedrijfswagens\/ducato\/automaat\/#breadcrumb"},"inLanguage":"ro-RO","potentialAction":[{"@type":"ReadAction","target":["https:\/\/www.vdhurk.nl\/fiat-bedrijfswagens\/ducato\/automaat\/"]}]},{"@type":"BreadcrumbList","@id":"https:\/\/www.vdhurk.nl\/fiat-bedrijfswagens\/ducato\/automaat\/#breadcrumb","itemListElement":[{"@type":"ListItem","position":1,"name":"Home","item":"https:\/\/www.vdhurk.nl\/home\/"},{"@type":"ListItem","position":2,"name":"Fiat Bedrijfswagens","item":"https:\/\/www.vdhurk.nl\/fiat-bedrijfswagens\/"},{"@type":"ListItem","position":3,"name":"Fiat Ducato","item":"https:\/\/www.vdhurk.nl\/fiat-bedrijfswagens\/ducato\/"},{"@type":"ListItem","position":4,"name":"Fiat Ducato Automaat"}]},{"@type":"WebSite","@id":"https:\/\/www.vdhurk.nl\/#website","url":"https:\/\/www.vdhurk.nl\/","name":"Vehicule comerciale Van den Hurk","description":"Vehicule comerciale Van den Hurk Helmond","potentialAction":[{"@type":"SearchAction","target":{"@type":"EntryPoint","urlTemplate":"https:\/\/www.vdhurk.nl\/?s={search_term_string}"},"query-input":{"@type":"PropertyValueSpecification","valueRequired":true,"valueName":"search_term_string"}}],"inLanguage":"ro-RO"}]}},"_links":{"self":[{"href":"https:\/\/www.vdhurk.nl\/ro\/wp-json\/wp\/v2\/pages\/454900","targetHints":{"allow":["GET"]}}],"collection":[{"href":"https:\/\/www.vdhurk.nl\/ro\/wp-json\/wp\/v2\/pages"}],"about":[{"href":"https:\/\/www.vdhurk.nl\/ro\/wp-json\/wp\/v2\/types\/page"}],"author":[{"embeddable":true,"href":"https:\/\/www.vdhurk.nl\/ro\/wp-json\/wp\/v2\/users\/3"}],"replies":[{"embeddable":true,"href":"https:\/\/www.vdhurk.nl\/ro\/wp-json\/wp\/v2\/comments?post=454900"}],"version-history":[{"count":2,"href":"https:\/\/www.vdhurk.nl\/ro\/wp-json\/wp\/v2\/pages\/454900\/revisions"}],"predecessor-version":[{"id":454902,"href":"https:\/\/www.vdhurk.nl\/ro\/wp-json\/wp\/v2\/pages\/454900\/revisions\/454902"}],"up":[{"embeddable":true,"href":"https:\/\/www.vdhurk.nl\/ro\/wp-json\/wp\/v2\/pages\/402271"}],"wp:attachment":[{"href":"https:\/\/www.vdhurk.nl\/ro\/wp-json\/wp\/v2\/media?parent=454900"}],"curies":[{"name":"wp","href":"https:\/\/api.w.org\/{rel}","templated":true}]}}