{"id":454897,"date":"2025-02-28T15:58:31","date_gmt":"2025-02-28T14:58:31","guid":{"rendered":"https:\/\/www.vdhurk.nl\/?page_id=454897"},"modified":"2025-02-28T15:58:31","modified_gmt":"2025-02-28T14:58:31","slug":"masina-2","status":"publish","type":"page","link":"https:\/\/www.vdhurk.nl\/ro\/fiat-bedrijfswagens\/doblo\/automaat\/","title":{"rendered":"Fiat Doblo Automatic"},"content":{"rendered":"<section  class='av_textblock_section av-lu8gnh7d-4ac895489941e586c1d7c8cb72318135'  itemscope=\"itemscope\" itemtype=\"https:\/\/schema.org\/CreativeWork\" ><div class='avia_textblock'  itemprop=\"text\" ><h1>C\u0103uta\u021bi o transmisie automat\u0103 Fiat Doblo?<\/h1>\n<p>C\u0103uta\u021bi o ma\u0219in\u0103 de serviciu spa\u021bioas\u0103 f\u0103r\u0103 a fi nevoit s\u0103 schimba\u021bi vitezele? Dori\u021bi s\u0103 combina\u021bi func\u021bionalitatea, confortul \u0219i eficien\u021ba \u00eentr-un singur vehicul? Fiat Doblo automatic ofer\u0103 tot ce ave\u021bi nevoie pentru c\u0103l\u0103toriile dvs. de afaceri. Afl\u0103 dac\u0103 aceasta este furgoneta perfect\u0103 pentru afacerea ta!<\/p>\n<\/div><\/section>\n\n<style type=\"text\/css\" data-created_by=\"avia_inline_auto\" id=\"style-css-av-lujjddpd-afa3d7a9eabd61123e643ed1228e781e\">\n#top .hr.hr-invisible.av-lujjddpd-afa3d7a9eabd61123e643ed1228e781e{\nheight:50px;\n}\n<\/style>\n<div  class='hr av-lujjddpd-afa3d7a9eabd61123e643ed1228e781e hr-invisible  avia-builder-el-1  el_after_av_textblock  el_before_av_codeblock'><span class='hr-inner'><span class=\"hr-inner-style\"><\/span><\/span><\/div>\n\n\n<style type=\"text\/css\" data-created_by=\"avia_inline_auto\" id=\"style-css-av-ah0xd-63338d9dc6b40410e22a712829c369d6\">\n#top .hr.hr-invisible.av-ah0xd-63338d9dc6b40410e22a712829c369d6{\nheight:50px;\n}\n<\/style>\n<div  class='hr av-ah0xd-63338d9dc6b40410e22a712829c369d6 hr-invisible  avia-builder-el-3  el_after_av_codeblock  el_before_av_textblock'><span class='hr-inner'><span class=\"hr-inner-style\"><\/span><\/span><\/div>\n<section  class='av_textblock_section av-lu8gow1e-300853e458ed741bd87d6cb78e55cc7a'  itemscope=\"itemscope\" itemtype=\"https:\/\/schema.org\/CreativeWork\" ><div class='avia_textblock'  itemprop=\"text\" ><h2>De ce s\u0103 alege\u021bi un Fiat Doblo automat?<\/h2>\n<p>Dac\u0103 sunte\u021bi \u00een c\u0103utarea unui vehicul comercial f\u0103r\u0103 a fi nevoit s\u0103 schimba\u021bi vitezele, Fiat Doblo automat este o alegere inteligent\u0103. Cu o cutie automat\u0103, nu sunte\u021bi preocupat de ambreiaj \u0219i de schimbarea vitezelor, ceea ce este deosebit de pl\u0103cut \u00een timpul traficului urban intens sau al ambuteiajelor. Rezultatul? O experien\u021b\u0103 de condus lin\u0103. O transmisie automat\u0103 este ideal\u0103 pentru oricine dore\u0219te s\u0103 fie lipsit de griji pe \u0219osea. Deci, de ce s\u0103 \u00eengreunezi lucrurile c\u00e2nd pot fi u\u0219oare? Urc\u0103 \u00een ma\u0219in\u0103 \u0219i las\u0103 transmisia automat\u0103 s\u0103 fac\u0103 treaba pentru tine.<\/p>\n<\/div><\/section>\n<div class='flex_column av-f64w1-da126f42b61613402309283c14245a25 av_one_half  avia-builder-el-5  el_after_av_textblock  el_before_av_one_third  first flex_column_div column-top-margin'   ><section  class='av_textblock_section av-lu8gpqre-73cc2c17e6a6497ba6e1b58af22bd9e8'  itemscope=\"itemscope\" itemtype=\"https:\/\/schema.org\/CreativeWork\" ><div class='avia_textblock'  itemprop=\"text\" ><h2>Alege\u021bi din diferite versiuni<\/h2>\n<p>Transmisia automat\u0103 Fiat Doblo este disponibil\u0103 \u00een mai multe versiuni. Astfel, exist\u0103 \u00eentotdeauna o versiune potrivit\u0103 pentru activitatea dumneavoastr\u0103. Ave\u021bi nevoie de spa\u021biu de \u00eenc\u0103rcare maxim pentru unelte, colete sau alte \u00eenc\u0103rc\u0103turi de afaceri? Atunci furgoneta cu panouri este o alegere logic\u0103. Dori\u021bi s\u0103 lua\u021bi colegi sau personal \u00eempreun\u0103 cu \u00eenc\u0103rc\u0103tura? Atunci versiunea cu cabin\u0103 dubl\u0103 este ideal\u0103. Fie c\u0103 sunte\u021bi curier, instalator sau prestator de servicii, exist\u0103 \u00eentotdeauna un Doblo care s\u0103 v\u0103 fac\u0103 ziua de lucru mai u\u0219oar\u0103. F\u0103r\u0103 complica\u021bii inutile, doar un vehicul comercial bun care face ceea ce trebuie s\u0103 fac\u0103. Tu alegi modelul, automatul face restul.<\/p>\n<\/div><\/section><\/div><div class='flex_column av-aldk9-ee694297f5c4032981677a02caab84d6 av_one_third  avia-builder-el-7  el_after_av_one_half  el_before_av_hr  flex_column_div column-top-margin'   ><style type=\"text\/css\" data-created_by=\"avia_inline_auto\" id=\"style-css-av-l1w9kpsf-4ec3fab772ec7a9adaa33cfc64ff0475\">\n.avia-image-container.av-l1w9kpsf-4ec3fab772ec7a9adaa33cfc64ff0475 .av-image-caption-overlay-center{\ncolor:#ffffff;\n}\n<\/style>\n<div  class='avia-image-container av-l1w9kpsf-4ec3fab772ec7a9adaa33cfc64ff0475 av-styling- avia-align-center  avia-builder-el-8  avia-builder-el-no-sibling'  itemprop=\"image\" itemscope=\"itemscope\" itemtype=\"https:\/\/schema.org\/ImageObject\" ><div class=\"avia-image-container-inner\"><div class=\"avia-image-overlay-wrap\"><img decoding=\"async\" class='wp-image-187 avia-img-lazy-loading-not-187 avia_image' src=\"https:\/\/www.vdhurk.nl\/wp-content\/uploads\/2022\/03\/Voorrad.png\" alt='' title='Stoc'  height=\"758\" width=\"1135\"  itemprop=\"thumbnailUrl\" srcset=\"https:\/\/www.vdhurk.nl\/wp-content\/uploads\/2022\/03\/Voorrad.png 1135w, https:\/\/www.vdhurk.nl\/wp-content\/uploads\/2022\/03\/Voorrad-300x200.png 300w, https:\/\/www.vdhurk.nl\/wp-content\/uploads\/2022\/03\/Voorrad-1030x688.png 1030w, https:\/\/www.vdhurk.nl\/wp-content\/uploads\/2022\/03\/Voorrad-768x513.png 768w, https:\/\/www.vdhurk.nl\/wp-content\/uploads\/2022\/03\/Voorrad-18x12.png 18w, https:\/\/www.vdhurk.nl\/wp-content\/uploads\/2022\/03\/Voorrad-705x471.png 705w\" sizes=\"(max-width: 1135px) 100vw, 1135px\" \/><\/div><\/div><\/div><\/div><\/p>\n\n<style type=\"text\/css\" data-created_by=\"avia_inline_auto\" id=\"style-css-av-luqrjpjc-5a23a1fb5f94718ca85316a9df963e2f\">\n#top .hr.hr-invisible.av-luqrjpjc-5a23a1fb5f94718ca85316a9df963e2f{\nheight:50px;\n}\n<\/style>\n<div  class='hr av-luqrjpjc-5a23a1fb5f94718ca85316a9df963e2f hr-invisible  avia-builder-el-9  el_after_av_one_third  el_before_av_textblock'><span class='hr-inner'><span class=\"hr-inner-style\"><\/span><\/span><\/div>\n<section  class='av_textblock_section av-lu8gtjw7-4f3cee9304909518d86d2860d9d582dd'  itemscope=\"itemscope\" itemtype=\"https:\/\/schema.org\/CreativeWork\" ><div class='avia_textblock'  itemprop=\"text\" ><h2>Cump\u0103ra\u021bi sau \u00eenchiria\u021bi?<\/h2>\n<p>La Van den Hurk, ave\u021bi posibilitatea de a cump\u0103ra sau de a \u00eenchiria o ma\u0219in\u0103 de serviciu. Achizi\u021bionarea unei ma\u0219ini de serviciu este o investi\u021bie important\u0103, astfel \u00eenc\u00e2t este important s\u0103 evalua\u021bi cu aten\u021bie ce se potrive\u0219te cel mai bine bugetului \u0219i nevoilor dvs. de afaceri. Cump\u0103rarea \u00eenseamn\u0103 c\u0103 sunte\u021bi imediat proprietar, \u00een timp ce leasingul \u00eenseamn\u0103 c\u0103 sunte\u021bi <a href=\"https:\/\/www.vdhurk.nl\/ro\/leasing-financiar\/\">leasing<\/a> repartiza\u021bi costurile \u0219i pl\u0103ti\u021bi \u00een rate. \u00cen final, tot deveni\u021bi proprietar, f\u0103r\u0103 a fi nevoie s\u0103 face\u021bi o investi\u021bie mare dintr-o dat\u0103. Op\u021biunea care vi se potrive\u0219te cel mai bine depinde de buget \u0219i de nevoile dvs. de afaceri. Oricare ar fi alegerea dumneavoastr\u0103, vom fi bucuro\u0219i s\u0103 v\u0103 ajut\u0103m cu sfaturi personalizate.<\/p>\n<h2>Alege\u021bi vehicule comerciale fiabile<\/h2>\n<p>Dac\u0103 sunte\u021bi un utilizator de afaceri care caut\u0103 un vehicul comercial, Fiat Doblo automatic merit\u0103 cu siguran\u021b\u0103 luat \u00een considerare. Cu o capacitate de \u00eenc\u0103rcare spa\u021bioas\u0103 \u0219i un nivel ridicat de confort, acest model v\u0103 ofer\u0103 tot ce ave\u021bi nevoie, f\u0103r\u0103 s\u0103 v\u0103 chinui\u021bi s\u0103 schimba\u021bi vitezele. Mai ave\u021bi \u00eentreb\u0103ri? La Van den Hurk, suntem bucuro\u0219i s\u0103 v\u0103 ajut\u0103m la fiecare pas, astfel \u00eenc\u00e2t s\u0103 face\u021bi alegerea corect\u0103 cu \u00eencredere.<\/p>\n<\/div><\/section>","protected":false},"excerpt":{"rendered":"","protected":false},"author":3,"featured_media":0,"parent":397536,"menu_order":0,"comment_status":"closed","ping_status":"closed","template":"","meta":{"_acf_changed":false,"_improvement_type_select":"improve_an_existing","_thumb_yes_seoaic":false,"_frame_yes_seoaic":false,"seoaic_generate_description":"","seoaic_improve_instructions_prompt":"","seoaic_rollback_content_improvement":"","seoaic_idea_thumbnail_generator":"","thumbnail_generated":false,"thumbnail_generate_prompt":"","seoaic_article_description":"","footnotes":""},"class_list":["post-454897","page","type-page","status-publish","hentry"],"acf":[],"yoast_head":"<!-- This site is optimized with the Yoast SEO plugin v27.5 - https:\/\/yoast.com\/product\/yoast-seo-wordpress\/ -->\n<title>Ontdek alles over de Fiat Doblo automaat<\/title>\n<meta name=\"description\" content=\"Overweeg je een Fiat Doblo automaat? Ervaar het rijcomfort en gemak van een automatische transmissie en ontdek of dit de ideale keuze voor jou is.\" \/>\n<meta name=\"robots\" content=\"index, follow, max-snippet:-1, max-image-preview:large, max-video-preview:-1\" \/>\n<link rel=\"canonical\" href=\"https:\/\/www.vdhurk.nl\/ro\/vehicule-comerciale-fiat\/mercedes-21\/masina-2\/\" \/>\n<meta property=\"og:locale\" content=\"ro_RO\" \/>\n<meta property=\"og:type\" content=\"article\" \/>\n<meta property=\"og:title\" content=\"Ontdek alles over de Fiat Doblo automaat\" \/>\n<meta property=\"og:description\" content=\"Overweeg je een Fiat Doblo automaat? Ervaar het rijcomfort en gemak van een automatische transmissie en ontdek of dit de ideale keuze voor jou is.\" \/>\n<meta property=\"og:url\" content=\"https:\/\/www.vdhurk.nl\/ro\/vehicule-comerciale-fiat\/mercedes-21\/masina-2\/\" \/>\n<meta property=\"og:site_name\" content=\"Van den Hurk Bedrijfswagens\" \/>\n<meta name=\"twitter:card\" content=\"summary_large_image\" \/>\n<meta name=\"twitter:label1\" content=\"Timp estimat pentru citire\" \/>\n\t<meta name=\"twitter:data1\" content=\"6 minute\" \/>\n<script type=\"application\/ld+json\" class=\"yoast-schema-graph\">{\"@context\":\"https:\\\/\\\/schema.org\",\"@graph\":[{\"@type\":\"WebPage\",\"@id\":\"https:\\\/\\\/www.vdhurk.nl\\\/fiat-bedrijfswagens\\\/doblo\\\/automaat\\\/\",\"url\":\"https:\\\/\\\/www.vdhurk.nl\\\/fiat-bedrijfswagens\\\/doblo\\\/automaat\\\/\",\"name\":\"Ontdek alles over de Fiat Doblo automaat\",\"isPartOf\":{\"@id\":\"https:\\\/\\\/www.vdhurk.nl\\\/#website\"},\"datePublished\":\"2025-02-28T14:58:31+00:00\",\"description\":\"Overweeg je een Fiat Doblo automaat? Ervaar het rijcomfort en gemak van een automatische transmissie en ontdek of dit de ideale keuze voor jou is.\",\"breadcrumb\":{\"@id\":\"https:\\\/\\\/www.vdhurk.nl\\\/fiat-bedrijfswagens\\\/doblo\\\/automaat\\\/#breadcrumb\"},\"inLanguage\":\"ro-RO\",\"potentialAction\":[{\"@type\":\"ReadAction\",\"target\":[\"https:\\\/\\\/www.vdhurk.nl\\\/fiat-bedrijfswagens\\\/doblo\\\/automaat\\\/\"]}]},{\"@type\":\"BreadcrumbList\",\"@id\":\"https:\\\/\\\/www.vdhurk.nl\\\/fiat-bedrijfswagens\\\/doblo\\\/automaat\\\/#breadcrumb\",\"itemListElement\":[{\"@type\":\"ListItem\",\"position\":1,\"name\":\"Home\",\"item\":\"https:\\\/\\\/www.vdhurk.nl\\\/home\\\/\"},{\"@type\":\"ListItem\",\"position\":2,\"name\":\"Fiat Bedrijfswagens\",\"item\":\"https:\\\/\\\/www.vdhurk.nl\\\/fiat-bedrijfswagens\\\/\"},{\"@type\":\"ListItem\",\"position\":3,\"name\":\"Fiat Doblo\",\"item\":\"https:\\\/\\\/www.vdhurk.nl\\\/fiat-bedrijfswagens\\\/doblo\\\/\"},{\"@type\":\"ListItem\",\"position\":4,\"name\":\"Fiat Doblo Automaat\"}]},{\"@type\":\"WebSite\",\"@id\":\"https:\\\/\\\/www.vdhurk.nl\\\/#website\",\"url\":\"https:\\\/\\\/www.vdhurk.nl\\\/\",\"name\":\"Van den Hurk Bedrijfswagens\",\"description\":\"Van den Hurk bedrijfswagens Helmond\",\"potentialAction\":[{\"@type\":\"SearchAction\",\"target\":{\"@type\":\"EntryPoint\",\"urlTemplate\":\"https:\\\/\\\/www.vdhurk.nl\\\/?s={search_term_string}\"},\"query-input\":{\"@type\":\"PropertyValueSpecification\",\"valueRequired\":true,\"valueName\":\"search_term_string\"}}],\"inLanguage\":\"ro-RO\"}]}<\/script>\n<!-- \/ Yoast SEO plugin. -->","yoast_head_json":{"title":"Afla\u021bi totul despre transmisia automat\u0103 Fiat Doblo","description":"V\u0103 g\u00e2ndi\u021bi la o transmisie automat\u0103 Fiat Doblo? Experimenta\u021bi confortul la condus \u0219i comoditatea unei transmisii automate \u0219i afla\u021bi dac\u0103 este alegerea ideal\u0103 pentru dumneavoastr\u0103.","robots":{"index":"index","follow":"follow","max-snippet":"max-snippet:-1","max-image-preview":"max-image-preview:large","max-video-preview":"max-video-preview:-1"},"canonical":"https:\/\/www.vdhurk.nl\/ro\/vehicule-comerciale-fiat\/mercedes-21\/masina-2\/","og_locale":"ro_RO","og_type":"article","og_title":"Ontdek alles over de Fiat Doblo automaat","og_description":"Overweeg je een Fiat Doblo automaat? Ervaar het rijcomfort en gemak van een automatische transmissie en ontdek of dit de ideale keuze voor jou is.","og_url":"https:\/\/www.vdhurk.nl\/ro\/vehicule-comerciale-fiat\/mercedes-21\/masina-2\/","og_site_name":"Van den Hurk Bedrijfswagens","twitter_card":"summary_large_image","twitter_misc":{"Timp estimat pentru citire":"6 minute"},"schema":{"@context":"https:\/\/schema.org","@graph":[{"@type":"WebPage","@id":"https:\/\/www.vdhurk.nl\/fiat-bedrijfswagens\/doblo\/automaat\/","url":"https:\/\/www.vdhurk.nl\/fiat-bedrijfswagens\/doblo\/automaat\/","name":"Afla\u021bi totul despre transmisia automat\u0103 Fiat Doblo","isPartOf":{"@id":"https:\/\/www.vdhurk.nl\/#website"},"datePublished":"2025-02-28T14:58:31+00:00","description":"V\u0103 g\u00e2ndi\u021bi la o transmisie automat\u0103 Fiat Doblo? Experimenta\u021bi confortul la condus \u0219i comoditatea unei transmisii automate \u0219i afla\u021bi dac\u0103 este alegerea ideal\u0103 pentru dumneavoastr\u0103.","breadcrumb":{"@id":"https:\/\/www.vdhurk.nl\/fiat-bedrijfswagens\/doblo\/automaat\/#breadcrumb"},"inLanguage":"ro-RO","potentialAction":[{"@type":"ReadAction","target":["https:\/\/www.vdhurk.nl\/fiat-bedrijfswagens\/doblo\/automaat\/"]}]},{"@type":"BreadcrumbList","@id":"https:\/\/www.vdhurk.nl\/fiat-bedrijfswagens\/doblo\/automaat\/#breadcrumb","itemListElement":[{"@type":"ListItem","position":1,"name":"Home","item":"https:\/\/www.vdhurk.nl\/home\/"},{"@type":"ListItem","position":2,"name":"Fiat Bedrijfswagens","item":"https:\/\/www.vdhurk.nl\/fiat-bedrijfswagens\/"},{"@type":"ListItem","position":3,"name":"Fiat Doblo","item":"https:\/\/www.vdhurk.nl\/fiat-bedrijfswagens\/doblo\/"},{"@type":"ListItem","position":4,"name":"Fiat Doblo Automaat"}]},{"@type":"WebSite","@id":"https:\/\/www.vdhurk.nl\/#website","url":"https:\/\/www.vdhurk.nl\/","name":"Vehicule comerciale Van den Hurk","description":"Vehicule comerciale Van den Hurk Helmond","potentialAction":[{"@type":"SearchAction","target":{"@type":"EntryPoint","urlTemplate":"https:\/\/www.vdhurk.nl\/?s={search_term_string}"},"query-input":{"@type":"PropertyValueSpecification","valueRequired":true,"valueName":"search_term_string"}}],"inLanguage":"ro-RO"}]}},"_links":{"self":[{"href":"https:\/\/www.vdhurk.nl\/ro\/wp-json\/wp\/v2\/pages\/454897","targetHints":{"allow":["GET"]}}],"collection":[{"href":"https:\/\/www.vdhurk.nl\/ro\/wp-json\/wp\/v2\/pages"}],"about":[{"href":"https:\/\/www.vdhurk.nl\/ro\/wp-json\/wp\/v2\/types\/page"}],"author":[{"embeddable":true,"href":"https:\/\/www.vdhurk.nl\/ro\/wp-json\/wp\/v2\/users\/3"}],"replies":[{"embeddable":true,"href":"https:\/\/www.vdhurk.nl\/ro\/wp-json\/wp\/v2\/comments?post=454897"}],"version-history":[{"count":2,"href":"https:\/\/www.vdhurk.nl\/ro\/wp-json\/wp\/v2\/pages\/454897\/revisions"}],"predecessor-version":[{"id":454899,"href":"https:\/\/www.vdhurk.nl\/ro\/wp-json\/wp\/v2\/pages\/454897\/revisions\/454899"}],"up":[{"embeddable":true,"href":"https:\/\/www.vdhurk.nl\/ro\/wp-json\/wp\/v2\/pages\/397536"}],"wp:attachment":[{"href":"https:\/\/www.vdhurk.nl\/ro\/wp-json\/wp\/v2\/media?parent=454897"}],"curies":[{"name":"wp","href":"https:\/\/api.w.org\/{rel}","templated":true}]}}