{"id":454894,"date":"2025-02-28T15:59:33","date_gmt":"2025-02-28T14:59:33","guid":{"rendered":"https:\/\/www.vdhurk.nl\/?page_id=454894"},"modified":"2025-02-28T15:59:33","modified_gmt":"2025-02-28T14:59:33","slug":"masina-2","status":"publish","type":"page","link":"https:\/\/www.vdhurk.nl\/ro\/renault-bedrijfswagens\/master\/automaat\/","title":{"rendered":"Renault Master Automatic"},"content":{"rendered":"<section  class='av_textblock_section av-lu8gnh7d-4ac895489941e586c1d7c8cb72318135'  itemscope=\"itemscope\" itemtype=\"https:\/\/schema.org\/CreativeWork\" ><div class='avia_textblock'  itemprop=\"text\" ><h1>Se potrive\u0219te Renault Master automatic pentru afacerea dumneavoastr\u0103?<\/h1>\n<p>C\u0103uta\u021bi o dubi\u021b\u0103 spa\u021bioas\u0103 \u0219i confortabil\u0103, f\u0103r\u0103 a fi nevoit s\u0103 schimba\u021bi vitezele? Renault Master automat este exact ceea ce ave\u021bi nevoie! Aceste vehicule comerciale sunt foarte populare \u00een r\u00e2ndul multor antreprenori. Vrei s\u0103 \u0219tii ce au de oferit aceste furgonete? Atunci cite\u0219te mai departe rapid \u0219i afl\u0103 dac\u0103 Renault Master se potrive\u0219te nevoilor tale.<\/p>\n<\/div><\/section>\n\n<style type=\"text\/css\" data-created_by=\"avia_inline_auto\" id=\"style-css-av-lujjddpd-afa3d7a9eabd61123e643ed1228e781e\">\n#top .hr.hr-invisible.av-lujjddpd-afa3d7a9eabd61123e643ed1228e781e{\nheight:50px;\n}\n<\/style>\n<div  class='hr av-lujjddpd-afa3d7a9eabd61123e643ed1228e781e hr-invisible  avia-builder-el-1  el_after_av_textblock  el_before_av_codeblock'><span class='hr-inner'><span class=\"hr-inner-style\"><\/span><\/span><\/div>\n\n\n<style type=\"text\/css\" data-created_by=\"avia_inline_auto\" id=\"style-css-av-ah0xd-63338d9dc6b40410e22a712829c369d6\">\n#top .hr.hr-invisible.av-ah0xd-63338d9dc6b40410e22a712829c369d6{\nheight:50px;\n}\n<\/style>\n<div  class='hr av-ah0xd-63338d9dc6b40410e22a712829c369d6 hr-invisible  avia-builder-el-3  el_after_av_codeblock  el_before_av_textblock'><span class='hr-inner'><span class=\"hr-inner-style\"><\/span><\/span><\/div>\n<section  class='av_textblock_section av-lu8gow1e-300853e458ed741bd87d6cb78e55cc7a'  itemscope=\"itemscope\" itemtype=\"https:\/\/schema.org\/CreativeWork\" ><div class='avia_textblock'  itemprop=\"text\" ><h2>De ce s\u0103 alege\u021bi Renault Master automat?<\/h2>\n<p>Nu ave\u021bi chef s\u0103 schimba\u021bi viteza? Este de \u00een\u021beles. Din fericire, Renault Master vine \u0219i cu cutie automat\u0103! Asta \u00eenseamn\u0103 un condus lin \u0219i relaxat, f\u0103r\u0103 a fi nevoie s\u0103 te joci cu ambreiajul \u0219i schimbarea vitezelor de fiecare dat\u0103. Acest lucru este ideal \u00een traficul aglomerat din ora\u0219 sau \u00een c\u0103l\u0103toriile lungi. \u0218i nu, nu trebuie s\u0103 v\u0103 face\u021bi griji cu privire la sarcina util\u0103 sau greutatea de remorcare, deoarece acestea r\u0103m\u00e2n \u00een mare parte acelea\u0219i cu cele ale versiunii manuale. \u00cen plus, transmisia automat\u0103 este perfect\u0103 pentru cei care sunt mult pe drum \u0219i vor doar s\u0103 conduc\u0103 f\u0103r\u0103 griji. Gata cu picioarele obosite dup\u0103 o zi lung\u0103 de lucru \u0219i f\u0103r\u0103 b\u0103t\u0103i de cap \u00een blocajele din trafic cu urc\u0103ri \u0219i cobor\u00e2ri nesf\u00e2r\u0219ite. Urca\u021bi, ap\u0103sa\u021bi accelera\u021bia \u0219i l\u0103sa\u021bi automatul s\u0103 fac\u0103 treaba!<\/p>\n<\/div><\/section>\n<div class='flex_column av-f64w1-da126f42b61613402309283c14245a25 av_one_half  avia-builder-el-5  el_after_av_textblock  el_before_av_one_third  first flex_column_div column-top-margin'   ><section  class='av_textblock_section av-lu8gpqre-73cc2c17e6a6497ba6e1b58af22bd9e8'  itemscope=\"itemscope\" itemtype=\"https:\/\/schema.org\/CreativeWork\" ><div class='avia_textblock'  itemprop=\"text\" ><h2>Versiuni diferite<\/h2>\n<p>Renault Master automatic este disponibil \u00een diferite versiuni, astfel \u00eenc\u00e2t ve\u021bi g\u0103si \u00eentotdeauna un model care s\u0103 se potriveasc\u0103 opera\u021biunilor dumneavoastr\u0103. Opta\u021bi pentru o camionet\u0103 \u00eenchis\u0103 cu spa\u021biu de \u00eenc\u0103rcare maxim sau prefera\u021bi o cabin\u0103 dubl\u0103 pentru locuri suplimentare? Indiferent de nevoile tale, exist\u0103 \u00eentotdeauna un Renault Master care s\u0103 se potriveasc\u0103 afacerii tale. Nu g\u0103si\u021bi Renault Master automat ideal \u00een gama noastr\u0103? Atunci \u00eentreab\u0103 un <a href=\"https:\/\/www.vdhurk.nl\/ro\/alerta-de-stoc\/\">Stockalert<\/a> \u00cen.<\/p>\n<\/div><\/section><\/div><div class='flex_column av-aldk9-ee694297f5c4032981677a02caab84d6 av_one_third  avia-builder-el-7  el_after_av_one_half  el_before_av_hr  flex_column_div column-top-margin'   ><style type=\"text\/css\" data-created_by=\"avia_inline_auto\" id=\"style-css-av-l1w9kpsf-4ec3fab772ec7a9adaa33cfc64ff0475\">\n.avia-image-container.av-l1w9kpsf-4ec3fab772ec7a9adaa33cfc64ff0475 .av-image-caption-overlay-center{\ncolor:#ffffff;\n}\n<\/style>\n<div  class='avia-image-container av-l1w9kpsf-4ec3fab772ec7a9adaa33cfc64ff0475 av-styling- avia-align-center  avia-builder-el-8  avia-builder-el-no-sibling'  itemprop=\"image\" itemscope=\"itemscope\" itemtype=\"https:\/\/schema.org\/ImageObject\" ><div class=\"avia-image-container-inner\"><div class=\"avia-image-overlay-wrap\"><img decoding=\"async\" class='wp-image-187 avia-img-lazy-loading-not-187 avia_image' src=\"https:\/\/www.vdhurk.nl\/wp-content\/uploads\/2022\/03\/Voorrad.png\" alt='' title='Stoc'  height=\"758\" width=\"1135\"  itemprop=\"thumbnailUrl\" srcset=\"https:\/\/www.vdhurk.nl\/wp-content\/uploads\/2022\/03\/Voorrad.png 1135w, https:\/\/www.vdhurk.nl\/wp-content\/uploads\/2022\/03\/Voorrad-300x200.png 300w, https:\/\/www.vdhurk.nl\/wp-content\/uploads\/2022\/03\/Voorrad-1030x688.png 1030w, https:\/\/www.vdhurk.nl\/wp-content\/uploads\/2022\/03\/Voorrad-768x513.png 768w, https:\/\/www.vdhurk.nl\/wp-content\/uploads\/2022\/03\/Voorrad-18x12.png 18w, https:\/\/www.vdhurk.nl\/wp-content\/uploads\/2022\/03\/Voorrad-705x471.png 705w\" sizes=\"(max-width: 1135px) 100vw, 1135px\" \/><\/div><\/div><\/div><\/div><\/p>\n\n<style type=\"text\/css\" data-created_by=\"avia_inline_auto\" id=\"style-css-av-luqrjpjc-5a23a1fb5f94718ca85316a9df963e2f\">\n#top .hr.hr-invisible.av-luqrjpjc-5a23a1fb5f94718ca85316a9df963e2f{\nheight:50px;\n}\n<\/style>\n<div  class='hr av-luqrjpjc-5a23a1fb5f94718ca85316a9df963e2f hr-invisible  avia-builder-el-9  el_after_av_one_third  el_before_av_textblock'><span class='hr-inner'><span class=\"hr-inner-style\"><\/span><\/span><\/div>\n<section  class='av_textblock_section av-lu8gtjw7-4f3cee9304909518d86d2860d9d582dd'  itemscope=\"itemscope\" itemtype=\"https:\/\/schema.org\/CreativeWork\" ><div class='avia_textblock'  itemprop=\"text\" ><h2>C\u00e2t cost\u0103 un Renault Master automat?<\/h2>\n<p>Pre\u021bul unui Renault Master cu transmisie automat\u0103 depinde de model, de anul de fabrica\u021bie \u0219i de dot\u0103ri. De la modele practice la variante mai luxoase cu un plus de confort \u0219i tehnologie, exist\u0103 \u00eentotdeauna o op\u021biune care s\u0103 se potriveasc\u0103 bugetului \u0219i nevoilor tale. Transmisiile automate tind s\u0103 fie pu\u021bin mai scumpe dec\u00e2t versiunile manuale, dar prime\u0219ti \u00een schimb mult mai mult confort la condus.<\/p>\n<h2>Op\u021biuni de achizi\u021bie<\/h2>\n<p>V\u0103 confrunta\u021bi cu alegerea: cump\u0103rare sau leasing? Ambele op\u021biuni au avantajele lor. Dac\u0103 prefera\u021bi s\u0103 pl\u0103ti\u021bi \u00eentr-o singur\u0103 sum\u0103 forfetar\u0103, astfel \u00eenc\u00e2t s\u0103 o de\u021bine\u021bi imediat, atunci cump\u0103rarea este cea mai rapid\u0103 modalitate. Dar dac\u0103 prefera\u021bi s\u0103 v\u0103 repartiza\u021bi pu\u021bin bugetul, atunci <a href=\"https:\/\/www.vdhurk.nl\/ro\/leasing-financiar\/\">leasing financiar<\/a> o op\u021biune inteligent\u0103. Pleca\u021bi imediat cu Renault Master automat \u0219i pl\u0103ti\u021bi \u00een rate fixe \u0219i u\u0219or de gestionat. Lucrul grozav este c\u0103: la sf\u00e2r\u0219itul termenului, dubi\u021ba este numai a ta. Acesta este modul \u00een care combini flexibilitatea cu planificarea financiar\u0103 inteligent\u0103.<\/p>\n<h2>G\u0103se\u0219te-\u021bi ma\u0219ina de serviciu perfect\u0103<\/h2>\n<p>Sunte\u021bi convins c\u0103 Renault Master automatic se potrive\u0219te activit\u0103\u021bii dumneavoastr\u0103? Sau sunte\u021bi \u00eenc\u0103 \u00een dubiu \u0219i a\u021bi prefera c\u00e2teva informa\u021bii suplimentare? Nicio problem\u0103. Vom fi bucuro\u0219i s\u0103 v\u0103 ajut\u0103m s\u0103 face\u021bi alegerea corect\u0103. Arunca\u021bi o privire la oferta noastr\u0103 actual\u0103 sau contacta\u021bi-ne.<\/p>\n<\/div><\/section>","protected":false},"excerpt":{"rendered":"","protected":false},"author":3,"featured_media":0,"parent":422128,"menu_order":0,"comment_status":"closed","ping_status":"closed","template":"","meta":{"_acf_changed":false,"_improvement_type_select":"improve_an_existing","_thumb_yes_seoaic":false,"_frame_yes_seoaic":false,"seoaic_generate_description":"","seoaic_improve_instructions_prompt":"","seoaic_rollback_content_improvement":"","seoaic_idea_thumbnail_generator":"","thumbnail_generated":false,"thumbnail_generate_prompt":"","seoaic_article_description":"","footnotes":""},"class_list":["post-454894","page","type-page","status-publish","hentry"],"acf":[],"yoast_head":"<!-- This site is optimized with the Yoast SEO plugin v27.5 - https:\/\/yoast.com\/product\/yoast-seo-wordpress\/ -->\n<title>De Renault Master automaat | Ideaal voor zakelijk gebruik<\/title>\n<meta name=\"description\" content=\"Met de Renault Master automaat rijd je moeiteloos en comfortabel. Ontdek en ervaar de vele voordelen van deze bedrijfswagen.\" \/>\n<meta name=\"robots\" content=\"index, follow, max-snippet:-1, max-image-preview:large, max-video-preview:-1\" \/>\n<link rel=\"canonical\" href=\"https:\/\/www.vdhurk.nl\/ro\/vehicule-comerciale-renault\/stapan\/masina-2\/\" \/>\n<meta property=\"og:locale\" content=\"ro_RO\" \/>\n<meta property=\"og:type\" content=\"article\" \/>\n<meta property=\"og:title\" content=\"De Renault Master automaat | Ideaal voor zakelijk gebruik\" \/>\n<meta property=\"og:description\" content=\"Met de Renault Master automaat rijd je moeiteloos en comfortabel. Ontdek en ervaar de vele voordelen van deze bedrijfswagen.\" \/>\n<meta property=\"og:url\" content=\"https:\/\/www.vdhurk.nl\/ro\/vehicule-comerciale-renault\/stapan\/masina-2\/\" \/>\n<meta property=\"og:site_name\" content=\"Van den Hurk Bedrijfswagens\" \/>\n<meta name=\"twitter:card\" content=\"summary_large_image\" \/>\n<meta name=\"twitter:label1\" content=\"Timp estimat pentru citire\" \/>\n\t<meta name=\"twitter:data1\" content=\"4 minute\" \/>\n<script type=\"application\/ld+json\" class=\"yoast-schema-graph\">{\"@context\":\"https:\\\/\\\/schema.org\",\"@graph\":[{\"@type\":\"WebPage\",\"@id\":\"https:\\\/\\\/www.vdhurk.nl\\\/renault-bedrijfswagens\\\/master\\\/automaat\\\/\",\"url\":\"https:\\\/\\\/www.vdhurk.nl\\\/renault-bedrijfswagens\\\/master\\\/automaat\\\/\",\"name\":\"De Renault Master automaat | Ideaal voor zakelijk gebruik\",\"isPartOf\":{\"@id\":\"https:\\\/\\\/www.vdhurk.nl\\\/#website\"},\"datePublished\":\"2025-02-28T14:59:33+00:00\",\"description\":\"Met de Renault Master automaat rijd je moeiteloos en comfortabel. Ontdek en ervaar de vele voordelen van deze bedrijfswagen.\",\"breadcrumb\":{\"@id\":\"https:\\\/\\\/www.vdhurk.nl\\\/renault-bedrijfswagens\\\/master\\\/automaat\\\/#breadcrumb\"},\"inLanguage\":\"ro-RO\",\"potentialAction\":[{\"@type\":\"ReadAction\",\"target\":[\"https:\\\/\\\/www.vdhurk.nl\\\/renault-bedrijfswagens\\\/master\\\/automaat\\\/\"]}]},{\"@type\":\"BreadcrumbList\",\"@id\":\"https:\\\/\\\/www.vdhurk.nl\\\/renault-bedrijfswagens\\\/master\\\/automaat\\\/#breadcrumb\",\"itemListElement\":[{\"@type\":\"ListItem\",\"position\":1,\"name\":\"Home\",\"item\":\"https:\\\/\\\/www.vdhurk.nl\\\/home\\\/\"},{\"@type\":\"ListItem\",\"position\":2,\"name\":\"Renault Bedrijfswagens\",\"item\":\"https:\\\/\\\/www.vdhurk.nl\\\/renault-bedrijfswagens\\\/\"},{\"@type\":\"ListItem\",\"position\":3,\"name\":\"Renault Master\",\"item\":\"https:\\\/\\\/www.vdhurk.nl\\\/renault-bedrijfswagens\\\/master\\\/\"},{\"@type\":\"ListItem\",\"position\":4,\"name\":\"Renault Master Automaat\"}]},{\"@type\":\"WebSite\",\"@id\":\"https:\\\/\\\/www.vdhurk.nl\\\/#website\",\"url\":\"https:\\\/\\\/www.vdhurk.nl\\\/\",\"name\":\"Van den Hurk Bedrijfswagens\",\"description\":\"Van den Hurk bedrijfswagens Helmond\",\"potentialAction\":[{\"@type\":\"SearchAction\",\"target\":{\"@type\":\"EntryPoint\",\"urlTemplate\":\"https:\\\/\\\/www.vdhurk.nl\\\/?s={search_term_string}\"},\"query-input\":{\"@type\":\"PropertyValueSpecification\",\"valueRequired\":true,\"valueName\":\"search_term_string\"}}],\"inLanguage\":\"ro-RO\"}]}<\/script>\n<!-- \/ Yoast SEO plugin. -->","yoast_head_json":{"title":"Renault Master automat | Ideal pentru utilizarea \u00een afaceri","description":"Cu Renault Master automat, condusul este f\u0103r\u0103 efort \u0219i confortabil. Descoperi\u021bi \u0219i experimenta\u021bi numeroasele avantaje ale acestui vehicul comercial.","robots":{"index":"index","follow":"follow","max-snippet":"max-snippet:-1","max-image-preview":"max-image-preview:large","max-video-preview":"max-video-preview:-1"},"canonical":"https:\/\/www.vdhurk.nl\/ro\/vehicule-comerciale-renault\/stapan\/masina-2\/","og_locale":"ro_RO","og_type":"article","og_title":"De Renault Master automaat | Ideaal voor zakelijk gebruik","og_description":"Met de Renault Master automaat rijd je moeiteloos en comfortabel. Ontdek en ervaar de vele voordelen van deze bedrijfswagen.","og_url":"https:\/\/www.vdhurk.nl\/ro\/vehicule-comerciale-renault\/stapan\/masina-2\/","og_site_name":"Van den Hurk Bedrijfswagens","twitter_card":"summary_large_image","twitter_misc":{"Timp estimat pentru citire":"4 minute"},"schema":{"@context":"https:\/\/schema.org","@graph":[{"@type":"WebPage","@id":"https:\/\/www.vdhurk.nl\/renault-bedrijfswagens\/master\/automaat\/","url":"https:\/\/www.vdhurk.nl\/renault-bedrijfswagens\/master\/automaat\/","name":"Renault Master automat | Ideal pentru utilizarea \u00een afaceri","isPartOf":{"@id":"https:\/\/www.vdhurk.nl\/#website"},"datePublished":"2025-02-28T14:59:33+00:00","description":"Cu Renault Master automat, condusul este f\u0103r\u0103 efort \u0219i confortabil. Descoperi\u021bi \u0219i experimenta\u021bi numeroasele avantaje ale acestui vehicul comercial.","breadcrumb":{"@id":"https:\/\/www.vdhurk.nl\/renault-bedrijfswagens\/master\/automaat\/#breadcrumb"},"inLanguage":"ro-RO","potentialAction":[{"@type":"ReadAction","target":["https:\/\/www.vdhurk.nl\/renault-bedrijfswagens\/master\/automaat\/"]}]},{"@type":"BreadcrumbList","@id":"https:\/\/www.vdhurk.nl\/renault-bedrijfswagens\/master\/automaat\/#breadcrumb","itemListElement":[{"@type":"ListItem","position":1,"name":"Home","item":"https:\/\/www.vdhurk.nl\/home\/"},{"@type":"ListItem","position":2,"name":"Renault Bedrijfswagens","item":"https:\/\/www.vdhurk.nl\/renault-bedrijfswagens\/"},{"@type":"ListItem","position":3,"name":"Renault Master","item":"https:\/\/www.vdhurk.nl\/renault-bedrijfswagens\/master\/"},{"@type":"ListItem","position":4,"name":"Renault Master Automaat"}]},{"@type":"WebSite","@id":"https:\/\/www.vdhurk.nl\/#website","url":"https:\/\/www.vdhurk.nl\/","name":"Vehicule comerciale Van den Hurk","description":"Vehicule comerciale Van den Hurk Helmond","potentialAction":[{"@type":"SearchAction","target":{"@type":"EntryPoint","urlTemplate":"https:\/\/www.vdhurk.nl\/?s={search_term_string}"},"query-input":{"@type":"PropertyValueSpecification","valueRequired":true,"valueName":"search_term_string"}}],"inLanguage":"ro-RO"}]}},"_links":{"self":[{"href":"https:\/\/www.vdhurk.nl\/ro\/wp-json\/wp\/v2\/pages\/454894","targetHints":{"allow":["GET"]}}],"collection":[{"href":"https:\/\/www.vdhurk.nl\/ro\/wp-json\/wp\/v2\/pages"}],"about":[{"href":"https:\/\/www.vdhurk.nl\/ro\/wp-json\/wp\/v2\/types\/page"}],"author":[{"embeddable":true,"href":"https:\/\/www.vdhurk.nl\/ro\/wp-json\/wp\/v2\/users\/3"}],"replies":[{"embeddable":true,"href":"https:\/\/www.vdhurk.nl\/ro\/wp-json\/wp\/v2\/comments?post=454894"}],"version-history":[{"count":2,"href":"https:\/\/www.vdhurk.nl\/ro\/wp-json\/wp\/v2\/pages\/454894\/revisions"}],"predecessor-version":[{"id":454896,"href":"https:\/\/www.vdhurk.nl\/ro\/wp-json\/wp\/v2\/pages\/454894\/revisions\/454896"}],"up":[{"embeddable":true,"href":"https:\/\/www.vdhurk.nl\/ro\/wp-json\/wp\/v2\/pages\/422128"}],"wp:attachment":[{"href":"https:\/\/www.vdhurk.nl\/ro\/wp-json\/wp\/v2\/media?parent=454894"}],"curies":[{"name":"wp","href":"https:\/\/api.w.org\/{rel}","templated":true}]}}