{"id":454891,"date":"2025-02-28T15:35:12","date_gmt":"2025-02-28T14:35:12","guid":{"rendered":"https:\/\/www.vdhurk.nl\/?page_id=454891"},"modified":"2025-02-28T15:35:12","modified_gmt":"2025-02-28T14:35:12","slug":"masina-2","status":"publish","type":"page","link":"https:\/\/www.vdhurk.nl\/ro\/renault-bedrijfswagens\/kangoo\/automaat\/","title":{"rendered":"Renault Kangoo Automatic"},"content":{"rendered":"<section  class='av_textblock_section av-lu8gnh7d-4ac895489941e586c1d7c8cb72318135'  itemscope=\"itemscope\" itemtype=\"https:\/\/schema.org\/CreativeWork\" ><div class='avia_textblock'  itemprop=\"text\" ><h1>Ve\u021bi alege Renault Kangoo automat?<\/h1>\n<p>C\u0103uta\u021bi un vehicul comercial nou, f\u0103r\u0103 a fi nevoit s\u0103 schimba\u021bi vitezele? Atunci Renault Kangoo automat este o alegere inteligent\u0103! Versatil \u0219i popular printre antreprenori datorit\u0103 diferitelor versiuni \u0219i op\u021biuni pe care le po\u021bi adapta nevoilor tale. E\u0219ti curios cu privire la posibilit\u0103\u021bi? Afl\u0103 totul despre acest vehicul!<\/p>\n<\/div><\/section>\n\n<style type=\"text\/css\" data-created_by=\"avia_inline_auto\" id=\"style-css-av-lujjddpd-afa3d7a9eabd61123e643ed1228e781e\">\n#top .hr.hr-invisible.av-lujjddpd-afa3d7a9eabd61123e643ed1228e781e{\nheight:50px;\n}\n<\/style>\n<div  class='hr av-lujjddpd-afa3d7a9eabd61123e643ed1228e781e hr-invisible  avia-builder-el-1  el_after_av_textblock  el_before_av_codeblock'><span class='hr-inner'><span class=\"hr-inner-style\"><\/span><\/span><\/div>\n\n\n<style type=\"text\/css\" data-created_by=\"avia_inline_auto\" id=\"style-css-av-ah0xd-63338d9dc6b40410e22a712829c369d6\">\n#top .hr.hr-invisible.av-ah0xd-63338d9dc6b40410e22a712829c369d6{\nheight:50px;\n}\n<\/style>\n<div  class='hr av-ah0xd-63338d9dc6b40410e22a712829c369d6 hr-invisible  avia-builder-el-3  el_after_av_codeblock  el_before_av_textblock'><span class='hr-inner'><span class=\"hr-inner-style\"><\/span><\/span><\/div>\n<section  class='av_textblock_section av-lu8gow1e-300853e458ed741bd87d6cb78e55cc7a'  itemscope=\"itemscope\" itemtype=\"https:\/\/schema.org\/CreativeWork\" ><div class='avia_textblock'  itemprop=\"text\" ><h2>Descoperi\u021bi avantajele unei ma\u0219ini automate<\/h2>\n<p>Din ce \u00een ce mai mul\u021bi antreprenori opteaz\u0103 pentru un vehicul comercial cu transmisie automat\u0103, \u0219i din motive \u00eentemeiate. O transmisie automat\u0103 ofer\u0103 o mul\u021bime de avantaje care se potrivesc perfect antreprenorilor. De exemplu, o transmisie automat\u0103 nu numai c\u0103 face condusul mai u\u0219or, dar \u0219i mai confortabil, deoarece nu mai este necesar\u0103 schimbarea treptelor de vitez\u0103. Acest lucru este ideal mai ales \u00een traficul aglomerat din ora\u0219 sau atunci c\u00e2nd conduce\u021bi \u00een ambuteiaje. \u00cen plus, v\u0103 pute\u021bi concentra pe deplin asupra drumului, f\u0103r\u0103 riscul de a v\u0103 bloca ca \u00een cazul unei ma\u0219ini manuale. Pe scurt, o ma\u0219in\u0103 automat\u0103 este o alegere inteligent\u0103 pentru pl\u0103cerea de a conduce f\u0103r\u0103 efort \u0219i eficient.<\/p>\n<\/div><\/section>\n<div class='flex_column av-f64w1-da126f42b61613402309283c14245a25 av_one_half  avia-builder-el-5  el_after_av_textblock  el_before_av_one_third  first flex_column_div column-top-margin'   ><section  class='av_textblock_section av-lu8gpqre-73cc2c17e6a6497ba6e1b58af22bd9e8'  itemscope=\"itemscope\" itemtype=\"https:\/\/schema.org\/CreativeWork\" ><div class='avia_textblock'  itemprop=\"text\" ><h2>Tot ce ave\u021bi nevoie la \u00eendem\u00e2n\u0103<\/h2>\n<p>Renault Kangoo automat este conceput pentru utilizatorii de afaceri care doresc s\u0103 c\u0103l\u0103toreasc\u0103 f\u0103r\u0103 efort \u0219i eficient. Cu o capacitate de \u00eenc\u0103rcare ampl\u0103 \u0219i o configura\u021bie inteligent\u0103, utiliza\u021bi la maximum spa\u021biul. F\u0103r\u0103 b\u0103t\u0103i de cap la schimbarea vitezelor, transmisia automat\u0103 asigur\u0103 un confort de condus neted, ideal pentru traficul urban \u0219i c\u0103l\u0103toriile lungi \u00cen plus, Kangoo ofer\u0103 sisteme moderne de asisten\u021b\u0103 la condus, astfel \u00eenc\u00e2t s\u0103 pute\u021bi trece cu u\u0219urin\u021b\u0103 prin fiecare zi de lucru. Alege un vehicul comercial de \u00eencredere care \u00ee\u021bi face munca mai u\u0219oar\u0103. Descoper\u0103 ast\u0103zi Renault Kangoo automat ideal pentru tine!<\/p>\n<\/div><\/section><\/div><div class='flex_column av-aldk9-ee694297f5c4032981677a02caab84d6 av_one_third  avia-builder-el-7  el_after_av_one_half  el_before_av_hr  flex_column_div column-top-margin'   ><style type=\"text\/css\" data-created_by=\"avia_inline_auto\" id=\"style-css-av-l1w9kpsf-4ec3fab772ec7a9adaa33cfc64ff0475\">\n.avia-image-container.av-l1w9kpsf-4ec3fab772ec7a9adaa33cfc64ff0475 .av-image-caption-overlay-center{\ncolor:#ffffff;\n}\n<\/style>\n<div  class='avia-image-container av-l1w9kpsf-4ec3fab772ec7a9adaa33cfc64ff0475 av-styling- avia-align-center  avia-builder-el-8  avia-builder-el-no-sibling'  itemprop=\"image\" itemscope=\"itemscope\" itemtype=\"https:\/\/schema.org\/ImageObject\" ><div class=\"avia-image-container-inner\"><div class=\"avia-image-overlay-wrap\"><img decoding=\"async\" class='wp-image-187 avia-img-lazy-loading-not-187 avia_image' src=\"https:\/\/www.vdhurk.nl\/wp-content\/uploads\/2022\/03\/Voorrad.png\" alt='' title='Stoc'  height=\"758\" width=\"1135\"  itemprop=\"thumbnailUrl\" srcset=\"https:\/\/www.vdhurk.nl\/wp-content\/uploads\/2022\/03\/Voorrad.png 1135w, https:\/\/www.vdhurk.nl\/wp-content\/uploads\/2022\/03\/Voorrad-300x200.png 300w, https:\/\/www.vdhurk.nl\/wp-content\/uploads\/2022\/03\/Voorrad-1030x688.png 1030w, https:\/\/www.vdhurk.nl\/wp-content\/uploads\/2022\/03\/Voorrad-768x513.png 768w, https:\/\/www.vdhurk.nl\/wp-content\/uploads\/2022\/03\/Voorrad-18x12.png 18w, https:\/\/www.vdhurk.nl\/wp-content\/uploads\/2022\/03\/Voorrad-705x471.png 705w\" sizes=\"(max-width: 1135px) 100vw, 1135px\" \/><\/div><\/div><\/div><\/div><\/p>\n\n<style type=\"text\/css\" data-created_by=\"avia_inline_auto\" id=\"style-css-av-luqrjpjc-5a23a1fb5f94718ca85316a9df963e2f\">\n#top .hr.hr-invisible.av-luqrjpjc-5a23a1fb5f94718ca85316a9df963e2f{\nheight:50px;\n}\n<\/style>\n<div  class='hr av-luqrjpjc-5a23a1fb5f94718ca85316a9df963e2f hr-invisible  avia-builder-el-9  el_after_av_one_third  el_before_av_textblock'><span class='hr-inner'><span class=\"hr-inner-style\"><\/span><\/span><\/div>\n<section  class='av_textblock_section av-lu8gtjw7-4f3cee9304909518d86d2860d9d582dd'  itemscope=\"itemscope\" itemtype=\"https:\/\/schema.org\/CreativeWork\" ><div class='avia_textblock'  itemprop=\"text\" ><h2>La ce costuri ar trebui s\u0103 te g\u00e2nde\u0219ti cu un Renault Kangoo?<\/h2>\n<p>Sunte\u021bi curios cu privire la pre\u021bul unui Renault Kangoo automat? Depinde de echiparea, op\u021biunile \u0219i motorul pe care le alege\u021bi. Fie c\u0103 optezi pentru un model nou sau unul second-hand de \u00eencredere, exist\u0103 \u00eentotdeauna un Kangoo care se potrive\u0219te bugetului t\u0103u. Vrei s\u0103 \u0219tii ce op\u021biuni sunt disponibile pentru tine? Consulta\u021bi gama \u0219i afla\u021bi ce ma\u0219in\u0103 de companie se potrive\u0219te perfect afacerii dumneavoastr\u0103!<\/p>\n<h2>Este leasingul financiar ceva pentru tine?<\/h2>\n<p>Vrei s\u0103 cumperi un Renault Kangoo? La Van den Hurk, tu decizi cum s\u0103 pl\u0103te\u0219ti. Vrei s\u0103 faci o plat\u0103 unic\u0103 \u0219i s\u0103 devii imediat proprietar? Nicio problem\u0103! Dar \u0219tia\u021bi c\u0103 pute\u021bi opta \u0219i pentru <a href=\"https:\/\/www.vdhurk.nl\/ro\/leasing-financiar\/\">leasing financiar<\/a>? Acest lucru v\u0103 permite s\u0103 pleca\u021bi imediat cu ma\u0219ina dvs. de serviciu, pl\u0103tind \u00een rate lunare fixe. Astfel, combina\u021bi confortul unui nou vehicul de serviciu cu flexibilitatea financiar\u0103.<\/p>\n<h2>Fii cu ochii pe oferta noastr\u0103 curent\u0103<\/h2>\n<p>Dori\u021bi s\u0103 cump\u0103ra\u021bi un Renault Kangoo automat? Sau ai nevoie de mai multe informa\u021bii \u00eenainte de a lua o decizie? Am fi bucuro\u0219i s\u0103 v\u0103 ajut\u0103m s\u0103 face\u021bi alegerea potrivit\u0103. Consulta\u021bi oferta noastr\u0103 actual\u0103 sau contacta\u021bi-ne.<\/p>\n<\/div><\/section>","protected":false},"excerpt":{"rendered":"","protected":false},"author":3,"featured_media":0,"parent":409559,"menu_order":0,"comment_status":"closed","ping_status":"closed","template":"","meta":{"_acf_changed":false,"_improvement_type_select":"improve_an_existing","_thumb_yes_seoaic":false,"_frame_yes_seoaic":false,"seoaic_generate_description":"","seoaic_improve_instructions_prompt":"","seoaic_rollback_content_improvement":"","seoaic_idea_thumbnail_generator":"","thumbnail_generated":false,"thumbnail_generate_prompt":"","seoaic_article_description":"","footnotes":""},"class_list":["post-454891","page","type-page","status-publish","hentry"],"acf":[],"yoast_head":"<!-- This site is optimized with the Yoast SEO plugin v27.5 - https:\/\/yoast.com\/product\/yoast-seo-wordpress\/ -->\n<title>Ontdek de voordelen van de Renault Kangoo automaat<\/title>\n<meta name=\"description\" content=\"Op zoek naar een Renault Kangoo automaat? Ontdek de verschillende varianten en vind de bedrijfswagen die perfect bij jouw onderneming past.\" \/>\n<meta name=\"robots\" content=\"index, follow, max-snippet:-1, max-image-preview:large, max-video-preview:-1\" \/>\n<link rel=\"canonical\" href=\"https:\/\/www.vdhurk.nl\/ro\/vehicule-comerciale-renault\/mercedes-10\/masina-2\/\" \/>\n<meta property=\"og:locale\" content=\"ro_RO\" \/>\n<meta property=\"og:type\" content=\"article\" \/>\n<meta property=\"og:title\" content=\"Ontdek de voordelen van de Renault Kangoo automaat\" \/>\n<meta property=\"og:description\" content=\"Op zoek naar een Renault Kangoo automaat? Ontdek de verschillende varianten en vind de bedrijfswagen die perfect bij jouw onderneming past.\" \/>\n<meta property=\"og:url\" content=\"https:\/\/www.vdhurk.nl\/ro\/vehicule-comerciale-renault\/mercedes-10\/masina-2\/\" \/>\n<meta property=\"og:site_name\" content=\"Van den Hurk Bedrijfswagens\" \/>\n<meta name=\"twitter:card\" content=\"summary_large_image\" \/>\n<meta name=\"twitter:label1\" content=\"Timp estimat pentru citire\" \/>\n\t<meta name=\"twitter:data1\" content=\"4 minute\" \/>\n<script type=\"application\/ld+json\" class=\"yoast-schema-graph\">{\"@context\":\"https:\\\/\\\/schema.org\",\"@graph\":[{\"@type\":\"WebPage\",\"@id\":\"https:\\\/\\\/www.vdhurk.nl\\\/renault-bedrijfswagens\\\/kangoo\\\/automaat\\\/\",\"url\":\"https:\\\/\\\/www.vdhurk.nl\\\/renault-bedrijfswagens\\\/kangoo\\\/automaat\\\/\",\"name\":\"Ontdek de voordelen van de Renault Kangoo automaat\",\"isPartOf\":{\"@id\":\"https:\\\/\\\/www.vdhurk.nl\\\/#website\"},\"datePublished\":\"2025-02-28T14:35:12+00:00\",\"description\":\"Op zoek naar een Renault Kangoo automaat? Ontdek de verschillende varianten en vind de bedrijfswagen die perfect bij jouw onderneming past.\",\"breadcrumb\":{\"@id\":\"https:\\\/\\\/www.vdhurk.nl\\\/renault-bedrijfswagens\\\/kangoo\\\/automaat\\\/#breadcrumb\"},\"inLanguage\":\"ro-RO\",\"potentialAction\":[{\"@type\":\"ReadAction\",\"target\":[\"https:\\\/\\\/www.vdhurk.nl\\\/renault-bedrijfswagens\\\/kangoo\\\/automaat\\\/\"]}]},{\"@type\":\"BreadcrumbList\",\"@id\":\"https:\\\/\\\/www.vdhurk.nl\\\/renault-bedrijfswagens\\\/kangoo\\\/automaat\\\/#breadcrumb\",\"itemListElement\":[{\"@type\":\"ListItem\",\"position\":1,\"name\":\"Home\",\"item\":\"https:\\\/\\\/www.vdhurk.nl\\\/home\\\/\"},{\"@type\":\"ListItem\",\"position\":2,\"name\":\"Renault Bedrijfswagens\",\"item\":\"https:\\\/\\\/www.vdhurk.nl\\\/renault-bedrijfswagens\\\/\"},{\"@type\":\"ListItem\",\"position\":3,\"name\":\"Renault Kangoo\",\"item\":\"https:\\\/\\\/www.vdhurk.nl\\\/renault-bedrijfswagens\\\/kangoo\\\/\"},{\"@type\":\"ListItem\",\"position\":4,\"name\":\"Renault Kangoo Automaat\"}]},{\"@type\":\"WebSite\",\"@id\":\"https:\\\/\\\/www.vdhurk.nl\\\/#website\",\"url\":\"https:\\\/\\\/www.vdhurk.nl\\\/\",\"name\":\"Van den Hurk Bedrijfswagens\",\"description\":\"Van den Hurk bedrijfswagens Helmond\",\"potentialAction\":[{\"@type\":\"SearchAction\",\"target\":{\"@type\":\"EntryPoint\",\"urlTemplate\":\"https:\\\/\\\/www.vdhurk.nl\\\/?s={search_term_string}\"},\"query-input\":{\"@type\":\"PropertyValueSpecification\",\"valueRequired\":true,\"valueName\":\"search_term_string\"}}],\"inLanguage\":\"ro-RO\"}]}<\/script>\n<!-- \/ Yoast SEO plugin. -->","yoast_head_json":{"title":"Descoperi\u021bi avantajele transmisiei automate Renault Kangoo","description":"C\u0103uta\u021bi un Renault Kangoo automat? Exploreaz\u0103 diferitele variante \u0219i g\u0103se\u0219te vehiculul comercial care se potrive\u0219te perfect afacerii tale.","robots":{"index":"index","follow":"follow","max-snippet":"max-snippet:-1","max-image-preview":"max-image-preview:large","max-video-preview":"max-video-preview:-1"},"canonical":"https:\/\/www.vdhurk.nl\/ro\/vehicule-comerciale-renault\/mercedes-10\/masina-2\/","og_locale":"ro_RO","og_type":"article","og_title":"Ontdek de voordelen van de Renault Kangoo automaat","og_description":"Op zoek naar een Renault Kangoo automaat? Ontdek de verschillende varianten en vind de bedrijfswagen die perfect bij jouw onderneming past.","og_url":"https:\/\/www.vdhurk.nl\/ro\/vehicule-comerciale-renault\/mercedes-10\/masina-2\/","og_site_name":"Van den Hurk Bedrijfswagens","twitter_card":"summary_large_image","twitter_misc":{"Timp estimat pentru citire":"4 minute"},"schema":{"@context":"https:\/\/schema.org","@graph":[{"@type":"WebPage","@id":"https:\/\/www.vdhurk.nl\/renault-bedrijfswagens\/kangoo\/automaat\/","url":"https:\/\/www.vdhurk.nl\/renault-bedrijfswagens\/kangoo\/automaat\/","name":"Descoperi\u021bi avantajele transmisiei automate Renault Kangoo","isPartOf":{"@id":"https:\/\/www.vdhurk.nl\/#website"},"datePublished":"2025-02-28T14:35:12+00:00","description":"C\u0103uta\u021bi un Renault Kangoo automat? Exploreaz\u0103 diferitele variante \u0219i g\u0103se\u0219te vehiculul comercial care se potrive\u0219te perfect afacerii tale.","breadcrumb":{"@id":"https:\/\/www.vdhurk.nl\/renault-bedrijfswagens\/kangoo\/automaat\/#breadcrumb"},"inLanguage":"ro-RO","potentialAction":[{"@type":"ReadAction","target":["https:\/\/www.vdhurk.nl\/renault-bedrijfswagens\/kangoo\/automaat\/"]}]},{"@type":"BreadcrumbList","@id":"https:\/\/www.vdhurk.nl\/renault-bedrijfswagens\/kangoo\/automaat\/#breadcrumb","itemListElement":[{"@type":"ListItem","position":1,"name":"Home","item":"https:\/\/www.vdhurk.nl\/home\/"},{"@type":"ListItem","position":2,"name":"Renault Bedrijfswagens","item":"https:\/\/www.vdhurk.nl\/renault-bedrijfswagens\/"},{"@type":"ListItem","position":3,"name":"Renault Kangoo","item":"https:\/\/www.vdhurk.nl\/renault-bedrijfswagens\/kangoo\/"},{"@type":"ListItem","position":4,"name":"Renault Kangoo Automaat"}]},{"@type":"WebSite","@id":"https:\/\/www.vdhurk.nl\/#website","url":"https:\/\/www.vdhurk.nl\/","name":"Vehicule comerciale Van den Hurk","description":"Vehicule comerciale Van den Hurk Helmond","potentialAction":[{"@type":"SearchAction","target":{"@type":"EntryPoint","urlTemplate":"https:\/\/www.vdhurk.nl\/?s={search_term_string}"},"query-input":{"@type":"PropertyValueSpecification","valueRequired":true,"valueName":"search_term_string"}}],"inLanguage":"ro-RO"}]}},"_links":{"self":[{"href":"https:\/\/www.vdhurk.nl\/ro\/wp-json\/wp\/v2\/pages\/454891","targetHints":{"allow":["GET"]}}],"collection":[{"href":"https:\/\/www.vdhurk.nl\/ro\/wp-json\/wp\/v2\/pages"}],"about":[{"href":"https:\/\/www.vdhurk.nl\/ro\/wp-json\/wp\/v2\/types\/page"}],"author":[{"embeddable":true,"href":"https:\/\/www.vdhurk.nl\/ro\/wp-json\/wp\/v2\/users\/3"}],"replies":[{"embeddable":true,"href":"https:\/\/www.vdhurk.nl\/ro\/wp-json\/wp\/v2\/comments?post=454891"}],"version-history":[{"count":2,"href":"https:\/\/www.vdhurk.nl\/ro\/wp-json\/wp\/v2\/pages\/454891\/revisions"}],"predecessor-version":[{"id":454893,"href":"https:\/\/www.vdhurk.nl\/ro\/wp-json\/wp\/v2\/pages\/454891\/revisions\/454893"}],"up":[{"embeddable":true,"href":"https:\/\/www.vdhurk.nl\/ro\/wp-json\/wp\/v2\/pages\/409559"}],"wp:attachment":[{"href":"https:\/\/www.vdhurk.nl\/ro\/wp-json\/wp\/v2\/media?parent=454891"}],"curies":[{"name":"wp","href":"https:\/\/api.w.org\/{rel}","templated":true}]}}