{"id":454888,"date":"2025-02-28T15:27:04","date_gmt":"2025-02-28T14:27:04","guid":{"rendered":"https:\/\/www.vdhurk.nl\/?page_id=454888"},"modified":"2025-02-28T15:58:18","modified_gmt":"2025-02-28T14:58:18","slug":"masina-2","status":"publish","type":"page","link":"https:\/\/www.vdhurk.nl\/ro\/opel-bedrijfswagens\/vivaro\/automaat\/","title":{"rendered":"Opel Vivaro Automatic"},"content":{"rendered":"<section  class='av_textblock_section av-lu8gnh7d-4ac895489941e586c1d7c8cb72318135'  itemscope=\"itemscope\" itemtype=\"https:\/\/schema.org\/CreativeWork\" ><div class='avia_textblock'  itemprop=\"text\" ><h1>C\u0103uta\u021bi un Opel Vivaro automat?<\/h1>\n<p>Ai nevoie de o ma\u0219in\u0103 de serviciu nou\u0103 \u0219i vrei s\u0103 conduci f\u0103r\u0103 s\u0103 schimbi vitezele? Opel Vivaro automat este solu\u021bia pentru afacerea ta. Fiabil, versatil \u0219i extrem de popular printre antreprenori. Afl\u0103 de ce acest model se potrive\u0219te perfect nevoilor afacerii tale!<\/p>\n<\/div><\/section>\n\n<style type=\"text\/css\" data-created_by=\"avia_inline_auto\" id=\"style-css-av-lujjddpd-afa3d7a9eabd61123e643ed1228e781e\">\n#top .hr.hr-invisible.av-lujjddpd-afa3d7a9eabd61123e643ed1228e781e{\nheight:50px;\n}\n<\/style>\n<div  class='hr av-lujjddpd-afa3d7a9eabd61123e643ed1228e781e hr-invisible  avia-builder-el-1  el_after_av_textblock  el_before_av_codeblock'><span class='hr-inner'><span class=\"hr-inner-style\"><\/span><\/span><\/div>\n\n\n<style type=\"text\/css\" data-created_by=\"avia_inline_auto\" id=\"style-css-av-ah0xd-63338d9dc6b40410e22a712829c369d6\">\n#top .hr.hr-invisible.av-ah0xd-63338d9dc6b40410e22a712829c369d6{\nheight:50px;\n}\n<\/style>\n<div  class='hr av-ah0xd-63338d9dc6b40410e22a712829c369d6 hr-invisible  avia-builder-el-3  el_after_av_codeblock  el_before_av_textblock'><span class='hr-inner'><span class=\"hr-inner-style\"><\/span><\/span><\/div>\n<section  class='av_textblock_section av-lu8gow1e-300853e458ed741bd87d6cb78e55cc7a'  itemscope=\"itemscope\" itemtype=\"https:\/\/schema.org\/CreativeWork\" ><div class='avia_textblock'  itemprop=\"text\" ><h2>De ce s\u0103 alege\u021bi Opel Vivaro automat?<\/h2>\n<p>Opel Vivaro automatic este vehiculul comercial ideal pentru cei care doresc s\u0103 fie confortabili \u0219i eficien\u021bi pe drum. Aceast\u0103 furgonet\u0103 de dimensiuni medii combin\u0103 spa\u021biul, u\u0219urin\u021ba \u00een conducere \u0219i fiabilitatea, ceea ce o face s\u0103 se potriveasc\u0103 perfect nevoilor tale de afaceri. Fie c\u0103 parcurge\u021bi mul\u021bi kilometri zilnic sau transporta\u021bi \u00een mod regulat \u00eenc\u0103rc\u0103turi grele, Vivaro automatic se adapteaz\u0103 f\u0103r\u0103 efort. Un mare avantaj este designul s\u0103u u\u0219or de utilizat. U\u0219ile din spate cu deschidere foarte larg\u0103 fac ca \u00eenc\u0103rcarea \u0219i desc\u0103rcarea s\u0103 fie floare la ureche. \u00cen interior, ve\u021bi g\u0103si un interior practic \u0219i robust, conceput pentru a face fa\u021b\u0103 utiliz\u0103rii intensive. Datorit\u0103 materialelor robuste, aceast\u0103 dubi\u021b\u0103 este o alegere durabil\u0103, astfel \u00eenc\u00e2t s\u0103 pute\u021bi ajunge de la A la B f\u0103r\u0103 griji.<\/p>\n<\/div><\/section>\n<div class='flex_column av-f64w1-da126f42b61613402309283c14245a25 av_one_half  avia-builder-el-5  el_after_av_textblock  el_before_av_one_third  first flex_column_div column-top-margin'   ><section  class='av_textblock_section av-lu8gpqre-73cc2c17e6a6497ba6e1b58af22bd9e8'  itemscope=\"itemscope\" itemtype=\"https:\/\/schema.org\/CreativeWork\" ><div class='avia_textblock'  itemprop=\"text\" ><h2>Avantajele unui sistem automat<\/h2>\n<p>Din ce \u00een ce mai mul\u021bi proprietari de \u00eentreprinderi opteaz\u0103 pentru o ma\u0219in\u0103 de serviciu cu transmisie automat\u0103, \u0219i asta pentru un motiv \u00eentemeiat. O transmisie automat\u0103 face condusul mult mai confortabil \u0219i mai u\u0219or, mai ales dac\u0103 sunte\u021bi mult pe drum. Nu mai trebuie s\u0103 v\u0103 chinui\u021bi s\u0103 schimba\u021bi vitezele \u00een traficul aglomerat din ora\u0219 sau s\u0103 v\u0103 \u00eenghesui\u021bi la nesf\u00e2r\u0219it \u00een blocajele din trafic. V\u0103 pute\u021bi concentra pe deplin asupra drumului. O cutie automat\u0103 ofer\u0103 un plus de confort \u0219i pl\u0103cere de a conduce, ceea ce o face o alegere inteligent\u0103 pentru orice afacere.<\/p>\n<\/div><\/section><\/div><div class='flex_column av-aldk9-ee694297f5c4032981677a02caab84d6 av_one_third  avia-builder-el-7  el_after_av_one_half  el_before_av_hr  flex_column_div column-top-margin'   ><style type=\"text\/css\" data-created_by=\"avia_inline_auto\" id=\"style-css-av-l1w9kpsf-4ec3fab772ec7a9adaa33cfc64ff0475\">\n.avia-image-container.av-l1w9kpsf-4ec3fab772ec7a9adaa33cfc64ff0475 .av-image-caption-overlay-center{\ncolor:#ffffff;\n}\n<\/style>\n<div  class='avia-image-container av-l1w9kpsf-4ec3fab772ec7a9adaa33cfc64ff0475 av-styling- avia-align-center  avia-builder-el-8  avia-builder-el-no-sibling'  itemprop=\"image\" itemscope=\"itemscope\" itemtype=\"https:\/\/schema.org\/ImageObject\" ><div class=\"avia-image-container-inner\"><div class=\"avia-image-overlay-wrap\"><img decoding=\"async\" class='wp-image-187 avia-img-lazy-loading-not-187 avia_image' src=\"https:\/\/www.vdhurk.nl\/wp-content\/uploads\/2022\/03\/Voorrad.png\" alt='' title='Stoc'  height=\"758\" width=\"1135\"  itemprop=\"thumbnailUrl\" srcset=\"https:\/\/www.vdhurk.nl\/wp-content\/uploads\/2022\/03\/Voorrad.png 1135w, https:\/\/www.vdhurk.nl\/wp-content\/uploads\/2022\/03\/Voorrad-300x200.png 300w, https:\/\/www.vdhurk.nl\/wp-content\/uploads\/2022\/03\/Voorrad-1030x688.png 1030w, https:\/\/www.vdhurk.nl\/wp-content\/uploads\/2022\/03\/Voorrad-768x513.png 768w, https:\/\/www.vdhurk.nl\/wp-content\/uploads\/2022\/03\/Voorrad-18x12.png 18w, https:\/\/www.vdhurk.nl\/wp-content\/uploads\/2022\/03\/Voorrad-705x471.png 705w\" sizes=\"(max-width: 1135px) 100vw, 1135px\" \/><\/div><\/div><\/div><\/div><\/p>\n\n<style type=\"text\/css\" data-created_by=\"avia_inline_auto\" id=\"style-css-av-luqrjpjc-5a23a1fb5f94718ca85316a9df963e2f\">\n#top .hr.hr-invisible.av-luqrjpjc-5a23a1fb5f94718ca85316a9df963e2f{\nheight:50px;\n}\n<\/style>\n<div  class='hr av-luqrjpjc-5a23a1fb5f94718ca85316a9df963e2f hr-invisible  avia-builder-el-9  el_after_av_one_third  el_before_av_textblock'><span class='hr-inner'><span class=\"hr-inner-style\"><\/span><\/span><\/div>\n<section  class='av_textblock_section av-lu8gtjw7-4f3cee9304909518d86d2860d9d582dd'  itemscope=\"itemscope\" itemtype=\"https:\/\/schema.org\/CreativeWork\" ><div class='avia_textblock'  itemprop=\"text\" ><h2>Costul unui Opel Vivaro automat?<\/h2>\n<p>Pre\u021bul unui Opel Vivaro automat depinde de ceea ce c\u0103uta\u021bi. \u00cen oferta noastr\u0103 ve\u021bi g\u0103si diferite variante, de la simple versiuni de baz\u0103 p\u00e2n\u0103 la modele complet echipate. Gama noastr\u0103 se schimb\u0103 constant, ceea ce face dificil\u0103 oferirea unei indica\u021bii de pre\u021b. Exist\u0103 \u00eentotdeauna o versiune care se potrive\u0219te bugetului t\u0103u.<\/p>\n<h2>Cump\u0103ra\u021bi sau \u00eenchiria\u021bi Opel Vivaro<\/h2>\n<p>\u0218tia\u021bi c\u0103 ave\u021bi mai multe op\u021biuni de plat\u0103 cu noi? Pute\u021bi alege s\u0103 cump\u0103ra\u021bi un vehicul comercial sau s\u0103 \u00eenchiria\u021bi unul. Cu <a href=\"https:\/\/www.vdhurk.nl\/ro\/leasing-financiar\/\">leasing financiar<\/a> pl\u0103ti\u021bi o sum\u0103 fix\u0103 pe lun\u0103, astfel \u00eenc\u00e2t nu trebuie s\u0103 investi\u021bi o sum\u0103 mare deodat\u0103. Pe parcursul perioadei de leasing, deveni\u021bi treptat proprietarul vehiculului. Contractul s-a \u00eencheiat? Atunci sunte\u021bi proprietar cu drepturi depline!<\/p>\n<h2>G\u0103se\u0219te Opel Vivaro perfect<\/h2>\n<p>E\u0219ti convins c\u0103 Opel Vivaro automatic este ma\u0219ina perfect\u0103 pentru compania ta? Sau mai ai nevoie de c\u00e2teva informa\u021bii suplimentare? Ne-ar face pl\u0103cere s\u0103 \u00ee\u021bi spunem mai multe despre acest model, astfel \u00eenc\u00e2t s\u0103 faci \u00eentotdeauna alegerea corect\u0103. <a href=\"https:\/\/www.vdhurk.nl\/ro\/contactati\/\">Contacta\u021bi-ne<\/a> pentru mai multe informa\u021bii sau urm\u0103ri\u021bi oferta noastr\u0103 actual\u0103.<\/p>\n<\/div><\/section>","protected":false},"excerpt":{"rendered":"","protected":false},"author":3,"featured_media":0,"parent":422100,"menu_order":0,"comment_status":"closed","ping_status":"closed","template":"","meta":{"_acf_changed":false,"_improvement_type_select":"improve_an_existing","_thumb_yes_seoaic":false,"_frame_yes_seoaic":false,"seoaic_generate_description":"","seoaic_improve_instructions_prompt":"","seoaic_rollback_content_improvement":"","seoaic_idea_thumbnail_generator":"","thumbnail_generated":false,"thumbnail_generate_prompt":"","seoaic_article_description":"","footnotes":""},"class_list":["post-454888","page","type-page","status-publish","hentry"],"acf":[],"yoast_head":"<!-- This site is optimized with the Yoast SEO plugin v27.3 - https:\/\/yoast.com\/product\/yoast-seo-wordpress\/ -->\n<title>Op zoek naar een Opel Vivaro automaat? Bekijk het aanbod!<\/title>\n<meta name=\"description\" content=\"Overweeg je een Opel Vivaro automaat? Ontdek de specificaties en voordelen van dit model en bepaal of dit bij jouw onderneming past.\" \/>\n<meta name=\"robots\" content=\"index, follow, max-snippet:-1, max-image-preview:large, max-video-preview:-1\" \/>\n<link rel=\"canonical\" href=\"https:\/\/www.vdhurk.nl\/ro\/vehicule-comerciale-vauxhall\/vivaro\/masina-2\/\" \/>\n<meta property=\"og:locale\" content=\"ro_RO\" \/>\n<meta property=\"og:type\" content=\"article\" \/>\n<meta property=\"og:title\" content=\"Op zoek naar een Opel Vivaro automaat? Bekijk het aanbod!\" \/>\n<meta property=\"og:description\" content=\"Overweeg je een Opel Vivaro automaat? Ontdek de specificaties en voordelen van dit model en bepaal of dit bij jouw onderneming past.\" \/>\n<meta property=\"og:url\" content=\"https:\/\/www.vdhurk.nl\/ro\/vehicule-comerciale-vauxhall\/vivaro\/masina-2\/\" \/>\n<meta property=\"og:site_name\" content=\"Van den Hurk Bedrijfswagens\" \/>\n<meta property=\"article:modified_time\" content=\"2025-02-28T14:58:18+00:00\" \/>\n<meta name=\"twitter:card\" content=\"summary_large_image\" \/>\n<meta name=\"twitter:label1\" content=\"Timp estimat pentru citire\" \/>\n\t<meta name=\"twitter:data1\" content=\"4 minute\" \/>\n<script type=\"application\/ld+json\" class=\"yoast-schema-graph\">{\"@context\":\"https:\\\/\\\/schema.org\",\"@graph\":[{\"@type\":\"WebPage\",\"@id\":\"https:\\\/\\\/www.vdhurk.nl\\\/opel-bedrijfswagens\\\/vivaro\\\/automaat\\\/\",\"url\":\"https:\\\/\\\/www.vdhurk.nl\\\/opel-bedrijfswagens\\\/vivaro\\\/automaat\\\/\",\"name\":\"Op zoek naar een Opel Vivaro automaat? Bekijk het aanbod!\",\"isPartOf\":{\"@id\":\"https:\\\/\\\/www.vdhurk.nl\\\/#website\"},\"datePublished\":\"2025-02-28T14:27:04+00:00\",\"dateModified\":\"2025-02-28T14:58:18+00:00\",\"description\":\"Overweeg je een Opel Vivaro automaat? Ontdek de specificaties en voordelen van dit model en bepaal of dit bij jouw onderneming past.\",\"breadcrumb\":{\"@id\":\"https:\\\/\\\/www.vdhurk.nl\\\/opel-bedrijfswagens\\\/vivaro\\\/automaat\\\/#breadcrumb\"},\"inLanguage\":\"ro-RO\",\"potentialAction\":[{\"@type\":\"ReadAction\",\"target\":[\"https:\\\/\\\/www.vdhurk.nl\\\/opel-bedrijfswagens\\\/vivaro\\\/automaat\\\/\"]}]},{\"@type\":\"BreadcrumbList\",\"@id\":\"https:\\\/\\\/www.vdhurk.nl\\\/opel-bedrijfswagens\\\/vivaro\\\/automaat\\\/#breadcrumb\",\"itemListElement\":[{\"@type\":\"ListItem\",\"position\":1,\"name\":\"Home\",\"item\":\"https:\\\/\\\/www.vdhurk.nl\\\/home\\\/\"},{\"@type\":\"ListItem\",\"position\":2,\"name\":\"Opel Bedrijfswagens\",\"item\":\"https:\\\/\\\/www.vdhurk.nl\\\/opel-bedrijfswagens\\\/\"},{\"@type\":\"ListItem\",\"position\":3,\"name\":\"Open Vivaro\",\"item\":\"https:\\\/\\\/www.vdhurk.nl\\\/opel-bedrijfswagens\\\/vivaro\\\/\"},{\"@type\":\"ListItem\",\"position\":4,\"name\":\"Opel Vivaro Automaat\"}]},{\"@type\":\"WebSite\",\"@id\":\"https:\\\/\\\/www.vdhurk.nl\\\/#website\",\"url\":\"https:\\\/\\\/www.vdhurk.nl\\\/\",\"name\":\"Van den Hurk Bedrijfswagens\",\"description\":\"Van den Hurk bedrijfswagens Helmond\",\"potentialAction\":[{\"@type\":\"SearchAction\",\"target\":{\"@type\":\"EntryPoint\",\"urlTemplate\":\"https:\\\/\\\/www.vdhurk.nl\\\/?s={search_term_string}\"},\"query-input\":{\"@type\":\"PropertyValueSpecification\",\"valueRequired\":true,\"valueName\":\"search_term_string\"}}],\"inLanguage\":\"ro-RO\"}]}<\/script>\n<!-- \/ Yoast SEO plugin. -->","yoast_head_json":{"title":"C\u0103uta\u021bi un Opel Vivaro automat? Verific\u0103 oferta!","description":"Te g\u00e2nde\u0219ti la un Opel Vivaro automat? Descoper\u0103 specifica\u021biile \u0219i beneficiile acestui model \u0219i decide dac\u0103 se potrive\u0219te afacerii tale.","robots":{"index":"index","follow":"follow","max-snippet":"max-snippet:-1","max-image-preview":"max-image-preview:large","max-video-preview":"max-video-preview:-1"},"canonical":"https:\/\/www.vdhurk.nl\/ro\/vehicule-comerciale-vauxhall\/vivaro\/masina-2\/","og_locale":"ro_RO","og_type":"article","og_title":"Op zoek naar een Opel Vivaro automaat? Bekijk het aanbod!","og_description":"Overweeg je een Opel Vivaro automaat? Ontdek de specificaties en voordelen van dit model en bepaal of dit bij jouw onderneming past.","og_url":"https:\/\/www.vdhurk.nl\/ro\/vehicule-comerciale-vauxhall\/vivaro\/masina-2\/","og_site_name":"Van den Hurk Bedrijfswagens","article_modified_time":"2025-02-28T14:58:18+00:00","twitter_card":"summary_large_image","twitter_misc":{"Timp estimat pentru citire":"4 minute"},"schema":{"@context":"https:\/\/schema.org","@graph":[{"@type":"WebPage","@id":"https:\/\/www.vdhurk.nl\/opel-bedrijfswagens\/vivaro\/automaat\/","url":"https:\/\/www.vdhurk.nl\/opel-bedrijfswagens\/vivaro\/automaat\/","name":"C\u0103uta\u021bi un Opel Vivaro automat? Verific\u0103 oferta!","isPartOf":{"@id":"https:\/\/www.vdhurk.nl\/#website"},"datePublished":"2025-02-28T14:27:04+00:00","dateModified":"2025-02-28T14:58:18+00:00","description":"Te g\u00e2nde\u0219ti la un Opel Vivaro automat? Descoper\u0103 specifica\u021biile \u0219i beneficiile acestui model \u0219i decide dac\u0103 se potrive\u0219te afacerii tale.","breadcrumb":{"@id":"https:\/\/www.vdhurk.nl\/opel-bedrijfswagens\/vivaro\/automaat\/#breadcrumb"},"inLanguage":"ro-RO","potentialAction":[{"@type":"ReadAction","target":["https:\/\/www.vdhurk.nl\/opel-bedrijfswagens\/vivaro\/automaat\/"]}]},{"@type":"BreadcrumbList","@id":"https:\/\/www.vdhurk.nl\/opel-bedrijfswagens\/vivaro\/automaat\/#breadcrumb","itemListElement":[{"@type":"ListItem","position":1,"name":"Home","item":"https:\/\/www.vdhurk.nl\/home\/"},{"@type":"ListItem","position":2,"name":"Opel Bedrijfswagens","item":"https:\/\/www.vdhurk.nl\/opel-bedrijfswagens\/"},{"@type":"ListItem","position":3,"name":"Open Vivaro","item":"https:\/\/www.vdhurk.nl\/opel-bedrijfswagens\/vivaro\/"},{"@type":"ListItem","position":4,"name":"Opel Vivaro Automaat"}]},{"@type":"WebSite","@id":"https:\/\/www.vdhurk.nl\/#website","url":"https:\/\/www.vdhurk.nl\/","name":"Vehicule comerciale Van den Hurk","description":"Vehicule comerciale Van den Hurk Helmond","potentialAction":[{"@type":"SearchAction","target":{"@type":"EntryPoint","urlTemplate":"https:\/\/www.vdhurk.nl\/?s={search_term_string}"},"query-input":{"@type":"PropertyValueSpecification","valueRequired":true,"valueName":"search_term_string"}}],"inLanguage":"ro-RO"}]}},"_links":{"self":[{"href":"https:\/\/www.vdhurk.nl\/ro\/wp-json\/wp\/v2\/pages\/454888","targetHints":{"allow":["GET"]}}],"collection":[{"href":"https:\/\/www.vdhurk.nl\/ro\/wp-json\/wp\/v2\/pages"}],"about":[{"href":"https:\/\/www.vdhurk.nl\/ro\/wp-json\/wp\/v2\/types\/page"}],"author":[{"embeddable":true,"href":"https:\/\/www.vdhurk.nl\/ro\/wp-json\/wp\/v2\/users\/3"}],"replies":[{"embeddable":true,"href":"https:\/\/www.vdhurk.nl\/ro\/wp-json\/wp\/v2\/comments?post=454888"}],"version-history":[{"count":3,"href":"https:\/\/www.vdhurk.nl\/ro\/wp-json\/wp\/v2\/pages\/454888\/revisions"}],"predecessor-version":[{"id":454905,"href":"https:\/\/www.vdhurk.nl\/ro\/wp-json\/wp\/v2\/pages\/454888\/revisions\/454905"}],"up":[{"embeddable":true,"href":"https:\/\/www.vdhurk.nl\/ro\/wp-json\/wp\/v2\/pages\/422100"}],"wp:attachment":[{"href":"https:\/\/www.vdhurk.nl\/ro\/wp-json\/wp\/v2\/media?parent=454888"}],"curies":[{"name":"wp","href":"https:\/\/api.w.org\/{rel}","templated":true}]}}