{"id":442881,"date":"2025-02-06T17:19:07","date_gmt":"2025-02-06T16:19:07","guid":{"rendered":"https:\/\/www.vdhurk.nl\/?page_id=442881"},"modified":"2025-02-06T17:19:07","modified_gmt":"2025-02-06T16:19:07","slug":"masina-2","status":"publish","type":"page","link":"https:\/\/www.vdhurk.nl\/ro\/volkswagen-bedrijfswagens\/transporter\/automaat\/","title":{"rendered":"Volkswagen Transporter Automatic"},"content":{"rendered":"<section  class='av_textblock_section av-lu8gnh7d-4ac895489941e586c1d7c8cb72318135'  itemscope=\"itemscope\" itemtype=\"https:\/\/schema.org\/CreativeWork\" ><div class='avia_textblock'  itemprop=\"text\" ><h1>Cump\u0103ra\u021bi Volkswagen Transporter automat?<\/h1>\n<p>C\u0103uta\u021bi un vehicul comercial care s\u0103 combine fiabilitatea \u0219i confortul? Volkswagen Transporter automat este alegerea perfect\u0103 pentru antreprenorii care doresc s\u0103 ob\u021bin\u0103 mai mult de la vehiculul lor comercial. Modelele Volkswagen Transporter \u00ee\u021bi duc experien\u021ba de condus la nivelul urm\u0103tor cu confortul unei transmisii automate. Descoper\u0103 toate op\u021biunile pentru tine.<\/p>\n<\/div><\/section>\n\n<style type=\"text\/css\" data-created_by=\"avia_inline_auto\" id=\"style-css-av-lujjddpd-afa3d7a9eabd61123e643ed1228e781e\">\n#top .hr.hr-invisible.av-lujjddpd-afa3d7a9eabd61123e643ed1228e781e{\nheight:50px;\n}\n<\/style>\n<div  class='hr av-lujjddpd-afa3d7a9eabd61123e643ed1228e781e hr-invisible  avia-builder-el-1  el_after_av_textblock  el_before_av_codeblock'><span class='hr-inner'><span class=\"hr-inner-style\"><\/span><\/span><\/div>\n\n\n<style type=\"text\/css\" data-created_by=\"avia_inline_auto\" id=\"style-css-av-ah0xd-63338d9dc6b40410e22a712829c369d6\">\n#top .hr.hr-invisible.av-ah0xd-63338d9dc6b40410e22a712829c369d6{\nheight:50px;\n}\n<\/style>\n<div  class='hr av-ah0xd-63338d9dc6b40410e22a712829c369d6 hr-invisible  avia-builder-el-3  el_after_av_codeblock  el_before_av_textblock'><span class='hr-inner'><span class=\"hr-inner-style\"><\/span><\/span><\/div>\n<section  class='av_textblock_section av-lu8gow1e-300853e458ed741bd87d6cb78e55cc7a'  itemscope=\"itemscope\" itemtype=\"https:\/\/schema.org\/CreativeWork\" ><div class='avia_textblock'  itemprop=\"text\" ><h2>De ce s\u0103 alege\u021bi o ma\u0219in\u0103 automat\u0103?<\/h2>\n<p>Din ce \u00een ce mai mul\u021bi antreprenori trec la un vehicul comercial cu transmisie automat\u0103, \u0219i asta pentru un motiv \u00eentemeiat. O transmisie automat\u0103 ofer\u0103 confort \u0219i mai mult\u0103 concentrare pe drum, deoarece schimbarea treptelor de vitez\u0103 este complet automat\u0103. Acest lucru este ideal \u00een traficul urban aglomerat sau \u00een timpul ambuteiajelor. Transmisiile automate ofer\u0103, de asemenea, performan\u021be mai bune, de exemplu pe teren accidentat. \u00cen plus, o transmisie automat\u0103 este mai accesibil\u0103 pentru diferi\u021bi \u0219oferi, ceea ce o face ideal\u0103 pentru utilizarea \u00een afaceri. Alege\u021bi un vehicul comercial cu transmisie automat\u0103 \u0219i experimenta\u021bi singur confortul \u0219i versatilitatea!<\/p>\n<\/div><\/section>\n<div class='flex_column av-f64w1-da126f42b61613402309283c14245a25 av_one_half  avia-builder-el-5  el_after_av_textblock  el_before_av_one_third  first flex_column_div column-top-margin'   ><section  class='av_textblock_section av-lu8gpqre-73cc2c17e6a6497ba6e1b58af22bd9e8'  itemscope=\"itemscope\" itemtype=\"https:\/\/schema.org\/CreativeWork\" ><div class='avia_textblock'  itemprop=\"text\" ><h2>Avantajele Volkswagen Transporter<\/h2>\n<p>\u00cen\u021belegem de ce aceste modele sunt at\u00e2t de populare \u00een r\u00e2ndul utilizatorilor de afaceri. Volkswagen Transporter folosit \u0219i nou exceleaz\u0103 prin versatilitatea lor \u0219i sunt potrivite at\u00e2t pentru transportul de m\u0103rfuri, c\u00e2t \u0219i de pasageri. Cu o calitate robust\u0103 a construc\u021biei, motoare puternice \u0219i un interior spa\u021bios \u0219i confortabil, aceste vehicule comerciale sunt o alegere de \u00eencredere. Caracteristicile de siguran\u021b\u0103 extinse, cum ar fi sistemele de asisten\u021b\u0103 pentru \u0219ofer, ofer\u0103 un confort suplimentar. Pe scurt, Volkswagen Transporter cu transmisie automat\u0103 este o investi\u021bie inteligent\u0103 pentru dvs. ca antreprenor.<\/p>\n<\/div><\/section><\/div><div class='flex_column av-aldk9-ee694297f5c4032981677a02caab84d6 av_one_third  avia-builder-el-7  el_after_av_one_half  el_before_av_hr  flex_column_div column-top-margin'   ><style type=\"text\/css\" data-created_by=\"avia_inline_auto\" id=\"style-css-av-l1w9kpsf-4ec3fab772ec7a9adaa33cfc64ff0475\">\n.avia-image-container.av-l1w9kpsf-4ec3fab772ec7a9adaa33cfc64ff0475 .av-image-caption-overlay-center{\ncolor:#ffffff;\n}\n<\/style>\n<div  class='avia-image-container av-l1w9kpsf-4ec3fab772ec7a9adaa33cfc64ff0475 av-styling- avia-align-center  avia-builder-el-8  avia-builder-el-no-sibling'  itemprop=\"image\" itemscope=\"itemscope\" itemtype=\"https:\/\/schema.org\/ImageObject\" ><div class=\"avia-image-container-inner\"><div class=\"avia-image-overlay-wrap\"><img decoding=\"async\" class='wp-image-187 avia-img-lazy-loading-not-187 avia_image' src=\"https:\/\/www.vdhurk.nl\/wp-content\/uploads\/2022\/03\/Voorrad.png\" alt='' title='Stoc'  height=\"758\" width=\"1135\"  itemprop=\"thumbnailUrl\" srcset=\"https:\/\/www.vdhurk.nl\/wp-content\/uploads\/2022\/03\/Voorrad.png 1135w, https:\/\/www.vdhurk.nl\/wp-content\/uploads\/2022\/03\/Voorrad-300x200.png 300w, https:\/\/www.vdhurk.nl\/wp-content\/uploads\/2022\/03\/Voorrad-1030x688.png 1030w, https:\/\/www.vdhurk.nl\/wp-content\/uploads\/2022\/03\/Voorrad-768x513.png 768w, https:\/\/www.vdhurk.nl\/wp-content\/uploads\/2022\/03\/Voorrad-18x12.png 18w, https:\/\/www.vdhurk.nl\/wp-content\/uploads\/2022\/03\/Voorrad-705x471.png 705w\" sizes=\"(max-width: 1135px) 100vw, 1135px\" \/><\/div><\/div><\/div><\/div><\/p>\n\n<style type=\"text\/css\" data-created_by=\"avia_inline_auto\" id=\"style-css-av-luqrjpjc-5a23a1fb5f94718ca85316a9df963e2f\">\n#top .hr.hr-invisible.av-luqrjpjc-5a23a1fb5f94718ca85316a9df963e2f{\nheight:50px;\n}\n<\/style>\n<div  class='hr av-luqrjpjc-5a23a1fb5f94718ca85316a9df963e2f hr-invisible  avia-builder-el-9  el_after_av_one_third  el_before_av_textblock'><span class='hr-inner'><span class=\"hr-inner-style\"><\/span><\/span><\/div>\n<section  class='av_textblock_section av-lu8gtjw7-4f3cee9304909518d86d2860d9d582dd'  itemscope=\"itemscope\" itemtype=\"https:\/\/schema.org\/CreativeWork\" ><div class='avia_textblock'  itemprop=\"text\" ><h2>Cump\u0103ra\u021bi sau \u00eenchiria\u021bi un Volkswagen Transporter?<\/h2>\n<p>La Van den Hurk, nu oferim doar op\u021biunea de a cump\u0103ra un vehicul comercial, ci \u0219i de a \u00eenchiria unul. Leasingul unui Volkswagen Transporter v\u0103 ofer\u0103 flexibilitate \u0219i siguran\u021b\u0103 ca antreprenor. La <a href=\"https:\/\/www.vdhurk.nl\/ro\/leasing-financiar\/\">leasing financiar<\/a> beneficia\u021bi de o tax\u0103 lunar\u0103 fix\u0103 \u0219i de\u021bine\u021bi propriul vehicul comercial la sf\u00e2r\u0219itul contractului.<\/p>\n<h2>La ce pre\u021b ar trebui s\u0103 v\u0103 g\u00e2ndi\u021bi?<\/h2>\n<p>Pre\u021bul unui Volkswagen Transporter automat depinde de mai mul\u021bi factori, cum ar fi anul de fabrica\u021bie, echiparea, kilometrajul \u0219i op\u021biunile suplimentare alese. La Van den Hurk, suntem bucuro\u0219i s\u0103 v\u0103 oferim o ofert\u0103 personalizat\u0103, astfel \u00eenc\u00e2t s\u0103 \u0219ti\u021bi exact care va fi pre\u021bul. Nu ezita\u021bi s\u0103 <a href=\"https:\/\/www.vdhurk.nl\/ro\/contactati\/\">contacta\u021bi-ne<\/a> pentru mai multe informa\u021bii \u0219i consiliere personal\u0103.<\/p>\n<h2>Descoperi\u021bi posibilit\u0103\u021bile<\/h2>\n<p>Volkswagen Transporter automatic v\u0103 ofer\u0103 tot ce ave\u021bi nevoie pentru a v\u0103 atinge obiectivele de afaceri. Cu confortul unei transmisii automate, este o investi\u021bie care d\u0103 roade. La Van den Hurk, suntem bucuro\u0219i s\u0103 v\u0103 ajut\u0103m s\u0103 face\u021bi cea mai bun\u0103 alegere care s\u0103 se potriveasc\u0103 nevoilor dvs. de afaceri \u0219i bugetului dvs. Descoperi\u021bi diferitele op\u021biuni.<\/p>\n<\/div><\/section>","protected":false},"excerpt":{"rendered":"","protected":false},"author":3,"featured_media":0,"parent":393643,"menu_order":0,"comment_status":"closed","ping_status":"closed","template":"","meta":{"_acf_changed":false,"_improvement_type_select":"improve_an_existing","_thumb_yes_seoaic":false,"_frame_yes_seoaic":false,"seoaic_generate_description":"","seoaic_improve_instructions_prompt":"","seoaic_rollback_content_improvement":"","seoaic_idea_thumbnail_generator":"","thumbnail_generated":false,"thumbnail_generate_prompt":"","seoaic_article_description":"","footnotes":""},"class_list":["post-442881","page","type-page","status-publish","hentry"],"acf":[],"yoast_head":"<!-- This site is optimized with the Yoast SEO plugin v27.5 - https:\/\/yoast.com\/product\/yoast-seo-wordpress\/ -->\n<title>Vind de ideale Volkswagen Transporter automaat<\/title>\n<meta name=\"description\" content=\"Een Volkswagen Transporter automaat kopen? Ontdek de verschillende specificaties en mogelijkheden en vind de bedrijfswagen die bij jouw onderneming past.\" \/>\n<meta name=\"robots\" content=\"index, follow, max-snippet:-1, max-image-preview:large, max-video-preview:-1\" \/>\n<link rel=\"canonical\" href=\"https:\/\/www.vdhurk.nl\/ro\/mercedes-13\/mercedes-14\/masina-2\/\" \/>\n<meta property=\"og:locale\" content=\"ro_RO\" \/>\n<meta property=\"og:type\" content=\"article\" \/>\n<meta property=\"og:title\" content=\"Vind de ideale Volkswagen Transporter automaat\" \/>\n<meta property=\"og:description\" content=\"Een Volkswagen Transporter automaat kopen? Ontdek de verschillende specificaties en mogelijkheden en vind de bedrijfswagen die bij jouw onderneming past.\" \/>\n<meta property=\"og:url\" content=\"https:\/\/www.vdhurk.nl\/ro\/mercedes-13\/mercedes-14\/masina-2\/\" \/>\n<meta property=\"og:site_name\" content=\"Van den Hurk Bedrijfswagens\" \/>\n<meta name=\"twitter:card\" content=\"summary_large_image\" \/>\n<meta name=\"twitter:label1\" content=\"Timp estimat pentru citire\" \/>\n\t<meta name=\"twitter:data1\" content=\"4 minute\" \/>\n<script type=\"application\/ld+json\" class=\"yoast-schema-graph\">{\"@context\":\"https:\\\/\\\/schema.org\",\"@graph\":[{\"@type\":\"WebPage\",\"@id\":\"https:\\\/\\\/www.vdhurk.nl\\\/volkswagen-bedrijfswagens\\\/transporter\\\/automaat\\\/\",\"url\":\"https:\\\/\\\/www.vdhurk.nl\\\/volkswagen-bedrijfswagens\\\/transporter\\\/automaat\\\/\",\"name\":\"Vind de ideale Volkswagen Transporter automaat\",\"isPartOf\":{\"@id\":\"https:\\\/\\\/www.vdhurk.nl\\\/#website\"},\"datePublished\":\"2025-02-06T16:19:07+00:00\",\"description\":\"Een Volkswagen Transporter automaat kopen? Ontdek de verschillende specificaties en mogelijkheden en vind de bedrijfswagen die bij jouw onderneming past.\",\"breadcrumb\":{\"@id\":\"https:\\\/\\\/www.vdhurk.nl\\\/volkswagen-bedrijfswagens\\\/transporter\\\/automaat\\\/#breadcrumb\"},\"inLanguage\":\"ro-RO\",\"potentialAction\":[{\"@type\":\"ReadAction\",\"target\":[\"https:\\\/\\\/www.vdhurk.nl\\\/volkswagen-bedrijfswagens\\\/transporter\\\/automaat\\\/\"]}]},{\"@type\":\"BreadcrumbList\",\"@id\":\"https:\\\/\\\/www.vdhurk.nl\\\/volkswagen-bedrijfswagens\\\/transporter\\\/automaat\\\/#breadcrumb\",\"itemListElement\":[{\"@type\":\"ListItem\",\"position\":1,\"name\":\"Home\",\"item\":\"https:\\\/\\\/www.vdhurk.nl\\\/home\\\/\"},{\"@type\":\"ListItem\",\"position\":2,\"name\":\"Volkswagen Bedrijfswagens\",\"item\":\"https:\\\/\\\/www.vdhurk.nl\\\/volkswagen-bedrijfswagens\\\/\"},{\"@type\":\"ListItem\",\"position\":3,\"name\":\"Volkswagen Transporter\",\"item\":\"https:\\\/\\\/www.vdhurk.nl\\\/volkswagen-bedrijfswagens\\\/transporter\\\/\"},{\"@type\":\"ListItem\",\"position\":4,\"name\":\"Volkswagen Transporter Automaat\"}]},{\"@type\":\"WebSite\",\"@id\":\"https:\\\/\\\/www.vdhurk.nl\\\/#website\",\"url\":\"https:\\\/\\\/www.vdhurk.nl\\\/\",\"name\":\"Van den Hurk Bedrijfswagens\",\"description\":\"Van den Hurk bedrijfswagens Helmond\",\"potentialAction\":[{\"@type\":\"SearchAction\",\"target\":{\"@type\":\"EntryPoint\",\"urlTemplate\":\"https:\\\/\\\/www.vdhurk.nl\\\/?s={search_term_string}\"},\"query-input\":{\"@type\":\"PropertyValueSpecification\",\"valueRequired\":true,\"valueName\":\"search_term_string\"}}],\"inLanguage\":\"ro-RO\"}]}<\/script>\n<!-- \/ Yoast SEO plugin. -->","yoast_head_json":{"title":"G\u0103si\u021bi Volkswagen Transporter automat ideal","description":"Dori\u021bi s\u0103 cump\u0103ra\u021bi un Volkswagen Transporter automat? Exploreaz\u0103 diferitele specifica\u021bii \u0219i op\u021biuni \u0219i g\u0103se\u0219te vehiculul comercial care se potrive\u0219te afacerii tale.","robots":{"index":"index","follow":"follow","max-snippet":"max-snippet:-1","max-image-preview":"max-image-preview:large","max-video-preview":"max-video-preview:-1"},"canonical":"https:\/\/www.vdhurk.nl\/ro\/mercedes-13\/mercedes-14\/masina-2\/","og_locale":"ro_RO","og_type":"article","og_title":"Vind de ideale Volkswagen Transporter automaat","og_description":"Een Volkswagen Transporter automaat kopen? Ontdek de verschillende specificaties en mogelijkheden en vind de bedrijfswagen die bij jouw onderneming past.","og_url":"https:\/\/www.vdhurk.nl\/ro\/mercedes-13\/mercedes-14\/masina-2\/","og_site_name":"Van den Hurk Bedrijfswagens","twitter_card":"summary_large_image","twitter_misc":{"Timp estimat pentru citire":"4 minute"},"schema":{"@context":"https:\/\/schema.org","@graph":[{"@type":"WebPage","@id":"https:\/\/www.vdhurk.nl\/volkswagen-bedrijfswagens\/transporter\/automaat\/","url":"https:\/\/www.vdhurk.nl\/volkswagen-bedrijfswagens\/transporter\/automaat\/","name":"G\u0103si\u021bi Volkswagen Transporter automat ideal","isPartOf":{"@id":"https:\/\/www.vdhurk.nl\/#website"},"datePublished":"2025-02-06T16:19:07+00:00","description":"Dori\u021bi s\u0103 cump\u0103ra\u021bi un Volkswagen Transporter automat? Exploreaz\u0103 diferitele specifica\u021bii \u0219i op\u021biuni \u0219i g\u0103se\u0219te vehiculul comercial care se potrive\u0219te afacerii tale.","breadcrumb":{"@id":"https:\/\/www.vdhurk.nl\/volkswagen-bedrijfswagens\/transporter\/automaat\/#breadcrumb"},"inLanguage":"ro-RO","potentialAction":[{"@type":"ReadAction","target":["https:\/\/www.vdhurk.nl\/volkswagen-bedrijfswagens\/transporter\/automaat\/"]}]},{"@type":"BreadcrumbList","@id":"https:\/\/www.vdhurk.nl\/volkswagen-bedrijfswagens\/transporter\/automaat\/#breadcrumb","itemListElement":[{"@type":"ListItem","position":1,"name":"Home","item":"https:\/\/www.vdhurk.nl\/home\/"},{"@type":"ListItem","position":2,"name":"Volkswagen Bedrijfswagens","item":"https:\/\/www.vdhurk.nl\/volkswagen-bedrijfswagens\/"},{"@type":"ListItem","position":3,"name":"Volkswagen Transporter","item":"https:\/\/www.vdhurk.nl\/volkswagen-bedrijfswagens\/transporter\/"},{"@type":"ListItem","position":4,"name":"Volkswagen Transporter Automaat"}]},{"@type":"WebSite","@id":"https:\/\/www.vdhurk.nl\/#website","url":"https:\/\/www.vdhurk.nl\/","name":"Vehicule comerciale Van den Hurk","description":"Vehicule comerciale Van den Hurk Helmond","potentialAction":[{"@type":"SearchAction","target":{"@type":"EntryPoint","urlTemplate":"https:\/\/www.vdhurk.nl\/?s={search_term_string}"},"query-input":{"@type":"PropertyValueSpecification","valueRequired":true,"valueName":"search_term_string"}}],"inLanguage":"ro-RO"}]}},"_links":{"self":[{"href":"https:\/\/www.vdhurk.nl\/ro\/wp-json\/wp\/v2\/pages\/442881","targetHints":{"allow":["GET"]}}],"collection":[{"href":"https:\/\/www.vdhurk.nl\/ro\/wp-json\/wp\/v2\/pages"}],"about":[{"href":"https:\/\/www.vdhurk.nl\/ro\/wp-json\/wp\/v2\/types\/page"}],"author":[{"embeddable":true,"href":"https:\/\/www.vdhurk.nl\/ro\/wp-json\/wp\/v2\/users\/3"}],"replies":[{"embeddable":true,"href":"https:\/\/www.vdhurk.nl\/ro\/wp-json\/wp\/v2\/comments?post=442881"}],"version-history":[{"count":2,"href":"https:\/\/www.vdhurk.nl\/ro\/wp-json\/wp\/v2\/pages\/442881\/revisions"}],"predecessor-version":[{"id":442902,"href":"https:\/\/www.vdhurk.nl\/ro\/wp-json\/wp\/v2\/pages\/442881\/revisions\/442902"}],"up":[{"embeddable":true,"href":"https:\/\/www.vdhurk.nl\/ro\/wp-json\/wp\/v2\/pages\/393643"}],"wp:attachment":[{"href":"https:\/\/www.vdhurk.nl\/ro\/wp-json\/wp\/v2\/media?parent=442881"}],"curies":[{"name":"wp","href":"https:\/\/api.w.org\/{rel}","templated":true}]}}