{"id":442867,"date":"2025-02-06T16:55:30","date_gmt":"2025-02-06T15:55:30","guid":{"rendered":"https:\/\/www.vdhurk.nl\/?page_id=442867"},"modified":"2025-02-06T17:23:50","modified_gmt":"2025-02-06T16:23:50","slug":"masina-2","status":"publish","type":"page","link":"https:\/\/www.vdhurk.nl\/ro\/mercedes-bedrijfswagens\/vito\/automaat\/","title":{"rendered":"Mercedes Vito Automatic"},"content":{"rendered":"<section  class='av_textblock_section av-lu8gnh7d-4ac895489941e586c1d7c8cb72318135'  itemscope=\"itemscope\" itemtype=\"https:\/\/schema.org\/CreativeWork\" ><div class='avia_textblock'  itemprop=\"text\" ><h1>Totul despre transmisia automat\u0103 Mercedes Vito<\/h1>\n<p>Crede\u021bi c\u0103 schimbarea treptelor de vitez\u0103 este impracticabil\u0103 sau inconfortabil\u0103? Mercedes Vito automat este solu\u021bia. Acest vehicul comercial versatil combin\u0103 confortul cu performan\u021ba \u0219i este popular printre antreprenori de ani de zile. Citi\u021bi mai multe despre specifica\u021bii \u0219i beneficii \u0219i afla\u021bi ce face acest vehicul comercial at\u00e2t de popular.<\/p>\n<\/div><\/section>\n\n<style type=\"text\/css\" data-created_by=\"avia_inline_auto\" id=\"style-css-av-lujjddpd-afa3d7a9eabd61123e643ed1228e781e\">\n#top .hr.hr-invisible.av-lujjddpd-afa3d7a9eabd61123e643ed1228e781e{\nheight:50px;\n}\n<\/style>\n<div  class='hr av-lujjddpd-afa3d7a9eabd61123e643ed1228e781e hr-invisible  avia-builder-el-1  el_after_av_textblock  el_before_av_codeblock'><span class='hr-inner'><span class=\"hr-inner-style\"><\/span><\/span><\/div>\n\n\n<style type=\"text\/css\" data-created_by=\"avia_inline_auto\" id=\"style-css-av-ah0xd-63338d9dc6b40410e22a712829c369d6\">\n#top .hr.hr-invisible.av-ah0xd-63338d9dc6b40410e22a712829c369d6{\nheight:50px;\n}\n<\/style>\n<div  class='hr av-ah0xd-63338d9dc6b40410e22a712829c369d6 hr-invisible  avia-builder-el-3  el_after_av_codeblock  el_before_av_textblock'><span class='hr-inner'><span class=\"hr-inner-style\"><\/span><\/span><\/div>\n<section  class='av_textblock_section av-lu8gow1e-300853e458ed741bd87d6cb78e55cc7a'  itemscope=\"itemscope\" itemtype=\"https:\/\/schema.org\/CreativeWork\" ><div class='avia_textblock'  itemprop=\"text\" ><h2>De ce s\u0103 alege\u021bi o ma\u0219in\u0103 automat\u0103?<\/h2>\n<p>Din ce \u00een ce mai des vedem companii care opteaz\u0103 pentru o ma\u0219in\u0103 de serviciu cu transmisie automat\u0103, \u0219i pe bun\u0103 dreptate. La urma urmei, o automat\u0103 aduce mai multe avantaje care se potrivesc nevoilor companiilor. De exemplu, mul\u021bi \u0219oferi consider\u0103 c\u0103 o ma\u0219in\u0103 automat\u0103 este mai confortabil\u0103 \u0219i mai u\u0219or de utilizat, deoarece nu mai este necesar\u0103 schimbarea treptelor de vitez\u0103. Acest lucru este o man\u0103 cereasc\u0103 mai ales \u00een traficul greu, cum ar fi blocajele sau distribu\u021bia urban\u0103. Cu o automat\u0103, v\u0103 pute\u021bi concentra complet asupra drumului \u021bi rareori, dac\u0103 nu chiar niciodat\u0103, se blocheaz\u0103, spre deosebire de ma\u0219inile cu schimb\u0103tor de viteze. Cu toate aceste avantaje, modelele Mercedes Vito sunt o alegere inteligent\u0103 pentru dvs. ca \u0219i companie.<\/p>\n<\/div><\/section>\n<div class='flex_column av-f64w1-da126f42b61613402309283c14245a25 av_one_half  avia-builder-el-5  el_after_av_textblock  el_before_av_one_third  first flex_column_div column-top-margin'   ><section  class='av_textblock_section av-lu8gpqre-73cc2c17e6a6497ba6e1b58af22bd9e8'  itemscope=\"itemscope\" itemtype=\"https:\/\/schema.org\/CreativeWork\" ><div class='avia_textblock'  itemprop=\"text\" ><h2>Avantajele unui Mercedes Vito<\/h2>\n<p>Mercedes Vito se diferen\u021biaz\u0103 de alte vehicule comerciale \u00een mai multe domenii. Marca \u0219i-a construit o reputa\u021bie de fiabilitate ridicat\u0103 datorit\u0103 calit\u0103\u021bii constante a tuturor modelelor sale. Conceput pentru utilizare intensiv\u0103, Vito ofer\u0103 un confort excelent \u0219i dispune de sisteme fine de asisten\u021b\u0103 la condus care asigur\u0103 condi\u021bii de trafic sigure. \u00cen plus, Mercedes Vito este disponibil \u00een diferite echip\u0103ri, astfel \u00eenc\u00e2t exist\u0103 \u00eentotdeauna un model care s\u0103 se potriveasc\u0103 nevoilor dumneavoastr\u0103 specifice de afaceri. Cu op\u021biuni precum dispunerea inteligent\u0103 a compartimentului de \u00eenc\u0103rcare, pute\u021bi adapta Vito la opera\u021biunile dumneavoastr\u0103.<\/p>\n<\/div><\/section><\/div>\n<div class='flex_column av-aldk9-ee694297f5c4032981677a02caab84d6 av_one_third  avia-builder-el-7  el_after_av_one_half  el_before_av_hr  flex_column_div column-top-margin'   ><style type=\"text\/css\" data-created_by=\"avia_inline_auto\" id=\"style-css-av-l1w9kpsf-4ec3fab772ec7a9adaa33cfc64ff0475\">\n.avia-image-container.av-l1w9kpsf-4ec3fab772ec7a9adaa33cfc64ff0475 .av-image-caption-overlay-center{\ncolor:#ffffff;\n}\n<\/style>\n<div  class='avia-image-container av-l1w9kpsf-4ec3fab772ec7a9adaa33cfc64ff0475 av-styling- avia-align-center  avia-builder-el-8  avia-builder-el-no-sibling'  itemprop=\"image\" itemscope=\"itemscope\" itemtype=\"https:\/\/schema.org\/ImageObject\" ><div class=\"avia-image-container-inner\"><div class=\"avia-image-overlay-wrap\"><img decoding=\"async\" class='wp-image-187 avia-img-lazy-loading-not-187 avia_image' src=\"https:\/\/www.vdhurk.nl\/wp-content\/uploads\/2022\/03\/Voorrad.png\" alt='' title='Stoc'  height=\"758\" width=\"1135\"  itemprop=\"thumbnailUrl\" srcset=\"https:\/\/www.vdhurk.nl\/wp-content\/uploads\/2022\/03\/Voorrad.png 1135w, https:\/\/www.vdhurk.nl\/wp-content\/uploads\/2022\/03\/Voorrad-300x200.png 300w, https:\/\/www.vdhurk.nl\/wp-content\/uploads\/2022\/03\/Voorrad-1030x688.png 1030w, https:\/\/www.vdhurk.nl\/wp-content\/uploads\/2022\/03\/Voorrad-768x513.png 768w, https:\/\/www.vdhurk.nl\/wp-content\/uploads\/2022\/03\/Voorrad-18x12.png 18w, https:\/\/www.vdhurk.nl\/wp-content\/uploads\/2022\/03\/Voorrad-705x471.png 705w\" sizes=\"(max-width: 1135px) 100vw, 1135px\" \/><\/div><\/div><\/div><\/div>\n\n<style type=\"text\/css\" data-created_by=\"avia_inline_auto\" id=\"style-css-av-luqrjpjc-5a23a1fb5f94718ca85316a9df963e2f\">\n#top .hr.hr-invisible.av-luqrjpjc-5a23a1fb5f94718ca85316a9df963e2f{\nheight:50px;\n}\n<\/style>\n<div  class='hr av-luqrjpjc-5a23a1fb5f94718ca85316a9df963e2f hr-invisible  avia-builder-el-9  el_after_av_one_third  el_before_av_textblock'><span class='hr-inner'><span class=\"hr-inner-style\"><\/span><\/span><\/div>\n<section  class='av_textblock_section av-lu8gtjw7-4f3cee9304909518d86d2860d9d582dd'  itemscope=\"itemscope\" itemtype=\"https:\/\/schema.org\/CreativeWork\" ><div class='avia_textblock'  itemprop=\"text\" ><h2>Cump\u0103ra\u021bi sau \u00eenchiria\u021bi un Mercedes Vito?<\/h2>\n<p>Atunci c\u00e2nd cump\u0103ra\u021bi o ma\u0219in\u0103 de companie, este important s\u0103 lua\u021bi \u00een considerare op\u021biunea care se potrive\u0219te cel mai bine afacerii dumneavoastr\u0103. La Van den Hurk, pute\u021bi alege <a href=\"https:\/\/www.vdhurk.nl\/ro\/leasing-financiar\/\">leasing financiar<\/a>, unde beneficia\u021bi de costuri lunare fixe \u0219i nu trebuie s\u0103 face\u021bi o investi\u021bie mare dintr-o dat\u0103. Acest lucru asigur\u0103 predictibilitatea bugetului dvs. \u0219i, \u00een acela\u0219i timp, ave\u021bi mai pu\u021bin de a face cu deprecierea. \u00cen plus, leasingul unei ma\u0219ini de serviciu ofer\u0103 multe alte avantaje, cum ar fi flexibilitatea \u0219i beneficiile fiscale. Desigur, pute\u021bi alege \u0219i s\u0103 cump\u0103ra\u021bi un Mercedes Vito direct, dac\u0103 prefera\u021bi s\u0103 face\u021bi \u00eentreaga investi\u021bie dintr-o singur\u0103 dat\u0103. Ambele op\u021biuni ofer\u0103 propriile avantaje, \u00een func\u021bie de nevoile companiei dumneavoastr\u0103. Dori\u021bi s\u0103 afla\u021bi mai multe? Afla\u021bi totul despre op\u021biunile de leasing financiar \u0219i cump\u0103rare.<\/p>\n<h2>Vezi oferta<\/h2>\n<p>Cump\u0103ra\u021bi un Mercedes Vito? Sau ave\u021bi nevoie de mai multe informa\u021bii? \u00cen calitate de dealer Mercedes Vito, suntem bucuro\u0219i s\u0103 v\u0103 spunem mai multe despre acest model, astfel \u00eenc\u00e2t s\u0103 pute\u021bi face o alegere informat\u0103. Fie c\u0103 opta\u021bi pentru un Mercedes Vito folosit sau nou, ve\u021bi g\u0103si \u00eentotdeauna un vehicul comercial care s\u0103 se potriveasc\u0103 afacerii dumneavoastr\u0103.<\/p>\n<\/div><\/section>","protected":false},"excerpt":{"rendered":"","protected":false},"author":3,"featured_media":0,"parent":393278,"menu_order":0,"comment_status":"closed","ping_status":"closed","template":"","meta":{"_acf_changed":false,"_improvement_type_select":"improve_an_existing","_thumb_yes_seoaic":false,"_frame_yes_seoaic":false,"seoaic_generate_description":"","seoaic_improve_instructions_prompt":"","seoaic_rollback_content_improvement":"","seoaic_idea_thumbnail_generator":"","thumbnail_generated":false,"thumbnail_generate_prompt":"","seoaic_article_description":"","footnotes":""},"class_list":["post-442867","page","type-page","status-publish","hentry"],"acf":[],"yoast_head":"<!-- This site is optimized with the Yoast SEO plugin v27.5 - https:\/\/yoast.com\/product\/yoast-seo-wordpress\/ -->\n<title>Mercedes Vito Automaat | Comfort en gemak in \u00e9\u00e9n<\/title>\n<meta name=\"description\" content=\"Ontdek de Mercedes Vito Automaat: ultiem rijcomfort, betrouwbaarheid en veelzijdigheid. Bekijk ons aanbod!\" \/>\n<meta name=\"robots\" content=\"index, follow, max-snippet:-1, max-image-preview:large, max-video-preview:-1\" \/>\n<link rel=\"canonical\" href=\"https:\/\/www.vdhurk.nl\/ro\/mercedes-9\/mercedes-20\/masina-2\/\" \/>\n<meta property=\"og:locale\" content=\"ro_RO\" \/>\n<meta property=\"og:type\" content=\"article\" \/>\n<meta property=\"og:title\" content=\"Mercedes Vito Automaat | Comfort en gemak in \u00e9\u00e9n\" \/>\n<meta property=\"og:description\" content=\"Ontdek de Mercedes Vito Automaat: ultiem rijcomfort, betrouwbaarheid en veelzijdigheid. Bekijk ons aanbod!\" \/>\n<meta property=\"og:url\" content=\"https:\/\/www.vdhurk.nl\/ro\/mercedes-9\/mercedes-20\/masina-2\/\" \/>\n<meta property=\"og:site_name\" content=\"Van den Hurk Bedrijfswagens\" \/>\n<meta property=\"article:modified_time\" content=\"2025-02-06T16:23:50+00:00\" \/>\n<meta name=\"twitter:card\" content=\"summary_large_image\" \/>\n<meta name=\"twitter:label1\" content=\"Timp estimat pentru citire\" \/>\n\t<meta name=\"twitter:data1\" content=\"4 minute\" \/>\n<script type=\"application\/ld+json\" class=\"yoast-schema-graph\">{\"@context\":\"https:\\\/\\\/schema.org\",\"@graph\":[{\"@type\":\"WebPage\",\"@id\":\"https:\\\/\\\/www.vdhurk.nl\\\/mercedes-bedrijfswagens\\\/vito\\\/automaat\\\/\",\"url\":\"https:\\\/\\\/www.vdhurk.nl\\\/mercedes-bedrijfswagens\\\/vito\\\/automaat\\\/\",\"name\":\"Mercedes Vito Automaat | Comfort en gemak in \u00e9\u00e9n\",\"isPartOf\":{\"@id\":\"https:\\\/\\\/www.vdhurk.nl\\\/#website\"},\"datePublished\":\"2025-02-06T15:55:30+00:00\",\"dateModified\":\"2025-02-06T16:23:50+00:00\",\"description\":\"Ontdek de Mercedes Vito Automaat: ultiem rijcomfort, betrouwbaarheid en veelzijdigheid. Bekijk ons aanbod!\",\"breadcrumb\":{\"@id\":\"https:\\\/\\\/www.vdhurk.nl\\\/mercedes-bedrijfswagens\\\/vito\\\/automaat\\\/#breadcrumb\"},\"inLanguage\":\"ro-RO\",\"potentialAction\":[{\"@type\":\"ReadAction\",\"target\":[\"https:\\\/\\\/www.vdhurk.nl\\\/mercedes-bedrijfswagens\\\/vito\\\/automaat\\\/\"]}]},{\"@type\":\"BreadcrumbList\",\"@id\":\"https:\\\/\\\/www.vdhurk.nl\\\/mercedes-bedrijfswagens\\\/vito\\\/automaat\\\/#breadcrumb\",\"itemListElement\":[{\"@type\":\"ListItem\",\"position\":1,\"name\":\"Home\",\"item\":\"https:\\\/\\\/www.vdhurk.nl\\\/home\\\/\"},{\"@type\":\"ListItem\",\"position\":2,\"name\":\"Mercedes Bedrijfswagens\",\"item\":\"https:\\\/\\\/www.vdhurk.nl\\\/mercedes-bedrijfswagens\\\/\"},{\"@type\":\"ListItem\",\"position\":3,\"name\":\"Mercedes Vito\",\"item\":\"https:\\\/\\\/www.vdhurk.nl\\\/mercedes-bedrijfswagens\\\/vito\\\/\"},{\"@type\":\"ListItem\",\"position\":4,\"name\":\"Mercedes Vito Automaat\"}]},{\"@type\":\"WebSite\",\"@id\":\"https:\\\/\\\/www.vdhurk.nl\\\/#website\",\"url\":\"https:\\\/\\\/www.vdhurk.nl\\\/\",\"name\":\"Van den Hurk Bedrijfswagens\",\"description\":\"Van den Hurk bedrijfswagens Helmond\",\"potentialAction\":[{\"@type\":\"SearchAction\",\"target\":{\"@type\":\"EntryPoint\",\"urlTemplate\":\"https:\\\/\\\/www.vdhurk.nl\\\/?s={search_term_string}\"},\"query-input\":{\"@type\":\"PropertyValueSpecification\",\"valueRequired\":true,\"valueName\":\"search_term_string\"}}],\"inLanguage\":\"ro-RO\"}]}<\/script>\n<!-- \/ Yoast SEO plugin. -->","yoast_head_json":{"title":"Mercedes Vito Automatic | Confort \u0219i comoditate \u00eentr-unul singur","description":"Descoperi\u021bi Mercedes Vito Automatic: confort de conducere, fiabilitate \u0219i versatilitate maxime. Consulta\u021bi gama noastr\u0103!","robots":{"index":"index","follow":"follow","max-snippet":"max-snippet:-1","max-image-preview":"max-image-preview:large","max-video-preview":"max-video-preview:-1"},"canonical":"https:\/\/www.vdhurk.nl\/ro\/mercedes-9\/mercedes-20\/masina-2\/","og_locale":"ro_RO","og_type":"article","og_title":"Mercedes Vito Automaat | Comfort en gemak in \u00e9\u00e9n","og_description":"Ontdek de Mercedes Vito Automaat: ultiem rijcomfort, betrouwbaarheid en veelzijdigheid. Bekijk ons aanbod!","og_url":"https:\/\/www.vdhurk.nl\/ro\/mercedes-9\/mercedes-20\/masina-2\/","og_site_name":"Van den Hurk Bedrijfswagens","article_modified_time":"2025-02-06T16:23:50+00:00","twitter_card":"summary_large_image","twitter_misc":{"Timp estimat pentru citire":"4 minute"},"schema":{"@context":"https:\/\/schema.org","@graph":[{"@type":"WebPage","@id":"https:\/\/www.vdhurk.nl\/mercedes-bedrijfswagens\/vito\/automaat\/","url":"https:\/\/www.vdhurk.nl\/mercedes-bedrijfswagens\/vito\/automaat\/","name":"Mercedes Vito Automatic | Confort \u0219i comoditate \u00eentr-unul singur","isPartOf":{"@id":"https:\/\/www.vdhurk.nl\/#website"},"datePublished":"2025-02-06T15:55:30+00:00","dateModified":"2025-02-06T16:23:50+00:00","description":"Descoperi\u021bi Mercedes Vito Automatic: confort de conducere, fiabilitate \u0219i versatilitate maxime. Consulta\u021bi gama noastr\u0103!","breadcrumb":{"@id":"https:\/\/www.vdhurk.nl\/mercedes-bedrijfswagens\/vito\/automaat\/#breadcrumb"},"inLanguage":"ro-RO","potentialAction":[{"@type":"ReadAction","target":["https:\/\/www.vdhurk.nl\/mercedes-bedrijfswagens\/vito\/automaat\/"]}]},{"@type":"BreadcrumbList","@id":"https:\/\/www.vdhurk.nl\/mercedes-bedrijfswagens\/vito\/automaat\/#breadcrumb","itemListElement":[{"@type":"ListItem","position":1,"name":"Home","item":"https:\/\/www.vdhurk.nl\/home\/"},{"@type":"ListItem","position":2,"name":"Mercedes Bedrijfswagens","item":"https:\/\/www.vdhurk.nl\/mercedes-bedrijfswagens\/"},{"@type":"ListItem","position":3,"name":"Mercedes Vito","item":"https:\/\/www.vdhurk.nl\/mercedes-bedrijfswagens\/vito\/"},{"@type":"ListItem","position":4,"name":"Mercedes Vito Automaat"}]},{"@type":"WebSite","@id":"https:\/\/www.vdhurk.nl\/#website","url":"https:\/\/www.vdhurk.nl\/","name":"Vehicule comerciale Van den Hurk","description":"Vehicule comerciale Van den Hurk Helmond","potentialAction":[{"@type":"SearchAction","target":{"@type":"EntryPoint","urlTemplate":"https:\/\/www.vdhurk.nl\/?s={search_term_string}"},"query-input":{"@type":"PropertyValueSpecification","valueRequired":true,"valueName":"search_term_string"}}],"inLanguage":"ro-RO"}]}},"_links":{"self":[{"href":"https:\/\/www.vdhurk.nl\/ro\/wp-json\/wp\/v2\/pages\/442867","targetHints":{"allow":["GET"]}}],"collection":[{"href":"https:\/\/www.vdhurk.nl\/ro\/wp-json\/wp\/v2\/pages"}],"about":[{"href":"https:\/\/www.vdhurk.nl\/ro\/wp-json\/wp\/v2\/types\/page"}],"author":[{"embeddable":true,"href":"https:\/\/www.vdhurk.nl\/ro\/wp-json\/wp\/v2\/users\/3"}],"replies":[{"embeddable":true,"href":"https:\/\/www.vdhurk.nl\/ro\/wp-json\/wp\/v2\/comments?post=442867"}],"version-history":[{"count":5,"href":"https:\/\/www.vdhurk.nl\/ro\/wp-json\/wp\/v2\/pages\/442867\/revisions"}],"predecessor-version":[{"id":442899,"href":"https:\/\/www.vdhurk.nl\/ro\/wp-json\/wp\/v2\/pages\/442867\/revisions\/442899"}],"up":[{"embeddable":true,"href":"https:\/\/www.vdhurk.nl\/ro\/wp-json\/wp\/v2\/pages\/393278"}],"wp:attachment":[{"href":"https:\/\/www.vdhurk.nl\/ro\/wp-json\/wp\/v2\/media?parent=442867"}],"curies":[{"name":"wp","href":"https:\/\/api.w.org\/{rel}","templated":true}]}}