{"id":442858,"date":"2025-02-06T15:47:26","date_gmt":"2025-02-06T14:47:26","guid":{"rendered":"https:\/\/www.vdhurk.nl\/?page_id=442858"},"modified":"2025-02-06T17:22:38","modified_gmt":"2025-02-06T16:22:38","slug":"masina-2","status":"publish","type":"page","link":"https:\/\/www.vdhurk.nl\/ro\/volkswagen-bedrijfswagens\/crafter\/automaat\/","title":{"rendered":"Volkswagen Crafter Automatic"},"content":{"rendered":"<section  class='av_textblock_section av-lu8gnh7d-4ac895489941e586c1d7c8cb72318135'  itemscope=\"itemscope\" itemtype=\"https:\/\/schema.org\/CreativeWork\" ><div class='avia_textblock'  itemprop=\"text\" ><h1>Descoperi\u021bi transmisia automat\u0103 Volkswagen Crafter<\/h1>\n<p>V\u0103 g\u00e2ndi\u021bi la un Volkswagen Crafter automat? O alegere excelent\u0103! Acest vehicul comercial combin\u0103 calitatea de top cu un pre\u021b competitiv. Potrivit pentru companii mici \u0219i mari, acesta ofer\u0103 tot ce ave\u021bi nevoie pentru obiectivele dvs. de afaceri. Explora\u021bi gama \u0219i vede\u021bi dac\u0103 acest model vi se potrive\u0219te.<\/p>\n<\/div><\/section>\n\n<style type=\"text\/css\" data-created_by=\"avia_inline_auto\" id=\"style-css-av-lujjddpd-afa3d7a9eabd61123e643ed1228e781e\">\n#top .hr.hr-invisible.av-lujjddpd-afa3d7a9eabd61123e643ed1228e781e{\nheight:50px;\n}\n<\/style>\n<div  class='hr av-lujjddpd-afa3d7a9eabd61123e643ed1228e781e hr-invisible  avia-builder-el-1  el_after_av_textblock  el_before_av_codeblock'><span class='hr-inner'><span class=\"hr-inner-style\"><\/span><\/span><\/div>\n\n\n<style type=\"text\/css\" data-created_by=\"avia_inline_auto\" id=\"style-css-av-5os5nsu-fdb3cafc4aea70f22b364d176f4b3a1b\">\n#top .hr.hr-invisible.av-5os5nsu-fdb3cafc4aea70f22b364d176f4b3a1b{\nheight:50px;\n}\n<\/style>\n<div  class='hr av-5os5nsu-fdb3cafc4aea70f22b364d176f4b3a1b hr-invisible  avia-builder-el-3  el_after_av_codeblock  el_before_av_textblock'><span class='hr-inner'><span class=\"hr-inner-style\"><\/span><\/span><\/div>\n<section  class='av_textblock_section av-lu8gow1e-300853e458ed741bd87d6cb78e55cc7a'  itemscope=\"itemscope\" itemtype=\"https:\/\/schema.org\/CreativeWork\" ><div class='avia_textblock'  itemprop=\"text\" ><h2>De ce s\u0103 alege\u021bi o ma\u0219in\u0103 automat\u0103?<\/h2>\n<p>Din ce \u00een ce mai multe companii aleg \u00een mod con\u0219tient vehicule cu transmisie automat\u0103, \u0219i pe bun\u0103 dreptate. La urma urmei, o cutie de viteze automat\u0103 ofer\u0103 un confort de conducere maxim, deoarece nu mai trebuie s\u0103 schimba\u021bi manual vitezele sau s\u0103 ambreia\u021bi. Acest lucru face condusul \u00een trafic intens mult mai confortabil. \u00cen plus, o cutie de viteze automat\u0103 spore\u0219te siguran\u021ba, deoarece v\u0103 pute\u021bi concentra pe deplin asupra drumului, f\u0103r\u0103 a fi distras de schimbarea treptelor de vitez\u0103.<\/p>\n<h2>Avantajele Volkswagen Crafter<\/h2>\n<p>Volkswagen Crafter combin\u0103 versatilitatea, confortul \u0219i fiabilitatea \u00eentr-un singur vehicul comercial. Cu un spa\u021biu de \u00eenc\u0103rcare amplu \u00een diferite dimensiuni, acest model ofer\u0103 o mul\u021bime de oportunit\u0103\u021bi de a transporta cantit\u0103\u021bi mari de bunuri. Datorit\u0103 unei variet\u0103\u021bi de versiuni, Crafter este perfect adaptat diferitelor sectoare, cum ar fi transportul, construc\u021biile \u0219i serviciile. Caracteristicile moderne de siguran\u021b\u0103 ofer\u0103 protec\u021bie suplimentar\u0103 at\u00e2t \u0219oferilor, c\u00e2t \u0219i pasagerilor, iar cabina, proiectat\u0103 pentru c\u0103l\u0103torii lungi, ofer\u0103 confort maxim. Cu toate aceste caracteristici, Volkswagen Crafter este alegerea ideal\u0103 pentru companiile care au nevoie de un vehicul comercial eficient, fiabil \u0219i versatil.<\/p>\n<\/div><\/section>\n<div class='flex_column av-f64w1-da126f42b61613402309283c14245a25 av_one_half  avia-builder-el-5  el_after_av_textblock  el_before_av_one_third  first flex_column_div column-top-margin'   ><section  class='av_textblock_section av-lu8gpqre-73cc2c17e6a6497ba6e1b58af22bd9e8'  itemscope=\"itemscope\" itemtype=\"https:\/\/schema.org\/CreativeWork\" ><div class='avia_textblock'  itemprop=\"text\" ><h2>Cump\u0103ra\u021bi sau \u00eenchiria\u021bi Volkswagen Crafter?<\/h2>\n<p>Cump\u0103rarea unui Volkswagen Crafter \u00eencepe cu stabilirea nevoilor dumneavoastr\u0103. Ave\u021bi nevoie de un spa\u021biu de \u00eenc\u0103rcare mare pentru m\u0103rfuri voluminoase sau va fi suficient\u0103 o versiune mai compact\u0103? Alegerea configura\u021biei potrivite, adaptat\u0103 activit\u0103\u021bilor dvs. de afaceri, este de mare importan\u021b\u0103. dori\u021bi s\u0103 deveni\u021bi imediat proprietar? Atunci cump\u0103rarea unui Volkswagen Crafter second-hand sau nou este o op\u021biune bun\u0103. Pe de alt\u0103 parte, <a href=\"https:\/\/www.vdhurk.nl\/ro\/leasing-financiar\/\">leasing financiar<\/a> o solu\u021bie flexibil\u0103: pl\u0103ti\u021bi rate lunare \u0219i deveni\u021bi proprietarul vehiculului la sf\u00e2r\u0219itul perioadei de leasing. \u00cenchiria\u021bi sau cump\u0103ra\u021bi un Volkswagen Crafter: suntem aici pentru a v\u0103 consilia \u0219i a g\u0103si cea mai bun\u0103 op\u021biune pentru situa\u021bia dumneavoastr\u0103.<\/p>\n<\/div><\/section><\/div>\n<div class='flex_column av-aldk9-ee694297f5c4032981677a02caab84d6 av_one_third  avia-builder-el-7  el_after_av_one_half  el_before_av_hr  flex_column_div column-top-margin'   ><style type=\"text\/css\" data-created_by=\"avia_inline_auto\" id=\"style-css-av-l1w9kpsf-4ec3fab772ec7a9adaa33cfc64ff0475\">\n.avia-image-container.av-l1w9kpsf-4ec3fab772ec7a9adaa33cfc64ff0475 .av-image-caption-overlay-center{\ncolor:#ffffff;\n}\n<\/style>\n<div  class='avia-image-container av-l1w9kpsf-4ec3fab772ec7a9adaa33cfc64ff0475 av-styling- avia-align-center  avia-builder-el-8  avia-builder-el-no-sibling'  itemprop=\"image\" itemscope=\"itemscope\" itemtype=\"https:\/\/schema.org\/ImageObject\" ><div class=\"avia-image-container-inner\"><div class=\"avia-image-overlay-wrap\"><img decoding=\"async\" class='wp-image-187 avia-img-lazy-loading-not-187 avia_image' src=\"https:\/\/www.vdhurk.nl\/wp-content\/uploads\/2022\/03\/Voorrad.png\" alt='' title='Stoc'  height=\"758\" width=\"1135\"  itemprop=\"thumbnailUrl\" srcset=\"https:\/\/www.vdhurk.nl\/wp-content\/uploads\/2022\/03\/Voorrad.png 1135w, https:\/\/www.vdhurk.nl\/wp-content\/uploads\/2022\/03\/Voorrad-300x200.png 300w, https:\/\/www.vdhurk.nl\/wp-content\/uploads\/2022\/03\/Voorrad-1030x688.png 1030w, https:\/\/www.vdhurk.nl\/wp-content\/uploads\/2022\/03\/Voorrad-768x513.png 768w, https:\/\/www.vdhurk.nl\/wp-content\/uploads\/2022\/03\/Voorrad-18x12.png 18w, https:\/\/www.vdhurk.nl\/wp-content\/uploads\/2022\/03\/Voorrad-705x471.png 705w\" sizes=\"(max-width: 1135px) 100vw, 1135px\" \/><\/div><\/div><\/div><\/div>\n\n<style type=\"text\/css\" data-created_by=\"avia_inline_auto\" id=\"style-css-av-luqrjpjc-5a23a1fb5f94718ca85316a9df963e2f\">\n#top .hr.hr-invisible.av-luqrjpjc-5a23a1fb5f94718ca85316a9df963e2f{\nheight:50px;\n}\n<\/style>\n<div  class='hr av-luqrjpjc-5a23a1fb5f94718ca85316a9df963e2f hr-invisible  avia-builder-el-9  el_after_av_one_third  el_before_av_textblock'><span class='hr-inner'><span class=\"hr-inner-style\"><\/span><\/span><\/div>\n<section  class='av_textblock_section av-lu8gtjw7-4f3cee9304909518d86d2860d9d582dd'  itemscope=\"itemscope\" itemtype=\"https:\/\/schema.org\/CreativeWork\" ><div class='avia_textblock'  itemprop=\"text\" ><h2>Descoperi\u021bi oferta<\/h2>\n<p>Cu versatilitatea, fiabilitatea \u0219i caracteristicile sale de siguran\u021b\u0103 complete, Volkswagen Crafter automatic este alegerea ideal\u0103 pentru companiile care caut\u0103 un vehicul comercial nou. Explora\u021bi diferitele op\u021biuni \u0219i g\u0103si\u021bi un Crafter care se potrive\u0219te pe deplin nevoilor dvs. de afaceri.<\/p>\n<\/div><\/section>","protected":false},"excerpt":{"rendered":"","protected":false},"author":3,"featured_media":0,"parent":397527,"menu_order":0,"comment_status":"closed","ping_status":"closed","template":"","meta":{"_acf_changed":false,"_improvement_type_select":"improve_an_existing","_thumb_yes_seoaic":false,"_frame_yes_seoaic":false,"seoaic_generate_description":"","seoaic_improve_instructions_prompt":"","seoaic_rollback_content_improvement":"","seoaic_idea_thumbnail_generator":"","thumbnail_generated":false,"thumbnail_generate_prompt":"","seoaic_article_description":"","footnotes":""},"class_list":["post-442858","page","type-page","status-publish","hentry"],"acf":[],"yoast_head":"<!-- This site is optimized with the Yoast SEO plugin v27.3 - https:\/\/yoast.com\/product\/yoast-seo-wordpress\/ -->\n<title>Op zoek naar een Volkswagen Crafter automaat?<\/title>\n<meta name=\"description\" content=\"De Volkswagen Crafter automaat: krachtig, ruim en veelzijdig. Ontdek het aanbod en bekijk de mogelijkheden.\" \/>\n<meta name=\"robots\" content=\"index, follow, max-snippet:-1, max-image-preview:large, max-video-preview:-1\" \/>\n<link rel=\"canonical\" href=\"https:\/\/www.vdhurk.nl\/ro\/mercedes-13\/mercedes-16\/masina-2\/\" \/>\n<meta property=\"og:locale\" content=\"ro_RO\" \/>\n<meta property=\"og:type\" content=\"article\" \/>\n<meta property=\"og:title\" content=\"Op zoek naar een Volkswagen Crafter automaat?\" \/>\n<meta property=\"og:description\" content=\"De Volkswagen Crafter automaat: krachtig, ruim en veelzijdig. Ontdek het aanbod en bekijk de mogelijkheden.\" \/>\n<meta property=\"og:url\" content=\"https:\/\/www.vdhurk.nl\/ro\/mercedes-13\/mercedes-16\/masina-2\/\" \/>\n<meta property=\"og:site_name\" content=\"Van den Hurk Bedrijfswagens\" \/>\n<meta property=\"article:modified_time\" content=\"2025-02-06T16:22:38+00:00\" \/>\n<meta name=\"twitter:card\" content=\"summary_large_image\" \/>\n<meta name=\"twitter:label1\" content=\"Timp estimat pentru citire\" \/>\n\t<meta name=\"twitter:data1\" content=\"4 minute\" \/>\n<script type=\"application\/ld+json\" class=\"yoast-schema-graph\">{\"@context\":\"https:\\\/\\\/schema.org\",\"@graph\":[{\"@type\":\"WebPage\",\"@id\":\"https:\\\/\\\/www.vdhurk.nl\\\/volkswagen-bedrijfswagens\\\/crafter\\\/automaat\\\/\",\"url\":\"https:\\\/\\\/www.vdhurk.nl\\\/volkswagen-bedrijfswagens\\\/crafter\\\/automaat\\\/\",\"name\":\"Op zoek naar een Volkswagen Crafter automaat?\",\"isPartOf\":{\"@id\":\"https:\\\/\\\/www.vdhurk.nl\\\/#website\"},\"datePublished\":\"2025-02-06T14:47:26+00:00\",\"dateModified\":\"2025-02-06T16:22:38+00:00\",\"description\":\"De Volkswagen Crafter automaat: krachtig, ruim en veelzijdig. Ontdek het aanbod en bekijk de mogelijkheden.\",\"breadcrumb\":{\"@id\":\"https:\\\/\\\/www.vdhurk.nl\\\/volkswagen-bedrijfswagens\\\/crafter\\\/automaat\\\/#breadcrumb\"},\"inLanguage\":\"ro-RO\",\"potentialAction\":[{\"@type\":\"ReadAction\",\"target\":[\"https:\\\/\\\/www.vdhurk.nl\\\/volkswagen-bedrijfswagens\\\/crafter\\\/automaat\\\/\"]}]},{\"@type\":\"BreadcrumbList\",\"@id\":\"https:\\\/\\\/www.vdhurk.nl\\\/volkswagen-bedrijfswagens\\\/crafter\\\/automaat\\\/#breadcrumb\",\"itemListElement\":[{\"@type\":\"ListItem\",\"position\":1,\"name\":\"Home\",\"item\":\"https:\\\/\\\/www.vdhurk.nl\\\/home\\\/\"},{\"@type\":\"ListItem\",\"position\":2,\"name\":\"Volkswagen Bedrijfswagens\",\"item\":\"https:\\\/\\\/www.vdhurk.nl\\\/volkswagen-bedrijfswagens\\\/\"},{\"@type\":\"ListItem\",\"position\":3,\"name\":\"Volkswagen Crafter\",\"item\":\"https:\\\/\\\/www.vdhurk.nl\\\/volkswagen-bedrijfswagens\\\/crafter\\\/\"},{\"@type\":\"ListItem\",\"position\":4,\"name\":\"Volkswagen Crafter Automaat\"}]},{\"@type\":\"WebSite\",\"@id\":\"https:\\\/\\\/www.vdhurk.nl\\\/#website\",\"url\":\"https:\\\/\\\/www.vdhurk.nl\\\/\",\"name\":\"Van den Hurk Bedrijfswagens\",\"description\":\"Van den Hurk bedrijfswagens Helmond\",\"potentialAction\":[{\"@type\":\"SearchAction\",\"target\":{\"@type\":\"EntryPoint\",\"urlTemplate\":\"https:\\\/\\\/www.vdhurk.nl\\\/?s={search_term_string}\"},\"query-input\":{\"@type\":\"PropertyValueSpecification\",\"valueRequired\":true,\"valueName\":\"search_term_string\"}}],\"inLanguage\":\"ro-RO\"}]}<\/script>\n<!-- \/ Yoast SEO plugin. -->","yoast_head_json":{"title":"C\u0103uta\u021bi o transmisie automat\u0103 Volkswagen Crafter?","description":"Volkswagen Crafter automat: puternic, spa\u021bios \u0219i versatil. Explora\u021bi gama \u0219i verifica\u021bi op\u021biunile.","robots":{"index":"index","follow":"follow","max-snippet":"max-snippet:-1","max-image-preview":"max-image-preview:large","max-video-preview":"max-video-preview:-1"},"canonical":"https:\/\/www.vdhurk.nl\/ro\/mercedes-13\/mercedes-16\/masina-2\/","og_locale":"ro_RO","og_type":"article","og_title":"Op zoek naar een Volkswagen Crafter automaat?","og_description":"De Volkswagen Crafter automaat: krachtig, ruim en veelzijdig. Ontdek het aanbod en bekijk de mogelijkheden.","og_url":"https:\/\/www.vdhurk.nl\/ro\/mercedes-13\/mercedes-16\/masina-2\/","og_site_name":"Van den Hurk Bedrijfswagens","article_modified_time":"2025-02-06T16:22:38+00:00","twitter_card":"summary_large_image","twitter_misc":{"Timp estimat pentru citire":"4 minute"},"schema":{"@context":"https:\/\/schema.org","@graph":[{"@type":"WebPage","@id":"https:\/\/www.vdhurk.nl\/volkswagen-bedrijfswagens\/crafter\/automaat\/","url":"https:\/\/www.vdhurk.nl\/volkswagen-bedrijfswagens\/crafter\/automaat\/","name":"C\u0103uta\u021bi o transmisie automat\u0103 Volkswagen Crafter?","isPartOf":{"@id":"https:\/\/www.vdhurk.nl\/#website"},"datePublished":"2025-02-06T14:47:26+00:00","dateModified":"2025-02-06T16:22:38+00:00","description":"Volkswagen Crafter automat: puternic, spa\u021bios \u0219i versatil. Explora\u021bi gama \u0219i verifica\u021bi op\u021biunile.","breadcrumb":{"@id":"https:\/\/www.vdhurk.nl\/volkswagen-bedrijfswagens\/crafter\/automaat\/#breadcrumb"},"inLanguage":"ro-RO","potentialAction":[{"@type":"ReadAction","target":["https:\/\/www.vdhurk.nl\/volkswagen-bedrijfswagens\/crafter\/automaat\/"]}]},{"@type":"BreadcrumbList","@id":"https:\/\/www.vdhurk.nl\/volkswagen-bedrijfswagens\/crafter\/automaat\/#breadcrumb","itemListElement":[{"@type":"ListItem","position":1,"name":"Home","item":"https:\/\/www.vdhurk.nl\/home\/"},{"@type":"ListItem","position":2,"name":"Volkswagen Bedrijfswagens","item":"https:\/\/www.vdhurk.nl\/volkswagen-bedrijfswagens\/"},{"@type":"ListItem","position":3,"name":"Volkswagen Crafter","item":"https:\/\/www.vdhurk.nl\/volkswagen-bedrijfswagens\/crafter\/"},{"@type":"ListItem","position":4,"name":"Volkswagen Crafter Automaat"}]},{"@type":"WebSite","@id":"https:\/\/www.vdhurk.nl\/#website","url":"https:\/\/www.vdhurk.nl\/","name":"Vehicule comerciale Van den Hurk","description":"Vehicule comerciale Van den Hurk Helmond","potentialAction":[{"@type":"SearchAction","target":{"@type":"EntryPoint","urlTemplate":"https:\/\/www.vdhurk.nl\/?s={search_term_string}"},"query-input":{"@type":"PropertyValueSpecification","valueRequired":true,"valueName":"search_term_string"}}],"inLanguage":"ro-RO"}]}},"_links":{"self":[{"href":"https:\/\/www.vdhurk.nl\/ro\/wp-json\/wp\/v2\/pages\/442858","targetHints":{"allow":["GET"]}}],"collection":[{"href":"https:\/\/www.vdhurk.nl\/ro\/wp-json\/wp\/v2\/pages"}],"about":[{"href":"https:\/\/www.vdhurk.nl\/ro\/wp-json\/wp\/v2\/types\/page"}],"author":[{"embeddable":true,"href":"https:\/\/www.vdhurk.nl\/ro\/wp-json\/wp\/v2\/users\/3"}],"replies":[{"embeddable":true,"href":"https:\/\/www.vdhurk.nl\/ro\/wp-json\/wp\/v2\/comments?post=442858"}],"version-history":[{"count":6,"href":"https:\/\/www.vdhurk.nl\/ro\/wp-json\/wp\/v2\/pages\/442858\/revisions"}],"predecessor-version":[{"id":442894,"href":"https:\/\/www.vdhurk.nl\/ro\/wp-json\/wp\/v2\/pages\/442858\/revisions\/442894"}],"up":[{"embeddable":true,"href":"https:\/\/www.vdhurk.nl\/ro\/wp-json\/wp\/v2\/pages\/397527"}],"wp:attachment":[{"href":"https:\/\/www.vdhurk.nl\/ro\/wp-json\/wp\/v2\/media?parent=442858"}],"curies":[{"name":"wp","href":"https:\/\/api.w.org\/{rel}","templated":true}]}}