{"id":442821,"date":"2025-02-06T14:55:32","date_gmt":"2025-02-06T13:55:32","guid":{"rendered":"https:\/\/www.vdhurk.nl\/?page_id=442821"},"modified":"2025-02-06T17:22:18","modified_gmt":"2025-02-06T16:22:18","slug":"masina-2","status":"publish","type":"page","link":"https:\/\/www.vdhurk.nl\/ro\/renault-bedrijfswagens\/trafic\/automaat\/","title":{"rendered":"Renault Trafic Automatic"},"content":{"rendered":"<section  class='av_textblock_section av-lu8gnh7d-4ac895489941e586c1d7c8cb72318135'  itemscope=\"itemscope\" itemtype=\"https:\/\/schema.org\/CreativeWork\" ><div class='avia_textblock'  itemprop=\"text\" ><h1>Cump\u0103r\u0103 Renault Trafic automat?<\/h1>\n<p>Un vehicul comercial versatil \u0219i fiabil este indispensabil pentru orice afacere. Renault Trafic automatic ofer\u0103 exact ceea ce ave\u021bi nevoie: o combina\u021bie de performan\u021b\u0103, confort \u0219i eficien\u021b\u0103. Renault este cunoscut pentru vehiculele sale comerciale solide \u0219i inovatoare de mul\u021bi ani. Exploreaz\u0103 gama extins\u0103 \u0219i g\u0103se\u0219te vehiculul comercial ideal care se potrive\u0219te perfect nevoilor afacerii tale.<\/p>\n<\/div><\/section>\n\n<style type=\"text\/css\" data-created_by=\"avia_inline_auto\" id=\"style-css-av-lujjddpd-afa3d7a9eabd61123e643ed1228e781e\">\n#top .hr.hr-invisible.av-lujjddpd-afa3d7a9eabd61123e643ed1228e781e{\nheight:50px;\n}\n<\/style>\n<div  class='hr av-lujjddpd-afa3d7a9eabd61123e643ed1228e781e hr-invisible  avia-builder-el-1  el_after_av_textblock  el_before_av_codeblock'><span class='hr-inner'><span class=\"hr-inner-style\"><\/span><\/span><\/div>\n\n\n<style type=\"text\/css\" data-created_by=\"avia_inline_auto\" id=\"style-css-av-ah0xd-63338d9dc6b40410e22a712829c369d6\">\n#top .hr.hr-invisible.av-ah0xd-63338d9dc6b40410e22a712829c369d6{\nheight:50px;\n}\n<\/style>\n<div  class='hr av-ah0xd-63338d9dc6b40410e22a712829c369d6 hr-invisible  avia-builder-el-3  el_after_av_codeblock  el_before_av_textblock'><span class='hr-inner'><span class=\"hr-inner-style\"><\/span><\/span><\/div>\n<section  class='av_textblock_section av-lu8gow1e-300853e458ed741bd87d6cb78e55cc7a'  itemscope=\"itemscope\" itemtype=\"https:\/\/schema.org\/CreativeWork\" ><div class='avia_textblock'  itemprop=\"text\" ><h2>De ce s\u0103 alege\u021bi o versiune automat\u0103?<\/h2>\n<p>\u00cen calitate de antreprenor, \u00ee\u021bi dore\u0219ti o ma\u0219in\u0103 de serviciu care nu numai c\u0103 func\u021bioneaz\u0103 eficient, dar \u0219i faciliteaz\u0103 condusul zilnic. \u00cen acest sens, automata ofer\u0103 avantaje clare fa\u021b\u0103 de modelele Renault Trafic manuale. Cu o automat\u0103, folose\u0219ti un singur picior, ceea ce face condusul mai confortabil, \u00een special pe drumuri lungi sau atunci c\u00e2nd opre\u0219ti \u0219i accelerezi constant \u00een trafic intens. \u00cen plus, o transmisie automat\u0103 ofer\u0103 o experien\u021b\u0103 de conducere lin\u0103, f\u0103r\u0103 riscul ca motorul s\u0103 se opreasc\u0103. A\u0219adar, cu o transmisie automat\u0103, alege\u021bi confortul, durabilitatea \u0219i economiile. Exact combina\u021bia pe care o c\u0103uta\u021bi pentru afacerea dvs.<\/p>\n<\/div><\/section>\n<div class='flex_column av-f64w1-da126f42b61613402309283c14245a25 av_one_half  avia-builder-el-5  el_after_av_textblock  el_before_av_one_third  first flex_column_div column-top-margin'   ><section  class='av_textblock_section av-lu8gpqre-73cc2c17e6a6497ba6e1b58af22bd9e8'  itemscope=\"itemscope\" itemtype=\"https:\/\/schema.org\/CreativeWork\" ><div class='avia_textblock'  itemprop=\"text\" ><h2>Avantajele Renault Trafic<\/h2>\n<p>Renault Trafic folosit este o alegere inteligent\u0103 pentru antreprenorii care caut\u0103 un vehicul comercial care ofer\u0103 confort, spa\u021biu \u0219i fiabilitate. Datorit\u0103 designului s\u0103u ergonomic, fiecare c\u0103l\u0103torie este confortabil\u0103, chiar \u0219i \u00een timpul zilelor lungi de lucru. De asemenea, ve\u021bi beneficia de o capacitate mare de \u00eenc\u0103rcare cu op\u021biuni practice de depozitare, ideal\u0103 pentru transportul eficient de bunuri \u0219i materiale. C\u00e2nd vine vorba de siguran\u021b\u0103, Trafic nu dezam\u0103ge\u0219te nici el: cu sisteme moderne de asisten\u021b\u0103 la condus, cum ar fi ABS, ESP \u0219i un asistent la fr\u00e2narea de urgen\u021b\u0103, ve\u021bi conduce \u00eentotdeauna cu lini\u0219te. Deci, cu Renault Trafic, sunte\u021bi asigurat de un vehicul comercial care se potrive\u0219te perfect nevoilor dvs. de afaceri.<\/p>\n<\/div><\/section><\/div>\n<div class='flex_column av-aldk9-ee694297f5c4032981677a02caab84d6 av_one_third  avia-builder-el-7  el_after_av_one_half  el_before_av_hr  flex_column_div column-top-margin'   ><style type=\"text\/css\" data-created_by=\"avia_inline_auto\" id=\"style-css-av-l1w9kpsf-4ec3fab772ec7a9adaa33cfc64ff0475\">\n.avia-image-container.av-l1w9kpsf-4ec3fab772ec7a9adaa33cfc64ff0475 .av-image-caption-overlay-center{\ncolor:#ffffff;\n}\n<\/style>\n<div  class='avia-image-container av-l1w9kpsf-4ec3fab772ec7a9adaa33cfc64ff0475 av-styling- avia-align-center  avia-builder-el-8  avia-builder-el-no-sibling'  itemprop=\"image\" itemscope=\"itemscope\" itemtype=\"https:\/\/schema.org\/ImageObject\" ><div class=\"avia-image-container-inner\"><div class=\"avia-image-overlay-wrap\"><img decoding=\"async\" class='wp-image-187 avia-img-lazy-loading-not-187 avia_image' src=\"https:\/\/www.vdhurk.nl\/wp-content\/uploads\/2022\/03\/Voorrad.png\" alt='' title='Stoc'  height=\"758\" width=\"1135\"  itemprop=\"thumbnailUrl\" srcset=\"https:\/\/www.vdhurk.nl\/wp-content\/uploads\/2022\/03\/Voorrad.png 1135w, https:\/\/www.vdhurk.nl\/wp-content\/uploads\/2022\/03\/Voorrad-300x200.png 300w, https:\/\/www.vdhurk.nl\/wp-content\/uploads\/2022\/03\/Voorrad-1030x688.png 1030w, https:\/\/www.vdhurk.nl\/wp-content\/uploads\/2022\/03\/Voorrad-768x513.png 768w, https:\/\/www.vdhurk.nl\/wp-content\/uploads\/2022\/03\/Voorrad-18x12.png 18w, https:\/\/www.vdhurk.nl\/wp-content\/uploads\/2022\/03\/Voorrad-705x471.png 705w\" sizes=\"(max-width: 1135px) 100vw, 1135px\" \/><\/div><\/div><\/div><\/div>\n\n<style type=\"text\/css\" data-created_by=\"avia_inline_auto\" id=\"style-css-av-luqrjpjc-5a23a1fb5f94718ca85316a9df963e2f\">\n#top .hr.hr-invisible.av-luqrjpjc-5a23a1fb5f94718ca85316a9df963e2f{\nheight:50px;\n}\n<\/style>\n<div  class='hr av-luqrjpjc-5a23a1fb5f94718ca85316a9df963e2f hr-invisible  avia-builder-el-9  el_after_av_one_third  el_before_av_textblock'><span class='hr-inner'><span class=\"hr-inner-style\"><\/span><\/span><\/div>\n<section  class='av_textblock_section av-lu8gtjw7-4f3cee9304909518d86d2860d9d582dd'  itemscope=\"itemscope\" itemtype=\"https:\/\/schema.org\/CreativeWork\" ><div class='avia_textblock'  itemprop=\"text\" ><h2>Cump\u0103ra\u021bi sau \u00eenchiria\u021bi un Renault Trafic?<\/h2>\n<p>\u0218tia\u021bi c\u0103 pute\u021bi alege dintre mai multe op\u021biuni de plat\u0103 pentru ma\u0219ina dvs. de serviciu la Van den Hurk? Pute\u021bi alege s\u0103 pl\u0103ti\u021bi \u00eentreaga sum\u0103 dintr-o singur\u0103 dat\u0103, dar <a href=\"https:\/\/www.vdhurk.nl\/ro\/leasing-financiar\/\">leasing financiar<\/a> este o alternativ\u0103 atractiv\u0103 dac\u0103 preferi s\u0103 pl\u0103te\u0219ti lunar. Marele avantaj al leasingului unui Renault Trafic? La sf\u00e2r\u0219itul perioadei de leasing, e\u0219ti proprietarul deplin al Renault Trafic. Astfel, ai imediat o ma\u0219in\u0103 de companie fiabil\u0103, f\u0103r\u0103 a fi nevoit s\u0103 faci o investi\u021bie mare imediat.<\/p>\n<h2>\u00cen ce categorii de pre\u021b se \u00eencadreaz\u0103 aceste vehicule comerciale Renault?<\/h2>\n<p>Pre\u021burile unui Renault Trafic automat variaz\u0103, \u0219i pe bun\u0103 dreptate. \u00cen oferta noastr\u0103 actual\u0103, ve\u021bi g\u0103si diferite versiuni, ani de fabrica\u021bie \u0219i kilometraj, ceea ce face ca gama de pre\u021buri s\u0103 varieze. Acest lucru face dificil\u0103 indicarea unui pre\u021b fix, dar v\u0103 ofer\u0103 \u0219ansa de a g\u0103si un vehicul comercial care se potrive\u0219te bugetului dumneavoastr\u0103. Dori\u021bi s\u0103 afla\u021bi mai multe despre pre\u021buri sau consiliere personalizat\u0103? Nu ezita\u021bi s\u0103 ne contacta\u021bi, suntem bucuro\u0219i s\u0103 g\u00e2ndim \u00eempreun\u0103 cu dumneavoastr\u0103.<\/p>\n<h2>G\u0103si\u021bi un Renault Trafic potrivit<\/h2>\n<p>A\u021bi g\u0103sit un Renault Trafic automat care s\u0103 se potriveasc\u0103 nevoilor dvs. de afaceri? Asta e bine! \u00cenc\u0103 nu a\u021bi g\u0103sit ceea ce c\u0103uta\u021bi? Nu te \u00eengrijora. \u00censcrie-te pentru <a href=\"https:\/\/www.vdhurk.nl\/ro\/alerta-de-stoc\/\">alert\u0103 de stoc<\/a> \u0219i s\u0103 v\u0103 men\u021bine\u021bi cu u\u0219urin\u021b\u0103 la curent cu versiunile automate care apar. \u00cempreun\u0103, v\u0103 vom g\u0103si vehiculul comercial perfect.<\/p>\n<\/div><\/section>","protected":false},"excerpt":{"rendered":"","protected":false},"author":3,"featured_media":0,"parent":409484,"menu_order":0,"comment_status":"closed","ping_status":"closed","template":"","meta":{"_acf_changed":false,"_improvement_type_select":"improve_an_existing","_thumb_yes_seoaic":false,"_frame_yes_seoaic":false,"seoaic_generate_description":"","seoaic_improve_instructions_prompt":"","seoaic_rollback_content_improvement":"","seoaic_idea_thumbnail_generator":"","thumbnail_generated":false,"thumbnail_generate_prompt":"","seoaic_article_description":"","footnotes":""},"class_list":["post-442821","page","type-page","status-publish","hentry"],"acf":[],"yoast_head":"<!-- This site is optimized with the Yoast SEO plugin v27.3 - https:\/\/yoast.com\/product\/yoast-seo-wordpress\/ -->\n<title>Vind de Renault Trafic automaat die bij jou past<\/title>\n<meta name=\"description\" content=\"Ben je op zoek naar een veelzijdige Renault Trafic automaat voor jouw onderneming? Bekijk ons aanbod en vind de bedrijfswagen die bij jou past.\" \/>\n<meta name=\"robots\" content=\"index, follow, max-snippet:-1, max-image-preview:large, max-video-preview:-1\" \/>\n<link rel=\"canonical\" href=\"https:\/\/www.vdhurk.nl\/ro\/vehicule-comerciale-renault\/mercedes-7\/masina-2\/\" \/>\n<meta property=\"og:locale\" content=\"ro_RO\" \/>\n<meta property=\"og:type\" content=\"article\" \/>\n<meta property=\"og:title\" content=\"Vind de Renault Trafic automaat die bij jou past\" \/>\n<meta property=\"og:description\" content=\"Ben je op zoek naar een veelzijdige Renault Trafic automaat voor jouw onderneming? Bekijk ons aanbod en vind de bedrijfswagen die bij jou past.\" \/>\n<meta property=\"og:url\" content=\"https:\/\/www.vdhurk.nl\/ro\/vehicule-comerciale-renault\/mercedes-7\/masina-2\/\" \/>\n<meta property=\"og:site_name\" content=\"Van den Hurk Bedrijfswagens\" \/>\n<meta property=\"article:modified_time\" content=\"2025-02-06T16:22:18+00:00\" \/>\n<meta name=\"twitter:card\" content=\"summary_large_image\" \/>\n<meta name=\"twitter:label1\" content=\"Timp estimat pentru citire\" \/>\n\t<meta name=\"twitter:data1\" content=\"4 minute\" \/>\n<script type=\"application\/ld+json\" class=\"yoast-schema-graph\">{\"@context\":\"https:\\\/\\\/schema.org\",\"@graph\":[{\"@type\":\"WebPage\",\"@id\":\"https:\\\/\\\/www.vdhurk.nl\\\/renault-bedrijfswagens\\\/trafic\\\/automaat\\\/\",\"url\":\"https:\\\/\\\/www.vdhurk.nl\\\/renault-bedrijfswagens\\\/trafic\\\/automaat\\\/\",\"name\":\"Vind de Renault Trafic automaat die bij jou past\",\"isPartOf\":{\"@id\":\"https:\\\/\\\/www.vdhurk.nl\\\/#website\"},\"datePublished\":\"2025-02-06T13:55:32+00:00\",\"dateModified\":\"2025-02-06T16:22:18+00:00\",\"description\":\"Ben je op zoek naar een veelzijdige Renault Trafic automaat voor jouw onderneming? Bekijk ons aanbod en vind de bedrijfswagen die bij jou past.\",\"breadcrumb\":{\"@id\":\"https:\\\/\\\/www.vdhurk.nl\\\/renault-bedrijfswagens\\\/trafic\\\/automaat\\\/#breadcrumb\"},\"inLanguage\":\"ro-RO\",\"potentialAction\":[{\"@type\":\"ReadAction\",\"target\":[\"https:\\\/\\\/www.vdhurk.nl\\\/renault-bedrijfswagens\\\/trafic\\\/automaat\\\/\"]}]},{\"@type\":\"BreadcrumbList\",\"@id\":\"https:\\\/\\\/www.vdhurk.nl\\\/renault-bedrijfswagens\\\/trafic\\\/automaat\\\/#breadcrumb\",\"itemListElement\":[{\"@type\":\"ListItem\",\"position\":1,\"name\":\"Home\",\"item\":\"https:\\\/\\\/www.vdhurk.nl\\\/home\\\/\"},{\"@type\":\"ListItem\",\"position\":2,\"name\":\"Renault Bedrijfswagens\",\"item\":\"https:\\\/\\\/www.vdhurk.nl\\\/renault-bedrijfswagens\\\/\"},{\"@type\":\"ListItem\",\"position\":3,\"name\":\"Renault Trafic\",\"item\":\"https:\\\/\\\/www.vdhurk.nl\\\/renault-bedrijfswagens\\\/trafic\\\/\"},{\"@type\":\"ListItem\",\"position\":4,\"name\":\"Renault Trafic Automaat\"}]},{\"@type\":\"WebSite\",\"@id\":\"https:\\\/\\\/www.vdhurk.nl\\\/#website\",\"url\":\"https:\\\/\\\/www.vdhurk.nl\\\/\",\"name\":\"Van den Hurk Bedrijfswagens\",\"description\":\"Van den Hurk bedrijfswagens Helmond\",\"potentialAction\":[{\"@type\":\"SearchAction\",\"target\":{\"@type\":\"EntryPoint\",\"urlTemplate\":\"https:\\\/\\\/www.vdhurk.nl\\\/?s={search_term_string}\"},\"query-input\":{\"@type\":\"PropertyValueSpecification\",\"valueRequired\":true,\"valueName\":\"search_term_string\"}}],\"inLanguage\":\"ro-RO\"}]}<\/script>\n<!-- \/ Yoast SEO plugin. -->","yoast_head_json":{"title":"G\u0103si\u021bi Renault Trafic automat care vi se potrive\u0219te","description":"Sunte\u021bi \u00een c\u0103utarea unui Renault Trafic automat versatil pentru afacerea dumneavoastr\u0103? Verific\u0103 gama noastr\u0103 \u0219i g\u0103se\u0219te vehiculul comercial care \u021bi se potrive\u0219te.","robots":{"index":"index","follow":"follow","max-snippet":"max-snippet:-1","max-image-preview":"max-image-preview:large","max-video-preview":"max-video-preview:-1"},"canonical":"https:\/\/www.vdhurk.nl\/ro\/vehicule-comerciale-renault\/mercedes-7\/masina-2\/","og_locale":"ro_RO","og_type":"article","og_title":"Vind de Renault Trafic automaat die bij jou past","og_description":"Ben je op zoek naar een veelzijdige Renault Trafic automaat voor jouw onderneming? Bekijk ons aanbod en vind de bedrijfswagen die bij jou past.","og_url":"https:\/\/www.vdhurk.nl\/ro\/vehicule-comerciale-renault\/mercedes-7\/masina-2\/","og_site_name":"Van den Hurk Bedrijfswagens","article_modified_time":"2025-02-06T16:22:18+00:00","twitter_card":"summary_large_image","twitter_misc":{"Timp estimat pentru citire":"4 minute"},"schema":{"@context":"https:\/\/schema.org","@graph":[{"@type":"WebPage","@id":"https:\/\/www.vdhurk.nl\/renault-bedrijfswagens\/trafic\/automaat\/","url":"https:\/\/www.vdhurk.nl\/renault-bedrijfswagens\/trafic\/automaat\/","name":"G\u0103si\u021bi Renault Trafic automat care vi se potrive\u0219te","isPartOf":{"@id":"https:\/\/www.vdhurk.nl\/#website"},"datePublished":"2025-02-06T13:55:32+00:00","dateModified":"2025-02-06T16:22:18+00:00","description":"Sunte\u021bi \u00een c\u0103utarea unui Renault Trafic automat versatil pentru afacerea dumneavoastr\u0103? Verific\u0103 gama noastr\u0103 \u0219i g\u0103se\u0219te vehiculul comercial care \u021bi se potrive\u0219te.","breadcrumb":{"@id":"https:\/\/www.vdhurk.nl\/renault-bedrijfswagens\/trafic\/automaat\/#breadcrumb"},"inLanguage":"ro-RO","potentialAction":[{"@type":"ReadAction","target":["https:\/\/www.vdhurk.nl\/renault-bedrijfswagens\/trafic\/automaat\/"]}]},{"@type":"BreadcrumbList","@id":"https:\/\/www.vdhurk.nl\/renault-bedrijfswagens\/trafic\/automaat\/#breadcrumb","itemListElement":[{"@type":"ListItem","position":1,"name":"Home","item":"https:\/\/www.vdhurk.nl\/home\/"},{"@type":"ListItem","position":2,"name":"Renault Bedrijfswagens","item":"https:\/\/www.vdhurk.nl\/renault-bedrijfswagens\/"},{"@type":"ListItem","position":3,"name":"Renault Trafic","item":"https:\/\/www.vdhurk.nl\/renault-bedrijfswagens\/trafic\/"},{"@type":"ListItem","position":4,"name":"Renault Trafic Automaat"}]},{"@type":"WebSite","@id":"https:\/\/www.vdhurk.nl\/#website","url":"https:\/\/www.vdhurk.nl\/","name":"Vehicule comerciale Van den Hurk","description":"Vehicule comerciale Van den Hurk Helmond","potentialAction":[{"@type":"SearchAction","target":{"@type":"EntryPoint","urlTemplate":"https:\/\/www.vdhurk.nl\/?s={search_term_string}"},"query-input":{"@type":"PropertyValueSpecification","valueRequired":true,"valueName":"search_term_string"}}],"inLanguage":"ro-RO"}]}},"_links":{"self":[{"href":"https:\/\/www.vdhurk.nl\/ro\/wp-json\/wp\/v2\/pages\/442821","targetHints":{"allow":["GET"]}}],"collection":[{"href":"https:\/\/www.vdhurk.nl\/ro\/wp-json\/wp\/v2\/pages"}],"about":[{"href":"https:\/\/www.vdhurk.nl\/ro\/wp-json\/wp\/v2\/types\/page"}],"author":[{"embeddable":true,"href":"https:\/\/www.vdhurk.nl\/ro\/wp-json\/wp\/v2\/users\/3"}],"replies":[{"embeddable":true,"href":"https:\/\/www.vdhurk.nl\/ro\/wp-json\/wp\/v2\/comments?post=442821"}],"version-history":[{"count":5,"href":"https:\/\/www.vdhurk.nl\/ro\/wp-json\/wp\/v2\/pages\/442821\/revisions"}],"predecessor-version":[{"id":442892,"href":"https:\/\/www.vdhurk.nl\/ro\/wp-json\/wp\/v2\/pages\/442821\/revisions\/442892"}],"up":[{"embeddable":true,"href":"https:\/\/www.vdhurk.nl\/ro\/wp-json\/wp\/v2\/pages\/409484"}],"wp:attachment":[{"href":"https:\/\/www.vdhurk.nl\/ro\/wp-json\/wp\/v2\/media?parent=442821"}],"curies":[{"name":"wp","href":"https:\/\/api.w.org\/{rel}","templated":true}]}}