{"id":442819,"date":"2025-02-06T14:39:02","date_gmt":"2025-02-06T13:39:02","guid":{"rendered":"https:\/\/www.vdhurk.nl\/?page_id=442819"},"modified":"2025-02-06T17:20:59","modified_gmt":"2025-02-06T16:20:59","slug":"masina-2","status":"publish","type":"page","link":"https:\/\/www.vdhurk.nl\/ro\/peugeot-bedrijfswagens\/boxer\/automaat\/","title":{"rendered":"Peugeot Boxer Automatic"},"content":{"rendered":"<section  class='av_textblock_section av-lu8gnh7d-4ac895489941e586c1d7c8cb72318135'  itemscope=\"itemscope\" itemtype=\"https:\/\/schema.org\/CreativeWork\" ><div class='avia_textblock'  itemprop=\"text\" ><h1>C\u0103uta\u021bi un Peugeot Boxer automat?<\/h1>\n<p>C\u0103uta\u021bi o ma\u0219in\u0103 de companie fiabil\u0103 pentru afacerea dumneavoastr\u0103? Atunci Peugeot Boxer automat merit\u0103 cu siguran\u021b\u0103 aten\u021bia dumneavoastr\u0103. Acest model este popular printre utilizatorii de afaceri \u0219i pe bun\u0103 dreptate. Cu o experien\u021b\u0103 de conducere confortabil\u0103 \u0219i o capacitate de \u00eenc\u0103rcare ampl\u0103, Peugeot Boxer este o alegere excelent\u0103 pentru proprietarii de afaceri care apreciaz\u0103 calitatea \u0219i eficien\u021ba. Citi\u021bi mai departe \u0219i afla\u021bi dac\u0103 acest vehicul comercial se potrive\u0219te perfect pentru nevoile dvs. de afaceri.<\/p>\n<\/div><\/section>\n\n<style type=\"text\/css\" data-created_by=\"avia_inline_auto\" id=\"style-css-av-lujjddpd-afa3d7a9eabd61123e643ed1228e781e\">\n#top .hr.hr-invisible.av-lujjddpd-afa3d7a9eabd61123e643ed1228e781e{\nheight:50px;\n}\n<\/style>\n<div  class='hr av-lujjddpd-afa3d7a9eabd61123e643ed1228e781e hr-invisible  avia-builder-el-1  el_after_av_textblock  el_before_av_codeblock'><span class='hr-inner'><span class=\"hr-inner-style\"><\/span><\/span><\/div>\n\n\n<style type=\"text\/css\" data-created_by=\"avia_inline_auto\" id=\"style-css-av-ah0xd-63338d9dc6b40410e22a712829c369d6\">\n#top .hr.hr-invisible.av-ah0xd-63338d9dc6b40410e22a712829c369d6{\nheight:50px;\n}\n<\/style>\n<div  class='hr av-ah0xd-63338d9dc6b40410e22a712829c369d6 hr-invisible  avia-builder-el-3  el_after_av_codeblock  el_before_av_textblock'><span class='hr-inner'><span class=\"hr-inner-style\"><\/span><\/span><\/div>\n<section  class='av_textblock_section av-lu8gow1e-300853e458ed741bd87d6cb78e55cc7a'  itemscope=\"itemscope\" itemtype=\"https:\/\/schema.org\/CreativeWork\" ><div class='avia_textblock'  itemprop=\"text\" ><h2>Avantajele unei versiuni automate<\/h2>\n<p>\u00cen calitate de antreprenor, \u00ee\u021bi dore\u0219ti \u00een mod natural o ma\u0219in\u0103 de serviciu care nu numai c\u0103 func\u021bioneaz\u0103 eficient, dar face \u0219i condusul c\u00e2t mai u\u0219or posibil. O automat\u0103 ofer\u0103 exact aceste avantaje \u0219i se distinge clar de modelele Peugeot Boxer manuale. Deoarece folosi\u021bi un singur picior, beneficia\u021bi de un confort suplimentar la condus. Acest lucru este deosebit de avantajos \u00een timpul c\u0103l\u0103toriilor lungi sau atunci c\u00e2nd trebuie s\u0103 opre\u0219ti \u0219i s\u0103 accelerezi \u00een mod regulat \u00een traficul urban intens. Cu un Renault Trafic automat, investe\u0219ti \u00een confort \u0219i fiabilitate.<\/p>\n<\/div><\/section>\n<div class='flex_column av-f64w1-da126f42b61613402309283c14245a25 av_one_half  avia-builder-el-5  el_after_av_textblock  el_before_av_one_third  first flex_column_div column-top-margin'   ><section  class='av_textblock_section av-lu8gpqre-73cc2c17e6a6497ba6e1b58af22bd9e8'  itemscope=\"itemscope\" itemtype=\"https:\/\/schema.org\/CreativeWork\" ><div class='avia_textblock'  itemprop=\"text\" ><h2>De ce s\u0103 alege\u021bi un Peugeot Boxer folosit sau nou?<\/h2>\n<p>V\u0103 g\u00e2ndi\u021bi la un Peugeot Boxer? Atunci alege\u021bi un vehicul comercial care ofer\u0103 mai multe avantaje. Cabina este proiectat\u0103 pentru un confort optim, f\u0103c\u00e2nd ca zilele lungi de lucru la volan s\u0103 se desf\u0103\u0219oare f\u0103r\u0103 efort. Datorit\u0103 spa\u021biilor de depozitare spa\u021bioase \u0219i caracteristicilor practice, ve\u021bi beneficia de o c\u0103l\u0103torie confortabil\u0103 \u00een fiecare zi. Peugeot Boxer este, de asemenea, foarte versatil, cu diferite versiuni pentru a se potrivi diferitelor nevoi de afaceri. Fie c\u0103 sunte\u021bi \u00een c\u0103utarea unui model pentru transportul de m\u0103rfuri sau pentru scopuri profesionale specifice, exist\u0103 \u00eentotdeauna o variant\u0103 care s\u0103 vi se potriveasc\u0103. Pe scurt, Peugeot Boxer ofer\u0103 o combina\u021bie de confort, versatilitate \u0219i alegere. Acest lucru face ca acest vehicul comercial s\u0103 fie ideal pentru orice afacere.<\/p>\n<\/div><\/section><\/div>\n<div class='flex_column av-aldk9-ee694297f5c4032981677a02caab84d6 av_one_third  avia-builder-el-7  el_after_av_one_half  el_before_av_hr  flex_column_div column-top-margin'   ><style type=\"text\/css\" data-created_by=\"avia_inline_auto\" id=\"style-css-av-l1w9kpsf-4ec3fab772ec7a9adaa33cfc64ff0475\">\n.avia-image-container.av-l1w9kpsf-4ec3fab772ec7a9adaa33cfc64ff0475 .av-image-caption-overlay-center{\ncolor:#ffffff;\n}\n<\/style>\n<div  class='avia-image-container av-l1w9kpsf-4ec3fab772ec7a9adaa33cfc64ff0475 av-styling- avia-align-center  avia-builder-el-8  avia-builder-el-no-sibling'  itemprop=\"image\" itemscope=\"itemscope\" itemtype=\"https:\/\/schema.org\/ImageObject\" ><div class=\"avia-image-container-inner\"><div class=\"avia-image-overlay-wrap\"><img decoding=\"async\" class='wp-image-187 avia-img-lazy-loading-not-187 avia_image' src=\"https:\/\/www.vdhurk.nl\/wp-content\/uploads\/2022\/03\/Voorrad.png\" alt='' title='Stoc'  height=\"758\" width=\"1135\"  itemprop=\"thumbnailUrl\" srcset=\"https:\/\/www.vdhurk.nl\/wp-content\/uploads\/2022\/03\/Voorrad.png 1135w, https:\/\/www.vdhurk.nl\/wp-content\/uploads\/2022\/03\/Voorrad-300x200.png 300w, https:\/\/www.vdhurk.nl\/wp-content\/uploads\/2022\/03\/Voorrad-1030x688.png 1030w, https:\/\/www.vdhurk.nl\/wp-content\/uploads\/2022\/03\/Voorrad-768x513.png 768w, https:\/\/www.vdhurk.nl\/wp-content\/uploads\/2022\/03\/Voorrad-18x12.png 18w, https:\/\/www.vdhurk.nl\/wp-content\/uploads\/2022\/03\/Voorrad-705x471.png 705w\" sizes=\"(max-width: 1135px) 100vw, 1135px\" \/><\/div><\/div><\/div><\/div>\n\n<style type=\"text\/css\" data-created_by=\"avia_inline_auto\" id=\"style-css-av-luqrjpjc-5a23a1fb5f94718ca85316a9df963e2f\">\n#top .hr.hr-invisible.av-luqrjpjc-5a23a1fb5f94718ca85316a9df963e2f{\nheight:50px;\n}\n<\/style>\n<div  class='hr av-luqrjpjc-5a23a1fb5f94718ca85316a9df963e2f hr-invisible  avia-builder-el-9  el_after_av_one_third  el_before_av_textblock'><span class='hr-inner'><span class=\"hr-inner-style\"><\/span><\/span><\/div>\n<section  class='av_textblock_section av-lu8gtjw7-4f3cee9304909518d86d2860d9d582dd'  itemscope=\"itemscope\" itemtype=\"https:\/\/schema.org\/CreativeWork\" ><div class='avia_textblock'  itemprop=\"text\" ><h2>O indica\u021bie de pre\u021b<\/h2>\n<p>Pre\u021burile unui Peugeot Boxer automat variaz\u0103, iar acest lucru se datoreaz\u0103 versiunilor \u0219i specifica\u021biilor diferite pe care le oferim. Fie c\u0103 sunte\u021bi \u00een c\u0103utarea unui Peugeot Boxer simplu sau a unei versiuni complet echipate, \u00een gama noastr\u0103 ve\u021bi g\u0103si \u00eentotdeauna un model care s\u0103 v\u0103 satisfac\u0103 nevoile. Deoarece oferta noastr\u0103 este \u00een continu\u0103 schimbare, nu putem oferi o ofert\u0103 de pre\u021b fix\u0103. Prin urmare, v\u0103 rug\u0103m s\u0103 p\u0103stra\u021bi <a href=\"https:\/\/www.vdhurk.nl\/ro\/vehicule-comerciale\/\">oferta curent\u0103<\/a> cu aten\u021bie.<\/p>\n<h2>Cump\u0103ra\u021bi sau \u00eenchiria\u021bi un Peugeot Boxer?<\/h2>\n<p>La Van den Hurk, nu numai c\u0103 ave\u021bi op\u021biunea de a achizi\u021biona direct un vehicul comercial, dar pute\u021bi opta \u0219i pentru <a href=\"https:\/\/www.vdhurk.nl\/ro\/leasing-financiar\/\">leasing financiar<\/a>. Leasingul unui Peugeot Boxer \u00eenseamn\u0103 c\u0103 pl\u0103ti\u021bi o sum\u0103 fix\u0103 pe lun\u0103. Pe parcursul perioadei de leasing, dob\u00e2nde\u0219ti din ce \u00een ce mai mult drept de proprietate, iar la sf\u00e2r\u0219itul contractului e\u0219ti proprietarul deplin al autovehiculului, f\u0103r\u0103 a fi nevoit s\u0103 faci un avans mare.<\/p>\n<h2>G\u0103se\u0219te-\u021bi ma\u0219ina de serviciu perfect\u0103<\/h2>\n<p>E\u0219ti convins \u0219i gata s\u0103 cumperi un Peugeot Boxer automat? Sau mai ai nevoie de c\u00e2teva informa\u021bii pentru a face alegerea corect\u0103? \u00cen calitate de dealer Peugeot Boxer, suntem preg\u0103ti\u021bi s\u0103 v\u0103 r\u0103spundem la toate \u00eentreb\u0103rile. Contacta\u021bi-ne pentru mai multe detalii sau consulta\u021bi gama noastr\u0103 actual\u0103 pentru a v\u0103 g\u0103si vehiculul comercial ideal.<\/p>\n<\/div><\/section>","protected":false},"excerpt":{"rendered":"","protected":false},"author":3,"featured_media":0,"parent":405923,"menu_order":0,"comment_status":"closed","ping_status":"closed","template":"","meta":{"_acf_changed":false,"_improvement_type_select":"improve_an_existing","_thumb_yes_seoaic":false,"_frame_yes_seoaic":false,"seoaic_generate_description":"","seoaic_improve_instructions_prompt":"","seoaic_rollback_content_improvement":"","seoaic_idea_thumbnail_generator":"","thumbnail_generated":false,"thumbnail_generate_prompt":"","seoaic_article_description":"","footnotes":""},"class_list":["post-442819","page","type-page","status-publish","hentry"],"acf":[],"yoast_head":"<!-- This site is optimized with the Yoast SEO plugin v27.5 - https:\/\/yoast.com\/product\/yoast-seo-wordpress\/ -->\n<title>Vind jouw Peugeot Boxer automaat | Bekijk ons aanbod<\/title>\n<meta name=\"description\" content=\"Zoek je een Peugeot Boxer automaat? Ontdek de mogelijkheden en vind de bedrijfswagen die perfect aansluit bij jouw zakelijke behoeften.\" \/>\n<meta name=\"robots\" content=\"index, follow, max-snippet:-1, max-image-preview:large, max-video-preview:-1\" \/>\n<link rel=\"canonical\" href=\"https:\/\/www.vdhurk.nl\/ro\/peugeot-vehicule-comerciale\/mercedes-11\/masina-2\/\" \/>\n<meta property=\"og:locale\" content=\"ro_RO\" \/>\n<meta property=\"og:type\" content=\"article\" \/>\n<meta property=\"og:title\" content=\"Vind jouw Peugeot Boxer automaat | Bekijk ons aanbod\" \/>\n<meta property=\"og:description\" content=\"Zoek je een Peugeot Boxer automaat? Ontdek de mogelijkheden en vind de bedrijfswagen die perfect aansluit bij jouw zakelijke behoeften.\" \/>\n<meta property=\"og:url\" content=\"https:\/\/www.vdhurk.nl\/ro\/peugeot-vehicule-comerciale\/mercedes-11\/masina-2\/\" \/>\n<meta property=\"og:site_name\" content=\"Van den Hurk Bedrijfswagens\" \/>\n<meta property=\"article:modified_time\" content=\"2025-02-06T16:20:59+00:00\" \/>\n<meta name=\"twitter:card\" content=\"summary_large_image\" \/>\n<meta name=\"twitter:label1\" content=\"Timp estimat pentru citire\" \/>\n\t<meta name=\"twitter:data1\" content=\"4 minute\" \/>\n<script type=\"application\/ld+json\" class=\"yoast-schema-graph\">{\"@context\":\"https:\\\/\\\/schema.org\",\"@graph\":[{\"@type\":\"WebPage\",\"@id\":\"https:\\\/\\\/www.vdhurk.nl\\\/peugeot-bedrijfswagens\\\/boxer\\\/automaat\\\/\",\"url\":\"https:\\\/\\\/www.vdhurk.nl\\\/peugeot-bedrijfswagens\\\/boxer\\\/automaat\\\/\",\"name\":\"Vind jouw Peugeot Boxer automaat | Bekijk ons aanbod\",\"isPartOf\":{\"@id\":\"https:\\\/\\\/www.vdhurk.nl\\\/#website\"},\"datePublished\":\"2025-02-06T13:39:02+00:00\",\"dateModified\":\"2025-02-06T16:20:59+00:00\",\"description\":\"Zoek je een Peugeot Boxer automaat? Ontdek de mogelijkheden en vind de bedrijfswagen die perfect aansluit bij jouw zakelijke behoeften.\",\"breadcrumb\":{\"@id\":\"https:\\\/\\\/www.vdhurk.nl\\\/peugeot-bedrijfswagens\\\/boxer\\\/automaat\\\/#breadcrumb\"},\"inLanguage\":\"ro-RO\",\"potentialAction\":[{\"@type\":\"ReadAction\",\"target\":[\"https:\\\/\\\/www.vdhurk.nl\\\/peugeot-bedrijfswagens\\\/boxer\\\/automaat\\\/\"]}]},{\"@type\":\"BreadcrumbList\",\"@id\":\"https:\\\/\\\/www.vdhurk.nl\\\/peugeot-bedrijfswagens\\\/boxer\\\/automaat\\\/#breadcrumb\",\"itemListElement\":[{\"@type\":\"ListItem\",\"position\":1,\"name\":\"Home\",\"item\":\"https:\\\/\\\/www.vdhurk.nl\\\/home\\\/\"},{\"@type\":\"ListItem\",\"position\":2,\"name\":\"Peugeot Bedrijfswagens\",\"item\":\"https:\\\/\\\/www.vdhurk.nl\\\/peugeot-bedrijfswagens\\\/\"},{\"@type\":\"ListItem\",\"position\":3,\"name\":\"Peugeot Boxer\",\"item\":\"https:\\\/\\\/www.vdhurk.nl\\\/peugeot-bedrijfswagens\\\/boxer\\\/\"},{\"@type\":\"ListItem\",\"position\":4,\"name\":\"Peugeot Boxer Automaat\"}]},{\"@type\":\"WebSite\",\"@id\":\"https:\\\/\\\/www.vdhurk.nl\\\/#website\",\"url\":\"https:\\\/\\\/www.vdhurk.nl\\\/\",\"name\":\"Van den Hurk Bedrijfswagens\",\"description\":\"Van den Hurk bedrijfswagens Helmond\",\"potentialAction\":[{\"@type\":\"SearchAction\",\"target\":{\"@type\":\"EntryPoint\",\"urlTemplate\":\"https:\\\/\\\/www.vdhurk.nl\\\/?s={search_term_string}\"},\"query-input\":{\"@type\":\"PropertyValueSpecification\",\"valueRequired\":true,\"valueName\":\"search_term_string\"}}],\"inLanguage\":\"ro-RO\"}]}<\/script>\n<!-- \/ Yoast SEO plugin. -->","yoast_head_json":{"title":"G\u0103si\u021bi Peugeot Boxer automatic | Vizualiza\u021bi oferta noastr\u0103","description":"C\u0103uta\u021bi un Peugeot Boxer automat? Explora\u021bi op\u021biunile \u0219i g\u0103si\u021bi vehiculul comercial care se potrive\u0219te perfect nevoilor dvs. de afaceri.","robots":{"index":"index","follow":"follow","max-snippet":"max-snippet:-1","max-image-preview":"max-image-preview:large","max-video-preview":"max-video-preview:-1"},"canonical":"https:\/\/www.vdhurk.nl\/ro\/peugeot-vehicule-comerciale\/mercedes-11\/masina-2\/","og_locale":"ro_RO","og_type":"article","og_title":"Vind jouw Peugeot Boxer automaat | Bekijk ons aanbod","og_description":"Zoek je een Peugeot Boxer automaat? Ontdek de mogelijkheden en vind de bedrijfswagen die perfect aansluit bij jouw zakelijke behoeften.","og_url":"https:\/\/www.vdhurk.nl\/ro\/peugeot-vehicule-comerciale\/mercedes-11\/masina-2\/","og_site_name":"Van den Hurk Bedrijfswagens","article_modified_time":"2025-02-06T16:20:59+00:00","twitter_card":"summary_large_image","twitter_misc":{"Timp estimat pentru citire":"4 minute"},"schema":{"@context":"https:\/\/schema.org","@graph":[{"@type":"WebPage","@id":"https:\/\/www.vdhurk.nl\/peugeot-bedrijfswagens\/boxer\/automaat\/","url":"https:\/\/www.vdhurk.nl\/peugeot-bedrijfswagens\/boxer\/automaat\/","name":"G\u0103si\u021bi Peugeot Boxer automatic | Vizualiza\u021bi oferta noastr\u0103","isPartOf":{"@id":"https:\/\/www.vdhurk.nl\/#website"},"datePublished":"2025-02-06T13:39:02+00:00","dateModified":"2025-02-06T16:20:59+00:00","description":"C\u0103uta\u021bi un Peugeot Boxer automat? Explora\u021bi op\u021biunile \u0219i g\u0103si\u021bi vehiculul comercial care se potrive\u0219te perfect nevoilor dvs. de afaceri.","breadcrumb":{"@id":"https:\/\/www.vdhurk.nl\/peugeot-bedrijfswagens\/boxer\/automaat\/#breadcrumb"},"inLanguage":"ro-RO","potentialAction":[{"@type":"ReadAction","target":["https:\/\/www.vdhurk.nl\/peugeot-bedrijfswagens\/boxer\/automaat\/"]}]},{"@type":"BreadcrumbList","@id":"https:\/\/www.vdhurk.nl\/peugeot-bedrijfswagens\/boxer\/automaat\/#breadcrumb","itemListElement":[{"@type":"ListItem","position":1,"name":"Home","item":"https:\/\/www.vdhurk.nl\/home\/"},{"@type":"ListItem","position":2,"name":"Peugeot Bedrijfswagens","item":"https:\/\/www.vdhurk.nl\/peugeot-bedrijfswagens\/"},{"@type":"ListItem","position":3,"name":"Peugeot Boxer","item":"https:\/\/www.vdhurk.nl\/peugeot-bedrijfswagens\/boxer\/"},{"@type":"ListItem","position":4,"name":"Peugeot Boxer Automaat"}]},{"@type":"WebSite","@id":"https:\/\/www.vdhurk.nl\/#website","url":"https:\/\/www.vdhurk.nl\/","name":"Vehicule comerciale Van den Hurk","description":"Vehicule comerciale Van den Hurk Helmond","potentialAction":[{"@type":"SearchAction","target":{"@type":"EntryPoint","urlTemplate":"https:\/\/www.vdhurk.nl\/?s={search_term_string}"},"query-input":{"@type":"PropertyValueSpecification","valueRequired":true,"valueName":"search_term_string"}}],"inLanguage":"ro-RO"}]}},"_links":{"self":[{"href":"https:\/\/www.vdhurk.nl\/ro\/wp-json\/wp\/v2\/pages\/442819","targetHints":{"allow":["GET"]}}],"collection":[{"href":"https:\/\/www.vdhurk.nl\/ro\/wp-json\/wp\/v2\/pages"}],"about":[{"href":"https:\/\/www.vdhurk.nl\/ro\/wp-json\/wp\/v2\/types\/page"}],"author":[{"embeddable":true,"href":"https:\/\/www.vdhurk.nl\/ro\/wp-json\/wp\/v2\/users\/3"}],"replies":[{"embeddable":true,"href":"https:\/\/www.vdhurk.nl\/ro\/wp-json\/wp\/v2\/comments?post=442819"}],"version-history":[{"count":3,"href":"https:\/\/www.vdhurk.nl\/ro\/wp-json\/wp\/v2\/pages\/442819\/revisions"}],"predecessor-version":[{"id":442890,"href":"https:\/\/www.vdhurk.nl\/ro\/wp-json\/wp\/v2\/pages\/442819\/revisions\/442890"}],"up":[{"embeddable":true,"href":"https:\/\/www.vdhurk.nl\/ro\/wp-json\/wp\/v2\/pages\/405923"}],"wp:attachment":[{"href":"https:\/\/www.vdhurk.nl\/ro\/wp-json\/wp\/v2\/media?parent=442819"}],"curies":[{"name":"wp","href":"https:\/\/api.w.org\/{rel}","templated":true}]}}