{"id":442817,"date":"2025-02-06T14:04:20","date_gmt":"2025-02-06T13:04:20","guid":{"rendered":"https:\/\/www.vdhurk.nl\/?page_id=442817"},"modified":"2025-02-06T17:20:38","modified_gmt":"2025-02-06T16:20:38","slug":"masina-2","status":"publish","type":"page","link":"https:\/\/www.vdhurk.nl\/ro\/peugeot-bedrijfswagens\/partner\/automaat\/","title":{"rendered":"Peugeot Partner Automatic"},"content":{"rendered":"<section  class='av_textblock_section av-lu8gnh7d-4ac895489941e586c1d7c8cb72318135'  itemscope=\"itemscope\" itemtype=\"https:\/\/schema.org\/CreativeWork\" ><div class='avia_textblock'  itemprop=\"text\" ><h1>G\u0103se\u0219te transmisia automat\u0103 Peugeot Partner<\/h1>\n<p>Vehiculul dvs. comercial trebuie \u00eenlocuit? Sunte\u021bi \u00een c\u0103utarea primei dvs. furgonete sau dori\u021bi s\u0103 trece\u021bi la o transmisie automat\u0103? Atunci Peugeot Partner automatic este o alegere excelent\u0103. Cu caracteristicile sale versatile \u0219i specifica\u021biile practice, aceast\u0103 dubi\u021b\u0103 este partenerul ideal pentru afacerea dumneavoastr\u0103. V\u0103 \u00eentreba\u021bi de ce? Cite\u0219te mai departe \u0219i afl\u0103 dac\u0103 Peugeot Partner este potrivit pentru tine.<\/p>\n<\/div><\/section>\n\n<style type=\"text\/css\" data-created_by=\"avia_inline_auto\" id=\"style-css-av-lujjddpd-afa3d7a9eabd61123e643ed1228e781e\">\n#top .hr.hr-invisible.av-lujjddpd-afa3d7a9eabd61123e643ed1228e781e{\nheight:50px;\n}\n<\/style>\n<div  class='hr av-lujjddpd-afa3d7a9eabd61123e643ed1228e781e hr-invisible  avia-builder-el-1  el_after_av_textblock  el_before_av_codeblock'><span class='hr-inner'><span class=\"hr-inner-style\"><\/span><\/span><\/div>\n\n\n<style type=\"text\/css\" data-created_by=\"avia_inline_auto\" id=\"style-css-av-ah0xd-63338d9dc6b40410e22a712829c369d6\">\n#top .hr.hr-invisible.av-ah0xd-63338d9dc6b40410e22a712829c369d6{\nheight:50px;\n}\n<\/style>\n<div  class='hr av-ah0xd-63338d9dc6b40410e22a712829c369d6 hr-invisible  avia-builder-el-3  el_after_av_codeblock  el_before_av_textblock'><span class='hr-inner'><span class=\"hr-inner-style\"><\/span><\/span><\/div>\n<section  class='av_textblock_section av-lu8gow1e-300853e458ed741bd87d6cb78e55cc7a'  itemscope=\"itemscope\" itemtype=\"https:\/\/schema.org\/CreativeWork\" ><div class='avia_textblock'  itemprop=\"text\" ><h2>Care sunt avantajele unei ma\u0219ini automate?<\/h2>\n<p>\u00cen calitate de antreprenor, cau\u021bi o ma\u0219in\u0103 de companie care nu este doar eficient\u0103, ci \u0219i care duce confortul condusului la nivelul urm\u0103tor. O cutie automat\u0103 ofer\u0103 exact acest lucru \u0219i are avantaje clare fa\u021b\u0103 de modelele Peugeot Partner manuale. Prin utilizarea unui singur picior, conduci \u00eentotdeauna confortabil, chiar \u0219i pe drumuri lungi. A\u0219adar, cu un Peugeot Partner automat, investe\u0219ti at\u00e2t \u00een confort, c\u00e2t \u0219i \u00een durabilitate.<\/p>\n<\/div><\/section>\n<div class='flex_column av-f64w1-da126f42b61613402309283c14245a25 av_one_half  avia-builder-el-5  el_after_av_textblock  el_before_av_one_third  first flex_column_div column-top-margin'   ><section  class='av_textblock_section av-lu8gpqre-73cc2c17e6a6497ba6e1b58af22bd9e8'  itemscope=\"itemscope\" itemtype=\"https:\/\/schema.org\/CreativeWork\" ><div class='avia_textblock'  itemprop=\"text\" ><h2>De ce s\u0103 alege\u021bi un Peugeot Partner?<\/h2>\n<p>Peugeot Partner este un vehicul comercial fiabil \u0219i versatil, iar acest lucru se reflect\u0103 \u00een numeroasele beneficii oferite de acest model. Datorit\u0103 dimensiunilor sale compacte, Partner se deplaseaz\u0103 f\u0103r\u0103 efort prin ora\u0219 \u0219i prin traficul greu, astfel \u00eenc\u00e2t ve\u021bi ajunge \u00eentotdeauna rapid la destina\u021bie. Zona de \u00eenc\u0103rcare spa\u021bioas\u0103 este ideal\u0103 pentru a transporta toate materialele \u0219i echipamentele, astfel \u00eenc\u00e2t nu ve\u021bi duce niciodat\u0103 lips\u0103 de nimic. Interiorul este flexibil \u0219i proiectat ergonomic, asigur\u00e2nd un condus confortabil chiar \u0219i pe drumuri lungi. \u0218i siguran\u021ba? Aceasta este garantat\u0103. Peugeot Partner este echipat cu mai multe sisteme avansate de siguran\u021b\u0103, astfel \u00eenc\u00e2t s\u0103 pute\u021bi pleca mereu la drum cu \u00eencredere. \u00cen concluzie, Peugeot Partner este o ma\u0219in\u0103 de companie fiabil\u0103 \u0219i eficient\u0103, care te sprijin\u0103 \u00een fiecare zi \u00een munca ta.<\/p>\n<\/div><\/section><\/div>\n<div class='flex_column av-aldk9-ee694297f5c4032981677a02caab84d6 av_one_third  avia-builder-el-7  el_after_av_one_half  el_before_av_hr  flex_column_div column-top-margin'   ><style type=\"text\/css\" data-created_by=\"avia_inline_auto\" id=\"style-css-av-l1w9kpsf-4ec3fab772ec7a9adaa33cfc64ff0475\">\n.avia-image-container.av-l1w9kpsf-4ec3fab772ec7a9adaa33cfc64ff0475 .av-image-caption-overlay-center{\ncolor:#ffffff;\n}\n<\/style>\n<div  class='avia-image-container av-l1w9kpsf-4ec3fab772ec7a9adaa33cfc64ff0475 av-styling- avia-align-center  avia-builder-el-8  avia-builder-el-no-sibling'  itemprop=\"image\" itemscope=\"itemscope\" itemtype=\"https:\/\/schema.org\/ImageObject\" ><div class=\"avia-image-container-inner\"><div class=\"avia-image-overlay-wrap\"><img decoding=\"async\" class='wp-image-187 avia-img-lazy-loading-not-187 avia_image' src=\"https:\/\/www.vdhurk.nl\/wp-content\/uploads\/2022\/03\/Voorrad.png\" alt='' title='Stoc'  height=\"758\" width=\"1135\"  itemprop=\"thumbnailUrl\" srcset=\"https:\/\/www.vdhurk.nl\/wp-content\/uploads\/2022\/03\/Voorrad.png 1135w, https:\/\/www.vdhurk.nl\/wp-content\/uploads\/2022\/03\/Voorrad-300x200.png 300w, https:\/\/www.vdhurk.nl\/wp-content\/uploads\/2022\/03\/Voorrad-1030x688.png 1030w, https:\/\/www.vdhurk.nl\/wp-content\/uploads\/2022\/03\/Voorrad-768x513.png 768w, https:\/\/www.vdhurk.nl\/wp-content\/uploads\/2022\/03\/Voorrad-18x12.png 18w, https:\/\/www.vdhurk.nl\/wp-content\/uploads\/2022\/03\/Voorrad-705x471.png 705w\" sizes=\"(max-width: 1135px) 100vw, 1135px\" \/><\/div><\/div><\/div><\/div>\n\n<style type=\"text\/css\" data-created_by=\"avia_inline_auto\" id=\"style-css-av-luqrjpjc-5a23a1fb5f94718ca85316a9df963e2f\">\n#top .hr.hr-invisible.av-luqrjpjc-5a23a1fb5f94718ca85316a9df963e2f{\nheight:50px;\n}\n<\/style>\n<div  class='hr av-luqrjpjc-5a23a1fb5f94718ca85316a9df963e2f hr-invisible  avia-builder-el-9  el_after_av_one_third  el_before_av_textblock'><span class='hr-inner'><span class=\"hr-inner-style\"><\/span><\/span><\/div>\n<section  class='av_textblock_section av-lu8gtjw7-4f3cee9304909518d86d2860d9d582dd'  itemscope=\"itemscope\" itemtype=\"https:\/\/schema.org\/CreativeWork\" ><div class='avia_textblock'  itemprop=\"text\" ><h2>Care sunt pre\u021burile?<\/h2>\n<p>Pre\u021burile unui Peugeot Partner automat variaz\u0103, ceea ce nu este surprinz\u0103tor. \u00cen oferta noastr\u0103, ve\u021bi g\u0103si at\u00e2t modele Peugeot Partner simple, c\u00e2t \u0219i versiuni complet echipate. Deoarece oferta noastr\u0103 curent\u0103 se schimb\u0103 constant, nu putem oferi o indica\u021bie exact\u0103 a pre\u021bului. Deoarece oferta noastr\u0103 se modific\u0103 \u00een mod constant, exist\u0103 \u00eentotdeauna ceva \u00een gama dvs. de pre\u021buri.<\/p>\n<h2>Cump\u0103ra\u021bi sau \u00eenchiria\u021bi un Peugeot Partner?<\/h2>\n<p>La Van den Hurk, po\u021bi alege din mai multe op\u021biuni de plat\u0103 pentru Peugeot Partner. Dori\u021bi s\u0103 cump\u0103ra\u021bi un Peugeot Partner imediat? Bine\u00een\u021beles c\u0103 po\u021bi! Dar te-ai g\u00e2ndit \u0219i la <a href=\"https:\/\/www.vdhurk.nl\/ro\/leasing-financiar\/\">leasing financiar<\/a>? Leasingul unui Peugeot Partner \u00eenseamn\u0103 c\u0103 pl\u0103te\u0219ti lunar o sum\u0103 fix\u0103, \u00een loc s\u0103 pl\u0103te\u0219ti o sum\u0103 mare deodat\u0103. Vehiculul devine treptat proprietatea ta pe durata contractului de leasing. Iar c\u00e2nd contractul de leasing se \u00eencheie, e\u0219ti m\u00e2ndrul proprietar, f\u0103r\u0103 o investi\u021bie ini\u021bial\u0103 important\u0103. Pe scurt, leasingul financiar v\u0103 ofer\u0103 at\u00e2t avantajele unei ma\u0219ini de serviciu noi, c\u00e2t \u0219i o metod\u0103 de plat\u0103 accesibil\u0103!<\/p>\n<h2>Vezi oferta noastr\u0103 curent\u0103<\/h2>\n<p>Sunte\u021bi entuziasmat de transmisia automat\u0103 Peugeot Partner? Sau ai nevoie de mai multe informa\u021bii? \u00cen calitate de dealer Peugeot Partner, suntem \u00eentotdeauna preg\u0103ti\u021bi s\u0103 r\u0103spundem \u00eentreb\u0103rilor tale. S\u0103 te ajut\u0103m s\u0103 faci alegerea potrivit\u0103 este prioritatea noastr\u0103. Fie c\u0103 opta\u021bi pentru un Peugeot Partner second-hand sau nou, sunte\u021bi \u00eentotdeauna asigurat de un vehicul func\u021bional. Consulta\u021bi oferta noastr\u0103 actual\u0103 sau contacta\u021bi-ne pentru mai multe informa\u021bii.<\/p>\n<\/div><\/section>","protected":false},"excerpt":{"rendered":"","protected":false},"author":3,"featured_media":0,"parent":405925,"menu_order":0,"comment_status":"closed","ping_status":"closed","template":"","meta":{"_acf_changed":false,"_improvement_type_select":"improve_an_existing","_thumb_yes_seoaic":false,"_frame_yes_seoaic":false,"seoaic_generate_description":"","seoaic_improve_instructions_prompt":"","seoaic_rollback_content_improvement":"","seoaic_idea_thumbnail_generator":"","thumbnail_generated":false,"thumbnail_generate_prompt":"","seoaic_article_description":"","footnotes":""},"class_list":["post-442817","page","type-page","status-publish","hentry"],"acf":[],"yoast_head":"<!-- This site is optimized with the Yoast SEO plugin v27.5 - https:\/\/yoast.com\/product\/yoast-seo-wordpress\/ -->\n<title>Kies jouw Peugeot Partner automaat | Ontdek de opties<\/title>\n<meta name=\"description\" content=\"Denk je aan een Peugeot automaat? Ontdek ons volledige aanbod en vind de auto die perfect bij jou past.\" \/>\n<meta name=\"robots\" content=\"index, follow, max-snippet:-1, max-image-preview:large, max-video-preview:-1\" \/>\n<link rel=\"canonical\" href=\"https:\/\/www.vdhurk.nl\/ro\/peugeot-vehicule-comerciale\/mercedes-6\/masina-2\/\" \/>\n<meta property=\"og:locale\" content=\"ro_RO\" \/>\n<meta property=\"og:type\" content=\"article\" \/>\n<meta property=\"og:title\" content=\"Kies jouw Peugeot Partner automaat | Ontdek de opties\" \/>\n<meta property=\"og:description\" content=\"Denk je aan een Peugeot automaat? Ontdek ons volledige aanbod en vind de auto die perfect bij jou past.\" \/>\n<meta property=\"og:url\" content=\"https:\/\/www.vdhurk.nl\/ro\/peugeot-vehicule-comerciale\/mercedes-6\/masina-2\/\" \/>\n<meta property=\"og:site_name\" content=\"Van den Hurk Bedrijfswagens\" \/>\n<meta property=\"article:modified_time\" content=\"2025-02-06T16:20:38+00:00\" \/>\n<meta name=\"twitter:card\" content=\"summary_large_image\" \/>\n<meta name=\"twitter:label1\" content=\"Timp estimat pentru citire\" \/>\n\t<meta name=\"twitter:data1\" content=\"5 minute\" \/>\n<script type=\"application\/ld+json\" class=\"yoast-schema-graph\">{\"@context\":\"https:\\\/\\\/schema.org\",\"@graph\":[{\"@type\":\"WebPage\",\"@id\":\"https:\\\/\\\/www.vdhurk.nl\\\/peugeot-bedrijfswagens\\\/partner\\\/automaat\\\/\",\"url\":\"https:\\\/\\\/www.vdhurk.nl\\\/peugeot-bedrijfswagens\\\/partner\\\/automaat\\\/\",\"name\":\"Kies jouw Peugeot Partner automaat | Ontdek de opties\",\"isPartOf\":{\"@id\":\"https:\\\/\\\/www.vdhurk.nl\\\/#website\"},\"datePublished\":\"2025-02-06T13:04:20+00:00\",\"dateModified\":\"2025-02-06T16:20:38+00:00\",\"description\":\"Denk je aan een Peugeot automaat? Ontdek ons volledige aanbod en vind de auto die perfect bij jou past.\",\"breadcrumb\":{\"@id\":\"https:\\\/\\\/www.vdhurk.nl\\\/peugeot-bedrijfswagens\\\/partner\\\/automaat\\\/#breadcrumb\"},\"inLanguage\":\"ro-RO\",\"potentialAction\":[{\"@type\":\"ReadAction\",\"target\":[\"https:\\\/\\\/www.vdhurk.nl\\\/peugeot-bedrijfswagens\\\/partner\\\/automaat\\\/\"]}]},{\"@type\":\"BreadcrumbList\",\"@id\":\"https:\\\/\\\/www.vdhurk.nl\\\/peugeot-bedrijfswagens\\\/partner\\\/automaat\\\/#breadcrumb\",\"itemListElement\":[{\"@type\":\"ListItem\",\"position\":1,\"name\":\"Home\",\"item\":\"https:\\\/\\\/www.vdhurk.nl\\\/home\\\/\"},{\"@type\":\"ListItem\",\"position\":2,\"name\":\"Peugeot Bedrijfswagens\",\"item\":\"https:\\\/\\\/www.vdhurk.nl\\\/peugeot-bedrijfswagens\\\/\"},{\"@type\":\"ListItem\",\"position\":3,\"name\":\"Peugeot Partner\",\"item\":\"https:\\\/\\\/www.vdhurk.nl\\\/peugeot-bedrijfswagens\\\/partner\\\/\"},{\"@type\":\"ListItem\",\"position\":4,\"name\":\"Peugeot Partner Automaat\"}]},{\"@type\":\"WebSite\",\"@id\":\"https:\\\/\\\/www.vdhurk.nl\\\/#website\",\"url\":\"https:\\\/\\\/www.vdhurk.nl\\\/\",\"name\":\"Van den Hurk Bedrijfswagens\",\"description\":\"Van den Hurk bedrijfswagens Helmond\",\"potentialAction\":[{\"@type\":\"SearchAction\",\"target\":{\"@type\":\"EntryPoint\",\"urlTemplate\":\"https:\\\/\\\/www.vdhurk.nl\\\/?s={search_term_string}\"},\"query-input\":{\"@type\":\"PropertyValueSpecification\",\"valueRequired\":true,\"valueName\":\"search_term_string\"}}],\"inLanguage\":\"ro-RO\"}]}<\/script>\n<!-- \/ Yoast SEO plugin. -->","yoast_head_json":{"title":"Alege\u021bi-v\u0103 transmisia automat\u0103 Peugeot Partner | Descoperi\u021bi op\u021biunile","description":"V\u0103 g\u00e2ndi\u021bi la un Peugeot automat? Exploreaz\u0103 gama noastr\u0103 complet\u0103 \u0219i g\u0103se\u0219te ma\u0219ina care \u021bi se potrive\u0219te perfect.","robots":{"index":"index","follow":"follow","max-snippet":"max-snippet:-1","max-image-preview":"max-image-preview:large","max-video-preview":"max-video-preview:-1"},"canonical":"https:\/\/www.vdhurk.nl\/ro\/peugeot-vehicule-comerciale\/mercedes-6\/masina-2\/","og_locale":"ro_RO","og_type":"article","og_title":"Kies jouw Peugeot Partner automaat | Ontdek de opties","og_description":"Denk je aan een Peugeot automaat? Ontdek ons volledige aanbod en vind de auto die perfect bij jou past.","og_url":"https:\/\/www.vdhurk.nl\/ro\/peugeot-vehicule-comerciale\/mercedes-6\/masina-2\/","og_site_name":"Van den Hurk Bedrijfswagens","article_modified_time":"2025-02-06T16:20:38+00:00","twitter_card":"summary_large_image","twitter_misc":{"Timp estimat pentru citire":"5 minute"},"schema":{"@context":"https:\/\/schema.org","@graph":[{"@type":"WebPage","@id":"https:\/\/www.vdhurk.nl\/peugeot-bedrijfswagens\/partner\/automaat\/","url":"https:\/\/www.vdhurk.nl\/peugeot-bedrijfswagens\/partner\/automaat\/","name":"Alege\u021bi-v\u0103 transmisia automat\u0103 Peugeot Partner | Descoperi\u021bi op\u021biunile","isPartOf":{"@id":"https:\/\/www.vdhurk.nl\/#website"},"datePublished":"2025-02-06T13:04:20+00:00","dateModified":"2025-02-06T16:20:38+00:00","description":"V\u0103 g\u00e2ndi\u021bi la un Peugeot automat? Exploreaz\u0103 gama noastr\u0103 complet\u0103 \u0219i g\u0103se\u0219te ma\u0219ina care \u021bi se potrive\u0219te perfect.","breadcrumb":{"@id":"https:\/\/www.vdhurk.nl\/peugeot-bedrijfswagens\/partner\/automaat\/#breadcrumb"},"inLanguage":"ro-RO","potentialAction":[{"@type":"ReadAction","target":["https:\/\/www.vdhurk.nl\/peugeot-bedrijfswagens\/partner\/automaat\/"]}]},{"@type":"BreadcrumbList","@id":"https:\/\/www.vdhurk.nl\/peugeot-bedrijfswagens\/partner\/automaat\/#breadcrumb","itemListElement":[{"@type":"ListItem","position":1,"name":"Home","item":"https:\/\/www.vdhurk.nl\/home\/"},{"@type":"ListItem","position":2,"name":"Peugeot Bedrijfswagens","item":"https:\/\/www.vdhurk.nl\/peugeot-bedrijfswagens\/"},{"@type":"ListItem","position":3,"name":"Peugeot Partner","item":"https:\/\/www.vdhurk.nl\/peugeot-bedrijfswagens\/partner\/"},{"@type":"ListItem","position":4,"name":"Peugeot Partner Automaat"}]},{"@type":"WebSite","@id":"https:\/\/www.vdhurk.nl\/#website","url":"https:\/\/www.vdhurk.nl\/","name":"Vehicule comerciale Van den Hurk","description":"Vehicule comerciale Van den Hurk Helmond","potentialAction":[{"@type":"SearchAction","target":{"@type":"EntryPoint","urlTemplate":"https:\/\/www.vdhurk.nl\/?s={search_term_string}"},"query-input":{"@type":"PropertyValueSpecification","valueRequired":true,"valueName":"search_term_string"}}],"inLanguage":"ro-RO"}]}},"_links":{"self":[{"href":"https:\/\/www.vdhurk.nl\/ro\/wp-json\/wp\/v2\/pages\/442817","targetHints":{"allow":["GET"]}}],"collection":[{"href":"https:\/\/www.vdhurk.nl\/ro\/wp-json\/wp\/v2\/pages"}],"about":[{"href":"https:\/\/www.vdhurk.nl\/ro\/wp-json\/wp\/v2\/types\/page"}],"author":[{"embeddable":true,"href":"https:\/\/www.vdhurk.nl\/ro\/wp-json\/wp\/v2\/users\/3"}],"replies":[{"embeddable":true,"href":"https:\/\/www.vdhurk.nl\/ro\/wp-json\/wp\/v2\/comments?post=442817"}],"version-history":[{"count":3,"href":"https:\/\/www.vdhurk.nl\/ro\/wp-json\/wp\/v2\/pages\/442817\/revisions"}],"predecessor-version":[{"id":442888,"href":"https:\/\/www.vdhurk.nl\/ro\/wp-json\/wp\/v2\/pages\/442817\/revisions\/442888"}],"up":[{"embeddable":true,"href":"https:\/\/www.vdhurk.nl\/ro\/wp-json\/wp\/v2\/pages\/405925"}],"wp:attachment":[{"href":"https:\/\/www.vdhurk.nl\/ro\/wp-json\/wp\/v2\/media?parent=442817"}],"curies":[{"name":"wp","href":"https:\/\/api.w.org\/{rel}","templated":true}]}}