{"id":442814,"date":"2025-02-06T13:51:05","date_gmt":"2025-02-06T12:51:05","guid":{"rendered":"https:\/\/www.vdhurk.nl\/?page_id=442814"},"modified":"2025-02-06T17:20:26","modified_gmt":"2025-02-06T16:20:26","slug":"masina-2","status":"publish","type":"page","link":"https:\/\/www.vdhurk.nl\/ro\/peugeot-bedrijfswagens\/expert\/automaat\/","title":{"rendered":"Peugeot Expert Automatic"},"content":{"rendered":"<section  class='av_textblock_section av-lu8gnh7d-4ac895489941e586c1d7c8cb72318135'  itemscope=\"itemscope\" itemtype=\"https:\/\/schema.org\/CreativeWork\" ><div class='avia_textblock'  itemprop=\"text\" ><h1>Cumperi un Peugeot Expert cu transmisie automat\u0103?<\/h1>\n<p>Cau\u021bi un vehicul comercial nou care s\u0103 combine confortul \u0219i comoditatea? Cu Peugeot Expert automat, nu va mai trebui niciodat\u0103 s\u0103 schimba\u021bi viteza. Aceast\u0103 furgonet\u0103 practic\u0103 \u0219i versatil\u0103 este disponibil\u0103 \u00een diferite versiuni, astfel \u00eenc\u00e2t exist\u0103 \u00eentotdeauna un model care se potrive\u0219te perfect nevoilor tale de afaceri \u0219i bugetului t\u0103u. Consulta\u021bi toate specifica\u021biile \u0219i descoperi\u021bi posibilit\u0103\u021bile.<\/p>\n<\/div><\/section>\n\n<style type=\"text\/css\" data-created_by=\"avia_inline_auto\" id=\"style-css-av-lujjddpd-afa3d7a9eabd61123e643ed1228e781e\">\n#top .hr.hr-invisible.av-lujjddpd-afa3d7a9eabd61123e643ed1228e781e{\nheight:50px;\n}\n<\/style>\n<div  class='hr av-lujjddpd-afa3d7a9eabd61123e643ed1228e781e hr-invisible  avia-builder-el-1  el_after_av_textblock  el_before_av_codeblock'><span class='hr-inner'><span class=\"hr-inner-style\"><\/span><\/span><\/div>\n\n\n<style type=\"text\/css\" data-created_by=\"avia_inline_auto\" id=\"style-css-av-ah0xd-63338d9dc6b40410e22a712829c369d6\">\n#top .hr.hr-invisible.av-ah0xd-63338d9dc6b40410e22a712829c369d6{\nheight:50px;\n}\n<\/style>\n<div  class='hr av-ah0xd-63338d9dc6b40410e22a712829c369d6 hr-invisible  avia-builder-el-3  el_after_av_codeblock  el_before_av_textblock'><span class='hr-inner'><span class=\"hr-inner-style\"><\/span><\/span><\/div>\n<section  class='av_textblock_section av-lu8gow1e-300853e458ed741bd87d6cb78e55cc7a'  itemscope=\"itemscope\" itemtype=\"https:\/\/schema.org\/CreativeWork\" ><div class='avia_textblock'  itemprop=\"text\" ><h2>Avantajele unei transmisii automate<\/h2>\n<p>Ca antreprenor, nu v\u0103 dori\u021bi doar o ma\u0219in\u0103 de companie fiabil\u0103, ci \u0219i un model care s\u0103 sporeasc\u0103 confortul la condus. O cutie automat\u0103 ofer\u0103 acest plus de confort \u0219i are mai multe avantaje fa\u021b\u0103 de versiunile manuale. Datorit\u0103 cutiei de viteze automate, trebuie s\u0103 v\u0103 concentra\u021bi doar asupra condusului, ceea ce ofer\u0103 un plus de confort, \u00een special pe drumurile lungi. Nu trebuie s\u0103 v\u0103 face\u021bi griji cu privire la schimbarea treptelor de vitez\u0103, ceea ce reduce riscul de probleme ale motorului. A\u0219adar, o mul\u021bime de motive pentru a alege o cutie automat\u0103!<\/p>\n<\/div><\/section>\n<div class='flex_column av-f64w1-da126f42b61613402309283c14245a25 av_one_half  avia-builder-el-5  el_after_av_textblock  el_before_av_one_third  first flex_column_div column-top-margin'   ><section  class='av_textblock_section av-lu8gpqre-73cc2c17e6a6497ba6e1b58af22bd9e8'  itemscope=\"itemscope\" itemtype=\"https:\/\/schema.org\/CreativeWork\" ><div class='avia_textblock'  itemprop=\"text\" ><h2>De ce s\u0103 cump\u0103ra\u021bi un Peugeot Expert?<\/h2>\n<p>Peugeot Expert este o alegere versatil\u0103 \u0219i fiabil\u0103 pentru antreprenorii care caut\u0103 un vehicul comercial practic \u0219i fiabil. Cu o capacitate de \u00eenc\u0103rcare generoas\u0103, modelele Peugeot Expert ofer\u0103 suficient spa\u021biu pentru a transporta tot ceea ce ave\u021bi nevoie. De la unelte la \u00eenc\u0103rc\u0103turi mai mari, ve\u021bi fi \u00eentotdeauna bine preg\u0103tit pe drum cu acest vehicul comercial. Confortul ridicat la condus face ca c\u0103l\u0103toriile lungi s\u0103 se desf\u0103\u0219oare f\u0103r\u0103 efort, ideal pentru cei care petrec mult timp pe drum. \u00cen plus, motoarele diesel economice asigur\u0103 un consum redus de combustibil, ajut\u00e2ndu-v\u0103 s\u0103 economisi\u021bi. Datorit\u0103 designului s\u0103u compact \u0219i manevrabilit\u0103\u021bii excelente, Peugeot Expert este perfect \u0219i pentru mediile urbane aglomerate, av\u00e2nd \u00een acela\u0219i timp performan\u021be ideale pe autostrad\u0103. Peugeot Expert combin\u0103 astfel flexibilitatea, eficien\u021ba \u0219i confortul \u00eentr-un singur vehicul comercial.<\/p>\n<\/div><\/section><\/div>\n<div class='flex_column av-aldk9-ee694297f5c4032981677a02caab84d6 av_one_third  avia-builder-el-7  el_after_av_one_half  el_before_av_hr  flex_column_div column-top-margin'   ><style type=\"text\/css\" data-created_by=\"avia_inline_auto\" id=\"style-css-av-l1w9kpsf-4ec3fab772ec7a9adaa33cfc64ff0475\">\n.avia-image-container.av-l1w9kpsf-4ec3fab772ec7a9adaa33cfc64ff0475 .av-image-caption-overlay-center{\ncolor:#ffffff;\n}\n<\/style>\n<div  class='avia-image-container av-l1w9kpsf-4ec3fab772ec7a9adaa33cfc64ff0475 av-styling- avia-align-center  avia-builder-el-8  avia-builder-el-no-sibling'  itemprop=\"image\" itemscope=\"itemscope\" itemtype=\"https:\/\/schema.org\/ImageObject\" ><div class=\"avia-image-container-inner\"><div class=\"avia-image-overlay-wrap\"><img decoding=\"async\" class='wp-image-187 avia-img-lazy-loading-not-187 avia_image' src=\"https:\/\/www.vdhurk.nl\/wp-content\/uploads\/2022\/03\/Voorrad.png\" alt='' title='Stoc'  height=\"758\" width=\"1135\"  itemprop=\"thumbnailUrl\" srcset=\"https:\/\/www.vdhurk.nl\/wp-content\/uploads\/2022\/03\/Voorrad.png 1135w, https:\/\/www.vdhurk.nl\/wp-content\/uploads\/2022\/03\/Voorrad-300x200.png 300w, https:\/\/www.vdhurk.nl\/wp-content\/uploads\/2022\/03\/Voorrad-1030x688.png 1030w, https:\/\/www.vdhurk.nl\/wp-content\/uploads\/2022\/03\/Voorrad-768x513.png 768w, https:\/\/www.vdhurk.nl\/wp-content\/uploads\/2022\/03\/Voorrad-18x12.png 18w, https:\/\/www.vdhurk.nl\/wp-content\/uploads\/2022\/03\/Voorrad-705x471.png 705w\" sizes=\"(max-width: 1135px) 100vw, 1135px\" \/><\/div><\/div><\/div><\/div>\n\n<style type=\"text\/css\" data-created_by=\"avia_inline_auto\" id=\"style-css-av-luqrjpjc-5a23a1fb5f94718ca85316a9df963e2f\">\n#top .hr.hr-invisible.av-luqrjpjc-5a23a1fb5f94718ca85316a9df963e2f{\nheight:50px;\n}\n<\/style>\n<div  class='hr av-luqrjpjc-5a23a1fb5f94718ca85316a9df963e2f hr-invisible  avia-builder-el-9  el_after_av_one_third  el_before_av_textblock'><span class='hr-inner'><span class=\"hr-inner-style\"><\/span><\/span><\/div>\n<section  class='av_textblock_section av-lu8gtjw7-4f3cee9304909518d86d2860d9d582dd'  itemscope=\"itemscope\" itemtype=\"https:\/\/schema.org\/CreativeWork\" ><div class='avia_textblock'  itemprop=\"text\" ><h2>La ce pre\u021buri ar trebui s\u0103 v\u0103 g\u00e2ndi\u021bi?<\/h2>\n<p>Pre\u021burile modelelor noastre Peugeot Expert variaz\u0103. Acest lucru se datoreaz\u0103 op\u021biunilor diferite. Vei opta pentru o versiune de baz\u0103 sau pentru o variant\u0103 cu specifica\u021bii suplimentare? Pre\u021bul este determinat de dorin\u021bele \u0219i nevoile tale. Indiferent de nevoile tale, vei g\u0103si \u00eentotdeauna un model care s\u0103 se potriveasc\u0103 bugetului t\u0103u.<\/p>\n<h2>Cump\u0103rarea sau leasingul unui Peugeot Expert: care este cea mai bun\u0103 alegere pentru dumneavoastr\u0103?<\/h2>\n<p>La Van den Hurk, oferim diverse op\u021biuni de finan\u021bare pentru vehiculul dvs. comercial. Astfel, ve\u021bi alege \u00eentotdeauna cea mai bun\u0103 op\u021biune pentru situa\u021bia dumneavoastr\u0103 specific\u0103. Pute\u021bi alege s\u0103 pl\u0103ti\u021bi pentru vehicul dintr-o dat\u0103 sau s\u0103 e\u0219alona\u021bi costul cu <a href=\"https:\/\/www.vdhurk.nl\/ro\/leasing-financiar\/\">leasing financiar<\/a>. Leasingul unui Peugeot Expert \u00eenseamn\u0103 c\u0103 pl\u0103te\u0219ti o sum\u0103 lunar\u0103 fix\u0103. Aceast\u0103 op\u021biune este special conceput\u0103 pentru persoanele care doresc flexibilitate. \u00cen ambele cazuri, devii proprietarul autovehiculului: \u00een cazul leasingului financiar, de \u00eendat\u0103 ce contractul este finalizat, \u00een timp ce \u00een cazul pl\u0103\u021bii directe, prime\u0219ti cheile \u0219i devii proprietar imediat.<\/p>\n<h2>G\u0103si\u021bi vehiculul comercial ideal<\/h2>\n<p>Dori\u021bi s\u0103 cump\u0103ra\u021bi un Peugeot Expert automat? Fie c\u0103 optezi pentru un Peugeot Expert second-hand sau nou, beneficiezi \u00eentotdeauna de o calitate bun\u0103. Uit\u0103-te la <a href=\"https:\/\/www.vdhurk.nl\/ro\/vehicule-comerciale\/\">oferta curent\u0103<\/a> pentru posibilit\u0103\u021bi. Nu a\u021bi ajuns acolo \u0219i a\u021bi dori s\u0103 primi\u021bi sfaturi de la personalul nostru? Nicio problem\u0103. Personalul nostru este gata s\u0103 v\u0103 ajute s\u0103 face\u021bi cea mai bun\u0103 alegere.<\/p>\n<\/div><\/section>","protected":false},"excerpt":{"rendered":"","protected":false},"author":3,"featured_media":0,"parent":405921,"menu_order":0,"comment_status":"closed","ping_status":"closed","template":"","meta":{"_acf_changed":false,"_improvement_type_select":"improve_an_existing","_thumb_yes_seoaic":false,"_frame_yes_seoaic":false,"seoaic_generate_description":"","seoaic_improve_instructions_prompt":"","seoaic_rollback_content_improvement":"","seoaic_idea_thumbnail_generator":"","thumbnail_generated":false,"thumbnail_generate_prompt":"","seoaic_article_description":"","footnotes":""},"class_list":["post-442814","page","type-page","status-publish","hentry"],"acf":[],"yoast_head":"<!-- This site is optimized with the Yoast SEO plugin v27.3 - https:\/\/yoast.com\/product\/yoast-seo-wordpress\/ -->\n<title>Peugeot Expert automaat kopen? Bekijk de mogelijkheden!<\/title>\n<meta name=\"description\" content=\"Zoek je een Peugeot Expert automaat? Ontdek het aanbod en vind jouw ideale bedrijfswagen bij Van den Hurk.\" \/>\n<meta name=\"robots\" content=\"index, follow, max-snippet:-1, max-image-preview:large, max-video-preview:-1\" \/>\n<link rel=\"canonical\" href=\"https:\/\/www.vdhurk.nl\/ro\/peugeot-vehicule-comerciale\/mercedes-19\/masina-2\/\" \/>\n<meta property=\"og:locale\" content=\"ro_RO\" \/>\n<meta property=\"og:type\" content=\"article\" \/>\n<meta property=\"og:title\" content=\"Peugeot Expert automaat kopen? Bekijk de mogelijkheden!\" \/>\n<meta property=\"og:description\" content=\"Zoek je een Peugeot Expert automaat? Ontdek het aanbod en vind jouw ideale bedrijfswagen bij Van den Hurk.\" \/>\n<meta property=\"og:url\" content=\"https:\/\/www.vdhurk.nl\/ro\/peugeot-vehicule-comerciale\/mercedes-19\/masina-2\/\" \/>\n<meta property=\"og:site_name\" content=\"Van den Hurk Bedrijfswagens\" \/>\n<meta property=\"article:modified_time\" content=\"2025-02-06T16:20:26+00:00\" \/>\n<meta name=\"twitter:card\" content=\"summary_large_image\" \/>\n<meta name=\"twitter:label1\" content=\"Timp estimat pentru citire\" \/>\n\t<meta name=\"twitter:data1\" content=\"5 minute\" \/>\n<script type=\"application\/ld+json\" class=\"yoast-schema-graph\">{\"@context\":\"https:\\\/\\\/schema.org\",\"@graph\":[{\"@type\":\"WebPage\",\"@id\":\"https:\\\/\\\/www.vdhurk.nl\\\/peugeot-bedrijfswagens\\\/expert\\\/automaat\\\/\",\"url\":\"https:\\\/\\\/www.vdhurk.nl\\\/peugeot-bedrijfswagens\\\/expert\\\/automaat\\\/\",\"name\":\"Peugeot Expert automaat kopen? Bekijk de mogelijkheden!\",\"isPartOf\":{\"@id\":\"https:\\\/\\\/www.vdhurk.nl\\\/#website\"},\"datePublished\":\"2025-02-06T12:51:05+00:00\",\"dateModified\":\"2025-02-06T16:20:26+00:00\",\"description\":\"Zoek je een Peugeot Expert automaat? Ontdek het aanbod en vind jouw ideale bedrijfswagen bij Van den Hurk.\",\"breadcrumb\":{\"@id\":\"https:\\\/\\\/www.vdhurk.nl\\\/peugeot-bedrijfswagens\\\/expert\\\/automaat\\\/#breadcrumb\"},\"inLanguage\":\"ro-RO\",\"potentialAction\":[{\"@type\":\"ReadAction\",\"target\":[\"https:\\\/\\\/www.vdhurk.nl\\\/peugeot-bedrijfswagens\\\/expert\\\/automaat\\\/\"]}]},{\"@type\":\"BreadcrumbList\",\"@id\":\"https:\\\/\\\/www.vdhurk.nl\\\/peugeot-bedrijfswagens\\\/expert\\\/automaat\\\/#breadcrumb\",\"itemListElement\":[{\"@type\":\"ListItem\",\"position\":1,\"name\":\"Home\",\"item\":\"https:\\\/\\\/www.vdhurk.nl\\\/home\\\/\"},{\"@type\":\"ListItem\",\"position\":2,\"name\":\"Peugeot Bedrijfswagens\",\"item\":\"https:\\\/\\\/www.vdhurk.nl\\\/peugeot-bedrijfswagens\\\/\"},{\"@type\":\"ListItem\",\"position\":3,\"name\":\"Peugeot Expert\",\"item\":\"https:\\\/\\\/www.vdhurk.nl\\\/peugeot-bedrijfswagens\\\/expert\\\/\"},{\"@type\":\"ListItem\",\"position\":4,\"name\":\"Peugeot Expert Automaat\"}]},{\"@type\":\"WebSite\",\"@id\":\"https:\\\/\\\/www.vdhurk.nl\\\/#website\",\"url\":\"https:\\\/\\\/www.vdhurk.nl\\\/\",\"name\":\"Van den Hurk Bedrijfswagens\",\"description\":\"Van den Hurk bedrijfswagens Helmond\",\"potentialAction\":[{\"@type\":\"SearchAction\",\"target\":{\"@type\":\"EntryPoint\",\"urlTemplate\":\"https:\\\/\\\/www.vdhurk.nl\\\/?s={search_term_string}\"},\"query-input\":{\"@type\":\"PropertyValueSpecification\",\"valueRequired\":true,\"valueName\":\"search_term_string\"}}],\"inLanguage\":\"ro-RO\"}]}<\/script>\n<!-- \/ Yoast SEO plugin. -->","yoast_head_json":{"title":"Cump\u0103r\u0103 Peugeot Expert transmisie automat\u0103? Verific\u0103 op\u021biunile!","description":"C\u0103uta\u021bi un Peugeot Expert automat? Descoperi\u021bi gama \u0219i g\u0103si\u021bi-v\u0103 vehiculul comercial ideal la Van den Hurk.","robots":{"index":"index","follow":"follow","max-snippet":"max-snippet:-1","max-image-preview":"max-image-preview:large","max-video-preview":"max-video-preview:-1"},"canonical":"https:\/\/www.vdhurk.nl\/ro\/peugeot-vehicule-comerciale\/mercedes-19\/masina-2\/","og_locale":"ro_RO","og_type":"article","og_title":"Peugeot Expert automaat kopen? Bekijk de mogelijkheden!","og_description":"Zoek je een Peugeot Expert automaat? Ontdek het aanbod en vind jouw ideale bedrijfswagen bij Van den Hurk.","og_url":"https:\/\/www.vdhurk.nl\/ro\/peugeot-vehicule-comerciale\/mercedes-19\/masina-2\/","og_site_name":"Van den Hurk Bedrijfswagens","article_modified_time":"2025-02-06T16:20:26+00:00","twitter_card":"summary_large_image","twitter_misc":{"Timp estimat pentru citire":"5 minute"},"schema":{"@context":"https:\/\/schema.org","@graph":[{"@type":"WebPage","@id":"https:\/\/www.vdhurk.nl\/peugeot-bedrijfswagens\/expert\/automaat\/","url":"https:\/\/www.vdhurk.nl\/peugeot-bedrijfswagens\/expert\/automaat\/","name":"Cump\u0103r\u0103 Peugeot Expert transmisie automat\u0103? Verific\u0103 op\u021biunile!","isPartOf":{"@id":"https:\/\/www.vdhurk.nl\/#website"},"datePublished":"2025-02-06T12:51:05+00:00","dateModified":"2025-02-06T16:20:26+00:00","description":"C\u0103uta\u021bi un Peugeot Expert automat? Descoperi\u021bi gama \u0219i g\u0103si\u021bi-v\u0103 vehiculul comercial ideal la Van den Hurk.","breadcrumb":{"@id":"https:\/\/www.vdhurk.nl\/peugeot-bedrijfswagens\/expert\/automaat\/#breadcrumb"},"inLanguage":"ro-RO","potentialAction":[{"@type":"ReadAction","target":["https:\/\/www.vdhurk.nl\/peugeot-bedrijfswagens\/expert\/automaat\/"]}]},{"@type":"BreadcrumbList","@id":"https:\/\/www.vdhurk.nl\/peugeot-bedrijfswagens\/expert\/automaat\/#breadcrumb","itemListElement":[{"@type":"ListItem","position":1,"name":"Home","item":"https:\/\/www.vdhurk.nl\/home\/"},{"@type":"ListItem","position":2,"name":"Peugeot Bedrijfswagens","item":"https:\/\/www.vdhurk.nl\/peugeot-bedrijfswagens\/"},{"@type":"ListItem","position":3,"name":"Peugeot Expert","item":"https:\/\/www.vdhurk.nl\/peugeot-bedrijfswagens\/expert\/"},{"@type":"ListItem","position":4,"name":"Peugeot Expert Automaat"}]},{"@type":"WebSite","@id":"https:\/\/www.vdhurk.nl\/#website","url":"https:\/\/www.vdhurk.nl\/","name":"Vehicule comerciale Van den Hurk","description":"Vehicule comerciale Van den Hurk Helmond","potentialAction":[{"@type":"SearchAction","target":{"@type":"EntryPoint","urlTemplate":"https:\/\/www.vdhurk.nl\/?s={search_term_string}"},"query-input":{"@type":"PropertyValueSpecification","valueRequired":true,"valueName":"search_term_string"}}],"inLanguage":"ro-RO"}]}},"_links":{"self":[{"href":"https:\/\/www.vdhurk.nl\/ro\/wp-json\/wp\/v2\/pages\/442814","targetHints":{"allow":["GET"]}}],"collection":[{"href":"https:\/\/www.vdhurk.nl\/ro\/wp-json\/wp\/v2\/pages"}],"about":[{"href":"https:\/\/www.vdhurk.nl\/ro\/wp-json\/wp\/v2\/types\/page"}],"author":[{"embeddable":true,"href":"https:\/\/www.vdhurk.nl\/ro\/wp-json\/wp\/v2\/users\/3"}],"replies":[{"embeddable":true,"href":"https:\/\/www.vdhurk.nl\/ro\/wp-json\/wp\/v2\/comments?post=442814"}],"version-history":[{"count":4,"href":"https:\/\/www.vdhurk.nl\/ro\/wp-json\/wp\/v2\/pages\/442814\/revisions"}],"predecessor-version":[{"id":442886,"href":"https:\/\/www.vdhurk.nl\/ro\/wp-json\/wp\/v2\/pages\/442814\/revisions\/442886"}],"up":[{"embeddable":true,"href":"https:\/\/www.vdhurk.nl\/ro\/wp-json\/wp\/v2\/pages\/405921"}],"wp:attachment":[{"href":"https:\/\/www.vdhurk.nl\/ro\/wp-json\/wp\/v2\/media?parent=442814"}],"curies":[{"name":"wp","href":"https:\/\/api.w.org\/{rel}","templated":true}]}}