{"id":442811,"date":"2025-02-06T13:45:45","date_gmt":"2025-02-06T12:45:45","guid":{"rendered":"https:\/\/www.vdhurk.nl\/?page_id=442811"},"modified":"2025-02-06T17:20:09","modified_gmt":"2025-02-06T16:20:09","slug":"masina-2","status":"publish","type":"page","link":"https:\/\/www.vdhurk.nl\/ro\/opel-bedrijfswagens\/combo\/automaat\/","title":{"rendered":"Opel Combo Automatic"},"content":{"rendered":"<section  class='av_textblock_section av-lu8gnh7d-4ac895489941e586c1d7c8cb72318135'  itemscope=\"itemscope\" itemtype=\"https:\/\/schema.org\/CreativeWork\" ><div class='avia_textblock'  itemprop=\"text\" ><h1><b>C\u0103uta\u021bi un Opel Combo automat?<\/b><\/h1>\n<p>C\u0103uta\u021bi o ma\u0219in\u0103 de companie care s\u0103 v\u0103 fac\u0103 ziua de lucru mai u\u0219oar\u0103? Face\u021bi cuno\u0219tin\u021b\u0103 cu Opel Combo automatic, alegerea antreprenorilor care caut\u0103 confort \u0219i eficien\u021b\u0103. Nu te mai chinui cu schimb\u0103rile de viteze, ci conduci f\u0103r\u0103 probleme datorit\u0103 transmisiei automate. Cu specifica\u021biile sale versatile, acest vehicul comercial este de ani de zile unul dintre preferatele \u0219oferilor de afaceri. Afl\u0103 chiar tu de ce!<\/p>\n<\/div><\/section>\n\n<style type=\"text\/css\" data-created_by=\"avia_inline_auto\" id=\"style-css-av-lujjddpd-afa3d7a9eabd61123e643ed1228e781e\">\n#top .hr.hr-invisible.av-lujjddpd-afa3d7a9eabd61123e643ed1228e781e{\nheight:50px;\n}\n<\/style>\n<div  class='hr av-lujjddpd-afa3d7a9eabd61123e643ed1228e781e hr-invisible  avia-builder-el-1  el_after_av_textblock  el_before_av_codeblock'><span class='hr-inner'><span class=\"hr-inner-style\"><\/span><\/span><\/div>\n\n\n<style type=\"text\/css\" data-created_by=\"avia_inline_auto\" id=\"style-css-av-ah0xd-63338d9dc6b40410e22a712829c369d6\">\n#top .hr.hr-invisible.av-ah0xd-63338d9dc6b40410e22a712829c369d6{\nheight:50px;\n}\n<\/style>\n<div  class='hr av-ah0xd-63338d9dc6b40410e22a712829c369d6 hr-invisible  avia-builder-el-3  el_after_av_codeblock  el_before_av_textblock'><span class='hr-inner'><span class=\"hr-inner-style\"><\/span><\/span><\/div>\n<section  class='av_textblock_section av-lu8gow1e-300853e458ed741bd87d6cb78e55cc7a'  itemscope=\"itemscope\" itemtype=\"https:\/\/schema.org\/CreativeWork\" ><div class='avia_textblock'  itemprop=\"text\" ><h2>De ce s\u0103 alege\u021bi o transmisie automat\u0103?<\/h2>\n<p>Din ce \u00een ce mai multe companii trec la un vehicul comercial cu transmisie automat\u0103 \u0219i din motive \u00eentemeiate. De fapt, transmisiile automate ofer\u0103 multe avantaje care se potrivesc perfect nevoilor \u00eentreprinderilor. De exemplu, \u0219oferii beneficiaz\u0103 de mai mult confort \u0219i comoditate, deoarece schimbarea vitezelor face parte din trecut. Acest lucru este deosebit de util \u00een traficul aglomerat din ora\u0219 sau \u00een timpul ambuteiajelor lungi, unde o transmisie automat\u0103 asigur\u0103 o conducere u\u0219oar\u0103 \u0219i mai pu\u021bin\u0103 oboseal\u0103. Cu toate aceste avantaje, un Opel Combo este o alegere inteligent\u0103 \u0219i orientat\u0103 spre viitor pentru afacerea ta.<\/p>\n<\/div><\/section>\n<div class='flex_column av-f64w1-da126f42b61613402309283c14245a25 av_one_half  avia-builder-el-5  el_after_av_textblock  el_before_av_one_third  first flex_column_div column-top-margin'   ><section  class='av_textblock_section av-lu8gpqre-73cc2c17e6a6497ba6e1b58af22bd9e8'  itemscope=\"itemscope\" itemtype=\"https:\/\/schema.org\/CreativeWork\" ><div class='avia_textblock'  itemprop=\"text\" ><h2>Specifica\u021bii ale Opel Combo<\/h2>\n<p>Vauxhall Combo ofer\u0103 echilibrul perfect \u00eentre designul compact \u0219i func\u021bionalitatea spa\u021bioas\u0103, cu inova\u021bii inteligente care v\u0103 fac ziua de lucru mai eficient\u0103. Interiorul ergonomic asigur\u0103 un confort maxim, \u00een timp ce spa\u021biul de \u00eenc\u0103rcare generos ofer\u0103 suficient loc pentru toate lucrurile esen\u021biale pentru afacerea dumneavoastr\u0103. Sistemele de siguran\u021b\u0103 precum asistentul la fr\u00e2narea de urgen\u021b\u0103 \u0219i asistentul la men\u021binerea benzii de rulare ofer\u0103 un plus de lini\u0219te pe drum. Datorit\u0103 unei game largi de ani de fabrica\u021bie, op\u021biuni de motorizare \u0219i versiuni, vei g\u0103si \u00eentotdeauna un Opel Combo care se potrive\u0219te perfect nevoilor tale de afaceri.<\/p>\n<\/div><\/section><\/div>\n<div class='flex_column av-aldk9-ee694297f5c4032981677a02caab84d6 av_one_third  avia-builder-el-7  el_after_av_one_half  el_before_av_hr  flex_column_div column-top-margin'   ><style type=\"text\/css\" data-created_by=\"avia_inline_auto\" id=\"style-css-av-l1w9kpsf-4ec3fab772ec7a9adaa33cfc64ff0475\">\n.avia-image-container.av-l1w9kpsf-4ec3fab772ec7a9adaa33cfc64ff0475 .av-image-caption-overlay-center{\ncolor:#ffffff;\n}\n<\/style>\n<div  class='avia-image-container av-l1w9kpsf-4ec3fab772ec7a9adaa33cfc64ff0475 av-styling- avia-align-center  avia-builder-el-8  avia-builder-el-no-sibling'  itemprop=\"image\" itemscope=\"itemscope\" itemtype=\"https:\/\/schema.org\/ImageObject\" ><div class=\"avia-image-container-inner\"><div class=\"avia-image-overlay-wrap\"><img decoding=\"async\" class='wp-image-187 avia-img-lazy-loading-not-187 avia_image' src=\"https:\/\/www.vdhurk.nl\/wp-content\/uploads\/2022\/03\/Voorrad.png\" alt='' title='Stoc'  height=\"758\" width=\"1135\"  itemprop=\"thumbnailUrl\" srcset=\"https:\/\/www.vdhurk.nl\/wp-content\/uploads\/2022\/03\/Voorrad.png 1135w, https:\/\/www.vdhurk.nl\/wp-content\/uploads\/2022\/03\/Voorrad-300x200.png 300w, https:\/\/www.vdhurk.nl\/wp-content\/uploads\/2022\/03\/Voorrad-1030x688.png 1030w, https:\/\/www.vdhurk.nl\/wp-content\/uploads\/2022\/03\/Voorrad-768x513.png 768w, https:\/\/www.vdhurk.nl\/wp-content\/uploads\/2022\/03\/Voorrad-18x12.png 18w, https:\/\/www.vdhurk.nl\/wp-content\/uploads\/2022\/03\/Voorrad-705x471.png 705w\" sizes=\"(max-width: 1135px) 100vw, 1135px\" \/><\/div><\/div><\/div><\/div>\n\n<style type=\"text\/css\" data-created_by=\"avia_inline_auto\" id=\"style-css-av-luqrjpjc-5a23a1fb5f94718ca85316a9df963e2f\">\n#top .hr.hr-invisible.av-luqrjpjc-5a23a1fb5f94718ca85316a9df963e2f{\nheight:50px;\n}\n<\/style>\n<div  class='hr av-luqrjpjc-5a23a1fb5f94718ca85316a9df963e2f hr-invisible  avia-builder-el-9  el_after_av_one_third  el_before_av_textblock'><span class='hr-inner'><span class=\"hr-inner-style\"><\/span><\/span><\/div>\n<section  class='av_textblock_section av-lu8gtjw7-4f3cee9304909518d86d2860d9d582dd'  itemscope=\"itemscope\" itemtype=\"https:\/\/schema.org\/CreativeWork\" ><div class='avia_textblock'  itemprop=\"text\" ><h2>Pre\u021b Opel Combo<\/h2>\n<p>Te g\u00e2nde\u0219ti la un Opel Combo automat? Atunci bine\u00een\u021beles c\u0103 vrei s\u0103 \u0219tii la ce s\u0103 te a\u0219tep\u021bi \u00een ceea ce prive\u0219te pre\u021bul. Costurile variaz\u0103 \u00een func\u021bie de model, an de fabrica\u021bie \u0219i kilometraj. Vei alege un model cu dot\u0103ri de baz\u0103 sau vei opta pentru un plus de lux? Indiferent de nevoile dumneavoastr\u0103, avem diferite versiuni care se potrivesc bugetului dumneavoastr\u0103. Dori\u021bi o indica\u021bie de pre\u021b personalizat\u0103? Nu ezita\u021bi s\u0103 ne contacta\u021bi, vom fi bucuro\u0219i s\u0103 v\u0103 ajut\u0103m s\u0103 g\u0103si\u021bi ma\u0219ina de companie perfect\u0103.<\/p>\n<h2>V-a\u021bi g\u00e2ndit la leasingul financiar?<\/h2>\n<p>Cump\u0103rarea unui Opel Combo se poate face, desigur, pl\u0103tind-o dintr-o singur\u0103 dat\u0103, dar exist\u0103 \u0219i o alt\u0103 op\u021biune inteligent\u0103, <a href=\"https:\/\/www.vdhurk.nl\/ro\/leasing-financiar\/\">leasing financiar<\/a>. Leasingul unui Opel Combo \u00eenseamn\u0103 c\u0103 pl\u0103te\u0219ti o sum\u0103 fix\u0103 pe lun\u0103. Cu un contract de leasing, dob\u00e2nde\u0219ti proprietatea asupra ma\u0219inii de serviciu pas cu pas. Avantajul? P\u0103strezi spa\u021biu financiar pentru alte investi\u021bii importante \u00een cadrul companiei tale, beneficiind \u00een acela\u0219i timp de o ma\u0219in\u0103 de companie fiabil\u0103 \u0219i eficient\u0103. Sunte\u021bi curio\u0219i cu privire la posibilit\u0103\u021bi? Suntem gata s\u0103 v\u0103 ajut\u0103m!<\/p>\n<h2>G\u0103si\u021bi o ma\u0219in\u0103 de serviciu care se potrive\u0219te nevoilor dvs. de afaceri<\/h2>\n<p>Gama noastr\u0103 se schimb\u0103 constant. Nu v-a\u021bi g\u0103sit \u00eenc\u0103 ma\u0219ina de companie ideal\u0103? Nicio problem\u0103, m\u00e2ine ar putea fi diferit\u0103. Dori\u021bi s\u0103 r\u0103m\u00e2ne\u021bi la curent cu oferta noastr\u0103? Atunci abona\u021bi-v\u0103 la serviciul nostru <a href=\"https:\/\/www.vdhurk.nl\/ro\/alerta-de-stoc\/\">alert\u0103 de stoc<\/a>. Astfel, vei fi primul care va afla c\u00e2nd va fi disponibil un Opel Combo second-hand sau nou care se potrive\u0219te perfect nevoilor tale. \u0218i nu uita s\u0103 fii cu ochii pe ofertele noastre actuale. Cine \u0219tie, poate Opel Combo automat idealul t\u0103u va fi \u00een cur\u00e2nd printre ele!<\/p>\n<\/div><\/section>","protected":false},"excerpt":{"rendered":"","protected":false},"author":3,"featured_media":0,"parent":409581,"menu_order":0,"comment_status":"closed","ping_status":"closed","template":"","meta":{"_acf_changed":false,"_improvement_type_select":"improve_an_existing","_thumb_yes_seoaic":false,"_frame_yes_seoaic":false,"seoaic_generate_description":"","seoaic_improve_instructions_prompt":"","seoaic_rollback_content_improvement":"","seoaic_idea_thumbnail_generator":"","thumbnail_generated":false,"thumbnail_generate_prompt":"","seoaic_article_description":"","footnotes":""},"class_list":["post-442811","page","type-page","status-publish","hentry"],"acf":[],"yoast_head":"<!-- This site is optimized with the Yoast SEO plugin v27.5 - https:\/\/yoast.com\/product\/yoast-seo-wordpress\/ -->\n<title>Een Opel Combo automaat kopen? Ontdek het aanbod!<\/title>\n<meta name=\"description\" content=\"Op zoek naar een Opel Combo automaat? Ontdek de verschillende specificaties en uitvoeringen en vind jouw ideale bedrijfswagen.\" \/>\n<meta name=\"robots\" content=\"index, follow, max-snippet:-1, max-image-preview:large, max-video-preview:-1\" \/>\n<link rel=\"canonical\" href=\"https:\/\/www.vdhurk.nl\/ro\/vehicule-comerciale-vauxhall\/mercedes-12\/masina-2\/\" \/>\n<meta property=\"og:locale\" content=\"ro_RO\" \/>\n<meta property=\"og:type\" content=\"article\" \/>\n<meta property=\"og:title\" content=\"Een Opel Combo automaat kopen? Ontdek het aanbod!\" \/>\n<meta property=\"og:description\" content=\"Op zoek naar een Opel Combo automaat? Ontdek de verschillende specificaties en uitvoeringen en vind jouw ideale bedrijfswagen.\" \/>\n<meta property=\"og:url\" content=\"https:\/\/www.vdhurk.nl\/ro\/vehicule-comerciale-vauxhall\/mercedes-12\/masina-2\/\" \/>\n<meta property=\"og:site_name\" content=\"Van den Hurk Bedrijfswagens\" \/>\n<meta property=\"article:modified_time\" content=\"2025-02-06T16:20:09+00:00\" \/>\n<meta name=\"twitter:card\" content=\"summary_large_image\" \/>\n<meta name=\"twitter:label1\" content=\"Timp estimat pentru citire\" \/>\n\t<meta name=\"twitter:data1\" content=\"4 minute\" \/>\n<script type=\"application\/ld+json\" class=\"yoast-schema-graph\">{\"@context\":\"https:\\\/\\\/schema.org\",\"@graph\":[{\"@type\":\"WebPage\",\"@id\":\"https:\\\/\\\/www.vdhurk.nl\\\/opel-bedrijfswagens\\\/combo\\\/automaat\\\/\",\"url\":\"https:\\\/\\\/www.vdhurk.nl\\\/opel-bedrijfswagens\\\/combo\\\/automaat\\\/\",\"name\":\"Een Opel Combo automaat kopen? Ontdek het aanbod!\",\"isPartOf\":{\"@id\":\"https:\\\/\\\/www.vdhurk.nl\\\/#website\"},\"datePublished\":\"2025-02-06T12:45:45+00:00\",\"dateModified\":\"2025-02-06T16:20:09+00:00\",\"description\":\"Op zoek naar een Opel Combo automaat? Ontdek de verschillende specificaties en uitvoeringen en vind jouw ideale bedrijfswagen.\",\"breadcrumb\":{\"@id\":\"https:\\\/\\\/www.vdhurk.nl\\\/opel-bedrijfswagens\\\/combo\\\/automaat\\\/#breadcrumb\"},\"inLanguage\":\"ro-RO\",\"potentialAction\":[{\"@type\":\"ReadAction\",\"target\":[\"https:\\\/\\\/www.vdhurk.nl\\\/opel-bedrijfswagens\\\/combo\\\/automaat\\\/\"]}]},{\"@type\":\"BreadcrumbList\",\"@id\":\"https:\\\/\\\/www.vdhurk.nl\\\/opel-bedrijfswagens\\\/combo\\\/automaat\\\/#breadcrumb\",\"itemListElement\":[{\"@type\":\"ListItem\",\"position\":1,\"name\":\"Home\",\"item\":\"https:\\\/\\\/www.vdhurk.nl\\\/home\\\/\"},{\"@type\":\"ListItem\",\"position\":2,\"name\":\"Opel Bedrijfswagens\",\"item\":\"https:\\\/\\\/www.vdhurk.nl\\\/opel-bedrijfswagens\\\/\"},{\"@type\":\"ListItem\",\"position\":3,\"name\":\"Opel Combo\",\"item\":\"https:\\\/\\\/www.vdhurk.nl\\\/opel-bedrijfswagens\\\/combo\\\/\"},{\"@type\":\"ListItem\",\"position\":4,\"name\":\"Opel Combo Automaat\"}]},{\"@type\":\"WebSite\",\"@id\":\"https:\\\/\\\/www.vdhurk.nl\\\/#website\",\"url\":\"https:\\\/\\\/www.vdhurk.nl\\\/\",\"name\":\"Van den Hurk Bedrijfswagens\",\"description\":\"Van den Hurk bedrijfswagens Helmond\",\"potentialAction\":[{\"@type\":\"SearchAction\",\"target\":{\"@type\":\"EntryPoint\",\"urlTemplate\":\"https:\\\/\\\/www.vdhurk.nl\\\/?s={search_term_string}\"},\"query-input\":{\"@type\":\"PropertyValueSpecification\",\"valueRequired\":true,\"valueName\":\"search_term_string\"}}],\"inLanguage\":\"ro-RO\"}]}<\/script>\n<!-- \/ Yoast SEO plugin. -->","yoast_head_json":{"title":"Cumperi un Opel Combo automat? Descoper\u0103 oferta!","description":"C\u0103uta\u021bi un Opel Combo automat? Exploreaz\u0103 diferitele specifica\u021bii \u0219i versiuni \u0219i g\u0103se\u0219te-\u021bi vehiculul comercial ideal.","robots":{"index":"index","follow":"follow","max-snippet":"max-snippet:-1","max-image-preview":"max-image-preview:large","max-video-preview":"max-video-preview:-1"},"canonical":"https:\/\/www.vdhurk.nl\/ro\/vehicule-comerciale-vauxhall\/mercedes-12\/masina-2\/","og_locale":"ro_RO","og_type":"article","og_title":"Een Opel Combo automaat kopen? Ontdek het aanbod!","og_description":"Op zoek naar een Opel Combo automaat? Ontdek de verschillende specificaties en uitvoeringen en vind jouw ideale bedrijfswagen.","og_url":"https:\/\/www.vdhurk.nl\/ro\/vehicule-comerciale-vauxhall\/mercedes-12\/masina-2\/","og_site_name":"Van den Hurk Bedrijfswagens","article_modified_time":"2025-02-06T16:20:09+00:00","twitter_card":"summary_large_image","twitter_misc":{"Timp estimat pentru citire":"4 minute"},"schema":{"@context":"https:\/\/schema.org","@graph":[{"@type":"WebPage","@id":"https:\/\/www.vdhurk.nl\/opel-bedrijfswagens\/combo\/automaat\/","url":"https:\/\/www.vdhurk.nl\/opel-bedrijfswagens\/combo\/automaat\/","name":"Cumperi un Opel Combo automat? Descoper\u0103 oferta!","isPartOf":{"@id":"https:\/\/www.vdhurk.nl\/#website"},"datePublished":"2025-02-06T12:45:45+00:00","dateModified":"2025-02-06T16:20:09+00:00","description":"C\u0103uta\u021bi un Opel Combo automat? Exploreaz\u0103 diferitele specifica\u021bii \u0219i versiuni \u0219i g\u0103se\u0219te-\u021bi vehiculul comercial ideal.","breadcrumb":{"@id":"https:\/\/www.vdhurk.nl\/opel-bedrijfswagens\/combo\/automaat\/#breadcrumb"},"inLanguage":"ro-RO","potentialAction":[{"@type":"ReadAction","target":["https:\/\/www.vdhurk.nl\/opel-bedrijfswagens\/combo\/automaat\/"]}]},{"@type":"BreadcrumbList","@id":"https:\/\/www.vdhurk.nl\/opel-bedrijfswagens\/combo\/automaat\/#breadcrumb","itemListElement":[{"@type":"ListItem","position":1,"name":"Home","item":"https:\/\/www.vdhurk.nl\/home\/"},{"@type":"ListItem","position":2,"name":"Opel Bedrijfswagens","item":"https:\/\/www.vdhurk.nl\/opel-bedrijfswagens\/"},{"@type":"ListItem","position":3,"name":"Opel Combo","item":"https:\/\/www.vdhurk.nl\/opel-bedrijfswagens\/combo\/"},{"@type":"ListItem","position":4,"name":"Opel Combo Automaat"}]},{"@type":"WebSite","@id":"https:\/\/www.vdhurk.nl\/#website","url":"https:\/\/www.vdhurk.nl\/","name":"Vehicule comerciale Van den Hurk","description":"Vehicule comerciale Van den Hurk Helmond","potentialAction":[{"@type":"SearchAction","target":{"@type":"EntryPoint","urlTemplate":"https:\/\/www.vdhurk.nl\/?s={search_term_string}"},"query-input":{"@type":"PropertyValueSpecification","valueRequired":true,"valueName":"search_term_string"}}],"inLanguage":"ro-RO"}]}},"_links":{"self":[{"href":"https:\/\/www.vdhurk.nl\/ro\/wp-json\/wp\/v2\/pages\/442811","targetHints":{"allow":["GET"]}}],"collection":[{"href":"https:\/\/www.vdhurk.nl\/ro\/wp-json\/wp\/v2\/pages"}],"about":[{"href":"https:\/\/www.vdhurk.nl\/ro\/wp-json\/wp\/v2\/types\/page"}],"author":[{"embeddable":true,"href":"https:\/\/www.vdhurk.nl\/ro\/wp-json\/wp\/v2\/users\/3"}],"replies":[{"embeddable":true,"href":"https:\/\/www.vdhurk.nl\/ro\/wp-json\/wp\/v2\/comments?post=442811"}],"version-history":[{"count":4,"href":"https:\/\/www.vdhurk.nl\/ro\/wp-json\/wp\/v2\/pages\/442811\/revisions"}],"predecessor-version":[{"id":442884,"href":"https:\/\/www.vdhurk.nl\/ro\/wp-json\/wp\/v2\/pages\/442811\/revisions\/442884"}],"up":[{"embeddable":true,"href":"https:\/\/www.vdhurk.nl\/ro\/wp-json\/wp\/v2\/pages\/409581"}],"wp:attachment":[{"href":"https:\/\/www.vdhurk.nl\/ro\/wp-json\/wp\/v2\/media?parent=442811"}],"curies":[{"name":"wp","href":"https:\/\/api.w.org\/{rel}","templated":true}]}}