{"id":422128,"date":"2024-12-05T13:10:35","date_gmt":"2024-12-05T12:10:35","guid":{"rendered":"https:\/\/www.vdhurk.nl\/?page_id=422128"},"modified":"2024-12-05T13:17:53","modified_gmt":"2024-12-05T12:17:53","slug":"stapan","status":"publish","type":"page","link":"https:\/\/www.vdhurk.nl\/ro\/renault-bedrijfswagens\/master\/","title":{"rendered":"Renault Master"},"content":{"rendered":"<section  class='av_textblock_section av-lu8gnh7d-4ac895489941e586c1d7c8cb72318135'  itemscope=\"itemscope\" itemtype=\"https:\/\/schema.org\/CreativeWork\" ><div class='avia_textblock'  itemprop=\"text\" ><h1>C\u0103uta\u021bi o ma\u0219in\u0103 de ocazie Renault Master?<\/h1>\n<p>Ave\u021bi nevoie de un nou vehicul comercial pentru compania dumneavoastr\u0103? Atunci ocazia Renault Master este o alegere bine g\u00e2ndit\u0103. Modelele Renault Master sunt foarte populare printre utilizatorii de afaceri, \u0219i pe bun\u0103 dreptate. Vrei s\u0103 afli mai multe despre ce are de oferit acest vehicul comercial? Cite\u0219te mai departe \u0219i afl\u0103 dac\u0103 acesta este modelul perfect pentru tine.<\/p>\n<\/div><\/section>\n\n<style type=\"text\/css\" data-created_by=\"avia_inline_auto\" id=\"style-css-av-lujjddpd-afa3d7a9eabd61123e643ed1228e781e\">\n#top .hr.hr-invisible.av-lujjddpd-afa3d7a9eabd61123e643ed1228e781e{\nheight:50px;\n}\n<\/style>\n<div  class='hr av-lujjddpd-afa3d7a9eabd61123e643ed1228e781e hr-invisible  avia-builder-el-1  el_after_av_textblock  el_before_av_codeblock'><span class='hr-inner'><span class=\"hr-inner-style\"><\/span><\/span><\/div>\n\n\n<style type=\"text\/css\" data-created_by=\"avia_inline_auto\" id=\"style-css-av-ah0xd-63338d9dc6b40410e22a712829c369d6\">\n#top .hr.hr-invisible.av-ah0xd-63338d9dc6b40410e22a712829c369d6{\nheight:50px;\n}\n<\/style>\n<div  class='hr av-ah0xd-63338d9dc6b40410e22a712829c369d6 hr-invisible  avia-builder-el-3  el_after_av_codeblock  el_before_av_textblock'><span class='hr-inner'><span class=\"hr-inner-style\"><\/span><\/span><\/div>\n<section  class='av_textblock_section av-lu8gow1e-300853e458ed741bd87d6cb78e55cc7a'  itemscope=\"itemscope\" itemtype=\"https:\/\/schema.org\/CreativeWork\" ><div class='avia_textblock'  itemprop=\"text\" ><h2>Specifica\u021bii ale Renault Master<\/h2>\n<p><a href=\"https:\/\/www.vdhurk.nl\/ro\/vehicule-comerciale-renault\/\">Vehicul comercial Renault<\/a> sunt cunoscute pentru fiabilitatea lor, iar Master nu face excep\u021bie. Acest vehicul comercial puternic \u0219i compact ofer\u0103 op\u021biuni de depozitare versatile, astfel \u00eenc\u00e2t s\u0103 v\u0103 pute\u021bi lua cu u\u0219urin\u021b\u0103 toate proviziile la orice loc de munc\u0103. Cu o sarcin\u0103 util\u0103 \u0219i o greutate de remorcare ridicate, Renault Master este conceput pentru a v\u0103 sprijini afacerea \u00een orice provocare. Datorit\u0103 designului s\u0103u robust, acest vehicul comercial ofer\u0103 flexibilitate maxim\u0103. . \u00cen plus, o mare aten\u021bie a fost acordat\u0103 confortului, siguran\u021bei \u0219i eficien\u021bei, f\u0103c\u00e2nd ca fiecare c\u0103l\u0103torie s\u0103 fie productiv\u0103 \u0219i pl\u0103cut\u0103. Descoperi\u021bi cum Renault Master este partenerul dumneavoastr\u0103 ideal pe drum.<\/p>\n<\/div><\/section>\n<div class='flex_column av-f64w1-da126f42b61613402309283c14245a25 av_one_half  avia-builder-el-5  el_after_av_textblock  el_before_av_one_third  first flex_column_div column-top-margin'   ><section  class='av_textblock_section av-lu8gpqre-73cc2c17e6a6497ba6e1b58af22bd9e8'  itemscope=\"itemscope\" itemtype=\"https:\/\/schema.org\/CreativeWork\" ><div class='avia_textblock'  itemprop=\"text\" ><h2>Versiuni diferite<\/h2>\n<p>Renault Master este disponibil \u00een diferite echip\u0103ri, astfel \u00eenc\u00e2t vei g\u0103si \u00eentotdeauna un model care se potrive\u0219te perfect nevoilor tale. Alege dintre diferi\u021bi ani de fabrica\u021bie, kilometraje \u0219i configura\u021bii. Fie c\u0103 ai nevoie de o camionet\u0103 \u00eenchis\u0103 sau de un model cu o cabin\u0103 simpl\u0103 sau dubl\u0103, Renault Master \u00ee\u021bi ofer\u0103 o mul\u021bime de op\u021biuni. Datorit\u0103 acestei versatilit\u0103\u021bi, Renault Master este ideal pentru a fi utilizat \u00een sectoare precum construc\u021biile, transportul de persoane \u0219i transportul. \u00cen plus, pute\u021bi alege \u00eentre o versiune cu cutie de viteze manual\u0103 sau una automat\u0103, astfel \u00eenc\u00e2t ve\u021bi conduce \u00eentotdeauna \u00een confort. Cu at\u00e2t de multe op\u021biuni, a face alegerea potrivit\u0103 este dificil. Ave\u021bi nevoie de ajutor sau de mai multe informa\u021bii? Nu ezita\u021bi s\u0103 <a href=\"https:\/\/www.vdhurk.nl\/ro\/contactati\/\">contacta\u021bi<\/a> include.<\/p>\n<\/div><\/section><\/div>\n<div class='flex_column av-aldk9-ee694297f5c4032981677a02caab84d6 av_one_third  avia-builder-el-7  el_after_av_one_half  el_before_av_hr  flex_column_div column-top-margin'   ><style type=\"text\/css\" data-created_by=\"avia_inline_auto\" id=\"style-css-av-l1w9kpsf-4ec3fab772ec7a9adaa33cfc64ff0475\">\n.avia-image-container.av-l1w9kpsf-4ec3fab772ec7a9adaa33cfc64ff0475 .av-image-caption-overlay-center{\ncolor:#ffffff;\n}\n<\/style>\n<div  class='avia-image-container av-l1w9kpsf-4ec3fab772ec7a9adaa33cfc64ff0475 av-styling- avia-align-center  avia-builder-el-8  avia-builder-el-no-sibling'  itemprop=\"image\" itemscope=\"itemscope\" itemtype=\"https:\/\/schema.org\/ImageObject\" ><div class=\"avia-image-container-inner\"><div class=\"avia-image-overlay-wrap\"><img decoding=\"async\" class='wp-image-187 avia-img-lazy-loading-not-187 avia_image' src=\"https:\/\/www.vdhurk.nl\/wp-content\/uploads\/2022\/03\/Voorrad.png\" alt='' title='Stoc'  height=\"758\" width=\"1135\"  itemprop=\"thumbnailUrl\" srcset=\"https:\/\/www.vdhurk.nl\/wp-content\/uploads\/2022\/03\/Voorrad.png 1135w, https:\/\/www.vdhurk.nl\/wp-content\/uploads\/2022\/03\/Voorrad-300x200.png 300w, https:\/\/www.vdhurk.nl\/wp-content\/uploads\/2022\/03\/Voorrad-1030x688.png 1030w, https:\/\/www.vdhurk.nl\/wp-content\/uploads\/2022\/03\/Voorrad-768x513.png 768w, https:\/\/www.vdhurk.nl\/wp-content\/uploads\/2022\/03\/Voorrad-18x12.png 18w, https:\/\/www.vdhurk.nl\/wp-content\/uploads\/2022\/03\/Voorrad-705x471.png 705w\" sizes=\"(max-width: 1135px) 100vw, 1135px\" \/><\/div><\/div><\/div><\/div>\n\n<style type=\"text\/css\" data-created_by=\"avia_inline_auto\" id=\"style-css-av-luqrjpjc-5a23a1fb5f94718ca85316a9df963e2f\">\n#top .hr.hr-invisible.av-luqrjpjc-5a23a1fb5f94718ca85316a9df963e2f{\nheight:50px;\n}\n<\/style>\n<div  class='hr av-luqrjpjc-5a23a1fb5f94718ca85316a9df963e2f hr-invisible  avia-builder-el-9  el_after_av_one_third  el_before_av_textblock'><span class='hr-inner'><span class=\"hr-inner-style\"><\/span><\/span><\/div>\n<section  class='av_textblock_section av-lu8gtjw7-4f3cee9304909518d86d2860d9d582dd'  itemscope=\"itemscope\" itemtype=\"https:\/\/schema.org\/CreativeWork\" ><div class='avia_textblock'  itemprop=\"text\" ><h2>\u00cen ce gam\u0103 de pre\u021buri se \u00eencadreaz\u0103 Renault Master?<\/h2>\n<p>Pre\u021burile unui Renault Master variaz\u0103 \u00een func\u021bie de versiune \u0219i de echipare. Oferta noastr\u0103 variaz\u0103 de la versiuni practice, de baz\u0103, p\u00e2n\u0103 la modele complet echipate cu toate op\u021biunile posibile. Fie c\u0103 sunte\u021bi \u00een c\u0103utarea unui model simplu care s\u0103 se potriveasc\u0103 bugetului dumneavoastr\u0103 sau a unei versiuni de lux care s\u0103 v\u0103 satisfac\u0103 toate nevoile, la noi ve\u021bi g\u0103si \u00eentotdeauna un vehicul comercial care s\u0103 se potriveasc\u0103 nevoilor \u0219i portofelului dumneavoastr\u0103.<\/p>\n<h2>Leasingul unui Renault Master<\/h2>\n<p>V\u0103 g\u00e2ndi\u021bi s\u0103 cump\u0103ra\u021bi un Renault Master? Atunci ai la dispozi\u021bie mai multe op\u021biuni de plat\u0103. Ai prefera s\u0103 pl\u0103te\u0219ti totul odat\u0103 sau s\u0103 \u00eempar\u021bi costurile? Cu leasingul financiar, nu trebuie s\u0103 faci o investi\u021bie mare dintr-o dat\u0103. Pl\u0103ti\u021bi vehiculul comercial \u00een rate u\u0219or de gestionat, \u00een timp ce \u00eel utiliza\u021bi imediat. \u0218i partea cea mai bun\u0103? Imediat ce contractul de leasing se \u00eencheie, e\u0219ti m\u00e2ndrul proprietar al propriului Renault Master. Acesta este modul \u00een care combini flexibilitatea cu alegerile financiare inteligente.<\/p>\n<h2>G\u0103se\u0219te-\u021bi ma\u0219ina de serviciu perfect\u0103<\/h2>\n<p>Cump\u0103ra\u021bi un Renault Master folosit sau nou? Dori\u021bi s\u0103 afla\u021bi mai multe despre ceea ce se potrive\u0219te nevoilor dvs. de afaceri? Vom fi bucuro\u0219i s\u0103 v\u0103 ajut\u0103m s\u0103 face\u021bi alegerea potrivit\u0103. A se vedea <a href=\"https:\/\/www.vdhurk.nl\/ro\/vehicule-comerciale\/\">oferta noastr\u0103 actual\u0103<\/a> sau pur \u0219i simplu contacta\u021bi-ne. \u00cen calitate de dealer Renault Master, suntem bucuro\u0219i s\u0103 v\u0103 ajut\u0103m s\u0103 v\u0103 g\u0103si\u021bi vehiculul comercial ideal.<\/p>\n<\/div><\/section>","protected":false},"excerpt":{"rendered":"","protected":false},"author":3,"featured_media":0,"parent":372057,"menu_order":0,"comment_status":"closed","ping_status":"closed","template":"","meta":{"_acf_changed":false,"_improvement_type_select":"improve_an_existing","_thumb_yes_seoaic":false,"_frame_yes_seoaic":false,"seoaic_generate_description":"","seoaic_improve_instructions_prompt":"","seoaic_rollback_content_improvement":"","seoaic_idea_thumbnail_generator":"","thumbnail_generated":false,"thumbnail_generate_prompt":"","seoaic_article_description":"","footnotes":""},"class_list":["post-422128","page","type-page","status-publish","hentry"],"acf":[],"yoast_head":"<!-- This site is optimized with the Yoast SEO plugin v27.3 - https:\/\/yoast.com\/product\/yoast-seo-wordpress\/ -->\n<title>Koop een Renault Master occasion<\/title>\n<meta name=\"description\" content=\"Een betrouwbaar bedrijfsvoertuig kopen? Ontdek alle specificaties en voordelen van de Renault Master occasion en bekijk het aanbod.\" \/>\n<meta name=\"robots\" content=\"index, follow, max-snippet:-1, max-image-preview:large, max-video-preview:-1\" \/>\n<link rel=\"canonical\" href=\"https:\/\/www.vdhurk.nl\/ro\/vehicule-comerciale-renault\/stapan\/\" \/>\n<meta property=\"og:locale\" content=\"ro_RO\" \/>\n<meta property=\"og:type\" content=\"article\" \/>\n<meta property=\"og:title\" content=\"Koop een Renault Master occasion\" \/>\n<meta property=\"og:description\" content=\"Een betrouwbaar bedrijfsvoertuig kopen? Ontdek alle specificaties en voordelen van de Renault Master occasion en bekijk het aanbod.\" \/>\n<meta property=\"og:url\" content=\"https:\/\/www.vdhurk.nl\/ro\/vehicule-comerciale-renault\/stapan\/\" \/>\n<meta property=\"og:site_name\" content=\"Van den Hurk Bedrijfswagens\" \/>\n<meta property=\"article:modified_time\" content=\"2024-12-05T12:17:53+00:00\" \/>\n<meta name=\"twitter:card\" content=\"summary_large_image\" \/>\n<meta name=\"twitter:label1\" content=\"Timp estimat pentru citire\" \/>\n\t<meta name=\"twitter:data1\" content=\"4 minute\" \/>\n<script type=\"application\/ld+json\" class=\"yoast-schema-graph\">{\"@context\":\"https:\\\/\\\/schema.org\",\"@graph\":[{\"@type\":\"WebPage\",\"@id\":\"https:\\\/\\\/www.vdhurk.nl\\\/renault-bedrijfswagens\\\/master\\\/\",\"url\":\"https:\\\/\\\/www.vdhurk.nl\\\/renault-bedrijfswagens\\\/master\\\/\",\"name\":\"Koop een Renault Master occasion\",\"isPartOf\":{\"@id\":\"https:\\\/\\\/www.vdhurk.nl\\\/#website\"},\"datePublished\":\"2024-12-05T12:10:35+00:00\",\"dateModified\":\"2024-12-05T12:17:53+00:00\",\"description\":\"Een betrouwbaar bedrijfsvoertuig kopen? Ontdek alle specificaties en voordelen van de Renault Master occasion en bekijk het aanbod.\",\"breadcrumb\":{\"@id\":\"https:\\\/\\\/www.vdhurk.nl\\\/renault-bedrijfswagens\\\/master\\\/#breadcrumb\"},\"inLanguage\":\"ro-RO\",\"potentialAction\":[{\"@type\":\"ReadAction\",\"target\":[\"https:\\\/\\\/www.vdhurk.nl\\\/renault-bedrijfswagens\\\/master\\\/\"]}]},{\"@type\":\"BreadcrumbList\",\"@id\":\"https:\\\/\\\/www.vdhurk.nl\\\/renault-bedrijfswagens\\\/master\\\/#breadcrumb\",\"itemListElement\":[{\"@type\":\"ListItem\",\"position\":1,\"name\":\"Home\",\"item\":\"https:\\\/\\\/www.vdhurk.nl\\\/home\\\/\"},{\"@type\":\"ListItem\",\"position\":2,\"name\":\"Renault Bedrijfswagens\",\"item\":\"https:\\\/\\\/www.vdhurk.nl\\\/renault-bedrijfswagens\\\/\"},{\"@type\":\"ListItem\",\"position\":3,\"name\":\"Renault Master\"}]},{\"@type\":\"WebSite\",\"@id\":\"https:\\\/\\\/www.vdhurk.nl\\\/#website\",\"url\":\"https:\\\/\\\/www.vdhurk.nl\\\/\",\"name\":\"Van den Hurk Bedrijfswagens\",\"description\":\"Van den Hurk bedrijfswagens Helmond\",\"potentialAction\":[{\"@type\":\"SearchAction\",\"target\":{\"@type\":\"EntryPoint\",\"urlTemplate\":\"https:\\\/\\\/www.vdhurk.nl\\\/?s={search_term_string}\"},\"query-input\":{\"@type\":\"PropertyValueSpecification\",\"valueRequired\":true,\"valueName\":\"search_term_string\"}}],\"inLanguage\":\"ro-RO\"}]}<\/script>\n<!-- \/ Yoast SEO plugin. -->","yoast_head_json":{"title":"Cump\u0103ra\u021bi o ma\u0219in\u0103 de ocazie Renault Master","description":"Cumperi un vehicul comercial de \u00eencredere? Descoperi\u021bi toate specifica\u021biile \u0219i avantajele Renault Master occasion \u0219i r\u0103sfoi\u021bi gama.","robots":{"index":"index","follow":"follow","max-snippet":"max-snippet:-1","max-image-preview":"max-image-preview:large","max-video-preview":"max-video-preview:-1"},"canonical":"https:\/\/www.vdhurk.nl\/ro\/vehicule-comerciale-renault\/stapan\/","og_locale":"ro_RO","og_type":"article","og_title":"Koop een Renault Master occasion","og_description":"Een betrouwbaar bedrijfsvoertuig kopen? Ontdek alle specificaties en voordelen van de Renault Master occasion en bekijk het aanbod.","og_url":"https:\/\/www.vdhurk.nl\/ro\/vehicule-comerciale-renault\/stapan\/","og_site_name":"Van den Hurk Bedrijfswagens","article_modified_time":"2024-12-05T12:17:53+00:00","twitter_card":"summary_large_image","twitter_misc":{"Timp estimat pentru citire":"4 minute"},"schema":{"@context":"https:\/\/schema.org","@graph":[{"@type":"WebPage","@id":"https:\/\/www.vdhurk.nl\/renault-bedrijfswagens\/master\/","url":"https:\/\/www.vdhurk.nl\/renault-bedrijfswagens\/master\/","name":"Cump\u0103ra\u021bi o ma\u0219in\u0103 de ocazie Renault Master","isPartOf":{"@id":"https:\/\/www.vdhurk.nl\/#website"},"datePublished":"2024-12-05T12:10:35+00:00","dateModified":"2024-12-05T12:17:53+00:00","description":"Cumperi un vehicul comercial de \u00eencredere? Descoperi\u021bi toate specifica\u021biile \u0219i avantajele Renault Master occasion \u0219i r\u0103sfoi\u021bi gama.","breadcrumb":{"@id":"https:\/\/www.vdhurk.nl\/renault-bedrijfswagens\/master\/#breadcrumb"},"inLanguage":"ro-RO","potentialAction":[{"@type":"ReadAction","target":["https:\/\/www.vdhurk.nl\/renault-bedrijfswagens\/master\/"]}]},{"@type":"BreadcrumbList","@id":"https:\/\/www.vdhurk.nl\/renault-bedrijfswagens\/master\/#breadcrumb","itemListElement":[{"@type":"ListItem","position":1,"name":"Home","item":"https:\/\/www.vdhurk.nl\/home\/"},{"@type":"ListItem","position":2,"name":"Renault Bedrijfswagens","item":"https:\/\/www.vdhurk.nl\/renault-bedrijfswagens\/"},{"@type":"ListItem","position":3,"name":"Renault Master"}]},{"@type":"WebSite","@id":"https:\/\/www.vdhurk.nl\/#website","url":"https:\/\/www.vdhurk.nl\/","name":"Vehicule comerciale Van den Hurk","description":"Vehicule comerciale Van den Hurk Helmond","potentialAction":[{"@type":"SearchAction","target":{"@type":"EntryPoint","urlTemplate":"https:\/\/www.vdhurk.nl\/?s={search_term_string}"},"query-input":{"@type":"PropertyValueSpecification","valueRequired":true,"valueName":"search_term_string"}}],"inLanguage":"ro-RO"}]}},"_links":{"self":[{"href":"https:\/\/www.vdhurk.nl\/ro\/wp-json\/wp\/v2\/pages\/422128","targetHints":{"allow":["GET"]}}],"collection":[{"href":"https:\/\/www.vdhurk.nl\/ro\/wp-json\/wp\/v2\/pages"}],"about":[{"href":"https:\/\/www.vdhurk.nl\/ro\/wp-json\/wp\/v2\/types\/page"}],"author":[{"embeddable":true,"href":"https:\/\/www.vdhurk.nl\/ro\/wp-json\/wp\/v2\/users\/3"}],"replies":[{"embeddable":true,"href":"https:\/\/www.vdhurk.nl\/ro\/wp-json\/wp\/v2\/comments?post=422128"}],"version-history":[{"count":4,"href":"https:\/\/www.vdhurk.nl\/ro\/wp-json\/wp\/v2\/pages\/422128\/revisions"}],"predecessor-version":[{"id":422132,"href":"https:\/\/www.vdhurk.nl\/ro\/wp-json\/wp\/v2\/pages\/422128\/revisions\/422132"}],"up":[{"embeddable":true,"href":"https:\/\/www.vdhurk.nl\/ro\/wp-json\/wp\/v2\/pages\/372057"}],"wp:attachment":[{"href":"https:\/\/www.vdhurk.nl\/ro\/wp-json\/wp\/v2\/media?parent=422128"}],"curies":[{"name":"wp","href":"https:\/\/api.w.org\/{rel}","templated":true}]}}