{"id":422104,"date":"2024-12-05T12:27:14","date_gmt":"2024-12-05T11:27:14","guid":{"rendered":"https:\/\/www.vdhurk.nl\/?page_id=422104"},"modified":"2024-12-05T12:27:14","modified_gmt":"2024-12-05T11:27:14","slug":"movano","status":"publish","type":"page","link":"https:\/\/www.vdhurk.nl\/ro\/opel-bedrijfswagens\/movano\/","title":{"rendered":"Deschide Movano"},"content":{"rendered":"<section  class='av_textblock_section av-lu8gnh7d-4ac895489941e586c1d7c8cb72318135'  itemscope=\"itemscope\" itemtype=\"https:\/\/schema.org\/CreativeWork\" ><div class='avia_textblock'  itemprop=\"text\" ><h1>Ve\u021bi alege ocazia Opel Movano?<\/h1>\n<p>Cau\u021bi vehiculul comercial ideal? Atunci Opel Movano ocazional merit\u0103 cu siguran\u021b\u0103 luat \u00een considerare. Acest vehicul comercial este o alegere popular\u0103 \u00een r\u00e2ndul utilizatorilor de afaceri, \u0219i pe bun\u0103 dreptate. Te \u00eentrebi dac\u0103 Vauxhall Movano se potrive\u0219te nevoilor tale? Cite\u0219te mai departe \u0219i descoper\u0103 toate avantajele sale.<\/p>\n<\/div><\/section>\n\n<style type=\"text\/css\" data-created_by=\"avia_inline_auto\" id=\"style-css-av-lujjddpd-afa3d7a9eabd61123e643ed1228e781e\">\n#top .hr.hr-invisible.av-lujjddpd-afa3d7a9eabd61123e643ed1228e781e{\nheight:50px;\n}\n<\/style>\n<div  class='hr av-lujjddpd-afa3d7a9eabd61123e643ed1228e781e hr-invisible  avia-builder-el-1  el_after_av_textblock  el_before_av_codeblock'><span class='hr-inner'><span class=\"hr-inner-style\"><\/span><\/span><\/div>\n\n\n<style type=\"text\/css\" data-created_by=\"avia_inline_auto\" id=\"style-css-av-ah0xd-63338d9dc6b40410e22a712829c369d6\">\n#top .hr.hr-invisible.av-ah0xd-63338d9dc6b40410e22a712829c369d6{\nheight:50px;\n}\n<\/style>\n<div  class='hr av-ah0xd-63338d9dc6b40410e22a712829c369d6 hr-invisible  avia-builder-el-3  el_after_av_codeblock  el_before_av_textblock'><span class='hr-inner'><span class=\"hr-inner-style\"><\/span><\/span><\/div>\n<section  class='av_textblock_section av-lu8gow1e-300853e458ed741bd87d6cb78e55cc7a'  itemscope=\"itemscope\" itemtype=\"https:\/\/schema.org\/CreativeWork\" ><div class='avia_textblock'  itemprop=\"text\" ><h2>Specifica\u021biile modelului Opel Movano<\/h2>\n<p>Opel Movano ofer\u0103 tot ce ai nevoie de la un vehicul comercial. Cu sarcina sa util\u0103 impresionant\u0103, este perfect pentru transportul \u00eenc\u0103rc\u0103turilor mici \u0219i mari. Datorit\u0103 versatilit\u0103\u021bii \u0219i fiabilit\u0103\u021bii acestui model, e\u0219ti asigurat de un vehicul care poate face fa\u021b\u0103 oric\u0103rei provoc\u0103ri de afaceri. \u00cen plus, Movano este disponibil \u00een diferite echip\u0103ri, astfel \u00eenc\u00e2t ve\u021bi g\u0103si \u00eentotdeauna o variant\u0103 care s\u0103 se potriveasc\u0103 nevoilor dumneavoastr\u0103 specifice. \u00cen plus, acest model vine cu diverse sisteme de asisten\u021b\u0103 la condus care v\u0103 asigur\u0103 c\u0103 sunte\u021bi \u00eentotdeauna \u00een siguran\u021b\u0103 pe drum. Cu designul s\u0103u eficient \u0219i u\u0219urin\u021ba \u00een conducere, Opel Movano te ajut\u0103 s\u0103 profi\u021bi la maximum de ziua ta de lucru \u0219i s\u0103-\u021bi duci afacerea la urm\u0103torul nivel.<\/p>\n<\/div><\/section>\n<div class='flex_column av-f64w1-da126f42b61613402309283c14245a25 av_one_half  avia-builder-el-5  el_after_av_textblock  el_before_av_one_third  first flex_column_div column-top-margin'   ><section  class='av_textblock_section av-lu8gpqre-73cc2c17e6a6497ba6e1b58af22bd9e8'  itemscope=\"itemscope\" itemtype=\"https:\/\/schema.org\/CreativeWork\" ><div class='avia_textblock'  itemprop=\"text\" ><h2>Versiuni diferite<\/h2>\n<p>Cu Vauxhall Movano, alege\u021bi un vehicul comercial complet adaptat nevoilor dumneavoastr\u0103. Acest model este disponibil \u00een diferite versiuni, cum ar fi o furgonet\u0103 sau o variant\u0103 cu cabin\u0103 dubl\u0103. De asemenea, pute\u021bi alege \u00eentre diferite \u00een\u0103l\u021bimi ale acoperi\u0219ului, astfel \u00eenc\u00e2t ve\u021bi g\u0103si \u00eentotdeauna combina\u021bia perfect\u0103 pentru nevoile dumneavoastr\u0103 de transport. Sarcina util\u0103 variaz\u0103 \u00een func\u021bie de versiune, astfel \u00eenc\u00e2t pute\u021bi alege exact modelul care se potrive\u0219te \u00eenc\u0103rc\u0103turilor pe care dori\u021bi s\u0103 le transporta\u021bi. Nu a\u021bi g\u0103sit \u00eenc\u0103 ceea ce c\u0103uta\u021bi? Nu v\u0103 face\u021bi griji. Oferta noastr\u0103 este \u00een continu\u0103 schimbare, astfel \u00eenc\u00e2t vehiculul dvs. comercial ideal poate deveni brusc disponibil. P\u0103stra\u021bi-ne <a href=\"https:\/\/www.vdhurk.nl\/ro\/vehicule-comerciale\/\">oferta curent\u0103<\/a> \u00een ochi. C\u0103uta\u021bi un model specific? Anun\u021ba\u021bi-ne prin intermediul <a href=\"https:\/\/www.vdhurk.nl\/ro\/alerta-de-stoc\/\">Stockalert<\/a>, iar noi v\u0103 vom ajuta s\u0103 g\u0103si\u021bi ma\u0219ina de companie perfect\u0103.<\/p>\n<\/div><\/section><\/div><div class='flex_column av-aldk9-ee694297f5c4032981677a02caab84d6 av_one_third  avia-builder-el-7  el_after_av_one_half  el_before_av_hr  flex_column_div column-top-margin'   ><style type=\"text\/css\" data-created_by=\"avia_inline_auto\" id=\"style-css-av-l1w9kpsf-4ec3fab772ec7a9adaa33cfc64ff0475\">\n.avia-image-container.av-l1w9kpsf-4ec3fab772ec7a9adaa33cfc64ff0475 .av-image-caption-overlay-center{\ncolor:#ffffff;\n}\n<\/style>\n<div  class='avia-image-container av-l1w9kpsf-4ec3fab772ec7a9adaa33cfc64ff0475 av-styling- avia-align-center  avia-builder-el-8  avia-builder-el-no-sibling'  itemprop=\"image\" itemscope=\"itemscope\" itemtype=\"https:\/\/schema.org\/ImageObject\" ><div class=\"avia-image-container-inner\"><div class=\"avia-image-overlay-wrap\"><img decoding=\"async\" class='wp-image-187 avia-img-lazy-loading-not-187 avia_image' src=\"https:\/\/www.vdhurk.nl\/wp-content\/uploads\/2022\/03\/Voorrad.png\" alt='' title='Stoc'  height=\"758\" width=\"1135\"  itemprop=\"thumbnailUrl\" srcset=\"https:\/\/www.vdhurk.nl\/wp-content\/uploads\/2022\/03\/Voorrad.png 1135w, https:\/\/www.vdhurk.nl\/wp-content\/uploads\/2022\/03\/Voorrad-300x200.png 300w, https:\/\/www.vdhurk.nl\/wp-content\/uploads\/2022\/03\/Voorrad-1030x688.png 1030w, https:\/\/www.vdhurk.nl\/wp-content\/uploads\/2022\/03\/Voorrad-768x513.png 768w, https:\/\/www.vdhurk.nl\/wp-content\/uploads\/2022\/03\/Voorrad-18x12.png 18w, https:\/\/www.vdhurk.nl\/wp-content\/uploads\/2022\/03\/Voorrad-705x471.png 705w\" sizes=\"(max-width: 1135px) 100vw, 1135px\" \/><\/div><\/div><\/div><\/div><\/p>\n\n<style type=\"text\/css\" data-created_by=\"avia_inline_auto\" id=\"style-css-av-luqrjpjc-5a23a1fb5f94718ca85316a9df963e2f\">\n#top .hr.hr-invisible.av-luqrjpjc-5a23a1fb5f94718ca85316a9df963e2f{\nheight:50px;\n}\n<\/style>\n<div  class='hr av-luqrjpjc-5a23a1fb5f94718ca85316a9df963e2f hr-invisible  avia-builder-el-9  el_after_av_one_third  el_before_av_textblock'><span class='hr-inner'><span class=\"hr-inner-style\"><\/span><\/span><\/div>\n<section  class='av_textblock_section av-lu8gtjw7-4f3cee9304909518d86d2860d9d582dd'  itemscope=\"itemscope\" itemtype=\"https:\/\/schema.org\/CreativeWork\" ><div class='avia_textblock'  itemprop=\"text\" ><h2>Ce se \u00eent\u00e2mpl\u0103 cu pre\u021burile?<\/h2>\n<p>Dac\u0103 ave\u021bi de g\u00e2nd s\u0103 cump\u0103ra\u021bi o ma\u0219in\u0103 de serviciu, pre\u021bul este, desigur, un factor important. La Van den Hurk, ve\u021bi g\u0103si acest model at\u00e2t \u00een versiune nou\u0103, c\u00e2t \u0219i la m\u00e2na a doua, pentru a se potrivi oric\u0103rui buget. Pre\u021bul depinde de factori precum modelul, anul de fabrica\u021bie \u0219i kilometrajul. Indiferent dac\u0103 alege\u021bi un model nou sau unul second-hand de \u00eencredere, pute\u021bi conta \u00eentotdeauna pe un raport excelent calitate-pre\u021b. Ave\u021bi nevoie de o indica\u021bie de pre\u021b mai specific\u0103? Atunci lua\u021bi leg\u0103tura cu noi. Vom fi bucuro\u0219i s\u0103 v\u0103 ajut\u0103m.<\/p>\n<h2>\u00cenchirierea sau cump\u0103rarea unui Opel Movano?<\/h2>\n<p>\u0218tia\u021bi c\u0103 ave\u021bi mai multe op\u021biuni de plat\u0103 la Van den Hurk? Pe l\u00e2ng\u0103 achizi\u021bia direct\u0103, pute\u021bi opta \u0219i pentru <a href=\"https:\/\/www.vdhurk.nl\/ro\/leasing-financiar\/\">leasing financiar<\/a>. Cu aceast\u0103 op\u021biune flexibil\u0103, pl\u0103ti\u021bi o sum\u0103 fix\u0103 pe lun\u0103 \u0219i deveni\u021bi treptat proprietarul vehiculului companiei. La sf\u00e2r\u0219itul contractului de leasing, vehiculul comercial este numai al dvs. Un contract de leasing financiar este ideal dac\u0103 dori\u021bi s\u0103 v\u0103 dezvolta\u021bi afacerea f\u0103r\u0103 a investi imediat o sum\u0103 mare de bani. \u00cen acest fel, v\u0103 p\u0103stra\u021bi spa\u021biul financiar pentru alte cheltuieli importante.<\/p>\n<h2>G\u0103se\u0219te-\u021bi Opel Movano-ul ideal<\/h2>\n<p>Dori\u021bi s\u0103 cump\u0103ra\u021bi un Opel Movano? Sau ai nevoie de ceva mai multe informa\u021bii pentru a \u0219ti c\u0103 un Opel Movano nou sau de ocazie este vehiculul t\u0103u comercial perfect? Nicio problem\u0103. Suntem bucuro\u0219i s\u0103 g\u00e2ndim \u00eempreun\u0103 cu tine, astfel \u00eenc\u00e2t s\u0103 faci alegerea corect\u0103. Contacteaz\u0103-ne pentru mai multe detalii sau r\u0103sfoie\u0219te gama pentru a descoperi modelele Vauxhall Movano.<\/p>\n<\/div><\/section>","protected":false},"excerpt":{"rendered":"","protected":false},"author":3,"featured_media":0,"parent":372050,"menu_order":0,"comment_status":"closed","ping_status":"closed","template":"","meta":{"_acf_changed":false,"_improvement_type_select":"improve_an_existing","_thumb_yes_seoaic":false,"_frame_yes_seoaic":false,"seoaic_generate_description":"","seoaic_improve_instructions_prompt":"","seoaic_rollback_content_improvement":"","seoaic_idea_thumbnail_generator":"","thumbnail_generated":false,"thumbnail_generate_prompt":"","seoaic_article_description":"","footnotes":""},"class_list":["post-422104","page","type-page","status-publish","hentry"],"acf":[],"yoast_head":"<!-- This site is optimized with the Yoast SEO plugin v27.5 - https:\/\/yoast.com\/product\/yoast-seo-wordpress\/ -->\n<title>Opel Movano occasion kopen?<\/title>\n<meta name=\"description\" content=\"Op zoek naar een Opel Movano occasion? Bekijk het aanbod en ontdek de voordelen van deze betrouwbare en veelzijdige bedrijfswagen.\" \/>\n<meta name=\"robots\" content=\"index, follow, max-snippet:-1, max-image-preview:large, max-video-preview:-1\" \/>\n<link rel=\"canonical\" href=\"https:\/\/www.vdhurk.nl\/ro\/vehicule-comerciale-vauxhall\/movano\/\" \/>\n<meta property=\"og:locale\" content=\"ro_RO\" \/>\n<meta property=\"og:type\" content=\"article\" \/>\n<meta property=\"og:title\" content=\"Opel Movano occasion kopen?\" \/>\n<meta property=\"og:description\" content=\"Op zoek naar een Opel Movano occasion? Bekijk het aanbod en ontdek de voordelen van deze betrouwbare en veelzijdige bedrijfswagen.\" \/>\n<meta property=\"og:url\" content=\"https:\/\/www.vdhurk.nl\/ro\/vehicule-comerciale-vauxhall\/movano\/\" \/>\n<meta property=\"og:site_name\" content=\"Van den Hurk Bedrijfswagens\" \/>\n<meta name=\"twitter:card\" content=\"summary_large_image\" \/>\n<meta name=\"twitter:label1\" content=\"Timp estimat pentru citire\" \/>\n\t<meta name=\"twitter:data1\" content=\"5 minute\" \/>\n<script type=\"application\/ld+json\" class=\"yoast-schema-graph\">{\"@context\":\"https:\\\/\\\/schema.org\",\"@graph\":[{\"@type\":\"WebPage\",\"@id\":\"https:\\\/\\\/www.vdhurk.nl\\\/opel-bedrijfswagens\\\/movano\\\/\",\"url\":\"https:\\\/\\\/www.vdhurk.nl\\\/opel-bedrijfswagens\\\/movano\\\/\",\"name\":\"Opel Movano occasion kopen?\",\"isPartOf\":{\"@id\":\"https:\\\/\\\/www.vdhurk.nl\\\/#website\"},\"datePublished\":\"2024-12-05T11:27:14+00:00\",\"description\":\"Op zoek naar een Opel Movano occasion? Bekijk het aanbod en ontdek de voordelen van deze betrouwbare en veelzijdige bedrijfswagen.\",\"breadcrumb\":{\"@id\":\"https:\\\/\\\/www.vdhurk.nl\\\/opel-bedrijfswagens\\\/movano\\\/#breadcrumb\"},\"inLanguage\":\"ro-RO\",\"potentialAction\":[{\"@type\":\"ReadAction\",\"target\":[\"https:\\\/\\\/www.vdhurk.nl\\\/opel-bedrijfswagens\\\/movano\\\/\"]}]},{\"@type\":\"BreadcrumbList\",\"@id\":\"https:\\\/\\\/www.vdhurk.nl\\\/opel-bedrijfswagens\\\/movano\\\/#breadcrumb\",\"itemListElement\":[{\"@type\":\"ListItem\",\"position\":1,\"name\":\"Home\",\"item\":\"https:\\\/\\\/www.vdhurk.nl\\\/home\\\/\"},{\"@type\":\"ListItem\",\"position\":2,\"name\":\"Opel Bedrijfswagens\",\"item\":\"https:\\\/\\\/www.vdhurk.nl\\\/opel-bedrijfswagens\\\/\"},{\"@type\":\"ListItem\",\"position\":3,\"name\":\"Open Movano\"}]},{\"@type\":\"WebSite\",\"@id\":\"https:\\\/\\\/www.vdhurk.nl\\\/#website\",\"url\":\"https:\\\/\\\/www.vdhurk.nl\\\/\",\"name\":\"Van den Hurk Bedrijfswagens\",\"description\":\"Van den Hurk bedrijfswagens Helmond\",\"potentialAction\":[{\"@type\":\"SearchAction\",\"target\":{\"@type\":\"EntryPoint\",\"urlTemplate\":\"https:\\\/\\\/www.vdhurk.nl\\\/?s={search_term_string}\"},\"query-input\":{\"@type\":\"PropertyValueSpecification\",\"valueRequired\":true,\"valueName\":\"search_term_string\"}}],\"inLanguage\":\"ro-RO\"}]}<\/script>\n<!-- \/ Yoast SEO plugin. -->","yoast_head_json":{"title":"Cump\u0103ra\u021bi Vauxhall Movano ocazie?","description":"C\u0103uta\u021bi un Opel Movano ocazional? Verific\u0103 gama \u0219i descoper\u0103 avantajele acestui vehicul comercial fiabil \u0219i versatil.","robots":{"index":"index","follow":"follow","max-snippet":"max-snippet:-1","max-image-preview":"max-image-preview:large","max-video-preview":"max-video-preview:-1"},"canonical":"https:\/\/www.vdhurk.nl\/ro\/vehicule-comerciale-vauxhall\/movano\/","og_locale":"ro_RO","og_type":"article","og_title":"Opel Movano occasion kopen?","og_description":"Op zoek naar een Opel Movano occasion? Bekijk het aanbod en ontdek de voordelen van deze betrouwbare en veelzijdige bedrijfswagen.","og_url":"https:\/\/www.vdhurk.nl\/ro\/vehicule-comerciale-vauxhall\/movano\/","og_site_name":"Van den Hurk Bedrijfswagens","twitter_card":"summary_large_image","twitter_misc":{"Timp estimat pentru citire":"5 minute"},"schema":{"@context":"https:\/\/schema.org","@graph":[{"@type":"WebPage","@id":"https:\/\/www.vdhurk.nl\/opel-bedrijfswagens\/movano\/","url":"https:\/\/www.vdhurk.nl\/opel-bedrijfswagens\/movano\/","name":"Cump\u0103ra\u021bi Vauxhall Movano ocazie?","isPartOf":{"@id":"https:\/\/www.vdhurk.nl\/#website"},"datePublished":"2024-12-05T11:27:14+00:00","description":"C\u0103uta\u021bi un Opel Movano ocazional? Verific\u0103 gama \u0219i descoper\u0103 avantajele acestui vehicul comercial fiabil \u0219i versatil.","breadcrumb":{"@id":"https:\/\/www.vdhurk.nl\/opel-bedrijfswagens\/movano\/#breadcrumb"},"inLanguage":"ro-RO","potentialAction":[{"@type":"ReadAction","target":["https:\/\/www.vdhurk.nl\/opel-bedrijfswagens\/movano\/"]}]},{"@type":"BreadcrumbList","@id":"https:\/\/www.vdhurk.nl\/opel-bedrijfswagens\/movano\/#breadcrumb","itemListElement":[{"@type":"ListItem","position":1,"name":"Home","item":"https:\/\/www.vdhurk.nl\/home\/"},{"@type":"ListItem","position":2,"name":"Opel Bedrijfswagens","item":"https:\/\/www.vdhurk.nl\/opel-bedrijfswagens\/"},{"@type":"ListItem","position":3,"name":"Open Movano"}]},{"@type":"WebSite","@id":"https:\/\/www.vdhurk.nl\/#website","url":"https:\/\/www.vdhurk.nl\/","name":"Vehicule comerciale Van den Hurk","description":"Vehicule comerciale Van den Hurk Helmond","potentialAction":[{"@type":"SearchAction","target":{"@type":"EntryPoint","urlTemplate":"https:\/\/www.vdhurk.nl\/?s={search_term_string}"},"query-input":{"@type":"PropertyValueSpecification","valueRequired":true,"valueName":"search_term_string"}}],"inLanguage":"ro-RO"}]}},"_links":{"self":[{"href":"https:\/\/www.vdhurk.nl\/ro\/wp-json\/wp\/v2\/pages\/422104","targetHints":{"allow":["GET"]}}],"collection":[{"href":"https:\/\/www.vdhurk.nl\/ro\/wp-json\/wp\/v2\/pages"}],"about":[{"href":"https:\/\/www.vdhurk.nl\/ro\/wp-json\/wp\/v2\/types\/page"}],"author":[{"embeddable":true,"href":"https:\/\/www.vdhurk.nl\/ro\/wp-json\/wp\/v2\/users\/3"}],"replies":[{"embeddable":true,"href":"https:\/\/www.vdhurk.nl\/ro\/wp-json\/wp\/v2\/comments?post=422104"}],"version-history":[{"count":1,"href":"https:\/\/www.vdhurk.nl\/ro\/wp-json\/wp\/v2\/pages\/422104\/revisions"}],"predecessor-version":[{"id":422105,"href":"https:\/\/www.vdhurk.nl\/ro\/wp-json\/wp\/v2\/pages\/422104\/revisions\/422105"}],"up":[{"embeddable":true,"href":"https:\/\/www.vdhurk.nl\/ro\/wp-json\/wp\/v2\/pages\/372050"}],"wp:attachment":[{"href":"https:\/\/www.vdhurk.nl\/ro\/wp-json\/wp\/v2\/media?parent=422104"}],"curies":[{"name":"wp","href":"https:\/\/api.w.org\/{rel}","templated":true}]}}