{"id":409484,"date":"2024-10-16T15:21:36","date_gmt":"2024-10-16T13:21:36","guid":{"rendered":"https:\/\/www.vdhurk.nl\/?page_id=409484"},"modified":"2024-10-16T15:21:36","modified_gmt":"2024-10-16T13:21:36","slug":"mercedes-7","status":"publish","type":"page","link":"https:\/\/www.vdhurk.nl\/ro\/renault-bedrijfswagens\/trafic\/","title":{"rendered":"Renault Trafic"},"content":{"rendered":"<section  class='av_textblock_section av-lu8gnh7d-4ac895489941e586c1d7c8cb72318135'  itemscope=\"itemscope\" itemtype=\"https:\/\/schema.org\/CreativeWork\" ><div class='avia_textblock'  itemprop=\"text\" ><h1>C\u0103uta\u021bi o ma\u0219in\u0103 de ocazie Renault Trafic?<\/h1>\n<p>Ca o afacere, profi\u021bi de oportunit\u0103\u021bi, mai ales c\u00e2nd vine vorba de ma\u0219ini de companie. Logic, pentru c\u0103 ave\u021bi nevoie de o ma\u0219in\u0103 de serviciu care s\u0103 nu v\u0103 dezam\u0103geasc\u0103. Mai ales dac\u0103 o folose\u0219ti zilnic, fiabilitatea este esen\u021bial\u0103. A\u0219adar, descoper\u0103 ocazia Renault Trafic \u0219i de ce acest vehicul este perfect pentru afacerea ta.<\/p>\n<\/div><\/section>\n\n<style type=\"text\/css\" data-created_by=\"avia_inline_auto\" id=\"style-css-av-lujjddpd-afa3d7a9eabd61123e643ed1228e781e\">\n#top .hr.hr-invisible.av-lujjddpd-afa3d7a9eabd61123e643ed1228e781e{\nheight:50px;\n}\n<\/style>\n<div  class='hr av-lujjddpd-afa3d7a9eabd61123e643ed1228e781e hr-invisible  avia-builder-el-1  el_after_av_textblock  el_before_av_codeblock'><span class='hr-inner'><span class=\"hr-inner-style\"><\/span><\/span><\/div>\n\n\n<style type=\"text\/css\" data-created_by=\"avia_inline_auto\" id=\"style-css-av-ah0xd-63338d9dc6b40410e22a712829c369d6\">\n#top .hr.hr-invisible.av-ah0xd-63338d9dc6b40410e22a712829c369d6{\nheight:50px;\n}\n<\/style>\n<div  class='hr av-ah0xd-63338d9dc6b40410e22a712829c369d6 hr-invisible  avia-builder-el-3  el_after_av_codeblock  el_before_av_textblock'><span class='hr-inner'><span class=\"hr-inner-style\"><\/span><\/span><\/div>\n<section  class='av_textblock_section av-lu8gow1e-300853e458ed741bd87d6cb78e55cc7a'  itemscope=\"itemscope\" itemtype=\"https:\/\/schema.org\/CreativeWork\" ><div class='avia_textblock'  itemprop=\"text\" ><h2>Renault Trafic folosit: specifica\u021bii \u0219i versiuni<\/h2>\n<p>Cu ocazia Renault Trafic, ai o gam\u0103 larg\u0103 de niveluri de echipare \u0219i beneficiezi de specifica\u021bii convenabile. Alege anul de fabrica\u021bie care se potrive\u0219te cel mai bine nevoilor tale \u0219i decide dac\u0103 dore\u0219ti o cutie de viteze manual\u0103 sau automat\u0103. \u00cen plus, po\u021bi alege din diverse capacit\u0103\u021bi ale motorului, astfel \u00eenc\u00e2t s\u0103 ai \u00eentotdeauna un Trafic care se potrive\u0219te perfect activit\u0103\u021bilor tale. Fie c\u0103 ave\u021bi nevoie de spa\u021biu de \u00eenc\u0103rcare suplimentar sau c\u0103uta\u021bi mai mult confort la condus, exist\u0103 \u00eentotdeauna o versiune care s\u0103 se potriveasc\u0103 activit\u0103\u021bii dumneavoastr\u0103.<\/p>\n<\/div><\/section>\n<div class='flex_column av-f64w1-da126f42b61613402309283c14245a25 av_one_half  avia-builder-el-5  el_after_av_textblock  el_before_av_one_third  first flex_column_div column-top-margin'   ><section  class='av_textblock_section av-lu8gpqre-73cc2c17e6a6497ba6e1b58af22bd9e8'  itemscope=\"itemscope\" itemtype=\"https:\/\/schema.org\/CreativeWork\" ><div class='avia_textblock'  itemprop=\"text\" ><h2>Ce avantaje aduc modelele Renault Trafic?<\/h2>\n<p>Ca toate celelalte <a href=\"https:\/\/www.vdhurk.nl\/ro\/vehicule-comerciale-renault\/\">vehicule comerciale de la Renault<\/a> un vehicul fiabil. \u0218i asta nu este tot. Pe l\u00e2ng\u0103 fiabilitate, beneficia\u021bi de mult mai multe avantaje. Suntem bucuro\u0219i s\u0103 enumer\u0103m principalele beneficii pentru dvs:<\/p>\n<ul>\n<li><strong>Confort \u0219i u\u0219urin\u021b\u0103 \u00een utilizare:<\/strong> acest vehicul are un interior proiectat inteligent, care face ca fiecare c\u0103l\u0103torie s\u0103 fie pl\u0103cut\u0103 at\u00e2t pentru \u0219ofer, c\u00e2t \u0219i pentru pasager.<\/li>\n<li><strong>Spa\u021biu de \u00eenc\u0103rcare optim:<\/strong> Nu duce lips\u0103 de spa\u021biu. De fapt, Trafic are o mul\u021bime de spa\u021biu cu diverse op\u021biuni de depozitare.<\/li>\n<li><strong>Caracteristici de siguran\u021b\u0103:<\/strong> Desigur, siguran\u021ba este pe primul loc. Astfel, acest model dispune de mai multe sisteme noi de asisten\u021b\u0103 la condus, precum ABS, ESP \u0219i asistent la fr\u00e2narea de urgen\u021b\u0103.<\/li>\n<li><strong>Design elegant \u0219i practic:<\/strong> aceast\u0103 dubi\u021b\u0103 pentru companii este at\u00e2t elegant\u0103, c\u00e2t \u0219i func\u021bional\u0103. Designul elegant \u0219i modern ofer\u0103 afacerii dvs. un aspect profesional, \u00een timp ce construc\u021bia robust\u0103 asigur\u0103 c\u0103 furgoneta este potrivit\u0103 pentru utilizarea zilnic\u0103.<\/li>\n<\/ul>\n<p>Cu aceste beneficii, sunte\u021bi asigurat de o ma\u0219in\u0103 de companie care nu este doar fiabil\u0103, ci \u0219i complet adaptat\u0103 nevoilor dumneavoastr\u0103 zilnice.<\/p>\n<\/div><\/section><\/div><div class='flex_column av-aldk9-ee694297f5c4032981677a02caab84d6 av_one_third  avia-builder-el-7  el_after_av_one_half  el_before_av_hr  flex_column_div column-top-margin'   ><style type=\"text\/css\" data-created_by=\"avia_inline_auto\" id=\"style-css-av-l1w9kpsf-4ec3fab772ec7a9adaa33cfc64ff0475\">\n.avia-image-container.av-l1w9kpsf-4ec3fab772ec7a9adaa33cfc64ff0475 .av-image-caption-overlay-center{\ncolor:#ffffff;\n}\n<\/style>\n<div  class='avia-image-container av-l1w9kpsf-4ec3fab772ec7a9adaa33cfc64ff0475 av-styling- avia-align-center  avia-builder-el-8  avia-builder-el-no-sibling'  itemprop=\"image\" itemscope=\"itemscope\" itemtype=\"https:\/\/schema.org\/ImageObject\" ><div class=\"avia-image-container-inner\"><div class=\"avia-image-overlay-wrap\"><img decoding=\"async\" class='wp-image-187 avia-img-lazy-loading-not-187 avia_image' src=\"https:\/\/www.vdhurk.nl\/wp-content\/uploads\/2022\/03\/Voorrad.png\" alt='' title='Stoc'  height=\"758\" width=\"1135\"  itemprop=\"thumbnailUrl\" srcset=\"https:\/\/www.vdhurk.nl\/wp-content\/uploads\/2022\/03\/Voorrad.png 1135w, https:\/\/www.vdhurk.nl\/wp-content\/uploads\/2022\/03\/Voorrad-300x200.png 300w, https:\/\/www.vdhurk.nl\/wp-content\/uploads\/2022\/03\/Voorrad-1030x688.png 1030w, https:\/\/www.vdhurk.nl\/wp-content\/uploads\/2022\/03\/Voorrad-768x513.png 768w, https:\/\/www.vdhurk.nl\/wp-content\/uploads\/2022\/03\/Voorrad-18x12.png 18w, https:\/\/www.vdhurk.nl\/wp-content\/uploads\/2022\/03\/Voorrad-705x471.png 705w\" sizes=\"(max-width: 1135px) 100vw, 1135px\" \/><\/div><\/div><\/div><\/div><\/p>\n\n<style type=\"text\/css\" data-created_by=\"avia_inline_auto\" id=\"style-css-av-luqrjpjc-5a23a1fb5f94718ca85316a9df963e2f\">\n#top .hr.hr-invisible.av-luqrjpjc-5a23a1fb5f94718ca85316a9df963e2f{\nheight:50px;\n}\n<\/style>\n<div  class='hr av-luqrjpjc-5a23a1fb5f94718ca85316a9df963e2f hr-invisible  avia-builder-el-9  el_after_av_one_third  el_before_av_textblock'><span class='hr-inner'><span class=\"hr-inner-style\"><\/span><\/span><\/div>\n<section  class='av_textblock_section av-lu8gtjw7-4f3cee9304909518d86d2860d9d582dd'  itemscope=\"itemscope\" itemtype=\"https:\/\/schema.org\/CreativeWork\" ><div class='avia_textblock'  itemprop=\"text\" ><h2>Cump\u0103rarea unui Renault Trafic: ce op\u021biuni de cump\u0103rare sunt disponibile?<\/h2>\n<p>\u0218tia\u021bi c\u0103 ave\u021bi mai multe op\u021biuni de plat\u0103 la Van den Hurk? Dori\u021bi s\u0103 pl\u0103ti\u021bi pentru vehiculul dvs. comercial dintr-o singur\u0103 dat\u0103? Nicio problem\u0103! Dar v-a\u021bi g\u00e2ndit \u0219i la leasingul unui Renault Trafic? Aceasta este o op\u021biune ideal\u0103 dac\u0103 preferi s\u0103 nu cheltuie\u0219ti o sum\u0103 mare de bani imediat. La <a href=\"https:\/\/www.vdhurk.nl\/ro\/leasing-financiar\/\">leasing financiar<\/a> pl\u0103te\u0219ti o sum\u0103 fix\u0103 pe lun\u0103, men\u021bin\u00e2ndu-\u021bi bugetul flexibil. Lucrul grozav este c\u0103 la sf\u00e2r\u0219itul contractului de leasing, devii proprietarul Renault Trafic. Deci, conduci imediat ma\u0219ina ideal\u0103 pentru companie, f\u0103r\u0103 a face o investi\u021bie mare dintr-o dat\u0103.<\/p>\n<h2>La ce pre\u021buri ar trebui s\u0103 v\u0103 g\u00e2ndi\u021bi?<\/h2>\n<p>Pre\u021burile unui Renault Trafic variaz\u0103, \u0219i pe bun\u0103 dreptate. \u00cen oferta noastr\u0103 actual\u0103, ve\u021bi g\u0103si diferite versiuni \u0219i ani de model, ceea ce face ca gama de pre\u021buri s\u0103 fie larg\u0103. Prin urmare, este dificil s\u0103 oferim o indica\u021bie de pre\u021b standard. Dar, datorit\u0103 ofertei noastre \u00een continu\u0103 schimbare, exist\u0103 \u00eentotdeauna o ma\u0219in\u0103 de companie care se potrive\u0219te bugetului dumneavoastr\u0103. Sunte\u021bi curio\u0219i cu privire la pre\u021buri sau ave\u021bi nevoie de sfaturi? Nu ezita\u021bi s\u0103 ne contacta\u021bi, vom fi bucuro\u0219i s\u0103 v\u0103 ajut\u0103m.<\/p>\n<h2>G\u0103se\u0219te-\u021bi ma\u0219ina de serviciu perfect\u0103<\/h2>\n<p>Ai g\u0103sit o ocazie Renault Trafic sau un model nou care se potrive\u0219te exact nevoilor tale? Asta este minunat! \u00cenc\u0103 nu ai g\u0103sit ceea ce cau\u021bi? Nu te \u00eengrijora. \u00censcrie-te pentru <a href=\"https:\/\/www.vdhurk.nl\/ro\/alerta-de-stoc\/\">alert\u0103 de stoc<\/a> \u0219i s\u0103 v\u0103 informa\u021bi cu u\u0219urin\u021b\u0103 cu privire la vehiculele noi care sosesc. Astfel, \u00eempreun\u0103 v\u0103 vom ajuta s\u0103 v\u0103 g\u0103si\u021bi vehiculul comercial perfect.<\/p>\n<h2><b>Vizualiza\u021bi diferitele op\u021biuni<\/b><\/h2>\n<p>Sunte\u021bi convins s\u0103 cump\u0103ra\u021bi un Citro\u00ebn Jumpy second-hand? Sau ave\u021bi nevoie de informa\u021bii suplimentare? Suntem preg\u0103ti\u021bi s\u0103 v\u0103 r\u0103spundem la toate \u00eentreb\u0103rile \u0219i s\u0103 v\u0103 ajut\u0103m s\u0103 face\u021bi alegerea corect\u0103. Contacta\u021bi-ne pentru mai multe detalii sau consulta\u021bi gama noastr\u0103 actual\u0103 pentru a v\u0103 g\u0103si vehiculul comercial ideal. Cump\u0103rarea unui Citro\u00ebn Jumpy nu a fost niciodat\u0103 mai u\u0219oar\u0103.<\/p>\n<\/div><\/section>","protected":false},"excerpt":{"rendered":"","protected":false},"author":3,"featured_media":0,"parent":372057,"menu_order":0,"comment_status":"closed","ping_status":"closed","template":"","meta":{"_acf_changed":false,"_improvement_type_select":"improve_an_existing","_thumb_yes_seoaic":false,"_frame_yes_seoaic":false,"seoaic_generate_description":"","seoaic_improve_instructions_prompt":"","seoaic_rollback_content_improvement":"","seoaic_idea_thumbnail_generator":"","thumbnail_generated":false,"thumbnail_generate_prompt":"","seoaic_article_description":"","footnotes":""},"class_list":["post-409484","page","type-page","status-publish","hentry"],"acf":[],"yoast_head":"<!-- This site is optimized with the Yoast SEO plugin v27.5 - https:\/\/yoast.com\/product\/yoast-seo-wordpress\/ -->\n<title>Vind de Renault Trafic occasion die aan jouw wensen voldoet<\/title>\n<meta name=\"description\" content=\"Ben je op zoek naar een betrouwbare Renault Trafic occasion voor jouw zakelijke behoeften? Bekijk ons aanbod en vind de uitvoering die perfect bij jou past.\" \/>\n<meta name=\"robots\" content=\"index, follow, max-snippet:-1, max-image-preview:large, max-video-preview:-1\" \/>\n<link rel=\"canonical\" href=\"https:\/\/www.vdhurk.nl\/ro\/vehicule-comerciale-renault\/mercedes-7\/\" \/>\n<meta property=\"og:locale\" content=\"ro_RO\" \/>\n<meta property=\"og:type\" content=\"article\" \/>\n<meta property=\"og:title\" content=\"Vind de Renault Trafic occasion die aan jouw wensen voldoet\" \/>\n<meta property=\"og:description\" content=\"Ben je op zoek naar een betrouwbare Renault Trafic occasion voor jouw zakelijke behoeften? Bekijk ons aanbod en vind de uitvoering die perfect bij jou past.\" \/>\n<meta property=\"og:url\" content=\"https:\/\/www.vdhurk.nl\/ro\/vehicule-comerciale-renault\/mercedes-7\/\" \/>\n<meta property=\"og:site_name\" content=\"Van den Hurk Bedrijfswagens\" \/>\n<meta name=\"twitter:card\" content=\"summary_large_image\" \/>\n<meta name=\"twitter:label1\" content=\"Timp estimat pentru citire\" \/>\n\t<meta name=\"twitter:data1\" content=\"5 minute\" \/>\n<script type=\"application\/ld+json\" class=\"yoast-schema-graph\">{\"@context\":\"https:\\\/\\\/schema.org\",\"@graph\":[{\"@type\":\"WebPage\",\"@id\":\"https:\\\/\\\/www.vdhurk.nl\\\/renault-bedrijfswagens\\\/trafic\\\/\",\"url\":\"https:\\\/\\\/www.vdhurk.nl\\\/renault-bedrijfswagens\\\/trafic\\\/\",\"name\":\"Vind de Renault Trafic occasion die aan jouw wensen voldoet\",\"isPartOf\":{\"@id\":\"https:\\\/\\\/www.vdhurk.nl\\\/#website\"},\"datePublished\":\"2024-10-16T13:21:36+00:00\",\"description\":\"Ben je op zoek naar een betrouwbare Renault Trafic occasion voor jouw zakelijke behoeften? Bekijk ons aanbod en vind de uitvoering die perfect bij jou past.\",\"breadcrumb\":{\"@id\":\"https:\\\/\\\/www.vdhurk.nl\\\/renault-bedrijfswagens\\\/trafic\\\/#breadcrumb\"},\"inLanguage\":\"ro-RO\",\"potentialAction\":[{\"@type\":\"ReadAction\",\"target\":[\"https:\\\/\\\/www.vdhurk.nl\\\/renault-bedrijfswagens\\\/trafic\\\/\"]}]},{\"@type\":\"BreadcrumbList\",\"@id\":\"https:\\\/\\\/www.vdhurk.nl\\\/renault-bedrijfswagens\\\/trafic\\\/#breadcrumb\",\"itemListElement\":[{\"@type\":\"ListItem\",\"position\":1,\"name\":\"Home\",\"item\":\"https:\\\/\\\/www.vdhurk.nl\\\/home\\\/\"},{\"@type\":\"ListItem\",\"position\":2,\"name\":\"Renault Bedrijfswagens\",\"item\":\"https:\\\/\\\/www.vdhurk.nl\\\/renault-bedrijfswagens\\\/\"},{\"@type\":\"ListItem\",\"position\":3,\"name\":\"Renault Trafic\"}]},{\"@type\":\"WebSite\",\"@id\":\"https:\\\/\\\/www.vdhurk.nl\\\/#website\",\"url\":\"https:\\\/\\\/www.vdhurk.nl\\\/\",\"name\":\"Van den Hurk Bedrijfswagens\",\"description\":\"Van den Hurk bedrijfswagens Helmond\",\"potentialAction\":[{\"@type\":\"SearchAction\",\"target\":{\"@type\":\"EntryPoint\",\"urlTemplate\":\"https:\\\/\\\/www.vdhurk.nl\\\/?s={search_term_string}\"},\"query-input\":{\"@type\":\"PropertyValueSpecification\",\"valueRequired\":true,\"valueName\":\"search_term_string\"}}],\"inLanguage\":\"ro-RO\"}]}<\/script>\n<!-- \/ Yoast SEO plugin. -->","yoast_head_json":{"title":"G\u0103si\u021bi ma\u0219ina de ocazie Renault Trafic care v\u0103 satisface nevoile","description":"C\u0103uta\u021bi o ma\u0219in\u0103 folosit\u0103 Renault Trafic fiabil\u0103 pentru nevoile dvs. de afaceri? Consulta\u021bi oferta noastr\u0103 \u0219i g\u0103si\u021bi versiunea care vi se potrive\u0219te perfect.","robots":{"index":"index","follow":"follow","max-snippet":"max-snippet:-1","max-image-preview":"max-image-preview:large","max-video-preview":"max-video-preview:-1"},"canonical":"https:\/\/www.vdhurk.nl\/ro\/vehicule-comerciale-renault\/mercedes-7\/","og_locale":"ro_RO","og_type":"article","og_title":"Vind de Renault Trafic occasion die aan jouw wensen voldoet","og_description":"Ben je op zoek naar een betrouwbare Renault Trafic occasion voor jouw zakelijke behoeften? Bekijk ons aanbod en vind de uitvoering die perfect bij jou past.","og_url":"https:\/\/www.vdhurk.nl\/ro\/vehicule-comerciale-renault\/mercedes-7\/","og_site_name":"Van den Hurk Bedrijfswagens","twitter_card":"summary_large_image","twitter_misc":{"Timp estimat pentru citire":"5 minute"},"schema":{"@context":"https:\/\/schema.org","@graph":[{"@type":"WebPage","@id":"https:\/\/www.vdhurk.nl\/renault-bedrijfswagens\/trafic\/","url":"https:\/\/www.vdhurk.nl\/renault-bedrijfswagens\/trafic\/","name":"G\u0103si\u021bi ma\u0219ina de ocazie Renault Trafic care v\u0103 satisface nevoile","isPartOf":{"@id":"https:\/\/www.vdhurk.nl\/#website"},"datePublished":"2024-10-16T13:21:36+00:00","description":"C\u0103uta\u021bi o ma\u0219in\u0103 folosit\u0103 Renault Trafic fiabil\u0103 pentru nevoile dvs. de afaceri? Consulta\u021bi oferta noastr\u0103 \u0219i g\u0103si\u021bi versiunea care vi se potrive\u0219te perfect.","breadcrumb":{"@id":"https:\/\/www.vdhurk.nl\/renault-bedrijfswagens\/trafic\/#breadcrumb"},"inLanguage":"ro-RO","potentialAction":[{"@type":"ReadAction","target":["https:\/\/www.vdhurk.nl\/renault-bedrijfswagens\/trafic\/"]}]},{"@type":"BreadcrumbList","@id":"https:\/\/www.vdhurk.nl\/renault-bedrijfswagens\/trafic\/#breadcrumb","itemListElement":[{"@type":"ListItem","position":1,"name":"Home","item":"https:\/\/www.vdhurk.nl\/home\/"},{"@type":"ListItem","position":2,"name":"Renault Bedrijfswagens","item":"https:\/\/www.vdhurk.nl\/renault-bedrijfswagens\/"},{"@type":"ListItem","position":3,"name":"Renault Trafic"}]},{"@type":"WebSite","@id":"https:\/\/www.vdhurk.nl\/#website","url":"https:\/\/www.vdhurk.nl\/","name":"Vehicule comerciale Van den Hurk","description":"Vehicule comerciale Van den Hurk Helmond","potentialAction":[{"@type":"SearchAction","target":{"@type":"EntryPoint","urlTemplate":"https:\/\/www.vdhurk.nl\/?s={search_term_string}"},"query-input":{"@type":"PropertyValueSpecification","valueRequired":true,"valueName":"search_term_string"}}],"inLanguage":"ro-RO"}]}},"_links":{"self":[{"href":"https:\/\/www.vdhurk.nl\/ro\/wp-json\/wp\/v2\/pages\/409484","targetHints":{"allow":["GET"]}}],"collection":[{"href":"https:\/\/www.vdhurk.nl\/ro\/wp-json\/wp\/v2\/pages"}],"about":[{"href":"https:\/\/www.vdhurk.nl\/ro\/wp-json\/wp\/v2\/types\/page"}],"author":[{"embeddable":true,"href":"https:\/\/www.vdhurk.nl\/ro\/wp-json\/wp\/v2\/users\/3"}],"replies":[{"embeddable":true,"href":"https:\/\/www.vdhurk.nl\/ro\/wp-json\/wp\/v2\/comments?post=409484"}],"version-history":[{"count":2,"href":"https:\/\/www.vdhurk.nl\/ro\/wp-json\/wp\/v2\/pages\/409484\/revisions"}],"predecessor-version":[{"id":409558,"href":"https:\/\/www.vdhurk.nl\/ro\/wp-json\/wp\/v2\/pages\/409484\/revisions\/409558"}],"up":[{"embeddable":true,"href":"https:\/\/www.vdhurk.nl\/ro\/wp-json\/wp\/v2\/pages\/372057"}],"wp:attachment":[{"href":"https:\/\/www.vdhurk.nl\/ro\/wp-json\/wp\/v2\/media?parent=409484"}],"curies":[{"name":"wp","href":"https:\/\/api.w.org\/{rel}","templated":true}]}}