{"id":405925,"date":"2024-09-20T11:48:58","date_gmt":"2024-09-20T09:48:58","guid":{"rendered":"https:\/\/www.vdhurk.nl\/?page_id=405925"},"modified":"2024-09-20T11:48:58","modified_gmt":"2024-09-20T09:48:58","slug":"mercedes-6","status":"publish","type":"page","link":"https:\/\/www.vdhurk.nl\/ro\/peugeot-bedrijfswagens\/partner\/","title":{"rendered":"Peugeot Partner"},"content":{"rendered":"<section  class='av_textblock_section av-lu8gnh7d-4ac895489941e586c1d7c8cb72318135'  itemscope=\"itemscope\" itemtype=\"https:\/\/schema.org\/CreativeWork\" ><div class='avia_textblock'  itemprop=\"text\" ><h1>C\u0103uta\u021bi o ma\u0219in\u0103 de ocazie Peugeot Partner?<\/h1>\n<p>Cau\u021bi un vehicul comercial nou? Peugeot Partner occasion este cu siguran\u021b\u0103 o alegere inteligent\u0103! Acest vehicul comercial compact este dotat cu specifica\u021bii utile care \u00eel fac perfect pentru orice afacere. Sunte\u021bi curio\u0219i s\u0103 afla\u021bi ce are de oferit acest vehicul? Cite\u0219te mai departe rapid \u0219i afl\u0103 tot ce trebuie s\u0103 \u0219tii despre Peugeot Partner.<\/p>\n<\/div><\/section>\n\n<style type=\"text\/css\" data-created_by=\"avia_inline_auto\" id=\"style-css-av-lujjddpd-afa3d7a9eabd61123e643ed1228e781e\">\n#top .hr.hr-invisible.av-lujjddpd-afa3d7a9eabd61123e643ed1228e781e{\nheight:50px;\n}\n<\/style>\n<div  class='hr av-lujjddpd-afa3d7a9eabd61123e643ed1228e781e hr-invisible  avia-builder-el-1  el_after_av_textblock  el_before_av_codeblock'><span class='hr-inner'><span class=\"hr-inner-style\"><\/span><\/span><\/div>\n\n\n<style type=\"text\/css\" data-created_by=\"avia_inline_auto\" id=\"style-css-av-ah0xd-63338d9dc6b40410e22a712829c369d6\">\n#top .hr.hr-invisible.av-ah0xd-63338d9dc6b40410e22a712829c369d6{\nheight:50px;\n}\n<\/style>\n<div  class='hr av-ah0xd-63338d9dc6b40410e22a712829c369d6 hr-invisible  avia-builder-el-3  el_after_av_codeblock  el_before_av_textblock'><span class='hr-inner'><span class=\"hr-inner-style\"><\/span><\/span><\/div>\n<section  class='av_textblock_section av-lu8gow1e-300853e458ed741bd87d6cb78e55cc7a'  itemscope=\"itemscope\" itemtype=\"https:\/\/schema.org\/CreativeWork\" ><div class='avia_textblock'  itemprop=\"text\" ><h2>Ce specifica\u021bii are Peugeot Partner?<\/h2>\n<p>Vehiculele comerciale Peugeot sunt fiabile \u0219i versatile, iar acest model nu face cu siguran\u021b\u0103 excep\u021bie. Dar ce alte specifica\u021bii are Peugeot Partner? Suntem bucuro\u0219i s\u0103 le enumer\u0103m pentru dvs:<\/p>\n<ul>\n<li><strong>Dimensiune compact\u0103<\/strong>: cu dimensiunile sale compacte, acest vehicul comercial se deplaseaz\u0103 f\u0103r\u0103 efort prin ora\u0219 \u0219i prin traficul urban aglomerat.<\/li>\n<li><strong>Spa\u021biu de \u00eenc\u0103rcare spa\u021bios:<\/strong> Cu o capacitate de \u00eenc\u0103rcare mare, acest vehicul este perfect pentru depozitarea lucrurilor.<\/li>\n<li><strong>Interior flexibil:<\/strong> acest model ofer\u0103 un interior spa\u021bios \u0219i ergonomic, cu scaune confortabile. Ideal dac\u0103 c\u0103l\u0103tori\u021bi \u00een mod regulat pe distan\u021be lungi.<\/li>\n<li><strong>Manual \u0219i automat:<\/strong> Ave\u021bi la dispozi\u021bie o gam\u0103 de motoare diesel cu mai multe op\u021biuni de motorizare \u0219i pute\u021bi alege \u00eentre o transmisie manual\u0103 sau automat\u0103.<\/li>\n<li><strong>Dispozitive de siguran\u021b\u0103<\/strong>: nu v\u0103 face\u021bi griji cu privire la siguran\u021b\u0103. De fapt, acest model dispune de mai multe sisteme de siguran\u021b\u0103 pentru a v\u0103 asigura c\u0103 ajunge\u021bi \u00eentotdeauna de la a la b \u00een siguran\u021b\u0103.<\/li>\n<\/ul>\n<p>Cu toate aceste caracteristici, Peugeot Partner este ma\u0219ina de companie care v\u0103 va permite s\u0103 pleca\u021bi la drum \u00een mod fiabil \u0219i eficient \u00een fiecare zi.<\/p>\n<\/div><\/section>\n<div class='flex_column av-f64w1-da126f42b61613402309283c14245a25 av_one_half  avia-builder-el-5  el_after_av_textblock  el_before_av_one_third  first flex_column_div column-top-margin'   ><section  class='av_textblock_section av-lu8gpqre-73cc2c17e6a6497ba6e1b58af22bd9e8'  itemscope=\"itemscope\" itemtype=\"https:\/\/schema.org\/CreativeWork\" ><div class='avia_textblock'  itemprop=\"text\" ><h2>Disponibil \u00een diferite versiuni<\/h2>\n<p>Ai pus ochii pe un Peugeot Partner? Atunci ai de ales \u00eentre mai multe versiuni. Optezi pentru o transmisie manual\u0103 sau preferi confortul unei transmisii automate? F\u0103r\u0103 stres, Partner are ambele op\u021biuni. \u00cen ceea ce prive\u0219te capacitatea de \u00eenc\u0103rcare, vei fi, de asemenea, bine, deoarece exist\u0103 o mul\u021bime de op\u021biuni pentru a transporta cu u\u0219urin\u021b\u0103 toate lucrurile tale. Acest model v\u0103 ofer\u0103 exact versatilitatea pe care o c\u0103uta\u021bi. \u0218i ma\u0219ina ta de companie perfect\u0103 nu se afl\u0103 printre ele acum? Nu intra\u021bi \u00een panic\u0103! Oferta noastr\u0103 se modific\u0103 \u00een mod regulat, astfel \u00eenc\u00e2t Peugeot Partner-ul t\u0103u ideal ar putea fi disponibil \u00een orice moment. A\u0219adar, urm\u0103re\u0219te cu aten\u021bie oferta noastr\u0103 actual\u0103!<\/p>\n<\/div><\/section><\/div><div class='flex_column av-aldk9-ee694297f5c4032981677a02caab84d6 av_one_third  avia-builder-el-7  el_after_av_one_half  el_before_av_hr  flex_column_div column-top-margin'   ><style type=\"text\/css\" data-created_by=\"avia_inline_auto\" id=\"style-css-av-l1w9kpsf-4ec3fab772ec7a9adaa33cfc64ff0475\">\n.avia-image-container.av-l1w9kpsf-4ec3fab772ec7a9adaa33cfc64ff0475 .av-image-caption-overlay-center{\ncolor:#ffffff;\n}\n<\/style>\n<div  class='avia-image-container av-l1w9kpsf-4ec3fab772ec7a9adaa33cfc64ff0475 av-styling- avia-align-center  avia-builder-el-8  avia-builder-el-no-sibling'  itemprop=\"image\" itemscope=\"itemscope\" itemtype=\"https:\/\/schema.org\/ImageObject\" ><div class=\"avia-image-container-inner\"><div class=\"avia-image-overlay-wrap\"><img decoding=\"async\" class='wp-image-187 avia-img-lazy-loading-not-187 avia_image' src=\"https:\/\/www.vdhurk.nl\/wp-content\/uploads\/2022\/03\/Voorrad.png\" alt='' title='Stoc'  height=\"758\" width=\"1135\"  itemprop=\"thumbnailUrl\" srcset=\"https:\/\/www.vdhurk.nl\/wp-content\/uploads\/2022\/03\/Voorrad.png 1135w, https:\/\/www.vdhurk.nl\/wp-content\/uploads\/2022\/03\/Voorrad-300x200.png 300w, https:\/\/www.vdhurk.nl\/wp-content\/uploads\/2022\/03\/Voorrad-1030x688.png 1030w, https:\/\/www.vdhurk.nl\/wp-content\/uploads\/2022\/03\/Voorrad-768x513.png 768w, https:\/\/www.vdhurk.nl\/wp-content\/uploads\/2022\/03\/Voorrad-18x12.png 18w, https:\/\/www.vdhurk.nl\/wp-content\/uploads\/2022\/03\/Voorrad-705x471.png 705w\" sizes=\"(max-width: 1135px) 100vw, 1135px\" \/><\/div><\/div><\/div><\/div><\/p>\n\n<style type=\"text\/css\" data-created_by=\"avia_inline_auto\" id=\"style-css-av-luqrjpjc-5a23a1fb5f94718ca85316a9df963e2f\">\n#top .hr.hr-invisible.av-luqrjpjc-5a23a1fb5f94718ca85316a9df963e2f{\nheight:50px;\n}\n<\/style>\n<div  class='hr av-luqrjpjc-5a23a1fb5f94718ca85316a9df963e2f hr-invisible  avia-builder-el-9  el_after_av_one_third  el_before_av_textblock'><span class='hr-inner'><span class=\"hr-inner-style\"><\/span><\/span><\/div>\n<section  class='av_textblock_section av-lu8gtjw7-4f3cee9304909518d86d2860d9d582dd'  itemscope=\"itemscope\" itemtype=\"https:\/\/schema.org\/CreativeWork\" ><div class='avia_textblock'  itemprop=\"text\" ><h2>Cumpararea unui Peugeot Partner second hand sau nou: care sunt preturile?<\/h2>\n<p>Pre\u021burile unui Peugeot Partner variaz\u0103, ceea ce nu este surprinz\u0103tor. \u00cen gama noastr\u0103, ve\u021bi g\u0103si at\u00e2t modele Peugeot Partner simple, c\u00e2t \u0219i versiuni complet echipate. Deoarece oferta curent\u0103 este \u00een continu\u0103 schimbare, nu putem oferi o indica\u021bie exact\u0103 a pre\u021bului. Deoarece oferta se schimb\u0103 \u00een mod constant, exist\u0103 \u00eentotdeauna ceva \u00een gama dvs. de pre\u021buri.<\/p>\n<h2>Este leasingul financiar ceva pentru tine?<\/h2>\n<p>\u0218tia\u021bi c\u0103 ave\u021bi mai multe op\u021biuni de plat\u0103 la Van den Hurk? Dori\u021bi s\u0103 cump\u0103ra\u021bi imediat un Peugeot Partner? Po\u021bi! Dar \u0219tiai c\u0103 <a href=\"https:\/\/www.vdhurk.nl\/ro\/leasing-financiar\/\">leasing financiar<\/a> este de asemenea o posibilitate? Leasingul unui Peugeot Partner \u00eenseamn\u0103 c\u0103 pl\u0103te\u0219ti o sum\u0103 fix\u0103 pe lun\u0103 \u00een loc s\u0103 depui o sum\u0103 mare deodat\u0103. Vehiculul devine treptat proprietatea ta pe parcursul contractului de leasing. A sosit sf\u00e2r\u0219itul contractului de leasing? Felicit\u0103ri! Sunte\u021bi acum proprietarul oficial, f\u0103r\u0103 o investi\u021bie important\u0103 dintr-o dat\u0103. Pe scurt, cu leasingul financiar ob\u021bine\u021bi ce este mai bun din ambele lumi: o ma\u0219in\u0103 de serviciu nou\u0103 \u0219i un mod accesibil de a pl\u0103ti!<\/p>\n<h2>Verific\u0103 gama pentru Peugeot Partner-ul t\u0103u perfect<\/h2>\n<p>E\u0219ti entuziasmat de ocazia Peugeot Partner? Sau ai nevoie de mai multe informa\u021bii? \u00cen calitate de dealer Peugeot Partner, suntem \u00eentotdeauna preg\u0103ti\u021bi s\u0103 r\u0103spundem \u00eentreb\u0103rilor tale. S\u0103 te ajut\u0103m s\u0103 faci alegerea potrivit\u0103 este important pentru noi. A\u0219a c\u0103 arunc\u0103 o privire la oferta noastr\u0103 actual\u0103 sau contacteaz\u0103-ne pentru mai multe informa\u021bii.<\/p>\n<\/div><\/section>","protected":false},"excerpt":{"rendered":"","protected":false},"author":3,"featured_media":0,"parent":370581,"menu_order":0,"comment_status":"closed","ping_status":"closed","template":"","meta":{"_acf_changed":false,"_improvement_type_select":"improve_an_existing","_thumb_yes_seoaic":false,"_frame_yes_seoaic":false,"seoaic_generate_description":"","seoaic_improve_instructions_prompt":"","seoaic_rollback_content_improvement":"","seoaic_idea_thumbnail_generator":"","thumbnail_generated":false,"thumbnail_generate_prompt":"","seoaic_article_description":"","footnotes":""},"class_list":["post-405925","page","type-page","status-publish","hentry"],"acf":[],"yoast_head":"<!-- This site is optimized with the Yoast SEO plugin v27.3 - https:\/\/yoast.com\/product\/yoast-seo-wordpress\/ -->\n<title>Kies jouw Peugeot Partner occasion | Ontdek de mogelijkheden<\/title>\n<meta name=\"description\" content=\"Overweeg je een Peugeot Partner te kopen? Bekijk het gehele aanbod en vind het voertuig dat helemaal aansluit bij jouw wensen en behoeften.\" \/>\n<meta name=\"robots\" content=\"index, follow, max-snippet:-1, max-image-preview:large, max-video-preview:-1\" \/>\n<link rel=\"canonical\" href=\"https:\/\/www.vdhurk.nl\/ro\/peugeot-vehicule-comerciale\/mercedes-6\/\" \/>\n<meta property=\"og:locale\" content=\"ro_RO\" \/>\n<meta property=\"og:type\" content=\"article\" \/>\n<meta property=\"og:title\" content=\"Kies jouw Peugeot Partner occasion | Ontdek de mogelijkheden\" \/>\n<meta property=\"og:description\" content=\"Overweeg je een Peugeot Partner te kopen? Bekijk het gehele aanbod en vind het voertuig dat helemaal aansluit bij jouw wensen en behoeften.\" \/>\n<meta property=\"og:url\" content=\"https:\/\/www.vdhurk.nl\/ro\/peugeot-vehicule-comerciale\/mercedes-6\/\" \/>\n<meta property=\"og:site_name\" content=\"Van den Hurk Bedrijfswagens\" \/>\n<meta name=\"twitter:card\" content=\"summary_large_image\" \/>\n<meta name=\"twitter:label1\" content=\"Timp estimat pentru citire\" \/>\n\t<meta name=\"twitter:data1\" content=\"5 minute\" \/>\n<script type=\"application\/ld+json\" class=\"yoast-schema-graph\">{\"@context\":\"https:\\\/\\\/schema.org\",\"@graph\":[{\"@type\":\"WebPage\",\"@id\":\"https:\\\/\\\/www.vdhurk.nl\\\/peugeot-bedrijfswagens\\\/partner\\\/\",\"url\":\"https:\\\/\\\/www.vdhurk.nl\\\/peugeot-bedrijfswagens\\\/partner\\\/\",\"name\":\"Kies jouw Peugeot Partner occasion | Ontdek de mogelijkheden\",\"isPartOf\":{\"@id\":\"https:\\\/\\\/www.vdhurk.nl\\\/#website\"},\"datePublished\":\"2024-09-20T09:48:58+00:00\",\"description\":\"Overweeg je een Peugeot Partner te kopen? Bekijk het gehele aanbod en vind het voertuig dat helemaal aansluit bij jouw wensen en behoeften.\",\"breadcrumb\":{\"@id\":\"https:\\\/\\\/www.vdhurk.nl\\\/peugeot-bedrijfswagens\\\/partner\\\/#breadcrumb\"},\"inLanguage\":\"ro-RO\",\"potentialAction\":[{\"@type\":\"ReadAction\",\"target\":[\"https:\\\/\\\/www.vdhurk.nl\\\/peugeot-bedrijfswagens\\\/partner\\\/\"]}]},{\"@type\":\"BreadcrumbList\",\"@id\":\"https:\\\/\\\/www.vdhurk.nl\\\/peugeot-bedrijfswagens\\\/partner\\\/#breadcrumb\",\"itemListElement\":[{\"@type\":\"ListItem\",\"position\":1,\"name\":\"Home\",\"item\":\"https:\\\/\\\/www.vdhurk.nl\\\/home\\\/\"},{\"@type\":\"ListItem\",\"position\":2,\"name\":\"Peugeot Bedrijfswagens\",\"item\":\"https:\\\/\\\/www.vdhurk.nl\\\/peugeot-bedrijfswagens\\\/\"},{\"@type\":\"ListItem\",\"position\":3,\"name\":\"Peugeot Partner\"}]},{\"@type\":\"WebSite\",\"@id\":\"https:\\\/\\\/www.vdhurk.nl\\\/#website\",\"url\":\"https:\\\/\\\/www.vdhurk.nl\\\/\",\"name\":\"Van den Hurk Bedrijfswagens\",\"description\":\"Van den Hurk bedrijfswagens Helmond\",\"potentialAction\":[{\"@type\":\"SearchAction\",\"target\":{\"@type\":\"EntryPoint\",\"urlTemplate\":\"https:\\\/\\\/www.vdhurk.nl\\\/?s={search_term_string}\"},\"query-input\":{\"@type\":\"PropertyValueSpecification\",\"valueRequired\":true,\"valueName\":\"search_term_string\"}}],\"inLanguage\":\"ro-RO\"}]}<\/script>\n<!-- \/ Yoast SEO plugin. -->","yoast_head_json":{"title":"Alege-\u021bi ocazia Peugeot Partner | Descoper\u0103 posibilit\u0103\u021bile","description":"V\u0103 g\u00e2ndi\u021bi s\u0103 cump\u0103ra\u021bi un Peugeot Partner? R\u0103sfoi\u021bi \u00eentreaga gam\u0103 \u0219i g\u0103si\u021bi vehiculul care se potrive\u0219te perfect nevoilor dvs.","robots":{"index":"index","follow":"follow","max-snippet":"max-snippet:-1","max-image-preview":"max-image-preview:large","max-video-preview":"max-video-preview:-1"},"canonical":"https:\/\/www.vdhurk.nl\/ro\/peugeot-vehicule-comerciale\/mercedes-6\/","og_locale":"ro_RO","og_type":"article","og_title":"Kies jouw Peugeot Partner occasion | Ontdek de mogelijkheden","og_description":"Overweeg je een Peugeot Partner te kopen? Bekijk het gehele aanbod en vind het voertuig dat helemaal aansluit bij jouw wensen en behoeften.","og_url":"https:\/\/www.vdhurk.nl\/ro\/peugeot-vehicule-comerciale\/mercedes-6\/","og_site_name":"Van den Hurk Bedrijfswagens","twitter_card":"summary_large_image","twitter_misc":{"Timp estimat pentru citire":"5 minute"},"schema":{"@context":"https:\/\/schema.org","@graph":[{"@type":"WebPage","@id":"https:\/\/www.vdhurk.nl\/peugeot-bedrijfswagens\/partner\/","url":"https:\/\/www.vdhurk.nl\/peugeot-bedrijfswagens\/partner\/","name":"Alege-\u021bi ocazia Peugeot Partner | Descoper\u0103 posibilit\u0103\u021bile","isPartOf":{"@id":"https:\/\/www.vdhurk.nl\/#website"},"datePublished":"2024-09-20T09:48:58+00:00","description":"V\u0103 g\u00e2ndi\u021bi s\u0103 cump\u0103ra\u021bi un Peugeot Partner? R\u0103sfoi\u021bi \u00eentreaga gam\u0103 \u0219i g\u0103si\u021bi vehiculul care se potrive\u0219te perfect nevoilor dvs.","breadcrumb":{"@id":"https:\/\/www.vdhurk.nl\/peugeot-bedrijfswagens\/partner\/#breadcrumb"},"inLanguage":"ro-RO","potentialAction":[{"@type":"ReadAction","target":["https:\/\/www.vdhurk.nl\/peugeot-bedrijfswagens\/partner\/"]}]},{"@type":"BreadcrumbList","@id":"https:\/\/www.vdhurk.nl\/peugeot-bedrijfswagens\/partner\/#breadcrumb","itemListElement":[{"@type":"ListItem","position":1,"name":"Home","item":"https:\/\/www.vdhurk.nl\/home\/"},{"@type":"ListItem","position":2,"name":"Peugeot Bedrijfswagens","item":"https:\/\/www.vdhurk.nl\/peugeot-bedrijfswagens\/"},{"@type":"ListItem","position":3,"name":"Peugeot Partner"}]},{"@type":"WebSite","@id":"https:\/\/www.vdhurk.nl\/#website","url":"https:\/\/www.vdhurk.nl\/","name":"Vehicule comerciale Van den Hurk","description":"Vehicule comerciale Van den Hurk Helmond","potentialAction":[{"@type":"SearchAction","target":{"@type":"EntryPoint","urlTemplate":"https:\/\/www.vdhurk.nl\/?s={search_term_string}"},"query-input":{"@type":"PropertyValueSpecification","valueRequired":true,"valueName":"search_term_string"}}],"inLanguage":"ro-RO"}]}},"_links":{"self":[{"href":"https:\/\/www.vdhurk.nl\/ro\/wp-json\/wp\/v2\/pages\/405925","targetHints":{"allow":["GET"]}}],"collection":[{"href":"https:\/\/www.vdhurk.nl\/ro\/wp-json\/wp\/v2\/pages"}],"about":[{"href":"https:\/\/www.vdhurk.nl\/ro\/wp-json\/wp\/v2\/types\/page"}],"author":[{"embeddable":true,"href":"https:\/\/www.vdhurk.nl\/ro\/wp-json\/wp\/v2\/users\/3"}],"replies":[{"embeddable":true,"href":"https:\/\/www.vdhurk.nl\/ro\/wp-json\/wp\/v2\/comments?post=405925"}],"version-history":[{"count":1,"href":"https:\/\/www.vdhurk.nl\/ro\/wp-json\/wp\/v2\/pages\/405925\/revisions"}],"predecessor-version":[{"id":405926,"href":"https:\/\/www.vdhurk.nl\/ro\/wp-json\/wp\/v2\/pages\/405925\/revisions\/405926"}],"up":[{"embeddable":true,"href":"https:\/\/www.vdhurk.nl\/ro\/wp-json\/wp\/v2\/pages\/370581"}],"wp:attachment":[{"href":"https:\/\/www.vdhurk.nl\/ro\/wp-json\/wp\/v2\/media?parent=405925"}],"curies":[{"name":"wp","href":"https:\/\/api.w.org\/{rel}","templated":true}]}}