{"id":405921,"date":"2024-09-20T11:25:27","date_gmt":"2024-09-20T09:25:27","guid":{"rendered":"https:\/\/www.vdhurk.nl\/?page_id=405921"},"modified":"2024-09-20T11:25:27","modified_gmt":"2024-09-20T09:25:27","slug":"mercedes-19","status":"publish","type":"page","link":"https:\/\/www.vdhurk.nl\/ro\/peugeot-bedrijfswagens\/expert\/","title":{"rendered":"Peugeot Expert"},"content":{"rendered":"<section  class='av_textblock_section av-lu8gnh7d-4ac895489941e586c1d7c8cb72318135'  itemscope=\"itemscope\" itemtype=\"https:\/\/schema.org\/CreativeWork\" ><div class='avia_textblock'  itemprop=\"text\" ><h1>Cumpararea unui Peugeot Expert ocazie: la ce sa te uiti?<\/h1>\n<p>C\u0103uta\u021bi un vehicul comercial? Atunci lua\u021bi \u00een considerare cu siguran\u021b\u0103 ocazia Peugeot Expert. Aceast\u0103 dubi\u021b\u0103 practic\u0103 \u0219i versatil\u0103 este disponibil\u0103 \u00eentr-o varietate de echip\u0103ri \u0219i variante, astfel \u00eenc\u00e2t ve\u021bi g\u0103si \u00eentotdeauna un model care se potrive\u0219te perfect nevoilor dvs. de afaceri. Descoper\u0103 numeroasele beneficii ale Peugeot Expert \u0219i de ce acest vehicul este o alegere inteligent\u0103 pentru afacerea ta.<\/p>\n<\/div><\/section>\n\n<style type=\"text\/css\" data-created_by=\"avia_inline_auto\" id=\"style-css-av-lujjddpd-afa3d7a9eabd61123e643ed1228e781e\">\n#top .hr.hr-invisible.av-lujjddpd-afa3d7a9eabd61123e643ed1228e781e{\nheight:50px;\n}\n<\/style>\n<div  class='hr av-lujjddpd-afa3d7a9eabd61123e643ed1228e781e hr-invisible  avia-builder-el-1  el_after_av_textblock  el_before_av_codeblock'><span class='hr-inner'><span class=\"hr-inner-style\"><\/span><\/span><\/div>\n\n\n<style type=\"text\/css\" data-created_by=\"avia_inline_auto\" id=\"style-css-av-ah0xd-63338d9dc6b40410e22a712829c369d6\">\n#top .hr.hr-invisible.av-ah0xd-63338d9dc6b40410e22a712829c369d6{\nheight:50px;\n}\n<\/style>\n<div  class='hr av-ah0xd-63338d9dc6b40410e22a712829c369d6 hr-invisible  avia-builder-el-3  el_after_av_codeblock  el_before_av_textblock'><span class='hr-inner'><span class=\"hr-inner-style\"><\/span><\/span><\/div>\n<section  class='av_textblock_section av-lu8gow1e-300853e458ed741bd87d6cb78e55cc7a'  itemscope=\"itemscope\" itemtype=\"https:\/\/schema.org\/CreativeWork\" ><div class='avia_textblock'  itemprop=\"text\" ><h2>Caracteristici \u0219i specifica\u021bii<\/h2>\n<p>C\u00e2nd alege\u021bi un Peugeot Expert, alege\u021bi fiabilitate \u0219i func\u021bionalitate. Acest model, ca multe altele de la <a href=\"https:\/\/www.vdhurk.nl\/ro\/peugeot-vehicule-comerciale\/\">Peugeot<\/a>, este inovator \u0219i compact. Acest vehicul comercial este conceput pentru a v\u0103 u\u0219ura munca. Expert se remarc\u0103, de asemenea, prin motorul s\u0103u silen\u021bios, care ofer\u0103 un plus de confort la condus.Peugeot Expert este disponibil \u00een diferite variante, cu ani de fabrica\u021bie diferi\u021bi. \u00cen 2021, acest model a fost chiar numit \"Vehiculul comercial al anului\", subliniind calitatea \u0219i popularitatea sa. Echipat cu motoare diesel puternice \u0219i o sarcin\u0103 util\u0103 mare, modelul Expert este ideal pentru lucr\u0103ri grele. \u00cen plus, caracteristicile sale de siguran\u021b\u0103 complete v\u0103 asigur\u0103 c\u0103 sunte\u021bi \u00eentotdeauna \u00een siguran\u021b\u0103 pe drum.<\/p>\n<\/div><\/section>\n<div class='flex_column av-f64w1-da126f42b61613402309283c14245a25 av_one_half  avia-builder-el-5  el_after_av_textblock  el_before_av_one_third  first flex_column_div column-top-margin'   ><section  class='av_textblock_section av-lu8gpqre-73cc2c17e6a6497ba6e1b58af22bd9e8'  itemscope=\"itemscope\" itemtype=\"https:\/\/schema.org\/CreativeWork\" ><div class='avia_textblock'  itemprop=\"text\" ><h2>Cumpararea unui Peugeot Expert: care sunt avantajele?<\/h2>\n<p>Peugeot Expert ofer\u0103 numeroase avantaje care \u00eel fac o alegere versatil\u0103 \u0219i fiabil\u0103.<\/p>\n<ul>\n<li><strong>Design practic \u0219i inteligent<\/strong>: cu o capacitate de \u00eenc\u0103rcare mare, transporta\u021bi cu u\u0219urin\u021b\u0103 tot ce ave\u021bi nevoie, de la unelte la \u00eenc\u0103rc\u0103turi mari.<\/li>\n<li><strong>Confort ridicat la condus<\/strong>: Acest model este proiectat av\u00e2nd \u00een vedere confortul, f\u0103c\u00e2nd c\u0103l\u0103toriile lungi f\u0103r\u0103 efort. Acest model este perfect pentru cei care petrec mult timp pe drum.<\/li>\n<li><strong>Eficien\u021ba combustibilului<\/strong> :motoarele diesel eficiente din punct de vedere al consumului de combustibil asigur\u0103 un consum redus de combustibil, ceea ce este benefic mai ales dac\u0103 afacerea dvs. parcurge frecvent distan\u021be lungi.<\/li>\n<li><strong>Flexibilitate<\/strong>: Datorit\u0103 designului s\u0103u compact \u0219i manevrabilit\u0103\u021bii excelente, pute\u021bi manevra cu u\u0219urin\u021b\u0103 Expert prin ora\u0219ele aglomerate, fiind ideal \u0219i pentru c\u0103l\u0103toriile lungi pe autostrad\u0103.<\/li>\n<\/ul>\n<p>Acestea sunt exemple ale avantajelor pe care le aduce Peugeot Expert.<\/p>\n<\/div><\/section><\/div><div class='flex_column av-aldk9-ee694297f5c4032981677a02caab84d6 av_one_third  avia-builder-el-7  el_after_av_one_half  el_before_av_hr  flex_column_div column-top-margin'   ><style type=\"text\/css\" data-created_by=\"avia_inline_auto\" id=\"style-css-av-l1w9kpsf-4ec3fab772ec7a9adaa33cfc64ff0475\">\n.avia-image-container.av-l1w9kpsf-4ec3fab772ec7a9adaa33cfc64ff0475 .av-image-caption-overlay-center{\ncolor:#ffffff;\n}\n<\/style>\n<div  class='avia-image-container av-l1w9kpsf-4ec3fab772ec7a9adaa33cfc64ff0475 av-styling- avia-align-center  avia-builder-el-8  avia-builder-el-no-sibling'  itemprop=\"image\" itemscope=\"itemscope\" itemtype=\"https:\/\/schema.org\/ImageObject\" ><div class=\"avia-image-container-inner\"><div class=\"avia-image-overlay-wrap\"><img decoding=\"async\" class='wp-image-187 avia-img-lazy-loading-not-187 avia_image' src=\"https:\/\/www.vdhurk.nl\/wp-content\/uploads\/2022\/03\/Voorrad.png\" alt='' title='Stoc'  height=\"758\" width=\"1135\"  itemprop=\"thumbnailUrl\" srcset=\"https:\/\/www.vdhurk.nl\/wp-content\/uploads\/2022\/03\/Voorrad.png 1135w, https:\/\/www.vdhurk.nl\/wp-content\/uploads\/2022\/03\/Voorrad-300x200.png 300w, https:\/\/www.vdhurk.nl\/wp-content\/uploads\/2022\/03\/Voorrad-1030x688.png 1030w, https:\/\/www.vdhurk.nl\/wp-content\/uploads\/2022\/03\/Voorrad-768x513.png 768w, https:\/\/www.vdhurk.nl\/wp-content\/uploads\/2022\/03\/Voorrad-18x12.png 18w, https:\/\/www.vdhurk.nl\/wp-content\/uploads\/2022\/03\/Voorrad-705x471.png 705w\" sizes=\"(max-width: 1135px) 100vw, 1135px\" \/><\/div><\/div><\/div><\/div><\/p>\n\n<style type=\"text\/css\" data-created_by=\"avia_inline_auto\" id=\"style-css-av-luqrjpjc-5a23a1fb5f94718ca85316a9df963e2f\">\n#top .hr.hr-invisible.av-luqrjpjc-5a23a1fb5f94718ca85316a9df963e2f{\nheight:50px;\n}\n<\/style>\n<div  class='hr av-luqrjpjc-5a23a1fb5f94718ca85316a9df963e2f hr-invisible  avia-builder-el-9  el_after_av_one_third  el_before_av_textblock'><span class='hr-inner'><span class=\"hr-inner-style\"><\/span><\/span><\/div>\n<section  class='av_textblock_section av-lu8gtjw7-4f3cee9304909518d86d2860d9d582dd'  itemscope=\"itemscope\" itemtype=\"https:\/\/schema.org\/CreativeWork\" ><div class='avia_textblock'  itemprop=\"text\" ><h2>La ce pre\u021buri ar trebui s\u0103 v\u0103 g\u00e2ndi\u021bi?<\/h2>\n<p>Pre\u021bul modelelor noastre Peugeot Expert variaz\u0103. Acest lucru se datoreaz\u0103 nevoilor \u0219i alegerilor tale. Fie c\u0103 opta\u021bi pentru o versiune de baz\u0103 sau pentru un model cu specifica\u021bii suplimentare, pre\u021bul final Peugeot Expert este determinat de dorin\u021bele \u0219i nevoile dumneavoastr\u0103. Prin urmare, nu putem oferi o indica\u021bie fix\u0103 a pre\u021bului. Indiferent de preferin\u021bele tale, \u00een oferta noastr\u0103 vei g\u0103si \u00eentotdeauna un model care se potrive\u0219te bugetului t\u0103u.<\/p>\n<h2>Leasing sau achizi\u021bionarea unui Peugeot Expert: care este cea mai bun\u0103 alegere pentru dumneavoastr\u0103?<\/h2>\n<p>La Van den Hurk, ave\u021bi o mul\u021bime de op\u021biuni atunci c\u00e2nd vine vorba de finan\u021barea vehiculului dvs. comercial. Pl\u0103ti\u021bi pentru vehicul dintr-o singur\u0103 dat\u0103 sau opta\u021bi pentru <a href=\"https:\/\/www.vdhurk.nl\/ro\/leasing-financiar\/\">leasing financiar<\/a> \u0219i repartiza\u021bi costul \u00een rate lunare. \u00cen acest fel, nu trebuie s\u0103 face\u021bi o investi\u021bie mare imediat. \u00cen ambele cazuri, deveni\u021bi proprietarul deplin al vehiculului. \u00cen cazul leasingului financiar, sunte\u021bi proprietar de \u00eendat\u0103 ce expir\u0103 contractul, \u00een timp ce \u00een cazul pl\u0103\u021bii directe ave\u021bi cheile \u00een m\u00e2ini imediat.<\/p>\n<h2>Descoper\u0103 gama \u0219i g\u0103se\u0219te-\u021bi Peugeot-ul<\/h2>\n<p>Cump\u0103ra\u021bi un Peugeot Expert la m\u00e2na a doua? Sau o variant\u0103 nou\u0103 se potrive\u0219te mai bine obiectivelor tale de afaceri? Verific\u0103-l <a href=\"https:\/\/www.vdhurk.nl\/ro\/vehicule-comerciale\/\">oferta curent\u0103<\/a> pentru posibilit\u0103\u021bi. Nu a\u021bi ajuns acolo \u0219i dori\u021bi sfaturi de specialitate? Nicio problem\u0103. Personalul nostru este gata s\u0103 v\u0103 ajute s\u0103 face\u021bi cea mai bun\u0103 alegere.<\/p>\n<\/div><\/section>","protected":false},"excerpt":{"rendered":"","protected":false},"author":3,"featured_media":0,"parent":370581,"menu_order":0,"comment_status":"closed","ping_status":"closed","template":"","meta":{"_acf_changed":false,"_improvement_type_select":"improve_an_existing","_thumb_yes_seoaic":false,"_frame_yes_seoaic":false,"seoaic_generate_description":"","seoaic_improve_instructions_prompt":"","seoaic_rollback_content_improvement":"","seoaic_idea_thumbnail_generator":"","thumbnail_generated":false,"thumbnail_generate_prompt":"","seoaic_article_description":"","footnotes":""},"class_list":["post-405921","page","type-page","status-publish","hentry"],"acf":[],"yoast_head":"<!-- This site is optimized with the Yoast SEO plugin v27.5 - https:\/\/yoast.com\/product\/yoast-seo-wordpress\/ -->\n<title>Peugeot Expert occasion kopen? Bekijk ons actuele aanbod!<\/title>\n<meta name=\"description\" content=\"Op zoek naar een Peugeot Expert occasion? Vind de bedrijfswagen die helemaal aansluit bij jouw zakelijke behoeften bij Van den Hurk\" \/>\n<meta name=\"robots\" content=\"index, follow, max-snippet:-1, max-image-preview:large, max-video-preview:-1\" \/>\n<link rel=\"canonical\" href=\"https:\/\/www.vdhurk.nl\/ro\/peugeot-vehicule-comerciale\/mercedes-19\/\" \/>\n<meta property=\"og:locale\" content=\"ro_RO\" \/>\n<meta property=\"og:type\" content=\"article\" \/>\n<meta property=\"og:title\" content=\"Peugeot Expert occasion kopen? Bekijk ons actuele aanbod!\" \/>\n<meta property=\"og:description\" content=\"Op zoek naar een Peugeot Expert occasion? Vind de bedrijfswagen die helemaal aansluit bij jouw zakelijke behoeften bij Van den Hurk\" \/>\n<meta property=\"og:url\" content=\"https:\/\/www.vdhurk.nl\/ro\/peugeot-vehicule-comerciale\/mercedes-19\/\" \/>\n<meta property=\"og:site_name\" content=\"Van den Hurk Bedrijfswagens\" \/>\n<meta name=\"twitter:card\" content=\"summary_large_image\" \/>\n<meta name=\"twitter:label1\" content=\"Timp estimat pentru citire\" \/>\n\t<meta name=\"twitter:data1\" content=\"5 minute\" \/>\n<script type=\"application\/ld+json\" class=\"yoast-schema-graph\">{\"@context\":\"https:\\\/\\\/schema.org\",\"@graph\":[{\"@type\":\"WebPage\",\"@id\":\"https:\\\/\\\/www.vdhurk.nl\\\/peugeot-bedrijfswagens\\\/expert\\\/\",\"url\":\"https:\\\/\\\/www.vdhurk.nl\\\/peugeot-bedrijfswagens\\\/expert\\\/\",\"name\":\"Peugeot Expert occasion kopen? Bekijk ons actuele aanbod!\",\"isPartOf\":{\"@id\":\"https:\\\/\\\/www.vdhurk.nl\\\/#website\"},\"datePublished\":\"2024-09-20T09:25:27+00:00\",\"description\":\"Op zoek naar een Peugeot Expert occasion? Vind de bedrijfswagen die helemaal aansluit bij jouw zakelijke behoeften bij Van den Hurk\",\"breadcrumb\":{\"@id\":\"https:\\\/\\\/www.vdhurk.nl\\\/peugeot-bedrijfswagens\\\/expert\\\/#breadcrumb\"},\"inLanguage\":\"ro-RO\",\"potentialAction\":[{\"@type\":\"ReadAction\",\"target\":[\"https:\\\/\\\/www.vdhurk.nl\\\/peugeot-bedrijfswagens\\\/expert\\\/\"]}]},{\"@type\":\"BreadcrumbList\",\"@id\":\"https:\\\/\\\/www.vdhurk.nl\\\/peugeot-bedrijfswagens\\\/expert\\\/#breadcrumb\",\"itemListElement\":[{\"@type\":\"ListItem\",\"position\":1,\"name\":\"Home\",\"item\":\"https:\\\/\\\/www.vdhurk.nl\\\/home\\\/\"},{\"@type\":\"ListItem\",\"position\":2,\"name\":\"Peugeot Bedrijfswagens\",\"item\":\"https:\\\/\\\/www.vdhurk.nl\\\/peugeot-bedrijfswagens\\\/\"},{\"@type\":\"ListItem\",\"position\":3,\"name\":\"Peugeot Expert\"}]},{\"@type\":\"WebSite\",\"@id\":\"https:\\\/\\\/www.vdhurk.nl\\\/#website\",\"url\":\"https:\\\/\\\/www.vdhurk.nl\\\/\",\"name\":\"Van den Hurk Bedrijfswagens\",\"description\":\"Van den Hurk bedrijfswagens Helmond\",\"potentialAction\":[{\"@type\":\"SearchAction\",\"target\":{\"@type\":\"EntryPoint\",\"urlTemplate\":\"https:\\\/\\\/www.vdhurk.nl\\\/?s={search_term_string}\"},\"query-input\":{\"@type\":\"PropertyValueSpecification\",\"valueRequired\":true,\"valueName\":\"search_term_string\"}}],\"inLanguage\":\"ro-RO\"}]}<\/script>\n<!-- \/ Yoast SEO plugin. -->","yoast_head_json":{"title":"Cumperi o ocazie Peugeot Expert? Verific\u0103 oferta noastr\u0103 actual\u0103!","description":"C\u0103uta\u021bi o ma\u0219in\u0103 de ocazie Peugeot Expert? G\u0103si\u021bi vehiculul comercial care se potrive\u0219te nevoilor dvs. de afaceri la Van den Hurk","robots":{"index":"index","follow":"follow","max-snippet":"max-snippet:-1","max-image-preview":"max-image-preview:large","max-video-preview":"max-video-preview:-1"},"canonical":"https:\/\/www.vdhurk.nl\/ro\/peugeot-vehicule-comerciale\/mercedes-19\/","og_locale":"ro_RO","og_type":"article","og_title":"Peugeot Expert occasion kopen? Bekijk ons actuele aanbod!","og_description":"Op zoek naar een Peugeot Expert occasion? Vind de bedrijfswagen die helemaal aansluit bij jouw zakelijke behoeften bij Van den Hurk","og_url":"https:\/\/www.vdhurk.nl\/ro\/peugeot-vehicule-comerciale\/mercedes-19\/","og_site_name":"Van den Hurk Bedrijfswagens","twitter_card":"summary_large_image","twitter_misc":{"Timp estimat pentru citire":"5 minute"},"schema":{"@context":"https:\/\/schema.org","@graph":[{"@type":"WebPage","@id":"https:\/\/www.vdhurk.nl\/peugeot-bedrijfswagens\/expert\/","url":"https:\/\/www.vdhurk.nl\/peugeot-bedrijfswagens\/expert\/","name":"Cumperi o ocazie Peugeot Expert? Verific\u0103 oferta noastr\u0103 actual\u0103!","isPartOf":{"@id":"https:\/\/www.vdhurk.nl\/#website"},"datePublished":"2024-09-20T09:25:27+00:00","description":"C\u0103uta\u021bi o ma\u0219in\u0103 de ocazie Peugeot Expert? G\u0103si\u021bi vehiculul comercial care se potrive\u0219te nevoilor dvs. de afaceri la Van den Hurk","breadcrumb":{"@id":"https:\/\/www.vdhurk.nl\/peugeot-bedrijfswagens\/expert\/#breadcrumb"},"inLanguage":"ro-RO","potentialAction":[{"@type":"ReadAction","target":["https:\/\/www.vdhurk.nl\/peugeot-bedrijfswagens\/expert\/"]}]},{"@type":"BreadcrumbList","@id":"https:\/\/www.vdhurk.nl\/peugeot-bedrijfswagens\/expert\/#breadcrumb","itemListElement":[{"@type":"ListItem","position":1,"name":"Home","item":"https:\/\/www.vdhurk.nl\/home\/"},{"@type":"ListItem","position":2,"name":"Peugeot Bedrijfswagens","item":"https:\/\/www.vdhurk.nl\/peugeot-bedrijfswagens\/"},{"@type":"ListItem","position":3,"name":"Peugeot Expert"}]},{"@type":"WebSite","@id":"https:\/\/www.vdhurk.nl\/#website","url":"https:\/\/www.vdhurk.nl\/","name":"Vehicule comerciale Van den Hurk","description":"Vehicule comerciale Van den Hurk Helmond","potentialAction":[{"@type":"SearchAction","target":{"@type":"EntryPoint","urlTemplate":"https:\/\/www.vdhurk.nl\/?s={search_term_string}"},"query-input":{"@type":"PropertyValueSpecification","valueRequired":true,"valueName":"search_term_string"}}],"inLanguage":"ro-RO"}]}},"_links":{"self":[{"href":"https:\/\/www.vdhurk.nl\/ro\/wp-json\/wp\/v2\/pages\/405921","targetHints":{"allow":["GET"]}}],"collection":[{"href":"https:\/\/www.vdhurk.nl\/ro\/wp-json\/wp\/v2\/pages"}],"about":[{"href":"https:\/\/www.vdhurk.nl\/ro\/wp-json\/wp\/v2\/types\/page"}],"author":[{"embeddable":true,"href":"https:\/\/www.vdhurk.nl\/ro\/wp-json\/wp\/v2\/users\/3"}],"replies":[{"embeddable":true,"href":"https:\/\/www.vdhurk.nl\/ro\/wp-json\/wp\/v2\/comments?post=405921"}],"version-history":[{"count":1,"href":"https:\/\/www.vdhurk.nl\/ro\/wp-json\/wp\/v2\/pages\/405921\/revisions"}],"predecessor-version":[{"id":405922,"href":"https:\/\/www.vdhurk.nl\/ro\/wp-json\/wp\/v2\/pages\/405921\/revisions\/405922"}],"up":[{"embeddable":true,"href":"https:\/\/www.vdhurk.nl\/ro\/wp-json\/wp\/v2\/pages\/370581"}],"wp:attachment":[{"href":"https:\/\/www.vdhurk.nl\/ro\/wp-json\/wp\/v2\/media?parent=405921"}],"curies":[{"name":"wp","href":"https:\/\/api.w.org\/{rel}","templated":true}]}}