{"id":405902,"date":"2024-09-20T10:54:47","date_gmt":"2024-09-20T08:54:47","guid":{"rendered":"https:\/\/www.vdhurk.nl\/?page_id=405902"},"modified":"2024-09-20T10:54:47","modified_gmt":"2024-09-20T08:54:47","slug":"mercedes-18","status":"publish","type":"page","link":"https:\/\/www.vdhurk.nl\/ro\/citroen-bedrijfswagens\/jumpy\/","title":{"rendered":"Citro\u00ebn Jumpy"},"content":{"rendered":"<section  class='av_textblock_section av-lu8gnh7d-4ac895489941e586c1d7c8cb72318135'  itemscope=\"itemscope\" itemtype=\"https:\/\/schema.org\/CreativeWork\" ><div class='avia_textblock'  itemprop=\"text\" ><h1>Cumparati un Citro\u00ebn Jumpy ocazie?<\/h1>\n<p>Sunte\u021bi \u00een c\u0103utarea unui vehicul comercial de \u00eencredere? Atunci Citro\u00ebn Jumpy occasion este cu siguran\u021b\u0103 ceva de luat \u00een considerare! Aceast\u0103 dubi\u021b\u0103 versatil\u0103 ofer\u0103 o mul\u021bime de beneficii care se potrivesc perfect nevoilor oric\u0103rui antreprenor. Fie c\u0103 ave\u021bi nevoie de mult spa\u021biu de \u00eenc\u0103rcare sau pur \u0219i simplu c\u0103uta\u021bi o modalitate eficient\u0103 de a ajunge din A \u00een B, Jumpy are o versiune care se potrive\u0219te nevoilor dvs. de afaceri. Exploreaz\u0103 diferitele versiuni \u0219i vezi dac\u0103 acest vehicul comercial este alegerea ideal\u0103 pentru afacerea ta!<\/p>\n<\/div><\/section>\n\n<style type=\"text\/css\" data-created_by=\"avia_inline_auto\" id=\"style-css-av-lujjddpd-afa3d7a9eabd61123e643ed1228e781e\">\n#top .hr.hr-invisible.av-lujjddpd-afa3d7a9eabd61123e643ed1228e781e{\nheight:50px;\n}\n<\/style>\n<div  class='hr av-lujjddpd-afa3d7a9eabd61123e643ed1228e781e hr-invisible  avia-builder-el-1  el_after_av_textblock  el_before_av_codeblock'><span class='hr-inner'><span class=\"hr-inner-style\"><\/span><\/span><\/div>\n\n\n<style type=\"text\/css\" data-created_by=\"avia_inline_auto\" id=\"style-css-av-ah0xd-63338d9dc6b40410e22a712829c369d6\">\n#top .hr.hr-invisible.av-ah0xd-63338d9dc6b40410e22a712829c369d6{\nheight:50px;\n}\n<\/style>\n<div  class='hr av-ah0xd-63338d9dc6b40410e22a712829c369d6 hr-invisible  avia-builder-el-3  el_after_av_codeblock  el_before_av_textblock'><span class='hr-inner'><span class=\"hr-inner-style\"><\/span><\/span><\/div>\n<section  class='av_textblock_section av-lu8gow1e-300853e458ed741bd87d6cb78e55cc7a'  itemscope=\"itemscope\" itemtype=\"https:\/\/schema.org\/CreativeWork\" ><div class='avia_textblock'  itemprop=\"text\" ><h2>Pentru ce este cunoscut Citro\u00ebn Jumpy: care sunt avantajele sale?<\/h2>\n<p>The <a href=\"https:\/\/www.vdhurk.nl\/ro\/vehicule-comerciale-citroen\/\">Vehicule comerciale Citro\u00ebn<\/a> sunt cunoscute pentru versatilitatea \u0219i fiabilitatea lor, iar Jumpy este un exemplu perfect. Cu un interior practic, modern \u0219i op\u021biuni inteligente de depozitare, acest vehicul ofer\u0103 tot ce ave\u021bi nevoie. Confortul s\u0103u ridicat la condus face ca fiecare c\u0103l\u0103torie s\u0103 fie o pl\u0103cere, indiferent dac\u0103 parcurge\u021bi distan\u021be lungi sau urca\u021bi \u0219i cobor\u00e2\u021bi des. Modelele Citro\u00ebn Jumpy sunt, de asemenea, echipate cu sisteme practice de asisten\u021b\u0103 la condus, care asigur\u0103 o c\u0103l\u0103torie \u00een siguran\u021b\u0103. Fie c\u0103 transpor\u021bi persoane, livrezi colete sau ai alte mijloace de transport, cu diverse versiuni exist\u0103 \u00eentotdeauna un Jumpy care se potrive\u0219te activit\u0103\u021bii tale. Ideal pentru antreprenorii care sunt mult pe drumuri \u0219i caut\u0103 o ma\u0219in\u0103 de companie care s\u0103 \u021bin\u0103 pasul cu cerin\u021bele lor zilnice.<\/p>\n<\/div><\/section>\n<div class='flex_column av-f64w1-da126f42b61613402309283c14245a25 av_one_half  avia-builder-el-5  el_after_av_textblock  el_before_av_one_third  first flex_column_div column-top-margin'   ><section  class='av_textblock_section av-lu8gpqre-73cc2c17e6a6497ba6e1b58af22bd9e8'  itemscope=\"itemscope\" itemtype=\"https:\/\/schema.org\/CreativeWork\" ><div class='avia_textblock'  itemprop=\"text\" ><h2>Versiuni diferite<\/h2>\n<p>Citro\u00ebn Jumpy este disponibil \u00een diferite versiuni, astfel \u00eenc\u00e2t ve\u021bi g\u0103si \u00eentotdeauna un model care s\u0103 v\u0103 satisfac\u0103 nevoile. Fie c\u0103 sunte\u021bi \u00een c\u0103utarea unei construc\u021bii noi sau a unui vehicul comercial cu mai pu\u021bini kilometri parcur\u0219i, exist\u0103 o mul\u021bime de op\u021biuni. \u0218i \u00een ceea ce prive\u0219te transmisia: sunt disponibile at\u00e2t manual\u0103, c\u00e2t \u0219i automat\u0103. \u00cen plus, pute\u021bi alege o cabin\u0103 dubl\u0103, o cutie de marf\u0103 deschis\u0103 sau o culoare care se potrive\u0219te stilului dumneavoastr\u0103. Pe scurt, cu Citro\u00ebn Jumpy pute\u021bi merge \u00een ambele direc\u021bii.<\/p>\n<\/div><\/section><\/div><div class='flex_column av-aldk9-ee694297f5c4032981677a02caab84d6 av_one_third  avia-builder-el-7  el_after_av_one_half  el_before_av_hr  flex_column_div column-top-margin'   ><style type=\"text\/css\" data-created_by=\"avia_inline_auto\" id=\"style-css-av-l1w9kpsf-4ec3fab772ec7a9adaa33cfc64ff0475\">\n.avia-image-container.av-l1w9kpsf-4ec3fab772ec7a9adaa33cfc64ff0475 .av-image-caption-overlay-center{\ncolor:#ffffff;\n}\n<\/style>\n<div  class='avia-image-container av-l1w9kpsf-4ec3fab772ec7a9adaa33cfc64ff0475 av-styling- avia-align-center  avia-builder-el-8  avia-builder-el-no-sibling'  itemprop=\"image\" itemscope=\"itemscope\" itemtype=\"https:\/\/schema.org\/ImageObject\" ><div class=\"avia-image-container-inner\"><div class=\"avia-image-overlay-wrap\"><img decoding=\"async\" class='wp-image-187 avia-img-lazy-loading-not-187 avia_image' src=\"https:\/\/www.vdhurk.nl\/wp-content\/uploads\/2022\/03\/Voorrad.png\" alt='' title='Stoc'  height=\"758\" width=\"1135\"  itemprop=\"thumbnailUrl\" srcset=\"https:\/\/www.vdhurk.nl\/wp-content\/uploads\/2022\/03\/Voorrad.png 1135w, https:\/\/www.vdhurk.nl\/wp-content\/uploads\/2022\/03\/Voorrad-300x200.png 300w, https:\/\/www.vdhurk.nl\/wp-content\/uploads\/2022\/03\/Voorrad-1030x688.png 1030w, https:\/\/www.vdhurk.nl\/wp-content\/uploads\/2022\/03\/Voorrad-768x513.png 768w, https:\/\/www.vdhurk.nl\/wp-content\/uploads\/2022\/03\/Voorrad-18x12.png 18w, https:\/\/www.vdhurk.nl\/wp-content\/uploads\/2022\/03\/Voorrad-705x471.png 705w\" sizes=\"(max-width: 1135px) 100vw, 1135px\" \/><\/div><\/div><\/div><\/div><\/p>\n\n<style type=\"text\/css\" data-created_by=\"avia_inline_auto\" id=\"style-css-av-luqrjpjc-5a23a1fb5f94718ca85316a9df963e2f\">\n#top .hr.hr-invisible.av-luqrjpjc-5a23a1fb5f94718ca85316a9df963e2f{\nheight:50px;\n}\n<\/style>\n<div  class='hr av-luqrjpjc-5a23a1fb5f94718ca85316a9df963e2f hr-invisible  avia-builder-el-9  el_after_av_one_third  el_before_av_textblock'><span class='hr-inner'><span class=\"hr-inner-style\"><\/span><\/span><\/div>\n<section  class='av_textblock_section av-lu8gtjw7-4f3cee9304909518d86d2860d9d582dd'  itemscope=\"itemscope\" itemtype=\"https:\/\/schema.org\/CreativeWork\" ><div class='avia_textblock'  itemprop=\"text\" ><h2>Este leasingul unui Citro\u00ebn Jumpy potrivit pentru dumneavoastr\u0103?<\/h2>\n<p>\u0218tia\u021bi c\u0103 ave\u021bi mai multe op\u021biuni de plat\u0103 la Van den Hurk? Pe l\u00e2ng\u0103 plata direct\u0103 pentru un vehicul comercial, exist\u0103, de asemenea <a href=\"https:\/\/www.vdhurk.nl\/ro\/leasing-financiar\/\">leasing financiar<\/a> op\u021biune. \u00cen acest caz, pl\u0103ti\u021bi vehiculul pe lun\u0103, astfel \u00eenc\u00e2t nu trebuie s\u0103 face\u021bi o investi\u021bie mare dintr-o dat\u0103. Partea bun\u0103 este c\u0103 deveni\u021bi proprietarul vehiculului pas cu pas \u00een timpul perioadei de leasing. \u00cen acest fel, pleca\u021bi imediat cu noua dvs. ma\u0219in\u0103 de serviciu, f\u0103r\u0103 a fi nevoit s\u0103 pl\u0103ti\u021bi totul deodat\u0103. Convenabil, nu-i a\u0219a?<\/p>\n<h2>Pre\u021b Citro\u00ebn Jumpy: la ce sume trebuie s\u0103 v\u0103 g\u00e2ndi\u021bi?<\/h2>\n<p>Pre\u021burile vehiculelor noastre comerciale variaz\u0103, ceea ce are sens. Acest lucru se datoreaz\u0103 faptului c\u0103 gama noastr\u0103 este \u00een continu\u0103 schimbare \u0219i pute\u021bi alege \u00eentotdeauna din diferite versiuni. Acest lucru face ca pre\u021burile s\u0103 varieze. O indica\u021bie exact\u0103 a pre\u021bului este, prin urmare, dificil de oferit. Dar nu v\u0103 face\u021bi griji, exist\u0103 \u00eentotdeauna o ma\u0219in\u0103 de companie care se potrive\u0219te bugetului dumneavoastr\u0103, indiferent de versiunea pe care o c\u0103uta\u021bi. Deci, fie c\u0103 sunte\u021bi \u00een c\u0103utarea unei versiuni simple sau a unui model cu toate op\u021biunile, exist\u0103 o solu\u021bie potrivit\u0103 pentru fiecare buget.<\/p>\n<h2>A\u021bi auzit despre alerta noastr\u0103 privind stocurile?<\/h2>\n<p>La Van den Hurk, avem o gam\u0103 de vehicule comerciale \u00een continu\u0103 schimbare. Vehiculul dvs. ideal nu se afl\u0103 \u00een prezent printre acestea? Nicio problem\u0103! Este posibil s\u0103 devin\u0103 disponibil un vehicul comercial care s\u0103 \u00eendeplineasc\u0103 exact cerin\u021bele dumneavoastr\u0103. Nu vre\u021bi s\u0103 pierde\u021bi nimic? Atunci \u00eenscrie\u021bi-v\u0103 la alerta noastr\u0103 de stoc. Introduce\u021bi preferin\u021bele dvs. \u0219i v\u0103 vom \u021bine la curent imediat ce un vehicul potrivit devine disponibil. \u00cempreun\u0103, vom g\u0103si vehiculul dvs. comercial perfect!<\/p>\n<h2><b>Vizualiza\u021bi diferitele op\u021biuni<\/b><\/h2>\n<p>Sunte\u021bi convins s\u0103 cump\u0103ra\u021bi un Citro\u00ebn Jumpy second-hand? Sau ave\u021bi nevoie de informa\u021bii suplimentare? Suntem preg\u0103ti\u021bi s\u0103 v\u0103 r\u0103spundem la toate \u00eentreb\u0103rile \u0219i s\u0103 v\u0103 ajut\u0103m s\u0103 face\u021bi alegerea corect\u0103. Contacta\u021bi-ne pentru mai multe detalii sau consulta\u021bi gama noastr\u0103 actual\u0103 pentru a v\u0103 g\u0103si vehiculul comercial ideal. Cump\u0103rarea unui Citro\u00ebn Jumpy nu a fost niciodat\u0103 mai u\u0219oar\u0103.<\/p>\n<\/div><\/section>","protected":false},"excerpt":{"rendered":"","protected":false},"author":3,"featured_media":0,"parent":372085,"menu_order":0,"comment_status":"closed","ping_status":"closed","template":"","meta":{"_acf_changed":false,"_improvement_type_select":"improve_an_existing","_thumb_yes_seoaic":false,"_frame_yes_seoaic":false,"seoaic_generate_description":"","seoaic_improve_instructions_prompt":"","seoaic_rollback_content_improvement":"","seoaic_idea_thumbnail_generator":"","thumbnail_generated":false,"thumbnail_generate_prompt":"","seoaic_article_description":"","footnotes":""},"class_list":["post-405902","page","type-page","status-publish","hentry"],"acf":[],"yoast_head":"<!-- This site is optimized with the Yoast SEO plugin v27.3 - https:\/\/yoast.com\/product\/yoast-seo-wordpress\/ -->\n<title>Bekijk de mogelijkheden en vind jouw Citro\u00ebn Jumpy occasion<\/title>\n<meta name=\"description\" content=\"Op zoek naar Citro\u00ebn Jumpy occasion? Bekijk dan het actuele aanbod van Van den Hurk. Samen vinden we jouw perfecte bedrijfswagen.\" \/>\n<meta name=\"robots\" content=\"index, follow, max-snippet:-1, max-image-preview:large, max-video-preview:-1\" \/>\n<link rel=\"canonical\" href=\"https:\/\/www.vdhurk.nl\/ro\/vehicule-comerciale-citroen\/mercedes-18\/\" \/>\n<meta property=\"og:locale\" content=\"ro_RO\" \/>\n<meta property=\"og:type\" content=\"article\" \/>\n<meta property=\"og:title\" content=\"Bekijk de mogelijkheden en vind jouw Citro\u00ebn Jumpy occasion\" \/>\n<meta property=\"og:description\" content=\"Op zoek naar Citro\u00ebn Jumpy occasion? Bekijk dan het actuele aanbod van Van den Hurk. Samen vinden we jouw perfecte bedrijfswagen.\" \/>\n<meta property=\"og:url\" content=\"https:\/\/www.vdhurk.nl\/ro\/vehicule-comerciale-citroen\/mercedes-18\/\" \/>\n<meta property=\"og:site_name\" content=\"Van den Hurk Bedrijfswagens\" \/>\n<meta name=\"twitter:card\" content=\"summary_large_image\" \/>\n<meta name=\"twitter:label1\" content=\"Timp estimat pentru citire\" \/>\n\t<meta name=\"twitter:data1\" content=\"5 minute\" \/>\n<script type=\"application\/ld+json\" class=\"yoast-schema-graph\">{\"@context\":\"https:\\\/\\\/schema.org\",\"@graph\":[{\"@type\":\"WebPage\",\"@id\":\"https:\\\/\\\/www.vdhurk.nl\\\/citroen-bedrijfswagens\\\/jumpy\\\/\",\"url\":\"https:\\\/\\\/www.vdhurk.nl\\\/citroen-bedrijfswagens\\\/jumpy\\\/\",\"name\":\"Bekijk de mogelijkheden en vind jouw Citro\u00ebn Jumpy occasion\",\"isPartOf\":{\"@id\":\"https:\\\/\\\/www.vdhurk.nl\\\/#website\"},\"datePublished\":\"2024-09-20T08:54:47+00:00\",\"description\":\"Op zoek naar Citro\u00ebn Jumpy occasion? Bekijk dan het actuele aanbod van Van den Hurk. Samen vinden we jouw perfecte bedrijfswagen.\",\"breadcrumb\":{\"@id\":\"https:\\\/\\\/www.vdhurk.nl\\\/citroen-bedrijfswagens\\\/jumpy\\\/#breadcrumb\"},\"inLanguage\":\"ro-RO\",\"potentialAction\":[{\"@type\":\"ReadAction\",\"target\":[\"https:\\\/\\\/www.vdhurk.nl\\\/citroen-bedrijfswagens\\\/jumpy\\\/\"]}]},{\"@type\":\"BreadcrumbList\",\"@id\":\"https:\\\/\\\/www.vdhurk.nl\\\/citroen-bedrijfswagens\\\/jumpy\\\/#breadcrumb\",\"itemListElement\":[{\"@type\":\"ListItem\",\"position\":1,\"name\":\"Home\",\"item\":\"https:\\\/\\\/www.vdhurk.nl\\\/home\\\/\"},{\"@type\":\"ListItem\",\"position\":2,\"name\":\"Citro\u00ebn Bedrijfswagens\",\"item\":\"https:\\\/\\\/www.vdhurk.nl\\\/citroen-bedrijfswagens\\\/\"},{\"@type\":\"ListItem\",\"position\":3,\"name\":\"Citro\u00ebn Jumpy\"}]},{\"@type\":\"WebSite\",\"@id\":\"https:\\\/\\\/www.vdhurk.nl\\\/#website\",\"url\":\"https:\\\/\\\/www.vdhurk.nl\\\/\",\"name\":\"Van den Hurk Bedrijfswagens\",\"description\":\"Van den Hurk bedrijfswagens Helmond\",\"potentialAction\":[{\"@type\":\"SearchAction\",\"target\":{\"@type\":\"EntryPoint\",\"urlTemplate\":\"https:\\\/\\\/www.vdhurk.nl\\\/?s={search_term_string}\"},\"query-input\":{\"@type\":\"PropertyValueSpecification\",\"valueRequired\":true,\"valueName\":\"search_term_string\"}}],\"inLanguage\":\"ro-RO\"}]}<\/script>\n<!-- \/ Yoast SEO plugin. -->","yoast_head_json":{"title":"Verific\u0103 op\u021biunile \u0219i g\u0103se\u0219te-\u021bi ma\u0219ina de ocazie Citro\u00ebn Jumpy","description":"C\u0103uta\u021bi o ocazie Citro\u00ebn Jumpy? Atunci arunca\u021bi o privire la oferta curent\u0103 a Van den Hurk. \u00cempreun\u0103 v\u0103 vom g\u0103si ma\u0219ina de companie perfect\u0103.","robots":{"index":"index","follow":"follow","max-snippet":"max-snippet:-1","max-image-preview":"max-image-preview:large","max-video-preview":"max-video-preview:-1"},"canonical":"https:\/\/www.vdhurk.nl\/ro\/vehicule-comerciale-citroen\/mercedes-18\/","og_locale":"ro_RO","og_type":"article","og_title":"Bekijk de mogelijkheden en vind jouw Citro\u00ebn Jumpy occasion","og_description":"Op zoek naar Citro\u00ebn Jumpy occasion? Bekijk dan het actuele aanbod van Van den Hurk. Samen vinden we jouw perfecte bedrijfswagen.","og_url":"https:\/\/www.vdhurk.nl\/ro\/vehicule-comerciale-citroen\/mercedes-18\/","og_site_name":"Van den Hurk Bedrijfswagens","twitter_card":"summary_large_image","twitter_misc":{"Timp estimat pentru citire":"5 minute"},"schema":{"@context":"https:\/\/schema.org","@graph":[{"@type":"WebPage","@id":"https:\/\/www.vdhurk.nl\/citroen-bedrijfswagens\/jumpy\/","url":"https:\/\/www.vdhurk.nl\/citroen-bedrijfswagens\/jumpy\/","name":"Verific\u0103 op\u021biunile \u0219i g\u0103se\u0219te-\u021bi ma\u0219ina de ocazie Citro\u00ebn Jumpy","isPartOf":{"@id":"https:\/\/www.vdhurk.nl\/#website"},"datePublished":"2024-09-20T08:54:47+00:00","description":"C\u0103uta\u021bi o ocazie Citro\u00ebn Jumpy? Atunci arunca\u021bi o privire la oferta curent\u0103 a Van den Hurk. \u00cempreun\u0103 v\u0103 vom g\u0103si ma\u0219ina de companie perfect\u0103.","breadcrumb":{"@id":"https:\/\/www.vdhurk.nl\/citroen-bedrijfswagens\/jumpy\/#breadcrumb"},"inLanguage":"ro-RO","potentialAction":[{"@type":"ReadAction","target":["https:\/\/www.vdhurk.nl\/citroen-bedrijfswagens\/jumpy\/"]}]},{"@type":"BreadcrumbList","@id":"https:\/\/www.vdhurk.nl\/citroen-bedrijfswagens\/jumpy\/#breadcrumb","itemListElement":[{"@type":"ListItem","position":1,"name":"Home","item":"https:\/\/www.vdhurk.nl\/home\/"},{"@type":"ListItem","position":2,"name":"Citro\u00ebn Bedrijfswagens","item":"https:\/\/www.vdhurk.nl\/citroen-bedrijfswagens\/"},{"@type":"ListItem","position":3,"name":"Citro\u00ebn Jumpy"}]},{"@type":"WebSite","@id":"https:\/\/www.vdhurk.nl\/#website","url":"https:\/\/www.vdhurk.nl\/","name":"Vehicule comerciale Van den Hurk","description":"Vehicule comerciale Van den Hurk Helmond","potentialAction":[{"@type":"SearchAction","target":{"@type":"EntryPoint","urlTemplate":"https:\/\/www.vdhurk.nl\/?s={search_term_string}"},"query-input":{"@type":"PropertyValueSpecification","valueRequired":true,"valueName":"search_term_string"}}],"inLanguage":"ro-RO"}]}},"_links":{"self":[{"href":"https:\/\/www.vdhurk.nl\/ro\/wp-json\/wp\/v2\/pages\/405902","targetHints":{"allow":["GET"]}}],"collection":[{"href":"https:\/\/www.vdhurk.nl\/ro\/wp-json\/wp\/v2\/pages"}],"about":[{"href":"https:\/\/www.vdhurk.nl\/ro\/wp-json\/wp\/v2\/types\/page"}],"author":[{"embeddable":true,"href":"https:\/\/www.vdhurk.nl\/ro\/wp-json\/wp\/v2\/users\/3"}],"replies":[{"embeddable":true,"href":"https:\/\/www.vdhurk.nl\/ro\/wp-json\/wp\/v2\/comments?post=405902"}],"version-history":[{"count":1,"href":"https:\/\/www.vdhurk.nl\/ro\/wp-json\/wp\/v2\/pages\/405902\/revisions"}],"predecessor-version":[{"id":405920,"href":"https:\/\/www.vdhurk.nl\/ro\/wp-json\/wp\/v2\/pages\/405902\/revisions\/405920"}],"up":[{"embeddable":true,"href":"https:\/\/www.vdhurk.nl\/ro\/wp-json\/wp\/v2\/pages\/372085"}],"wp:attachment":[{"href":"https:\/\/www.vdhurk.nl\/ro\/wp-json\/wp\/v2\/media?parent=405902"}],"curies":[{"name":"wp","href":"https:\/\/api.w.org\/{rel}","templated":true}]}}