{"id":402273,"date":"2024-09-05T10:59:46","date_gmt":"2024-09-05T08:59:46","guid":{"rendered":"https:\/\/www.vdhurk.nl\/?page_id=402273"},"modified":"2024-09-05T10:59:46","modified_gmt":"2024-09-05T08:59:46","slug":"mercedes-23","status":"publish","type":"page","link":"https:\/\/www.vdhurk.nl\/ro\/fiat-bedrijfswagens\/fiorino\/","title":{"rendered":"Fiat Fiorino"},"content":{"rendered":"<section  class='av_textblock_section av-lu8gnh7d-4ac895489941e586c1d7c8cb72318135'  itemscope=\"itemscope\" itemtype=\"https:\/\/schema.org\/CreativeWork\" ><div class='avia_textblock'  itemprop=\"text\" ><h1>G\u0103si\u021bi Fiat Fiorino<\/h1>\n<p>Fiat Fiorino occasion este un vehicul comercial accesibil \u0219i versatil \u00een clasa sa. Combin\u00e2nd func\u021bionalitatea cu stilul, acest model ofer\u0103 o solu\u021bie fiabil\u0103 pentru o varietate de nevoi de afaceri. Datorit\u0103 dimensiunilor sale compacte, acest vehicul comercial se deplaseaz\u0103 f\u0103r\u0103 efort prin trafic \u0219i parcheaz\u0103 u\u0219or \u00een spa\u021bii \u00eenguste. Acest lucru face ca Fiat Fiorino s\u0103 fie popular \u00een r\u00e2ndul \u00eentreprinderilor.<\/p>\n<\/div><\/section>\n\n<style type=\"text\/css\" data-created_by=\"avia_inline_auto\" id=\"style-css-av-lujjddpd-afa3d7a9eabd61123e643ed1228e781e\">\n#top .hr.hr-invisible.av-lujjddpd-afa3d7a9eabd61123e643ed1228e781e{\nheight:50px;\n}\n<\/style>\n<div  class='hr av-lujjddpd-afa3d7a9eabd61123e643ed1228e781e hr-invisible  avia-builder-el-1  el_after_av_textblock  el_before_av_codeblock'><span class='hr-inner'><span class=\"hr-inner-style\"><\/span><\/span><\/div>\n\n\n<style type=\"text\/css\" data-created_by=\"avia_inline_auto\" id=\"style-css-av-ah0xd-63338d9dc6b40410e22a712829c369d6\">\n#top .hr.hr-invisible.av-ah0xd-63338d9dc6b40410e22a712829c369d6{\nheight:50px;\n}\n<\/style>\n<div  class='hr av-ah0xd-63338d9dc6b40410e22a712829c369d6 hr-invisible  avia-builder-el-3  el_after_av_codeblock  el_before_av_textblock'><span class='hr-inner'><span class=\"hr-inner-style\"><\/span><\/span><\/div>\n<section  class='av_textblock_section av-lu8gow1e-300853e458ed741bd87d6cb78e55cc7a'  itemscope=\"itemscope\" itemtype=\"https:\/\/schema.org\/CreativeWork\" ><div class='avia_textblock'  itemprop=\"text\" ><h2>Avantajele Fiat Fiorino<\/h2>\n<p>Acest vehicul comercial are multe avantaje, inclusiv manevrabilitatea sa excelent\u0103. Datorit\u0103 dimensiunilor sale compacte, acest vehicul comercial este ideal pentru traficul urban: se conduce cu u\u0219urin\u021b\u0103 pe str\u0103zi \u00eenguste \u0219i \u00een situa\u021bii de trafic aglomerat. \u00cen ciuda dimensiunilor sale modeste, Fiorino ofer\u0103 o sarcin\u0103 util\u0103 impresionant\u0103, ceea ce face ca transportul de m\u0103rfuri s\u0103 nu fie deloc o problem\u0103. \u00cen plus, motoarele sale eficiente din punct de vedere al consumului de combustibil asigur\u0103 costuri de exploatare reduse, f\u0103c\u00e2nd din acest model o alegere rentabil\u0103 pentru companiile care doresc s\u0103 \u00ee\u0219i minimizeze cheltuielile. Cu o reputa\u021bie solid\u0103 pentru fiabilitate, <a href=\"https:\/\/www.vdhurk.nl\/ro\/vehicule-comerciale-fiat\/\">Fiat<\/a> s-a asigurat c\u0103 Fiorino este proiectat pentru o utilizare intensiv\u0103 \u0219i pe termen lung. \u00cen plus, acest vehicul este disponibil \u00een diferite versiuni \u0219i poate fi u\u0219or adaptat la nevoile specifice ale \u00eentreprinderii.<\/p>\n<\/div><\/section>\n<div class='flex_column av-f64w1-da126f42b61613402309283c14245a25 av_one_half  avia-builder-el-5  el_after_av_textblock  el_before_av_one_third  first flex_column_div column-top-margin'   ><section  class='av_textblock_section av-lu8gpqre-73cc2c17e6a6497ba6e1b58af22bd9e8'  itemscope=\"itemscope\" itemtype=\"https:\/\/schema.org\/CreativeWork\" ><div class='avia_textblock'  itemprop=\"text\" ><h2>Specifica\u021bii<\/h2>\n<p>Fiat Fiorino are mai multe specifica\u021bii care \u00eel fac o alegere popular\u0103 \u00een r\u00e2ndul \u00eentreprinderilor \u0219i organiza\u021biilor. Acest model ofer\u0103 o capacitate de \u00eenc\u0103rcare impresionant\u0103 de p\u00e2n\u0103 la 610 kilograme, care este ideal\u0103 pentru transportul de bunuri. Interiorul func\u021bional combin\u0103 u\u0219urin\u021ba de utilizare cu op\u021biuni inteligente de depozitare. Siguran\u021ba este \u00eentotdeauna pe primul loc; prin urmare, Fiorino dispune de o gam\u0103 larg\u0103 de caracteristici de siguran\u021b\u0103 standard \u0219i op\u021bionale pentru o protec\u021bie optim\u0103. \u00cen plus, sunt disponibile tehnologii moderne precum un sistem de infotainment \u0219i op\u021biuni de conectivitate, ceea ce face ca vehiculul s\u0103 fie nu numai practic, ci \u0219i preg\u0103tit pentru viitor.<\/p>\n<\/div><\/section><\/div><div class='flex_column av-aldk9-ee694297f5c4032981677a02caab84d6 av_one_third  avia-builder-el-7  el_after_av_one_half  el_before_av_hr  flex_column_div column-top-margin'   ><style type=\"text\/css\" data-created_by=\"avia_inline_auto\" id=\"style-css-av-l1w9kpsf-4ec3fab772ec7a9adaa33cfc64ff0475\">\n.avia-image-container.av-l1w9kpsf-4ec3fab772ec7a9adaa33cfc64ff0475 .av-image-caption-overlay-center{\ncolor:#ffffff;\n}\n<\/style>\n<div  class='avia-image-container av-l1w9kpsf-4ec3fab772ec7a9adaa33cfc64ff0475 av-styling- avia-align-center  avia-builder-el-8  avia-builder-el-no-sibling'  itemprop=\"image\" itemscope=\"itemscope\" itemtype=\"https:\/\/schema.org\/ImageObject\" ><div class=\"avia-image-container-inner\"><div class=\"avia-image-overlay-wrap\"><img decoding=\"async\" class='wp-image-187 avia-img-lazy-loading-not-187 avia_image' src=\"https:\/\/www.vdhurk.nl\/wp-content\/uploads\/2022\/03\/Voorrad.png\" alt='' title='Stoc'  height=\"758\" width=\"1135\"  itemprop=\"thumbnailUrl\" srcset=\"https:\/\/www.vdhurk.nl\/wp-content\/uploads\/2022\/03\/Voorrad.png 1135w, https:\/\/www.vdhurk.nl\/wp-content\/uploads\/2022\/03\/Voorrad-300x200.png 300w, https:\/\/www.vdhurk.nl\/wp-content\/uploads\/2022\/03\/Voorrad-1030x688.png 1030w, https:\/\/www.vdhurk.nl\/wp-content\/uploads\/2022\/03\/Voorrad-768x513.png 768w, https:\/\/www.vdhurk.nl\/wp-content\/uploads\/2022\/03\/Voorrad-18x12.png 18w, https:\/\/www.vdhurk.nl\/wp-content\/uploads\/2022\/03\/Voorrad-705x471.png 705w\" sizes=\"(max-width: 1135px) 100vw, 1135px\" \/><\/div><\/div><\/div><\/div><\/p>\n\n<style type=\"text\/css\" data-created_by=\"avia_inline_auto\" id=\"style-css-av-luqrjpjc-5a23a1fb5f94718ca85316a9df963e2f\">\n#top .hr.hr-invisible.av-luqrjpjc-5a23a1fb5f94718ca85316a9df963e2f{\nheight:50px;\n}\n<\/style>\n<div  class='hr av-luqrjpjc-5a23a1fb5f94718ca85316a9df963e2f hr-invisible  avia-builder-el-9  el_after_av_one_third  el_before_av_textblock'><span class='hr-inner'><span class=\"hr-inner-style\"><\/span><\/span><\/div>\n<section  class='av_textblock_section av-lu8gtjw7-4f3cee9304909518d86d2860d9d582dd'  itemscope=\"itemscope\" itemtype=\"https:\/\/schema.org\/CreativeWork\" ><div class='avia_textblock'  itemprop=\"text\" ><h2>Cumpararea unui Fiat Fiorino: care sunt preturile?<\/h2>\n<p>Pre\u021burile variaz\u0103 deoarece avem \u00een gama noastr\u0103 at\u00e2t modele Fiat Fiorino noi, c\u00e2t \u0219i second-hand. \u00cen mod firesc, pre\u021bul unui model nou este mai mare dec\u00e2t al unuia second-hand. \u00cen plus, \u0219i al\u021bi factori joac\u0103 un rol \u00een pre\u021b, cum ar fi versiunea \u0219i starea vehiculului. Gama noastr\u0103 este variabil\u0103, astfel \u00eenc\u00e2t pre\u021burile depind de ceea ce este disponibil la momentul respectiv. De\u0219i este dificil s\u0103 oferim un pre\u021b exact, pute\u021bi conta de obicei pe 10.000 \u20ac p\u00e2n\u0103 la 15.000 \u20ac pentru un Fiat Fiorino second-hand, \u00een timp ce un model nou \u00eencepe \u00een jurul valorii de 20.000 \u20ac. A\u0219adar, verifica\u021bi regulat oferta noastr\u0103 pentru cea mai bun\u0103 afacere!<\/p>\n<h2>Leasingul unui Fiat Fiorino<\/h2>\n<p>Pe l\u00e2ng\u0103 op\u021biunea de a cump\u0103ra direct un vehicul comercial, pute\u021bi opta \u0219i pentru <a href=\"https:\/\/www.vdhurk.nl\/ro\/leasing-financiar\/\">leasing financiar<\/a>. Cu aceast\u0103 op\u021biune, nu trebuie s\u0103 depune\u021bi o sum\u0103 mare de bani dintr-o dat\u0103. \u00cen schimb, pl\u0103ti\u021bi vehiculul \u00een rate lunare \u0219i acesta devine treptat proprietatea dumneavoastr\u0103. Acest lucru \u00eenseamn\u0103 c\u0103 pl\u0103ti\u021bi o sum\u0103 fix\u0103 \u00een fiecare lun\u0103, ceea ce v\u0103 face planificarea financiar\u0103 mai u\u0219oar\u0103 \u0219i mai flexibil\u0103. La sf\u00e2r\u0219itul perioadei de leasing, sunte\u021bi proprietarul deplin al vehiculului, f\u0103r\u0103 a fi nevoie s\u0103 face\u021bi o investi\u021bie mare \u00een avans.<\/p>\n<h2>Vezi oferta<\/h2>\n<p>Dori\u021bi s\u0103 cump\u0103ra\u021bi un Fiat Fiorino ocazie? Atunci verifica\u021bi oferta curent\u0103 a Van den Hurk. Ma\u0219ina dvs. de companie perfect\u0103 nu este listat\u0103? Nu v\u0103 face\u021bi griji! \u00cenregistra\u021bi-v\u0103 pentru <a href=\"https:\/\/www.vdhurk.nl\/ro\/alerta-de-stoc\/\">alert\u0103 de stoc<\/a>. \u00cen plus, ave\u021bi \u00eentotdeauna op\u021biunea de a ne contacta. Vom fi bucuro\u0219i s\u0103 v\u0103 spunem mai multe, astfel \u00eenc\u00e2t s\u0103 pute\u021bi face o alegere \u00een cuno\u0219tin\u021b\u0103 de cauz\u0103.<\/p>\n<\/div><\/section>","protected":false},"excerpt":{"rendered":"","protected":false},"author":3,"featured_media":0,"parent":372075,"menu_order":0,"comment_status":"closed","ping_status":"closed","template":"","meta":{"_acf_changed":false,"_improvement_type_select":"improve_an_existing","_thumb_yes_seoaic":false,"_frame_yes_seoaic":false,"seoaic_generate_description":"","seoaic_improve_instructions_prompt":"","seoaic_rollback_content_improvement":"","seoaic_idea_thumbnail_generator":"","thumbnail_generated":false,"thumbnail_generate_prompt":"","seoaic_article_description":"","footnotes":""},"class_list":["post-402273","page","type-page","status-publish","hentry"],"acf":[],"yoast_head":"<!-- This site is optimized with the Yoast SEO plugin v27.5 - https:\/\/yoast.com\/product\/yoast-seo-wordpress\/ -->\n<title>Koop een Fiat Fiorino occasion tegenover scherpe prijzen<\/title>\n<meta name=\"description\" content=\"Vind jouw Fiat Fiorino occasion binnen ons uitgebreide assortiment. Ontdek de voordelen en specificaties van dit model en kies voor service en kwaliteit.\" \/>\n<meta name=\"robots\" content=\"index, follow, max-snippet:-1, max-image-preview:large, max-video-preview:-1\" \/>\n<link rel=\"canonical\" href=\"https:\/\/www.vdhurk.nl\/ro\/vehicule-comerciale-fiat\/mercedes-23\/\" \/>\n<meta property=\"og:locale\" content=\"ro_RO\" \/>\n<meta property=\"og:type\" content=\"article\" \/>\n<meta property=\"og:title\" content=\"Koop een Fiat Fiorino occasion tegenover scherpe prijzen\" \/>\n<meta property=\"og:description\" content=\"Vind jouw Fiat Fiorino occasion binnen ons uitgebreide assortiment. Ontdek de voordelen en specificaties van dit model en kies voor service en kwaliteit.\" \/>\n<meta property=\"og:url\" content=\"https:\/\/www.vdhurk.nl\/ro\/vehicule-comerciale-fiat\/mercedes-23\/\" \/>\n<meta property=\"og:site_name\" content=\"Van den Hurk Bedrijfswagens\" \/>\n<meta name=\"twitter:card\" content=\"summary_large_image\" \/>\n<meta name=\"twitter:label1\" content=\"Timp estimat pentru citire\" \/>\n\t<meta name=\"twitter:data1\" content=\"5 minute\" \/>\n<script type=\"application\/ld+json\" class=\"yoast-schema-graph\">{\"@context\":\"https:\\\/\\\/schema.org\",\"@graph\":[{\"@type\":\"WebPage\",\"@id\":\"https:\\\/\\\/www.vdhurk.nl\\\/fiat-bedrijfswagens\\\/fiorino\\\/\",\"url\":\"https:\\\/\\\/www.vdhurk.nl\\\/fiat-bedrijfswagens\\\/fiorino\\\/\",\"name\":\"Koop een Fiat Fiorino occasion tegenover scherpe prijzen\",\"isPartOf\":{\"@id\":\"https:\\\/\\\/www.vdhurk.nl\\\/#website\"},\"datePublished\":\"2024-09-05T08:59:46+00:00\",\"description\":\"Vind jouw Fiat Fiorino occasion binnen ons uitgebreide assortiment. Ontdek de voordelen en specificaties van dit model en kies voor service en kwaliteit.\",\"breadcrumb\":{\"@id\":\"https:\\\/\\\/www.vdhurk.nl\\\/fiat-bedrijfswagens\\\/fiorino\\\/#breadcrumb\"},\"inLanguage\":\"ro-RO\",\"potentialAction\":[{\"@type\":\"ReadAction\",\"target\":[\"https:\\\/\\\/www.vdhurk.nl\\\/fiat-bedrijfswagens\\\/fiorino\\\/\"]}]},{\"@type\":\"BreadcrumbList\",\"@id\":\"https:\\\/\\\/www.vdhurk.nl\\\/fiat-bedrijfswagens\\\/fiorino\\\/#breadcrumb\",\"itemListElement\":[{\"@type\":\"ListItem\",\"position\":1,\"name\":\"Home\",\"item\":\"https:\\\/\\\/www.vdhurk.nl\\\/home\\\/\"},{\"@type\":\"ListItem\",\"position\":2,\"name\":\"Fiat Bedrijfswagens\",\"item\":\"https:\\\/\\\/www.vdhurk.nl\\\/fiat-bedrijfswagens\\\/\"},{\"@type\":\"ListItem\",\"position\":3,\"name\":\"Fiat Fiorino\"}]},{\"@type\":\"WebSite\",\"@id\":\"https:\\\/\\\/www.vdhurk.nl\\\/#website\",\"url\":\"https:\\\/\\\/www.vdhurk.nl\\\/\",\"name\":\"Van den Hurk Bedrijfswagens\",\"description\":\"Van den Hurk bedrijfswagens Helmond\",\"potentialAction\":[{\"@type\":\"SearchAction\",\"target\":{\"@type\":\"EntryPoint\",\"urlTemplate\":\"https:\\\/\\\/www.vdhurk.nl\\\/?s={search_term_string}\"},\"query-input\":{\"@type\":\"PropertyValueSpecification\",\"valueRequired\":true,\"valueName\":\"search_term_string\"}}],\"inLanguage\":\"ro-RO\"}]}<\/script>\n<!-- \/ Yoast SEO plugin. -->","yoast_head_json":{"title":"Cump\u0103ra\u021bi un Fiat Fiorino ocazie la pre\u021buri competitive","description":"G\u0103si\u021bi ocazia dumneavoastr\u0103 Fiat Fiorino \u00een gama noastr\u0103 extins\u0103. Descoperi\u021bi avantajele \u0219i specifica\u021biile acestui model \u0219i alege\u021bi servicii \u0219i calitate.","robots":{"index":"index","follow":"follow","max-snippet":"max-snippet:-1","max-image-preview":"max-image-preview:large","max-video-preview":"max-video-preview:-1"},"canonical":"https:\/\/www.vdhurk.nl\/ro\/vehicule-comerciale-fiat\/mercedes-23\/","og_locale":"ro_RO","og_type":"article","og_title":"Koop een Fiat Fiorino occasion tegenover scherpe prijzen","og_description":"Vind jouw Fiat Fiorino occasion binnen ons uitgebreide assortiment. Ontdek de voordelen en specificaties van dit model en kies voor service en kwaliteit.","og_url":"https:\/\/www.vdhurk.nl\/ro\/vehicule-comerciale-fiat\/mercedes-23\/","og_site_name":"Van den Hurk Bedrijfswagens","twitter_card":"summary_large_image","twitter_misc":{"Timp estimat pentru citire":"5 minute"},"schema":{"@context":"https:\/\/schema.org","@graph":[{"@type":"WebPage","@id":"https:\/\/www.vdhurk.nl\/fiat-bedrijfswagens\/fiorino\/","url":"https:\/\/www.vdhurk.nl\/fiat-bedrijfswagens\/fiorino\/","name":"Cump\u0103ra\u021bi un Fiat Fiorino ocazie la pre\u021buri competitive","isPartOf":{"@id":"https:\/\/www.vdhurk.nl\/#website"},"datePublished":"2024-09-05T08:59:46+00:00","description":"G\u0103si\u021bi ocazia dumneavoastr\u0103 Fiat Fiorino \u00een gama noastr\u0103 extins\u0103. Descoperi\u021bi avantajele \u0219i specifica\u021biile acestui model \u0219i alege\u021bi servicii \u0219i calitate.","breadcrumb":{"@id":"https:\/\/www.vdhurk.nl\/fiat-bedrijfswagens\/fiorino\/#breadcrumb"},"inLanguage":"ro-RO","potentialAction":[{"@type":"ReadAction","target":["https:\/\/www.vdhurk.nl\/fiat-bedrijfswagens\/fiorino\/"]}]},{"@type":"BreadcrumbList","@id":"https:\/\/www.vdhurk.nl\/fiat-bedrijfswagens\/fiorino\/#breadcrumb","itemListElement":[{"@type":"ListItem","position":1,"name":"Home","item":"https:\/\/www.vdhurk.nl\/home\/"},{"@type":"ListItem","position":2,"name":"Fiat Bedrijfswagens","item":"https:\/\/www.vdhurk.nl\/fiat-bedrijfswagens\/"},{"@type":"ListItem","position":3,"name":"Fiat Fiorino"}]},{"@type":"WebSite","@id":"https:\/\/www.vdhurk.nl\/#website","url":"https:\/\/www.vdhurk.nl\/","name":"Vehicule comerciale Van den Hurk","description":"Vehicule comerciale Van den Hurk Helmond","potentialAction":[{"@type":"SearchAction","target":{"@type":"EntryPoint","urlTemplate":"https:\/\/www.vdhurk.nl\/?s={search_term_string}"},"query-input":{"@type":"PropertyValueSpecification","valueRequired":true,"valueName":"search_term_string"}}],"inLanguage":"ro-RO"}]}},"_links":{"self":[{"href":"https:\/\/www.vdhurk.nl\/ro\/wp-json\/wp\/v2\/pages\/402273","targetHints":{"allow":["GET"]}}],"collection":[{"href":"https:\/\/www.vdhurk.nl\/ro\/wp-json\/wp\/v2\/pages"}],"about":[{"href":"https:\/\/www.vdhurk.nl\/ro\/wp-json\/wp\/v2\/types\/page"}],"author":[{"embeddable":true,"href":"https:\/\/www.vdhurk.nl\/ro\/wp-json\/wp\/v2\/users\/3"}],"replies":[{"embeddable":true,"href":"https:\/\/www.vdhurk.nl\/ro\/wp-json\/wp\/v2\/comments?post=402273"}],"version-history":[{"count":1,"href":"https:\/\/www.vdhurk.nl\/ro\/wp-json\/wp\/v2\/pages\/402273\/revisions"}],"predecessor-version":[{"id":402274,"href":"https:\/\/www.vdhurk.nl\/ro\/wp-json\/wp\/v2\/pages\/402273\/revisions\/402274"}],"up":[{"embeddable":true,"href":"https:\/\/www.vdhurk.nl\/ro\/wp-json\/wp\/v2\/pages\/372075"}],"wp:attachment":[{"href":"https:\/\/www.vdhurk.nl\/ro\/wp-json\/wp\/v2\/media?parent=402273"}],"curies":[{"name":"wp","href":"https:\/\/api.w.org\/{rel}","templated":true}]}}