{"id":402271,"date":"2024-09-05T10:51:30","date_gmt":"2024-09-05T08:51:30","guid":{"rendered":"https:\/\/www.vdhurk.nl\/?page_id=402271"},"modified":"2024-09-05T10:51:30","modified_gmt":"2024-09-05T08:51:30","slug":"mercedes-17","status":"publish","type":"page","link":"https:\/\/www.vdhurk.nl\/ro\/fiat-bedrijfswagens\/ducato\/","title":{"rendered":"Fiat Ducato"},"content":{"rendered":"<section  class='av_textblock_section av-lu8gnh7d-4ac895489941e586c1d7c8cb72318135'  itemscope=\"itemscope\" itemtype=\"https:\/\/schema.org\/CreativeWork\" ><div class='avia_textblock'  itemprop=\"text\" ><h1>Cumperi o ocazie Fiat Ducato?<\/h1>\n<p>C\u0103uta\u021bi vehiculul comercial ideal pentru afacerea dumneavoastr\u0103? Atunci un Fiat Ducato occasion este alegerea perfect\u0103. Fiat Ducato occasion este o alegere popular\u0103 printre utilizatorii de afaceri din mai multe motive. Afla\u021bi tot ce trebuie s\u0103 \u0219ti\u021bi aici \u0219i decide\u021bi dac\u0103 Ducato este potrivit pentru nevoile dvs. de afaceri.<\/p>\n<\/div><\/section>\n\n<style type=\"text\/css\" data-created_by=\"avia_inline_auto\" id=\"style-css-av-lujjddpd-afa3d7a9eabd61123e643ed1228e781e\">\n#top .hr.hr-invisible.av-lujjddpd-afa3d7a9eabd61123e643ed1228e781e{\nheight:50px;\n}\n<\/style>\n<div  class='hr av-lujjddpd-afa3d7a9eabd61123e643ed1228e781e hr-invisible  avia-builder-el-1  el_after_av_textblock  el_before_av_codeblock'><span class='hr-inner'><span class=\"hr-inner-style\"><\/span><\/span><\/div>\n\n\n<style type=\"text\/css\" data-created_by=\"avia_inline_auto\" id=\"style-css-av-5op6opf-b2213bc341fb70d5a9a643132d6a8789\">\n#top .hr.hr-invisible.av-5op6opf-b2213bc341fb70d5a9a643132d6a8789{\nheight:50px;\n}\n<\/style>\n<div  class='hr av-5op6opf-b2213bc341fb70d5a9a643132d6a8789 hr-invisible  avia-builder-el-3  el_after_av_codeblock  el_before_av_textblock'><span class='hr-inner'><span class=\"hr-inner-style\"><\/span><\/span><\/div>\n<section  class='av_textblock_section av-lu8gow1e-300853e458ed741bd87d6cb78e55cc7a'  itemscope=\"itemscope\" itemtype=\"https:\/\/schema.org\/CreativeWork\" ><div class='avia_textblock'  itemprop=\"text\" ><h2>Specifica\u021biile modelului Fiat Ducato<\/h2>\n<p>Marca <a href=\"https:\/\/www.vdhurk.nl\/ro\/vehicule-comerciale-fiat\/\">Fiat<\/a> ofer\u0103 o gam\u0103 larg\u0103 de vehicule comerciale, iar Fiat Ducato este unul dintre cele mai apreciate modele din gama lor. Furgoneta este cunoscut\u0103 pentru fiabilitatea, versatilitatea \u0219i accesibilitatea sa. Acest lucru o face deosebit de popular\u0103 at\u00e2t \u00een r\u00e2ndul comercian\u021bilor individuali, c\u00e2t \u0219i al \u00eentreprinderilor. Cu un motor puternic \u0219i un interior spa\u021bios \u0219i flexibil, acest model este excelent pentru aplica\u021bii de afaceri. Fie c\u0103 transporta\u021bi persoane sau provizii, Ducato se adapteaz\u0103 f\u0103r\u0103 efort la nevoile dumneavoastr\u0103. \u00cen plus, modelul este disponibil \u00een mai multe op\u021biuni de echipare, astfel \u00eenc\u00e2t ve\u021bi g\u0103si \u00eentotdeauna ceva care s\u0103 se potriveasc\u0103 cerin\u021belor dumneavoastr\u0103.<\/p>\n<\/div><\/section>\n<div class='flex_column av-f64w1-da126f42b61613402309283c14245a25 av_one_half  avia-builder-el-5  el_after_av_textblock  el_before_av_one_third  first flex_column_div column-top-margin'   ><section  class='av_textblock_section av-lu8gpqre-73cc2c17e6a6497ba6e1b58af22bd9e8'  itemscope=\"itemscope\" itemtype=\"https:\/\/schema.org\/CreativeWork\" ><div class='avia_textblock'  itemprop=\"text\" ><h2>Ce avantaje aduce acest model?<\/h2>\n<p>Fiat Ducato ofer\u0103 numeroase avantaje care \u00eel diferen\u021biaz\u0103 de alte vehicule comerciale. Unul dintre cele mai impresionante avantaje este sarcina sa util\u0103 efectiv\u0103. Acest lucru face ca Ducato s\u0103 fie foarte potrivit pentru \u00eenc\u0103rc\u0103turi grele. \u00cen plus, designul acestui van se concentreaz\u0103 pe u\u0219urin\u021ba \u00een utilizare. De fapt, aceste vehicule dispun de \u00eenc\u0103rcare \u0219i desc\u0103rcare u\u0219oar\u0103 datorit\u0103 u\u0219ilor spate late \u0219i pragului de \u00eenc\u0103rcare redus. \u00cen plus, aceste vehicule comerciale sunt echipate cu o gam\u0103 larg\u0103 de caracteristici, cum ar fi diverse sisteme de asisten\u021b\u0103 la condus \u0219i, desigur, caracteristici de siguran\u021b\u0103. Acest lucru le ofer\u0103 \u0219oferilor posibilitatea de a adapta vehiculul la nevoile lor specifice. Ducato se asigur\u0103 c\u0103 at\u00e2t confortul, c\u00e2t \u0219i siguran\u021ba sunt garantate \u00een timpul fiec\u0103rei c\u0103l\u0103torii.<\/p>\n<\/div><\/section><\/div><div class='flex_column av-aldk9-ee694297f5c4032981677a02caab84d6 av_one_third  avia-builder-el-7  el_after_av_one_half  el_before_av_hr  flex_column_div column-top-margin'   ><style type=\"text\/css\" data-created_by=\"avia_inline_auto\" id=\"style-css-av-l1w9kpsf-4ec3fab772ec7a9adaa33cfc64ff0475\">\n.avia-image-container.av-l1w9kpsf-4ec3fab772ec7a9adaa33cfc64ff0475 .av-image-caption-overlay-center{\ncolor:#ffffff;\n}\n<\/style>\n<div  class='avia-image-container av-l1w9kpsf-4ec3fab772ec7a9adaa33cfc64ff0475 av-styling- avia-align-center  avia-builder-el-8  avia-builder-el-no-sibling'  itemprop=\"image\" itemscope=\"itemscope\" itemtype=\"https:\/\/schema.org\/ImageObject\" ><div class=\"avia-image-container-inner\"><div class=\"avia-image-overlay-wrap\"><img decoding=\"async\" class='wp-image-187 avia-img-lazy-loading-not-187 avia_image' src=\"https:\/\/www.vdhurk.nl\/wp-content\/uploads\/2022\/03\/Voorrad.png\" alt='' title='Stoc'  height=\"758\" width=\"1135\"  itemprop=\"thumbnailUrl\" srcset=\"https:\/\/www.vdhurk.nl\/wp-content\/uploads\/2022\/03\/Voorrad.png 1135w, https:\/\/www.vdhurk.nl\/wp-content\/uploads\/2022\/03\/Voorrad-300x200.png 300w, https:\/\/www.vdhurk.nl\/wp-content\/uploads\/2022\/03\/Voorrad-1030x688.png 1030w, https:\/\/www.vdhurk.nl\/wp-content\/uploads\/2022\/03\/Voorrad-768x513.png 768w, https:\/\/www.vdhurk.nl\/wp-content\/uploads\/2022\/03\/Voorrad-18x12.png 18w, https:\/\/www.vdhurk.nl\/wp-content\/uploads\/2022\/03\/Voorrad-705x471.png 705w\" sizes=\"(max-width: 1135px) 100vw, 1135px\" \/><\/div><\/div><\/div><\/div><\/p>\n\n<style type=\"text\/css\" data-created_by=\"avia_inline_auto\" id=\"style-css-av-luqrjpjc-5a23a1fb5f94718ca85316a9df963e2f\">\n#top .hr.hr-invisible.av-luqrjpjc-5a23a1fb5f94718ca85316a9df963e2f{\nheight:50px;\n}\n<\/style>\n<div  class='hr av-luqrjpjc-5a23a1fb5f94718ca85316a9df963e2f hr-invisible  avia-builder-el-9  el_after_av_one_third  el_before_av_textblock'><span class='hr-inner'><span class=\"hr-inner-style\"><\/span><\/span><\/div>\n<section  class='av_textblock_section av-lu8gtjw7-4f3cee9304909518d86d2860d9d582dd'  itemscope=\"itemscope\" itemtype=\"https:\/\/schema.org\/CreativeWork\" ><div class='avia_textblock'  itemprop=\"text\" ><h2>C\u00e2t pl\u0103ti\u021bi pentru un Fiat Ducato?<\/h2>\n<p>Pre\u021burile vehiculelor comerciale variaz\u0103, ceea ce nu este surprinz\u0103tor. De fapt, gama variaz\u0103 enorm, de la modele Fiat Ducato simple la versiuni complet echipate. Fie c\u0103 sunte\u021bi \u00een c\u0103utarea unui vehicul nou sau a unuia folosit, exist\u0103 ceva pentru fiecare buget.<\/p>\n<h2>Cump\u0103ra\u021bi Fiat Ducato folosit sau nou?<\/h2>\n<p>A\u021bi prefera s\u0103 cump\u0103ra\u021bi un Fiat Ducato folosit sau nou? Ambele op\u021biuni sunt posibile la Van den Hurk. Care este cea mai bun\u0103 op\u021biune pentru tine depinde de situa\u021bia ta. Lua\u021bi \u00een considerare ambele op\u021biuni \u0219i vede\u021bi care dintre ele se potrive\u0219te cel mai bine obiectivelor dvs. de afaceri \u0219i bugetului dvs.Nu a\u021bi ajuns \u00eenc\u0103 acolo? La Van den Hurk, suntem preg\u0103ti\u021bi s\u0103 v\u0103 ajut\u0103m pe baza unei consultan\u021be personalizate. Cump\u0103rarea unui Fiat Ducato nu a fost niciodat\u0103 mai u\u0219oar\u0103.<\/p>\n<h2>Leasingul unui Fiat Ducato<\/h2>\n<p>\u00cen plus fa\u021b\u0103 de op\u021biunea de a achizi\u021biona un vehicul comercial direct, pute\u021bi opta \u0219i pentru <a href=\"https:\/\/www.vdhurk.nl\/ro\/leasing-financiar\/\">leasing financiar<\/a>. Cu aceast\u0103 op\u021biune, nu trebuie s\u0103 pl\u0103ti\u021bi o sum\u0103 mare dintr-o singur\u0103 dat\u0103. \u00cen schimb, pl\u0103ti\u021bi vehiculul \u00een rate \u0219i acesta devine treptat proprietatea dumneavoastr\u0103. Acest lucru \u00eenseamn\u0103 c\u0103 pl\u0103ti\u021bi o sum\u0103 fix\u0103 \u00een fiecare lun\u0103, oferind previzibilitate \u0219i flexibilitate financiar\u0103. La sf\u00e2r\u0219itul contractului de leasing, ve\u021bi fi proprietarul deplin al vehiculului, f\u0103r\u0103 a fi nevoit s\u0103 face\u021bi investi\u021bii majore \u00een avans.<\/p>\n<h2>G\u0103si\u021bi ma\u0219ina de serviciu care se potrive\u0219te afacerii dvs.<\/h2>\n<p>Dori\u021bi s\u0103 cump\u0103ra\u021bi un Fiat Ducato sau s\u0103 afla\u021bi mai multe despre ce se potrive\u0219te nevoilor dvs. de afaceri? Vom fi bucuro\u0219i s\u0103 v\u0103 ajut\u0103m s\u0103 face\u021bi alegerea potrivit\u0103. Vizualiza\u021bi oferta noastr\u0103 curent\u0103 sau pur \u0219i simplu contacta\u021bi-ne.<\/p>\n<\/div><\/section>","protected":false},"excerpt":{"rendered":"","protected":false},"author":3,"featured_media":0,"parent":372075,"menu_order":0,"comment_status":"closed","ping_status":"closed","template":"","meta":{"_acf_changed":false,"_improvement_type_select":"improve_an_existing","_thumb_yes_seoaic":false,"_frame_yes_seoaic":false,"seoaic_generate_description":"","seoaic_improve_instructions_prompt":"","seoaic_rollback_content_improvement":"","seoaic_idea_thumbnail_generator":"","thumbnail_generated":false,"thumbnail_generate_prompt":"","seoaic_article_description":"","footnotes":""},"class_list":["post-402271","page","type-page","status-publish","hentry"],"acf":[],"yoast_head":"<!-- This site is optimized with the Yoast SEO plugin v27.5 - https:\/\/yoast.com\/product\/yoast-seo-wordpress\/ -->\n<title>Vind hier jouw Fiat Ducato occasion | Bekijk ons aanbod<\/title>\n<meta name=\"description\" content=\"Op zoek naar een Fiat Ducato ocassion? Bekijk dan onze collectie en vind het model dat helemaal aansluit bij jouw zakelijke behoeften.\" \/>\n<meta name=\"robots\" content=\"index, follow, max-snippet:-1, max-image-preview:large, max-video-preview:-1\" \/>\n<link rel=\"canonical\" href=\"https:\/\/www.vdhurk.nl\/ro\/vehicule-comerciale-fiat\/mercedes-17\/\" \/>\n<meta property=\"og:locale\" content=\"ro_RO\" \/>\n<meta property=\"og:type\" content=\"article\" \/>\n<meta property=\"og:title\" content=\"Vind hier jouw Fiat Ducato occasion | Bekijk ons aanbod\" \/>\n<meta property=\"og:description\" content=\"Op zoek naar een Fiat Ducato ocassion? Bekijk dan onze collectie en vind het model dat helemaal aansluit bij jouw zakelijke behoeften.\" \/>\n<meta property=\"og:url\" content=\"https:\/\/www.vdhurk.nl\/ro\/vehicule-comerciale-fiat\/mercedes-17\/\" \/>\n<meta property=\"og:site_name\" content=\"Van den Hurk Bedrijfswagens\" \/>\n<meta name=\"twitter:card\" content=\"summary_large_image\" \/>\n<meta name=\"twitter:label1\" content=\"Timp estimat pentru citire\" \/>\n\t<meta name=\"twitter:data1\" content=\"5 minute\" \/>\n<script type=\"application\/ld+json\" class=\"yoast-schema-graph\">{\"@context\":\"https:\\\/\\\/schema.org\",\"@graph\":[{\"@type\":\"WebPage\",\"@id\":\"https:\\\/\\\/www.vdhurk.nl\\\/fiat-bedrijfswagens\\\/ducato\\\/\",\"url\":\"https:\\\/\\\/www.vdhurk.nl\\\/fiat-bedrijfswagens\\\/ducato\\\/\",\"name\":\"Vind hier jouw Fiat Ducato occasion | Bekijk ons aanbod\",\"isPartOf\":{\"@id\":\"https:\\\/\\\/www.vdhurk.nl\\\/#website\"},\"datePublished\":\"2024-09-05T08:51:30+00:00\",\"description\":\"Op zoek naar een Fiat Ducato ocassion? Bekijk dan onze collectie en vind het model dat helemaal aansluit bij jouw zakelijke behoeften.\",\"breadcrumb\":{\"@id\":\"https:\\\/\\\/www.vdhurk.nl\\\/fiat-bedrijfswagens\\\/ducato\\\/#breadcrumb\"},\"inLanguage\":\"ro-RO\",\"potentialAction\":[{\"@type\":\"ReadAction\",\"target\":[\"https:\\\/\\\/www.vdhurk.nl\\\/fiat-bedrijfswagens\\\/ducato\\\/\"]}]},{\"@type\":\"BreadcrumbList\",\"@id\":\"https:\\\/\\\/www.vdhurk.nl\\\/fiat-bedrijfswagens\\\/ducato\\\/#breadcrumb\",\"itemListElement\":[{\"@type\":\"ListItem\",\"position\":1,\"name\":\"Home\",\"item\":\"https:\\\/\\\/www.vdhurk.nl\\\/home\\\/\"},{\"@type\":\"ListItem\",\"position\":2,\"name\":\"Fiat Bedrijfswagens\",\"item\":\"https:\\\/\\\/www.vdhurk.nl\\\/fiat-bedrijfswagens\\\/\"},{\"@type\":\"ListItem\",\"position\":3,\"name\":\"Fiat Ducato\"}]},{\"@type\":\"WebSite\",\"@id\":\"https:\\\/\\\/www.vdhurk.nl\\\/#website\",\"url\":\"https:\\\/\\\/www.vdhurk.nl\\\/\",\"name\":\"Van den Hurk Bedrijfswagens\",\"description\":\"Van den Hurk bedrijfswagens Helmond\",\"potentialAction\":[{\"@type\":\"SearchAction\",\"target\":{\"@type\":\"EntryPoint\",\"urlTemplate\":\"https:\\\/\\\/www.vdhurk.nl\\\/?s={search_term_string}\"},\"query-input\":{\"@type\":\"PropertyValueSpecification\",\"valueRequired\":true,\"valueName\":\"search_term_string\"}}],\"inLanguage\":\"ro-RO\"}]}<\/script>\n<!-- \/ Yoast SEO plugin. -->","yoast_head_json":{"title":"G\u0103si\u021bi aici ocazia dumneavoastr\u0103 pentru Fiat Ducato | Vede\u021bi oferta noastr\u0103","description":"C\u0103uta\u021bi un Fiat Ducato de ocazie? Atunci r\u0103sfoi\u021bi colec\u021bia noastr\u0103 \u0219i g\u0103si\u021bi modelul care se potrive\u0219te pe deplin nevoilor dvs. de afaceri.","robots":{"index":"index","follow":"follow","max-snippet":"max-snippet:-1","max-image-preview":"max-image-preview:large","max-video-preview":"max-video-preview:-1"},"canonical":"https:\/\/www.vdhurk.nl\/ro\/vehicule-comerciale-fiat\/mercedes-17\/","og_locale":"ro_RO","og_type":"article","og_title":"Vind hier jouw Fiat Ducato occasion | Bekijk ons aanbod","og_description":"Op zoek naar een Fiat Ducato ocassion? Bekijk dan onze collectie en vind het model dat helemaal aansluit bij jouw zakelijke behoeften.","og_url":"https:\/\/www.vdhurk.nl\/ro\/vehicule-comerciale-fiat\/mercedes-17\/","og_site_name":"Van den Hurk Bedrijfswagens","twitter_card":"summary_large_image","twitter_misc":{"Timp estimat pentru citire":"5 minute"},"schema":{"@context":"https:\/\/schema.org","@graph":[{"@type":"WebPage","@id":"https:\/\/www.vdhurk.nl\/fiat-bedrijfswagens\/ducato\/","url":"https:\/\/www.vdhurk.nl\/fiat-bedrijfswagens\/ducato\/","name":"G\u0103si\u021bi aici ocazia dumneavoastr\u0103 pentru Fiat Ducato | Vede\u021bi oferta noastr\u0103","isPartOf":{"@id":"https:\/\/www.vdhurk.nl\/#website"},"datePublished":"2024-09-05T08:51:30+00:00","description":"C\u0103uta\u021bi un Fiat Ducato de ocazie? Atunci r\u0103sfoi\u021bi colec\u021bia noastr\u0103 \u0219i g\u0103si\u021bi modelul care se potrive\u0219te pe deplin nevoilor dvs. de afaceri.","breadcrumb":{"@id":"https:\/\/www.vdhurk.nl\/fiat-bedrijfswagens\/ducato\/#breadcrumb"},"inLanguage":"ro-RO","potentialAction":[{"@type":"ReadAction","target":["https:\/\/www.vdhurk.nl\/fiat-bedrijfswagens\/ducato\/"]}]},{"@type":"BreadcrumbList","@id":"https:\/\/www.vdhurk.nl\/fiat-bedrijfswagens\/ducato\/#breadcrumb","itemListElement":[{"@type":"ListItem","position":1,"name":"Home","item":"https:\/\/www.vdhurk.nl\/home\/"},{"@type":"ListItem","position":2,"name":"Fiat Bedrijfswagens","item":"https:\/\/www.vdhurk.nl\/fiat-bedrijfswagens\/"},{"@type":"ListItem","position":3,"name":"Fiat Ducato"}]},{"@type":"WebSite","@id":"https:\/\/www.vdhurk.nl\/#website","url":"https:\/\/www.vdhurk.nl\/","name":"Vehicule comerciale Van den Hurk","description":"Vehicule comerciale Van den Hurk Helmond","potentialAction":[{"@type":"SearchAction","target":{"@type":"EntryPoint","urlTemplate":"https:\/\/www.vdhurk.nl\/?s={search_term_string}"},"query-input":{"@type":"PropertyValueSpecification","valueRequired":true,"valueName":"search_term_string"}}],"inLanguage":"ro-RO"}]}},"_links":{"self":[{"href":"https:\/\/www.vdhurk.nl\/ro\/wp-json\/wp\/v2\/pages\/402271","targetHints":{"allow":["GET"]}}],"collection":[{"href":"https:\/\/www.vdhurk.nl\/ro\/wp-json\/wp\/v2\/pages"}],"about":[{"href":"https:\/\/www.vdhurk.nl\/ro\/wp-json\/wp\/v2\/types\/page"}],"author":[{"embeddable":true,"href":"https:\/\/www.vdhurk.nl\/ro\/wp-json\/wp\/v2\/users\/3"}],"replies":[{"embeddable":true,"href":"https:\/\/www.vdhurk.nl\/ro\/wp-json\/wp\/v2\/comments?post=402271"}],"version-history":[{"count":1,"href":"https:\/\/www.vdhurk.nl\/ro\/wp-json\/wp\/v2\/pages\/402271\/revisions"}],"predecessor-version":[{"id":402272,"href":"https:\/\/www.vdhurk.nl\/ro\/wp-json\/wp\/v2\/pages\/402271\/revisions\/402272"}],"up":[{"embeddable":true,"href":"https:\/\/www.vdhurk.nl\/ro\/wp-json\/wp\/v2\/pages\/372075"}],"wp:attachment":[{"href":"https:\/\/www.vdhurk.nl\/ro\/wp-json\/wp\/v2\/media?parent=402271"}],"curies":[{"name":"wp","href":"https:\/\/api.w.org\/{rel}","templated":true}]}}