{"id":402263,"date":"2024-09-05T10:46:12","date_gmt":"2024-09-05T08:46:12","guid":{"rendered":"https:\/\/www.vdhurk.nl\/?page_id=402263"},"modified":"2024-09-05T10:46:12","modified_gmt":"2024-09-05T08:46:12","slug":"mercedes-5","status":"publish","type":"page","link":"https:\/\/www.vdhurk.nl\/ro\/fiat-bedrijfswagens\/scudo\/","title":{"rendered":"Fiat Scudo"},"content":{"rendered":"<section  class='av_textblock_section av-lu8gnh7d-4ac895489941e586c1d7c8cb72318135'  itemscope=\"itemscope\" itemtype=\"https:\/\/schema.org\/CreativeWork\" ><div class='avia_textblock'  itemprop=\"text\" ><h1>G\u0103si\u021bi ma\u0219ina Fiat Scudo folosit\u0103 ideal\u0103<\/h1>\n<p>Fiat Scudo ocazional este proiectat \u021bin\u00e2nd cont de nevoile utilizatorilor de afaceri. Acest model este extrem de versatil \u0219i acest lucru se reflect\u0103 \u00een diverse aspecte. De asemenea, acest lucru face ca Scudo s\u0103 fie foarte popular \u00een r\u00e2ndul companiilor din diferite sectoare. Acest model ofer\u0103 nu numai versatilitate, ci \u0219i fiabilitate. Acest lucru este esen\u021bial pentru companiile care \u00ee\u0219i folosesc vehiculele comerciale zilnic. Afla\u021bi mai multe despre versiunile \u0219i specifica\u021biile Scudo.<\/p>\n<\/div><\/section>\n\n<style type=\"text\/css\" data-created_by=\"avia_inline_auto\" id=\"style-css-av-lujjddpd-afa3d7a9eabd61123e643ed1228e781e\">\n#top .hr.hr-invisible.av-lujjddpd-afa3d7a9eabd61123e643ed1228e781e{\nheight:50px;\n}\n<\/style>\n<div  class='hr av-lujjddpd-afa3d7a9eabd61123e643ed1228e781e hr-invisible  avia-builder-el-1  el_after_av_textblock  el_before_av_codeblock'><span class='hr-inner'><span class=\"hr-inner-style\"><\/span><\/span><\/div>\n\n\n<style type=\"text\/css\" data-created_by=\"avia_inline_auto\" id=\"style-css-av-ah0xd-63338d9dc6b40410e22a712829c369d6\">\n#top .hr.hr-invisible.av-ah0xd-63338d9dc6b40410e22a712829c369d6{\nheight:50px;\n}\n<\/style>\n<div  class='hr av-ah0xd-63338d9dc6b40410e22a712829c369d6 hr-invisible  avia-builder-el-3  el_after_av_codeblock  el_before_av_textblock'><span class='hr-inner'><span class=\"hr-inner-style\"><\/span><\/span><\/div>\n<section  class='av_textblock_section av-lu8gow1e-300853e458ed741bd87d6cb78e55cc7a'  itemscope=\"itemscope\" itemtype=\"https:\/\/schema.org\/CreativeWork\" ><div class='avia_textblock'  itemprop=\"text\" ><h2>Pentru ce este cunoscut Fiat Scudo?<\/h2>\n<p>Fiat este cunoscut pentru vehiculele sale comerciale fiabile, iar acest lucru este valabil \u0219i pentru Scudo. Acest model este cunoscut pentru spa\u021biul s\u0103u de \u00eenc\u0103rcare practic \u0219i aspectul flexibil. Acest lucru face ca acest vehicul comercial s\u0103 fie ideal pentru transportul de bunuri, precum \u0219i de persoane. De asemenea, acest model are motoare eficiente din punct de vedere al consumului de combustibil \u0219i, prin urmare, costuri reduse de \u00eentre\u021binere. Prin urmare, acest model este, de asemenea, o alegere rentabil\u0103 pentru companiile care doresc s\u0103 \u00ee\u0219i men\u021bin\u0103 costurile opera\u021bionale reduse. Acest lucru face ca Scudo s\u0103 fie popular \u00een r\u00e2ndul multor companii din diverse sectoare, de la logistic\u0103 \u0219i construc\u021bii la companii de servicii \u0219i \u00eengrijire.<\/p>\n<\/div><\/section>\n<div class='flex_column av-f64w1-da126f42b61613402309283c14245a25 av_one_half  avia-builder-el-5  el_after_av_textblock  el_before_av_one_third  first flex_column_div column-top-margin'   ><section  class='av_textblock_section av-lu8gpqre-73cc2c17e6a6497ba6e1b58af22bd9e8'  itemscope=\"itemscope\" itemtype=\"https:\/\/schema.org\/CreativeWork\" ><div class='avia_textblock'  itemprop=\"text\" ><h2>Care sunt beneficiile?<\/h2>\n<p>Fiat Scudo aduce mai multe avantaje. De exemplu, acest vehicul comercial nu are doar o capacitate mare de \u00eenc\u0103rcare, ci \u0219i o afacere proiectat\u0103 inteligent. Acest lucru \u00eel face unul dintre cele mai r\u0103sp\u00e2ndite vehicule comerciale. Modelul este mai mare dec\u00e2t <a href=\"https:\/\/www.vdhurk.nl\/ro\/vehicule-comerciale-fiat\/mercedes-21\/\">Fiat Doblo<\/a> \u0219i mai mic\u0103 dec\u00e2t <a href=\"https:\/\/www.vdhurk.nl\/ro\/vehicule-comerciale-fiat\/mercedes-17\/\">Fiat Ducato<\/a>. \u0219i se conduce similar cu un autoturism. Scudo are pozi\u021bii confortabile ale scaunelor \u0219i alte facilit\u0103\u021bi. Ideal atunci c\u00e2nd sunte\u021bi pe drum pentru o perioad\u0103 lung\u0103 de timp. \u00cen plus, acest vehicul comercial dispune de mai multe sisteme de asisten\u021b\u0103 la condus care fac condusul \u0219i mai u\u0219or.<\/p>\n<\/div><\/section><\/div><div class='flex_column av-aldk9-ee694297f5c4032981677a02caab84d6 av_one_third  avia-builder-el-7  el_after_av_one_half  el_before_av_hr  flex_column_div column-top-margin'   ><style type=\"text\/css\" data-created_by=\"avia_inline_auto\" id=\"style-css-av-l1w9kpsf-4ec3fab772ec7a9adaa33cfc64ff0475\">\n.avia-image-container.av-l1w9kpsf-4ec3fab772ec7a9adaa33cfc64ff0475 .av-image-caption-overlay-center{\ncolor:#ffffff;\n}\n<\/style>\n<div  class='avia-image-container av-l1w9kpsf-4ec3fab772ec7a9adaa33cfc64ff0475 av-styling- avia-align-center  avia-builder-el-8  avia-builder-el-no-sibling'  itemprop=\"image\" itemscope=\"itemscope\" itemtype=\"https:\/\/schema.org\/ImageObject\" ><div class=\"avia-image-container-inner\"><div class=\"avia-image-overlay-wrap\"><img decoding=\"async\" class='wp-image-187 avia-img-lazy-loading-not-187 avia_image' src=\"https:\/\/www.vdhurk.nl\/wp-content\/uploads\/2022\/03\/Voorrad.png\" alt='' title='Stoc'  height=\"758\" width=\"1135\"  itemprop=\"thumbnailUrl\" srcset=\"https:\/\/www.vdhurk.nl\/wp-content\/uploads\/2022\/03\/Voorrad.png 1135w, https:\/\/www.vdhurk.nl\/wp-content\/uploads\/2022\/03\/Voorrad-300x200.png 300w, https:\/\/www.vdhurk.nl\/wp-content\/uploads\/2022\/03\/Voorrad-1030x688.png 1030w, https:\/\/www.vdhurk.nl\/wp-content\/uploads\/2022\/03\/Voorrad-768x513.png 768w, https:\/\/www.vdhurk.nl\/wp-content\/uploads\/2022\/03\/Voorrad-18x12.png 18w, https:\/\/www.vdhurk.nl\/wp-content\/uploads\/2022\/03\/Voorrad-705x471.png 705w\" sizes=\"(max-width: 1135px) 100vw, 1135px\" \/><\/div><\/div><\/div><\/div><\/p>\n\n<style type=\"text\/css\" data-created_by=\"avia_inline_auto\" id=\"style-css-av-luqrjpjc-5a23a1fb5f94718ca85316a9df963e2f\">\n#top .hr.hr-invisible.av-luqrjpjc-5a23a1fb5f94718ca85316a9df963e2f{\nheight:50px;\n}\n<\/style>\n<div  class='hr av-luqrjpjc-5a23a1fb5f94718ca85316a9df963e2f hr-invisible  avia-builder-el-9  el_after_av_one_third  el_before_av_textblock'><span class='hr-inner'><span class=\"hr-inner-style\"><\/span><\/span><\/div>\n<section  class='av_textblock_section av-lu8gtjw7-4f3cee9304909518d86d2860d9d582dd'  itemscope=\"itemscope\" itemtype=\"https:\/\/schema.org\/CreativeWork\" ><div class='avia_textblock'  itemprop=\"text\" ><h2>Pre\u021buri<\/h2>\n<p>\u00cen mod regulat avem diferite modele Fiat Scudo disponibile \u00een gama noastr\u0103. Datorit\u0103 variet\u0103\u021bii versiunii, anului de fabrica\u021bie \u0219i kilometrajului, pre\u021burile pot varia. Gama noastr\u0103 se modific\u0103 \u00een mod constant, motiv pentru care v\u0103 recomand\u0103m s\u0103 vizita\u021bi site-ul nostru <a href=\"https:\/\/www.vdhurk.nl\/ro\/vehicule-comerciale\/\">oferta actual\u0103 de vehicule comerciale<\/a> sau contacta\u021bi-ne pentru informa\u021bii specifice privind modelele \u0219i pre\u021burile disponibile. Vom fi bucuro\u0219i s\u0103 v\u0103 ajut\u0103m s\u0103 g\u0103si\u021bi un vehicul comercial potrivit pentru bugetul dumneavoastr\u0103.<\/p>\n<h2>Leasingul unui Fiat Scudo<\/h2>\n<p>\u0218tia\u021bi c\u0103 la Van den Hurk pute\u021bi utiliza, de asemenea <a href=\"https:\/\/www.vdhurk.nl\/ro\/leasing-financiar\/\">leasing financiar<\/a>? Acesta este un produs special pentru antreprenorii care doresc siguran\u021b\u0103. Dumneavoastr\u0103 stabili\u021bi termenul care se potrive\u0219te deprecierii \u0219i perioadei de leasing a obiectului. Rata dob\u00e2nzii este stabilit\u0103 \u00een avans, astfel \u00eenc\u00e2t pl\u0103ti\u021bi o sum\u0103 fix\u0103 de leasing pe lun\u0103. Astfel, \u0219ti\u021bi exact unde v\u0103 afla\u021bi.<\/p>\n<h2>G\u0103si\u021bi ma\u0219ina de serviciu care se potrive\u0219te utiliz\u0103rii dvs.<\/h2>\n<p>Cump\u0103rarea unui Fiat Scudo second-hand sau nou: la Van den Hurk ve\u021bi g\u0103si solu\u021bia care se potrive\u0219te perfect nevoilor dumneavoastr\u0103 de afaceri. Suntem preg\u0103ti\u021bi s\u0103 v\u0103 ajut\u0103m s\u0103 face\u021bi alegerea potrivit\u0103. Contacta\u021bi-ne pentru consiliere personal\u0103 \u0219i pentru a discuta despre oferta noastr\u0103 actual\u0103. Cump\u0103rarea unui Fiat Scudo nu a fost niciodat\u0103 mai u\u0219oar\u0103.<\/p>\n<\/div><\/section>","protected":false},"excerpt":{"rendered":"","protected":false},"author":3,"featured_media":0,"parent":372075,"menu_order":0,"comment_status":"closed","ping_status":"closed","template":"","meta":{"_acf_changed":false,"_improvement_type_select":"improve_an_existing","_thumb_yes_seoaic":false,"_frame_yes_seoaic":false,"seoaic_generate_description":"","seoaic_improve_instructions_prompt":"","seoaic_rollback_content_improvement":"","seoaic_idea_thumbnail_generator":"","thumbnail_generated":false,"thumbnail_generate_prompt":"","seoaic_article_description":"","footnotes":""},"class_list":["post-402263","page","type-page","status-publish","hentry"],"acf":[],"yoast_head":"<!-- This site is optimized with the Yoast SEO plugin v27.5 - https:\/\/yoast.com\/product\/yoast-seo-wordpress\/ -->\n<title>Fiat Scudo occasion kopen? Kies voor service en kwaliteit<\/title>\n<meta name=\"description\" content=\"Op zoek naar een Fiat Scudo occasion voor jouw onderneming? Ontdek de diverse uitvoeringen en specificaties van dit model en vind de perfecte match.\" \/>\n<meta name=\"robots\" content=\"index, follow, max-snippet:-1, max-image-preview:large, max-video-preview:-1\" \/>\n<link rel=\"canonical\" href=\"https:\/\/www.vdhurk.nl\/ro\/vehicule-comerciale-fiat\/mercedes-5\/\" \/>\n<meta property=\"og:locale\" content=\"ro_RO\" \/>\n<meta property=\"og:type\" content=\"article\" \/>\n<meta property=\"og:title\" content=\"Fiat Scudo occasion kopen? Kies voor service en kwaliteit\" \/>\n<meta property=\"og:description\" content=\"Op zoek naar een Fiat Scudo occasion voor jouw onderneming? Ontdek de diverse uitvoeringen en specificaties van dit model en vind de perfecte match.\" \/>\n<meta property=\"og:url\" content=\"https:\/\/www.vdhurk.nl\/ro\/vehicule-comerciale-fiat\/mercedes-5\/\" \/>\n<meta property=\"og:site_name\" content=\"Van den Hurk Bedrijfswagens\" \/>\n<meta name=\"twitter:card\" content=\"summary_large_image\" \/>\n<meta name=\"twitter:label1\" content=\"Timp estimat pentru citire\" \/>\n\t<meta name=\"twitter:data1\" content=\"4 minute\" \/>\n<script type=\"application\/ld+json\" class=\"yoast-schema-graph\">{\"@context\":\"https:\\\/\\\/schema.org\",\"@graph\":[{\"@type\":\"WebPage\",\"@id\":\"https:\\\/\\\/www.vdhurk.nl\\\/fiat-bedrijfswagens\\\/scudo\\\/\",\"url\":\"https:\\\/\\\/www.vdhurk.nl\\\/fiat-bedrijfswagens\\\/scudo\\\/\",\"name\":\"Fiat Scudo occasion kopen? Kies voor service en kwaliteit\",\"isPartOf\":{\"@id\":\"https:\\\/\\\/www.vdhurk.nl\\\/#website\"},\"datePublished\":\"2024-09-05T08:46:12+00:00\",\"description\":\"Op zoek naar een Fiat Scudo occasion voor jouw onderneming? Ontdek de diverse uitvoeringen en specificaties van dit model en vind de perfecte match.\",\"breadcrumb\":{\"@id\":\"https:\\\/\\\/www.vdhurk.nl\\\/fiat-bedrijfswagens\\\/scudo\\\/#breadcrumb\"},\"inLanguage\":\"ro-RO\",\"potentialAction\":[{\"@type\":\"ReadAction\",\"target\":[\"https:\\\/\\\/www.vdhurk.nl\\\/fiat-bedrijfswagens\\\/scudo\\\/\"]}]},{\"@type\":\"BreadcrumbList\",\"@id\":\"https:\\\/\\\/www.vdhurk.nl\\\/fiat-bedrijfswagens\\\/scudo\\\/#breadcrumb\",\"itemListElement\":[{\"@type\":\"ListItem\",\"position\":1,\"name\":\"Home\",\"item\":\"https:\\\/\\\/www.vdhurk.nl\\\/home\\\/\"},{\"@type\":\"ListItem\",\"position\":2,\"name\":\"Fiat Bedrijfswagens\",\"item\":\"https:\\\/\\\/www.vdhurk.nl\\\/fiat-bedrijfswagens\\\/\"},{\"@type\":\"ListItem\",\"position\":3,\"name\":\"Fiat Scudo\"}]},{\"@type\":\"WebSite\",\"@id\":\"https:\\\/\\\/www.vdhurk.nl\\\/#website\",\"url\":\"https:\\\/\\\/www.vdhurk.nl\\\/\",\"name\":\"Van den Hurk Bedrijfswagens\",\"description\":\"Van den Hurk bedrijfswagens Helmond\",\"potentialAction\":[{\"@type\":\"SearchAction\",\"target\":{\"@type\":\"EntryPoint\",\"urlTemplate\":\"https:\\\/\\\/www.vdhurk.nl\\\/?s={search_term_string}\"},\"query-input\":{\"@type\":\"PropertyValueSpecification\",\"valueRequired\":true,\"valueName\":\"search_term_string\"}}],\"inLanguage\":\"ro-RO\"}]}<\/script>\n<!-- \/ Yoast SEO plugin. -->","yoast_head_json":{"title":"Cumperi o ocazie Fiat Scudo? Alege\u021bi servicii \u0219i calitate","description":"C\u0103uta\u021bi un Fiat Scudo ocazional pentru afacerea dumneavoastr\u0103? Explora\u021bi diferitele versiuni \u0219i specifica\u021bii ale acestui model \u0219i g\u0103si\u021bi potrivirea perfect\u0103.","robots":{"index":"index","follow":"follow","max-snippet":"max-snippet:-1","max-image-preview":"max-image-preview:large","max-video-preview":"max-video-preview:-1"},"canonical":"https:\/\/www.vdhurk.nl\/ro\/vehicule-comerciale-fiat\/mercedes-5\/","og_locale":"ro_RO","og_type":"article","og_title":"Fiat Scudo occasion kopen? Kies voor service en kwaliteit","og_description":"Op zoek naar een Fiat Scudo occasion voor jouw onderneming? Ontdek de diverse uitvoeringen en specificaties van dit model en vind de perfecte match.","og_url":"https:\/\/www.vdhurk.nl\/ro\/vehicule-comerciale-fiat\/mercedes-5\/","og_site_name":"Van den Hurk Bedrijfswagens","twitter_card":"summary_large_image","twitter_misc":{"Timp estimat pentru citire":"4 minute"},"schema":{"@context":"https:\/\/schema.org","@graph":[{"@type":"WebPage","@id":"https:\/\/www.vdhurk.nl\/fiat-bedrijfswagens\/scudo\/","url":"https:\/\/www.vdhurk.nl\/fiat-bedrijfswagens\/scudo\/","name":"Cumperi o ocazie Fiat Scudo? Alege\u021bi servicii \u0219i calitate","isPartOf":{"@id":"https:\/\/www.vdhurk.nl\/#website"},"datePublished":"2024-09-05T08:46:12+00:00","description":"C\u0103uta\u021bi un Fiat Scudo ocazional pentru afacerea dumneavoastr\u0103? Explora\u021bi diferitele versiuni \u0219i specifica\u021bii ale acestui model \u0219i g\u0103si\u021bi potrivirea perfect\u0103.","breadcrumb":{"@id":"https:\/\/www.vdhurk.nl\/fiat-bedrijfswagens\/scudo\/#breadcrumb"},"inLanguage":"ro-RO","potentialAction":[{"@type":"ReadAction","target":["https:\/\/www.vdhurk.nl\/fiat-bedrijfswagens\/scudo\/"]}]},{"@type":"BreadcrumbList","@id":"https:\/\/www.vdhurk.nl\/fiat-bedrijfswagens\/scudo\/#breadcrumb","itemListElement":[{"@type":"ListItem","position":1,"name":"Home","item":"https:\/\/www.vdhurk.nl\/home\/"},{"@type":"ListItem","position":2,"name":"Fiat Bedrijfswagens","item":"https:\/\/www.vdhurk.nl\/fiat-bedrijfswagens\/"},{"@type":"ListItem","position":3,"name":"Fiat Scudo"}]},{"@type":"WebSite","@id":"https:\/\/www.vdhurk.nl\/#website","url":"https:\/\/www.vdhurk.nl\/","name":"Vehicule comerciale Van den Hurk","description":"Vehicule comerciale Van den Hurk Helmond","potentialAction":[{"@type":"SearchAction","target":{"@type":"EntryPoint","urlTemplate":"https:\/\/www.vdhurk.nl\/?s={search_term_string}"},"query-input":{"@type":"PropertyValueSpecification","valueRequired":true,"valueName":"search_term_string"}}],"inLanguage":"ro-RO"}]}},"_links":{"self":[{"href":"https:\/\/www.vdhurk.nl\/ro\/wp-json\/wp\/v2\/pages\/402263","targetHints":{"allow":["GET"]}}],"collection":[{"href":"https:\/\/www.vdhurk.nl\/ro\/wp-json\/wp\/v2\/pages"}],"about":[{"href":"https:\/\/www.vdhurk.nl\/ro\/wp-json\/wp\/v2\/types\/page"}],"author":[{"embeddable":true,"href":"https:\/\/www.vdhurk.nl\/ro\/wp-json\/wp\/v2\/users\/3"}],"replies":[{"embeddable":true,"href":"https:\/\/www.vdhurk.nl\/ro\/wp-json\/wp\/v2\/comments?post=402263"}],"version-history":[{"count":1,"href":"https:\/\/www.vdhurk.nl\/ro\/wp-json\/wp\/v2\/pages\/402263\/revisions"}],"predecessor-version":[{"id":402264,"href":"https:\/\/www.vdhurk.nl\/ro\/wp-json\/wp\/v2\/pages\/402263\/revisions\/402264"}],"up":[{"embeddable":true,"href":"https:\/\/www.vdhurk.nl\/ro\/wp-json\/wp\/v2\/pages\/372075"}],"wp:attachment":[{"href":"https:\/\/www.vdhurk.nl\/ro\/wp-json\/wp\/v2\/media?parent=402263"}],"curies":[{"name":"wp","href":"https:\/\/api.w.org\/{rel}","templated":true}]}}