{"id":402259,"date":"2024-09-05T10:37:44","date_gmt":"2024-09-05T08:37:44","guid":{"rendered":"https:\/\/www.vdhurk.nl\/?page_id=402259"},"modified":"2024-09-05T10:38:45","modified_gmt":"2024-09-05T08:38:45","slug":"mercedes-15","status":"publish","type":"page","link":"https:\/\/www.vdhurk.nl\/ro\/fiat-bedrijfswagens\/talento\/","title":{"rendered":"Fiat Talento"},"content":{"rendered":"<section  class='av_textblock_section av-lu8gnh7d-4ac895489941e586c1d7c8cb72318135'  itemscope=\"itemscope\" itemtype=\"https:\/\/schema.org\/CreativeWork\" ><div class='avia_textblock'  itemprop=\"text\" ><h1>Ocazia Fiat Talento: ce trebuie s\u0103 \u0219ti\u021bi<\/h1>\n<p>Ocazia Fiat Talento este cu siguran\u021b\u0103 demn\u0103 de luat \u00een considerare dac\u0103 sunte\u021bi \u00een c\u0103utarea unui vehicul comercial bine func\u021bional. Acest model este o dub\u0103 modern\u0103 pe care o folosesc multe companii. \u0218i acest lucru nu este surprinz\u0103tor: acest van are un sistem de siguran\u021b\u0103 cuprinz\u0103tor, un motor puternic \u0219i o capacitate mare de \u00eenc\u0103rcare. Pe scurt, acest van are tot ce este necesar pentru a v\u0103 satisface nevoile de afaceri.<\/p>\n<\/div><\/section>\n\n<style type=\"text\/css\" data-created_by=\"avia_inline_auto\" id=\"style-css-av-lujjddpd-afa3d7a9eabd61123e643ed1228e781e\">\n#top .hr.hr-invisible.av-lujjddpd-afa3d7a9eabd61123e643ed1228e781e{\nheight:50px;\n}\n<\/style>\n<div  class='hr av-lujjddpd-afa3d7a9eabd61123e643ed1228e781e hr-invisible  avia-builder-el-1  el_after_av_textblock  el_before_av_codeblock'><span class='hr-inner'><span class=\"hr-inner-style\"><\/span><\/span><\/div>\n\n\n<style type=\"text\/css\" data-created_by=\"avia_inline_auto\" id=\"style-css-av-av_hr-3a876428eececa9d35452247ddb053af\">\n#top .hr.hr-invisible.av-av_hr-3a876428eececa9d35452247ddb053af{\nheight:50px;\n}\n<\/style>\n<div  class='hr av-av_hr-3a876428eececa9d35452247ddb053af hr-invisible  avia-builder-el-3  el_after_av_codeblock  el_before_av_textblock'><span class='hr-inner'><span class=\"hr-inner-style\"><\/span><\/span><\/div>\n<section  class='av_textblock_section av-lu8gow1e-300853e458ed741bd87d6cb78e55cc7a'  itemscope=\"itemscope\" itemtype=\"https:\/\/schema.org\/CreativeWork\" ><div class='avia_textblock'  itemprop=\"text\" ><h2>Caracteristici ale Talento<\/h2>\n<p>Marca <a href=\"https:\/\/www.vdhurk.nl\/ro\/vehicule-comerciale-fiat\/\">Fiat<\/a> a produs multe vehicule comerciale fiabile \u0219i versatile, iar Talento nu face excep\u021bie. Mai multe modele Fiat Talento sunt disponibile at\u00e2t cu solu\u021bii standard, c\u00e2t \u0219i cu solu\u021bii specifice, f\u0103c\u00e2ndu-l potrivit pentru orice utilizator comercial. Talento este cunoscut pentru dimensiunile sale compacte, care permit un echilibru perfect \u00eentre manevrabilitate \u0219i capacitatea de \u00eenc\u0103rcare. Acest lucru face ca acest vehicul comercial s\u0103 fie perfect pentru traficul urban.<\/p>\n<\/div><\/section>\n<div class='flex_column av-f64w1-da126f42b61613402309283c14245a25 av_one_half  avia-builder-el-5  el_after_av_textblock  el_before_av_one_third  first flex_column_div column-top-margin'   ><section  class='av_textblock_section av-lu8gpqre-73cc2c17e6a6497ba6e1b58af22bd9e8'  itemscope=\"itemscope\" itemtype=\"https:\/\/schema.org\/CreativeWork\" ><div class='avia_textblock'  itemprop=\"text\" ><h2><b>Ce beneficii aduce acest vehicul?<\/b><\/h2>\n<p>Fiat Talento este un vehicul comercial versatil, ideal pentru diverse sectoare, cum ar fi companiile de construc\u021bii, serviciile de curierat \u0219i companiile de livrare care se concentreaz\u0103 pe transportul de m\u0103rfuri. \u00cen ciuda dimensiunilor sale compacte, Talento ofer\u0103 un spa\u021biu de \u00eenc\u0103rcare surprinz\u0103tor de spa\u021bios, permi\u021b\u00e2nd transportarea f\u0103r\u0103 efort a \u00eenc\u0103rc\u0103turilor mari. \u00cen plus, interiorul confortabil asigur\u0103 faptul c\u0103 distan\u021bele lungi nu sunt deloc o problem\u0103 pentru \u0219ofer. Cu diferitele op\u021biuni disponibile, Talento poate fi u\u0219or adaptat la nevoile specifice ale afacerii dumneavoastr\u0103, f\u0103c\u00e2nd din aceast\u0103 dubi\u021b\u0103 o alegere flexibil\u0103 \u0219i fiabil\u0103.<\/p>\n<\/div><\/section><\/div>\n<div class='flex_column av-aldk9-ee694297f5c4032981677a02caab84d6 av_one_third  avia-builder-el-7  el_after_av_one_half  el_before_av_hr  flex_column_div column-top-margin'   ><style type=\"text\/css\" data-created_by=\"avia_inline_auto\" id=\"style-css-av-l1w9kpsf-4ec3fab772ec7a9adaa33cfc64ff0475\">\n.avia-image-container.av-l1w9kpsf-4ec3fab772ec7a9adaa33cfc64ff0475 .av-image-caption-overlay-center{\ncolor:#ffffff;\n}\n<\/style>\n<div  class='avia-image-container av-l1w9kpsf-4ec3fab772ec7a9adaa33cfc64ff0475 av-styling- avia-align-center  avia-builder-el-8  avia-builder-el-no-sibling'  itemprop=\"image\" itemscope=\"itemscope\" itemtype=\"https:\/\/schema.org\/ImageObject\" ><div class=\"avia-image-container-inner\"><div class=\"avia-image-overlay-wrap\"><img decoding=\"async\" class='wp-image-187 avia-img-lazy-loading-not-187 avia_image' src=\"https:\/\/www.vdhurk.nl\/wp-content\/uploads\/2022\/03\/Voorrad.png\" alt='' title='Stoc'  height=\"758\" width=\"1135\"  itemprop=\"thumbnailUrl\" srcset=\"https:\/\/www.vdhurk.nl\/wp-content\/uploads\/2022\/03\/Voorrad.png 1135w, https:\/\/www.vdhurk.nl\/wp-content\/uploads\/2022\/03\/Voorrad-300x200.png 300w, https:\/\/www.vdhurk.nl\/wp-content\/uploads\/2022\/03\/Voorrad-1030x688.png 1030w, https:\/\/www.vdhurk.nl\/wp-content\/uploads\/2022\/03\/Voorrad-768x513.png 768w, https:\/\/www.vdhurk.nl\/wp-content\/uploads\/2022\/03\/Voorrad-18x12.png 18w, https:\/\/www.vdhurk.nl\/wp-content\/uploads\/2022\/03\/Voorrad-705x471.png 705w\" sizes=\"(max-width: 1135px) 100vw, 1135px\" \/><\/div><\/div><\/div><\/div>\n\n<style type=\"text\/css\" data-created_by=\"avia_inline_auto\" id=\"style-css-av-luqrjpjc-5a23a1fb5f94718ca85316a9df963e2f\">\n#top .hr.hr-invisible.av-luqrjpjc-5a23a1fb5f94718ca85316a9df963e2f{\nheight:50px;\n}\n<\/style>\n<div  class='hr av-luqrjpjc-5a23a1fb5f94718ca85316a9df963e2f hr-invisible  avia-builder-el-9  el_after_av_one_third  el_before_av_textblock'><span class='hr-inner'><span class=\"hr-inner-style\"><\/span><\/span><\/div>\n<section  class='av_textblock_section av-lu8gtjw7-4f3cee9304909518d86d2860d9d582dd'  itemscope=\"itemscope\" itemtype=\"https:\/\/schema.org\/CreativeWork\" ><div class='avia_textblock'  itemprop=\"text\" ><h2>Care sunt pre\u021burile?<\/h2>\n<p>Dori\u021bi s\u0103 cump\u0103ra\u021bi un Fiat Talento? Atunci, desigur, ve\u021bi dori mai multe informa\u021bii despre pre\u021burile practicate. Avem \u00een mod regulat diferite modele disponibile. Datorit\u0103 variet\u0103\u021bii versiunii, anului de fabrica\u021bie \u0219i kilometrajului, companiile pot varia. Cu toate acestea, am dori s\u0103 v\u0103 oferim o indica\u021bie a pre\u021bului pe care \u00eel ve\u021bi pl\u0103ti pentru un Fiat Talento. \u00cen general, v\u0103 pute\u021bi a\u0219tepta s\u0103 pl\u0103ti\u021bi \u00eentre 25.000 \u20ac \u0219i 35.000 \u20ac pentru un Fiat Talento nou. Modelele la m\u00e2na a doua ofer\u0103 adesea o op\u021biune mai ieftin\u0103. Din nou, pre\u021bul variaz\u0103 \u00een func\u021bie de anul de fabrica\u021bie, kilometrajul \u0219i starea vehiculului. \u00cen general, pre\u021burile unui Fiat Talento second-hand sunt cuprinse \u00eentre 15.000 \u20ac \u0219i 25.000 \u20ac. Deoarece oferta noastr\u0103 se schimb\u0103 \u00een mod constant, v\u0103 recomand\u0103m s\u0103 verifica\u021bi oferta curent\u0103 \u00een mod regulat.<\/p>\n<h2>Leasingul unui Fiat Talento<\/h2>\n<p>C\u0103uta\u021bi o ma\u0219in\u0103 de serviciu, dar nu dori\u021bi s\u0103 face\u021bi o investi\u021bie mare dintr-o dat\u0103? Atunci <a href=\"https:\/\/www.vdhurk.nl\/ro\/leasing-financiar\/\">leasing financiar<\/a> o op\u021biune de luat \u00een considerare. Cu aceast\u0103 op\u021biune, pl\u0103ti\u021bi vehiculul \u00een rate lunare \u0219i acesta devine treptat proprietatea dumneavoastr\u0103. Pl\u0103ti\u021bi o sum\u0103 fix\u0103 \u00een fiecare lun\u0103 \u0219i, prin urmare, nu suporta\u021bi cheltuieli nepl\u0103cute. La sf\u00e2r\u0219itul perioadei de leasing, sunte\u021bi proprietarul deplin al vehiculului comercial.<\/p>\n<h2>G\u0103si\u021bi vehiculul comercial potrivit<\/h2>\n<p>Dori\u021bi s\u0103 cump\u0103ra\u021bi un Fiat Talento folosit sau nou? La Van den Hurk, ve\u021bi g\u0103si solu\u021bia care se potrive\u0219te perfect nevoilor dvs. de afaceri. Echipa noastr\u0103 este \u00eentotdeauna preg\u0103tit\u0103 s\u0103 v\u0103 ofere sfaturi, astfel \u00eenc\u00e2t s\u0103 pute\u021bi face alegerea corect\u0103. Contacta\u021bi-ne pentru a discuta despre oferta noastr\u0103 actual\u0103.<\/p>\n<\/div><\/section>","protected":false},"excerpt":{"rendered":"","protected":false},"author":3,"featured_media":0,"parent":372075,"menu_order":0,"comment_status":"closed","ping_status":"closed","template":"","meta":{"_acf_changed":false,"_improvement_type_select":"improve_an_existing","_thumb_yes_seoaic":false,"_frame_yes_seoaic":false,"seoaic_generate_description":"","seoaic_improve_instructions_prompt":"","seoaic_rollback_content_improvement":"","seoaic_idea_thumbnail_generator":"","thumbnail_generated":false,"thumbnail_generate_prompt":"","seoaic_article_description":"","footnotes":""},"class_list":["post-402259","page","type-page","status-publish","hentry"],"acf":[],"yoast_head":"<!-- This site is optimized with the Yoast SEO plugin v27.2 - https:\/\/yoast.com\/product\/yoast-seo-wordpress\/ -->\n<title>Fiat Talento occasion kopen? Bekijk ons actuele aanbod<\/title>\n<meta name=\"description\" content=\"Benieuwd of de Fiat Talento occasion geschikt is voor jouw zakelijke behoeften? Ontdek alle specificaties en maak een weloverwogen keuze.\" \/>\n<meta name=\"robots\" content=\"index, follow, max-snippet:-1, max-image-preview:large, max-video-preview:-1\" \/>\n<link rel=\"canonical\" href=\"https:\/\/www.vdhurk.nl\/ro\/vehicule-comerciale-fiat\/mercedes-15\/\" \/>\n<meta property=\"og:locale\" content=\"ro_RO\" \/>\n<meta property=\"og:type\" content=\"article\" \/>\n<meta property=\"og:title\" content=\"Fiat Talento occasion kopen? Bekijk ons actuele aanbod\" \/>\n<meta property=\"og:description\" content=\"Benieuwd of de Fiat Talento occasion geschikt is voor jouw zakelijke behoeften? Ontdek alle specificaties en maak een weloverwogen keuze.\" \/>\n<meta property=\"og:url\" content=\"https:\/\/www.vdhurk.nl\/ro\/vehicule-comerciale-fiat\/mercedes-15\/\" \/>\n<meta property=\"og:site_name\" content=\"Van den Hurk Bedrijfswagens\" \/>\n<meta property=\"article:modified_time\" content=\"2024-09-05T08:38:45+00:00\" \/>\n<meta name=\"twitter:card\" content=\"summary_large_image\" \/>\n<meta name=\"twitter:label1\" content=\"Timp estimat pentru citire\" \/>\n\t<meta name=\"twitter:data1\" content=\"4 minute\" \/>\n<script type=\"application\/ld+json\" class=\"yoast-schema-graph\">{\"@context\":\"https:\/\/schema.org\",\"@graph\":[{\"@type\":\"WebPage\",\"@id\":\"https:\/\/www.vdhurk.nl\/fiat-bedrijfswagens\/talento\/\",\"url\":\"https:\/\/www.vdhurk.nl\/fiat-bedrijfswagens\/talento\/\",\"name\":\"Fiat Talento occasion kopen? Bekijk ons actuele aanbod\",\"isPartOf\":{\"@id\":\"https:\/\/www.vdhurk.nl\/#website\"},\"datePublished\":\"2024-09-05T08:37:44+00:00\",\"dateModified\":\"2024-09-05T08:38:45+00:00\",\"description\":\"Benieuwd of de Fiat Talento occasion geschikt is voor jouw zakelijke behoeften? Ontdek alle specificaties en maak een weloverwogen keuze.\",\"breadcrumb\":{\"@id\":\"https:\/\/www.vdhurk.nl\/fiat-bedrijfswagens\/talento\/#breadcrumb\"},\"inLanguage\":\"ro-RO\",\"potentialAction\":[{\"@type\":\"ReadAction\",\"target\":[\"https:\/\/www.vdhurk.nl\/fiat-bedrijfswagens\/talento\/\"]}]},{\"@type\":\"BreadcrumbList\",\"@id\":\"https:\/\/www.vdhurk.nl\/fiat-bedrijfswagens\/talento\/#breadcrumb\",\"itemListElement\":[{\"@type\":\"ListItem\",\"position\":1,\"name\":\"Home\",\"item\":\"https:\/\/www.vdhurk.nl\/home\/\"},{\"@type\":\"ListItem\",\"position\":2,\"name\":\"Fiat Bedrijfswagens\",\"item\":\"https:\/\/www.vdhurk.nl\/fiat-bedrijfswagens\/\"},{\"@type\":\"ListItem\",\"position\":3,\"name\":\"Fiat Talento\"}]},{\"@type\":\"WebSite\",\"@id\":\"https:\/\/www.vdhurk.nl\/#website\",\"url\":\"https:\/\/www.vdhurk.nl\/\",\"name\":\"Van den Hurk Bedrijfswagens\",\"description\":\"Van den Hurk bedrijfswagens Helmond\",\"potentialAction\":[{\"@type\":\"SearchAction\",\"target\":{\"@type\":\"EntryPoint\",\"urlTemplate\":\"https:\/\/www.vdhurk.nl\/?s={search_term_string}\"},\"query-input\":{\"@type\":\"PropertyValueSpecification\",\"valueRequired\":true,\"valueName\":\"search_term_string\"}}],\"inLanguage\":\"ro-RO\"}]}<\/script>\n<!-- \/ Yoast SEO plugin. -->","yoast_head_json":{"title":"Cumperi o ocazie Fiat Talento? Consulta\u021bi oferta noastr\u0103 actual\u0103","description":"V\u0103 \u00eentreba\u021bi dac\u0103 Fiat Talento occasion este potrivit pentru nevoile dvs. de afaceri? Descoperi\u021bi toate specifica\u021biile \u0219i face\u021bi o alegere \u00een cuno\u0219tin\u021b\u0103 de cauz\u0103.","robots":{"index":"index","follow":"follow","max-snippet":"max-snippet:-1","max-image-preview":"max-image-preview:large","max-video-preview":"max-video-preview:-1"},"canonical":"https:\/\/www.vdhurk.nl\/ro\/vehicule-comerciale-fiat\/mercedes-15\/","og_locale":"ro_RO","og_type":"article","og_title":"Fiat Talento occasion kopen? Bekijk ons actuele aanbod","og_description":"Benieuwd of de Fiat Talento occasion geschikt is voor jouw zakelijke behoeften? Ontdek alle specificaties en maak een weloverwogen keuze.","og_url":"https:\/\/www.vdhurk.nl\/ro\/vehicule-comerciale-fiat\/mercedes-15\/","og_site_name":"Van den Hurk Bedrijfswagens","article_modified_time":"2024-09-05T08:38:45+00:00","twitter_card":"summary_large_image","twitter_misc":{"Timp estimat pentru citire":"4 minute"},"schema":{"@context":"https:\/\/schema.org","@graph":[{"@type":"WebPage","@id":"https:\/\/www.vdhurk.nl\/fiat-bedrijfswagens\/talento\/","url":"https:\/\/www.vdhurk.nl\/fiat-bedrijfswagens\/talento\/","name":"Cumperi o ocazie Fiat Talento? Consulta\u021bi oferta noastr\u0103 actual\u0103","isPartOf":{"@id":"https:\/\/www.vdhurk.nl\/#website"},"datePublished":"2024-09-05T08:37:44+00:00","dateModified":"2024-09-05T08:38:45+00:00","description":"V\u0103 \u00eentreba\u021bi dac\u0103 Fiat Talento occasion este potrivit pentru nevoile dvs. de afaceri? Descoperi\u021bi toate specifica\u021biile \u0219i face\u021bi o alegere \u00een cuno\u0219tin\u021b\u0103 de cauz\u0103.","breadcrumb":{"@id":"https:\/\/www.vdhurk.nl\/fiat-bedrijfswagens\/talento\/#breadcrumb"},"inLanguage":"ro-RO","potentialAction":[{"@type":"ReadAction","target":["https:\/\/www.vdhurk.nl\/fiat-bedrijfswagens\/talento\/"]}]},{"@type":"BreadcrumbList","@id":"https:\/\/www.vdhurk.nl\/fiat-bedrijfswagens\/talento\/#breadcrumb","itemListElement":[{"@type":"ListItem","position":1,"name":"Home","item":"https:\/\/www.vdhurk.nl\/home\/"},{"@type":"ListItem","position":2,"name":"Fiat Bedrijfswagens","item":"https:\/\/www.vdhurk.nl\/fiat-bedrijfswagens\/"},{"@type":"ListItem","position":3,"name":"Fiat Talento"}]},{"@type":"WebSite","@id":"https:\/\/www.vdhurk.nl\/#website","url":"https:\/\/www.vdhurk.nl\/","name":"Vehicule comerciale Van den Hurk","description":"Vehicule comerciale Van den Hurk Helmond","potentialAction":[{"@type":"SearchAction","target":{"@type":"EntryPoint","urlTemplate":"https:\/\/www.vdhurk.nl\/?s={search_term_string}"},"query-input":{"@type":"PropertyValueSpecification","valueRequired":true,"valueName":"search_term_string"}}],"inLanguage":"ro-RO"}]}},"_links":{"self":[{"href":"https:\/\/www.vdhurk.nl\/ro\/wp-json\/wp\/v2\/pages\/402259","targetHints":{"allow":["GET"]}}],"collection":[{"href":"https:\/\/www.vdhurk.nl\/ro\/wp-json\/wp\/v2\/pages"}],"about":[{"href":"https:\/\/www.vdhurk.nl\/ro\/wp-json\/wp\/v2\/types\/page"}],"author":[{"embeddable":true,"href":"https:\/\/www.vdhurk.nl\/ro\/wp-json\/wp\/v2\/users\/3"}],"replies":[{"embeddable":true,"href":"https:\/\/www.vdhurk.nl\/ro\/wp-json\/wp\/v2\/comments?post=402259"}],"version-history":[{"count":3,"href":"https:\/\/www.vdhurk.nl\/ro\/wp-json\/wp\/v2\/pages\/402259\/revisions"}],"predecessor-version":[{"id":402262,"href":"https:\/\/www.vdhurk.nl\/ro\/wp-json\/wp\/v2\/pages\/402259\/revisions\/402262"}],"up":[{"embeddable":true,"href":"https:\/\/www.vdhurk.nl\/ro\/wp-json\/wp\/v2\/pages\/372075"}],"wp:attachment":[{"href":"https:\/\/www.vdhurk.nl\/ro\/wp-json\/wp\/v2\/media?parent=402259"}],"curies":[{"name":"wp","href":"https:\/\/api.w.org\/{rel}","templated":true}]}}