{"id":398333,"date":"2024-08-08T08:44:00","date_gmt":"2024-08-08T06:44:00","guid":{"rendered":"https:\/\/www.vdhurk.nl\/?page_id=398333"},"modified":"2024-08-08T08:44:00","modified_gmt":"2024-08-08T06:44:00","slug":"vehicule-comerciale-toyota","status":"publish","type":"page","link":"https:\/\/www.vdhurk.nl\/ro\/toyota-bedrijfswagens\/","title":{"rendered":"Vehicule comerciale Toyota"},"content":{"rendered":"<section  class='av_textblock_section av-lu8gnh7d-4ac895489941e586c1d7c8cb72318135'  itemscope=\"itemscope\" itemtype=\"https:\/\/schema.org\/CreativeWork\" ><div class='avia_textblock'  itemprop=\"text\" ><h1>Vehicule comerciale Toyota: succes garantat pe \u0219osea<\/h1>\n<p>\u00centr-o lume dinamic\u0103 a vehiculelor de afaceri, vehiculele comerciale Toyota sunt cunoscute pentru modelele lor fiabile \u0219i inovatoare. Marca ofer\u0103 diverse solu\u021bii personalizate pentru utilizatorii de afaceri. Fie c\u0103 este vorba de livrarea de bunuri, deplasarea de persoane sau sarcini specializate: Toyota le are. Vehiculele sale comerciale combin\u0103 eficien\u021ba, confortul \u0219i performan\u021ba pentru a v\u0103 duce afacerea la noi \u00een\u0103l\u021bimi.<\/p>\n<\/div><\/section>\n\n<style type=\"text\/css\" data-created_by=\"avia_inline_auto\" id=\"style-css-av-lujjddpd-afa3d7a9eabd61123e643ed1228e781e\">\n#top .hr.hr-invisible.av-lujjddpd-afa3d7a9eabd61123e643ed1228e781e{\nheight:50px;\n}\n<\/style>\n<div  class='hr av-lujjddpd-afa3d7a9eabd61123e643ed1228e781e hr-invisible  avia-builder-el-1  el_after_av_textblock  el_before_av_codeblock'><span class='hr-inner'><span class=\"hr-inner-style\"><\/span><\/span><\/div>\n\n\n<style type=\"text\/css\" data-created_by=\"avia_inline_auto\" id=\"style-css-av-o1d5-cf77288da24053faf1b6ffbefcfc6222\">\n#top .hr.hr-invisible.av-o1d5-cf77288da24053faf1b6ffbefcfc6222{\nheight:50px;\n}\n<\/style>\n<div  class='hr av-o1d5-cf77288da24053faf1b6ffbefcfc6222 hr-invisible  avia-builder-el-3  el_after_av_codeblock  el_before_av_textblock'><span class='hr-inner'><span class=\"hr-inner-style\"><\/span><\/span><\/div>\n<section  class='av_textblock_section av-lu8gtjw7-4f3cee9304909518d86d2860d9d582dd'  itemscope=\"itemscope\" itemtype=\"https:\/\/schema.org\/CreativeWork\" ><div class='avia_textblock'  itemprop=\"text\" ><h2>Istoria Toyota<\/h2>\n<h3>Stabilirea<\/h3>\n<p>Toyota a fost fondat\u0103 \u00een 1937 ca o companie care producea r\u0103zboaie de \u021besut. Treptat, marca a evoluat de la o companie de textile la unul dintre cei mai populari produc\u0103tori de automobile din \u00eentreaga lume. Primul pas c\u0103tre produc\u021bia de vehicule comerciale a avut loc odat\u0103 cu introducerea Toyota Stout \u00een 1954. Acesta a fost un camion u\u0219or menit s\u0103 satisfac\u0103 nevoile \u00een cre\u0219tere ale antreprenorilor \u0219i ale \u00eentreprinderilor mici. \u00cen anii care au urmat, marca \u0219i-a extins gama pentru a include diverse vehicule comerciale. Ast\u0103zi, Toyota este una dintre cele mai populare alegeri la nivel mondial atunci c\u00e2nd vine vorba de vehicule comerciale.<\/p>\n<h3>Evolu\u021bii \u0219i etape importante<\/h3>\n<p>Dezvoltarea autobuzelor \u0219i vehiculelor comerciale Toyota are etape importante care au marcat evolu\u021bia m\u0103rcii:<\/p>\n<ul>\n<li><strong>Introducerea Toyota Stout \u00een 1954:<\/strong> Acesta a fost primul vehicul comercial lansat de marc\u0103. Acesta a fost conceput pentru a satisface nevoile \u00eentreprinderilor mici.<\/li>\n<li><strong>Lansarea Toyota HiAce \u00een 1967:<\/strong> Acest model a fost introdus ca o dubi\u021b\u0103 \u0219i un microbuz versatil. A devenit rapid un vehicul popular datorit\u0103 spa\u021biului, fiabilit\u0103\u021bii \u0219i durabilit\u0103\u021bii sale.<\/li>\n<li><strong>Introducerea modelului Toyota Hilux \u00een 1968:<\/strong> Un pick-up compact, acest model a devenit unul dintre cele mai emblematice vehicule comerciale din \u00eentreaga lume.<\/li>\n<li><strong>Toyota Land Cruiser \u00een uz comercial din 1951:<\/strong> Dezvoltat ini\u021bial ca vehicul off-road, acest model a devenit cur\u00e2nd recunoscut ca un vehicul versatil \u00een mediul de afaceri, \u00een special \u00een medii accidentate \u0219i zone cu teren dificil.<\/li>\n<li><strong>Accent pe vehiculele comerciale hibride \u0219i electrice:<\/strong> \u00cen ultimii ani, marca s-a concentrat pe dezvoltarea de vehicule comerciale hibride \u0219i electrice pentru a satisface cererea tot mai mare de mobilitate durabil\u0103.<\/li>\n<\/ul>\n<h2>Inova\u021bii tehnologice<\/h2>\n<p>Toyota depune \u00een mod constant eforturi pentru inovare tehnologic\u0103 atunci c\u00e2nd vine vorba de produc\u021bia de vehicule comerciale. De exemplu, acestea utilizeaz\u0103 sisteme avansate de siguran\u021b\u0103 cu func\u021bii precum fr\u00e2narea automat\u0103 de urgen\u021b\u0103, controlul adaptiv al vitezei de croazier\u0103 \u0219i asistarea pe band\u0103. Aceste sisteme sunt concepute pentru a \u00eembun\u0103t\u0103\u021bi siguran\u021ba \u0219oferului \u0219i a pasagerilor \u0219i pentru a preveni c\u00e2t mai mult posibil accidentele nepl\u0103cute. Toyota a jucat, de asemenea, un rol important \u00een dezvoltarea sistemelor de propulsie hibride \u0219i utilizeaz\u0103 solu\u021bii avansate de \u00eenc\u0103rcare \u0219i stocare.<\/p>\n<h2>Beneficiile vehiculelor comerciale Toyota<\/h2>\n<p>Exist\u0103 mai multe avantaje care \u00eei fac pe utilizatorii de afaceri s\u0103 aleag\u0103 Toyota:<\/p>\n<ul>\n<li aria-level=\"1\"><strong>Fiabilitate<\/strong>: Toyota produce vehicule comerciale fiabile construite folosind materiale de \u00eenalt\u0103 calitate \u0219i tehnici inovatoare.<\/li>\n<li aria-level=\"1\"><strong>Eficien\u021b\u0103:<\/strong> Vehiculele comerciale Toyota dispun de tehnologii avansate de motorizare, cum ar fi sistemele de propulsie hibride, ceea ce duce la o bun\u0103 eficien\u021b\u0103 a consumului de combustibil.<\/li>\n<li aria-level=\"1\"><strong>Siguran\u021b\u0103<\/strong>: Marca se angajeaz\u0103 s\u0103 asigure siguran\u021ba tuturor vehiculelor comerciale. Cu caracteristici avansate de siguran\u021b\u0103, vehiculele comerciale ofer\u0103 o bun\u0103 protec\u021bie pentru to\u021bi utilizatorii drumurilor.<\/li>\n<li aria-level=\"1\"><strong>Inova\u021bie<\/strong>: Toyota investe\u0219te constant \u00een inovarea tehnologic\u0103, ceea ce \u00eei permite s\u0103 garanteze caracteristici \u0219i sisteme avansate. Acestea includ solu\u021bii inteligente de \u00eenc\u0103rcare care contribuie la productivitate \u0219i confort.<\/li>\n<\/ul>\n<h2>Op\u021biuni financiare<\/h2>\n<p>La Van den Hurk, beneficia\u021bi de diverse op\u021biuni de finan\u021bare. Dori\u021bi s\u0103 cump\u0103ra\u021bi un autobuz Toyota? Pute\u021bi. Avantajul este c\u0103 este proprietatea dumneavoastr\u0103. A\u0219adar, tu decizi dac\u0103 s\u0103 \u00ee\u021bi modifici dubi\u021ba companiei \u0219i ce s\u0103 faci cu ea. Dac\u0103 alege\u021bi s\u0103 cump\u0103ra\u021bi un vehicul comercial, de asemenea, nu trebuie s\u0103 v\u0103 confrunta\u021bi cu deprecierea lunar\u0103 \u0219i restric\u021biile de kilometraj. A\u021bi prefera s\u0103 \u00eenchiria\u021bi o dubi\u021b\u0103 Toyota? \u0218i acest lucru este posibil. Avantajul leasingului este c\u0103 ave\u021bi costuri previzibile. \u00cen plus, v\u0103 ofer\u0103 \u0219i confort administrativ. Cea mai bun\u0103 op\u021biune pentru compania dvs. depinde de o serie de factori. Vom fi bucuro\u0219i s\u0103 v\u0103 ajut\u0103m s\u0103 face\u021bi cea mai bun\u0103 alegere.<\/p>\n<h2><b>Modele la m\u00e2na a doua<\/b><\/h2>\n<p>Dori\u021bi un vehicul comercial care func\u021bioneaz\u0103 bine f\u0103r\u0103 s\u0103 pl\u0103ti\u021bi foarte mult pentru el? Atunci o ocazie de autobuz Toyota este foarte potrivit\u0103. O ocazie este un model folosit care \u00eenc\u0103 func\u021bioneaz\u0103 corespunz\u0103tor. Avantajul unui model folosit este c\u0103 pl\u0103ti\u021bi considerabil mai pu\u021bin dec\u00e2t dac\u0103 opta\u021bi pentru un model nou. Sunte\u021bi interesat de un model second-hand? Atunci nu uita\u021bi s\u0103 consulta\u021bi oferta noastr\u0103.<\/p>\n<\/div><\/section>","protected":false},"excerpt":{"rendered":"","protected":false},"author":3,"featured_media":0,"parent":0,"menu_order":0,"comment_status":"closed","ping_status":"closed","template":"","meta":{"_acf_changed":false,"_improvement_type_select":"improve_an_existing","_thumb_yes_seoaic":false,"_frame_yes_seoaic":false,"seoaic_generate_description":"","seoaic_improve_instructions_prompt":"","seoaic_rollback_content_improvement":"","seoaic_idea_thumbnail_generator":"","thumbnail_generated":false,"thumbnail_generate_prompt":"","seoaic_article_description":"","footnotes":""},"class_list":["post-398333","page","type-page","status-publish","hentry"],"acf":[],"yoast_head":"<!-- This site is optimized with the Yoast SEO plugin v27.5 - https:\/\/yoast.com\/product\/yoast-seo-wordpress\/ -->\n<title>Toyota bedrijfswagens voor zakelijke gebruikers aanschaffen<\/title>\n<meta name=\"description\" content=\"Ben jij op zoek naar een voertuig dat geschikt is voor zakelijk gebruik? Ontdek dan Toyota bedrijfswagens: veilig, betrouwbaar en effici\u00ebnt.\" \/>\n<meta name=\"robots\" content=\"index, follow, max-snippet:-1, max-image-preview:large, max-video-preview:-1\" \/>\n<link rel=\"canonical\" href=\"https:\/\/www.vdhurk.nl\/ro\/vehicule-comerciale-toyota\/\" \/>\n<meta property=\"og:locale\" content=\"ro_RO\" \/>\n<meta property=\"og:type\" content=\"article\" \/>\n<meta property=\"og:title\" content=\"Toyota bedrijfswagens voor zakelijke gebruikers aanschaffen\" \/>\n<meta property=\"og:description\" content=\"Ben jij op zoek naar een voertuig dat geschikt is voor zakelijk gebruik? Ontdek dan Toyota bedrijfswagens: veilig, betrouwbaar en effici\u00ebnt.\" \/>\n<meta property=\"og:url\" content=\"https:\/\/www.vdhurk.nl\/ro\/vehicule-comerciale-toyota\/\" \/>\n<meta property=\"og:site_name\" content=\"Van den Hurk Bedrijfswagens\" \/>\n<meta name=\"twitter:card\" content=\"summary_large_image\" \/>\n<meta name=\"twitter:label1\" content=\"Timp estimat pentru citire\" \/>\n\t<meta name=\"twitter:data1\" content=\"4 minute\" \/>\n<script type=\"application\/ld+json\" class=\"yoast-schema-graph\">{\"@context\":\"https:\\\/\\\/schema.org\",\"@graph\":[{\"@type\":\"WebPage\",\"@id\":\"https:\\\/\\\/www.vdhurk.nl\\\/toyota-bedrijfswagens\\\/\",\"url\":\"https:\\\/\\\/www.vdhurk.nl\\\/toyota-bedrijfswagens\\\/\",\"name\":\"Toyota bedrijfswagens voor zakelijke gebruikers aanschaffen\",\"isPartOf\":{\"@id\":\"https:\\\/\\\/www.vdhurk.nl\\\/#website\"},\"datePublished\":\"2024-08-08T06:44:00+00:00\",\"description\":\"Ben jij op zoek naar een voertuig dat geschikt is voor zakelijk gebruik? Ontdek dan Toyota bedrijfswagens: veilig, betrouwbaar en effici\u00ebnt.\",\"breadcrumb\":{\"@id\":\"https:\\\/\\\/www.vdhurk.nl\\\/toyota-bedrijfswagens\\\/#breadcrumb\"},\"inLanguage\":\"ro-RO\",\"potentialAction\":[{\"@type\":\"ReadAction\",\"target\":[\"https:\\\/\\\/www.vdhurk.nl\\\/toyota-bedrijfswagens\\\/\"]}]},{\"@type\":\"BreadcrumbList\",\"@id\":\"https:\\\/\\\/www.vdhurk.nl\\\/toyota-bedrijfswagens\\\/#breadcrumb\",\"itemListElement\":[{\"@type\":\"ListItem\",\"position\":1,\"name\":\"Home\",\"item\":\"https:\\\/\\\/www.vdhurk.nl\\\/home\\\/\"},{\"@type\":\"ListItem\",\"position\":2,\"name\":\"Toyota Bedrijfswagens\"}]},{\"@type\":\"WebSite\",\"@id\":\"https:\\\/\\\/www.vdhurk.nl\\\/#website\",\"url\":\"https:\\\/\\\/www.vdhurk.nl\\\/\",\"name\":\"Van den Hurk Bedrijfswagens\",\"description\":\"Van den Hurk bedrijfswagens Helmond\",\"potentialAction\":[{\"@type\":\"SearchAction\",\"target\":{\"@type\":\"EntryPoint\",\"urlTemplate\":\"https:\\\/\\\/www.vdhurk.nl\\\/?s={search_term_string}\"},\"query-input\":{\"@type\":\"PropertyValueSpecification\",\"valueRequired\":true,\"valueName\":\"search_term_string\"}}],\"inLanguage\":\"ro-RO\"}]}<\/script>\n<!-- \/ Yoast SEO plugin. -->","yoast_head_json":{"title":"Achizi\u021bionarea de vehicule comerciale Toyota pentru utilizatorii de afaceri","description":"C\u0103uta\u021bi un vehicul potrivit pentru uz profesional? Atunci descoperi\u021bi vehiculele comerciale Toyota: sigure, fiabile \u0219i eficiente.","robots":{"index":"index","follow":"follow","max-snippet":"max-snippet:-1","max-image-preview":"max-image-preview:large","max-video-preview":"max-video-preview:-1"},"canonical":"https:\/\/www.vdhurk.nl\/ro\/vehicule-comerciale-toyota\/","og_locale":"ro_RO","og_type":"article","og_title":"Toyota bedrijfswagens voor zakelijke gebruikers aanschaffen","og_description":"Ben jij op zoek naar een voertuig dat geschikt is voor zakelijk gebruik? Ontdek dan Toyota bedrijfswagens: veilig, betrouwbaar en effici\u00ebnt.","og_url":"https:\/\/www.vdhurk.nl\/ro\/vehicule-comerciale-toyota\/","og_site_name":"Van den Hurk Bedrijfswagens","twitter_card":"summary_large_image","twitter_misc":{"Timp estimat pentru citire":"4 minute"},"schema":{"@context":"https:\/\/schema.org","@graph":[{"@type":"WebPage","@id":"https:\/\/www.vdhurk.nl\/toyota-bedrijfswagens\/","url":"https:\/\/www.vdhurk.nl\/toyota-bedrijfswagens\/","name":"Achizi\u021bionarea de vehicule comerciale Toyota pentru utilizatorii de afaceri","isPartOf":{"@id":"https:\/\/www.vdhurk.nl\/#website"},"datePublished":"2024-08-08T06:44:00+00:00","description":"C\u0103uta\u021bi un vehicul potrivit pentru uz profesional? Atunci descoperi\u021bi vehiculele comerciale Toyota: sigure, fiabile \u0219i eficiente.","breadcrumb":{"@id":"https:\/\/www.vdhurk.nl\/toyota-bedrijfswagens\/#breadcrumb"},"inLanguage":"ro-RO","potentialAction":[{"@type":"ReadAction","target":["https:\/\/www.vdhurk.nl\/toyota-bedrijfswagens\/"]}]},{"@type":"BreadcrumbList","@id":"https:\/\/www.vdhurk.nl\/toyota-bedrijfswagens\/#breadcrumb","itemListElement":[{"@type":"ListItem","position":1,"name":"Home","item":"https:\/\/www.vdhurk.nl\/home\/"},{"@type":"ListItem","position":2,"name":"Toyota Bedrijfswagens"}]},{"@type":"WebSite","@id":"https:\/\/www.vdhurk.nl\/#website","url":"https:\/\/www.vdhurk.nl\/","name":"Vehicule comerciale Van den Hurk","description":"Vehicule comerciale Van den Hurk Helmond","potentialAction":[{"@type":"SearchAction","target":{"@type":"EntryPoint","urlTemplate":"https:\/\/www.vdhurk.nl\/?s={search_term_string}"},"query-input":{"@type":"PropertyValueSpecification","valueRequired":true,"valueName":"search_term_string"}}],"inLanguage":"ro-RO"}]}},"_links":{"self":[{"href":"https:\/\/www.vdhurk.nl\/ro\/wp-json\/wp\/v2\/pages\/398333","targetHints":{"allow":["GET"]}}],"collection":[{"href":"https:\/\/www.vdhurk.nl\/ro\/wp-json\/wp\/v2\/pages"}],"about":[{"href":"https:\/\/www.vdhurk.nl\/ro\/wp-json\/wp\/v2\/types\/page"}],"author":[{"embeddable":true,"href":"https:\/\/www.vdhurk.nl\/ro\/wp-json\/wp\/v2\/users\/3"}],"replies":[{"embeddable":true,"href":"https:\/\/www.vdhurk.nl\/ro\/wp-json\/wp\/v2\/comments?post=398333"}],"version-history":[{"count":1,"href":"https:\/\/www.vdhurk.nl\/ro\/wp-json\/wp\/v2\/pages\/398333\/revisions"}],"predecessor-version":[{"id":398334,"href":"https:\/\/www.vdhurk.nl\/ro\/wp-json\/wp\/v2\/pages\/398333\/revisions\/398334"}],"wp:attachment":[{"href":"https:\/\/www.vdhurk.nl\/ro\/wp-json\/wp\/v2\/media?parent=398333"}],"curies":[{"name":"wp","href":"https:\/\/api.w.org\/{rel}","templated":true}]}}