{"id":397536,"date":"2024-08-02T10:30:26","date_gmt":"2024-08-02T08:30:26","guid":{"rendered":"https:\/\/www.vdhurk.nl\/?page_id=397536"},"modified":"2024-08-02T10:30:26","modified_gmt":"2024-08-02T08:30:26","slug":"mercedes-21","status":"publish","type":"page","link":"https:\/\/www.vdhurk.nl\/ro\/fiat-bedrijfswagens\/doblo\/","title":{"rendered":"Fiat Doblo"},"content":{"rendered":"<section  class='av_textblock_section av-lu8gnh7d-4ac895489941e586c1d7c8cb72318135'  itemscope=\"itemscope\" itemtype=\"https:\/\/schema.org\/CreativeWork\" ><div class='avia_textblock'  itemprop=\"text\" ><h1>Cumperi o ocazie Fiat Doblo?<\/h1>\n<p>C\u0103uta\u021bi un vehicul comercial? Atunci Fiat Doblo occasion merit\u0103 cu siguran\u021b\u0103 luat \u00een considerare. Acest vehicul combin\u0103 func\u021bionalitatea, eficien\u021ba \u0219i confortul \u00eentr-un mod care se potrive\u0219te perfect nevoilor de afaceri. Asta este ceea ce acest model este conceput s\u0103 fac\u0103. Fiat Doblo este cunoscut pentru versatilitatea \u0219i caracterul s\u0103u practic, f\u0103c\u00e2ndu-l un favorit \u00een r\u00e2ndul multor utilizatori de afaceri. Modelul ofer\u0103 un mix excelent de caracteristici care v\u0103 simplific\u0103 sarcinile zilnice. Afla\u021bi mai multe despre acest vehicul.<\/p>\n<\/div><\/section>\n\n<style type=\"text\/css\" data-created_by=\"avia_inline_auto\" id=\"style-css-av-lujjddpd-afa3d7a9eabd61123e643ed1228e781e\">\n#top .hr.hr-invisible.av-lujjddpd-afa3d7a9eabd61123e643ed1228e781e{\nheight:50px;\n}\n<\/style>\n<div  class='hr av-lujjddpd-afa3d7a9eabd61123e643ed1228e781e hr-invisible  avia-builder-el-1  el_after_av_textblock  el_before_av_codeblock'><span class='hr-inner'><span class=\"hr-inner-style\"><\/span><\/span><\/div>\n\n\n<style type=\"text\/css\" data-created_by=\"avia_inline_auto\" id=\"style-css-av-ah0xd-63338d9dc6b40410e22a712829c369d6\">\n#top .hr.hr-invisible.av-ah0xd-63338d9dc6b40410e22a712829c369d6{\nheight:50px;\n}\n<\/style>\n<div  class='hr av-ah0xd-63338d9dc6b40410e22a712829c369d6 hr-invisible  avia-builder-el-3  el_after_av_codeblock  el_before_av_textblock'><span class='hr-inner'><span class=\"hr-inner-style\"><\/span><\/span><\/div>\n<section  class='av_textblock_section av-lu8gow1e-300853e458ed741bd87d6cb78e55cc7a'  itemscope=\"itemscope\" itemtype=\"https:\/\/schema.org\/CreativeWork\" ><div class='avia_textblock'  itemprop=\"text\" ><h2>6 motive pentru a alege Fiat Doblo<\/h2>\n<p>Fiat Doblo iese \u00een eviden\u021b\u0103 pe pia\u021ba vehiculelor comerciale datorit\u0103 mai multor avantaje. Acest lucru face din acest vehicul comercial o alegere atractiv\u0103 pentru utilizatorii de afaceri:<\/p>\n<ul>\n<li><strong>Spa\u021biu de \u00eenc\u0103rcare spa\u021bios:<\/strong> Doblo ofer\u0103 unul dintre cele mai spa\u021bioase compartimente de \u00eenc\u0103rcare din clasa sa, cu diverse op\u021biuni de configurare at\u00e2t pentru lungime, c\u00e2t \u0219i pentru \u00een\u0103l\u021bime. Acest lucru faciliteaz\u0103 satisfacerea nevoilor logistice specifice, cum ar fi transportul diferitelor tipuri de bunuri sau unelte.<\/li>\n<li><strong>Eficien\u021ba consumului de combustibil:<\/strong> Datorit\u0103 tehnologiei moderne a motorului, acest vehicul este cunoscut pentru eficien\u021ba consumului de combustibil. Acest lucru duce la costuri de operare mai mici \u0219i la un impact redus asupra mediului, ceea ce este deosebit de important pentru companiile care c\u0103l\u0103toresc pe distan\u021be lungi.<\/li>\n<li><strong>Confort ridicat:<\/strong> Interiorul este proiectat cu accent pe confort \u0219i ergonomie. Scaunele robuste, materialele de \u00eenalt\u0103 calitate \u0219i solu\u021biile de depozitare bine g\u00e2ndite asigur\u0103 c\u0103 zilele lungi de lucru r\u0103m\u00e2n confortabile. Acest lucru contribuie la satisfac\u021bia \u0219oferului \u0219i a pasagerilor \u00een timpul c\u0103l\u0103toriilor lungi.<\/li>\n<li><strong>Facilit\u0103\u021bi tehnologice:<\/strong> Acest model este echipat cu caracteristici tehnologice moderne, cum ar fi un sistem infotainment, conectivitate Bluetooth \u0219i naviga\u021bie op\u021bional\u0103. Acest lucru contribuie at\u00e2t la confort, c\u00e2t \u0219i la productivitate \u00een timpul lucrului.<\/li>\n<li><strong>Fiabilitate:<\/strong> Fiat este cunoscut pentru vehiculele sale fiabile. Aici, Doblo nu face excep\u021bie. Calitatea robust\u0103 a construc\u021biei \u0219i componentele fiabile asigur\u0103 faptul c\u0103 acest vehicul comercial poate rezista la sarcini grele \u0219i la utilizarea pe termen lung. Acest lucru are ca rezultat mai pu\u021bine perioade de nefunc\u021bionare \u0219i costuri de \u00eentre\u021binere mai mici.<\/li>\n<li><strong>Aspect profesional:<\/strong> De\u021binerea unui Fiat Doblo eman\u0103 profesionalism. Fiat ca marc\u0103 are o reputa\u021bie puternic\u0103 \u00een industria auto, ceea ce poate contribui la o imagine pozitiv\u0103 pentru afacerea dvs.<\/li>\n<\/ul>\n<p>Combin\u00e2nd aceste avantaje, Fiat Doblo ofer\u0103 un mix de func\u021bionalitate, eficien\u021b\u0103 \u0219i confort care \u00eel transform\u0103 \u00eentr-o alegere excelent\u0103 pentru utilizatorii de afaceri care caut\u0103 un vehicul comercial fiabil \u0219i versatil.<\/p>\n<\/div><\/section>\n<div class='flex_column av-f64w1-da126f42b61613402309283c14245a25 av_one_half  avia-builder-el-5  el_after_av_textblock  el_before_av_one_third  first flex_column_div column-top-margin'   ><section  class='av_textblock_section av-lu8gpqre-73cc2c17e6a6497ba6e1b58af22bd9e8'  itemscope=\"itemscope\" itemtype=\"https:\/\/schema.org\/CreativeWork\" ><div class='avia_textblock'  itemprop=\"text\" ><h2>Cump\u0103r\u0103 Fiat Doblo folosit sau nou<\/h2>\n<p>La Van den Hurk este posibil s\u0103 achizi\u021biona\u021bi at\u00e2t vehicule noi, c\u00e2t \u0219i second-hand. Achizi\u021bionarea unui Fiat Doblo este o investi\u021bie costisitoare pentru orice afacere. Prin urmare, este \u00een\u021belept s\u0103 analiza\u021bi cu aten\u021bie ce op\u021biune se potrive\u0219te cel mai bine nevoilor dumneavoastr\u0103. Luarea \u00een considerare a ambelor op\u021biuni v\u0103 va permite s\u0103 lua\u021bi o decizie \u00een cuno\u0219tin\u021b\u0103 de cauz\u0103 care s\u0103 se potriveasc\u0103 bugetului \u0219i obiectivelor dvs. de afaceri. La Van den Hurk, suntem preg\u0103ti\u021bi s\u0103 v\u0103 ajut\u0103m s\u0103 face\u021bi aceast\u0103 alegere \u0219i s\u0103 v\u0103 oferim consiliere personalizat\u0103 pentru a v\u0103 ajuta s\u0103 lua\u021bi decizia corect\u0103 pentru afacerea dumneavoastr\u0103.<\/p>\n<\/div><\/section><\/div><div class='flex_column av-aldk9-ee694297f5c4032981677a02caab84d6 av_one_third  avia-builder-el-7  el_after_av_one_half  el_before_av_hr  flex_column_div column-top-margin'   ><style type=\"text\/css\" data-created_by=\"avia_inline_auto\" id=\"style-css-av-l1w9kpsf-4ec3fab772ec7a9adaa33cfc64ff0475\">\n.avia-image-container.av-l1w9kpsf-4ec3fab772ec7a9adaa33cfc64ff0475 .av-image-caption-overlay-center{\ncolor:#ffffff;\n}\n<\/style>\n<div  class='avia-image-container av-l1w9kpsf-4ec3fab772ec7a9adaa33cfc64ff0475 av-styling- avia-align-center  avia-builder-el-8  avia-builder-el-no-sibling'  itemprop=\"image\" itemscope=\"itemscope\" itemtype=\"https:\/\/schema.org\/ImageObject\" ><div class=\"avia-image-container-inner\"><div class=\"avia-image-overlay-wrap\"><img decoding=\"async\" class='wp-image-187 avia-img-lazy-loading-not-187 avia_image' src=\"https:\/\/www.vdhurk.nl\/wp-content\/uploads\/2022\/03\/Voorrad.png\" alt='' title='Stoc'  height=\"758\" width=\"1135\"  itemprop=\"thumbnailUrl\" srcset=\"https:\/\/www.vdhurk.nl\/wp-content\/uploads\/2022\/03\/Voorrad.png 1135w, https:\/\/www.vdhurk.nl\/wp-content\/uploads\/2022\/03\/Voorrad-300x200.png 300w, https:\/\/www.vdhurk.nl\/wp-content\/uploads\/2022\/03\/Voorrad-1030x688.png 1030w, https:\/\/www.vdhurk.nl\/wp-content\/uploads\/2022\/03\/Voorrad-768x513.png 768w, https:\/\/www.vdhurk.nl\/wp-content\/uploads\/2022\/03\/Voorrad-18x12.png 18w, https:\/\/www.vdhurk.nl\/wp-content\/uploads\/2022\/03\/Voorrad-705x471.png 705w\" sizes=\"(max-width: 1135px) 100vw, 1135px\" \/><\/div><\/div><\/div><\/div><\/p>\n\n<style type=\"text\/css\" data-created_by=\"avia_inline_auto\" id=\"style-css-av-luqrjpjc-5a23a1fb5f94718ca85316a9df963e2f\">\n#top .hr.hr-invisible.av-luqrjpjc-5a23a1fb5f94718ca85316a9df963e2f{\nheight:50px;\n}\n<\/style>\n<div  class='hr av-luqrjpjc-5a23a1fb5f94718ca85316a9df963e2f hr-invisible  avia-builder-el-9  el_after_av_one_third  el_before_av_textblock'><span class='hr-inner'><span class=\"hr-inner-style\"><\/span><\/span><\/div>\n<section  class='av_textblock_section av-lu8gtjw7-4f3cee9304909518d86d2860d9d582dd'  itemscope=\"itemscope\" itemtype=\"https:\/\/schema.org\/CreativeWork\" ><div class='avia_textblock'  itemprop=\"text\" ><h2>Fiat Doblo leasing<\/h2>\n<p>Leasingul financiar este o op\u021biune de finan\u021bare popular\u0103 pentru companiile care doresc s\u0103 cumpere un vehicul comercial precum Fiat Doblo, f\u0103r\u0103 a face imediat investi\u021bii mari de capital. Astfel, nu trebuie s\u0103 pl\u0103ti\u021bi o sum\u0103 mare dintr-o singur\u0103 dat\u0103. La <a href=\"https:\/\/www.vdhurk.nl\/ro\/leasing-financiar\/\">leasing financiar<\/a> vehiculul comercial devine proprietatea dumneavoastr\u0103 \u00een timp ce \u00eel achita\u021bi \u00een rate. Pl\u0103ti\u021bi o sum\u0103 fix\u0103 pe lun\u0103 pe durata contractului de leasing. \u00cen acest fel, v\u0103 face\u021bi invizibil\u0103 planificarea financiar\u0103. Aceasta deoarece costurile r\u0103m\u00e2n constante. De asemenea, pute\u021bi alege \u00eentre diferite termene care s\u0103 se potriveasc\u0103 bugetului \u0219i nevoilor dumneavoastr\u0103. Spre deosebire de alte forme de leasing, de obicei nu exist\u0103 restric\u021bii privind num\u0103rul de kilometri pe care \u00eei pute\u021bi conduce. Astfel, pute\u021bi merge oriunde dori\u021bi.<\/p>\n<h2>Dispozitive de siguran\u021b\u0103<\/h2>\n<p>Fiat Doblo are o serie de caracteristici de siguran\u021b\u0103 care ofer\u0103 protec\u021bie \u00een timpul condusului. Acestea includ ABS, ESP, airbag-uri \u0219i cruise control. Fie c\u0103 transporta\u021bi bunuri \u00een zonele urbane sau c\u0103l\u0103tori\u021bi pe distan\u021be lungi, aceste caracteristici de siguran\u021b\u0103 v\u0103 permit s\u0103 lucra\u021bi \u00een siguran\u021b\u0103 \u0219i eficient, ceea ce este esen\u021bial pentru succesul opera\u021biunilor. Datorit\u0103 acestor caracteristici de siguran\u021b\u0103, modelul <a href=\"https:\/\/www.vdhurk.nl\/ro\/vehicule-comerciale\/fiat\/\">Vehicule comerciale Fiat<\/a> o alegere fiabil\u0103 pentru utilizatorii de afaceri.<\/p>\n<h2>Alege\u021bi vehicule comerciale fiabile de la Van den Hurk<\/h2>\n<p>Dac\u0103 sunte\u021bi un utilizator de afaceri care caut\u0103 o ma\u0219in\u0103 de companie, Fiat Doblo merit\u0103 cu siguran\u021b\u0103 luat \u00een considerare. Cu o capacitate mare de \u00eenc\u0103rcare \u0219i un nivel ridicat de confort, acest model satisface diverse nevoi de afaceri. Indiferent dac\u0103 opta\u021bi pentru un model nou sau folosit, la Van den Hurk suntem preg\u0103ti\u021bi s\u0103 v\u0103 ghid\u0103m \u00een fiecare etap\u0103 a procesului. \u00cen acest fel, pute\u021bi fi siguri c\u0103 face\u021bi alegerea corect\u0103.<\/p>\n<\/div><\/section>","protected":false},"excerpt":{"rendered":"","protected":false},"author":3,"featured_media":0,"parent":372075,"menu_order":0,"comment_status":"closed","ping_status":"closed","template":"","meta":{"_acf_changed":false,"_improvement_type_select":"improve_an_existing","_thumb_yes_seoaic":false,"_frame_yes_seoaic":false,"seoaic_generate_description":"","seoaic_improve_instructions_prompt":"","seoaic_rollback_content_improvement":"","seoaic_idea_thumbnail_generator":"","thumbnail_generated":false,"thumbnail_generate_prompt":"","seoaic_article_description":"","footnotes":""},"class_list":["post-397536","page","type-page","status-publish","hentry"],"acf":[],"yoast_head":"<!-- This site is optimized with the Yoast SEO plugin v27.3 - https:\/\/yoast.com\/product\/yoast-seo-wordpress\/ -->\n<title>Alles wat je wilt weten over de Fiat Doblo occasion<\/title>\n<meta name=\"description\" content=\"Overweeg jij een Fiat Doblo occasion te kopen of leasen? Ontdek dan alle specificaties van dit voertuig en ontdek of het aansluit bij jouw zakelijke behoeften.\" \/>\n<meta name=\"robots\" content=\"index, follow, max-snippet:-1, max-image-preview:large, max-video-preview:-1\" \/>\n<link rel=\"canonical\" href=\"https:\/\/www.vdhurk.nl\/ro\/vehicule-comerciale-fiat\/mercedes-21\/\" \/>\n<meta property=\"og:locale\" content=\"ro_RO\" \/>\n<meta property=\"og:type\" content=\"article\" \/>\n<meta property=\"og:title\" content=\"Alles wat je wilt weten over de Fiat Doblo occasion\" \/>\n<meta property=\"og:description\" content=\"Overweeg jij een Fiat Doblo occasion te kopen of leasen? Ontdek dan alle specificaties van dit voertuig en ontdek of het aansluit bij jouw zakelijke behoeften.\" \/>\n<meta property=\"og:url\" content=\"https:\/\/www.vdhurk.nl\/ro\/vehicule-comerciale-fiat\/mercedes-21\/\" \/>\n<meta property=\"og:site_name\" content=\"Van den Hurk Bedrijfswagens\" \/>\n<meta name=\"twitter:card\" content=\"summary_large_image\" \/>\n<meta name=\"twitter:label1\" content=\"Timp estimat pentru citire\" \/>\n\t<meta name=\"twitter:data1\" content=\"6 minute\" \/>\n<script type=\"application\/ld+json\" class=\"yoast-schema-graph\">{\"@context\":\"https:\\\/\\\/schema.org\",\"@graph\":[{\"@type\":\"WebPage\",\"@id\":\"https:\\\/\\\/www.vdhurk.nl\\\/fiat-bedrijfswagens\\\/doblo\\\/\",\"url\":\"https:\\\/\\\/www.vdhurk.nl\\\/fiat-bedrijfswagens\\\/doblo\\\/\",\"name\":\"Alles wat je wilt weten over de Fiat Doblo occasion\",\"isPartOf\":{\"@id\":\"https:\\\/\\\/www.vdhurk.nl\\\/#website\"},\"datePublished\":\"2024-08-02T08:30:26+00:00\",\"description\":\"Overweeg jij een Fiat Doblo occasion te kopen of leasen? Ontdek dan alle specificaties van dit voertuig en ontdek of het aansluit bij jouw zakelijke behoeften.\",\"breadcrumb\":{\"@id\":\"https:\\\/\\\/www.vdhurk.nl\\\/fiat-bedrijfswagens\\\/doblo\\\/#breadcrumb\"},\"inLanguage\":\"ro-RO\",\"potentialAction\":[{\"@type\":\"ReadAction\",\"target\":[\"https:\\\/\\\/www.vdhurk.nl\\\/fiat-bedrijfswagens\\\/doblo\\\/\"]}]},{\"@type\":\"BreadcrumbList\",\"@id\":\"https:\\\/\\\/www.vdhurk.nl\\\/fiat-bedrijfswagens\\\/doblo\\\/#breadcrumb\",\"itemListElement\":[{\"@type\":\"ListItem\",\"position\":1,\"name\":\"Home\",\"item\":\"https:\\\/\\\/www.vdhurk.nl\\\/home\\\/\"},{\"@type\":\"ListItem\",\"position\":2,\"name\":\"Fiat Bedrijfswagens\",\"item\":\"https:\\\/\\\/www.vdhurk.nl\\\/fiat-bedrijfswagens\\\/\"},{\"@type\":\"ListItem\",\"position\":3,\"name\":\"Fiat Doblo\"}]},{\"@type\":\"WebSite\",\"@id\":\"https:\\\/\\\/www.vdhurk.nl\\\/#website\",\"url\":\"https:\\\/\\\/www.vdhurk.nl\\\/\",\"name\":\"Van den Hurk Bedrijfswagens\",\"description\":\"Van den Hurk bedrijfswagens Helmond\",\"potentialAction\":[{\"@type\":\"SearchAction\",\"target\":{\"@type\":\"EntryPoint\",\"urlTemplate\":\"https:\\\/\\\/www.vdhurk.nl\\\/?s={search_term_string}\"},\"query-input\":{\"@type\":\"PropertyValueSpecification\",\"valueRequired\":true,\"valueName\":\"search_term_string\"}}],\"inLanguage\":\"ro-RO\"}]}<\/script>\n<!-- \/ Yoast SEO plugin. -->","yoast_head_json":{"title":"Tot ce vrei s\u0103 \u0219tii despre ocazia Fiat Doblo","description":"V\u0103 g\u00e2ndi\u021bi s\u0103 cump\u0103ra\u021bi sau s\u0103 \u00eenchiria\u021bi un Fiat Doblo ocazie? Atunci descoperi\u021bi toate specifica\u021biile acestui vehicul \u0219i afla\u021bi dac\u0103 se potrive\u0219te nevoilor dvs. de afaceri.","robots":{"index":"index","follow":"follow","max-snippet":"max-snippet:-1","max-image-preview":"max-image-preview:large","max-video-preview":"max-video-preview:-1"},"canonical":"https:\/\/www.vdhurk.nl\/ro\/vehicule-comerciale-fiat\/mercedes-21\/","og_locale":"ro_RO","og_type":"article","og_title":"Alles wat je wilt weten over de Fiat Doblo occasion","og_description":"Overweeg jij een Fiat Doblo occasion te kopen of leasen? Ontdek dan alle specificaties van dit voertuig en ontdek of het aansluit bij jouw zakelijke behoeften.","og_url":"https:\/\/www.vdhurk.nl\/ro\/vehicule-comerciale-fiat\/mercedes-21\/","og_site_name":"Van den Hurk Bedrijfswagens","twitter_card":"summary_large_image","twitter_misc":{"Timp estimat pentru citire":"6 minute"},"schema":{"@context":"https:\/\/schema.org","@graph":[{"@type":"WebPage","@id":"https:\/\/www.vdhurk.nl\/fiat-bedrijfswagens\/doblo\/","url":"https:\/\/www.vdhurk.nl\/fiat-bedrijfswagens\/doblo\/","name":"Tot ce vrei s\u0103 \u0219tii despre ocazia Fiat Doblo","isPartOf":{"@id":"https:\/\/www.vdhurk.nl\/#website"},"datePublished":"2024-08-02T08:30:26+00:00","description":"V\u0103 g\u00e2ndi\u021bi s\u0103 cump\u0103ra\u021bi sau s\u0103 \u00eenchiria\u021bi un Fiat Doblo ocazie? Atunci descoperi\u021bi toate specifica\u021biile acestui vehicul \u0219i afla\u021bi dac\u0103 se potrive\u0219te nevoilor dvs. de afaceri.","breadcrumb":{"@id":"https:\/\/www.vdhurk.nl\/fiat-bedrijfswagens\/doblo\/#breadcrumb"},"inLanguage":"ro-RO","potentialAction":[{"@type":"ReadAction","target":["https:\/\/www.vdhurk.nl\/fiat-bedrijfswagens\/doblo\/"]}]},{"@type":"BreadcrumbList","@id":"https:\/\/www.vdhurk.nl\/fiat-bedrijfswagens\/doblo\/#breadcrumb","itemListElement":[{"@type":"ListItem","position":1,"name":"Home","item":"https:\/\/www.vdhurk.nl\/home\/"},{"@type":"ListItem","position":2,"name":"Fiat Bedrijfswagens","item":"https:\/\/www.vdhurk.nl\/fiat-bedrijfswagens\/"},{"@type":"ListItem","position":3,"name":"Fiat Doblo"}]},{"@type":"WebSite","@id":"https:\/\/www.vdhurk.nl\/#website","url":"https:\/\/www.vdhurk.nl\/","name":"Vehicule comerciale Van den Hurk","description":"Vehicule comerciale Van den Hurk Helmond","potentialAction":[{"@type":"SearchAction","target":{"@type":"EntryPoint","urlTemplate":"https:\/\/www.vdhurk.nl\/?s={search_term_string}"},"query-input":{"@type":"PropertyValueSpecification","valueRequired":true,"valueName":"search_term_string"}}],"inLanguage":"ro-RO"}]}},"_links":{"self":[{"href":"https:\/\/www.vdhurk.nl\/ro\/wp-json\/wp\/v2\/pages\/397536","targetHints":{"allow":["GET"]}}],"collection":[{"href":"https:\/\/www.vdhurk.nl\/ro\/wp-json\/wp\/v2\/pages"}],"about":[{"href":"https:\/\/www.vdhurk.nl\/ro\/wp-json\/wp\/v2\/types\/page"}],"author":[{"embeddable":true,"href":"https:\/\/www.vdhurk.nl\/ro\/wp-json\/wp\/v2\/users\/3"}],"replies":[{"embeddable":true,"href":"https:\/\/www.vdhurk.nl\/ro\/wp-json\/wp\/v2\/comments?post=397536"}],"version-history":[{"count":1,"href":"https:\/\/www.vdhurk.nl\/ro\/wp-json\/wp\/v2\/pages\/397536\/revisions"}],"predecessor-version":[{"id":397537,"href":"https:\/\/www.vdhurk.nl\/ro\/wp-json\/wp\/v2\/pages\/397536\/revisions\/397537"}],"up":[{"embeddable":true,"href":"https:\/\/www.vdhurk.nl\/ro\/wp-json\/wp\/v2\/pages\/372075"}],"wp:attachment":[{"href":"https:\/\/www.vdhurk.nl\/ro\/wp-json\/wp\/v2\/media?parent=397536"}],"curies":[{"name":"wp","href":"https:\/\/api.w.org\/{rel}","templated":true}]}}