{"id":397532,"date":"2024-08-01T16:13:36","date_gmt":"2024-08-01T14:13:36","guid":{"rendered":"https:\/\/www.vdhurk.nl\/?page_id=397532"},"modified":"2024-08-01T16:13:36","modified_gmt":"2024-08-01T14:13:36","slug":"mercedes-22","status":"publish","type":"page","link":"https:\/\/www.vdhurk.nl\/ro\/mercedes-bedrijfswagens\/citan\/","title":{"rendered":"Mercedes Citan"},"content":{"rendered":"<section  class='av_textblock_section av-lu8gnh7d-4ac895489941e586c1d7c8cb72318135'  itemscope=\"itemscope\" itemtype=\"https:\/\/schema.org\/CreativeWork\" ><div class='avia_textblock'  itemprop=\"text\" ><h1>Mercedes Citan utilizat ca vehicul comercial<\/h1>\n<p>Mercedes Citan occasion este un van care se distinge prin versatilitatea sa \u0219i confortul Mercedes-Benz. \u00cenc\u0103 de la introducerea sa, acest model a fost conceput at\u00e2t pentru distribu\u021bia \u00een ora\u0219, c\u00e2t \u0219i pentru distan\u021be lungi. Ca urmare, acest model ofer\u0103 un mix excelent \u00eentre func\u021bionalitate \u0219i confortul condusului. Acest lucru face ca mixul excelent de func\u021bionalitate \u0219i confort la condus. Acest lucru \u00eel face o alegere popular\u0103 pentru antreprenori.<\/p>\n<\/div><\/section>\n\n<style type=\"text\/css\" data-created_by=\"avia_inline_auto\" id=\"style-css-av-lujjddpd-afa3d7a9eabd61123e643ed1228e781e\">\n#top .hr.hr-invisible.av-lujjddpd-afa3d7a9eabd61123e643ed1228e781e{\nheight:50px;\n}\n<\/style>\n<div  class='hr av-lujjddpd-afa3d7a9eabd61123e643ed1228e781e hr-invisible  avia-builder-el-1  el_after_av_textblock  el_before_av_codeblock'><span class='hr-inner'><span class=\"hr-inner-style\"><\/span><\/span><\/div>\n\n\n<style type=\"text\/css\" data-created_by=\"avia_inline_auto\" id=\"style-css-av-ah0xd-63338d9dc6b40410e22a712829c369d6\">\n#top .hr.hr-invisible.av-ah0xd-63338d9dc6b40410e22a712829c369d6{\nheight:50px;\n}\n<\/style>\n<div  class='hr av-ah0xd-63338d9dc6b40410e22a712829c369d6 hr-invisible  avia-builder-el-3  el_after_av_codeblock  el_before_av_textblock'><span class='hr-inner'><span class=\"hr-inner-style\"><\/span><\/span><\/div>\n<section  class='av_textblock_section av-lu8gow1e-300853e458ed741bd87d6cb78e55cc7a'  itemscope=\"itemscope\" itemtype=\"https:\/\/schema.org\/CreativeWork\" ><div class='avia_textblock'  itemprop=\"text\" ><h2>5 motive pentru care Mercedes Citan este o alegere popular\u0103<\/h2>\n<p>Mercedes Citan este o alegere popular\u0103 deoarece acest model vine cu mai multe avantaje:<\/p>\n<ul>\n<li><strong>Fiabilitate:<\/strong> Mercedes-Benz este cunoscut pentru calitatea sa ridicat\u0103 \u0219i, prin urmare, pentru fiabilitatea sa. Acest lucru este valabil \u0219i pentru modelul Citan. Cu acest model, v\u0103 pute\u021bi a\u0219tepta la o durat\u0103 lung\u0103 de via\u021b\u0103.<\/li>\n<li><strong>Eficien\u021ba combustibilului<\/strong>: Citan este proiectat \u021bin\u00e2nd cont de eficien\u021ba consumului de combustibil. Acest lucru asigur\u0103 costuri de operare mai mici. Acest lucru este avantajos, \u00een special pentru companiile care acoper\u0103 multe \u0219i lungi distan\u021be.<\/li>\n<li><strong>O mul\u021bime de spa\u021biu de \u00eenc\u0103rcare:<\/strong> Capacitatea sa mare de \u00eenc\u0103rcare \u0219i posibilitatea de a personaliza interiorul sunt deosebit de valoroase pentru companiile cu cerin\u021be logistice diverse.<\/li>\n<li><strong>Confort la condus \u0219i caracteristici de siguran\u021b\u0103:<\/strong> Citan combin\u0103 robuste\u021bea unui vehicul comercial cu confortul unui autoturism. Acest lucru asigur\u0103 o experien\u021b\u0103 pl\u0103cut\u0103 la volan, chiar \u0219i pe parcursul c\u0103l\u0103toriilor lungi. \u00cen plus, Citan este echipat cu caracteristici de siguran\u021b\u0103 care asigur\u0103 siguran\u021ba \u0219oferului \u0219i a pasagerilor.<\/li>\n<li><strong>Aspect profesional:<\/strong> Un vehicul comercial Mercedes eman\u0103 profesionalism. Pentru companii, de\u021binerea unui vehicul de la o marc\u0103 de renume precum Mercedes-Benz poate contribui la o imagine pozitiv\u0103 \u00een fa\u021ba clien\u021bilor \u0219i partenerilor.<\/li>\n<\/ul>\n<p>Aceste avantaje fac din Mercedes Citan o alegere popular\u0103 pentru companiile care caut\u0103 un vehicul comercial de \u00eenalt\u0103 performan\u021b\u0103.<\/p>\n<\/div><\/section>\n<div class='flex_column av-f64w1-da126f42b61613402309283c14245a25 av_one_half  avia-builder-el-5  el_after_av_textblock  el_before_av_one_third  first flex_column_div column-top-margin'   ><section  class='av_textblock_section av-lu8gpqre-73cc2c17e6a6497ba6e1b58af22bd9e8'  itemscope=\"itemscope\" itemtype=\"https:\/\/schema.org\/CreativeWork\" ><div class='avia_textblock'  itemprop=\"text\" ><h2>Interiorul modelului Mercedes Citan<\/h2>\n<p>Mercedes Citan este proiectat cu accent pe confort, func\u021bionalitate \u0219i u\u0219urin\u021b\u0103 \u00een conducere. Acest lucru \u00eel face o op\u021biune atractiv\u0103 pentru afacerile corporative. Interiorul este proiectat ergonomic pentru a oferi confort maxim. Scaunele sunt bine conturate \u0219i ofer\u0103 suport, ceea ce face mai atractiv\u0103 conducerea pe distan\u021be lungi. <a href=\"https:\/\/www.vdhurk.nl\/ro\/vehicule-comerciale\/mercedes\/\">Vehicule comerciale Mercedes<\/a> utilizeaz\u0103 materiale de \u00eenalt\u0103 calitate \u00een interior, rezult\u00e2nd un sentiment de lux. Interiorul ofer\u0103 mult spa\u021biu \u0219i este proiectat func\u021bional. Exist\u0103 mult spa\u021biu, ceea ce faciliteaz\u0103 condusul. \u00cen plus, exist\u0103 mai multe op\u021biuni de depozitare pentru a depozita cu u\u0219urin\u021b\u0103 lucrurile.<\/p>\n<\/div><\/section><\/div><div class='flex_column av-aldk9-ee694297f5c4032981677a02caab84d6 av_one_third  avia-builder-el-7  el_after_av_one_half  el_before_av_hr  flex_column_div column-top-margin'   ><style type=\"text\/css\" data-created_by=\"avia_inline_auto\" id=\"style-css-av-l1w9kpsf-4ec3fab772ec7a9adaa33cfc64ff0475\">\n.avia-image-container.av-l1w9kpsf-4ec3fab772ec7a9adaa33cfc64ff0475 .av-image-caption-overlay-center{\ncolor:#ffffff;\n}\n<\/style>\n<div  class='avia-image-container av-l1w9kpsf-4ec3fab772ec7a9adaa33cfc64ff0475 av-styling- avia-align-center  avia-builder-el-8  avia-builder-el-no-sibling'  itemprop=\"image\" itemscope=\"itemscope\" itemtype=\"https:\/\/schema.org\/ImageObject\" ><div class=\"avia-image-container-inner\"><div class=\"avia-image-overlay-wrap\"><img decoding=\"async\" class='wp-image-187 avia-img-lazy-loading-not-187 avia_image' src=\"https:\/\/www.vdhurk.nl\/wp-content\/uploads\/2022\/03\/Voorrad.png\" alt='' title='Stoc'  height=\"758\" width=\"1135\"  itemprop=\"thumbnailUrl\" srcset=\"https:\/\/www.vdhurk.nl\/wp-content\/uploads\/2022\/03\/Voorrad.png 1135w, https:\/\/www.vdhurk.nl\/wp-content\/uploads\/2022\/03\/Voorrad-300x200.png 300w, https:\/\/www.vdhurk.nl\/wp-content\/uploads\/2022\/03\/Voorrad-1030x688.png 1030w, https:\/\/www.vdhurk.nl\/wp-content\/uploads\/2022\/03\/Voorrad-768x513.png 768w, https:\/\/www.vdhurk.nl\/wp-content\/uploads\/2022\/03\/Voorrad-18x12.png 18w, https:\/\/www.vdhurk.nl\/wp-content\/uploads\/2022\/03\/Voorrad-705x471.png 705w\" sizes=\"(max-width: 1135px) 100vw, 1135px\" \/><\/div><\/div><\/div><\/div><\/p>\n\n<style type=\"text\/css\" data-created_by=\"avia_inline_auto\" id=\"style-css-av-luqrjpjc-5a23a1fb5f94718ca85316a9df963e2f\">\n#top .hr.hr-invisible.av-luqrjpjc-5a23a1fb5f94718ca85316a9df963e2f{\nheight:50px;\n}\n<\/style>\n<div  class='hr av-luqrjpjc-5a23a1fb5f94718ca85316a9df963e2f hr-invisible  avia-builder-el-9  el_after_av_one_third  el_before_av_textblock'><span class='hr-inner'><span class=\"hr-inner-style\"><\/span><\/span><\/div>\n<section  class='av_textblock_section av-lu8gtjw7-4f3cee9304909518d86d2860d9d582dd'  itemscope=\"itemscope\" itemtype=\"https:\/\/schema.org\/CreativeWork\" ><div class='avia_textblock'  itemprop=\"text\" ><h2>Cumpararea unui Mercedes Citan: ce considerente trebuie sa luati in considerare?<\/h2>\n<p>Cump\u0103rarea unui Mercedes Citan este o investi\u021bie inteligent\u0103 pentru companiile comerciale, Te g\u00e2nde\u0219ti s\u0103 cumperi acest model? Atunci este bine s\u0103 lua\u021bi \u00een considerare anumite aspecte. Pentru ce ve\u021bi folosi ma\u0219ina de serviciu, c\u00e2t de des o ve\u021bi folosi \u0219i pe ce distan\u021be? \u00cen plus, este bine s\u0103 alege\u021bi \u0219i dac\u0103 dori\u021bi un vehicul comercial nou sau second-hand. Noi oferim ambele op\u021biuni. Nu sunte\u021bi sigur care se potrive\u0219te cel mai bine nevoilor dvs. de afaceri? Nicio problem\u0103. Vom fi bucuro\u0219i s\u0103 v\u0103 sf\u0103tuim.<\/p>\n<h2>Leasingul unui Mercedes Citan<\/h2>\n<p>Leasingul este o op\u021biune de finan\u021bare frecvent utilizat\u0103 la Van den Hurk pentru companiile care doresc s\u0103 cumpere un vehicul comercial, dar nu doresc s\u0103 pl\u0103teasc\u0103 \u00eentreaga sum\u0103 dintr-o dat\u0103. Cu ajutorul nostru <a href=\"https:\/\/www.vdhurk.nl\/ro\/leasing-financiar\/\">leasing financiar<\/a> \u00cen cadrul unui contract de leasing, lua\u021bi \u00een folosin\u021b\u0103 vehiculul comercial \u0219i pl\u0103ti\u021bi o sum\u0103 lunar\u0103 de leasing. La sf\u00e2r\u0219itul perioadei de leasing, deveni\u021bi proprietarul vehiculului comercial.<\/p>\n<h2>Facilit\u0103\u021bi<\/h2>\n<p>Mercedes Citan este o dubi\u021b\u0103 versatil\u0103 \u0219i fiabil\u0103 care are mai multe caracteristici de siguran\u021b\u0103 \u0219i confort. Printre acestea se num\u0103r\u0103 o camer\u0103 de parcare, detectarea unghiului mort, detectarea semnelor de circula\u021bie, evitarea coliziunilor \u0219i asistentul de band\u0103. \u00cen plus, nu trebuie s\u0103 v\u0103 face\u021bi griji cu privire la zilele toride de var\u0103. Acest lucru se datoreaz\u0103 faptului c\u0103 ma\u0219ina de serviciu are aer condi\u021bionat. \u00cen plus, beneficia\u021bi de alte caracteristici, cum ar fi sisteme de infotainment \u0219i conectivitate USB.<\/p>\n<h2><b>Alege\u021bi un vehicul comercial care func\u021bioneaz\u0103 bine<\/b><\/h2>\n<p>Dac\u0103 sunte\u021bi \u00een c\u0103utarea unui vehicul comercial, Mercedes Citan este o alegere excelent\u0103. Cu construc\u021bia sa robust\u0103, capacitatea de \u00eenc\u0103rcare spa\u021bioas\u0103 \u0219i interiorul confortabil, Citan ofer\u0103 o combina\u021bie bun\u0103 de func\u021bionalitate \u0219i confort la condus.<\/p>\n<\/div><\/section>","protected":false},"excerpt":{"rendered":"","protected":false},"author":3,"featured_media":0,"parent":370573,"menu_order":0,"comment_status":"closed","ping_status":"closed","template":"","meta":{"_acf_changed":false,"_improvement_type_select":"improve_an_existing","_thumb_yes_seoaic":false,"_frame_yes_seoaic":false,"seoaic_generate_description":"","seoaic_improve_instructions_prompt":"","seoaic_rollback_content_improvement":"","seoaic_idea_thumbnail_generator":"","thumbnail_generated":false,"thumbnail_generate_prompt":"","seoaic_article_description":"","footnotes":""},"class_list":["post-397532","page","type-page","status-publish","hentry"],"acf":[],"yoast_head":"<!-- This site is optimized with the Yoast SEO plugin v27.5 - https:\/\/yoast.com\/product\/yoast-seo-wordpress\/ -->\n<title>Ontdek alles wat je wilt weten over de Mercedes Citan occasion<\/title>\n<meta name=\"description\" content=\"Meer weten over de Mercedes Citan occasion? Ontdek alle specificaties van dit model en kijk of het bij jouw zakelijke behoeften aansluit.\" \/>\n<meta name=\"robots\" content=\"index, follow, max-snippet:-1, max-image-preview:large, max-video-preview:-1\" \/>\n<link rel=\"canonical\" href=\"https:\/\/www.vdhurk.nl\/ro\/mercedes-9\/mercedes-22\/\" \/>\n<meta property=\"og:locale\" content=\"ro_RO\" \/>\n<meta property=\"og:type\" content=\"article\" \/>\n<meta property=\"og:title\" content=\"Ontdek alles wat je wilt weten over de Mercedes Citan occasion\" \/>\n<meta property=\"og:description\" content=\"Meer weten over de Mercedes Citan occasion? Ontdek alle specificaties van dit model en kijk of het bij jouw zakelijke behoeften aansluit.\" \/>\n<meta property=\"og:url\" content=\"https:\/\/www.vdhurk.nl\/ro\/mercedes-9\/mercedes-22\/\" \/>\n<meta property=\"og:site_name\" content=\"Van den Hurk Bedrijfswagens\" \/>\n<meta name=\"twitter:card\" content=\"summary_large_image\" \/>\n<meta name=\"twitter:label1\" content=\"Timp estimat pentru citire\" \/>\n\t<meta name=\"twitter:data1\" content=\"5 minute\" \/>\n<script type=\"application\/ld+json\" class=\"yoast-schema-graph\">{\"@context\":\"https:\\\/\\\/schema.org\",\"@graph\":[{\"@type\":\"WebPage\",\"@id\":\"https:\\\/\\\/www.vdhurk.nl\\\/mercedes-bedrijfswagens\\\/citan\\\/\",\"url\":\"https:\\\/\\\/www.vdhurk.nl\\\/mercedes-bedrijfswagens\\\/citan\\\/\",\"name\":\"Ontdek alles wat je wilt weten over de Mercedes Citan occasion\",\"isPartOf\":{\"@id\":\"https:\\\/\\\/www.vdhurk.nl\\\/#website\"},\"datePublished\":\"2024-08-01T14:13:36+00:00\",\"description\":\"Meer weten over de Mercedes Citan occasion? Ontdek alle specificaties van dit model en kijk of het bij jouw zakelijke behoeften aansluit.\",\"breadcrumb\":{\"@id\":\"https:\\\/\\\/www.vdhurk.nl\\\/mercedes-bedrijfswagens\\\/citan\\\/#breadcrumb\"},\"inLanguage\":\"ro-RO\",\"potentialAction\":[{\"@type\":\"ReadAction\",\"target\":[\"https:\\\/\\\/www.vdhurk.nl\\\/mercedes-bedrijfswagens\\\/citan\\\/\"]}]},{\"@type\":\"BreadcrumbList\",\"@id\":\"https:\\\/\\\/www.vdhurk.nl\\\/mercedes-bedrijfswagens\\\/citan\\\/#breadcrumb\",\"itemListElement\":[{\"@type\":\"ListItem\",\"position\":1,\"name\":\"Home\",\"item\":\"https:\\\/\\\/www.vdhurk.nl\\\/home\\\/\"},{\"@type\":\"ListItem\",\"position\":2,\"name\":\"Mercedes Bedrijfswagens\",\"item\":\"https:\\\/\\\/www.vdhurk.nl\\\/mercedes-bedrijfswagens\\\/\"},{\"@type\":\"ListItem\",\"position\":3,\"name\":\"Mercedes Citan\"}]},{\"@type\":\"WebSite\",\"@id\":\"https:\\\/\\\/www.vdhurk.nl\\\/#website\",\"url\":\"https:\\\/\\\/www.vdhurk.nl\\\/\",\"name\":\"Van den Hurk Bedrijfswagens\",\"description\":\"Van den Hurk bedrijfswagens Helmond\",\"potentialAction\":[{\"@type\":\"SearchAction\",\"target\":{\"@type\":\"EntryPoint\",\"urlTemplate\":\"https:\\\/\\\/www.vdhurk.nl\\\/?s={search_term_string}\"},\"query-input\":{\"@type\":\"PropertyValueSpecification\",\"valueRequired\":true,\"valueName\":\"search_term_string\"}}],\"inLanguage\":\"ro-RO\"}]}<\/script>\n<!-- \/ Yoast SEO plugin. -->","yoast_head_json":{"title":"Afla\u021bi tot ce trebuie s\u0103 \u0219ti\u021bi despre ma\u0219ina de ocazie Mercedes Citan","description":"Dori\u021bi s\u0103 afla\u021bi mai multe despre Mercedes Citan occasion? Descoperi\u021bi toate specifica\u021biile acestui model \u0219i vede\u021bi dac\u0103 se potrive\u0219te nevoilor dvs. de afaceri.","robots":{"index":"index","follow":"follow","max-snippet":"max-snippet:-1","max-image-preview":"max-image-preview:large","max-video-preview":"max-video-preview:-1"},"canonical":"https:\/\/www.vdhurk.nl\/ro\/mercedes-9\/mercedes-22\/","og_locale":"ro_RO","og_type":"article","og_title":"Ontdek alles wat je wilt weten over de Mercedes Citan occasion","og_description":"Meer weten over de Mercedes Citan occasion? Ontdek alle specificaties van dit model en kijk of het bij jouw zakelijke behoeften aansluit.","og_url":"https:\/\/www.vdhurk.nl\/ro\/mercedes-9\/mercedes-22\/","og_site_name":"Van den Hurk Bedrijfswagens","twitter_card":"summary_large_image","twitter_misc":{"Timp estimat pentru citire":"5 minute"},"schema":{"@context":"https:\/\/schema.org","@graph":[{"@type":"WebPage","@id":"https:\/\/www.vdhurk.nl\/mercedes-bedrijfswagens\/citan\/","url":"https:\/\/www.vdhurk.nl\/mercedes-bedrijfswagens\/citan\/","name":"Afla\u021bi tot ce trebuie s\u0103 \u0219ti\u021bi despre ma\u0219ina de ocazie Mercedes Citan","isPartOf":{"@id":"https:\/\/www.vdhurk.nl\/#website"},"datePublished":"2024-08-01T14:13:36+00:00","description":"Dori\u021bi s\u0103 afla\u021bi mai multe despre Mercedes Citan occasion? Descoperi\u021bi toate specifica\u021biile acestui model \u0219i vede\u021bi dac\u0103 se potrive\u0219te nevoilor dvs. de afaceri.","breadcrumb":{"@id":"https:\/\/www.vdhurk.nl\/mercedes-bedrijfswagens\/citan\/#breadcrumb"},"inLanguage":"ro-RO","potentialAction":[{"@type":"ReadAction","target":["https:\/\/www.vdhurk.nl\/mercedes-bedrijfswagens\/citan\/"]}]},{"@type":"BreadcrumbList","@id":"https:\/\/www.vdhurk.nl\/mercedes-bedrijfswagens\/citan\/#breadcrumb","itemListElement":[{"@type":"ListItem","position":1,"name":"Home","item":"https:\/\/www.vdhurk.nl\/home\/"},{"@type":"ListItem","position":2,"name":"Mercedes Bedrijfswagens","item":"https:\/\/www.vdhurk.nl\/mercedes-bedrijfswagens\/"},{"@type":"ListItem","position":3,"name":"Mercedes Citan"}]},{"@type":"WebSite","@id":"https:\/\/www.vdhurk.nl\/#website","url":"https:\/\/www.vdhurk.nl\/","name":"Vehicule comerciale Van den Hurk","description":"Vehicule comerciale Van den Hurk Helmond","potentialAction":[{"@type":"SearchAction","target":{"@type":"EntryPoint","urlTemplate":"https:\/\/www.vdhurk.nl\/?s={search_term_string}"},"query-input":{"@type":"PropertyValueSpecification","valueRequired":true,"valueName":"search_term_string"}}],"inLanguage":"ro-RO"}]}},"_links":{"self":[{"href":"https:\/\/www.vdhurk.nl\/ro\/wp-json\/wp\/v2\/pages\/397532","targetHints":{"allow":["GET"]}}],"collection":[{"href":"https:\/\/www.vdhurk.nl\/ro\/wp-json\/wp\/v2\/pages"}],"about":[{"href":"https:\/\/www.vdhurk.nl\/ro\/wp-json\/wp\/v2\/types\/page"}],"author":[{"embeddable":true,"href":"https:\/\/www.vdhurk.nl\/ro\/wp-json\/wp\/v2\/users\/3"}],"replies":[{"embeddable":true,"href":"https:\/\/www.vdhurk.nl\/ro\/wp-json\/wp\/v2\/comments?post=397532"}],"version-history":[{"count":2,"href":"https:\/\/www.vdhurk.nl\/ro\/wp-json\/wp\/v2\/pages\/397532\/revisions"}],"predecessor-version":[{"id":397535,"href":"https:\/\/www.vdhurk.nl\/ro\/wp-json\/wp\/v2\/pages\/397532\/revisions\/397535"}],"up":[{"embeddable":true,"href":"https:\/\/www.vdhurk.nl\/ro\/wp-json\/wp\/v2\/pages\/370573"}],"wp:attachment":[{"href":"https:\/\/www.vdhurk.nl\/ro\/wp-json\/wp\/v2\/media?parent=397532"}],"curies":[{"name":"wp","href":"https:\/\/api.w.org\/{rel}","templated":true}]}}