{"id":397527,"date":"2024-08-01T15:27:32","date_gmt":"2024-08-01T13:27:32","guid":{"rendered":"https:\/\/www.vdhurk.nl\/?page_id=397527"},"modified":"2024-08-01T15:27:32","modified_gmt":"2024-08-01T13:27:32","slug":"mercedes-16","status":"publish","type":"page","link":"https:\/\/www.vdhurk.nl\/ro\/volkswagen-bedrijfswagens\/crafter\/","title":{"rendered":"Volkswagen Crafter"},"content":{"rendered":"<section  class='av_textblock_section av-lu8gnh7d-4ac895489941e586c1d7c8cb72318135'  itemscope=\"itemscope\" itemtype=\"https:\/\/schema.org\/CreativeWork\" ><div class='avia_textblock'  itemprop=\"text\" ><h1>Afla\u021bi mai multe despre ocazia Volkswagen Crafter<\/h1>\n<p>Volkswagen Crafter occasion este un vehicul comercial versatil \u0219i fiabil pe pia\u021b\u0103. Acest model ofer\u0103 un echilibru bun \u00eentre calitate \u0219i performan\u021b\u0103. Acest lucru \u00eel face o alegere excelent\u0103 at\u00e2t pentru \u00eentreprinderile mici, c\u00e2t \u0219i pentru corpora\u021biile mari. Dubi\u021ba este, de asemenea, potrivit\u0103 pentru a satisface o varietate de nevoi. Afla\u021bi mai multe despre specifica\u021biile acestui model \u0219i vede\u021bi dac\u0103 se potrive\u0219te nevoilor dvs. de afaceri.<\/p>\n<\/div><\/section>\n\n<style type=\"text\/css\" data-created_by=\"avia_inline_auto\" id=\"style-css-av-lujjddpd-afa3d7a9eabd61123e643ed1228e781e\">\n#top .hr.hr-invisible.av-lujjddpd-afa3d7a9eabd61123e643ed1228e781e{\nheight:50px;\n}\n<\/style>\n<div  class='hr av-lujjddpd-afa3d7a9eabd61123e643ed1228e781e hr-invisible  avia-builder-el-1  el_after_av_textblock  el_before_av_codeblock'><span class='hr-inner'><span class=\"hr-inner-style\"><\/span><\/span><\/div>\n\n\n<style type=\"text\/css\" data-created_by=\"avia_inline_auto\" id=\"style-css-av-ah0xd-63338d9dc6b40410e22a712829c369d6\">\n#top .hr.hr-invisible.av-ah0xd-63338d9dc6b40410e22a712829c369d6{\nheight:50px;\n}\n<\/style>\n<div  class='hr av-ah0xd-63338d9dc6b40410e22a712829c369d6 hr-invisible  avia-builder-el-3  el_after_av_codeblock  el_before_av_buttonrow'><span class='hr-inner'><span class=\"hr-inner-style\"><\/span><\/span><\/div>\n<div  class='avia-buttonrow-wrap av-lycy2l1u-efac69e9f010a0319d432a3a571c80d4 avia-buttonrow-center  avia-builder-el-4  el_after_av_hr  el_before_av_hr'>\n\n<style type=\"text\/css\" data-created_by=\"avia_inline_auto\" id=\"style-css-av-lycy2co6-22057a7660c2e2b6ad429eb4ac0b5619\">\n#top #wrap_all .avia-button.av-lycy2co6-22057a7660c2e2b6ad429eb4ac0b5619{\nmargin-bottom:5px;\nmargin-right:3px;\nmargin-left:3px;\n}\n<\/style>\n<a href='https:\/\/www.vdhurk.nl\/ro\/vehicule-comerciale\/#HctRCoAgEEXRvcx3tAA3E6ZTmNrI04yI9t7g5z1wX8qMSIa6pFhvu_NJE2XxnBQd7NYYKgLPWB-1gnDUueslUkYsxaIFd6XAMJ6ro-8H'  class='avia-button av-lycy2co6-22057a7660c2e2b6ad429eb4ac0b5619 avia-icon_select-yes-right-icon avia-size-x-large avia-color-theme-color'  ><span class='avia_iconbox_title' >Sunte\u021bi curio\u0219i cu privire la gama complet\u0103 de vehicule comerciale Volkswagen Crafter? Nu ezita\u021bi s\u0103 arunca\u021bi o privire!<\/span><span class='avia_button_icon avia_button_icon_right' aria-hidden='true' data-av_icon='\ue871' data-av_iconfont='entypo-fontello'><\/span><\/a>\n<\/div>\n\n<style type=\"text\/css\" data-created_by=\"avia_inline_auto\" id=\"style-css-av-5os5nsu-fdb3cafc4aea70f22b364d176f4b3a1b\">\n#top .hr.hr-invisible.av-5os5nsu-fdb3cafc4aea70f22b364d176f4b3a1b{\nheight:50px;\n}\n<\/style>\n<div  class='hr av-5os5nsu-fdb3cafc4aea70f22b364d176f4b3a1b hr-invisible  avia-builder-el-5  el_after_av_buttonrow  el_before_av_textblock'><span class='hr-inner'><span class=\"hr-inner-style\"><\/span><\/span><\/div>\n<section  class='av_textblock_section av-lu8gow1e-300853e458ed741bd87d6cb78e55cc7a'  itemscope=\"itemscope\" itemtype=\"https:\/\/schema.org\/CreativeWork\" ><div class='avia_textblock'  itemprop=\"text\" ><h2>De ce este acest model popular printre companii?<\/h2>\n<p>Modelul este o alegere popular\u0103 \u00een r\u00e2ndul multor \u00eentreprinderi datorit\u0103 versatilit\u0103\u021bii \u0219i fiabilit\u0103\u021bii sale. Volkswagen Crafter ofer\u0103 o capacitate de \u00eenc\u0103rcare mare \u0219i diverse op\u021biuni de configurare. Acest lucru \u00eel face, de asemenea, potrivit pentru o varietate de nevoi de afaceri. \u00cen plus, Crafter este cunoscut pentru ingineria german\u0103 durabil\u0103 \u0219i costurile reduse de \u00eentre\u021binere. Acest lucru asigur\u0103 o solu\u021bie pe termen lung \u0219i eficient\u0103 din punct de vedere al costurilor pentru \u00eentreprinderi.<\/p>\n<h2>7 beneficii<\/h2>\n<p>Volkswagen Crafter ofer\u0103 c\u00e2teva avantaje unice care contribuie la popularitatea sa:<\/p>\n<ul>\n<li><strong>Spa\u021biu de \u00eenc\u0103rcare spa\u021bios:<\/strong> Acest model este disponibil cu spa\u021bii de marf\u0103 de diferite dimensiuni. Acest lucru face posibil\u0103 transportarea unor cantit\u0103\u021bi mari de bunuri sau echipamente voluminoase.<\/li>\n<li><strong>Versatilitate:<\/strong> Crafter este disponibil \u00een diferite versiuni. Acest lucru face ca modelul s\u0103 fie potrivit pentru diverse sectoare, de la transport \u0219i logistic\u0103 la construc\u021bii \u0219i servicii.<\/li>\n<li><strong>Sisteme de siguran\u021b\u0103<\/strong>: Crafter este echipat cu caracteristici de siguran\u021b\u0103 moderne care \u00eembun\u0103t\u0103\u021besc siguran\u021ba \u0219oferilor \u0219i a pasagerilor.<\/li>\n<li><strong>Confort<\/strong>: Cu o cabin\u0103 proiectat\u0103 pentru c\u0103l\u0103torii lungi, acest model ofer\u0103 scaune confortabile. Acest lucru contribuie la o experien\u021b\u0103 de condus pl\u0103cut\u0103 pentru \u0219ofer.<\/li>\n<li><strong>Fiabilitate \u0219i durabilitate:<\/strong> Volkswagen este cunoscut pentru ingineria sa german\u0103 solid\u0103. Crafter nu face excep\u021bie. Modelul este construit pentru utilizarea zilnic\u0103 \u0219i va dura mult timp.<\/li>\n<\/ul>\n<p>Toate aceste avantaje fac din Volkswagen Crafter o alegere excelent\u0103 pentru companiile care caut\u0103 un vehicul comercial fiabil, versatil \u0219i eficient.<\/p>\n<\/div><\/section>\n<div class='flex_column av-f64w1-da126f42b61613402309283c14245a25 av_one_half  avia-builder-el-7  el_after_av_textblock  el_before_av_one_third  first flex_column_div column-top-margin'   ><section  class='av_textblock_section av-lu8gpqre-73cc2c17e6a6497ba6e1b58af22bd9e8'  itemscope=\"itemscope\" itemtype=\"https:\/\/schema.org\/CreativeWork\" ><div class='avia_textblock'  itemprop=\"text\" ><h2>Cump\u0103r\u0103 Volkswagen Crafter<\/h2>\n<p>Cump\u0103rarea unui Volkswagen Crafter necesit\u0103 o analiz\u0103 atent\u0103. \u00cenainte de a cump\u0103ra un vehicul comercial, este o idee bun\u0103 s\u0103 stabili\u021bi pentru ce dori\u021bi s\u0103 \u00eel utiliza\u021bi. Ave\u021bi nevoie de un spa\u021biu de \u00eenc\u0103rcare mare pentru aceasta sau va fi suficient\u0103 o versiune mic\u0103? De asemenea, alege\u021bi configura\u021bia potrivit\u0103 \u00een func\u021bie de activit\u0103\u021bile dvs. de afaceri. \u00cen plus, este bine s\u0103 stabili\u021bi dac\u0103 dori\u021bi s\u0103 cump\u0103ra\u021bi un model nou sau s\u0103 opta\u021bi pentru un Volkswagen Crafter second-hand. Nu v-a\u021bi hot\u0103r\u00e2t? Atunci vom fi bucuro\u0219i s\u0103 v\u0103 oferim consultan\u021b\u0103.<\/p>\n<\/div><\/section><\/div><div class='flex_column av-aldk9-ee694297f5c4032981677a02caab84d6 av_one_third  avia-builder-el-9  el_after_av_one_half  el_before_av_hr  flex_column_div column-top-margin'   ><style type=\"text\/css\" data-created_by=\"avia_inline_auto\" id=\"style-css-av-l1w9kpsf-4ec3fab772ec7a9adaa33cfc64ff0475\">\n.avia-image-container.av-l1w9kpsf-4ec3fab772ec7a9adaa33cfc64ff0475 .av-image-caption-overlay-center{\ncolor:#ffffff;\n}\n<\/style>\n<div  class='avia-image-container av-l1w9kpsf-4ec3fab772ec7a9adaa33cfc64ff0475 av-styling- avia-align-center  avia-builder-el-10  avia-builder-el-no-sibling'  itemprop=\"image\" itemscope=\"itemscope\" itemtype=\"https:\/\/schema.org\/ImageObject\" ><div class=\"avia-image-container-inner\"><div class=\"avia-image-overlay-wrap\"><img decoding=\"async\" class='wp-image-187 avia-img-lazy-loading-not-187 avia_image' src=\"https:\/\/www.vdhurk.nl\/wp-content\/uploads\/2022\/03\/Voorrad.png\" alt='' title='Stoc'  height=\"758\" width=\"1135\"  itemprop=\"thumbnailUrl\" srcset=\"https:\/\/www.vdhurk.nl\/wp-content\/uploads\/2022\/03\/Voorrad.png 1135w, https:\/\/www.vdhurk.nl\/wp-content\/uploads\/2022\/03\/Voorrad-300x200.png 300w, https:\/\/www.vdhurk.nl\/wp-content\/uploads\/2022\/03\/Voorrad-1030x688.png 1030w, https:\/\/www.vdhurk.nl\/wp-content\/uploads\/2022\/03\/Voorrad-768x513.png 768w, https:\/\/www.vdhurk.nl\/wp-content\/uploads\/2022\/03\/Voorrad-18x12.png 18w, https:\/\/www.vdhurk.nl\/wp-content\/uploads\/2022\/03\/Voorrad-705x471.png 705w\" sizes=\"(max-width: 1135px) 100vw, 1135px\" \/><\/div><\/div><\/div><\/div><\/p>\n\n<style type=\"text\/css\" data-created_by=\"avia_inline_auto\" id=\"style-css-av-luqrjpjc-5a23a1fb5f94718ca85316a9df963e2f\">\n#top .hr.hr-invisible.av-luqrjpjc-5a23a1fb5f94718ca85316a9df963e2f{\nheight:50px;\n}\n<\/style>\n<div  class='hr av-luqrjpjc-5a23a1fb5f94718ca85316a9df963e2f hr-invisible  avia-builder-el-11  el_after_av_one_third  el_before_av_textblock'><span class='hr-inner'><span class=\"hr-inner-style\"><\/span><\/span><\/div>\n<section  class='av_textblock_section av-lu8gtjw7-4f3cee9304909518d86d2860d9d582dd'  itemscope=\"itemscope\" itemtype=\"https:\/\/schema.org\/CreativeWork\" ><div class='avia_textblock'  itemprop=\"text\" ><h2>Leasingul unui Volkswagen Crafter<\/h2>\n<p><a href=\"https:\/\/www.vdhurk.nl\/ro\/leasing-financiar\/\">Leasing financiar<\/a> la Van den Hurk este o op\u021biune de finan\u021bare popular\u0103 pentru companiile care doresc s\u0103 achizi\u021bioneze un vehicul comercial precum Volkswagen Crafter f\u0103r\u0103 a fi nevoite s\u0103 pl\u0103teasc\u0103 aceast\u0103 sum\u0103 dintr-o singur\u0103 dat\u0103. Contractul nostru de leasing financiar este o form\u0103 de finan\u021bare prin care lua\u021bi \u00een primire un vehicul comercial \u0219i pl\u0103ti\u021bi o rat\u0103 lunar\u0103 de leasing pentru acesta. La sf\u00e2r\u0219itul perioadei de leasing, deveni\u021bi proprietarul vehiculului.<\/p>\n<h2>Interior \u0219i confort<\/h2>\n<p>Interiorul Volkswagen Crafter este proiectat pentru c\u0103l\u0103torii lungi \u0219i confortabile. Scaunele ergonomice sunt reglabile \u0219i ofer\u0103 o sus\u021binere bun\u0103. Cabina spa\u021bioas\u0103 v\u0103 ofer\u0103 mult spa\u021biu pentru cap \u0219i picioare, contribuind la confortul general at\u00e2t pentru \u0219ofer, c\u00e2t \u0219i pentru pasageri. Cabina este echipat\u0103 cu diverse op\u021biuni de depozitare. G\u00e2ndi\u021bi-v\u0103 la buzunare mari \u00een u\u0219i, compartimente de depozitare \u0219i spa\u021biu suplimentar de depozitare. Acest lucru men\u021bine cabina \u00eengrijit\u0103 \u0219i organizat\u0103.<\/p>\n<h2>Dispozitive de siguran\u021b\u0103<\/h2>\n<p>Volkswagen Crafter are mai multe sisteme de siguran\u021b\u0103 care protejeaz\u0103 at\u00e2t \u0219oferul, c\u00e2t \u0219i pasagerii. Aceste sisteme moderne sunt concepute pentru a preveni accidentele \u0219i a minimiza consecin\u021bele unui accident. \u00cen acest fel, pute\u021bi fi \u00een siguran\u021b\u0103 pe \u0219osea.<\/p>\n<h2>Opta\u021bi pentru calitate<\/h2>\n<p>Cu versatilitatea, fiabilitatea \u0219i caracteristicile sale de siguran\u021b\u0103 extinse, Volkswagen Crafter este alegerea ideal\u0103 pentru companiile care caut\u0103 un vehicul comercial eficient. Fie c\u0103 transport\u0103 \u00eenc\u0103rc\u0103turi mari, \u00eendepline\u0219te diverse sarcini de afaceri sau ofer\u0103 confort pe drumuri lungi, Crafter garanteaz\u0103 calitate \u0219i performan\u021b\u0103.<\/p>\n<\/div><\/section>","protected":false},"excerpt":{"rendered":"","protected":false},"author":3,"featured_media":0,"parent":372079,"menu_order":0,"comment_status":"closed","ping_status":"closed","template":"","meta":{"_acf_changed":false,"_improvement_type_select":"improve_an_existing","_thumb_yes_seoaic":false,"_frame_yes_seoaic":false,"seoaic_generate_description":"","seoaic_improve_instructions_prompt":"","seoaic_rollback_content_improvement":"","seoaic_idea_thumbnail_generator":"","thumbnail_generated":false,"thumbnail_generate_prompt":"","seoaic_article_description":"","footnotes":""},"class_list":["post-397527","page","type-page","status-publish","hentry"],"acf":[],"yoast_head":"<!-- This site is optimized with the Yoast SEO plugin v27.3 - https:\/\/yoast.com\/product\/yoast-seo-wordpress\/ -->\n<title>Een Volkswagen Crafter occasion kopen of leasen<\/title>\n<meta name=\"description\" content=\"Ben je op zoek naar een bedrijfsvoertuig? Dan is de Volkswagen Crafter occasion een mogelijkheid Ontdek of deze auto past bij jouw zakelijke behoefte.\" \/>\n<meta name=\"robots\" content=\"index, follow, max-snippet:-1, max-image-preview:large, max-video-preview:-1\" \/>\n<link rel=\"canonical\" href=\"https:\/\/www.vdhurk.nl\/ro\/mercedes-13\/mercedes-16\/\" \/>\n<meta property=\"og:locale\" content=\"ro_RO\" \/>\n<meta property=\"og:type\" content=\"article\" \/>\n<meta property=\"og:title\" content=\"Een Volkswagen Crafter occasion kopen of leasen\" \/>\n<meta property=\"og:description\" content=\"Ben je op zoek naar een bedrijfsvoertuig? Dan is de Volkswagen Crafter occasion een mogelijkheid Ontdek of deze auto past bij jouw zakelijke behoefte.\" \/>\n<meta property=\"og:url\" content=\"https:\/\/www.vdhurk.nl\/ro\/mercedes-13\/mercedes-16\/\" \/>\n<meta property=\"og:site_name\" content=\"Van den Hurk Bedrijfswagens\" \/>\n<meta name=\"twitter:card\" content=\"summary_large_image\" \/>\n<meta name=\"twitter:label1\" content=\"Timp estimat pentru citire\" \/>\n\t<meta name=\"twitter:data1\" content=\"5 minute\" \/>\n<script type=\"application\/ld+json\" class=\"yoast-schema-graph\">{\"@context\":\"https:\\\/\\\/schema.org\",\"@graph\":[{\"@type\":\"WebPage\",\"@id\":\"https:\\\/\\\/www.vdhurk.nl\\\/volkswagen-bedrijfswagens\\\/crafter\\\/\",\"url\":\"https:\\\/\\\/www.vdhurk.nl\\\/volkswagen-bedrijfswagens\\\/crafter\\\/\",\"name\":\"Een Volkswagen Crafter occasion kopen of leasen\",\"isPartOf\":{\"@id\":\"https:\\\/\\\/www.vdhurk.nl\\\/#website\"},\"datePublished\":\"2024-08-01T13:27:32+00:00\",\"description\":\"Ben je op zoek naar een bedrijfsvoertuig? Dan is de Volkswagen Crafter occasion een mogelijkheid Ontdek of deze auto past bij jouw zakelijke behoefte.\",\"breadcrumb\":{\"@id\":\"https:\\\/\\\/www.vdhurk.nl\\\/volkswagen-bedrijfswagens\\\/crafter\\\/#breadcrumb\"},\"inLanguage\":\"ro-RO\",\"potentialAction\":[{\"@type\":\"ReadAction\",\"target\":[\"https:\\\/\\\/www.vdhurk.nl\\\/volkswagen-bedrijfswagens\\\/crafter\\\/\"]}]},{\"@type\":\"BreadcrumbList\",\"@id\":\"https:\\\/\\\/www.vdhurk.nl\\\/volkswagen-bedrijfswagens\\\/crafter\\\/#breadcrumb\",\"itemListElement\":[{\"@type\":\"ListItem\",\"position\":1,\"name\":\"Home\",\"item\":\"https:\\\/\\\/www.vdhurk.nl\\\/home\\\/\"},{\"@type\":\"ListItem\",\"position\":2,\"name\":\"Volkswagen Bedrijfswagens\",\"item\":\"https:\\\/\\\/www.vdhurk.nl\\\/volkswagen-bedrijfswagens\\\/\"},{\"@type\":\"ListItem\",\"position\":3,\"name\":\"Volkswagen Crafter\"}]},{\"@type\":\"WebSite\",\"@id\":\"https:\\\/\\\/www.vdhurk.nl\\\/#website\",\"url\":\"https:\\\/\\\/www.vdhurk.nl\\\/\",\"name\":\"Van den Hurk Bedrijfswagens\",\"description\":\"Van den Hurk bedrijfswagens Helmond\",\"potentialAction\":[{\"@type\":\"SearchAction\",\"target\":{\"@type\":\"EntryPoint\",\"urlTemplate\":\"https:\\\/\\\/www.vdhurk.nl\\\/?s={search_term_string}\"},\"query-input\":{\"@type\":\"PropertyValueSpecification\",\"valueRequired\":true,\"valueName\":\"search_term_string\"}}],\"inLanguage\":\"ro-RO\"}]}<\/script>\n<!-- \/ Yoast SEO plugin. -->","yoast_head_json":{"title":"Cump\u0103rarea sau \u00eenchirierea unei ma\u0219ini second-hand Volkswagen Crafter","description":"Sunte\u021bi \u00een c\u0103utarea unui vehicul comercial? Atunci Volkswagen Crafter occasion este o op\u021biune Afl\u0103 dac\u0103 aceast\u0103 ma\u0219in\u0103 se potrive\u0219te nevoilor tale de afaceri.","robots":{"index":"index","follow":"follow","max-snippet":"max-snippet:-1","max-image-preview":"max-image-preview:large","max-video-preview":"max-video-preview:-1"},"canonical":"https:\/\/www.vdhurk.nl\/ro\/mercedes-13\/mercedes-16\/","og_locale":"ro_RO","og_type":"article","og_title":"Een Volkswagen Crafter occasion kopen of leasen","og_description":"Ben je op zoek naar een bedrijfsvoertuig? Dan is de Volkswagen Crafter occasion een mogelijkheid Ontdek of deze auto past bij jouw zakelijke behoefte.","og_url":"https:\/\/www.vdhurk.nl\/ro\/mercedes-13\/mercedes-16\/","og_site_name":"Van den Hurk Bedrijfswagens","twitter_card":"summary_large_image","twitter_misc":{"Timp estimat pentru citire":"5 minute"},"schema":{"@context":"https:\/\/schema.org","@graph":[{"@type":"WebPage","@id":"https:\/\/www.vdhurk.nl\/volkswagen-bedrijfswagens\/crafter\/","url":"https:\/\/www.vdhurk.nl\/volkswagen-bedrijfswagens\/crafter\/","name":"Cump\u0103rarea sau \u00eenchirierea unei ma\u0219ini second-hand Volkswagen Crafter","isPartOf":{"@id":"https:\/\/www.vdhurk.nl\/#website"},"datePublished":"2024-08-01T13:27:32+00:00","description":"Sunte\u021bi \u00een c\u0103utarea unui vehicul comercial? Atunci Volkswagen Crafter occasion este o op\u021biune Afl\u0103 dac\u0103 aceast\u0103 ma\u0219in\u0103 se potrive\u0219te nevoilor tale de afaceri.","breadcrumb":{"@id":"https:\/\/www.vdhurk.nl\/volkswagen-bedrijfswagens\/crafter\/#breadcrumb"},"inLanguage":"ro-RO","potentialAction":[{"@type":"ReadAction","target":["https:\/\/www.vdhurk.nl\/volkswagen-bedrijfswagens\/crafter\/"]}]},{"@type":"BreadcrumbList","@id":"https:\/\/www.vdhurk.nl\/volkswagen-bedrijfswagens\/crafter\/#breadcrumb","itemListElement":[{"@type":"ListItem","position":1,"name":"Home","item":"https:\/\/www.vdhurk.nl\/home\/"},{"@type":"ListItem","position":2,"name":"Volkswagen Bedrijfswagens","item":"https:\/\/www.vdhurk.nl\/volkswagen-bedrijfswagens\/"},{"@type":"ListItem","position":3,"name":"Volkswagen Crafter"}]},{"@type":"WebSite","@id":"https:\/\/www.vdhurk.nl\/#website","url":"https:\/\/www.vdhurk.nl\/","name":"Vehicule comerciale Van den Hurk","description":"Vehicule comerciale Van den Hurk Helmond","potentialAction":[{"@type":"SearchAction","target":{"@type":"EntryPoint","urlTemplate":"https:\/\/www.vdhurk.nl\/?s={search_term_string}"},"query-input":{"@type":"PropertyValueSpecification","valueRequired":true,"valueName":"search_term_string"}}],"inLanguage":"ro-RO"}]}},"_links":{"self":[{"href":"https:\/\/www.vdhurk.nl\/ro\/wp-json\/wp\/v2\/pages\/397527","targetHints":{"allow":["GET"]}}],"collection":[{"href":"https:\/\/www.vdhurk.nl\/ro\/wp-json\/wp\/v2\/pages"}],"about":[{"href":"https:\/\/www.vdhurk.nl\/ro\/wp-json\/wp\/v2\/types\/page"}],"author":[{"embeddable":true,"href":"https:\/\/www.vdhurk.nl\/ro\/wp-json\/wp\/v2\/users\/3"}],"replies":[{"embeddable":true,"href":"https:\/\/www.vdhurk.nl\/ro\/wp-json\/wp\/v2\/comments?post=397527"}],"version-history":[{"count":2,"href":"https:\/\/www.vdhurk.nl\/ro\/wp-json\/wp\/v2\/pages\/397527\/revisions"}],"predecessor-version":[{"id":397529,"href":"https:\/\/www.vdhurk.nl\/ro\/wp-json\/wp\/v2\/pages\/397527\/revisions\/397529"}],"up":[{"embeddable":true,"href":"https:\/\/www.vdhurk.nl\/ro\/wp-json\/wp\/v2\/pages\/372079"}],"wp:attachment":[{"href":"https:\/\/www.vdhurk.nl\/ro\/wp-json\/wp\/v2\/media?parent=397527"}],"curies":[{"name":"wp","href":"https:\/\/api.w.org\/{rel}","templated":true}]}}