{"id":397524,"date":"2024-08-01T15:19:48","date_gmt":"2024-08-01T13:19:48","guid":{"rendered":"https:\/\/www.vdhurk.nl\/?page_id=397524"},"modified":"2024-08-01T15:19:48","modified_gmt":"2024-08-01T13:19:48","slug":"tranzit","status":"publish","type":"page","link":"https:\/\/www.vdhurk.nl\/ro\/ford-bedrijfswagens\/transit\/","title":{"rendered":"Ford Transit"},"content":{"rendered":"<section  class='av_textblock_section av-lu8gnh7d-4ac895489941e586c1d7c8cb72318135'  itemscope=\"itemscope\" itemtype=\"https:\/\/schema.org\/CreativeWork\" ><div class='avia_textblock'  itemprop=\"text\" ><h1>Ma\u0219ina Ford Transit folosit\u0103: tot ce trebuie s\u0103 \u0219ti\u021bi<\/h1>\n<p>C\u0103uta\u021bi un vehicul comercial? Atunci Ford Transit occasion este una dintre numeroasele op\u021biuni. Acesta este un vehicul versatil care a c\u00e2\u0219tigat o reputa\u021bie excelent\u0103 pentru func\u021bionalit\u0103\u021bile sale de-a lungul anilor. Citi\u021bi mai departe \u0219i afla\u021bi mai multe despre specifica\u021biile \u0219i beneficiile sale, astfel \u00eenc\u00e2t s\u0103 pute\u021bi lua o decizie \u00een cuno\u0219tin\u021b\u0103 de cauz\u0103.<\/p>\n<\/div><\/section>\n\n<style type=\"text\/css\" data-created_by=\"avia_inline_auto\" id=\"style-css-av-lujjddpd-afa3d7a9eabd61123e643ed1228e781e\">\n#top .hr.hr-invisible.av-lujjddpd-afa3d7a9eabd61123e643ed1228e781e{\nheight:50px;\n}\n<\/style>\n<div  class='hr av-lujjddpd-afa3d7a9eabd61123e643ed1228e781e hr-invisible  avia-builder-el-1  el_after_av_textblock  el_before_av_codeblock'><span class='hr-inner'><span class=\"hr-inner-style\"><\/span><\/span><\/div>\n\n\n<style type=\"text\/css\" data-created_by=\"avia_inline_auto\" id=\"style-css-av-ah0xd-63338d9dc6b40410e22a712829c369d6\">\n#top .hr.hr-invisible.av-ah0xd-63338d9dc6b40410e22a712829c369d6{\nheight:50px;\n}\n<\/style>\n<div  class='hr av-ah0xd-63338d9dc6b40410e22a712829c369d6 hr-invisible  avia-builder-el-3  el_after_av_codeblock  el_before_av_buttonrow'><span class='hr-inner'><span class=\"hr-inner-style\"><\/span><\/span><\/div>\n<div  class='avia-buttonrow-wrap av-lycy2l1u-efac69e9f010a0319d432a3a571c80d4 avia-buttonrow-center  avia-builder-el-4  el_after_av_hr  el_before_av_hr'>\n\n<style type=\"text\/css\" data-created_by=\"avia_inline_auto\" id=\"style-css-av-lycy2co6-8f2299fe1206a496ca2b75fca013669b\">\n#top #wrap_all .avia-button.av-lycy2co6-8f2299fe1206a496ca2b75fca013669b{\nmargin-bottom:5px;\nmargin-right:3px;\nmargin-left:3px;\n}\n<\/style>\n<a href='https:\/\/www.vdhurk.nl\/ro\/vehicule-comerciale\/#HctBCoAwDETRu2QtHqCXKbWdRbSaMqmCiHe3uPwP_iM7uMXdCmrMiTR3UCFBOtPh2mUSYwGXe1ijrj5fYzFrf8SW2DWfVcFQ4FneDw'  class='avia-button av-lycy2co6-8f2299fe1206a496ca2b75fca013669b avia-icon_select-yes-right-icon avia-size-x-large avia-color-theme-color'  ><span class='avia_iconbox_title' >Sunte\u021bi curio\u0219i cu privire la gama complet\u0103 de vehicule comerciale Ford Transit? Nu ezita\u021bi s\u0103 arunca\u021bi o privire!<\/span><span class='avia_button_icon avia_button_icon_right' aria-hidden='true' data-av_icon='\ue871' data-av_iconfont='entypo-fontello'><\/span><\/a>\n<\/div>\n\n<style type=\"text\/css\" data-created_by=\"avia_inline_auto\" id=\"style-css-av-5os5nsu-fdb3cafc4aea70f22b364d176f4b3a1b\">\n#top .hr.hr-invisible.av-5os5nsu-fdb3cafc4aea70f22b364d176f4b3a1b{\nheight:50px;\n}\n<\/style>\n<div  class='hr av-5os5nsu-fdb3cafc4aea70f22b364d176f4b3a1b hr-invisible  avia-builder-el-5  el_after_av_buttonrow  el_before_av_textblock'><span class='hr-inner'><span class=\"hr-inner-style\"><\/span><\/span><\/div>\n<section  class='av_textblock_section av-lu8gow1e-300853e458ed741bd87d6cb78e55cc7a'  itemscope=\"itemscope\" itemtype=\"https:\/\/schema.org\/CreativeWork\" ><div class='avia_textblock'  itemprop=\"text\" ><h2><b>De ce sunt populare modelele Ford Transit?<\/b><\/h2>\n<p>Ford Transit este o alegere popular\u0103 din mai multe motive, at\u00e2t nou, c\u00e2t \u0219i la m\u00e2na a doua. Principalele motive pentru care oamenii aleg acest model au de-a face cu:<\/p>\n<ul>\n<li><strong>Fiabilitate \u0219i durabilitate:<\/strong> Acest model este cunoscut pentru calitatea construc\u021biei sale robuste \u0219i pentru fiabilitate. Acest lucru face ca acest vehicul s\u0103 fie potrivit pentru utilizarea zilnic\u0103, ceea ce este important pentru multe organiza\u021bii \u0219i \u00eentreprinderi.<\/li>\n<li><strong>Versatilitate<\/strong>: Vehiculul este disponibil \u00een diferite versiuni. Acest lucru \u00eenseamn\u0103 c\u0103 acest model este potrivit pentru aproape orice nevoie de afaceri: de la transportul de pasageri la transportul de \u00eenc\u0103rc\u0103turi grele sau mari.<\/li>\n<li><strong>O mul\u021bime de spa\u021biu:<\/strong> Unul dintre numeroasele sale avantaje este spa\u021biul mare de \u00eenc\u0103rcare \u0219i sarcina util\u0103 ridicat\u0103. Acest lucru este ideal pentru companiile care se ocup\u0103 mult cu transportul de materiale \u0219i bunuri.<\/li>\n<li><strong>Confort ridicat la rulare:<\/strong> \u00cen ciuda faptului c\u0103 este relativ mare, acest model ofer\u0103 un confort ridicat la condus. Modelul are diverse caracteristici de siguran\u021b\u0103 \u0219i scaune confortabile.<\/li>\n<li><strong>Raportul cost-eficacitate<\/strong>: Un Ford Transit folosit ofer\u0103 un raport excelent calitate\/pre\u021b. Ocaziile sunt adesea semnificativ mai ieftine dec\u00e2t modelele noi, \u00een timp ce \u00eenc\u0103 func\u021bioneaz\u0103 bine.<\/li>\n<li><strong>Eficien\u021ba combustibilului<\/strong>: Modelele moderne sunt proiectate cu g\u00e2ndul la eficien\u021b\u0103. Motoarele disponibile ofer\u0103 un echilibru bun \u00eentre putere \u0219i consumul de combustibil. Acest lucru ajut\u0103 la men\u021binerea costurilor opera\u021bionale la un nivel sc\u0103zut.<\/li>\n<\/ul>\n<p>To\u021bi ace\u0219ti factori contribuie la popularitatea acestui vehicul.<\/p>\n<\/div><\/section>\n<div class='flex_column av-f64w1-da126f42b61613402309283c14245a25 av_one_half  avia-builder-el-7  el_after_av_textblock  el_before_av_one_third  first flex_column_div column-top-margin'   ><section  class='av_textblock_section av-lu8gpqre-73cc2c17e6a6497ba6e1b58af22bd9e8'  itemscope=\"itemscope\" itemtype=\"https:\/\/schema.org\/CreativeWork\" ><div class='avia_textblock'  itemprop=\"text\" ><h2>Dispozitive de siguran\u021b\u0103<\/h2>\n<p>Ford Transit are mai multe caracteristici de siguran\u021b\u0103 care protejeaz\u0103 at\u00e2t \u0219oferul, c\u00e2t \u0219i pasagerii. De exemplu, acest model are cruise control adaptiv. Acest sistem ajusteaz\u0103 automat viteza pentru a men\u021bine o distan\u021b\u0103 de siguran\u021b\u0103 fa\u021b\u0103 de vehiculul din fa\u021b\u0103. De asemenea, acest vehicul are asistent de band\u0103. Acesta v\u0103 ajut\u0103 s\u0103 r\u0103m\u00e2ne\u021bi \u00een interiorul benzilor. \u00cen plus, beneficia\u021bi \u0219i de fr\u00e2nare automat\u0103 de urgen\u021b\u0103. Acesta este un sistem care detecteaz\u0103 poten\u021bialele coliziuni cu alte vehicule sau pietoni. Cu ajutorul acestuia, accidentele pot fi prevenite. Vehiculul are, de asemenea, alte caracteristici de siguran\u021b\u0103, cum ar fi avertizarea privind unghiul mort, airbaguri \u0219i multe altele.<\/p>\n<\/div><\/section><\/div><div class='flex_column av-aldk9-ee694297f5c4032981677a02caab84d6 av_one_third  avia-builder-el-9  el_after_av_one_half  el_before_av_hr  flex_column_div column-top-margin'   ><style type=\"text\/css\" data-created_by=\"avia_inline_auto\" id=\"style-css-av-l1w9kpsf-4ec3fab772ec7a9adaa33cfc64ff0475\">\n.avia-image-container.av-l1w9kpsf-4ec3fab772ec7a9adaa33cfc64ff0475 .av-image-caption-overlay-center{\ncolor:#ffffff;\n}\n<\/style>\n<div  class='avia-image-container av-l1w9kpsf-4ec3fab772ec7a9adaa33cfc64ff0475 av-styling- avia-align-center  avia-builder-el-10  avia-builder-el-no-sibling'  itemprop=\"image\" itemscope=\"itemscope\" itemtype=\"https:\/\/schema.org\/ImageObject\" ><div class=\"avia-image-container-inner\"><div class=\"avia-image-overlay-wrap\"><img decoding=\"async\" class='wp-image-187 avia-img-lazy-loading-not-187 avia_image' src=\"https:\/\/www.vdhurk.nl\/wp-content\/uploads\/2022\/03\/Voorrad.png\" alt='' title='Stoc'  height=\"758\" width=\"1135\"  itemprop=\"thumbnailUrl\" srcset=\"https:\/\/www.vdhurk.nl\/wp-content\/uploads\/2022\/03\/Voorrad.png 1135w, https:\/\/www.vdhurk.nl\/wp-content\/uploads\/2022\/03\/Voorrad-300x200.png 300w, https:\/\/www.vdhurk.nl\/wp-content\/uploads\/2022\/03\/Voorrad-1030x688.png 1030w, https:\/\/www.vdhurk.nl\/wp-content\/uploads\/2022\/03\/Voorrad-768x513.png 768w, https:\/\/www.vdhurk.nl\/wp-content\/uploads\/2022\/03\/Voorrad-18x12.png 18w, https:\/\/www.vdhurk.nl\/wp-content\/uploads\/2022\/03\/Voorrad-705x471.png 705w\" sizes=\"(max-width: 1135px) 100vw, 1135px\" \/><\/div><\/div><\/div><\/div><\/p>\n\n<style type=\"text\/css\" data-created_by=\"avia_inline_auto\" id=\"style-css-av-luqrjpjc-5a23a1fb5f94718ca85316a9df963e2f\">\n#top .hr.hr-invisible.av-luqrjpjc-5a23a1fb5f94718ca85316a9df963e2f{\nheight:50px;\n}\n<\/style>\n<div  class='hr av-luqrjpjc-5a23a1fb5f94718ca85316a9df963e2f hr-invisible  avia-builder-el-11  el_after_av_one_third  el_before_av_textblock'><span class='hr-inner'><span class=\"hr-inner-style\"><\/span><\/span><\/div>\n<section  class='av_textblock_section av-lu8gtjw7-4f3cee9304909518d86d2860d9d582dd'  itemscope=\"itemscope\" itemtype=\"https:\/\/schema.org\/CreativeWork\" ><div class='avia_textblock'  itemprop=\"text\" ><h2><b>Specifica\u021bii \u0219i caracteristici<\/b><\/h2>\n<p>Exist\u0103 diferite tipuri \u00een cadrul modelului Transit. G\u00e2ndi\u021bi-v\u0103, de exemplu, la o capacitate de remorcare de 2.800 kg, 4 tipuri pentru gvw mare, manual sau automat, trac\u021biune fa\u021b\u0103 sau spate, de la L2H2 la L4H3. \u00cen acest fel, exist\u0103 ceva pentru fiecare \u0219i ve\u021bi g\u0103si \u00eentotdeauna un tip care s\u0103 v\u0103 satisfac\u0103 a\u0219tept\u0103rile.<\/p>\n<h2><b>Ford Transit: modele noi \u0219i de ocazie disponibile<\/b><\/h2>\n<p>\u00cen func\u021bie de nevoile afacerii, pute\u021bi analiza dac\u0103 un model nou sau un vehicul comercial folosit ofer\u0103 cele mai multe beneficii. Un model nou introduce adesea caracteristici noi, dar acest lucru vine adesea \u0219i cu un pre\u021b mai mare. Pe de alt\u0103 parte, oferim vehicule comerciale second-hand Aceasta este adesea o op\u021biune atractiv\u0103 datorit\u0103 pre\u021bului lor mai mic. Alegerea \u00eentre modele noi sau second-hand depinde de mai mul\u021bi factori, cum ar fi bugetul, nevoile opera\u021bionale \u0219i durata de via\u021b\u0103 dorit\u0103. Nu sunte\u021bi sigur care este cea mai bun\u0103 alegere pentru dumneavoastr\u0103? Vom fi bucuro\u0219i s\u0103 v\u0103 ajut\u0103m.<\/p>\n<h2><b>Oportunitatea de a \u00eenchiria un Ford Transit<\/b><\/h2>\n<p>Desigur, pute\u021bi alege s\u0103 cump\u0103ra\u021bi un Ford Transit, dar la Van den Hurk oferim, de asemenea <a href=\"https:\/\/www.vdhurk.nl\/ro\/leasing-financiar\/\">leasing financiar<\/a> pentru. Acest lucru permite companiilor s\u0103 e\u0219aloneze costul unui vehicul comercial pe o perioad\u0103 mai lung\u0103 de timp, astfel \u00eenc\u00e2t s\u0103 nu fie nevoite s\u0103 fac\u0103 o investi\u021bie mare dintr-o dat\u0103. V\u0103 g\u00e2ndi\u021bi s\u0103 utiliza\u021bi leasingul financiar? Atunci vom fi bucuro\u0219i s\u0103 v\u0103 oferim consultan\u021b\u0103 personalizat\u0103. Astfel, pute\u021bi fi siguri c\u0103 face\u021bi cea mai bun\u0103 alegere.<\/p>\n<h2><b>Alege\u021bi un vehicul fiabil<\/b><\/h2>\n<p>Ford Transit r\u0103m\u00e2ne o alegere bun\u0103 \u00een r\u00e2ndul companiilor datorit\u0103 versatilit\u0103\u021bii \u0219i caracteristicilor sale care ofer\u0103 at\u00e2t confort, c\u00e2t \u0219i siguran\u021b\u0103. Fie c\u0103 opta\u021bi pentru un model nou sau de ocazie, la Van den Hurk suntem preg\u0103ti\u021bi s\u0103 v\u0103 ajut\u0103m s\u0103 g\u0103si\u021bi vehiculul ideal pentru nevoile afacerii dumneavoastr\u0103.<\/p>\n<\/div><\/section>","protected":false},"excerpt":{"rendered":"","protected":false},"author":3,"featured_media":0,"parent":513,"menu_order":0,"comment_status":"closed","ping_status":"closed","template":"","meta":{"_acf_changed":false,"_improvement_type_select":"improve_an_existing","_thumb_yes_seoaic":false,"_frame_yes_seoaic":false,"seoaic_generate_description":"","seoaic_improve_instructions_prompt":"","seoaic_rollback_content_improvement":"","seoaic_idea_thumbnail_generator":"","thumbnail_generated":false,"thumbnail_generate_prompt":"","seoaic_article_description":"","footnotes":""},"class_list":["post-397524","page","type-page","status-publish","hentry"],"acf":[],"yoast_head":"<!-- This site is optimized with the Yoast SEO plugin v27.5 - https:\/\/yoast.com\/product\/yoast-seo-wordpress\/ -->\n<title>Ontdek alles over de Ford Transit occasion<\/title>\n<meta name=\"description\" content=\"Op zoek naar een bedrijfswagen? Dan is de Ford Transit ocassion een uitstekende optie. Ontdek de specificaties van dit model en kijk of het geschikt is.\" \/>\n<meta name=\"robots\" content=\"index, follow, max-snippet:-1, max-image-preview:large, max-video-preview:-1\" \/>\n<link rel=\"canonical\" href=\"https:\/\/www.vdhurk.nl\/ro\/vehicule-comerciale-ford\/tranzit\/\" \/>\n<meta property=\"og:locale\" content=\"ro_RO\" \/>\n<meta property=\"og:type\" content=\"article\" \/>\n<meta property=\"og:title\" content=\"Ontdek alles over de Ford Transit occasion\" \/>\n<meta property=\"og:description\" content=\"Op zoek naar een bedrijfswagen? Dan is de Ford Transit ocassion een uitstekende optie. Ontdek de specificaties van dit model en kijk of het geschikt is.\" \/>\n<meta property=\"og:url\" content=\"https:\/\/www.vdhurk.nl\/ro\/vehicule-comerciale-ford\/tranzit\/\" \/>\n<meta property=\"og:site_name\" content=\"Van den Hurk Bedrijfswagens\" \/>\n<meta name=\"twitter:card\" content=\"summary_large_image\" \/>\n<meta name=\"twitter:label1\" content=\"Timp estimat pentru citire\" \/>\n\t<meta name=\"twitter:data1\" content=\"6 minute\" \/>\n<script type=\"application\/ld+json\" class=\"yoast-schema-graph\">{\"@context\":\"https:\\\/\\\/schema.org\",\"@graph\":[{\"@type\":\"WebPage\",\"@id\":\"https:\\\/\\\/www.vdhurk.nl\\\/ford-bedrijfswagens\\\/transit\\\/\",\"url\":\"https:\\\/\\\/www.vdhurk.nl\\\/ford-bedrijfswagens\\\/transit\\\/\",\"name\":\"Ontdek alles over de Ford Transit occasion\",\"isPartOf\":{\"@id\":\"https:\\\/\\\/www.vdhurk.nl\\\/#website\"},\"datePublished\":\"2024-08-01T13:19:48+00:00\",\"description\":\"Op zoek naar een bedrijfswagen? Dan is de Ford Transit ocassion een uitstekende optie. Ontdek de specificaties van dit model en kijk of het geschikt is.\",\"breadcrumb\":{\"@id\":\"https:\\\/\\\/www.vdhurk.nl\\\/ford-bedrijfswagens\\\/transit\\\/#breadcrumb\"},\"inLanguage\":\"ro-RO\",\"potentialAction\":[{\"@type\":\"ReadAction\",\"target\":[\"https:\\\/\\\/www.vdhurk.nl\\\/ford-bedrijfswagens\\\/transit\\\/\"]}]},{\"@type\":\"BreadcrumbList\",\"@id\":\"https:\\\/\\\/www.vdhurk.nl\\\/ford-bedrijfswagens\\\/transit\\\/#breadcrumb\",\"itemListElement\":[{\"@type\":\"ListItem\",\"position\":1,\"name\":\"Home\",\"item\":\"https:\\\/\\\/www.vdhurk.nl\\\/home\\\/\"},{\"@type\":\"ListItem\",\"position\":2,\"name\":\"Ford Bedrijfswagens\",\"item\":\"https:\\\/\\\/www.vdhurk.nl\\\/ford-bedrijfswagens\\\/\"},{\"@type\":\"ListItem\",\"position\":3,\"name\":\"Ford Transit\"}]},{\"@type\":\"WebSite\",\"@id\":\"https:\\\/\\\/www.vdhurk.nl\\\/#website\",\"url\":\"https:\\\/\\\/www.vdhurk.nl\\\/\",\"name\":\"Van den Hurk Bedrijfswagens\",\"description\":\"Van den Hurk bedrijfswagens Helmond\",\"potentialAction\":[{\"@type\":\"SearchAction\",\"target\":{\"@type\":\"EntryPoint\",\"urlTemplate\":\"https:\\\/\\\/www.vdhurk.nl\\\/?s={search_term_string}\"},\"query-input\":{\"@type\":\"PropertyValueSpecification\",\"valueRequired\":true,\"valueName\":\"search_term_string\"}}],\"inLanguage\":\"ro-RO\"}]}<\/script>\n<!-- \/ Yoast SEO plugin. -->","yoast_head_json":{"title":"Afla\u021bi totul despre ma\u0219ina de ocazie Ford Transit","description":"C\u0103uta\u021bi un vehicul comercial? Atunci Ford Transit ocassion este o op\u021biune excelent\u0103. Explora\u021bi specifica\u021biile acestui model \u0219i vede\u021bi dac\u0103 este potrivit.","robots":{"index":"index","follow":"follow","max-snippet":"max-snippet:-1","max-image-preview":"max-image-preview:large","max-video-preview":"max-video-preview:-1"},"canonical":"https:\/\/www.vdhurk.nl\/ro\/vehicule-comerciale-ford\/tranzit\/","og_locale":"ro_RO","og_type":"article","og_title":"Ontdek alles over de Ford Transit occasion","og_description":"Op zoek naar een bedrijfswagen? Dan is de Ford Transit ocassion een uitstekende optie. Ontdek de specificaties van dit model en kijk of het geschikt is.","og_url":"https:\/\/www.vdhurk.nl\/ro\/vehicule-comerciale-ford\/tranzit\/","og_site_name":"Van den Hurk Bedrijfswagens","twitter_card":"summary_large_image","twitter_misc":{"Timp estimat pentru citire":"6 minute"},"schema":{"@context":"https:\/\/schema.org","@graph":[{"@type":"WebPage","@id":"https:\/\/www.vdhurk.nl\/ford-bedrijfswagens\/transit\/","url":"https:\/\/www.vdhurk.nl\/ford-bedrijfswagens\/transit\/","name":"Afla\u021bi totul despre ma\u0219ina de ocazie Ford Transit","isPartOf":{"@id":"https:\/\/www.vdhurk.nl\/#website"},"datePublished":"2024-08-01T13:19:48+00:00","description":"C\u0103uta\u021bi un vehicul comercial? Atunci Ford Transit ocassion este o op\u021biune excelent\u0103. Explora\u021bi specifica\u021biile acestui model \u0219i vede\u021bi dac\u0103 este potrivit.","breadcrumb":{"@id":"https:\/\/www.vdhurk.nl\/ford-bedrijfswagens\/transit\/#breadcrumb"},"inLanguage":"ro-RO","potentialAction":[{"@type":"ReadAction","target":["https:\/\/www.vdhurk.nl\/ford-bedrijfswagens\/transit\/"]}]},{"@type":"BreadcrumbList","@id":"https:\/\/www.vdhurk.nl\/ford-bedrijfswagens\/transit\/#breadcrumb","itemListElement":[{"@type":"ListItem","position":1,"name":"Home","item":"https:\/\/www.vdhurk.nl\/home\/"},{"@type":"ListItem","position":2,"name":"Ford Bedrijfswagens","item":"https:\/\/www.vdhurk.nl\/ford-bedrijfswagens\/"},{"@type":"ListItem","position":3,"name":"Ford Transit"}]},{"@type":"WebSite","@id":"https:\/\/www.vdhurk.nl\/#website","url":"https:\/\/www.vdhurk.nl\/","name":"Vehicule comerciale Van den Hurk","description":"Vehicule comerciale Van den Hurk Helmond","potentialAction":[{"@type":"SearchAction","target":{"@type":"EntryPoint","urlTemplate":"https:\/\/www.vdhurk.nl\/?s={search_term_string}"},"query-input":{"@type":"PropertyValueSpecification","valueRequired":true,"valueName":"search_term_string"}}],"inLanguage":"ro-RO"}]}},"_links":{"self":[{"href":"https:\/\/www.vdhurk.nl\/ro\/wp-json\/wp\/v2\/pages\/397524","targetHints":{"allow":["GET"]}}],"collection":[{"href":"https:\/\/www.vdhurk.nl\/ro\/wp-json\/wp\/v2\/pages"}],"about":[{"href":"https:\/\/www.vdhurk.nl\/ro\/wp-json\/wp\/v2\/types\/page"}],"author":[{"embeddable":true,"href":"https:\/\/www.vdhurk.nl\/ro\/wp-json\/wp\/v2\/users\/3"}],"replies":[{"embeddable":true,"href":"https:\/\/www.vdhurk.nl\/ro\/wp-json\/wp\/v2\/comments?post=397524"}],"version-history":[{"count":2,"href":"https:\/\/www.vdhurk.nl\/ro\/wp-json\/wp\/v2\/pages\/397524\/revisions"}],"predecessor-version":[{"id":397526,"href":"https:\/\/www.vdhurk.nl\/ro\/wp-json\/wp\/v2\/pages\/397524\/revisions\/397526"}],"up":[{"embeddable":true,"href":"https:\/\/www.vdhurk.nl\/ro\/wp-json\/wp\/v2\/pages\/513"}],"wp:attachment":[{"href":"https:\/\/www.vdhurk.nl\/ro\/wp-json\/wp\/v2\/media?parent=397524"}],"curies":[{"name":"wp","href":"https:\/\/api.w.org\/{rel}","templated":true}]}}