{"id":393643,"date":"2024-07-08T14:24:33","date_gmt":"2024-07-08T12:24:33","guid":{"rendered":"https:\/\/www.vdhurk.nl\/?page_id=393643"},"modified":"2024-07-08T14:24:33","modified_gmt":"2024-07-08T12:24:33","slug":"mercedes-14","status":"publish","type":"page","link":"https:\/\/www.vdhurk.nl\/ro\/volkswagen-bedrijfswagens\/transporter\/","title":{"rendered":"Volkswagen Transporter"},"content":{"rendered":"<section  class='av_textblock_section av-lu8gnh7d-4ac895489941e586c1d7c8cb72318135'  itemscope=\"itemscope\" itemtype=\"https:\/\/schema.org\/CreativeWork\" ><div class='avia_textblock'  itemprop=\"text\" ><h1>Tot ce vre\u021bi s\u0103 \u0219ti\u021bi despre ocazia Volkswagen Transporter<\/h1>\n<p>\u00cen lumea vehiculelor comerciale, Volkswagen Transporter este o alegere popular\u0103. De ani de zile, acest model este cunoscut pentru fiabilitatea \u0219i versatilitatea sa. Datorit\u0103 calit\u0103\u021bii sale robuste, acest model este impresionant nu numai \u00een ceea ce prive\u0219te aspectul, ci \u0219i caracteristicile practice. Acest lucru face ca acest vehicul comercial s\u0103 fie extrem de potrivit pentru utilizarea \u00een afaceri. Chiar dac\u0103 c\u0103l\u0103tori\u021bi mult, acest model ofer\u0103 o alegere excelent\u0103.<\/p>\n<\/div><\/section>\n\n<style type=\"text\/css\" data-created_by=\"avia_inline_auto\" id=\"style-css-av-lujjddpd-afa3d7a9eabd61123e643ed1228e781e\">\n#top .hr.hr-invisible.av-lujjddpd-afa3d7a9eabd61123e643ed1228e781e{\nheight:50px;\n}\n<\/style>\n<div  class='hr av-lujjddpd-afa3d7a9eabd61123e643ed1228e781e hr-invisible  avia-builder-el-1  el_after_av_textblock  el_before_av_codeblock'><span class='hr-inner'><span class=\"hr-inner-style\"><\/span><\/span><\/div>\n\n\n<style type=\"text\/css\" data-created_by=\"avia_inline_auto\" id=\"style-css-av-82y21t7-4622d153891c0528813f731a57d2f010\">\n#top .hr.hr-invisible.av-82y21t7-4622d153891c0528813f731a57d2f010{\nheight:50px;\n}\n<\/style>\n<div  class='hr av-82y21t7-4622d153891c0528813f731a57d2f010 hr-invisible  avia-builder-el-3  el_after_av_codeblock  el_before_av_buttonrow'><span class='hr-inner'><span class=\"hr-inner-style\"><\/span><\/span><\/div>\n<div  class='avia-buttonrow-wrap av-lycyeosk-3a5d84609b38731678ab01a141ddd2c6 avia-buttonrow-center  avia-builder-el-4  el_after_av_hr  el_before_av_hr'>\n\n<style type=\"text\/css\" data-created_by=\"avia_inline_auto\" id=\"style-css-av-lycyehd9-8b81d1ba0c97b1c601641cfcf82e6f50\">\n#top #wrap_all .avia-button.av-lycyehd9-8b81d1ba0c97b1c601641cfcf82e6f50{\nmargin-bottom:5px;\nmargin-right:3px;\nmargin-left:3px;\n}\n<\/style>\n<a href='https:\/\/www.vdhurk.nl\/ro\/vehicule-comerciale\/#HcxRCoAgEEXRrcR8RwtoM2L6CEsbeWNFRHsv-rxwuLcUcHVFI7ILnlQzMEFGOTSvdvoZW9foN6vKBkovyghO10cq02LD8R1U6x-uerYU9pzAMcKCPC8'  class='avia-button av-lycyehd9-8b81d1ba0c97b1c601641cfcf82e6f50 avia-icon_select-yes-right-icon avia-size-x-large avia-color-theme-color'  ><span class='avia_iconbox_title' >Sunte\u021bi curio\u0219i cu privire la gama complet\u0103 de vehicule comerciale Volkswagen Transporter? Nu ezita\u021bi s\u0103 arunca\u021bi o privire!<\/span><span class='avia_button_icon avia_button_icon_right' aria-hidden='true' data-av_icon='\ue871' data-av_iconfont='entypo-fontello'><\/span><\/a>\n<\/div>\n\n<style type=\"text\/css\" data-created_by=\"avia_inline_auto\" id=\"style-css-av-ah0xd-63338d9dc6b40410e22a712829c369d6\">\n#top .hr.hr-invisible.av-ah0xd-63338d9dc6b40410e22a712829c369d6{\nheight:50px;\n}\n<\/style>\n<div  class='hr av-ah0xd-63338d9dc6b40410e22a712829c369d6 hr-invisible  avia-builder-el-5  el_after_av_buttonrow  el_before_av_textblock'><span class='hr-inner'><span class=\"hr-inner-style\"><\/span><\/span><\/div>\n<section  class='av_textblock_section av-lu8gow1e-300853e458ed741bd87d6cb78e55cc7a'  itemscope=\"itemscope\" itemtype=\"https:\/\/schema.org\/CreativeWork\" ><div class='avia_textblock'  itemprop=\"text\" ><h2>6 motive pentru care antreprenorii cump\u0103r\u0103 un Volkswagen Transporter<\/h2>\n<p>\u00cen calitate de dealer Volkswagen Transporter, \u0219tim c\u0103 acest model este popular pentru utilizarea \u00een afaceri. Popularitatea acestui model se datoreaz\u0103 par\u021bial:<\/p>\n<ul>\n<li><strong>Versatilitate<\/strong>: Acest model este conceput pentru a satisface diverse nevoi de afaceri. De exemplu, vehiculul comercial este potrivit pentru transportul de bunuri \u0219i persoane. Transporter ofer\u0103 solu\u021bii pentru diverse aplica\u021bii.<\/li>\n<li><strong>Calitate robust\u0103 a construc\u021biei<\/strong>: Transporter este cunoscut pentru construc\u021bia solid\u0103 \u0219i durabilitatea sa. Modelul este proiectat s\u0103 reziste la sarcini grele. Acest lucru face ca vehiculul comercial s\u0103 fie fiabil \u00een diverse condi\u021bii.<\/li>\n<li><strong>Eficien\u021b\u0103 puternic\u0103<\/strong>: Volkswagen-urile sunt cunoscute pentru motoarele lor puternice \u0219i eficiente. Acest lucru face ca vehiculele s\u0103 fie fluide \u0219i s\u0103 r\u0103spund\u0103 chiar \u0219i la sarcini grele. Modelele sunt concepute pentru a fi economice, oferind \u00een acela\u0219i timp suficient\u0103 putere pentru utiliz\u0103ri variate.<\/li>\n<li><strong>Utilizare confortabil\u0103<\/strong>: Interiorul modelului este proiectat \u021bin\u00e2nd cont de confort \u0219i comoditate. Modelul include scaune ergonomice, solu\u021bii fine de depozitare \u0219i caracteristici tehnologice avansate. Ca rezultat, acest model ofer\u0103 o experien\u021b\u0103 de condus pl\u0103cut\u0103 pentru to\u021bi \u0219oferii \u0219i pasagerii.<\/li>\n<li><strong>Tehnologie<\/strong>: Acest model este proiectat cu o serie de caracteristici tehnologice. Acestea includ sisteme de infotainment, sisteme de asisten\u021b\u0103 pentru \u0219ofer \u0219i op\u021biuni de conectivitate. Aceste tehnologii \u00eembun\u0103t\u0103\u021besc confortul \u0219i confortul \u0219i contribuie la siguran\u021ba vehiculului.<br \/>\n<strong>Dispozitive de siguran\u021b\u0103<\/strong>: Marca acord\u0103 o aten\u021bie deosebit\u0103 siguran\u021bei. De exemplu, au dezvoltat caracteristici precum asisten\u021b\u0103 avansat\u0103 la fr\u00e2nare, cruise control adaptiv \u0219i multe altele. Acestea sunt caracteristici care ajut\u0103 la sprijinirea \u0219oferului \u0219i asigur\u0103 siguran\u021ba pasagerilor, chiar \u0219i \u00een condi\u021bii dificile.<\/li>\n<\/ul>\n<p>Toate aceste caracteristici fac din modelele Volkswagen Transporter o alegere popular\u0103 \u00een scopuri profesionale.<\/p>\n<\/div><\/section>\n<div class='flex_column av-f64w1-da126f42b61613402309283c14245a25 av_one_half  avia-builder-el-7  el_after_av_textblock  el_before_av_one_third  first flex_column_div column-top-margin'   ><section  class='av_textblock_section av-lu8gpqre-73cc2c17e6a6497ba6e1b58af22bd9e8'  itemscope=\"itemscope\" itemtype=\"https:\/\/schema.org\/CreativeWork\" ><div class='avia_textblock'  itemprop=\"text\" ><h2><b>De ce s\u0103 alege\u021bi un model second-hand?<\/b><\/h2>\n<p>\u00cen oferta noastr\u0103 ve\u021bi g\u0103si un Volkswagen Transporter second-hand care func\u021bioneaz\u0103 corect. \u00cen ciuda faptului c\u0103 modelele noastre au mai fost folosite, acestea fac exact ceea ce trebuie s\u0103 fac\u0103. \u00cen plus, un model folosit ofer\u0103 multe avantaje, \u00eencep\u00e2nd cu reducerea costurilor. \u00cen general, modelele second-hand sunt mai ieftine dec\u00e2t modelele noi. Astfel, economisi\u021bi mult la pre\u021bul de achizi\u021bie. \u00cen plus, vehiculele noi \u00ee\u0219i pierd rapid valoarea. Cu un Transporter folosit, evita\u021bi o mare parte din aceast\u0103 depreciere.<\/p>\n<\/div><\/section><\/div>\n<div class='flex_column av-aldk9-ee694297f5c4032981677a02caab84d6 av_one_third  avia-builder-el-9  el_after_av_one_half  el_before_av_hr  flex_column_div column-top-margin'   ><style type=\"text\/css\" data-created_by=\"avia_inline_auto\" id=\"style-css-av-l1w9kpsf-4ec3fab772ec7a9adaa33cfc64ff0475\">\n.avia-image-container.av-l1w9kpsf-4ec3fab772ec7a9adaa33cfc64ff0475 .av-image-caption-overlay-center{\ncolor:#ffffff;\n}\n<\/style>\n<div  class='avia-image-container av-l1w9kpsf-4ec3fab772ec7a9adaa33cfc64ff0475 av-styling- avia-align-center  avia-builder-el-10  avia-builder-el-no-sibling'  itemprop=\"image\" itemscope=\"itemscope\" itemtype=\"https:\/\/schema.org\/ImageObject\" ><div class=\"avia-image-container-inner\"><div class=\"avia-image-overlay-wrap\"><img decoding=\"async\" class='wp-image-187 avia-img-lazy-loading-not-187 avia_image' src=\"https:\/\/www.vdhurk.nl\/wp-content\/uploads\/2022\/03\/Voorrad.png\" alt='' title='Stoc'  height=\"758\" width=\"1135\"  itemprop=\"thumbnailUrl\" srcset=\"https:\/\/www.vdhurk.nl\/wp-content\/uploads\/2022\/03\/Voorrad.png 1135w, https:\/\/www.vdhurk.nl\/wp-content\/uploads\/2022\/03\/Voorrad-300x200.png 300w, https:\/\/www.vdhurk.nl\/wp-content\/uploads\/2022\/03\/Voorrad-1030x688.png 1030w, https:\/\/www.vdhurk.nl\/wp-content\/uploads\/2022\/03\/Voorrad-768x513.png 768w, https:\/\/www.vdhurk.nl\/wp-content\/uploads\/2022\/03\/Voorrad-18x12.png 18w, https:\/\/www.vdhurk.nl\/wp-content\/uploads\/2022\/03\/Voorrad-705x471.png 705w\" sizes=\"(max-width: 1135px) 100vw, 1135px\" \/><\/div><\/div><\/div><\/div>\n\n<style type=\"text\/css\" data-created_by=\"avia_inline_auto\" id=\"style-css-av-luqrjpjc-5a23a1fb5f94718ca85316a9df963e2f\">\n#top .hr.hr-invisible.av-luqrjpjc-5a23a1fb5f94718ca85316a9df963e2f{\nheight:50px;\n}\n<\/style>\n<div  class='hr av-luqrjpjc-5a23a1fb5f94718ca85316a9df963e2f hr-invisible  avia-builder-el-11  el_after_av_one_third  el_before_av_textblock'><span class='hr-inner'><span class=\"hr-inner-style\"><\/span><\/span><\/div>\n<section  class='av_textblock_section av-lu8gtjw7-4f3cee9304909518d86d2860d9d582dd'  itemscope=\"itemscope\" itemtype=\"https:\/\/schema.org\/CreativeWork\" ><div class='avia_textblock'  itemprop=\"text\" ><h2>Leasingul unui Volkswagen Transporter<\/h2>\n<p>La Van den Hurk, oferim mai multe op\u021biuni dec\u00e2t simpla achizi\u021bionare de vehicule comerciale. De asemenea, pute\u021bi \u00eenchiria unul. Aceasta este special conceput\u0103 pentru utilizatorii comerciali care doresc securitate. Avantajul unei <a href=\"https:\/\/www.vdhurk.nl\/ro\/leasing-financiar\/#top\">leasing auto pentru companii<\/a> este c\u0103 nu trebuie s\u0103 v\u0103 folosi\u021bi propriile resurse financiare. Acest lucru se datoreaz\u0103 faptului c\u0103 finan\u021barea este separat\u0103 de cealalt\u0103 finan\u021bare a afacerii dumneavoastr\u0103. Dori\u021bi s\u0103 afla\u021bi mai multe despre leasing? Ne-ar face pl\u0103cere s\u0103 v\u0103 spunem mai multe.<\/p>\n<h2><b>Istoria acestui model<\/b><\/h2>\n<h3><b>Punctul de plecare al transportatorului<\/b><\/h3>\n<p>Istoria Volkswagen Transporter este o poveste de inova\u021bie, versatilitate \u0219i durabilitate, dat\u00e2nd din secolul XX. \u00cen aceast\u0103 perioad\u0103, Volkswagen a v\u0103zut nevoia unui vehicul comercial versatil care s\u0103 poat\u0103 satisface cererea \u00een cre\u0219tere pentru op\u021biuni de transport. Dup\u0103 aceasta, vehiculul a devenit rapid un model popular.<\/p>\n<h3><b>Evolu\u021bii \u00een urm\u0103torii ani<\/b><\/h3>\n<p>Multe evolu\u021bii \u0219i \u00eembun\u0103t\u0103\u021biri au urmat \u00een anii de dup\u0103 na\u0219terea Volkswagen Transporter. Au fost dezvoltate noi modele pentru a \u021bine pasul cu cerin\u021bele schimb\u0103toare ale pie\u021bei \u0219i cu progresele tehnologice. Ca urmare, modelele au r\u0103mas populare \u00een r\u00e2ndul utilizatorilor de afaceri.<\/p>\n<h3><strong>Ma\u0219ina de serviciu ast\u0103zi<\/strong><\/h3>\n<p>Ast\u0103zi, Volkswagen Transporter r\u0103m\u00e2ne una dintre alegerile preferate ale oamenilor de toate v\u00e2rstele \u0219i din toate mediile. Antreprenorii aleg acest model deoarece este o alegere fiabil\u0103 pe termen lung. Cu o istorie bogat\u0103, acest model r\u0103m\u00e2ne un simbol al mobilit\u0103\u021bii \u0219i libert\u0103\u021bii.<\/p>\n<\/div><\/section>","protected":false},"excerpt":{"rendered":"","protected":false},"author":3,"featured_media":0,"parent":372079,"menu_order":0,"comment_status":"closed","ping_status":"closed","template":"","meta":{"_acf_changed":false,"_improvement_type_select":"improve_an_existing","_thumb_yes_seoaic":false,"_frame_yes_seoaic":false,"seoaic_generate_description":"","seoaic_improve_instructions_prompt":"","seoaic_rollback_content_improvement":"","seoaic_idea_thumbnail_generator":"","thumbnail_generated":false,"thumbnail_generate_prompt":"","seoaic_article_description":"","footnotes":""},"class_list":["post-393643","page","type-page","status-publish","hentry"],"acf":[],"yoast_head":"<!-- This site is optimized with the Yoast SEO plugin v27.5 - https:\/\/yoast.com\/product\/yoast-seo-wordpress\/ -->\n<title>Vind jouw geschikte Volkswagen Transporter occasion<\/title>\n<meta name=\"description\" content=\"Op zoek naar een goed werkende Volkswagen Transporter occasion? Bekijk dan ons actuele aanbod en ontdek de verschillende mogelijkheden.\" \/>\n<meta name=\"robots\" content=\"index, follow, max-snippet:-1, max-image-preview:large, max-video-preview:-1\" \/>\n<link rel=\"canonical\" href=\"https:\/\/www.vdhurk.nl\/ro\/mercedes-13\/mercedes-14\/\" \/>\n<meta property=\"og:locale\" content=\"ro_RO\" \/>\n<meta property=\"og:type\" content=\"article\" \/>\n<meta property=\"og:title\" content=\"Vind jouw geschikte Volkswagen Transporter occasion\" \/>\n<meta property=\"og:description\" content=\"Op zoek naar een goed werkende Volkswagen Transporter occasion? Bekijk dan ons actuele aanbod en ontdek de verschillende mogelijkheden.\" \/>\n<meta property=\"og:url\" content=\"https:\/\/www.vdhurk.nl\/ro\/mercedes-13\/mercedes-14\/\" \/>\n<meta property=\"og:site_name\" content=\"Van den Hurk Bedrijfswagens\" \/>\n<meta name=\"twitter:card\" content=\"summary_large_image\" \/>\n<meta name=\"twitter:label1\" content=\"Timp estimat pentru citire\" \/>\n\t<meta name=\"twitter:data1\" content=\"6 minute\" \/>\n<script type=\"application\/ld+json\" class=\"yoast-schema-graph\">{\"@context\":\"https:\\\/\\\/schema.org\",\"@graph\":[{\"@type\":\"WebPage\",\"@id\":\"https:\\\/\\\/www.vdhurk.nl\\\/volkswagen-bedrijfswagens\\\/transporter\\\/\",\"url\":\"https:\\\/\\\/www.vdhurk.nl\\\/volkswagen-bedrijfswagens\\\/transporter\\\/\",\"name\":\"Vind jouw geschikte Volkswagen Transporter occasion\",\"isPartOf\":{\"@id\":\"https:\\\/\\\/www.vdhurk.nl\\\/#website\"},\"datePublished\":\"2024-07-08T12:24:33+00:00\",\"description\":\"Op zoek naar een goed werkende Volkswagen Transporter occasion? Bekijk dan ons actuele aanbod en ontdek de verschillende mogelijkheden.\",\"breadcrumb\":{\"@id\":\"https:\\\/\\\/www.vdhurk.nl\\\/volkswagen-bedrijfswagens\\\/transporter\\\/#breadcrumb\"},\"inLanguage\":\"ro-RO\",\"potentialAction\":[{\"@type\":\"ReadAction\",\"target\":[\"https:\\\/\\\/www.vdhurk.nl\\\/volkswagen-bedrijfswagens\\\/transporter\\\/\"]}]},{\"@type\":\"BreadcrumbList\",\"@id\":\"https:\\\/\\\/www.vdhurk.nl\\\/volkswagen-bedrijfswagens\\\/transporter\\\/#breadcrumb\",\"itemListElement\":[{\"@type\":\"ListItem\",\"position\":1,\"name\":\"Home\",\"item\":\"https:\\\/\\\/www.vdhurk.nl\\\/home\\\/\"},{\"@type\":\"ListItem\",\"position\":2,\"name\":\"Volkswagen Bedrijfswagens\",\"item\":\"https:\\\/\\\/www.vdhurk.nl\\\/volkswagen-bedrijfswagens\\\/\"},{\"@type\":\"ListItem\",\"position\":3,\"name\":\"Volkswagen Transporter\"}]},{\"@type\":\"WebSite\",\"@id\":\"https:\\\/\\\/www.vdhurk.nl\\\/#website\",\"url\":\"https:\\\/\\\/www.vdhurk.nl\\\/\",\"name\":\"Van den Hurk Bedrijfswagens\",\"description\":\"Van den Hurk bedrijfswagens Helmond\",\"potentialAction\":[{\"@type\":\"SearchAction\",\"target\":{\"@type\":\"EntryPoint\",\"urlTemplate\":\"https:\\\/\\\/www.vdhurk.nl\\\/?s={search_term_string}\"},\"query-input\":{\"@type\":\"PropertyValueSpecification\",\"valueRequired\":true,\"valueName\":\"search_term_string\"}}],\"inLanguage\":\"ro-RO\"}]}<\/script>\n<!-- \/ Yoast SEO plugin. -->","yoast_head_json":{"title":"G\u0103si\u021bi ma\u0219ina Volkswagen Transporter potrivit\u0103","description":"C\u0103uta\u021bi o ma\u0219in\u0103 de ocazie Volkswagen Transporter bine folosit\u0103? Atunci arunca\u021bi o privire la oferta noastr\u0103 actual\u0103 \u0219i descoperi\u021bi diferitele op\u021biuni.","robots":{"index":"index","follow":"follow","max-snippet":"max-snippet:-1","max-image-preview":"max-image-preview:large","max-video-preview":"max-video-preview:-1"},"canonical":"https:\/\/www.vdhurk.nl\/ro\/mercedes-13\/mercedes-14\/","og_locale":"ro_RO","og_type":"article","og_title":"Vind jouw geschikte Volkswagen Transporter occasion","og_description":"Op zoek naar een goed werkende Volkswagen Transporter occasion? Bekijk dan ons actuele aanbod en ontdek de verschillende mogelijkheden.","og_url":"https:\/\/www.vdhurk.nl\/ro\/mercedes-13\/mercedes-14\/","og_site_name":"Van den Hurk Bedrijfswagens","twitter_card":"summary_large_image","twitter_misc":{"Timp estimat pentru citire":"6 minute"},"schema":{"@context":"https:\/\/schema.org","@graph":[{"@type":"WebPage","@id":"https:\/\/www.vdhurk.nl\/volkswagen-bedrijfswagens\/transporter\/","url":"https:\/\/www.vdhurk.nl\/volkswagen-bedrijfswagens\/transporter\/","name":"G\u0103si\u021bi ma\u0219ina Volkswagen Transporter potrivit\u0103","isPartOf":{"@id":"https:\/\/www.vdhurk.nl\/#website"},"datePublished":"2024-07-08T12:24:33+00:00","description":"C\u0103uta\u021bi o ma\u0219in\u0103 de ocazie Volkswagen Transporter bine folosit\u0103? Atunci arunca\u021bi o privire la oferta noastr\u0103 actual\u0103 \u0219i descoperi\u021bi diferitele op\u021biuni.","breadcrumb":{"@id":"https:\/\/www.vdhurk.nl\/volkswagen-bedrijfswagens\/transporter\/#breadcrumb"},"inLanguage":"ro-RO","potentialAction":[{"@type":"ReadAction","target":["https:\/\/www.vdhurk.nl\/volkswagen-bedrijfswagens\/transporter\/"]}]},{"@type":"BreadcrumbList","@id":"https:\/\/www.vdhurk.nl\/volkswagen-bedrijfswagens\/transporter\/#breadcrumb","itemListElement":[{"@type":"ListItem","position":1,"name":"Home","item":"https:\/\/www.vdhurk.nl\/home\/"},{"@type":"ListItem","position":2,"name":"Volkswagen Bedrijfswagens","item":"https:\/\/www.vdhurk.nl\/volkswagen-bedrijfswagens\/"},{"@type":"ListItem","position":3,"name":"Volkswagen Transporter"}]},{"@type":"WebSite","@id":"https:\/\/www.vdhurk.nl\/#website","url":"https:\/\/www.vdhurk.nl\/","name":"Vehicule comerciale Van den Hurk","description":"Vehicule comerciale Van den Hurk Helmond","potentialAction":[{"@type":"SearchAction","target":{"@type":"EntryPoint","urlTemplate":"https:\/\/www.vdhurk.nl\/?s={search_term_string}"},"query-input":{"@type":"PropertyValueSpecification","valueRequired":true,"valueName":"search_term_string"}}],"inLanguage":"ro-RO"}]}},"_links":{"self":[{"href":"https:\/\/www.vdhurk.nl\/ro\/wp-json\/wp\/v2\/pages\/393643","targetHints":{"allow":["GET"]}}],"collection":[{"href":"https:\/\/www.vdhurk.nl\/ro\/wp-json\/wp\/v2\/pages"}],"about":[{"href":"https:\/\/www.vdhurk.nl\/ro\/wp-json\/wp\/v2\/types\/page"}],"author":[{"embeddable":true,"href":"https:\/\/www.vdhurk.nl\/ro\/wp-json\/wp\/v2\/users\/3"}],"replies":[{"embeddable":true,"href":"https:\/\/www.vdhurk.nl\/ro\/wp-json\/wp\/v2\/comments?post=393643"}],"version-history":[{"count":5,"href":"https:\/\/www.vdhurk.nl\/ro\/wp-json\/wp\/v2\/pages\/393643\/revisions"}],"predecessor-version":[{"id":393653,"href":"https:\/\/www.vdhurk.nl\/ro\/wp-json\/wp\/v2\/pages\/393643\/revisions\/393653"}],"up":[{"embeddable":true,"href":"https:\/\/www.vdhurk.nl\/ro\/wp-json\/wp\/v2\/pages\/372079"}],"wp:attachment":[{"href":"https:\/\/www.vdhurk.nl\/ro\/wp-json\/wp\/v2\/media?parent=393643"}],"curies":[{"name":"wp","href":"https:\/\/api.w.org\/{rel}","templated":true}]}}