{"id":393610,"date":"2024-07-08T13:58:13","date_gmt":"2024-07-08T11:58:13","guid":{"rendered":"https:\/\/www.vdhurk.nl\/?page_id=393610"},"modified":"2024-07-08T14:22:13","modified_gmt":"2024-07-08T12:22:13","slug":"mercedes-4","status":"publish","type":"page","link":"https:\/\/www.vdhurk.nl\/ro\/volkswagen-bedrijfswagens\/caddy\/","title":{"rendered":"Volkswagen Caddy"},"content":{"rendered":"<section  class='av_textblock_section av-lu8gnh7d-4ac895489941e586c1d7c8cb72318135'  itemscope=\"itemscope\" itemtype=\"https:\/\/schema.org\/CreativeWork\" ><div class='avia_textblock'  itemprop=\"text\" ><h1>Tot ce trebuie s\u0103 \u0219ti\u021bi despre ocazia Volkswagen Caddy<\/h1>\n<p>Ocazia Volkswagen Caddy a fost mult timp unul dintre cele mai populare \u0219i versatile vehicule comerciale de pe pia\u021b\u0103. Acest model \u0219i-a c\u00e2\u0219tigat o reputa\u021bie puternic\u0103 \u00een r\u00e2ndul \u00eentreprinderilor \u0219i antreprenorilor. Aceast\u0103 ocazie ofer\u0103 multe calit\u0103\u021bi la un pre\u021b accesibil. Flexibilitatea \u0219i durabilitatea se \u00eent\u00e2lnesc \u00een acest. Descoperi\u021bi numeroasele specifica\u021bii \u0219i beneficii ale acestui model.<\/p>\n<\/div><\/section>\n\n<style type=\"text\/css\" data-created_by=\"avia_inline_auto\" id=\"style-css-av-lujjddpd-afa3d7a9eabd61123e643ed1228e781e\">\n#top .hr.hr-invisible.av-lujjddpd-afa3d7a9eabd61123e643ed1228e781e{\nheight:50px;\n}\n<\/style>\n<div  class='hr av-lujjddpd-afa3d7a9eabd61123e643ed1228e781e hr-invisible  avia-builder-el-1  el_after_av_textblock  el_before_av_codeblock'><span class='hr-inner'><span class=\"hr-inner-style\"><\/span><\/span><\/div>\n\n\n<style type=\"text\/css\" data-created_by=\"avia_inline_auto\" id=\"style-css-av-av_hr-3a876428eececa9d35452247ddb053af\">\n#top .hr.hr-invisible.av-av_hr-3a876428eececa9d35452247ddb053af{\nheight:50px;\n}\n<\/style>\n<div  class='hr av-av_hr-3a876428eececa9d35452247ddb053af hr-invisible  avia-builder-el-3  el_after_av_codeblock  el_before_av_buttonrow'><span class='hr-inner'><span class=\"hr-inner-style\"><\/span><\/span><\/div>\n<div  class='avia-buttonrow-wrap av-lycyckhz-a0207ca1bb187f2978bad44a1bbc9abf avia-buttonrow-center  avia-builder-el-4  el_after_av_hr  el_before_av_hr'>\n\n<style type=\"text\/css\" data-created_by=\"avia_inline_auto\" id=\"style-css-av-lycyc0c8-09cd1f79e4080d9a7583e09e93f1a2c7\">\n#top #wrap_all .avia-button.av-lycyc0c8-09cd1f79e4080d9a7583e09e93f1a2c7{\nmargin-bottom:5px;\nmargin-right:3px;\nmargin-left:3px;\n}\n<\/style>\n<a href='https:\/\/www.vdhurk.nl\/ro\/vehicule-comerciale\/#HctLCoAwDEXRrUjG4gLcTKlJkNpqyosfRNy7xeHlcB9aFTmsJloCR8DcFUlppNNK9ivOunUcRW7qySCK6W5YkRYfzvaa1T9CjdgTHyUpRlFnej8'  class='avia-button av-lycyc0c8-09cd1f79e4080d9a7583e09e93f1a2c7 avia-icon_select-yes-right-icon avia-size-x-large avia-color-theme-color'  ><span class='avia_iconbox_title' >Sunte\u021bi curio\u0219i cu privire la gama complet\u0103 de vehicule comerciale Volkswagen Caddy? Nu ezita\u021bi s\u0103 arunca\u021bi o privire!<\/span><span class='avia_button_icon avia_button_icon_right' aria-hidden='true' data-av_icon='\ue871' data-av_iconfont='entypo-fontello'><\/span><\/a>\n<\/div>\n\n<style type=\"text\/css\" data-created_by=\"avia_inline_auto\" id=\"style-css-av-ah0xd-63338d9dc6b40410e22a712829c369d6\">\n#top .hr.hr-invisible.av-ah0xd-63338d9dc6b40410e22a712829c369d6{\nheight:50px;\n}\n<\/style>\n<div  class='hr av-ah0xd-63338d9dc6b40410e22a712829c369d6 hr-invisible  avia-builder-el-5  el_after_av_buttonrow  el_before_av_textblock'><span class='hr-inner'><span class=\"hr-inner-style\"><\/span><\/span><\/div>\n<section  class='av_textblock_section av-lu8gow1e-300853e458ed741bd87d6cb78e55cc7a'  itemscope=\"itemscope\" itemtype=\"https:\/\/schema.org\/CreativeWork\" ><div class='avia_textblock'  itemprop=\"text\" ><h2>5 avantaje ale modelelor Volkswagen Caddy<\/h2>\n<p>Alegerea unei ma\u0219ini second-hand Volkswagen Caddy aduce mai multe avantaje:<\/p>\n<ul>\n<li><strong>Accesibilitate<\/strong>: Deseori beneficia\u021bi de un pre\u021b mai accesibil cu o ma\u0219in\u0103 de ocazie dec\u00e2t atunci c\u00e2nd opta\u021bi pentru un model nou. Aleg\u00e2nd un Volkswagen Caddy, beneficia\u021bi \u00een acela\u0219i timp de un vehicul de calitate.<\/li>\n<li><strong>Fiabilitate<\/strong>: Volkswagen este cunoscut pentru vehiculele sale fiabile. Ocazia Caddy are un istoric bun de \u00eentre\u021binere, astfel \u00eenc\u00e2t pute\u021bi avea \u00eencredere \u00eentr-un vehicul comercial.<\/li>\n<li><strong>Versatilitate \u0219i spa\u021biu:<\/strong> Acest model ofer\u0103 un interior spa\u021bios \u0219i un spa\u021biu de \u00eenc\u0103rcare versatil. Acest lucru face ca acest model s\u0103 fie foarte potrivit pentru diverse aplica\u021bii, cum ar fi transportul de bunuri \u0219i unelte.<\/li>\n<li><strong>Calitate solid\u0103 a construc\u021biei<\/strong>: Volkswagen este cunoscut pentru calitatea sa premium de construc\u021bie \u0219i manoper\u0103. Cu acest model, beneficia\u021bi de construc\u021bie \u0219i durabilitate.<\/li>\n<li><strong>Disponibilitatea op\u021biunilor<\/strong>: Atunci c\u00e2nd cump\u0103ra\u021bi un Volkswagen Caddy folosit, pute\u021bi alege adesea dintre diferite configura\u021bii. Acest lucru v\u0103 ofer\u0103 posibilitatea de a g\u0103si un vehicul care se potrive\u0219te complet nevoilor \u0219i preferin\u021belor dumneavoastr\u0103.<\/li>\n<\/ul>\n<p>Acest model ofer\u0103 astfel o combina\u021bie excelent\u0103 de valoare, fiabilitate \u0219i versatilitate. Acest lucru face din vehiculul comercial o op\u021biune atractiv\u0103 pentru diver\u0219i utilizatori.<\/p>\n<\/div><\/section>\n<div class='flex_column av-f64w1-da126f42b61613402309283c14245a25 av_one_half  avia-builder-el-7  el_after_av_textblock  el_before_av_one_third  first flex_column_div column-top-margin'   ><section  class='av_textblock_section av-lu8gpqre-73cc2c17e6a6497ba6e1b58af22bd9e8'  itemscope=\"itemscope\" itemtype=\"https:\/\/schema.org\/CreativeWork\" ><div class='avia_textblock'  itemprop=\"text\" ><h2>3 motive pentru a alege un model folosit \u00een locul unui vehicul comercial nou<\/h2>\n<p>Cump\u0103rarea unui Volkswagen Caddy la m\u00e2na a doua este adesea mai ieftin\u0103 dec\u00e2t optarea pentru un model nou. De ce? Noi enumer\u0103m principalele motive pentru dumneavoastr\u0103:<\/p>\n<ul>\n<li><strong>Pre\u021b<\/strong>: Un model second-hand este mai avantajos ca pre\u021b. Acest lucru v\u0103 permite s\u0103 economisi\u021bi la costurile ini\u021biale de achizi\u021bie.<\/li>\n<li><strong>Sc\u0103derea valorii<\/strong>: O ma\u0219in\u0103 nou\u0103 \u00ee\u0219i pierde rapid din valoare. Cu un model folosit, altcineva a pl\u0103tit deja pentru aceast\u0103 depreciere ini\u021bial\u0103. Ca urmare, trebuie s\u0103 v\u0103 confrunta\u021bi cu o depreciere mai mic\u0103.<\/li>\n<li><strong>Calitate echivalent\u0103<\/strong>: Ma\u0219inile moderne sunt construite s\u0103 dureze. Un model folosit din gama noastr\u0103 este \u00eenc\u0103 \u00een stare excelent\u0103 \u0219i ofer\u0103 \u00eenc\u0103 performan\u021be fiabile. Cu grij\u0103 \u0219i \u00eentre\u021binere, un vehicul comercial folosit poate dura mul\u021bi ani.<\/li>\n<\/ul>\n<p>Deci, pe scurt, cump\u0103rarea unui Volkswagen Caddy sub forma unui model folosit ofer\u0103 o mul\u021bime de beneficii.<\/p>\n<\/div><\/section><\/div>\n<div class='flex_column av-aldk9-ee694297f5c4032981677a02caab84d6 av_one_third  avia-builder-el-9  el_after_av_one_half  el_before_av_hr  flex_column_div column-top-margin'   ><style type=\"text\/css\" data-created_by=\"avia_inline_auto\" id=\"style-css-av-l1w9kpsf-4ec3fab772ec7a9adaa33cfc64ff0475\">\n.avia-image-container.av-l1w9kpsf-4ec3fab772ec7a9adaa33cfc64ff0475 .av-image-caption-overlay-center{\ncolor:#ffffff;\n}\n<\/style>\n<div  class='avia-image-container av-l1w9kpsf-4ec3fab772ec7a9adaa33cfc64ff0475 av-styling- avia-align-center  avia-builder-el-10  avia-builder-el-no-sibling'  itemprop=\"image\" itemscope=\"itemscope\" itemtype=\"https:\/\/schema.org\/ImageObject\" ><div class=\"avia-image-container-inner\"><div class=\"avia-image-overlay-wrap\"><img decoding=\"async\" class='wp-image-187 avia-img-lazy-loading-not-187 avia_image' src=\"https:\/\/www.vdhurk.nl\/wp-content\/uploads\/2022\/03\/Voorrad.png\" alt='' title='Stoc'  height=\"758\" width=\"1135\"  itemprop=\"thumbnailUrl\" srcset=\"https:\/\/www.vdhurk.nl\/wp-content\/uploads\/2022\/03\/Voorrad.png 1135w, https:\/\/www.vdhurk.nl\/wp-content\/uploads\/2022\/03\/Voorrad-300x200.png 300w, https:\/\/www.vdhurk.nl\/wp-content\/uploads\/2022\/03\/Voorrad-1030x688.png 1030w, https:\/\/www.vdhurk.nl\/wp-content\/uploads\/2022\/03\/Voorrad-768x513.png 768w, https:\/\/www.vdhurk.nl\/wp-content\/uploads\/2022\/03\/Voorrad-18x12.png 18w, https:\/\/www.vdhurk.nl\/wp-content\/uploads\/2022\/03\/Voorrad-705x471.png 705w\" sizes=\"(max-width: 1135px) 100vw, 1135px\" \/><\/div><\/div><\/div><\/div>\n\n<style type=\"text\/css\" data-created_by=\"avia_inline_auto\" id=\"style-css-av-luqrjpjc-5a23a1fb5f94718ca85316a9df963e2f\">\n#top .hr.hr-invisible.av-luqrjpjc-5a23a1fb5f94718ca85316a9df963e2f{\nheight:50px;\n}\n<\/style>\n<div  class='hr av-luqrjpjc-5a23a1fb5f94718ca85316a9df963e2f hr-invisible  avia-builder-el-11  el_after_av_one_third  el_before_av_textblock'><span class='hr-inner'><span class=\"hr-inner-style\"><\/span><\/span><\/div>\n<section  class='av_textblock_section av-lu8gtjw7-4f3cee9304909518d86d2860d9d582dd'  itemscope=\"itemscope\" itemtype=\"https:\/\/schema.org\/CreativeWork\" ><div class='avia_textblock'  itemprop=\"text\" ><h2>Manual sau automat: ce prefera\u021bi?<\/h2>\n<p>La Van den Hurk, credem c\u0103 este important s\u0103 existe ceva pentru fiecare. Acesta este motivul pentru care oferim diferite modele de Volkswagen. De asemenea, pute\u021bi g\u0103si Volkswagen Caddy \u00een diferite versiuni. Pute\u021bi alege \u00eentre cutie de viteze sau automat\u0103.<\/p>\n<h2>Tot ce vre\u021bi s\u0103 \u0219ti\u021bi despre afacerea noastr\u0103 de familie<\/h2>\n<p>Van den Hurk este o adev\u0103rat\u0103 afacere de familie fondat\u0103 de Jan van den Hurk \u00een 1965. Fiii s\u0103i au avut grij\u0103 de extinderea companiei. \u00cen prezent, cu o echip\u0103 de 35 de angaja\u021bi, ne concentr\u0103m pe v\u00e2nzarea de vehicule comerciale personalizate. \u00cen cadrul gamei, ve\u021bi g\u0103si tot felul de m\u0103rci \u0219i tipuri de vehicule comerciale. Acest lucru ofer\u0103 clien\u021bilor no\u0219tri multe op\u021biuni \u0219i exist\u0103 \u00eentotdeauna ceva care se potrive\u0219te cu dorin\u021bele \u0219i nevoile lor.<\/p>\n<h2>Op\u021biuni de leasing financiar<\/h2>\n<p>Noi facem posibil\u0103 \u00eenchirierea unei ma\u0219ini de serviciu. Aceasta este special conceput\u0103 pentru antreprenorii care doresc confort \u0219i siguran\u021b\u0103. La sediul nostru <a href=\"https:\/\/www.vdhurk.nl\/ro\/leasing-financiar\/\">leasing financiar <\/a>nu trebuie s\u0103 v\u0103 folosi\u021bi propriile resurse financiare. Finan\u021barea este separat\u0103 de toate celelalte finan\u021b\u0103ri ale \u00eentreprinderii dumneavoastr\u0103. Dumneavoastr\u0103 decide\u021bi termenul \u00een func\u021bie de deprecierea \u0219i perioada de leasing. Pl\u0103ti\u021bi dob\u00e2nda pentru contractul de leasing, care este stabilit\u0103 \u00een avans, astfel \u00eenc\u00e2t ob\u021bine\u021bi o sum\u0103 lunar\u0103 de leasing. Astfel, \u0219ti\u021bi \u00eentotdeauna care este situa\u021bia dumneavoastr\u0103.<\/p>\n<h2><b>Profita\u021bi de alerta noastr\u0103 de stoc<\/b><\/h2>\n<p>Oferim \u00eentotdeauna un stoc larg de diferite vehicule comerciale de toate m\u0103rcile. Sunte\u021bi \u00een c\u0103utarea unui<a href=\"https:\/\/www.vdhurk.nl\/ro\/mercedes-13\/\"> Vehicul comercial Volkswagen <\/a>\u0218i ma\u0219ina visurilor tale nu se afl\u0103 printre ele? Se poate \u00eent\u00e2mpla, desigur. Chiar \u0219i cu o selec\u021bie larg\u0103, ma\u0219ina de companie potrivit\u0103 poate s\u0103 nu fie \u00een stoc. Nu v\u0103 face\u021bi griji, pentru c\u0103 ne pute\u021bi trimite dorin\u021bele dvs. prin intermediul <a href=\"https:\/\/www.vdhurk.nl\/ro\/alerta-de-stoc\/\">alert\u0103 de stoc<\/a>. Echipa noastr\u0103 de achizi\u021bii va lucra apoi \u00een numele dumneavoastr\u0103 pentru a g\u0103si vehiculul comercial potrivit nevoilor dumneavoastr\u0103.<\/p>\n<\/div><\/section>","protected":false},"excerpt":{"rendered":"","protected":false},"author":3,"featured_media":0,"parent":372079,"menu_order":0,"comment_status":"closed","ping_status":"closed","template":"","meta":{"_acf_changed":false,"_improvement_type_select":"improve_an_existing","_thumb_yes_seoaic":false,"_frame_yes_seoaic":false,"seoaic_generate_description":"","seoaic_improve_instructions_prompt":"","seoaic_rollback_content_improvement":"","seoaic_idea_thumbnail_generator":"","thumbnail_generated":false,"thumbnail_generate_prompt":"","seoaic_article_description":"","footnotes":""},"class_list":["post-393610","page","type-page","status-publish","hentry"],"acf":[],"yoast_head":"<!-- This site is optimized with the Yoast SEO plugin v27.2 - https:\/\/yoast.com\/product\/yoast-seo-wordpress\/ -->\n<title>Ontdek alles over de Volkswagen Caddy occasion<\/title>\n<meta name=\"description\" content=\"Op zoek naar een betrouwbare Volkswagen Caddy occasion? Bekijk dan alle mogelijkheden binnen ons aanbod en vind de perfecte bedrijfswagen.\" \/>\n<meta name=\"robots\" content=\"index, follow, max-snippet:-1, max-image-preview:large, max-video-preview:-1\" \/>\n<link rel=\"canonical\" href=\"https:\/\/www.vdhurk.nl\/ro\/mercedes-13\/mercedes-4\/\" \/>\n<meta property=\"og:locale\" content=\"ro_RO\" \/>\n<meta property=\"og:type\" content=\"article\" \/>\n<meta property=\"og:title\" content=\"Ontdek alles over de Volkswagen Caddy occasion\" \/>\n<meta property=\"og:description\" content=\"Op zoek naar een betrouwbare Volkswagen Caddy occasion? Bekijk dan alle mogelijkheden binnen ons aanbod en vind de perfecte bedrijfswagen.\" \/>\n<meta property=\"og:url\" content=\"https:\/\/www.vdhurk.nl\/ro\/mercedes-13\/mercedes-4\/\" \/>\n<meta property=\"og:site_name\" content=\"Van den Hurk Bedrijfswagens\" \/>\n<meta property=\"article:modified_time\" content=\"2024-07-08T12:22:13+00:00\" \/>\n<meta name=\"twitter:card\" content=\"summary_large_image\" \/>\n<meta name=\"twitter:label1\" content=\"Timp estimat pentru citire\" \/>\n\t<meta name=\"twitter:data1\" content=\"6 minute\" \/>\n<script type=\"application\/ld+json\" class=\"yoast-schema-graph\">{\"@context\":\"https:\/\/schema.org\",\"@graph\":[{\"@type\":\"WebPage\",\"@id\":\"https:\/\/www.vdhurk.nl\/volkswagen-bedrijfswagens\/caddy\/\",\"url\":\"https:\/\/www.vdhurk.nl\/volkswagen-bedrijfswagens\/caddy\/\",\"name\":\"Ontdek alles over de Volkswagen Caddy occasion\",\"isPartOf\":{\"@id\":\"https:\/\/www.vdhurk.nl\/#website\"},\"datePublished\":\"2024-07-08T11:58:13+00:00\",\"dateModified\":\"2024-07-08T12:22:13+00:00\",\"description\":\"Op zoek naar een betrouwbare Volkswagen Caddy occasion? Bekijk dan alle mogelijkheden binnen ons aanbod en vind de perfecte bedrijfswagen.\",\"breadcrumb\":{\"@id\":\"https:\/\/www.vdhurk.nl\/volkswagen-bedrijfswagens\/caddy\/#breadcrumb\"},\"inLanguage\":\"ro-RO\",\"potentialAction\":[{\"@type\":\"ReadAction\",\"target\":[\"https:\/\/www.vdhurk.nl\/volkswagen-bedrijfswagens\/caddy\/\"]}]},{\"@type\":\"BreadcrumbList\",\"@id\":\"https:\/\/www.vdhurk.nl\/volkswagen-bedrijfswagens\/caddy\/#breadcrumb\",\"itemListElement\":[{\"@type\":\"ListItem\",\"position\":1,\"name\":\"Home\",\"item\":\"https:\/\/www.vdhurk.nl\/home\/\"},{\"@type\":\"ListItem\",\"position\":2,\"name\":\"Volkswagen Bedrijfswagens\",\"item\":\"https:\/\/www.vdhurk.nl\/volkswagen-bedrijfswagens\/\"},{\"@type\":\"ListItem\",\"position\":3,\"name\":\"Volkswagen Caddy\"}]},{\"@type\":\"WebSite\",\"@id\":\"https:\/\/www.vdhurk.nl\/#website\",\"url\":\"https:\/\/www.vdhurk.nl\/\",\"name\":\"Van den Hurk Bedrijfswagens\",\"description\":\"Van den Hurk bedrijfswagens Helmond\",\"potentialAction\":[{\"@type\":\"SearchAction\",\"target\":{\"@type\":\"EntryPoint\",\"urlTemplate\":\"https:\/\/www.vdhurk.nl\/?s={search_term_string}\"},\"query-input\":{\"@type\":\"PropertyValueSpecification\",\"valueRequired\":true,\"valueName\":\"search_term_string\"}}],\"inLanguage\":\"ro-RO\"}]}<\/script>\n<!-- \/ Yoast SEO plugin. -->","yoast_head_json":{"title":"Afla\u021bi totul despre ocazia Volkswagen Caddy","description":"C\u0103uta\u021bi o ma\u0219in\u0103 de ocazie Volkswagen Caddy de \u00eencredere? Atunci verifica\u021bi toate op\u021biunile din gama noastr\u0103 \u0219i g\u0103si\u021bi vehiculul comercial perfect.","robots":{"index":"index","follow":"follow","max-snippet":"max-snippet:-1","max-image-preview":"max-image-preview:large","max-video-preview":"max-video-preview:-1"},"canonical":"https:\/\/www.vdhurk.nl\/ro\/mercedes-13\/mercedes-4\/","og_locale":"ro_RO","og_type":"article","og_title":"Ontdek alles over de Volkswagen Caddy occasion","og_description":"Op zoek naar een betrouwbare Volkswagen Caddy occasion? Bekijk dan alle mogelijkheden binnen ons aanbod en vind de perfecte bedrijfswagen.","og_url":"https:\/\/www.vdhurk.nl\/ro\/mercedes-13\/mercedes-4\/","og_site_name":"Van den Hurk Bedrijfswagens","article_modified_time":"2024-07-08T12:22:13+00:00","twitter_card":"summary_large_image","twitter_misc":{"Timp estimat pentru citire":"6 minute"},"schema":{"@context":"https:\/\/schema.org","@graph":[{"@type":"WebPage","@id":"https:\/\/www.vdhurk.nl\/volkswagen-bedrijfswagens\/caddy\/","url":"https:\/\/www.vdhurk.nl\/volkswagen-bedrijfswagens\/caddy\/","name":"Afla\u021bi totul despre ocazia Volkswagen Caddy","isPartOf":{"@id":"https:\/\/www.vdhurk.nl\/#website"},"datePublished":"2024-07-08T11:58:13+00:00","dateModified":"2024-07-08T12:22:13+00:00","description":"C\u0103uta\u021bi o ma\u0219in\u0103 de ocazie Volkswagen Caddy de \u00eencredere? Atunci verifica\u021bi toate op\u021biunile din gama noastr\u0103 \u0219i g\u0103si\u021bi vehiculul comercial perfect.","breadcrumb":{"@id":"https:\/\/www.vdhurk.nl\/volkswagen-bedrijfswagens\/caddy\/#breadcrumb"},"inLanguage":"ro-RO","potentialAction":[{"@type":"ReadAction","target":["https:\/\/www.vdhurk.nl\/volkswagen-bedrijfswagens\/caddy\/"]}]},{"@type":"BreadcrumbList","@id":"https:\/\/www.vdhurk.nl\/volkswagen-bedrijfswagens\/caddy\/#breadcrumb","itemListElement":[{"@type":"ListItem","position":1,"name":"Home","item":"https:\/\/www.vdhurk.nl\/home\/"},{"@type":"ListItem","position":2,"name":"Volkswagen Bedrijfswagens","item":"https:\/\/www.vdhurk.nl\/volkswagen-bedrijfswagens\/"},{"@type":"ListItem","position":3,"name":"Volkswagen Caddy"}]},{"@type":"WebSite","@id":"https:\/\/www.vdhurk.nl\/#website","url":"https:\/\/www.vdhurk.nl\/","name":"Vehicule comerciale Van den Hurk","description":"Vehicule comerciale Van den Hurk Helmond","potentialAction":[{"@type":"SearchAction","target":{"@type":"EntryPoint","urlTemplate":"https:\/\/www.vdhurk.nl\/?s={search_term_string}"},"query-input":{"@type":"PropertyValueSpecification","valueRequired":true,"valueName":"search_term_string"}}],"inLanguage":"ro-RO"}]}},"_links":{"self":[{"href":"https:\/\/www.vdhurk.nl\/ro\/wp-json\/wp\/v2\/pages\/393610","targetHints":{"allow":["GET"]}}],"collection":[{"href":"https:\/\/www.vdhurk.nl\/ro\/wp-json\/wp\/v2\/pages"}],"about":[{"href":"https:\/\/www.vdhurk.nl\/ro\/wp-json\/wp\/v2\/types\/page"}],"author":[{"embeddable":true,"href":"https:\/\/www.vdhurk.nl\/ro\/wp-json\/wp\/v2\/users\/3"}],"replies":[{"embeddable":true,"href":"https:\/\/www.vdhurk.nl\/ro\/wp-json\/wp\/v2\/comments?post=393610"}],"version-history":[{"count":5,"href":"https:\/\/www.vdhurk.nl\/ro\/wp-json\/wp\/v2\/pages\/393610\/revisions"}],"predecessor-version":[{"id":393650,"href":"https:\/\/www.vdhurk.nl\/ro\/wp-json\/wp\/v2\/pages\/393610\/revisions\/393650"}],"up":[{"embeddable":true,"href":"https:\/\/www.vdhurk.nl\/ro\/wp-json\/wp\/v2\/pages\/372079"}],"wp:attachment":[{"href":"https:\/\/www.vdhurk.nl\/ro\/wp-json\/wp\/v2\/media?parent=393610"}],"curies":[{"name":"wp","href":"https:\/\/api.w.org\/{rel}","templated":true}]}}