{"id":393278,"date":"2024-07-05T10:23:05","date_gmt":"2024-07-05T08:23:05","guid":{"rendered":"https:\/\/www.vdhurk.nl\/?page_id=393278"},"modified":"2024-07-08T14:20:17","modified_gmt":"2024-07-08T12:20:17","slug":"mercedes-20","status":"publish","type":"page","link":"https:\/\/www.vdhurk.nl\/ro\/mercedes-bedrijfswagens\/vito\/","title":{"rendered":"Mercedes Vito"},"content":{"rendered":"<section  class='av_textblock_section av-lu8gnh7d-4ac895489941e586c1d7c8cb72318135'  itemscope=\"itemscope\" itemtype=\"https:\/\/schema.org\/CreativeWork\" ><div class='avia_textblock'  itemprop=\"text\" ><h1>Tot ce vrei s\u0103 \u0219tii despre ocazia Mercedes Benz Vito<\/h1>\n<p>Mercedes Vito ocazional este un vehicul comercial versatil care a fost popular printre proprietarii de afaceri timp de mul\u021bi ani. Acest model ofer\u0103 diverse caracteristici practice \u0219i este conceput pentru a r\u0103spunde nevoilor de afaceri. Datorit\u0103 diferitelor tehnologii avansate, acest model r\u0103m\u00e2ne o investi\u021bie valoroas\u0103 chiar \u0219i ca vehicul folosit.<\/p>\n<\/div><\/section>\n\n<style type=\"text\/css\" data-created_by=\"avia_inline_auto\" id=\"style-css-av-lujjddpd-afa3d7a9eabd61123e643ed1228e781e\">\n#top .hr.hr-invisible.av-lujjddpd-afa3d7a9eabd61123e643ed1228e781e{\nheight:50px;\n}\n<\/style>\n<div  class='hr av-lujjddpd-afa3d7a9eabd61123e643ed1228e781e hr-invisible  avia-builder-el-1  el_after_av_textblock  el_before_av_codeblock'><span class='hr-inner'><span class=\"hr-inner-style\"><\/span><\/span><\/div>\n\n\n<style type=\"text\/css\" data-created_by=\"avia_inline_auto\" id=\"style-css-av-ah0xd-63338d9dc6b40410e22a712829c369d6\">\n#top .hr.hr-invisible.av-ah0xd-63338d9dc6b40410e22a712829c369d6{\nheight:50px;\n}\n<\/style>\n<div  class='hr av-ah0xd-63338d9dc6b40410e22a712829c369d6 hr-invisible  avia-builder-el-3  el_after_av_codeblock  el_before_av_buttonrow'><span class='hr-inner'><span class=\"hr-inner-style\"><\/span><\/span><\/div>\n<div  class='avia-buttonrow-wrap av-lycy2l1u-efac69e9f010a0319d432a3a571c80d4 avia-buttonrow-center  avia-builder-el-4  el_after_av_hr  el_before_av_hr'>\n\n<style type=\"text\/css\" data-created_by=\"avia_inline_auto\" id=\"style-css-av-lycy2co6-74b47d0012f7523fa8b311cf9f8637f3\">\n#top #wrap_all .avia-button.av-lycy2co6-74b47d0012f7523fa8b311cf9f8637f3{\nmargin-bottom:5px;\nmargin-right:3px;\nmargin-left:3px;\n}\n<\/style>\n<a href='https:\/\/www.vdhurk.nl\/ro\/vehicule-comerciale\/#HYxBDoAgDAT_0rP6AD5jBPZQBUsKkqjx71ZPm5lk9qYM3ch9ExBRR4_9ooGyRCTznZsYikaoP00U5bVO3SqR8sNcFm0cjsRQZxeBnhc'  class='avia-button av-lycy2co6-74b47d0012f7523fa8b311cf9f8637f3 avia-icon_select-yes-right-icon avia-size-x-large avia-color-theme-color'  ><span class='avia_iconbox_title' >Sunte\u021bi curio\u0219i cu privire la gama complet\u0103 de vehicule comerciale Mercedes Vito? Nu ezita\u021bi s\u0103 arunca\u021bi o privire!<\/span><span class='avia_button_icon avia_button_icon_right' aria-hidden='true' data-av_icon='\ue871' data-av_iconfont='entypo-fontello'><\/span><\/a>\n<\/div>\n\n<style type=\"text\/css\" data-created_by=\"avia_inline_auto\" id=\"style-css-av-av_hr-3a876428eececa9d35452247ddb053af\">\n#top .hr.hr-invisible.av-av_hr-3a876428eececa9d35452247ddb053af{\nheight:50px;\n}\n<\/style>\n<div  class='hr av-av_hr-3a876428eececa9d35452247ddb053af hr-invisible  avia-builder-el-5  el_after_av_buttonrow  el_before_av_textblock'><span class='hr-inner'><span class=\"hr-inner-style\"><\/span><\/span><\/div>\n<section  class='av_textblock_section av-lu8gow1e-300853e458ed741bd87d6cb78e55cc7a'  itemscope=\"itemscope\" itemtype=\"https:\/\/schema.org\/CreativeWork\" ><div class='avia_textblock'  itemprop=\"text\" ><h2>5 motive pentru popularitatea acestui model<\/h2>\n<p>Mercedes Vito se remarc\u0103 pe pia\u021ba vehiculelor comerciale printr-o serie de avantaje:<\/p>\n<ul>\n<li><strong>Fiabilitatea m\u0103rcii<\/strong>: Mercedes este cunoscut pentru fiabilitatea \u0219i calitatea construc\u021biei sale.<\/li>\n<li><strong>Calitatea construc\u021biei<\/strong>: Vito este construit pentru utilizare intensiv\u0103. Acest lucru asigur\u0103 o durat\u0103 lung\u0103 de via\u021b\u0103 \u0219i costuri reduse de \u00eentre\u021binere pe termen lung.<\/li>\n<li><strong>Confort<\/strong>: Acest model dispune de scaune confortabile \u0219i suspensie avansat\u0103. \u00cen plus, habitaclul u\u0219or de utilizat este proiectat cu un ochi pentru ergonomie. Acest lucru face ca c\u0103l\u0103toriile lungi s\u0103 fie mai pu\u021bin obositoare.<\/li>\n<li><strong>Versatilitate<\/strong>: Vito este disponibil \u00een mai multe configura\u021bii. Sunt disponibile diverse op\u021biuni \u0219i accesorii pentru a adapta complet vehiculul comercial la nevoile dvs. de afaceri. Acestea includ dispunerea spa\u021biului de \u00eenc\u0103rcare \u0219i op\u021biuni tehnologice, cum ar fi sistemele de asisten\u021b\u0103 pentru \u0219ofer \u0219i sistemele de siguran\u021b\u0103.<\/li>\n<li><strong>Caracteristici de siguran\u021b\u0103 excelente<\/strong>: Acest model dispune de sisteme de siguran\u021b\u0103 avansate. Acestea includ asisten\u021b\u0103 activ\u0103 la fr\u00e2nare, avertizare la unghiul mort \u0219i recunoa\u0219terea oboselii. Toate acestea contribuie la siguran\u021ba \u0219oferului \u0219i a pasagerilor.<\/li>\n<\/ul>\n<p><strong>Avantajele unui model second-hand fa\u021b\u0103 de vehiculele comerciale noi<\/strong><br \/>\nDac\u0103 alege\u021bi un Mercedes Vito second-hand, ve\u021bi beneficia de o serie de avantaje:<\/p>\n<ul>\n<li><strong>Reducerea costurilor<\/strong>: Vehiculele comerciale second-hand sunt semnificativ mai ieftine dec\u00e2t dac\u0103 opta\u021bi pentru un model nou.<\/li>\n<li><strong>Mai pu\u021bin afectate de pierderea de valoare<\/strong>: Vehiculele comerciale noi \u00ee\u0219i pierd valoarea mai repede. Cu un model de ocazie, aceast\u0103 pierdere a fost deja absorbit\u0103 \u00een mare parte. Ca urmare, deprecierea este mai lent\u0103.<\/li>\n<li><strong>Fiabil<\/strong>: Vehiculele noastre comerciale sunt bine \u00eentre\u021binute \u0219i func\u021bioneaz\u0103 corespunz\u0103tor, \u00een ciuda faptului c\u0103 sunt modele second-hand.<\/li>\n<\/ul>\n<\/div><\/section>\n<div class='flex_column av-f64w1-da126f42b61613402309283c14245a25 av_one_half  avia-builder-el-7  el_after_av_textblock  el_before_av_one_third  first flex_column_div column-top-margin'   ><section  class='av_textblock_section av-lu8gpqre-73cc2c17e6a6497ba6e1b58af22bd9e8'  itemscope=\"itemscope\" itemtype=\"https:\/\/schema.org\/CreativeWork\" ><div class='avia_textblock'  itemprop=\"text\" ><h2>Cumpararea unui Mercedes Vito: care sunt considerentele?<\/h2>\n<p>Cump\u0103rarea unui Mercedes Vito folosit este o investi\u021bie inteligent\u0103 pentru antreprenori. V\u0103 g\u00e2ndi\u021bi s\u0103 cump\u0103ra\u021bi acest model? Atunci este \u00een\u021belept s\u0103 lua\u021bi \u00een considerare anumite aspecte. De exemplu, g\u00e2ndi\u021bi-v\u0103 la modul \u00een care dori\u021bi s\u0103 utiliza\u021bi ma\u0219ina de serviciu. Ve\u021bi folosi Vito pentru bunuri, persoane sau o combina\u021bie a ambelor? \u00cen plus, este o idee bun\u0103 s\u0103 v\u0103 uita\u021bi la toate op\u021biunile de finan\u021bare. Este mai avantajos s\u0103 cump\u0103ra\u021bi Vito sau este poate o alegere mai inteligent\u0103 s\u0103 opta\u021bi pentru leasing? \u00cen cazul \u00een care dori\u021bi s\u0103 cump\u0103ra\u021bi vehiculul, este \u00een\u021belept s\u0103 v\u0103 g\u00e2ndi\u021bi \u0219i la asigurarea corespunz\u0103toare, de exemplu.<\/p>\n<\/div><\/section><\/div>\n<div class='flex_column av-aldk9-ee694297f5c4032981677a02caab84d6 av_one_third  avia-builder-el-9  el_after_av_one_half  el_before_av_hr  flex_column_div column-top-margin'   ><style type=\"text\/css\" data-created_by=\"avia_inline_auto\" id=\"style-css-av-l1w9kpsf-4ec3fab772ec7a9adaa33cfc64ff0475\">\n.avia-image-container.av-l1w9kpsf-4ec3fab772ec7a9adaa33cfc64ff0475 .av-image-caption-overlay-center{\ncolor:#ffffff;\n}\n<\/style>\n<div  class='avia-image-container av-l1w9kpsf-4ec3fab772ec7a9adaa33cfc64ff0475 av-styling- avia-align-center  avia-builder-el-10  avia-builder-el-no-sibling'  itemprop=\"image\" itemscope=\"itemscope\" itemtype=\"https:\/\/schema.org\/ImageObject\" ><div class=\"avia-image-container-inner\"><div class=\"avia-image-overlay-wrap\"><img decoding=\"async\" class='wp-image-187 avia-img-lazy-loading-not-187 avia_image' src=\"https:\/\/www.vdhurk.nl\/wp-content\/uploads\/2022\/03\/Voorrad.png\" alt='' title='Stoc'  height=\"758\" width=\"1135\"  itemprop=\"thumbnailUrl\" srcset=\"https:\/\/www.vdhurk.nl\/wp-content\/uploads\/2022\/03\/Voorrad.png 1135w, https:\/\/www.vdhurk.nl\/wp-content\/uploads\/2022\/03\/Voorrad-300x200.png 300w, https:\/\/www.vdhurk.nl\/wp-content\/uploads\/2022\/03\/Voorrad-1030x688.png 1030w, https:\/\/www.vdhurk.nl\/wp-content\/uploads\/2022\/03\/Voorrad-768x513.png 768w, https:\/\/www.vdhurk.nl\/wp-content\/uploads\/2022\/03\/Voorrad-18x12.png 18w, https:\/\/www.vdhurk.nl\/wp-content\/uploads\/2022\/03\/Voorrad-705x471.png 705w\" sizes=\"(max-width: 1135px) 100vw, 1135px\" \/><\/div><\/div><\/div><\/div>\n\n<style type=\"text\/css\" data-created_by=\"avia_inline_auto\" id=\"style-css-av-luqrjpjc-5a23a1fb5f94718ca85316a9df963e2f\">\n#top .hr.hr-invisible.av-luqrjpjc-5a23a1fb5f94718ca85316a9df963e2f{\nheight:50px;\n}\n<\/style>\n<div  class='hr av-luqrjpjc-5a23a1fb5f94718ca85316a9df963e2f hr-invisible  avia-builder-el-11  el_after_av_one_third  el_before_av_textblock'><span class='hr-inner'><span class=\"hr-inner-style\"><\/span><\/span><\/div>\n<section  class='av_textblock_section av-lu8gtjw7-4f3cee9304909518d86d2860d9d582dd'  itemscope=\"itemscope\" itemtype=\"https:\/\/schema.org\/CreativeWork\" ><div class='avia_textblock'  itemprop=\"text\" ><h2>Leasingul unui Mercedes Vito: care sunt avantajele?<\/h2>\n<p>\u00cenainte de a cump\u0103ra o ma\u0219in\u0103 de serviciu, este bine s\u0103 v\u0103 g\u00e2ndi\u021bi care este cea mai avantajoas\u0103 alegere pentru dumneavoastr\u0103. La Van den Hurk, pute\u021bi opta \u0219i pentru leasing financiar. Avantajul este c\u0103 ave\u021bi pl\u0103\u021bi lunare previzibile, f\u0103r\u0103 s\u0103 cheltui\u021bi mul\u021bi bani deodat\u0103. \u00cen plus, \u0219i aici suferi\u021bi mai pu\u021bin\u0103 depreciere. \u00cen concluzie, leasingul unei ma\u0219ini de serviciu are multe avantaje. Dori\u021bi s\u0103 afla\u021bi mai multe? Citi\u021bi totul despre <a href=\"https:\/\/www.vdhurk.nl\/ro\/leasing-financiar\/\">leasing financiar<\/a>.<\/p>\n<h2>\u00cen calitate de dealer independent, oferim diverse modele<\/h2>\n<p>\u00cen gama noastr\u0103, ve\u021bi g\u0103si diferite versiuni ale modelului Mercedes Vito. De exemplu, modelele pot diferi \u00een ceea ce prive\u0219te anul de fabrica\u021bie \u0219i pot exista diferen\u021be de pre\u021b. Caracteristicile fiec\u0103rui van sunt, de asemenea, diferite. Op\u021biunile diferite v\u0103 permit s\u0103 vede\u021bi cu u\u0219urin\u021b\u0103 care sunt nevoile dumneavoastr\u0103. Toate modelele noastre Vito sunt automate.<\/p>\n<h2>Descoperi\u021bi diferitele posibilit\u0103\u021bi<\/h2>\n<p>La Van den Hurk, \u00een\u021belegem c\u0103 fiecare antreprenor are nevoi unice c\u00e2nd vine vorba de vehicule comerciale. Acesta este motivul pentru care oferim op\u021biuni diferite. Fiecare vehicul comercial este echipat cu caracteristici avansate de siguran\u021b\u0103. Toate ma\u0219inile noastre de companie sunt atent selectate \u0219i bine \u00eentre\u021binute. Ca rezultat, v\u0103 pute\u021bi baza pe un vehicul comercial fiabil \u0219i durabil. Explora\u021bi \u00eentreaga gam\u0103 \u0219i g\u0103si\u021bi modelul care se potrive\u0219te pe deplin nevoilor dvs. de afaceri.<\/p>\n<\/div><\/section>","protected":false},"excerpt":{"rendered":"","protected":false},"author":3,"featured_media":0,"parent":370573,"menu_order":0,"comment_status":"closed","ping_status":"closed","template":"","meta":{"_acf_changed":false,"_improvement_type_select":"improve_an_existing","_thumb_yes_seoaic":false,"_frame_yes_seoaic":false,"seoaic_generate_description":"","seoaic_improve_instructions_prompt":"","seoaic_rollback_content_improvement":"","seoaic_idea_thumbnail_generator":"","thumbnail_generated":false,"thumbnail_generate_prompt":"","seoaic_article_description":"","footnotes":""},"class_list":["post-393278","page","type-page","status-publish","hentry"],"acf":[],"yoast_head":"<!-- This site is optimized with the Yoast SEO plugin v27.5 - https:\/\/yoast.com\/product\/yoast-seo-wordpress\/ -->\n<title>Vind de perfecte Mercedes Vito occasion voor jouw behoeften<\/title>\n<meta name=\"description\" content=\"Op zoek naar een goed werkende Mercedes Vito occasion? Deze vind je gegarandeerd binnen ons aanbod. Bekijk de mogelijkheden.\" \/>\n<meta name=\"robots\" content=\"index, follow, max-snippet:-1, max-image-preview:large, max-video-preview:-1\" \/>\n<link rel=\"canonical\" href=\"https:\/\/www.vdhurk.nl\/ro\/mercedes-9\/mercedes-20\/\" \/>\n<meta property=\"og:locale\" content=\"ro_RO\" \/>\n<meta property=\"og:type\" content=\"article\" \/>\n<meta property=\"og:title\" content=\"Vind de perfecte Mercedes Vito occasion voor jouw behoeften\" \/>\n<meta property=\"og:description\" content=\"Op zoek naar een goed werkende Mercedes Vito occasion? Deze vind je gegarandeerd binnen ons aanbod. Bekijk de mogelijkheden.\" \/>\n<meta property=\"og:url\" content=\"https:\/\/www.vdhurk.nl\/ro\/mercedes-9\/mercedes-20\/\" \/>\n<meta property=\"og:site_name\" content=\"Van den Hurk Bedrijfswagens\" \/>\n<meta property=\"article:modified_time\" content=\"2024-07-08T12:20:17+00:00\" \/>\n<meta name=\"twitter:card\" content=\"summary_large_image\" \/>\n<meta name=\"twitter:label1\" content=\"Timp estimat pentru citire\" \/>\n\t<meta name=\"twitter:data1\" content=\"5 minute\" \/>\n<script type=\"application\/ld+json\" class=\"yoast-schema-graph\">{\"@context\":\"https:\\\/\\\/schema.org\",\"@graph\":[{\"@type\":\"WebPage\",\"@id\":\"https:\\\/\\\/www.vdhurk.nl\\\/mercedes-bedrijfswagens\\\/vito\\\/\",\"url\":\"https:\\\/\\\/www.vdhurk.nl\\\/mercedes-bedrijfswagens\\\/vito\\\/\",\"name\":\"Vind de perfecte Mercedes Vito occasion voor jouw behoeften\",\"isPartOf\":{\"@id\":\"https:\\\/\\\/www.vdhurk.nl\\\/#website\"},\"datePublished\":\"2024-07-05T08:23:05+00:00\",\"dateModified\":\"2024-07-08T12:20:17+00:00\",\"description\":\"Op zoek naar een goed werkende Mercedes Vito occasion? Deze vind je gegarandeerd binnen ons aanbod. Bekijk de mogelijkheden.\",\"breadcrumb\":{\"@id\":\"https:\\\/\\\/www.vdhurk.nl\\\/mercedes-bedrijfswagens\\\/vito\\\/#breadcrumb\"},\"inLanguage\":\"ro-RO\",\"potentialAction\":[{\"@type\":\"ReadAction\",\"target\":[\"https:\\\/\\\/www.vdhurk.nl\\\/mercedes-bedrijfswagens\\\/vito\\\/\"]}]},{\"@type\":\"BreadcrumbList\",\"@id\":\"https:\\\/\\\/www.vdhurk.nl\\\/mercedes-bedrijfswagens\\\/vito\\\/#breadcrumb\",\"itemListElement\":[{\"@type\":\"ListItem\",\"position\":1,\"name\":\"Home\",\"item\":\"https:\\\/\\\/www.vdhurk.nl\\\/home\\\/\"},{\"@type\":\"ListItem\",\"position\":2,\"name\":\"Mercedes Bedrijfswagens\",\"item\":\"https:\\\/\\\/www.vdhurk.nl\\\/mercedes-bedrijfswagens\\\/\"},{\"@type\":\"ListItem\",\"position\":3,\"name\":\"Mercedes Vito\"}]},{\"@type\":\"WebSite\",\"@id\":\"https:\\\/\\\/www.vdhurk.nl\\\/#website\",\"url\":\"https:\\\/\\\/www.vdhurk.nl\\\/\",\"name\":\"Van den Hurk Bedrijfswagens\",\"description\":\"Van den Hurk bedrijfswagens Helmond\",\"potentialAction\":[{\"@type\":\"SearchAction\",\"target\":{\"@type\":\"EntryPoint\",\"urlTemplate\":\"https:\\\/\\\/www.vdhurk.nl\\\/?s={search_term_string}\"},\"query-input\":{\"@type\":\"PropertyValueSpecification\",\"valueRequired\":true,\"valueName\":\"search_term_string\"}}],\"inLanguage\":\"ro-RO\"}]}<\/script>\n<!-- \/ Yoast SEO plugin. -->","yoast_head_json":{"title":"G\u0103si\u021bi ma\u0219ina de ocazie Mercedes Vito perfect\u0103 pentru nevoile dvs.","description":"C\u0103uta\u021bi o ocazie bun\u0103 de lucru Mercedes Vito? Ave\u021bi garan\u021bia c\u0103 ve\u021bi g\u0103si una \u00een gama noastr\u0103. Check out op\u021biunile.","robots":{"index":"index","follow":"follow","max-snippet":"max-snippet:-1","max-image-preview":"max-image-preview:large","max-video-preview":"max-video-preview:-1"},"canonical":"https:\/\/www.vdhurk.nl\/ro\/mercedes-9\/mercedes-20\/","og_locale":"ro_RO","og_type":"article","og_title":"Vind de perfecte Mercedes Vito occasion voor jouw behoeften","og_description":"Op zoek naar een goed werkende Mercedes Vito occasion? Deze vind je gegarandeerd binnen ons aanbod. Bekijk de mogelijkheden.","og_url":"https:\/\/www.vdhurk.nl\/ro\/mercedes-9\/mercedes-20\/","og_site_name":"Van den Hurk Bedrijfswagens","article_modified_time":"2024-07-08T12:20:17+00:00","twitter_card":"summary_large_image","twitter_misc":{"Timp estimat pentru citire":"5 minute"},"schema":{"@context":"https:\/\/schema.org","@graph":[{"@type":"WebPage","@id":"https:\/\/www.vdhurk.nl\/mercedes-bedrijfswagens\/vito\/","url":"https:\/\/www.vdhurk.nl\/mercedes-bedrijfswagens\/vito\/","name":"G\u0103si\u021bi ma\u0219ina de ocazie Mercedes Vito perfect\u0103 pentru nevoile dvs.","isPartOf":{"@id":"https:\/\/www.vdhurk.nl\/#website"},"datePublished":"2024-07-05T08:23:05+00:00","dateModified":"2024-07-08T12:20:17+00:00","description":"C\u0103uta\u021bi o ocazie bun\u0103 de lucru Mercedes Vito? Ave\u021bi garan\u021bia c\u0103 ve\u021bi g\u0103si una \u00een gama noastr\u0103. Check out op\u021biunile.","breadcrumb":{"@id":"https:\/\/www.vdhurk.nl\/mercedes-bedrijfswagens\/vito\/#breadcrumb"},"inLanguage":"ro-RO","potentialAction":[{"@type":"ReadAction","target":["https:\/\/www.vdhurk.nl\/mercedes-bedrijfswagens\/vito\/"]}]},{"@type":"BreadcrumbList","@id":"https:\/\/www.vdhurk.nl\/mercedes-bedrijfswagens\/vito\/#breadcrumb","itemListElement":[{"@type":"ListItem","position":1,"name":"Home","item":"https:\/\/www.vdhurk.nl\/home\/"},{"@type":"ListItem","position":2,"name":"Mercedes Bedrijfswagens","item":"https:\/\/www.vdhurk.nl\/mercedes-bedrijfswagens\/"},{"@type":"ListItem","position":3,"name":"Mercedes Vito"}]},{"@type":"WebSite","@id":"https:\/\/www.vdhurk.nl\/#website","url":"https:\/\/www.vdhurk.nl\/","name":"Vehicule comerciale Van den Hurk","description":"Vehicule comerciale Van den Hurk Helmond","potentialAction":[{"@type":"SearchAction","target":{"@type":"EntryPoint","urlTemplate":"https:\/\/www.vdhurk.nl\/?s={search_term_string}"},"query-input":{"@type":"PropertyValueSpecification","valueRequired":true,"valueName":"search_term_string"}}],"inLanguage":"ro-RO"}]}},"_links":{"self":[{"href":"https:\/\/www.vdhurk.nl\/ro\/wp-json\/wp\/v2\/pages\/393278","targetHints":{"allow":["GET"]}}],"collection":[{"href":"https:\/\/www.vdhurk.nl\/ro\/wp-json\/wp\/v2\/pages"}],"about":[{"href":"https:\/\/www.vdhurk.nl\/ro\/wp-json\/wp\/v2\/types\/page"}],"author":[{"embeddable":true,"href":"https:\/\/www.vdhurk.nl\/ro\/wp-json\/wp\/v2\/users\/3"}],"replies":[{"embeddable":true,"href":"https:\/\/www.vdhurk.nl\/ro\/wp-json\/wp\/v2\/comments?post=393278"}],"version-history":[{"count":6,"href":"https:\/\/www.vdhurk.nl\/ro\/wp-json\/wp\/v2\/pages\/393278\/revisions"}],"predecessor-version":[{"id":393648,"href":"https:\/\/www.vdhurk.nl\/ro\/wp-json\/wp\/v2\/pages\/393278\/revisions\/393648"}],"up":[{"embeddable":true,"href":"https:\/\/www.vdhurk.nl\/ro\/wp-json\/wp\/v2\/pages\/370573"}],"wp:attachment":[{"href":"https:\/\/www.vdhurk.nl\/ro\/wp-json\/wp\/v2\/media?parent=393278"}],"curies":[{"name":"wp","href":"https:\/\/api.w.org\/{rel}","templated":true}]}}