{"id":376,"date":"2022-03-25T15:42:04","date_gmt":"2022-03-25T15:42:04","guid":{"rendered":"https:\/\/vdhurk.bonsaidev.nl\/?page_id=376"},"modified":"2023-03-01T14:08:43","modified_gmt":"2023-03-01T14:08:43","slug":"declaratie-de-confidentialitate","status":"publish","type":"page","link":"https:\/\/www.vdhurk.nl\/ro\/privacy-statement\/","title":{"rendered":"Declara\u021bia de confiden\u021bialitate"},"content":{"rendered":"<div id='av_section_1'  class='avia-section av-tnfrc-55d1006b5eac650927aead0b6f0c3c20 main_color avia-section-default avia-no-border-styling  avia-builder-el-0  avia-builder-el-no-sibling  avia-bg-style-scroll container_wrap fullsize'  ><div class='container av-section-cont-open' ><main  role=\"main\" itemprop=\"mainContentOfPage\"  class='template-page content  av-content-full alpha units'><div class='post-entry post-entry-type-page post-entry-376'><div class='entry-content-wrapper clearfix'>\n<div class='flex_column av-eqj20-98da9af89e6de8b5df0e523475af323b av_three_fifth  avia-builder-el-1  el_before_av_two_fifth  avia-builder-el-first  first flex_column_div'   ><style type=\"text\/css\" data-created_by=\"avia_inline_auto\" id=\"style-css-av-l16ldcgr-1954b0a741eb857bd19aa19c8f02044e\">\n#top .av_textblock_section.av-l16ldcgr-1954b0a741eb857bd19aa19c8f02044e .avia_textblock{\nfont-size:19px;\n}\n<\/style>\n<section  class='av_textblock_section av-l16ldcgr-1954b0a741eb857bd19aa19c8f02044e'  itemscope=\"itemscope\" itemtype=\"https:\/\/schema.org\/CreativeWork\" ><div class='avia_textblock av_inherit_color'  itemprop=\"text\" ><h1>Declara\u021bia de confiden\u021bialitate<\/h1>\n<p>Van den Hurk Bedrijfswagens ia \u00een serios confiden\u021bialitatea dvs. \u0219i va procesa \u0219i utiliza datele dvs. \u00eentr-un mod sigur. Acest regulament de confiden\u021bialitate se refer\u0103 la prelucrarea datelor dvs. personale de c\u0103tre Van den Hurk Bedrijfswagens ca parte a serviciilor noastre.<\/p>\n<p>Prelucrarea datelor cu caracter personal include colectarea, stocarea, modificarea, consultarea sau distrugerea datelor cu caracter personal.<\/p>\n<p>Modul \u00een care gestion\u0103m vizita dvs. pe site-ul nostru web \u0219i utilizarea cookie-urilor este descris mai jos.<\/p>\n<p>Van den Hurk Bedrijfswagens va trata datele dumneavoastr\u0103 cu grij\u0103 \u0219i va respecta legile aplicabile. Acest lucru \u00eenseamn\u0103 c\u0103 Van den Hurk Bedrijfswagens:<\/p>\n<ul>\n<li>Informeaz\u0103 \u00eentr-un mod clar \u0219i deschis despre modul \u0219i scopul \u00een care sunt prelucrate datele dvs.<\/li>\n<li>Prelucreaz\u0103 datele dvs. numai dac\u0103 exist\u0103 un scop clar convenit cu dvs. Exist\u0103 m\u0103suri de securitate pentru a v\u0103 proteja datele \u00eempotriva pierderii \u0219i furtului<\/li>\n<li>Informarea dumneavoastr\u0103 cu privire la drepturile dumneavoastr\u0103 \u00een leg\u0103tur\u0103 cu datele cu caracter personal prelucrate de noi<\/li>\n<\/ul>\n<h2>De ce prelucr\u0103m datele?<\/h2>\n<p>Van den Hurk Bedrijfswagens prelucreaz\u0103 datele dumneavoastr\u0103 pentru c\u0103 suntem obliga\u021bi s\u0103 facem acest lucru \u00een anumite cazuri. V\u0103 pute\u021bi g\u00e2ndi la date de facturare precum numele, adresa, codul po\u0219tal \u0219i locul de re\u0219edin\u021b\u0103. \u00cen plus, am dori s\u0103 confirm\u0103m acordurile noastre reciproce prin e-mail sau, dac\u0103 dori\u021bi, prin telefon.<\/p>\n<p>Prelucr\u0103m datele \u00een scopul urm\u0103toarelor activit\u0103\u021bi, printre altele:<\/p>\n<ul>\n<li>Procesul de cotare<\/li>\n<li>Procesul de comand\u0103 \u0219i facturare<\/li>\n<li>Stabilirea garan\u021biei<\/li>\n<li>Efectuarea de test drive-uri<\/li>\n<li>Desf\u0103\u0219urarea activit\u0103\u021bilor de marketing<\/li>\n<li>Datele dumneavoastr\u0103 personale<\/li>\n<\/ul>\n<h2>Inspec\u021bie<\/h2>\n<p>\u00cen cazul \u00een care Van den Hurk Bedrijfswagens prelucreaz\u0103 datele dumneavoastr\u0103 cu caracter personal, vi se permite s\u0103 le vizualiza\u021bi. De asemenea, pute\u021bi solicita o copie a acestor date.<\/p>\n<h2>\u00cembun\u0103t\u0103\u021bire<\/h2>\n<p>\u00cen cazul \u00een care datele au fost \u00eenregistrate incorect de c\u0103tre noi, ave\u021bi dreptul de a le modifica.<\/p>\n<h2>\u00cendep\u0103rtare<\/h2>\n<p>Ne pute\u021bi solicita s\u0103 \u0219tergem din sistemele noastre datele cu caracter personal pe care le de\u021binem despre dumneavoastr\u0103. \u00cen anumite cazuri, este posibil s\u0103 nu putem \u0219terge datele din cauza altor reguli \u0219i legi. V\u0103 vom informa cu privire la acest lucru. Atunci c\u00e2nd v\u0103 \u0219tergem datele, nu v\u0103 mai putem \u021bine la curent cu promo\u021biile noastre \u0219i cu alte informa\u021bii relevante.<\/p>\n<h2>Furnizarea de date<\/h2>\n<p>Ne pute\u021bi solicita s\u0103 v\u0103 furniz\u0103m o copie a datelor dumneavoastr\u0103 cu caracter personal prelucrate de noi.  Van den Hurk Bedrijfswagens v\u0103 va pune la dispozi\u021bie acestea \u00eentr-o form\u0103 comun\u0103 \u0219i structurat\u0103 (digital\u0103).<\/p>\n<h2>Securitate<\/h2>\n<p>O parte din luarea \u00een serios a vie\u021bii private const\u0103 \u00een protejarea datelor dumneavoastr\u0103 personale. Van den Hurk Bedrijfswagens ia m\u0103suri extinse pentru a v\u0103 proteja datele.<\/p>\n<p>\u00cen cazul \u00een care, \u00een ciuda tuturor m\u0103surilor luate, se produce un incident de securitate, vom depune toate eforturile pentru a minimiza consecin\u021bele. \u00cen cazul \u00een care incidentul de securitate se dovede\u0219te a fi o \u00eenc\u0103lcare a securit\u0103\u021bii datelor, vom notifica Autoritatea pentru protec\u021bia datelor cu caracter personal.<\/p>\n<h2>Solicitan\u021bi<\/h2>\n<p>Chiar \u0219i atunci c\u00e2nd aplica\u021bi pentru un post \u00een cadrul Van den Hurk Bedrijfswagens, lu\u0103m \u00een serios securitatea datelor dumneavoastr\u0103 personale. Dorim s\u0103 v\u0103 explic\u0103m cum gestion\u0103m datele cu caracter personal pe care ni le furniza\u021bi \u0219i cum asigur\u0103m o prelucrare sigur\u0103.<\/p>\n<p>Pentru a aplica pentru un loc de munc\u0103 la Van den Hurk Bedrijfswagens, rug\u0103m candida\u021bii s\u0103 preg\u0103teasc\u0103 o scrisoare de inten\u021bie \u0219i s\u0103 ne-o trimit\u0103 \u00eempreun\u0103 cu un curriculum vitae. Datele cu caracter personal pe care ni le furnizeaz\u0103 candida\u021bii la un loc de munc\u0103 vor fi tratate \u00een mod confiden\u021bial \u0219i vor fi utilizate exclusiv pentru procedura de candidatur\u0103 la Van den Hurk Bedrijfswagens. Prin trimiterea scrisorii de inten\u021bie \u0219i\/sau a unui e-mail cu CV-ul, candidatul este de acord ca datele cu caracter personal s\u0103 fie prelucrate de Van den Hurk Bedrijfswagens \u00een cadrul procedurii de candidatur\u0103.<\/p>\n<p>Van den Hurk Bedrijfswagens prelucreaz\u0103 datele cu caracter personal necesare \u00een scopul procesului de recrutare \u0219i selec\u021bie. Este vorba despre urm\u0103toarele date:<\/p>\n<ul>\n<li>numele \u0219i adresa, adresa de e-mail \u0219i alte detalii de contact<\/li>\n<li>Data na\u0219terii, v\u00e2rsta \u0219i sexul, starea civil\u0103, na\u021bionalitatea, copie a pa\u0219aportului<\/li>\n<li>Curriculum vitae (CV) informa\u021bii privind educa\u021bia, stagiile \u0219i experien\u021ba profesional\u0103.<\/li>\n<li>Date privind disponibilitatea \u0219i concediul<\/li>\n<li>Alte date care pot fi relevante \u00een contextul evalu\u0103rii aptitudinilor candidatului, de exemplu, referin\u021be \u0219i certificate.<\/li>\n<\/ul>\n<p>Colect\u0103m \u0219i prelucr\u0103m datele dumneavoastr\u0103 cu caracter personal \u00een urm\u0103toarele scopuri:<\/p>\n<ul>\n<li>Pentru a v\u0103 contacta ca urmare a interesului dvs. exprimat pentru un post \u00een cadrul organiza\u021biei noastre<\/li>\n<li>Pentru a \u00eemp\u0103rt\u0103\u0219i detaliile dvs. cu managerul care are un post vacant<\/li>\n<li>Pentru a v\u0103 evalua aptitudinea pentru un anumit post<\/li>\n<li>Pentru a v\u0103 include, eventual, \u00eentr-o list\u0103 de candida\u021bi (dac\u0103 v-a\u021bi dat consim\u021b\u0103m\u00e2ntul)<\/li>\n<li>Pentru a compila date statistice anonime privind procesul de recrutare \u0219i selec\u021bie.<\/li>\n<li>Datele dvs. sunt comunicate intern doar managerului responsabil cu procesul de depunere a candidaturii. Nu \u00eemp\u0103rt\u0103\u0219im niciun fel de date cu ter\u021be p\u0103r\u021bi, cu excep\u021bia cazului \u00een care suntem obliga\u021bi prin lege.<\/li>\n<\/ul>\n<p>P\u0103str\u0103m datele dvs. personale f\u0103r\u0103 consim\u021b\u0103m\u00e2nt p\u00e2n\u0103 la 1 an de la \u00eencheierea procedurii de candidatur\u0103. Este necesar ca van den Hurk Bedrijfswagens s\u0103 p\u0103streze datele pentru aceast\u0103 perioad\u0103, deoarece aceasta corespunde duratei contractului temporar. \u00cen cazul \u00een care contractul de munc\u0103 cu un nou angajat este reziliat \u00een cadrul acestui contract, ceilal\u021bi candida\u021bi pot fi \u00een continuare contacta\u021bi.<\/p>\n<p>La 1 an de la \u00eencheierea procesului de depunere a cererii, datele dumneavoastr\u0103 vor fi \u0219terse definitiv din sistemele noastre.<\/p>\n<p>La cerere, candida\u021bii pot indica dac\u0103 sunt de acord ca datele lor s\u0103 fie p\u0103strate pentru o perioad\u0103 mai lung\u0103 de timp, astfel \u00eenc\u00e2t s\u0103 poat\u0103 fi contacta\u021bi din nou \u00een cazul \u00een care posturi adecvate devin disponibile \u00een cadrul van den Hurk Bedrijfswagens. \u00cen cazul \u00een care a\u021bi fost de acord s\u0103 fi\u021bi inclus pe o list\u0103 de candida\u021bi, datele dvs. vor fi \u0219terse \u00een orice caz \u00een termen de 2 ani de la includerea pe lista de candida\u021bi.<\/p>\n<p>Dac\u0103 nu mai dori\u021bi s\u0103 v\u0103 p\u0103str\u0103m datele cu caracter personal, le vom \u0219terge de \u00eendat\u0103 ce ne ve\u021bi solicita acest lucru. Ne pute\u021bi notifica prin e-mail: b.verhappen@vdhurk.nl. Aceea\u0219i procedur\u0103 poate fi utilizat\u0103 pentru a ne solicita s\u0103 v\u0103 indic\u0103m ce date prelucr\u0103m despre dumneavoastr\u0103 sau pentru a ne cere s\u0103 complet\u0103m sau s\u0103 corect\u0103m datele dumneavoastr\u0103.<\/p>\n<h2>Unde s\u0103 v\u0103 adresa\u021bi pentru \u00eentreb\u0103ri \u0219i reclama\u021bii<\/h2>\n<p>Dac\u0103, dup\u0103 ce a\u021bi citit aceast\u0103 declara\u021bie de confiden\u021bialitate, ave\u021bi \u00een continuare \u00eentreb\u0103ri cu privire la prelucrarea datelor cu caracter personal de c\u0103tre van den Hurk Bedrijfswagens, v\u0103 rug\u0103m s\u0103 trimite\u021bi un e-mail la: b.verhappen@vdhurk.nl .<\/p>\n<p><em>(Aceast\u0103 adres\u0103 de e-mail poate fi utilizat\u0103 \u0219i \u00een cazul \u00een care ave\u021bi pl\u00e2ngeri cu privire la prelucrarea datelor dumneavoastr\u0103 personale).<\/em><\/p>\n<p>Dac\u0103 considera\u021bi c\u0103 Van den Hurk Bedrijfswagens \u00eencalc\u0103 legisla\u021bia privind protec\u021bia datelor cu caracter personal, pute\u021bi contacta Autoritatea pentru protec\u021bia datelor cu caracter personal.<\/p>\n<h2>Politica privind cookie-urile<\/h2>\n<p>Van den Hurk Bedrijfswagens utilizeaz\u0103 cookie-uri \u0219i alte tehnici pe site-ul vdhurk.nl. Cookie-urile sunt mici fi\u0219iere de informa\u021bii care sunt stocate pe dispozitivul pe care \u00eel utiliza\u021bi pentru a vizita site-ul nostru web, cum ar fi un computer, o tablet\u0103, un smartphone sau un smartwatch, atunci c\u00e2nd vizita\u021bi site-ul web. Atunci c\u00e2nd ne referim la \"cookie-uri\" \u00een continuare, ne referim \u0219i la alte tehnici similare.<\/p>\n<p>Cookie-urile fac posibil\u0103 recunoa\u0219terea browserului dumneavoastr\u0103 web. Este util, deoarece astfel nu trebuie s\u0103 introduce\u021bi din nou datele dumneavoastr\u0103, s\u0103 v\u0103 indica\u021bi preferin\u021bele sau s\u0103 v\u0103 modifica\u021bi set\u0103rile. \u00cen acest fel, putem, de asemenea, s\u0103 facem ca site-ul nostru s\u0103 func\u021bioneze mai bine, putem ob\u021bine informa\u021bii despre comportamentul vizitatorilor pe site, iar alte p\u0103r\u021bi pot ob\u021bine informa\u021bii despre comportamentul dvs. de navigare, astfel \u00eenc\u00e2t s\u0103 poat\u0103 afi\u0219a anun\u021buri personalizate pe mai multe site-uri web \u0219i s\u0103 omit\u0103 anun\u021burile nerevizuibile.<\/p>\n<p>Cookie-urile nu compromit securitatea computerului dumneavoastr\u0103.<\/p>\n<h2>Cookie-uri func\u021bionale \u0219i nefunc\u021bionale<\/h2>\n<p>Cookie-urile pot fi \u00eemp\u0103r\u021bite \u00een cookie-uri func\u021bionale \u0219i non-func\u021bionale. Cookie-urile func\u021bionale sunt necesare pentru buna func\u021bionare a site-ului web sau asigur\u0103 afi\u0219area rapid\u0103 \u0219i corect\u0103 a informa\u021biilor dorite de fiecare dat\u0103 c\u00e2nd vizita\u021bi site-ul nostru web. Utile, deoarece astfel nu trebuie s\u0103 reintroduce\u021bi datele dvs., s\u0103 indica\u021bi preferin\u021bele sau s\u0103 modifica\u021bi set\u0103rile, de exemplu. Cookie-urile nefunc\u021bionale servesc la informarea noastr\u0103 cu privire la num\u0103rul de vizitatori ai site-ului web \u0219i la modul \u00een care ace\u0219ti vizitatori utilizeaz\u0103 site-ul web. Putem folosi aceste informa\u021bii pentru a ne \u00eembun\u0103t\u0103\u021bi \u00een continuare site-ul web.<\/p>\n<p>De asemenea, folosim aceste module cookie pentru a v\u0103 afi\u0219a reclame adecvate pe alte site-uri sau pentru a v\u0103 oferi oferte specifice.<\/p>\n<p>Aceste fi\u0219iere dispar automat imediat ce \u00eenchide\u021bi browserul de internet sau r\u0103m\u00e2n pe computerul dumneavoastr\u0103 timp de p\u00e2n\u0103 la 12 luni de la ultima vizit\u0103.<\/p>\n<h2>Ce cookie-uri sunt acolo?<\/h2>\n<p>Facem distinc\u021bie \u00eentre diferite tipuri de module cookie:<\/p>\n<h2>Cookie-uri func\u021bionale<\/h2>\n<p>Acestea sunt necesare pentru buna func\u021bionare a site-ului web. De exemplu, acestea asigur\u0103 afi\u0219area rapid\u0103 \u0219i corect\u0103 a informa\u021biilor dorite de fiecare dat\u0103 c\u00e2nd vizita\u021bi site-ul nostru. Nu este necesar s\u0103 solicita\u021bi permisiunea de a plasa module cookie func\u021bionale.<\/p>\n<h2>Cookie-uri analitice<\/h2>\n<p>Le folosim pentru a analiza modul \u00een care este utilizat site-ul nostru web, de exemplu, c\u00e2t de des este vizitat site-ul nostru web, la ce pagin\u0103 ajunge\u021bi pe site-ul nostru web, care sunt paginile cele mai accesate. \u00cen cazul \u00een care cookie-urile analitice nu au un impact major asupra vie\u021bii private, nu este necesar s\u0103 solicit\u0103m consim\u021b\u0103m\u00e2ntul, \u00een caz contrar, este necesar.<\/p>\n<h2>Cookie-uri de urm\u0103rire<\/h2>\n<p>Acestea sunt cookie-uri care pot urm\u0103ri comportamentul dumneavoastr\u0103 de navigare pe site-ul nostru. Acest lucru permite agen\u021bilor de publicitate s\u0103 afi\u0219eze anun\u021buri online personalizate pe baza comportamentului dumneavoastr\u0103 de navigare. V\u0103 cerem permisiunea de a plasa aceste module cookie.<\/p>\n<h2>Cookie-uri de plug-in pentru social media<\/h2>\n<p>Modulele cookie de tip plug-in pentru social media sunt utilizate pentru a afi\u0219a con\u021binut de social media pe site-ul nostru web. V\u0103 cerem permisiunea de a seta aceste module cookie.<\/p>\n<h2>De asemenea, pute\u021bi dezactiva cookie-urile?<\/h2>\n<p>Da. Pute\u021bi dezactiva oric\u00e2nd cookie-urile sau le pute\u021bi \u0219terge de pe dispozitivul dvs. Modul \u00een care pute\u021bi face acest lucru variaz\u0103 \u00een func\u021bie de browserul de internet \u0219i de dispozitivul dumneavoastr\u0103. Dac\u0103 alege\u021bi s\u0103 \u0219terge\u021bi modulele cookie, este posibil ca site-ul web s\u0103 nu mai func\u021bioneze \u00een mod optim \u0219i s\u0103 nu pute\u021bi utiliza anumite servicii.<\/p>\n<h2>Poate fi actualizat\u0103 aceast\u0103 politic\u0103 privind cookie-urile?<\/h2>\n<p>Aceast\u0103 politic\u0103 privind modulele cookie poate fi actualizat\u0103 \u00eentre timp pentru a anun\u021ba modific\u0103rile. \u00cen cazul \u00een care se fac modific\u0103ri la acest document, pute\u021bi vedea c\u00e2nd a fost f\u0103cut\u0103 ultima dat\u0103 dup\u0103 data din partea de jos a documentului.<br \/>\n\u00cen cazul \u00een care inten\u021bion\u0103m s\u0103 folosim cookie-urile pentru care v-a\u021bi dat consim\u021b\u0103m\u00e2ntul \u00een alte scopuri, v\u0103 vom cere permisiunea de a face acest lucru.<\/p>\n<h2>Camera de securitate<\/h2>\n<p>Filiala noastr\u0103 este dotat\u0103 cu camere de luat vederi. Acest lucru este important pentru siguran\u021ba dumneavoastr\u0103, dar \u0219i pentru cea a colegilor \u0219i a bunurilor noastre. Imaginile de pe camerele de luat vederi sunt \u0219terse dup\u0103 maximum o (1) lun\u0103, cu excep\u021bia cazului \u00een care exist\u0103 motive \u00eentemeiate pentru a p\u0103stra imaginile mai mult timp, de exemplu, pentru o anchet\u0103 a unei agen\u021bii de detectivi sau a poli\u021biei.<\/p>\n<\/div><\/section><\/div><div class='flex_column av-7liqo-016a5e0ee5097bef6531dd82f299c2ff av_two_fifth  avia-builder-el-3  el_after_av_three_fifth  avia-builder-el-last  flex_column_div'   ><div  class='avia-video av-l6w3d0db-e928fa2b2410f0230ec7d150903ec468 avia-video-16-9 av-no-preview-image avia-video-load-always av-lazyload-immediate av-lazyload-video-embed'  itemprop=\"video\" itemtype=\"https:\/\/schema.org\/VideoObject\"  data-original_url='https:\/\/www.youtube.com\/watch?v=9fT_2naEIwI'><script type='text\/html' class='av-video-tmpl'><div class='avia-iframe-wrap'><iframe loading=\"lazy\" title=\"van den hurk promo\" width=\"1500\" height=\"844\" src=\"https:\/\/www.youtube.com\/embed\/9fT_2naEIwI?feature=oembed&autoplay=1&loop=0&controls=1&mute=1\" frameborder=\"0\" allow=\"accelerometer; autoplay; clipboard-write; encrypted-media; gyroscope; picture-in-picture\" allowfullscreen><\/iframe><\/div><\/script><div class='av-click-to-play-overlay'><div class=\"avia_playpause_icon\"><\/div><\/div><\/div><\/div>","protected":false},"excerpt":{"rendered":"","protected":false},"author":1,"featured_media":0,"parent":0,"menu_order":0,"comment_status":"closed","ping_status":"closed","template":"","meta":{"_acf_changed":false,"_improvement_type_select":"improve_an_existing","_thumb_yes_seoaic":false,"_frame_yes_seoaic":false,"seoaic_generate_description":"","seoaic_improve_instructions_prompt":"","seoaic_rollback_content_improvement":"","seoaic_idea_thumbnail_generator":"","thumbnail_generated":false,"thumbnail_generate_prompt":"","seoaic_article_description":"","footnotes":""},"class_list":["post-376","page","type-page","status-publish","hentry"],"acf":[],"yoast_head":"<!-- This site is optimized with the Yoast SEO plugin v27.5 - https:\/\/yoast.com\/product\/yoast-seo-wordpress\/ -->\n<title>Privacy statement - Van den Hurk Bedrijfswagens<\/title>\n<meta name=\"robots\" content=\"index, follow, max-snippet:-1, max-image-preview:large, max-video-preview:-1\" \/>\n<link rel=\"canonical\" href=\"https:\/\/www.vdhurk.nl\/ro\/declaratie-de-confidentialitate\/\" \/>\n<meta property=\"og:locale\" content=\"ro_RO\" \/>\n<meta property=\"og:type\" content=\"article\" \/>\n<meta property=\"og:title\" content=\"Privacy statement - Van den Hurk Bedrijfswagens\" \/>\n<meta property=\"og:url\" content=\"https:\/\/www.vdhurk.nl\/ro\/declaratie-de-confidentialitate\/\" \/>\n<meta property=\"og:site_name\" content=\"Van den Hurk Bedrijfswagens\" \/>\n<meta property=\"article:modified_time\" content=\"2023-03-01T14:08:43+00:00\" \/>\n<meta name=\"twitter:card\" content=\"summary_large_image\" \/>\n<meta name=\"twitter:label1\" content=\"Timp estimat pentru citire\" \/>\n\t<meta name=\"twitter:data1\" content=\"10 minute\" \/>\n<script type=\"application\/ld+json\" class=\"yoast-schema-graph\">{\"@context\":\"https:\\\/\\\/schema.org\",\"@graph\":[{\"@type\":\"WebPage\",\"@id\":\"https:\\\/\\\/www.vdhurk.nl\\\/privacy-statement\\\/\",\"url\":\"https:\\\/\\\/www.vdhurk.nl\\\/privacy-statement\\\/\",\"name\":\"Privacy statement - Van den Hurk Bedrijfswagens\",\"isPartOf\":{\"@id\":\"https:\\\/\\\/www.vdhurk.nl\\\/#website\"},\"datePublished\":\"2022-03-25T15:42:04+00:00\",\"dateModified\":\"2023-03-01T14:08:43+00:00\",\"breadcrumb\":{\"@id\":\"https:\\\/\\\/www.vdhurk.nl\\\/privacy-statement\\\/#breadcrumb\"},\"inLanguage\":\"ro-RO\",\"potentialAction\":[{\"@type\":\"ReadAction\",\"target\":[\"https:\\\/\\\/www.vdhurk.nl\\\/privacy-statement\\\/\"]}]},{\"@type\":\"BreadcrumbList\",\"@id\":\"https:\\\/\\\/www.vdhurk.nl\\\/privacy-statement\\\/#breadcrumb\",\"itemListElement\":[{\"@type\":\"ListItem\",\"position\":1,\"name\":\"Home\",\"item\":\"https:\\\/\\\/www.vdhurk.nl\\\/home\\\/\"},{\"@type\":\"ListItem\",\"position\":2,\"name\":\"Privacy statement\"}]},{\"@type\":\"WebSite\",\"@id\":\"https:\\\/\\\/www.vdhurk.nl\\\/#website\",\"url\":\"https:\\\/\\\/www.vdhurk.nl\\\/\",\"name\":\"Van den Hurk Bedrijfswagens\",\"description\":\"Van den Hurk bedrijfswagens Helmond\",\"potentialAction\":[{\"@type\":\"SearchAction\",\"target\":{\"@type\":\"EntryPoint\",\"urlTemplate\":\"https:\\\/\\\/www.vdhurk.nl\\\/?s={search_term_string}\"},\"query-input\":{\"@type\":\"PropertyValueSpecification\",\"valueRequired\":true,\"valueName\":\"search_term_string\"}}],\"inLanguage\":\"ro-RO\"}]}<\/script>\n<!-- \/ Yoast SEO plugin. -->","yoast_head_json":{"title":"Declara\u021bia de confiden\u021bialitate - Van den Hurk Bedrijfswagens","robots":{"index":"index","follow":"follow","max-snippet":"max-snippet:-1","max-image-preview":"max-image-preview:large","max-video-preview":"max-video-preview:-1"},"canonical":"https:\/\/www.vdhurk.nl\/ro\/declaratie-de-confidentialitate\/","og_locale":"ro_RO","og_type":"article","og_title":"Privacy statement - Van den Hurk Bedrijfswagens","og_url":"https:\/\/www.vdhurk.nl\/ro\/declaratie-de-confidentialitate\/","og_site_name":"Van den Hurk Bedrijfswagens","article_modified_time":"2023-03-01T14:08:43+00:00","twitter_card":"summary_large_image","twitter_misc":{"Timp estimat pentru citire":"10 minute"},"schema":{"@context":"https:\/\/schema.org","@graph":[{"@type":"WebPage","@id":"https:\/\/www.vdhurk.nl\/privacy-statement\/","url":"https:\/\/www.vdhurk.nl\/privacy-statement\/","name":"Declara\u021bia de confiden\u021bialitate - Van den Hurk Bedrijfswagens","isPartOf":{"@id":"https:\/\/www.vdhurk.nl\/#website"},"datePublished":"2022-03-25T15:42:04+00:00","dateModified":"2023-03-01T14:08:43+00:00","breadcrumb":{"@id":"https:\/\/www.vdhurk.nl\/privacy-statement\/#breadcrumb"},"inLanguage":"ro-RO","potentialAction":[{"@type":"ReadAction","target":["https:\/\/www.vdhurk.nl\/privacy-statement\/"]}]},{"@type":"BreadcrumbList","@id":"https:\/\/www.vdhurk.nl\/privacy-statement\/#breadcrumb","itemListElement":[{"@type":"ListItem","position":1,"name":"Home","item":"https:\/\/www.vdhurk.nl\/home\/"},{"@type":"ListItem","position":2,"name":"Privacy statement"}]},{"@type":"WebSite","@id":"https:\/\/www.vdhurk.nl\/#website","url":"https:\/\/www.vdhurk.nl\/","name":"Vehicule comerciale Van den Hurk","description":"Vehicule comerciale Van den Hurk Helmond","potentialAction":[{"@type":"SearchAction","target":{"@type":"EntryPoint","urlTemplate":"https:\/\/www.vdhurk.nl\/?s={search_term_string}"},"query-input":{"@type":"PropertyValueSpecification","valueRequired":true,"valueName":"search_term_string"}}],"inLanguage":"ro-RO"}]}},"_links":{"self":[{"href":"https:\/\/www.vdhurk.nl\/ro\/wp-json\/wp\/v2\/pages\/376","targetHints":{"allow":["GET"]}}],"collection":[{"href":"https:\/\/www.vdhurk.nl\/ro\/wp-json\/wp\/v2\/pages"}],"about":[{"href":"https:\/\/www.vdhurk.nl\/ro\/wp-json\/wp\/v2\/types\/page"}],"author":[{"embeddable":true,"href":"https:\/\/www.vdhurk.nl\/ro\/wp-json\/wp\/v2\/users\/1"}],"replies":[{"embeddable":true,"href":"https:\/\/www.vdhurk.nl\/ro\/wp-json\/wp\/v2\/comments?post=376"}],"version-history":[{"count":11,"href":"https:\/\/www.vdhurk.nl\/ro\/wp-json\/wp\/v2\/pages\/376\/revisions"}],"predecessor-version":[{"id":162021,"href":"https:\/\/www.vdhurk.nl\/ro\/wp-json\/wp\/v2\/pages\/376\/revisions\/162021"}],"wp:attachment":[{"href":"https:\/\/www.vdhurk.nl\/ro\/wp-json\/wp\/v2\/media?parent=376"}],"curies":[{"name":"wp","href":"https:\/\/api.w.org\/{rel}","templated":true}]}}