{"id":372085,"date":"2024-04-15T16:57:18","date_gmt":"2024-04-15T14:57:18","guid":{"rendered":"https:\/\/www.vdhurk.nl\/?page_id=372085"},"modified":"2024-08-19T13:37:28","modified_gmt":"2024-08-19T11:37:28","slug":"vehicule-comerciale-citroen","status":"publish","type":"page","link":"https:\/\/www.vdhurk.nl\/ro\/citroen-bedrijfswagens\/","title":{"rendered":"Vehicule comerciale Citro\u00ebn"},"content":{"rendered":"<section  class='av_textblock_section av-lu8gnh7d-4ac895489941e586c1d7c8cb72318135'  itemscope=\"itemscope\" itemtype=\"https:\/\/schema.org\/CreativeWork\" ><div class='avia_textblock'  itemprop=\"text\" ><h1><b>Eficien\u021b\u0103 \u0219i confort combinate: Vehicule comerciale Citro\u00ebn pentru fiecare afacere<\/b><\/h1>\n<p>Citro\u00ebn este o marc\u0103 auto francez\u0103 cu o reputa\u021bie global\u0103 pentru designul inovator. Vehiculele comerciale Citro\u00ebn sunt concepute pentru a r\u0103spunde nevoilor utilizatorilor de afaceri. Acestea ofer\u0103 mai multe modele realizate nu doar pentru func\u021bionalitate, ci \u0219i pentru confort. Marca \u0219i-a c\u00e2\u0219tigat o reputa\u021bie de \u00eencredere atunci c\u00e2nd vine vorba de dube de afaceri, motiv pentru care mul\u021bi utilizatori aleg aceast\u0103 marc\u0103.<\/p>\n<\/div><\/section>\n\n<style type=\"text\/css\" data-created_by=\"avia_inline_auto\" id=\"style-css-av-lujjddpd-afa3d7a9eabd61123e643ed1228e781e\">\n#top .hr.hr-invisible.av-lujjddpd-afa3d7a9eabd61123e643ed1228e781e{\nheight:50px;\n}\n<\/style>\n<div  class='hr av-lujjddpd-afa3d7a9eabd61123e643ed1228e781e hr-invisible  avia-builder-el-1  el_after_av_textblock  el_before_av_codeblock'><span class='hr-inner'><span class=\"hr-inner-style\"><\/span><\/span><\/div>\n\n\n<style type=\"text\/css\" data-created_by=\"avia_inline_auto\" id=\"style-css-av-o1d5-cf77288da24053faf1b6ffbefcfc6222\">\n#top .hr.hr-invisible.av-o1d5-cf77288da24053faf1b6ffbefcfc6222{\nheight:50px;\n}\n<\/style>\n<div  class='hr av-o1d5-cf77288da24053faf1b6ffbefcfc6222 hr-invisible  avia-builder-el-3  el_after_av_codeblock  el_before_av_textblock'><span class='hr-inner'><span class=\"hr-inner-style\"><\/span><\/span><\/div>\n<section  class='av_textblock_section av-lu8gtjw7-4f3cee9304909518d86d2860d9d582dd'  itemscope=\"itemscope\" itemtype=\"https:\/\/schema.org\/CreativeWork\" ><div class='avia_textblock'  itemprop=\"text\" ><h2><b>Istoria Citro\u00ebn<\/b><\/h2>\n<h3><b>Crearea Citro\u00ebn<\/b><\/h3>\n<p>Citro\u00ebn a fost fondat\u0103 de Andr\u00e9 Citro\u00ebn \u00een 1919. Acest inginer francez a fost un pionier al produc\u021biei \u00een mas\u0103 de automobile. Crearea companiei Citro\u00ebn a fost o piatr\u0103 de hotar \u00een industria auto. \u00centr-adev\u0103r, a fost una dintre primele m\u0103rci care a produs pe scar\u0103 larg\u0103 pentru pia\u021ba european\u0103.<\/p>\n<h3><b>Marca de-a lungul anilor<\/b><\/h3>\n<p>Una dintre cele mai importante repere din istoria m\u0103rcii a fost introducerea modelului Citro\u00ebn Traction Avant \u00een 1934. Acesta a fost un model de pionierat care a fost considerat un simbol \u00een industria auto. Aceast\u0103 ma\u0219in\u0103 a pus bazele multor tehnologii moderne. De-a lungul anilor, Citro\u00ebn \u0219i-a construit o reputa\u021bie solid\u0103 \u00een ceea ce prive\u0219te produc\u021bia de vehicule comerciale. Ast\u0103zi, marca r\u0103m\u00e2ne un juc\u0103tor important \u00een cadrul industriei auto. Ei r\u0103m\u00e2n fideli mo\u0219tenirii lor de inova\u021bie \u0219i se str\u0103duiesc s\u0103 produc\u0103 vehicule care s\u0103 r\u0103spund\u0103 nevoilor utilizatorilor de afaceri.<\/p>\n<h2><b>De ce este Citro\u00ebn popular \u00een r\u00e2ndul utilizatorilor de afaceri?<\/b><\/h2>\n<p>Vehiculele comerciale Citro\u00ebn sunt populare \u00een r\u00e2ndul utilizatorilor de afaceri \u0219i pe bun\u0103 dreptate. Oamenii aleg Citro\u00ebn din mai multe motive:<\/p>\n<ul>\n<li aria-level=\"1\"><b>Inova\u021bie<\/b>: Marca este cunoscut\u0103 pentru designul s\u0103u inovator, func\u021bional \u0219i elegant. Vehiculele sale comerciale ofer\u0103 solu\u021bii inteligente pentru nevoile de transport, cum ar fi spa\u021biile de depozitare spa\u021bioase.<\/li>\n<li aria-level=\"1\"><b>Experien\u021b\u0103 de conducere confortabil\u0103<\/b>: Citro\u00ebn \u00ee\u0219i proiecteaz\u0103 vehiculele comerciale cu g\u00e2ndul la confort. Acest lucru face ca ma\u0219inile s\u0103 fie excelente pentru a parcurge distan\u021be lungi. Scaunele ergonomice \u0219i izolarea fonic\u0103 le permit \u0219oferilor \u0219i pasagerilor s\u0103 se bucure de o experien\u021b\u0103 de condus f\u0103r\u0103 probleme.<\/li>\n<li aria-level=\"1\"><b>Tehnici avansate<\/b>: Marca integreaz\u0103 caracteristici tehnologice avansate \u00een vehiculele sale comerciale pentru siguran\u021b\u0103, conectivitate \u0219i eficien\u021b\u0103.<\/li>\n<li aria-level=\"1\"><b>Siguran\u021b\u0103<\/b>: Nimic nu se compar\u0103 cu siguran\u021ba. De aceea, vehiculele comerciale sunt echipate cu diverse elemente de siguran\u021b\u0103. Printre acestea se num\u0103r\u0103 sisteme precum ABS, ESC, airbaguri \u0219i asisten\u021b\u0103 la fr\u00e2nare.<\/li>\n<li aria-level=\"1\"><b>Eficien\u021ba combustibilului<\/b>: Citro\u00ebn urm\u0103re\u0219te eficien\u021ba consumului de combustibil pentru toate vehiculele comerciale. Acest lucru asigur\u0103 costuri de exploatare mai mici pentru utilizatorii comerciali.<\/li>\n<\/ul>\n<p>Toate aceste avantaje fac din aceste vehicule comerciale o alegere atractiv\u0103 pentru utilizatorii de afaceri care caut\u0103 solu\u021bii de transport fiabile \u0219i confortabile.<\/p>\n<h2><b>Diferite modele<\/b><\/h2>\n<p>\u00cen calitate de dealer de vehicule comerciale Citro\u00ebn, ve\u021bi g\u0103si diferite modele la reprezentan\u021ba noastr\u0103. Stocul de vehicule comerciale Citro\u00ebn este mare, deoarece oferim at\u00e2t modele noi, c\u00e2t \u0219i second-hand. Avantajul vehiculelor comerciale Citro\u00ebn second-hand este c\u0103 acestea au un pre\u021b mai mic. Pute\u021bi veni la noi, printre altele, pentru:<\/p>\n<ul>\n<li aria-level=\"1\"><strong>Ocazie Citro\u00ebn Jumpy<\/strong>: Acesta este un model fiabil \u0219i spa\u021bios, cu versatilitate, confort \u0219i eficien\u021b\u0103. Acest lucru face ca acest vehicul comercial s\u0103 fie o solu\u021bie potrivit\u0103 pentru clien\u021bii de afaceri care caut\u0103 un vehicul second-hand.<\/li>\n<li aria-level=\"1\"><strong>Ocazia Citro\u00ebn Jumper<\/strong><strong>:<\/strong> Acesta este un model foarte c\u0103utat \u00een r\u00e2ndul utilizatorilor din mediul de afaceri care caut\u0103 o ma\u0219in\u0103 de companie spa\u021bioas\u0103 \u0219i fiabil\u0103. Acest vehicul comercial Citro\u00ebn este cunoscut pentru spa\u021biul mare de \u00eenc\u0103rcare \u0219i pentru experien\u021ba de conducere confortabil\u0103.<\/li>\n<\/ul>\n<h2>Servicii \u0219i calitate la Van den Hurk<\/h2>\n<p>Timp de peste 50 de ani, Van den Hurk Bedrijfswagens a fost adresa potrivit\u0103 pentru achizi\u021bionarea, leasingul, \u00eenchirierea, repararea daunelor \u0219i \u00eentre\u021binerea camionului dumneavoastr\u0103. Fie c\u0103 este vorba de un vehicul comercial nou sau folosit, cunoa\u0219tem fiecare vehicul \u00een parte. Astfel, garant\u0103m \u00eentotdeauna cea mai \u00eenalt\u0103 calitate \u0219i mobilitate optim\u0103. <a href=\"https:\/\/www.vdhurk.nl\/ro\/vehicule-comerciale\/\">Vehiculele noastre comerciale<\/a> sunt cunoscute nu numai pentru calitatea lor excelent\u0103, ci \u0219i pentru pre\u021burile noastre competitive \u0219i fiabilitate. Suntem bucuro\u0219i s\u0103 g\u00e2ndim \u00eempreun\u0103 cu dvs., astfel \u00eenc\u00e2t \u00een cur\u00e2nd s\u0103 pute\u021bi pleca f\u0103r\u0103 griji \u00een ma\u0219ina de companie care se potrive\u0219te perfect nevoilor dvs.!<\/p>\n<\/div><\/section>","protected":false},"excerpt":{"rendered":"","protected":false},"author":3,"featured_media":0,"parent":0,"menu_order":0,"comment_status":"closed","ping_status":"closed","template":"","meta":{"_acf_changed":false,"_improvement_type_select":"improve_an_existing","_thumb_yes_seoaic":false,"_frame_yes_seoaic":false,"seoaic_generate_description":"","seoaic_improve_instructions_prompt":"","seoaic_rollback_content_improvement":"","seoaic_idea_thumbnail_generator":"","thumbnail_generated":false,"thumbnail_generate_prompt":"","seoaic_article_description":"","footnotes":""},"class_list":["post-372085","page","type-page","status-publish","hentry"],"acf":[],"yoast_head":"<!-- This site is optimized with the Yoast SEO plugin v27.5 - https:\/\/yoast.com\/product\/yoast-seo-wordpress\/ -->\n<title>Citro\u00ebn bedrijfswagens: betrouwbaar en innovatief<\/title>\n<meta name=\"description\" content=\"Met Citro\u00ebn bedrijfswagens ben je verzekerd van een betrouwbaar voertuig. Ontdek het aanbod en ervaar zelf het comfort!\" \/>\n<meta name=\"robots\" content=\"index, follow, max-snippet:-1, max-image-preview:large, max-video-preview:-1\" \/>\n<link rel=\"canonical\" href=\"https:\/\/www.vdhurk.nl\/ro\/vehicule-comerciale-citroen\/\" \/>\n<meta property=\"og:locale\" content=\"ro_RO\" \/>\n<meta property=\"og:type\" content=\"article\" \/>\n<meta property=\"og:title\" content=\"Citro\u00ebn bedrijfswagens: betrouwbaar en innovatief\" \/>\n<meta property=\"og:description\" content=\"Met Citro\u00ebn bedrijfswagens ben je verzekerd van een betrouwbaar voertuig. Ontdek het aanbod en ervaar zelf het comfort!\" \/>\n<meta property=\"og:url\" content=\"https:\/\/www.vdhurk.nl\/ro\/vehicule-comerciale-citroen\/\" \/>\n<meta property=\"og:site_name\" content=\"Van den Hurk Bedrijfswagens\" \/>\n<meta property=\"article:modified_time\" content=\"2024-08-19T11:37:28+00:00\" \/>\n<meta name=\"twitter:card\" content=\"summary_large_image\" \/>\n<meta name=\"twitter:label1\" content=\"Timp estimat pentru citire\" \/>\n\t<meta name=\"twitter:data1\" content=\"4 minute\" \/>\n<script type=\"application\/ld+json\" class=\"yoast-schema-graph\">{\"@context\":\"https:\\\/\\\/schema.org\",\"@graph\":[{\"@type\":\"WebPage\",\"@id\":\"https:\\\/\\\/www.vdhurk.nl\\\/citroen-bedrijfswagens\\\/\",\"url\":\"https:\\\/\\\/www.vdhurk.nl\\\/citroen-bedrijfswagens\\\/\",\"name\":\"Citro\u00ebn bedrijfswagens: betrouwbaar en innovatief\",\"isPartOf\":{\"@id\":\"https:\\\/\\\/www.vdhurk.nl\\\/#website\"},\"datePublished\":\"2024-04-15T14:57:18+00:00\",\"dateModified\":\"2024-08-19T11:37:28+00:00\",\"description\":\"Met Citro\u00ebn bedrijfswagens ben je verzekerd van een betrouwbaar voertuig. Ontdek het aanbod en ervaar zelf het comfort!\",\"breadcrumb\":{\"@id\":\"https:\\\/\\\/www.vdhurk.nl\\\/citroen-bedrijfswagens\\\/#breadcrumb\"},\"inLanguage\":\"ro-RO\",\"potentialAction\":[{\"@type\":\"ReadAction\",\"target\":[\"https:\\\/\\\/www.vdhurk.nl\\\/citroen-bedrijfswagens\\\/\"]}]},{\"@type\":\"BreadcrumbList\",\"@id\":\"https:\\\/\\\/www.vdhurk.nl\\\/citroen-bedrijfswagens\\\/#breadcrumb\",\"itemListElement\":[{\"@type\":\"ListItem\",\"position\":1,\"name\":\"Home\",\"item\":\"https:\\\/\\\/www.vdhurk.nl\\\/home\\\/\"},{\"@type\":\"ListItem\",\"position\":2,\"name\":\"Citro\u00ebn Bedrijfswagens\"}]},{\"@type\":\"WebSite\",\"@id\":\"https:\\\/\\\/www.vdhurk.nl\\\/#website\",\"url\":\"https:\\\/\\\/www.vdhurk.nl\\\/\",\"name\":\"Van den Hurk Bedrijfswagens\",\"description\":\"Van den Hurk bedrijfswagens Helmond\",\"potentialAction\":[{\"@type\":\"SearchAction\",\"target\":{\"@type\":\"EntryPoint\",\"urlTemplate\":\"https:\\\/\\\/www.vdhurk.nl\\\/?s={search_term_string}\"},\"query-input\":{\"@type\":\"PropertyValueSpecification\",\"valueRequired\":true,\"valueName\":\"search_term_string\"}}],\"inLanguage\":\"ro-RO\"}]}<\/script>\n<!-- \/ Yoast SEO plugin. -->","yoast_head_json":{"title":"Vehiculele comerciale Citro\u00ebn: fiabile \u0219i inovatoare","description":"Cu autovehiculele comerciale Citro\u00ebn, ave\u021bi garan\u021bia unui vehicul fiabil. Explora\u021bi gama \u0219i experimenta\u021bi singur confortul!","robots":{"index":"index","follow":"follow","max-snippet":"max-snippet:-1","max-image-preview":"max-image-preview:large","max-video-preview":"max-video-preview:-1"},"canonical":"https:\/\/www.vdhurk.nl\/ro\/vehicule-comerciale-citroen\/","og_locale":"ro_RO","og_type":"article","og_title":"Citro\u00ebn bedrijfswagens: betrouwbaar en innovatief","og_description":"Met Citro\u00ebn bedrijfswagens ben je verzekerd van een betrouwbaar voertuig. Ontdek het aanbod en ervaar zelf het comfort!","og_url":"https:\/\/www.vdhurk.nl\/ro\/vehicule-comerciale-citroen\/","og_site_name":"Van den Hurk Bedrijfswagens","article_modified_time":"2024-08-19T11:37:28+00:00","twitter_card":"summary_large_image","twitter_misc":{"Timp estimat pentru citire":"4 minute"},"schema":{"@context":"https:\/\/schema.org","@graph":[{"@type":"WebPage","@id":"https:\/\/www.vdhurk.nl\/citroen-bedrijfswagens\/","url":"https:\/\/www.vdhurk.nl\/citroen-bedrijfswagens\/","name":"Vehiculele comerciale Citro\u00ebn: fiabile \u0219i inovatoare","isPartOf":{"@id":"https:\/\/www.vdhurk.nl\/#website"},"datePublished":"2024-04-15T14:57:18+00:00","dateModified":"2024-08-19T11:37:28+00:00","description":"Cu autovehiculele comerciale Citro\u00ebn, ave\u021bi garan\u021bia unui vehicul fiabil. Explora\u021bi gama \u0219i experimenta\u021bi singur confortul!","breadcrumb":{"@id":"https:\/\/www.vdhurk.nl\/citroen-bedrijfswagens\/#breadcrumb"},"inLanguage":"ro-RO","potentialAction":[{"@type":"ReadAction","target":["https:\/\/www.vdhurk.nl\/citroen-bedrijfswagens\/"]}]},{"@type":"BreadcrumbList","@id":"https:\/\/www.vdhurk.nl\/citroen-bedrijfswagens\/#breadcrumb","itemListElement":[{"@type":"ListItem","position":1,"name":"Home","item":"https:\/\/www.vdhurk.nl\/home\/"},{"@type":"ListItem","position":2,"name":"Citro\u00ebn Bedrijfswagens"}]},{"@type":"WebSite","@id":"https:\/\/www.vdhurk.nl\/#website","url":"https:\/\/www.vdhurk.nl\/","name":"Vehicule comerciale Van den Hurk","description":"Vehicule comerciale Van den Hurk Helmond","potentialAction":[{"@type":"SearchAction","target":{"@type":"EntryPoint","urlTemplate":"https:\/\/www.vdhurk.nl\/?s={search_term_string}"},"query-input":{"@type":"PropertyValueSpecification","valueRequired":true,"valueName":"search_term_string"}}],"inLanguage":"ro-RO"}]}},"_links":{"self":[{"href":"https:\/\/www.vdhurk.nl\/ro\/wp-json\/wp\/v2\/pages\/372085","targetHints":{"allow":["GET"]}}],"collection":[{"href":"https:\/\/www.vdhurk.nl\/ro\/wp-json\/wp\/v2\/pages"}],"about":[{"href":"https:\/\/www.vdhurk.nl\/ro\/wp-json\/wp\/v2\/types\/page"}],"author":[{"embeddable":true,"href":"https:\/\/www.vdhurk.nl\/ro\/wp-json\/wp\/v2\/users\/3"}],"replies":[{"embeddable":true,"href":"https:\/\/www.vdhurk.nl\/ro\/wp-json\/wp\/v2\/comments?post=372085"}],"version-history":[{"count":5,"href":"https:\/\/www.vdhurk.nl\/ro\/wp-json\/wp\/v2\/pages\/372085\/revisions"}],"predecessor-version":[{"id":372292,"href":"https:\/\/www.vdhurk.nl\/ro\/wp-json\/wp\/v2\/pages\/372085\/revisions\/372292"}],"wp:attachment":[{"href":"https:\/\/www.vdhurk.nl\/ro\/wp-json\/wp\/v2\/media?parent=372085"}],"curies":[{"name":"wp","href":"https:\/\/api.w.org\/{rel}","templated":true}]}}