{"id":372079,"date":"2024-04-15T16:53:39","date_gmt":"2024-04-15T14:53:39","guid":{"rendered":"https:\/\/www.vdhurk.nl\/?page_id=372079"},"modified":"2024-04-16T14:11:22","modified_gmt":"2024-04-16T12:11:22","slug":"mercedes-13","status":"publish","type":"page","link":"https:\/\/www.vdhurk.nl\/ro\/volkswagen-bedrijfswagens\/","title":{"rendered":"Volkswagen Vehicule comerciale"},"content":{"rendered":"<section  class='av_textblock_section av-lu8gnh7d-4ac895489941e586c1d7c8cb72318135'  itemscope=\"itemscope\" itemtype=\"https:\/\/schema.org\/CreativeWork\" ><div class='avia_textblock'  itemprop=\"text\" ><h1><b>\u00cen siguran\u021b\u0103 pe \u0219osea cu vehiculele comerciale Volkswagen<\/b><\/h1>\n<p>Volkswagen a ob\u021binut o pozi\u021bie \u00eenalt\u0103 \u00een industria auto. Marca datoreaz\u0103 acest lucru, \u00een parte, inova\u021biei \u0219i sustenabilit\u0103\u021bii sale. \u00cen calitate de nume de frunte \u00een domeniul mobilit\u0103\u021bii, marca ofer\u0103 vehicule func\u021bionale, care se potrivesc bine pentru utilizarea \u00een afaceri. Vehiculele comerciale Volkswagen simbolizeaz\u0103 fiabilitatea \u0219i progresul.<\/p>\n<\/div><\/section>\n\n<style type=\"text\/css\" data-created_by=\"avia_inline_auto\" id=\"style-css-av-lujjddpd-afa3d7a9eabd61123e643ed1228e781e\">\n#top .hr.hr-invisible.av-lujjddpd-afa3d7a9eabd61123e643ed1228e781e{\nheight:50px;\n}\n<\/style>\n<div  class='hr av-lujjddpd-afa3d7a9eabd61123e643ed1228e781e hr-invisible  avia-builder-el-1  el_after_av_textblock  el_before_av_codeblock'><span class='hr-inner'><span class=\"hr-inner-style\"><\/span><\/span><\/div>\n\n\n<style type=\"text\/css\" data-created_by=\"avia_inline_auto\" id=\"style-css-av-ah0xd-63338d9dc6b40410e22a712829c369d6\">\n#top .hr.hr-invisible.av-ah0xd-63338d9dc6b40410e22a712829c369d6{\nheight:50px;\n}\n<\/style>\n<div  class='hr av-ah0xd-63338d9dc6b40410e22a712829c369d6 hr-invisible  avia-builder-el-3  el_after_av_codeblock  el_before_av_buttonrow'><span class='hr-inner'><span class=\"hr-inner-style\"><\/span><\/span><\/div>\n<div  class='avia-buttonrow-wrap av-lujhssae-cff7d852879371e1ec58a3b104a5d229 avia-buttonrow-center  avia-builder-el-4  el_after_av_hr  el_before_av_hr'>\n\n<style type=\"text\/css\" data-created_by=\"avia_inline_auto\" id=\"style-css-av-lujhtay0-66b3e0c2bf74ffb01ae6511bbad0699a\">\n#top #wrap_all .avia-button.av-lujhtay0-66b3e0c2bf74ffb01ae6511bbad0699a{\nmargin-bottom:5px;\nmargin-right:3px;\nmargin-left:3px;\n}\n<\/style>\n<a href='https:\/\/www.vdhurk.nl\/ro\/vehicule-comerciale\/#q1bKTS3KVrJSKsvPyS4uT0xPzVPSUcovSkktSqoEChcUZWYV65UB1eTnF4A58QWJRSWZyaU5malFVimpxclKtQA'  class='avia-button av-lujhtay0-66b3e0c2bf74ffb01ae6511bbad0699a avia-icon_select-yes-right-icon avia-size-x-large avia-color-theme-color'  ><span class='avia_iconbox_title' >Sunte\u021bi curio\u0219i \u00een leg\u0103tur\u0103 cu \u00eentreaga gam\u0103 de vehicule comerciale Volkswagen? Nu ezita\u021bi s\u0103 arunca\u021bi o privire!<\/span><span class='avia_button_icon avia_button_icon_right' aria-hidden='true' data-av_icon='\ue871' data-av_iconfont='entypo-fontello'><\/span><\/a>\n<\/div>\n\n<style type=\"text\/css\" data-created_by=\"avia_inline_auto\" id=\"style-css-av-o1d5-cf77288da24053faf1b6ffbefcfc6222\">\n#top .hr.hr-invisible.av-o1d5-cf77288da24053faf1b6ffbefcfc6222{\nheight:50px;\n}\n<\/style>\n<div  class='hr av-o1d5-cf77288da24053faf1b6ffbefcfc6222 hr-invisible  avia-builder-el-5  el_after_av_buttonrow  el_before_av_textblock'><span class='hr-inner'><span class=\"hr-inner-style\"><\/span><\/span><\/div>\n<section  class='av_textblock_section av-lu8gow1e-300853e458ed741bd87d6cb78e55cc7a'  itemscope=\"itemscope\" itemtype=\"https:\/\/schema.org\/CreativeWork\" ><div class='avia_textblock'  itemprop=\"text\" ><h2><b>Istoria Volkswagen<\/b><\/h2>\n<p>Volkswagen are o istorie bogat\u0103. De-a lungul anilor, Volkswagen s-a impus ca lider pe pia\u021ba vehiculelor comerciale. Se concentreaz\u0103 pe inova\u021bie, calitate \u0219i fiabilitate. Marca \u00ee\u0219i dezvolt\u0103 \u0219i adapteaz\u0103 \u00een mod constant vehiculele comerciale pentru a continua s\u0103 r\u0103spund\u0103 nevoilor utilizatorilor de afaceri. Modelele pe care le produc variaz\u0103 de la furgonete compacte la vehicule comerciale robuste, potrivite pentru o mare posibilitate de aplica\u021bii. Marca \u0219i-a asumat o prezen\u021b\u0103 global\u0103 \u0219i r\u0103m\u00e2ne un juc\u0103tor important \u00een industria auto, r\u0103m\u00e2n\u00e2nd \u00een acela\u0219i timp fidel\u0103 m\u0103iestriei sale.<\/p>\n<h2><strong>Beneficiile: de ce sunt populare autobuzele Volkswagen?<\/strong><\/h2>\n<ul>\n<li aria-level=\"1\"><b>Fiabilitate<\/b>: Marca este cunoscut\u0103 pentru vehiculele sale comerciale fiabile, ceea ce este esen\u021bial pentru \u00eentreprinderile comerciale care se afl\u0103 pe drumuri \u00een fiecare zi.<\/li>\n<li aria-level=\"1\"><b>Versatilitate<\/b>: Gama Volkswagen ofer\u0103 o gam\u0103 larg\u0103 de modele. G\u00e2ndi\u021bi-v\u0103 de la furgonete compacte la vehicule comerciale mai mari. Acest lucru le permite utilizatorilor de afaceri s\u0103 g\u0103seasc\u0103 \u00een orice moment solu\u021bia potrivit\u0103 pentru nevoile lor specifice.<\/li>\n<li aria-level=\"1\"><b>Confort \u0219i eficien\u021b\u0103<\/b>: Modelele m\u0103rcii ofer\u0103 experien\u021be de condus confortabile \u0219i eficien\u021b\u0103 a consumului de combustibil. Acest lucru este necesar mai ales pentru utilizatorii cu un kilometraj ridicat.<\/li>\n<li aria-level=\"1\"><b>Dezvolt\u0103ri inovatoare<\/b>: Marca continu\u0103 s\u0103 investeasc\u0103 \u00een tehnologii \u0219i caracteristici inovatoare. Acestea includ caracteristici avansate de siguran\u021b\u0103 \u0219i sisteme de propulsie ecologice. Acest lucru le men\u021bine atractive pentru utilizatorii de afaceri care caut\u0103 solu\u021bii moderne.<\/li>\n<li aria-level=\"1\"><b>Bun\u0103 reputa\u021bie<\/b>: Marca \u0219i-a construit o bun\u0103 reputa\u021bie de-a lungul deceniilor. Sunt v\u0103zu\u021bi ca o marc\u0103 de ma\u0219ini de \u00eencredere, potrivit\u0103 pentru utilizarea \u00een afaceri.<\/li>\n<\/ul>\n<p><b>La ce sunt folosite \u00een principal vehiculele comerciale Volkswagen?<\/b><\/p>\n<p>Autovehiculele comerciale Volkswagen sunt utilizate \u00een diverse scopuri comerciale. Versatilitatea, fiabilitatea \u0219i eficien\u021ba lor fac ca aceste modele s\u0103 fie foarte potrivite pentru diferite aplica\u021bii. Acestea sunt utilizate \u00een principal pentru:<\/p>\n<ul>\n<li aria-level=\"1\"><b>Transportul de m\u0103rfuri<\/b>: Autobuzele \u0219i alte vehicule comerciale ale m\u0103rcii sunt adesea folosite pentru a transporta m\u0103rfuri: de la livr\u0103ri mici la \u00eenc\u0103rc\u0103turi mari. Vehiculele comerciale Volkswagen ofer\u0103 un spa\u021biu de \u00eenc\u0103rcare spa\u021bios \u0219i pot fi chiar personalizate cu diverse op\u021biuni de depozitare pentru a r\u0103spunde nevoilor specifice ale \u00eentreprinderilor.<\/li>\n<li aria-level=\"1\"><b>Service \u0219i \u00eentre\u021binere<\/b>: Mecanicii, electricienii, instalatorii \u0219i al\u021bi profesioni\u0219ti folosesc deseori ma\u0219ini Volkswagen pentru a se deplasa pe \u0219antiere pentru lucr\u0103ri de service \u0219i \u00eentre\u021binere. Vehiculele ofer\u0103 spa\u021biu pentru unelte \u0219i echipamente. \u00cen plus, vehiculele au, de asemenea, cabine confortabile pentru distan\u021be lungi.<\/li>\n<li aria-level=\"1\"><b>Transport de pasageri<\/b>: Modelele sunt potrivite nu numai pentru transportul de m\u0103rfuri, ci \u0219i pentru transport de personal. G\u00e2ndi\u021bi-v\u0103, de exemplu, la serviciile de navet\u0103 pentru angaja\u021bi, taxiuri, servicii hoteliere \u0219i autobuze de transfer pentru evenimente.<\/li>\n<\/ul>\n<h2><b>Op\u021biuni financiare<\/b><\/h2>\n<p>Dac\u0103 sunte\u021bi interesat de un Volkswagen, ave\u021bi mai multe op\u021biuni \u00een ceea ce prive\u0219te achizi\u021bionarea unui vehicul comercial. Prima op\u021biune este cea mai evident\u0103, \u0219i anume cump\u0103rarea unei dube Volkswagen. Atunci c\u00e2nd cump\u0103ra\u021bi un vehicul, deveni\u021bi proprietar \u0219i nu trebuie s\u0103 v\u0103 ocupa\u021bi, de exemplu, de restric\u021biile privind kilometrajul. A doua op\u021biune oferit\u0103 de Van den Hurk este \u00eenchirierea unui autobuz Volkswagen. La <a href=\"https:\/\/www.vdhurk.nl\/ro\/leasing-financiar\/\">leasing<\/a> ave\u021bi avantajul unor costuri ini\u021biale mai mici. \u00cen plus, costurile sunt, de asemenea, mai previzibile. Vre\u021bi s\u0103 \u0219ti\u021bi care este cea mai bun\u0103 op\u021biune pentru dumneavoastr\u0103? Ne-ar face pl\u0103cere s\u0103 v\u0103 ajut\u0103m \u00een acest sens!<\/p>\n<h2><b>Modele la m\u00e2na a doua<\/b><\/h2>\n<p>La Van den Hurk, pute\u021bi alege un autobuz Volkswagen de ocazie. Vehiculele comerciale second-hand sunt populare pentru mul\u021bi utilizatori de afaceri. Acest lucru se datoreaz\u0103 faptului c\u0103 sunt fiabile \u0219i accesibile. De fapt, cump\u0103rarea unui autobuz Volkswagen la m\u00e2na a doua este mult mai ieftin\u0103 dec\u00e2t s\u0103 optezi pentru un model nou. Suntem bucuro\u0219i s\u0103 v\u0103 ajut\u0103m s\u0103 g\u0103si\u021bi un model potrivit pentru nevoile dumneavoastr\u0103 specifice.<\/p>\n<\/div><\/section>","protected":false},"excerpt":{"rendered":"","protected":false},"author":3,"featured_media":0,"parent":0,"menu_order":0,"comment_status":"closed","ping_status":"closed","template":"","meta":{"_acf_changed":false,"_improvement_type_select":"improve_an_existing","_thumb_yes_seoaic":false,"_frame_yes_seoaic":false,"seoaic_generate_description":"","seoaic_improve_instructions_prompt":"","seoaic_rollback_content_improvement":"","seoaic_idea_thumbnail_generator":"","thumbnail_generated":false,"thumbnail_generate_prompt":"","seoaic_article_description":"","footnotes":""},"class_list":["post-372079","page","type-page","status-publish","hentry"],"acf":[],"yoast_head":"<!-- This site is optimized with the Yoast SEO plugin v27.2 - https:\/\/yoast.com\/product\/yoast-seo-wordpress\/ -->\n<title>Alles onder \u00e9\u00e9n dak met de Volkswagen bedrijfswagens<\/title>\n<meta name=\"description\" content=\"Ben jij op zoek naar een goed functionerend voertuig voor zakelijk gebruik? Ontdek dan alles over de Volkswagen bedrijfswagens.\" \/>\n<meta name=\"robots\" content=\"index, follow, max-snippet:-1, max-image-preview:large, max-video-preview:-1\" \/>\n<link rel=\"canonical\" href=\"https:\/\/www.vdhurk.nl\/ro\/mercedes-13\/\" \/>\n<meta property=\"og:locale\" content=\"ro_RO\" \/>\n<meta property=\"og:type\" content=\"article\" \/>\n<meta property=\"og:title\" content=\"Alles onder \u00e9\u00e9n dak met de Volkswagen bedrijfswagens\" \/>\n<meta property=\"og:description\" content=\"Ben jij op zoek naar een goed functionerend voertuig voor zakelijk gebruik? Ontdek dan alles over de Volkswagen bedrijfswagens.\" \/>\n<meta property=\"og:url\" content=\"https:\/\/www.vdhurk.nl\/ro\/mercedes-13\/\" \/>\n<meta property=\"og:site_name\" content=\"Van den Hurk Bedrijfswagens\" \/>\n<meta property=\"article:modified_time\" content=\"2024-04-16T12:11:22+00:00\" \/>\n<meta name=\"twitter:card\" content=\"summary_large_image\" \/>\n<meta name=\"twitter:label1\" content=\"Timp estimat pentru citire\" \/>\n\t<meta name=\"twitter:data1\" content=\"4 minute\" \/>\n<script type=\"application\/ld+json\" class=\"yoast-schema-graph\">{\"@context\":\"https:\/\/schema.org\",\"@graph\":[{\"@type\":\"WebPage\",\"@id\":\"https:\/\/www.vdhurk.nl\/volkswagen-bedrijfswagens\/\",\"url\":\"https:\/\/www.vdhurk.nl\/volkswagen-bedrijfswagens\/\",\"name\":\"Alles onder \u00e9\u00e9n dak met de Volkswagen bedrijfswagens\",\"isPartOf\":{\"@id\":\"https:\/\/www.vdhurk.nl\/#website\"},\"datePublished\":\"2024-04-15T14:53:39+00:00\",\"dateModified\":\"2024-04-16T12:11:22+00:00\",\"description\":\"Ben jij op zoek naar een goed functionerend voertuig voor zakelijk gebruik? Ontdek dan alles over de Volkswagen bedrijfswagens.\",\"breadcrumb\":{\"@id\":\"https:\/\/www.vdhurk.nl\/volkswagen-bedrijfswagens\/#breadcrumb\"},\"inLanguage\":\"ro-RO\",\"potentialAction\":[{\"@type\":\"ReadAction\",\"target\":[\"https:\/\/www.vdhurk.nl\/volkswagen-bedrijfswagens\/\"]}]},{\"@type\":\"BreadcrumbList\",\"@id\":\"https:\/\/www.vdhurk.nl\/volkswagen-bedrijfswagens\/#breadcrumb\",\"itemListElement\":[{\"@type\":\"ListItem\",\"position\":1,\"name\":\"Home\",\"item\":\"https:\/\/www.vdhurk.nl\/home\/\"},{\"@type\":\"ListItem\",\"position\":2,\"name\":\"Volkswagen Bedrijfswagens\"}]},{\"@type\":\"WebSite\",\"@id\":\"https:\/\/www.vdhurk.nl\/#website\",\"url\":\"https:\/\/www.vdhurk.nl\/\",\"name\":\"Van den Hurk Bedrijfswagens\",\"description\":\"Van den Hurk bedrijfswagens Helmond\",\"potentialAction\":[{\"@type\":\"SearchAction\",\"target\":{\"@type\":\"EntryPoint\",\"urlTemplate\":\"https:\/\/www.vdhurk.nl\/?s={search_term_string}\"},\"query-input\":{\"@type\":\"PropertyValueSpecification\",\"valueRequired\":true,\"valueName\":\"search_term_string\"}}],\"inLanguage\":\"ro-RO\"}]}<\/script>\n<!-- \/ Yoast SEO plugin. -->","yoast_head_json":{"title":"Totul sub un singur acoperi\u0219 cu vehiculele comerciale Volkswagen","description":"Sunte\u021bi \u00een c\u0103utarea unui vehicul de \u00eenalt\u0103 performan\u021b\u0103 pentru uz profesional? Atunci descoperi\u021bi totul despre vehiculele comerciale Volkswagen.","robots":{"index":"index","follow":"follow","max-snippet":"max-snippet:-1","max-image-preview":"max-image-preview:large","max-video-preview":"max-video-preview:-1"},"canonical":"https:\/\/www.vdhurk.nl\/ro\/mercedes-13\/","og_locale":"ro_RO","og_type":"article","og_title":"Alles onder \u00e9\u00e9n dak met de Volkswagen bedrijfswagens","og_description":"Ben jij op zoek naar een goed functionerend voertuig voor zakelijk gebruik? Ontdek dan alles over de Volkswagen bedrijfswagens.","og_url":"https:\/\/www.vdhurk.nl\/ro\/mercedes-13\/","og_site_name":"Van den Hurk Bedrijfswagens","article_modified_time":"2024-04-16T12:11:22+00:00","twitter_card":"summary_large_image","twitter_misc":{"Timp estimat pentru citire":"4 minute"},"schema":{"@context":"https:\/\/schema.org","@graph":[{"@type":"WebPage","@id":"https:\/\/www.vdhurk.nl\/volkswagen-bedrijfswagens\/","url":"https:\/\/www.vdhurk.nl\/volkswagen-bedrijfswagens\/","name":"Totul sub un singur acoperi\u0219 cu vehiculele comerciale Volkswagen","isPartOf":{"@id":"https:\/\/www.vdhurk.nl\/#website"},"datePublished":"2024-04-15T14:53:39+00:00","dateModified":"2024-04-16T12:11:22+00:00","description":"Sunte\u021bi \u00een c\u0103utarea unui vehicul de \u00eenalt\u0103 performan\u021b\u0103 pentru uz profesional? Atunci descoperi\u021bi totul despre vehiculele comerciale Volkswagen.","breadcrumb":{"@id":"https:\/\/www.vdhurk.nl\/volkswagen-bedrijfswagens\/#breadcrumb"},"inLanguage":"ro-RO","potentialAction":[{"@type":"ReadAction","target":["https:\/\/www.vdhurk.nl\/volkswagen-bedrijfswagens\/"]}]},{"@type":"BreadcrumbList","@id":"https:\/\/www.vdhurk.nl\/volkswagen-bedrijfswagens\/#breadcrumb","itemListElement":[{"@type":"ListItem","position":1,"name":"Home","item":"https:\/\/www.vdhurk.nl\/home\/"},{"@type":"ListItem","position":2,"name":"Volkswagen Bedrijfswagens"}]},{"@type":"WebSite","@id":"https:\/\/www.vdhurk.nl\/#website","url":"https:\/\/www.vdhurk.nl\/","name":"Vehicule comerciale Van den Hurk","description":"Vehicule comerciale Van den Hurk Helmond","potentialAction":[{"@type":"SearchAction","target":{"@type":"EntryPoint","urlTemplate":"https:\/\/www.vdhurk.nl\/?s={search_term_string}"},"query-input":{"@type":"PropertyValueSpecification","valueRequired":true,"valueName":"search_term_string"}}],"inLanguage":"ro-RO"}]}},"_links":{"self":[{"href":"https:\/\/www.vdhurk.nl\/ro\/wp-json\/wp\/v2\/pages\/372079","targetHints":{"allow":["GET"]}}],"collection":[{"href":"https:\/\/www.vdhurk.nl\/ro\/wp-json\/wp\/v2\/pages"}],"about":[{"href":"https:\/\/www.vdhurk.nl\/ro\/wp-json\/wp\/v2\/types\/page"}],"author":[{"embeddable":true,"href":"https:\/\/www.vdhurk.nl\/ro\/wp-json\/wp\/v2\/users\/3"}],"replies":[{"embeddable":true,"href":"https:\/\/www.vdhurk.nl\/ro\/wp-json\/wp\/v2\/comments?post=372079"}],"version-history":[{"count":3,"href":"https:\/\/www.vdhurk.nl\/ro\/wp-json\/wp\/v2\/pages\/372079\/revisions"}],"predecessor-version":[{"id":372425,"href":"https:\/\/www.vdhurk.nl\/ro\/wp-json\/wp\/v2\/pages\/372079\/revisions\/372425"}],"wp:attachment":[{"href":"https:\/\/www.vdhurk.nl\/ro\/wp-json\/wp\/v2\/media?parent=372079"}],"curies":[{"name":"wp","href":"https:\/\/api.w.org\/{rel}","templated":true}]}}