{"id":372057,"date":"2024-04-15T16:15:53","date_gmt":"2024-04-15T14:15:53","guid":{"rendered":"https:\/\/www.vdhurk.nl\/?page_id=372057"},"modified":"2024-04-16T14:10:18","modified_gmt":"2024-04-16T12:10:18","slug":"vehicule-comerciale-renault","status":"publish","type":"page","link":"https:\/\/www.vdhurk.nl\/ro\/renault-bedrijfswagens\/","title":{"rendered":"Vehicule comerciale Renault"},"content":{"rendered":"<section  class='av_textblock_section av-lu8gnh7d-4ac895489941e586c1d7c8cb72318135'  itemscope=\"itemscope\" itemtype=\"https:\/\/schema.org\/CreativeWork\" ><div class='avia_textblock'  itemprop=\"text\" ><h1><strong>Vehiculele comerciale Renault: fiabile pentru orice \u00eentreprinz\u0103tor<\/strong><\/h1>\n<p>Marca auto francez\u0103 Renault ofer\u0103 o gam\u0103 larg\u0103 de vehicule comerciale. Vehiculele comerciale Renault variaz\u0103 de la furgonete compacte p\u00e2n\u0103 la vehicule comerciale de mari dimensiuni. Toate vehiculele comerciale sunt cunoscute pentru fiabilitatea, eficien\u021ba \u0219i modelele inovatoare realizate pentru a se potrivi utilizatorilor de afaceri. Cu o reputa\u021bie puternic\u0103 \u0219i o istorie bogat\u0103 \u00een industria auto, marca ofer\u0103 vehicule comerciale adecvate pentru diferite scopuri de afaceri \u0219i nevoi de transport.<\/p>\n<\/div><\/section>\n\n<style type=\"text\/css\" data-created_by=\"avia_inline_auto\" id=\"style-css-av-lujjddpd-afa3d7a9eabd61123e643ed1228e781e\">\n#top .hr.hr-invisible.av-lujjddpd-afa3d7a9eabd61123e643ed1228e781e{\nheight:50px;\n}\n<\/style>\n<div  class='hr av-lujjddpd-afa3d7a9eabd61123e643ed1228e781e hr-invisible  avia-builder-el-1  el_after_av_textblock  el_before_av_codeblock'><span class='hr-inner'><span class=\"hr-inner-style\"><\/span><\/span><\/div>\n\n\n<style type=\"text\/css\" data-created_by=\"avia_inline_auto\" id=\"style-css-av-ah0xd-63338d9dc6b40410e22a712829c369d6\">\n#top .hr.hr-invisible.av-ah0xd-63338d9dc6b40410e22a712829c369d6{\nheight:50px;\n}\n<\/style>\n<div  class='hr av-ah0xd-63338d9dc6b40410e22a712829c369d6 hr-invisible  avia-builder-el-3  el_after_av_codeblock  el_before_av_textblock'><span class='hr-inner'><span class=\"hr-inner-style\"><\/span><\/span><\/div>\n<section  class='av_textblock_section av-lu8gtjw7-4f3cee9304909518d86d2860d9d582dd'  itemscope=\"itemscope\" itemtype=\"https:\/\/schema.org\/CreativeWork\" ><div class='avia_textblock'  itemprop=\"text\" ><h2><b>Istoria Renault<\/b><\/h2>\n<h3><b>Na\u0219terea m\u0103rcii<\/b><\/h3>\n<p>Renault a fost fondat\u0103 \u00een 1899 de Louis Renault, Marcel Renault \u0219i Fernand Renault. Marca s-a dezvoltat rapid \u0219i a c\u00e2\u0219tigat recunoa\u0219tere pentru designul inovator \u0219i progresele tehnologice. \u00cen timpul Primului R\u0103zboi Mondial, marca a produs vehicule militare. Acest lucru a contribuit la cre\u0219terea \u0219i reputa\u021bia m\u0103rcii. Dup\u0103 r\u0103zboi, a \u00eenceput s\u0103 produc\u0103 vehicule comerciale. De-a lungul anilor, Renault a produs diferite tipuri de modele. Astfel, marca a reu\u0219it s\u0103 ocupe un loc excelent \u00een industria auto. Acest lucru este valabil at\u00e2t \u00een Fran\u021ba, c\u00e2t \u0219i \u00een afara ei.<\/p>\n<h3><b>Evolu\u021bia de-a lungul anilor<\/b><\/h3>\n<p>Exist\u0103 o serie de momente \u0219i evolu\u021bii cheie \u00een evolu\u021bia m\u0103rcii. \u00cen anii de \u00eenceput, Renault producea \u00een principal vehicule comerciale u\u0219oare, cum ar fi camionete \u0219i camioane mici. Acestea sunt utilizate pentru transportul de m\u0103rfuri. Pe m\u0103sur\u0103 ce cererea de vehicule comerciale a crescut, Renault \u0219i-a extins gama de produse \u0219i a \u00eenceput s\u0103 produc\u0103 vehicule mai grele. Acestea au fost utilizate \u00een sectoare precum transportul, construc\u021biile \u0219i transportul public. De-a lungul anilor, mer a dezvoltat \u0219i \u00eembun\u0103t\u0103\u021bit \u00een mod constant vehiculele comerciale. Acest lucru a dus la tehnologii \u0219i caracteristici avansate.<\/p>\n<h2><b>Avantajele autobuzelor \u0219i vehiculelor comerciale Renault<\/b><\/h2>\n<p>Vehiculele comerciale Renault aduc o serie de avantaje:<\/p>\n<ul>\n<li aria-level=\"1\"><b>Fiabilitate: <\/b>Marca este cunoscut\u0103 pentru fiabilitatea vehiculelor fabricate. Fie c\u0103 sunt destinate conducerii zilnice sau aplica\u021biilor comerciale grele, vehiculele comerciale ofer\u0103 performan\u021be \u0219i fiabilitate constante pe care v\u0103 pute\u021bi baza.<\/li>\n<li aria-level=\"1\"><b>Versatilitate: <\/b>Toate vehiculele comerciale sunt produse pentru uz comercial. Au fost lansate diferite modele pentru a se potrivi diferitelor sectoare.<\/li>\n<li aria-level=\"1\"><b>Eficien\u021b\u0103:<\/b> Datorit\u0103 tehnologiei avansate a motoarelor, vehiculele comerciale ofer\u0103 o bun\u0103 eficien\u021b\u0103 a consumului de combustibil. Acest lucru asigur\u0103 costuri de exploatare mai mici \u0219i un impact redus asupra mediului. \u00cen special pentru companiile cu kilometraj mare, acesta este un avantaj important.<\/li>\n<li aria-level=\"1\"><b>Confort \u0219i comoditate: <\/b>Autovehiculele comerciale sunt proiectate cu g\u00e2ndul la confort, at\u00e2t pentru \u0219ofer, c\u00e2t \u0219i pentru pasageri. Vehiculele comerciale dispun de scaune ergonomice \u0219i de interioare spa\u021bioase.<\/li>\n<li aria-level=\"1\"><b>Securitate: <\/b>Vehiculele sigure sunt extrem de importante pentru Renault. Vehiculele sale comerciale dispun de elemente de siguran\u021b\u0103 precum ABS, controlul trac\u021biunii, airbaguri \u0219i sisteme de asisten\u021b\u0103 pentru \u0219ofer.<\/li>\n<li aria-level=\"1\"><b>Inova\u021bie: <\/b>Marca continu\u0103 s\u0103 inoveze \u0219i s\u0103 investeasc\u0103 \u00een utilizarea de noi tehnologii pentru a \u00eembun\u0103t\u0103\u021bi performan\u021ba, eficien\u021ba \u0219i siguran\u021ba automobilelor sale. Acest lucru men\u021bine Renault \u00een fruntea industriei auto.<\/li>\n<\/ul>\n<ul>\n<li style=\"list-style-type: none;\"><\/li>\n<\/ul>\n<h2><b>Cump\u0103rarea sau leasingul unui autobuz Renault: care este cea mai bun\u0103 op\u021biune?<\/b><\/h2>\n<p>La Van den Hurk, v\u0103 oferim mai multe op\u021biuni dac\u0103 sunte\u021bi \u00een c\u0103utarea unei ma\u0219ini de serviciu. Prima op\u021biune este s\u0103 cump\u0103ra\u021bi o ma\u0219in\u0103 de serviciu. Avantajul acestei op\u021biuni este c\u0103 un vehicul devine apoi proprietatea dumneavoastr\u0103. Acest lucru \u00eenseamn\u0103 c\u0103 ave\u021bi control deplin. De asemenea, cump\u0103rarea duce la costuri mai mici pe termen lung. De asemenea, atunci c\u00e2nd cump\u0103ra\u021bi, nu trebuie s\u0103 \u021bine\u021bi cont de restric\u021biile privind kilometrajul. A doua op\u021biune este s\u0103 \u00eenchiria\u021bi un autobuz Renault. Avantajul acestei variante este c\u0103 ave\u021bi costuri ini\u021biale mai mici. Nu trebuie s\u0103 face\u021bi o investi\u021bie mare ca atunci c\u00e2nd cump\u0103ra\u021bi un vehicul. \u00cen plus, \u00een cazul leasingului ave\u021bi costuri mai previzibile \u0219i, prin urmare, este mai pu\u021bin probabil s\u0103 \u00eent\u00e2mpina\u021bi surprize nepl\u0103cute.<\/p>\n<h2><b>Diferite op\u021biuni \u00een modele<\/b><\/h2>\n<p>Optezi pentru un autobuz Renault de ocazie sau preferi s\u0103 conduci un vehicul nou? Ambele op\u021biuni sunt posibile. \u00cen cadrul ofertei noastre, ve\u021bi g\u0103si diverse vehicule comerciale noi \u0219i second-hand. Dori\u021bi s\u0103 cump\u0103ra\u021bi un autobuz Renault de ocazie? Atunci ave\u021bi posibilitatea de a alege \u00eentre:<\/p>\n<ul>\n<li aria-level=\"1\"><strong><a href=\"https:\/\/www.vdhurk.nl\/ro\/vehicule-comerciale\/renault\/traffic\/\">Ocazie de trafic Renault<\/a><\/strong><b>: <\/b>Acesta este un model popular pentru companiile care caut\u0103 un vehicul fiabil \u0219i versatil. Acest model este cunoscut pentru spa\u021biul de \u00eenc\u0103rcare spa\u021bios, interiorul confortabil \u0219i motoarele eficiente. \u00cen ciuda faptului c\u0103 a fost folosit anterior, ob\u021bine\u021bi un bun raport calitate-pre\u021b, iar acest model ofer\u0103 un echilibru perfect \u00eentre pre\u021b \u0219i calitate. Acest autoturism folosit este o alegere practic\u0103 \u0219i economic\u0103 pentru utilizarea \u00een afaceri.<\/li>\n<li aria-level=\"1\"><strong><a href=\"https:\/\/www.vdhurk.nl\/ro\/vehicule-comerciale\/renault\/mercedes-10\/\">Renault kangoo ocazie<\/a><\/strong>: Acesta este un vehicul comercial compact \u0219i versatil, ideal pentru diverse aplica\u021bii de afaceri. Acest model dispune de un interior practic, motoare eficiente din punct de vedere al consumului de combustibil \u0219i este agil \u00een mediul urban. Acest lucru face ca acest model s\u0103 fie o alegere popular\u0103 pentru \u00eentreprinderile mici \u0219i pentru cei care desf\u0103\u0219oar\u0103 activit\u0103\u021bi independente. Ca model second-hand, Kangoo ofer\u0103 accesibilitate \u0219i fiabilitate, ceea ce \u00eel face o alegere atractiv\u0103 pentru utilizatorii de afaceri.<\/li>\n<li aria-level=\"1\"><a href=\"https:\/\/www.vdhurk.nl\/ro\/vehicule-comerciale\/renault\/stapan\/\"><strong>Renault master masina de ocazie<\/strong><\/a>: Acest vehicul comercial robust \u0219i spa\u021bios este potrivit pentru diverse scopuri profesionale. Modelul dispune de un spa\u021biu mare de \u00eenc\u0103rcare, motoare puternice \u0219i tehnologii avansate. Acest model este deosebit de popular \u00een special \u00een r\u00e2ndul companiilor care trebuie s\u0103 transporte o mul\u021bime de m\u0103rfuri.<\/li>\n<\/ul>\n<\/div><\/section>","protected":false},"excerpt":{"rendered":"","protected":false},"author":3,"featured_media":0,"parent":0,"menu_order":0,"comment_status":"closed","ping_status":"closed","template":"","meta":{"_acf_changed":false,"_improvement_type_select":"improve_an_existing","_thumb_yes_seoaic":false,"_frame_yes_seoaic":false,"seoaic_generate_description":"","seoaic_improve_instructions_prompt":"","seoaic_rollback_content_improvement":"","seoaic_idea_thumbnail_generator":"","thumbnail_generated":false,"thumbnail_generate_prompt":"","seoaic_article_description":"","footnotes":""},"class_list":["post-372057","page","type-page","status-publish","hentry"],"acf":[],"yoast_head":"<!-- This site is optimized with the Yoast SEO plugin v27.3 - https:\/\/yoast.com\/product\/yoast-seo-wordpress\/ -->\n<title>Ontdek de kracht van innovatieve Renault bedrijfswagens<\/title>\n<meta name=\"description\" content=\"Renault bedrijfswagens zijn populair onder zakelijke gebruikers. Wil je weten wat de voordelen zijn van dit merk? Lees dan snel verder.\" \/>\n<meta name=\"robots\" content=\"index, follow, max-snippet:-1, max-image-preview:large, max-video-preview:-1\" \/>\n<link rel=\"canonical\" href=\"https:\/\/www.vdhurk.nl\/ro\/vehicule-comerciale-renault\/\" \/>\n<meta property=\"og:locale\" content=\"ro_RO\" \/>\n<meta property=\"og:type\" content=\"article\" \/>\n<meta property=\"og:title\" content=\"Ontdek de kracht van innovatieve Renault bedrijfswagens\" \/>\n<meta property=\"og:description\" content=\"Renault bedrijfswagens zijn populair onder zakelijke gebruikers. Wil je weten wat de voordelen zijn van dit merk? Lees dan snel verder.\" \/>\n<meta property=\"og:url\" content=\"https:\/\/www.vdhurk.nl\/ro\/vehicule-comerciale-renault\/\" \/>\n<meta property=\"og:site_name\" content=\"Van den Hurk Bedrijfswagens\" \/>\n<meta property=\"article:modified_time\" content=\"2024-04-16T12:10:18+00:00\" \/>\n<meta name=\"twitter:card\" content=\"summary_large_image\" \/>\n<meta name=\"twitter:label1\" content=\"Timp estimat pentru citire\" \/>\n\t<meta name=\"twitter:data1\" content=\"5 minute\" \/>\n<script type=\"application\/ld+json\" class=\"yoast-schema-graph\">{\"@context\":\"https:\\\/\\\/schema.org\",\"@graph\":[{\"@type\":\"WebPage\",\"@id\":\"https:\\\/\\\/www.vdhurk.nl\\\/renault-bedrijfswagens\\\/\",\"url\":\"https:\\\/\\\/www.vdhurk.nl\\\/renault-bedrijfswagens\\\/\",\"name\":\"Ontdek de kracht van innovatieve Renault bedrijfswagens\",\"isPartOf\":{\"@id\":\"https:\\\/\\\/www.vdhurk.nl\\\/#website\"},\"datePublished\":\"2024-04-15T14:15:53+00:00\",\"dateModified\":\"2024-04-16T12:10:18+00:00\",\"description\":\"Renault bedrijfswagens zijn populair onder zakelijke gebruikers. Wil je weten wat de voordelen zijn van dit merk? Lees dan snel verder.\",\"breadcrumb\":{\"@id\":\"https:\\\/\\\/www.vdhurk.nl\\\/renault-bedrijfswagens\\\/#breadcrumb\"},\"inLanguage\":\"ro-RO\",\"potentialAction\":[{\"@type\":\"ReadAction\",\"target\":[\"https:\\\/\\\/www.vdhurk.nl\\\/renault-bedrijfswagens\\\/\"]}]},{\"@type\":\"BreadcrumbList\",\"@id\":\"https:\\\/\\\/www.vdhurk.nl\\\/renault-bedrijfswagens\\\/#breadcrumb\",\"itemListElement\":[{\"@type\":\"ListItem\",\"position\":1,\"name\":\"Home\",\"item\":\"https:\\\/\\\/www.vdhurk.nl\\\/home\\\/\"},{\"@type\":\"ListItem\",\"position\":2,\"name\":\"Renault Bedrijfswagens\"}]},{\"@type\":\"WebSite\",\"@id\":\"https:\\\/\\\/www.vdhurk.nl\\\/#website\",\"url\":\"https:\\\/\\\/www.vdhurk.nl\\\/\",\"name\":\"Van den Hurk Bedrijfswagens\",\"description\":\"Van den Hurk bedrijfswagens Helmond\",\"potentialAction\":[{\"@type\":\"SearchAction\",\"target\":{\"@type\":\"EntryPoint\",\"urlTemplate\":\"https:\\\/\\\/www.vdhurk.nl\\\/?s={search_term_string}\"},\"query-input\":{\"@type\":\"PropertyValueSpecification\",\"valueRequired\":true,\"valueName\":\"search_term_string\"}}],\"inLanguage\":\"ro-RO\"}]}<\/script>\n<!-- \/ Yoast SEO plugin. -->","yoast_head_json":{"title":"Descoperi\u021bi puterea de inovare a vehiculelor comerciale Renault","description":"Vehiculele comerciale Renault sunt populare \u00een r\u00e2ndul utilizatorilor de afaceri. Vre\u021bi s\u0103 \u0219ti\u021bi care sunt avantajele acestei m\u0103rci? Atunci citi\u021bi repede mai departe.","robots":{"index":"index","follow":"follow","max-snippet":"max-snippet:-1","max-image-preview":"max-image-preview:large","max-video-preview":"max-video-preview:-1"},"canonical":"https:\/\/www.vdhurk.nl\/ro\/vehicule-comerciale-renault\/","og_locale":"ro_RO","og_type":"article","og_title":"Ontdek de kracht van innovatieve Renault bedrijfswagens","og_description":"Renault bedrijfswagens zijn populair onder zakelijke gebruikers. Wil je weten wat de voordelen zijn van dit merk? Lees dan snel verder.","og_url":"https:\/\/www.vdhurk.nl\/ro\/vehicule-comerciale-renault\/","og_site_name":"Van den Hurk Bedrijfswagens","article_modified_time":"2024-04-16T12:10:18+00:00","twitter_card":"summary_large_image","twitter_misc":{"Timp estimat pentru citire":"5 minute"},"schema":{"@context":"https:\/\/schema.org","@graph":[{"@type":"WebPage","@id":"https:\/\/www.vdhurk.nl\/renault-bedrijfswagens\/","url":"https:\/\/www.vdhurk.nl\/renault-bedrijfswagens\/","name":"Descoperi\u021bi puterea de inovare a vehiculelor comerciale Renault","isPartOf":{"@id":"https:\/\/www.vdhurk.nl\/#website"},"datePublished":"2024-04-15T14:15:53+00:00","dateModified":"2024-04-16T12:10:18+00:00","description":"Vehiculele comerciale Renault sunt populare \u00een r\u00e2ndul utilizatorilor de afaceri. Vre\u021bi s\u0103 \u0219ti\u021bi care sunt avantajele acestei m\u0103rci? Atunci citi\u021bi repede mai departe.","breadcrumb":{"@id":"https:\/\/www.vdhurk.nl\/renault-bedrijfswagens\/#breadcrumb"},"inLanguage":"ro-RO","potentialAction":[{"@type":"ReadAction","target":["https:\/\/www.vdhurk.nl\/renault-bedrijfswagens\/"]}]},{"@type":"BreadcrumbList","@id":"https:\/\/www.vdhurk.nl\/renault-bedrijfswagens\/#breadcrumb","itemListElement":[{"@type":"ListItem","position":1,"name":"Home","item":"https:\/\/www.vdhurk.nl\/home\/"},{"@type":"ListItem","position":2,"name":"Renault Bedrijfswagens"}]},{"@type":"WebSite","@id":"https:\/\/www.vdhurk.nl\/#website","url":"https:\/\/www.vdhurk.nl\/","name":"Vehicule comerciale Van den Hurk","description":"Vehicule comerciale Van den Hurk Helmond","potentialAction":[{"@type":"SearchAction","target":{"@type":"EntryPoint","urlTemplate":"https:\/\/www.vdhurk.nl\/?s={search_term_string}"},"query-input":{"@type":"PropertyValueSpecification","valueRequired":true,"valueName":"search_term_string"}}],"inLanguage":"ro-RO"}]}},"_links":{"self":[{"href":"https:\/\/www.vdhurk.nl\/ro\/wp-json\/wp\/v2\/pages\/372057","targetHints":{"allow":["GET"]}}],"collection":[{"href":"https:\/\/www.vdhurk.nl\/ro\/wp-json\/wp\/v2\/pages"}],"about":[{"href":"https:\/\/www.vdhurk.nl\/ro\/wp-json\/wp\/v2\/types\/page"}],"author":[{"embeddable":true,"href":"https:\/\/www.vdhurk.nl\/ro\/wp-json\/wp\/v2\/users\/3"}],"replies":[{"embeddable":true,"href":"https:\/\/www.vdhurk.nl\/ro\/wp-json\/wp\/v2\/comments?post=372057"}],"version-history":[{"count":5,"href":"https:\/\/www.vdhurk.nl\/ro\/wp-json\/wp\/v2\/pages\/372057\/revisions"}],"predecessor-version":[{"id":372298,"href":"https:\/\/www.vdhurk.nl\/ro\/wp-json\/wp\/v2\/pages\/372057\/revisions\/372298"}],"wp:attachment":[{"href":"https:\/\/www.vdhurk.nl\/ro\/wp-json\/wp\/v2\/media?parent=372057"}],"curies":[{"name":"wp","href":"https:\/\/api.w.org\/{rel}","templated":true}]}}