{"id":372050,"date":"2024-04-15T16:07:31","date_gmt":"2024-04-15T14:07:31","guid":{"rendered":"https:\/\/www.vdhurk.nl\/?page_id=372050"},"modified":"2024-04-16T14:08:02","modified_gmt":"2024-04-16T12:08:02","slug":"vehicule-comerciale-vauxhall","status":"publish","type":"page","link":"https:\/\/www.vdhurk.nl\/ro\/opel-bedrijfswagens\/","title":{"rendered":"Vehicule comerciale Vauxhall"},"content":{"rendered":"<section  class='av_textblock_section av-lu8gnh7d-4ac895489941e586c1d7c8cb72318135'  itemscope=\"itemscope\" itemtype=\"https:\/\/schema.org\/CreativeWork\" ><div class='avia_textblock'  itemprop=\"text\" ><h1><b>Vehiculele comerciale Vauxhall: fiabilitate la fiecare kilometru<\/b><\/h1>\n<p>De secole, Opel este un simbol al inova\u021biei \u00een lumea auto. Vehiculele comerciale Opel sunt adaptate la nevoile specifice ale utilizatorilor de afaceri. Opel ofer\u0103 nu numai solu\u021bii practice pentru mobilitatea \u00een afaceri, ci \u0219i o experien\u021b\u0103 de condus pl\u0103cut\u0103 \u0219i productiv\u0103 pentru \u0219oferi \u0219i pasageri. Aceste vehicule comerciale exceleaz\u0103 prin eficien\u021b\u0103, fiabilitate \u0219i versatilitate. Pute\u021bi g\u0103si at\u00e2t un autobuz Opel de ocazie, c\u00e2t \u0219i un model nou, \u00een selec\u021bia vast\u0103 de la Van den Hurk.<\/p>\n<\/div><\/section>\n\n<style type=\"text\/css\" data-created_by=\"avia_inline_auto\" id=\"style-css-av-lujjddpd-afa3d7a9eabd61123e643ed1228e781e\">\n#top .hr.hr-invisible.av-lujjddpd-afa3d7a9eabd61123e643ed1228e781e{\nheight:50px;\n}\n<\/style>\n<div  class='hr av-lujjddpd-afa3d7a9eabd61123e643ed1228e781e hr-invisible  avia-builder-el-1  el_after_av_textblock  el_before_av_codeblock'><span class='hr-inner'><span class=\"hr-inner-style\"><\/span><\/span><\/div>\n\n\n<style type=\"text\/css\" data-created_by=\"avia_inline_auto\" id=\"style-css-av-ah0xd-63338d9dc6b40410e22a712829c369d6\">\n#top .hr.hr-invisible.av-ah0xd-63338d9dc6b40410e22a712829c369d6{\nheight:50px;\n}\n<\/style>\n<div  class='hr av-ah0xd-63338d9dc6b40410e22a712829c369d6 hr-invisible  avia-builder-el-3  el_after_av_codeblock  el_before_av_buttonrow'><span class='hr-inner'><span class=\"hr-inner-style\"><\/span><\/span><\/div>\n<div  class='avia-buttonrow-wrap av-lujhssae-cff7d852879371e1ec58a3b104a5d229 avia-buttonrow-center  avia-builder-el-4  el_after_av_hr  el_before_av_hr'>\n\n<style type=\"text\/css\" data-created_by=\"avia_inline_auto\" id=\"style-css-av-lujhtay0-81df7672a41fe1b8c6caf8d4e93ff2aa\">\n#top #wrap_all .avia-button.av-lujhtay0-81df7672a41fe1b8c6caf8d4e93ff2aa{\nmargin-bottom:5px;\nmargin-right:3px;\nmargin-left:3px;\n}\n<\/style>\n<a href='https:\/\/www.vdhurk.nl\/ro\/vehicule-comerciale\/#q1bKTS3KVrJSyi9IzVHSUcovSkktSqoEChQUZWYV65UBZfPzC8Cc-ILEopLM5NKczNQiq5TU4mSlWgA'  class='avia-button av-lujhtay0-81df7672a41fe1b8c6caf8d4e93ff2aa avia-icon_select-yes-right-icon avia-size-x-large avia-color-theme-color'  ><span class='avia_iconbox_title' >Sunte\u021bi curio\u0219i s\u0103 afla\u021bi mai multe despre \u00eentreaga gam\u0103 de vehicule comerciale Opel? Nu ezita\u021bi s\u0103 arunca\u021bi o privire!<\/span><span class='avia_button_icon avia_button_icon_right' aria-hidden='true' data-av_icon='\ue871' data-av_iconfont='entypo-fontello'><\/span><\/a>\n<\/div>\n\n<style type=\"text\/css\" data-created_by=\"avia_inline_auto\" id=\"style-css-av-o1d5-cf77288da24053faf1b6ffbefcfc6222\">\n#top .hr.hr-invisible.av-o1d5-cf77288da24053faf1b6ffbefcfc6222{\nheight:50px;\n}\n<\/style>\n<div  class='hr av-o1d5-cf77288da24053faf1b6ffbefcfc6222 hr-invisible  avia-builder-el-5  el_after_av_buttonrow  el_before_av_textblock'><span class='hr-inner'><span class=\"hr-inner-style\"><\/span><\/span><\/div>\n<section  class='av_textblock_section av-lu8gtjw7-4f3cee9304909518d86d2860d9d582dd'  itemscope=\"itemscope\" itemtype=\"https:\/\/schema.org\/CreativeWork\" ><div class='avia_textblock'  itemprop=\"text\" ><h2><b>Istoria bogat\u0103 a companiei Opel<\/b><\/h2>\n<h3><strong>Cum a luat na\u0219tere brandul?\u00a0<\/strong><\/h3>\n<p>Opel este o marc\u0103 auto german\u0103 fondat\u0103 \u00een 1862 de Adam Opel. Compania s-a dezvoltat rapid \u0219i a devenit un juc\u0103tor important pe pia\u021ba auto german\u0103. Pe parcursul secolului XX, marca \u0219i-a extins produc\u021bia \u0219i a introdus o serie de modele populare. Chiar \u0219i atunci, marca a fost cunoscut\u0103 pentru designul s\u0103u inovator \u0219i pentru progresele tehnologice \u0219i a devenit una dintre cele mai populare m\u0103rci auto din \u00eentreaga Europ\u0103.<\/p>\n<h3><b>Evolu\u021bia de-a lungul anilor<\/b><\/h3>\n<p>Evolu\u021bia Opel de-a lungul anilor a fost foarte interesant\u0103 din punctul de vedere al inova\u021biei \u0219i al furniz\u0103rii de vehicule comerciale de \u00eenalt\u0103 calitate pentru utilizatorii de afaceri. Opel \u0219i-a \u00eenceput aventura \u00een sectorul vehiculelor comerciale. Primele modele erau robuste \u0219i fiabile, dar adesea foarte simple. Mai t\u00e2rziu, Opel a \u00eenceput s\u0103 introduc\u0103 vehicule comerciale mai avansate \u0219i mai versatile, care se adaptau mai bine la nevoile \u00een schimbare ale \u00eentreprinderilor. Folosind tehnologii avansate \u0219i interioare confortabile, autobuzele \u0219i vehiculele comerciale Opel r\u0103m\u00e2n una dintre cele mai preferate alegeri pentru clien\u021bii de afaceri din \u00eentreaga lume.<\/p>\n<h2><b>Caracteristicile vehiculelor Opel<\/b><\/h2>\n<p><span style=\"font-weight: 400;\">Vauxhall are o serie de caracteristici unice care \u00eei diferen\u021biaz\u0103 de alte m\u0103rci:\u00a0<\/span><\/p>\n<ul>\n<li aria-level=\"1\"><strong>Inginerie \u0219i m\u0103iestrie german\u0103:<\/strong> Marca este cunoscut\u0103 pentru angajamentul s\u0103u fa\u021b\u0103 de tehnologia \u0219i m\u0103iestria german\u0103 de \u00eenalt\u0103 calitate. Fiecare vehicul este dezvoltat cu aten\u021bie la detalii. Acest lucru asigur\u0103 faptul c\u0103 vehiculele comerciale nu sunt doar fiabile \u0219i durabile, ci \u0219i c\u0103 func\u021bioneaz\u0103 corespunz\u0103tor.<\/li>\n<li aria-level=\"1\"><b>Tehnici inovatoare:<\/b> Vauxhall r\u0103m\u00e2ne \u00een prima linie atunci c\u00e2nd vine vorba de evolu\u021biile tehnologice din industria auto. Marca urm\u0103re\u0219te \u00een mod constant noi tehnologii pentru a \u00eembun\u0103t\u0103\u021bi experien\u021ba de condus<\/li>\n<\/ul>\n<ul>\n<li aria-level=\"1\"><b>Interioare confortabile:<\/b> Marca consider\u0103 c\u0103 este important s\u0103 creeze un mediu confortabil \u0219i ergonomic \u00een toate vehiculele sale. Acest lucru face ca vehiculele sale comerciale s\u0103 fie, de asemenea, excelente pentru parcurgerea distan\u021belor lungi<\/li>\n<li aria-level=\"1\"><b>Abordare prietenoas\u0103 cu mediul \u00eenconjur\u0103tor: <\/b>Opel r\u0103spunde la cererea tot mai mare de mobilitate ecologic\u0103. Ofer\u0103 mai multe modele cu motoare eficiente \u0219i sisteme de propulsie alternative.<\/li>\n<\/ul>\n<ul>\n<li style=\"list-style-type: none;\"><\/li>\n<\/ul>\n<p>Toate aceste caracteristici unice fac din Vauxhall o marc\u0103 apreciat\u0103 \u0219i de \u00eencredere \u00een r\u00e2ndul clien\u021bilor de afaceri. Marca se concentreaz\u0103 pe calitate, inova\u021bie \u0219i satisfac\u021bia clien\u021bilor. \u00cen acest fel, se str\u0103duiesc s\u0103 ofere vehicule de \u00eenalt\u0103 calitate \u0219i servicii excelente.<\/p>\n<h2><b>Avantajele Vauxhall: de ce s\u0103 alege\u021bi aceste vehicule comerciale?<\/b><\/h2>\n<p>Exist\u0103 mai multe motive pentru care pute\u021bi alege Vauxhall. Aceast\u0103 alegere vine cu o serie de avantaje:<\/p>\n<h3><b>Fiabilitate<\/b><\/h3>\n<p>Opel este cunoscut pentru vehiculele sale fiabile. De-a lungul ultimelor decenii, \u0219i-au construit o reputa\u021bie puternic\u0103 pentru calitate \u0219i durabilitate. Vehiculele comerciale Opel ofer\u0103 lini\u0219te sufleteasc\u0103 utilizatorilor lor de afaceri, deoarece se pot baza pe vehiculul lor. Fie c\u0103 este vorba de distan\u021be scurte sau lungi, vehiculele Opel sunt acolo pentru dumneavoastr\u0103.<\/p>\n<h3><b>Eficien\u021b\u0103<\/b><\/h3>\n<p>To\u021bi utilizatorii de afaceri Opel sunt concepu\u021bi cu g\u00e2ndul la eficien\u021b\u0103. Fie c\u0103 este vorba de motoare eficiente din punct de vedere al consumului de combustibil, de spa\u021bii de \u00eenc\u0103rcare inteligente sau de tehnologii care ajut\u0103 la optimizarea consumului de combustibil, aceste vehicule comerciale ofer\u0103 o solu\u021bie rentabil\u0103 pentru mobilitatea \u00een afaceri.<\/p>\n<h3><b>Siguran\u021b\u0103<\/b><\/h3>\n<p>Aceast\u0103 marc\u0103 acord\u0103 o mare importan\u021b\u0103 siguran\u021bei vehiculelor sale. Acesta este motivul pentru care utilizeaz\u0103 caracteristici de siguran\u021b\u0103 avansate \u00een toate vehiculele sale. De la sisteme de siguran\u021b\u0103 activ\u0103 la sisteme de protec\u021bie pasiv\u0103, vehiculele comerciale Opel ofer\u0103 \u00eentotdeauna o experien\u021b\u0103 de conducere sigur\u0103.<\/p>\n<h3><b>Confort<\/b><\/h3>\n<p>Un vehicul confortabil este esen\u021bial, mai ales atunci c\u00e2nd sunte\u021bi \u0219ofer pe drumuri pentru o perioad\u0103 lung\u0103 de timp. Acesta este motivul pentru care vehiculele Vauxhall dispun de interioare confortabile, cu scaune ergonomice care sporesc confortul la volan. Acest lucru face ca distan\u021bele de condus s\u0103 fie mult mai pl\u0103cute.<\/p>\n<h3><b>Flexibilitate<\/b><\/h3>\n<p>Vehiculele sale comerciale sunt concepute pentru a satisface toate tipurile de nevoi comerciale diferite. Fie c\u0103 este vorba de furgonete compacte sau de vehicule comerciale mai mari, Opel are vehiculul care se potrive\u0219te diferitelor activit\u0103\u021bi comerciale.<\/p>\n<h2><b>Cump\u0103ra\u021bi sau \u00eenchiria\u021bi?<\/b><\/h2>\n<p>\u00cen calitate de dealer de vehicule comerciale Opel, oferim diverse op\u021biuni \u00een ceea ce prive\u0219te vehiculele noastre comerciale. De exemplu, pute\u021bi cump\u0103ra o furgonet\u0103 Opel. Avantajul acestui lucru este c\u0103 vehiculul este proprietatea dumneavoastr\u0103. A\u0219adar, \u00eel pute\u021bi modifica sau vinde oric\u00e2nd dori\u021bi. \u00cen plus, \u00een acest fel nu suferi\u021bi de restric\u021bii de kilometraj \u0219i nu ave\u021bi pl\u0103\u021bi lunare dup\u0103 expirarea termenului. De asemenea, este posibil s\u0103 \u00eenchiriezi un autobuz Opel. Avantajul unui <a href=\"https:\/\/www.vdhurk.nl\/ro\/leasing-financiar\/\">leasing auto pentru companii<\/a> este c\u0103, de multe ori, costurile ini\u021biale sunt mai mici dec\u00e2t atunci c\u00e2nd cump\u0103ra\u021bi. \u00cen plus, sunt incluse \u0219i costurile de \u00eentre\u021binere \u0219i repara\u021bii.<\/p>\n<\/div><\/section>","protected":false},"excerpt":{"rendered":"","protected":false},"author":3,"featured_media":0,"parent":0,"menu_order":0,"comment_status":"closed","ping_status":"closed","template":"","meta":{"_acf_changed":false,"_improvement_type_select":"improve_an_existing","_thumb_yes_seoaic":false,"_frame_yes_seoaic":false,"seoaic_generate_description":"","seoaic_improve_instructions_prompt":"","seoaic_rollback_content_improvement":"","seoaic_idea_thumbnail_generator":"","thumbnail_generated":false,"thumbnail_generate_prompt":"","seoaic_article_description":"","footnotes":""},"class_list":["post-372050","page","type-page","status-publish","hentry"],"acf":[],"yoast_head":"<!-- This site is optimized with the Yoast SEO plugin v27.3 - https:\/\/yoast.com\/product\/yoast-seo-wordpress\/ -->\n<title>Opel bedrijfswagens kopen of leasen? Ontdek het aanbod.<\/title>\n<meta name=\"description\" content=\"Bekijk het aanbod aan verschillende Opel bedrijfswagens en vind jouw geschikte wagen. Ga jij voor kopen of kies je om een bedrijfswagen te leasen?\" \/>\n<meta name=\"robots\" content=\"index, follow, max-snippet:-1, max-image-preview:large, max-video-preview:-1\" \/>\n<link rel=\"canonical\" href=\"https:\/\/www.vdhurk.nl\/ro\/vehicule-comerciale-vauxhall\/\" \/>\n<meta property=\"og:locale\" content=\"ro_RO\" \/>\n<meta property=\"og:type\" content=\"article\" \/>\n<meta property=\"og:title\" content=\"Opel bedrijfswagens kopen of leasen? Ontdek het aanbod.\" \/>\n<meta property=\"og:description\" content=\"Bekijk het aanbod aan verschillende Opel bedrijfswagens en vind jouw geschikte wagen. Ga jij voor kopen of kies je om een bedrijfswagen te leasen?\" \/>\n<meta property=\"og:url\" content=\"https:\/\/www.vdhurk.nl\/ro\/vehicule-comerciale-vauxhall\/\" \/>\n<meta property=\"og:site_name\" content=\"Van den Hurk Bedrijfswagens\" \/>\n<meta property=\"article:modified_time\" content=\"2024-04-16T12:08:02+00:00\" \/>\n<meta name=\"twitter:card\" content=\"summary_large_image\" \/>\n<meta name=\"twitter:label1\" content=\"Timp estimat pentru citire\" \/>\n\t<meta name=\"twitter:data1\" content=\"5 minute\" \/>\n<script type=\"application\/ld+json\" class=\"yoast-schema-graph\">{\"@context\":\"https:\\\/\\\/schema.org\",\"@graph\":[{\"@type\":\"WebPage\",\"@id\":\"https:\\\/\\\/www.vdhurk.nl\\\/opel-bedrijfswagens\\\/\",\"url\":\"https:\\\/\\\/www.vdhurk.nl\\\/opel-bedrijfswagens\\\/\",\"name\":\"Opel bedrijfswagens kopen of leasen? Ontdek het aanbod.\",\"isPartOf\":{\"@id\":\"https:\\\/\\\/www.vdhurk.nl\\\/#website\"},\"datePublished\":\"2024-04-15T14:07:31+00:00\",\"dateModified\":\"2024-04-16T12:08:02+00:00\",\"description\":\"Bekijk het aanbod aan verschillende Opel bedrijfswagens en vind jouw geschikte wagen. Ga jij voor kopen of kies je om een bedrijfswagen te leasen?\",\"breadcrumb\":{\"@id\":\"https:\\\/\\\/www.vdhurk.nl\\\/opel-bedrijfswagens\\\/#breadcrumb\"},\"inLanguage\":\"ro-RO\",\"potentialAction\":[{\"@type\":\"ReadAction\",\"target\":[\"https:\\\/\\\/www.vdhurk.nl\\\/opel-bedrijfswagens\\\/\"]}]},{\"@type\":\"BreadcrumbList\",\"@id\":\"https:\\\/\\\/www.vdhurk.nl\\\/opel-bedrijfswagens\\\/#breadcrumb\",\"itemListElement\":[{\"@type\":\"ListItem\",\"position\":1,\"name\":\"Home\",\"item\":\"https:\\\/\\\/www.vdhurk.nl\\\/home\\\/\"},{\"@type\":\"ListItem\",\"position\":2,\"name\":\"Opel Bedrijfswagens\"}]},{\"@type\":\"WebSite\",\"@id\":\"https:\\\/\\\/www.vdhurk.nl\\\/#website\",\"url\":\"https:\\\/\\\/www.vdhurk.nl\\\/\",\"name\":\"Van den Hurk Bedrijfswagens\",\"description\":\"Van den Hurk bedrijfswagens Helmond\",\"potentialAction\":[{\"@type\":\"SearchAction\",\"target\":{\"@type\":\"EntryPoint\",\"urlTemplate\":\"https:\\\/\\\/www.vdhurk.nl\\\/?s={search_term_string}\"},\"query-input\":{\"@type\":\"PropertyValueSpecification\",\"valueRequired\":true,\"valueName\":\"search_term_string\"}}],\"inLanguage\":\"ro-RO\"}]}<\/script>\n<!-- \/ Yoast SEO plugin. -->","yoast_head_json":{"title":"Cump\u0103ra\u021bi sau \u00eenchiria\u021bi vehicule comerciale Vauxhall? Descoperi\u021bi oferta.","description":"Consulta\u021bi gama de vehicule comerciale Vauxhall \u0219i g\u0103si\u021bi vehiculul potrivit pentru dumneavoastr\u0103. Ve\u021bi cump\u0103ra sau ve\u021bi alege s\u0103 \u00eenchiria\u021bi un vehicul comercial?","robots":{"index":"index","follow":"follow","max-snippet":"max-snippet:-1","max-image-preview":"max-image-preview:large","max-video-preview":"max-video-preview:-1"},"canonical":"https:\/\/www.vdhurk.nl\/ro\/vehicule-comerciale-vauxhall\/","og_locale":"ro_RO","og_type":"article","og_title":"Opel bedrijfswagens kopen of leasen? Ontdek het aanbod.","og_description":"Bekijk het aanbod aan verschillende Opel bedrijfswagens en vind jouw geschikte wagen. Ga jij voor kopen of kies je om een bedrijfswagen te leasen?","og_url":"https:\/\/www.vdhurk.nl\/ro\/vehicule-comerciale-vauxhall\/","og_site_name":"Van den Hurk Bedrijfswagens","article_modified_time":"2024-04-16T12:08:02+00:00","twitter_card":"summary_large_image","twitter_misc":{"Timp estimat pentru citire":"5 minute"},"schema":{"@context":"https:\/\/schema.org","@graph":[{"@type":"WebPage","@id":"https:\/\/www.vdhurk.nl\/opel-bedrijfswagens\/","url":"https:\/\/www.vdhurk.nl\/opel-bedrijfswagens\/","name":"Cump\u0103ra\u021bi sau \u00eenchiria\u021bi vehicule comerciale Vauxhall? Descoperi\u021bi oferta.","isPartOf":{"@id":"https:\/\/www.vdhurk.nl\/#website"},"datePublished":"2024-04-15T14:07:31+00:00","dateModified":"2024-04-16T12:08:02+00:00","description":"Consulta\u021bi gama de vehicule comerciale Vauxhall \u0219i g\u0103si\u021bi vehiculul potrivit pentru dumneavoastr\u0103. Ve\u021bi cump\u0103ra sau ve\u021bi alege s\u0103 \u00eenchiria\u021bi un vehicul comercial?","breadcrumb":{"@id":"https:\/\/www.vdhurk.nl\/opel-bedrijfswagens\/#breadcrumb"},"inLanguage":"ro-RO","potentialAction":[{"@type":"ReadAction","target":["https:\/\/www.vdhurk.nl\/opel-bedrijfswagens\/"]}]},{"@type":"BreadcrumbList","@id":"https:\/\/www.vdhurk.nl\/opel-bedrijfswagens\/#breadcrumb","itemListElement":[{"@type":"ListItem","position":1,"name":"Home","item":"https:\/\/www.vdhurk.nl\/home\/"},{"@type":"ListItem","position":2,"name":"Opel Bedrijfswagens"}]},{"@type":"WebSite","@id":"https:\/\/www.vdhurk.nl\/#website","url":"https:\/\/www.vdhurk.nl\/","name":"Vehicule comerciale Van den Hurk","description":"Vehicule comerciale Van den Hurk Helmond","potentialAction":[{"@type":"SearchAction","target":{"@type":"EntryPoint","urlTemplate":"https:\/\/www.vdhurk.nl\/?s={search_term_string}"},"query-input":{"@type":"PropertyValueSpecification","valueRequired":true,"valueName":"search_term_string"}}],"inLanguage":"ro-RO"}]}},"_links":{"self":[{"href":"https:\/\/www.vdhurk.nl\/ro\/wp-json\/wp\/v2\/pages\/372050","targetHints":{"allow":["GET"]}}],"collection":[{"href":"https:\/\/www.vdhurk.nl\/ro\/wp-json\/wp\/v2\/pages"}],"about":[{"href":"https:\/\/www.vdhurk.nl\/ro\/wp-json\/wp\/v2\/types\/page"}],"author":[{"embeddable":true,"href":"https:\/\/www.vdhurk.nl\/ro\/wp-json\/wp\/v2\/users\/3"}],"replies":[{"embeddable":true,"href":"https:\/\/www.vdhurk.nl\/ro\/wp-json\/wp\/v2\/comments?post=372050"}],"version-history":[{"count":6,"href":"https:\/\/www.vdhurk.nl\/ro\/wp-json\/wp\/v2\/pages\/372050\/revisions"}],"predecessor-version":[{"id":372295,"href":"https:\/\/www.vdhurk.nl\/ro\/wp-json\/wp\/v2\/pages\/372050\/revisions\/372295"}],"wp:attachment":[{"href":"https:\/\/www.vdhurk.nl\/ro\/wp-json\/wp\/v2\/media?parent=372050"}],"curies":[{"name":"wp","href":"https:\/\/api.w.org\/{rel}","templated":true}]}}