{"id":370581,"date":"2024-04-16T14:08:59","date_gmt":"2024-04-16T12:08:59","guid":{"rendered":"https:\/\/www.vdhurk.nl\/?page_id=370581"},"modified":"2024-04-16T14:09:23","modified_gmt":"2024-04-16T12:09:23","slug":"peugeot-vehicule-comerciale","status":"publish","type":"page","link":"https:\/\/www.vdhurk.nl\/ro\/peugeot-bedrijfswagens\/","title":{"rendered":"Vehicule comerciale Peugeot"},"content":{"rendered":"<section  class='av_textblock_section av-lu8gnh7d-4ac895489941e586c1d7c8cb72318135'  itemscope=\"itemscope\" itemtype=\"https:\/\/schema.org\/CreativeWork\" ><div class='avia_textblock'  itemprop=\"text\" ><h1>Conducerea spre succes cu vehiculele comerciale Peugeot<\/h1>\n<p>Vehiculele comerciale Peugeot sunt excelente pentru utilizatorii de afaceri. Fie c\u0103 circula\u021bi zilnic \u00een traficul aglomerat din ora\u0219, parcurge\u021bi distan\u021be lungi pe autostrad\u0103 sau sunte\u021bi ocupat pe \u0219antierele de construc\u021bii, Peugeot ofer\u0103 o solu\u021bie pentru fiecare aplica\u021bie. Van den Hurk are sub acela\u0219i acoperi\u0219 diferite tipuri de vehicule comerciale de la aceast\u0103 marc\u0103. Astfel, ve\u021bi g\u0103si \u00eentotdeauna potrivirea perfect\u0103 pentru nevoile afacerii dumneavoastr\u0103.<\/p>\n<\/div><\/section>\n\n<style type=\"text\/css\" data-created_by=\"avia_inline_auto\" id=\"style-css-av-lujjddpd-afa3d7a9eabd61123e643ed1228e781e\">\n#top .hr.hr-invisible.av-lujjddpd-afa3d7a9eabd61123e643ed1228e781e{\nheight:50px;\n}\n<\/style>\n<div  class='hr av-lujjddpd-afa3d7a9eabd61123e643ed1228e781e hr-invisible  avia-builder-el-1  el_after_av_textblock  el_before_av_codeblock'><span class='hr-inner'><span class=\"hr-inner-style\"><\/span><\/span><\/div>\n\n\n<style type=\"text\/css\" data-created_by=\"avia_inline_auto\" id=\"style-css-av-ah0xd-63338d9dc6b40410e22a712829c369d6\">\n#top .hr.hr-invisible.av-ah0xd-63338d9dc6b40410e22a712829c369d6{\nheight:50px;\n}\n<\/style>\n<div  class='hr av-ah0xd-63338d9dc6b40410e22a712829c369d6 hr-invisible  avia-builder-el-3  el_after_av_codeblock  el_before_av_buttonrow'><span class='hr-inner'><span class=\"hr-inner-style\"><\/span><\/span><\/div>\n<div  class='avia-buttonrow-wrap av-lujhssae-cff7d852879371e1ec58a3b104a5d229 avia-buttonrow-center  avia-builder-el-4  el_after_av_hr  el_before_av_hr'>\n\n<style type=\"text\/css\" data-created_by=\"avia_inline_auto\" id=\"style-css-av-lujhtay0-9b18704c776ba6fc9d37e1c1e0e9f10b\">\n#top #wrap_all .avia-button.av-lujhtay0-9b18704c776ba6fc9d37e1c1e0e9f10b{\nmargin-bottom:5px;\nmargin-right:3px;\nmargin-left:3px;\n}\n<\/style>\n<a href='https:\/\/www.vdhurk.nl\/ro\/vehicule-comerciale\/#q1bKTS3KVrJSKkgtTU_NL1HSUcovSkktSqoEiRVlZhXrlQEV5OcXgDnxBYlFJZnJpTmZqUVWKanFyUq1AA'  class='avia-button av-lujhtay0-9b18704c776ba6fc9d37e1c1e0e9f10b avia-icon_select-yes-right-icon avia-size-x-large avia-color-theme-color'  ><span class='avia_iconbox_title' >Sunte\u021bi curio\u0219i \u00een leg\u0103tur\u0103 cu \u00eentreaga gam\u0103 de vehicule comerciale Peugeot? Nu ezita\u021bi s\u0103 arunca\u021bi o privire!<\/span><span class='avia_button_icon avia_button_icon_right' aria-hidden='true' data-av_icon='\ue871' data-av_iconfont='entypo-fontello'><\/span><\/a>\n<\/div>\n\n<style type=\"text\/css\" data-created_by=\"avia_inline_auto\" id=\"style-css-av-o1d5-cf77288da24053faf1b6ffbefcfc6222\">\n#top .hr.hr-invisible.av-o1d5-cf77288da24053faf1b6ffbefcfc6222{\nheight:50px;\n}\n<\/style>\n<div  class='hr av-o1d5-cf77288da24053faf1b6ffbefcfc6222 hr-invisible  avia-builder-el-5  el_after_av_buttonrow  el_before_av_textblock'><span class='hr-inner'><span class=\"hr-inner-style\"><\/span><\/span><\/div>\n<section  class='av_textblock_section av-lu8gtjw7-4f3cee9304909518d86d2860d9d582dd'  itemscope=\"itemscope\" itemtype=\"https:\/\/schema.org\/CreativeWork\" ><div class='avia_textblock'  itemprop=\"text\" ><h2><b>Crearea \u0219i evolu\u021bia Peugeot<\/b><\/h2>\n<p>Peugeot este una dintre cele mai vechi m\u0103rci de ma\u0219ini din lume care a supravie\u021buit \u0219i are o istorie bogat\u0103. De atunci, Peugeot a devenit un produc\u0103tor de top de automobile \u0219i vehicule comerciale, pun\u00e2nd accentul pe inova\u021bie \u0219i m\u0103iestrie. De-a lungul anilor, Peugeot \u0219i-a extins oferta la o gam\u0103 larg\u0103 de vehicule diferite. \u00cen ultimii ani, marca s-a concentrat, de asemenea, pe electrificare \u0219i sustenabilitate. Prin inova\u021bie \u0219i angajamentul fa\u021b\u0103 de calitate, Peugeot r\u0103m\u00e2ne una dintre cele mai recunoscute \u0219i respectate m\u0103rci auto din \u00eentreaga lume.<\/p>\n<h2><b>Alegerea Peugeot: care sunt avantajele? <\/b><\/h2>\n<p><b><\/b>Autobuzele \u0219i vehiculele comerciale Peugeot sunt o alegere foarte potrivit\u0103 pentru utilizatorii de afaceri. Acest lucru se datoreaz\u0103 numeroaselor lor avantaje:<\/p>\n<ul>\n<li><b>Fiabilitate: <\/b>Vehiculele comerciale Peugeot sunt cunoscute pentru fiabilitatea \u0219i longevitatea lor. Companiile se pot baza pe aceast\u0103 marc\u0103 \u00een orice moment, at\u00e2t pe distan\u021be scurte, c\u00e2t \u0219i pe distan\u021be lungi. Peugeot v\u0103 duce de la a la b, f\u0103r\u0103 probleme tehnice.<\/li>\n<li><b>Eficien\u021b\u0103: <\/b>Autoturismele de business ale m\u0103rcii sunt proiectate cu g\u00e2ndul la eficien\u021b\u0103. Acest lucru \u00eenseamn\u0103 c\u0103 sunt eficiente din punct de vedere al consumului de combustibil \u0219i necesit\u0103 pu\u021bin\u0103 \u00eentre\u021binere. Aceste capacit\u0103\u021bi ajut\u0103 companiile s\u0103 reduc\u0103 costurile opera\u021bionale \u0219i s\u0103 \u00eembun\u0103t\u0103\u021beasc\u0103 profitabilitatea.<\/li>\n<li><b>Securitate: <\/b>Siguran\u021ba este pe primul loc la Peugeot. Acest lucru este valabil \u0219i pentru vehiculele lor comerciale. Cu caracteristici avansate de siguran\u021b\u0103 \u0219i sisteme de asisten\u021b\u0103 la condus, vehiculele comerciale Peugeot ofer\u0103 lini\u0219te at\u00e2t \u0219oferului, c\u00e2t \u0219i pasagerilor.<\/li>\n<li><b>Flexibilitate: <\/b>Ma\u0219inile de afaceri sunt disponibile \u00een diferite modele \u0219i configura\u021bii. Acest lucru le permite s\u0103 satisfac\u0103 diversele nevoi ale \u00eentreprinderilor. Peugeot are vehiculul potrivit pentru fiecare afacere.<\/li>\n<li><b>Confort \u0219i conectivitate: <\/b>Beneficia\u021bi nu numai de avantaje practice, ci \u0219i de confort \u0219i conectivitate at\u00e2t pentru \u0219ofer, c\u00e2t \u0219i pentru pasager. Vehiculele dispun de interioare moderne, scaune ergonomice \u0219i sisteme avansate. Acest lucru face ca fiecare c\u0103l\u0103torie cu ma\u0219ina Peugeot s\u0103 fie pl\u0103cut\u0103 \u0219i productiv\u0103.<\/li>\n<\/ul>\n<h2><b>Utilizarea comercial\u0103 a Peugeot<\/b><\/h2>\n<p>Vehiculele comerciale Peugeot sunt folosite \u00een \u00eentreaga lume de companii din diferite industrii \u0219i, prin urmare, pentru o varietate de scopuri comerciale. De exemplu, multe companii folosesc vehiculele comerciale pentru transport \u0219i distribu\u021bie. \u00cen plus, vehiculele comerciale sunt utilizate pentru servicii de afaceri, cum ar fi lucr\u0103rile de instalare. Interioarele confortabile, tehnologia avansat\u0103 \u0219i spa\u021biile de \u00eenc\u0103rcare versatile fac ca vehiculele comerciale s\u0103 fie ideale pentru \u00eendeplinirea sarcinilor pe \u0219osea. \u00cen plus, aceste vehicule comerciale joac\u0103 un rol \u00een activit\u0103\u021bile logistice \u0219i opera\u021bionale ale companiilor.<\/p>\n<h2><b>Opta\u021bi pentru nou sau second-hand?<\/b><\/h2>\n<p>La Van den Hurk, pute\u021bi alege at\u00e2t autobuze Peugeot noi, c\u00e2t \u0219i second-hand. Vehiculele noi ofer\u0103 cele mai noi tehnologii \u0219i performan\u021be pentru a r\u0103spunde nevoilor moderne ale \u00eentreprinderilor. \u00centreprinderile beneficiaz\u0103 de un vehicul fiabil \u0219i versatil, echipat cu caracteristici de siguran\u021b\u0103 excelente \u0219i motoare puternice. Un autobuz Peugeot de ocazie ofer\u0103 o alternativ\u0103 accesibil\u0103 pentru companiile care caut\u0103 vehicule comerciale de calitate la un pre\u021b relativ mai mic. Aceast\u0103 op\u021biune permite \u00een continuare \u00eentreprinderilor s\u0103 utilizeze un vehicul performant \u0219i fiabil.<\/p>\n<h2><b>Diferite modele<\/b><\/h2>\n<p>Peugeot ofer\u0103 diferite modele de vehicule comerciale potrivite pentru utilizarea \u00een afaceri. \u00cen calitate de dealer de vehicule comerciale Peugeot, \u00een cadrul gamei noastre ve\u021bi g\u0103si:<\/p>\n<ul>\n<li><strong>Peugeot boxer ocazie<\/strong>: Acest model este o furgonet\u0103 de mari dimensiuni, potrivit\u0103 pentru \u00eenc\u0103rc\u0103turi grele \u0219i distan\u021be lungi. Cu o construc\u021bie robust\u0103 \u0219i motoare puternice, vehiculul poate transporta unit\u0103\u021bi mari de m\u0103rfuri cu u\u0219urin\u021b\u0103 \u0219i eficien\u021b\u0103.<\/li>\n<li><strong>Ocazie pentru partenerul Peugeot:<\/strong> este o furgonet\u0103 compact\u0103 cunoscut\u0103 pentru versatilitatea \u0219i u\u0219urin\u021ba de utilizare. Cu o zon\u0103 de \u00eenc\u0103rcare spa\u021bioas\u0103 \u0219i mai ales caracteristici convenabile, acest model este excelent pentru livr\u0103ri \u00een ora\u0219 \u0219i activit\u0103\u021bi de afaceri, de exemplu.<\/li>\n<li><strong>Ocazie de expert Peugeot:<\/strong> aceast\u0103 furgonet\u0103 de dimensiuni medii exceleaz\u0103 \u00een materie de confort \u0219i performan\u021b\u0103. \u00cen plus, acest model ofer\u0103 op\u021biuni pentru diverse aplica\u021bii de afaceri.<\/li>\n<\/ul>\n<h2><b>Beneficia\u021bi de calitate \u0219i servicii<\/b><\/h2>\n<p>La Van den Hurk, ve\u021bi g\u0103si diverse vehicule comerciale pentru uz comercial. La noi, sunte\u021bi asigurat de vehicule comerciale fiabile \u0219i orientate spre calitate. \u00cen plus, pute\u021bi \u00eenchiria sau cump\u0103ra un autobuz Peugeot. V\u0103 vom ajuta cu pl\u0103cere s\u0103 g\u0103si\u021bi cea mai bun\u0103 op\u021biune pentru scopurile dumneavoastr\u0103.<\/p>\n<\/div><\/section>","protected":false},"excerpt":{"rendered":"","protected":false},"author":3,"featured_media":0,"parent":0,"menu_order":0,"comment_status":"closed","ping_status":"closed","template":"","meta":{"_acf_changed":false,"_improvement_type_select":"improve_an_existing","_thumb_yes_seoaic":false,"_frame_yes_seoaic":false,"seoaic_generate_description":"","seoaic_improve_instructions_prompt":"","seoaic_rollback_content_improvement":"","seoaic_idea_thumbnail_generator":"","thumbnail_generated":false,"thumbnail_generate_prompt":"","seoaic_article_description":"","footnotes":""},"class_list":["post-370581","page","type-page","status-publish","hentry"],"acf":[],"yoast_head":"<!-- This site is optimized with the Yoast SEO plugin v27.5 - https:\/\/yoast.com\/product\/yoast-seo-wordpress\/ -->\n<title>Peugeot bedrijfswagens: d\u00e9 match voor je zakelijke behoeften!<\/title>\n<meta name=\"description\" content=\"Rijd vooruit met Peugeot bedrijfswagens: effici\u00ebntie, innovatie en betrouwbaarheid in \u00e9\u00e9n! Ontdek het ruime aanbod van Peugeot.\" \/>\n<meta name=\"robots\" content=\"index, follow, max-snippet:-1, max-image-preview:large, max-video-preview:-1\" \/>\n<link rel=\"canonical\" href=\"https:\/\/www.vdhurk.nl\/ro\/peugeot-vehicule-comerciale\/\" \/>\n<meta property=\"og:locale\" content=\"ro_RO\" \/>\n<meta property=\"og:type\" content=\"article\" \/>\n<meta property=\"og:title\" content=\"Peugeot bedrijfswagens: d\u00e9 match voor je zakelijke behoeften!\" \/>\n<meta property=\"og:description\" content=\"Rijd vooruit met Peugeot bedrijfswagens: effici\u00ebntie, innovatie en betrouwbaarheid in \u00e9\u00e9n! Ontdek het ruime aanbod van Peugeot.\" \/>\n<meta property=\"og:url\" content=\"https:\/\/www.vdhurk.nl\/ro\/peugeot-vehicule-comerciale\/\" \/>\n<meta property=\"og:site_name\" content=\"Van den Hurk Bedrijfswagens\" \/>\n<meta property=\"article:modified_time\" content=\"2024-04-16T12:09:23+00:00\" \/>\n<meta name=\"twitter:card\" content=\"summary_large_image\" \/>\n<meta name=\"twitter:label1\" content=\"Timp estimat pentru citire\" \/>\n\t<meta name=\"twitter:data1\" content=\"5 minute\" \/>\n<script type=\"application\/ld+json\" class=\"yoast-schema-graph\">{\"@context\":\"https:\\\/\\\/schema.org\",\"@graph\":[{\"@type\":\"WebPage\",\"@id\":\"https:\\\/\\\/www.vdhurk.nl\\\/peugeot-bedrijfswagens\\\/\",\"url\":\"https:\\\/\\\/www.vdhurk.nl\\\/peugeot-bedrijfswagens\\\/\",\"name\":\"Peugeot bedrijfswagens: d\u00e9 match voor je zakelijke behoeften!\",\"isPartOf\":{\"@id\":\"https:\\\/\\\/www.vdhurk.nl\\\/#website\"},\"datePublished\":\"2024-04-16T12:08:59+00:00\",\"dateModified\":\"2024-04-16T12:09:23+00:00\",\"description\":\"Rijd vooruit met Peugeot bedrijfswagens: effici\u00ebntie, innovatie en betrouwbaarheid in \u00e9\u00e9n! Ontdek het ruime aanbod van Peugeot.\",\"breadcrumb\":{\"@id\":\"https:\\\/\\\/www.vdhurk.nl\\\/peugeot-bedrijfswagens\\\/#breadcrumb\"},\"inLanguage\":\"ro-RO\",\"potentialAction\":[{\"@type\":\"ReadAction\",\"target\":[\"https:\\\/\\\/www.vdhurk.nl\\\/peugeot-bedrijfswagens\\\/\"]}]},{\"@type\":\"BreadcrumbList\",\"@id\":\"https:\\\/\\\/www.vdhurk.nl\\\/peugeot-bedrijfswagens\\\/#breadcrumb\",\"itemListElement\":[{\"@type\":\"ListItem\",\"position\":1,\"name\":\"Home\",\"item\":\"https:\\\/\\\/www.vdhurk.nl\\\/home\\\/\"},{\"@type\":\"ListItem\",\"position\":2,\"name\":\"Peugeot Bedrijfswagens\"}]},{\"@type\":\"WebSite\",\"@id\":\"https:\\\/\\\/www.vdhurk.nl\\\/#website\",\"url\":\"https:\\\/\\\/www.vdhurk.nl\\\/\",\"name\":\"Van den Hurk Bedrijfswagens\",\"description\":\"Van den Hurk bedrijfswagens Helmond\",\"potentialAction\":[{\"@type\":\"SearchAction\",\"target\":{\"@type\":\"EntryPoint\",\"urlTemplate\":\"https:\\\/\\\/www.vdhurk.nl\\\/?s={search_term_string}\"},\"query-input\":{\"@type\":\"PropertyValueSpecification\",\"valueRequired\":true,\"valueName\":\"search_term_string\"}}],\"inLanguage\":\"ro-RO\"}]}<\/script>\n<!-- \/ Yoast SEO plugin. -->","yoast_head_json":{"title":"Vehiculele comerciale Peugeot: se potrivesc nevoilor afacerii dumneavoastr\u0103!","description":"Merge\u021bi \u00eenainte cu vehiculele comerciale Peugeot: eficien\u021b\u0103, inova\u021bie \u0219i fiabilitate, toate \u00eentr-unul singur! Descoperi\u021bi gama larg\u0103 de vehicule Peugeot.","robots":{"index":"index","follow":"follow","max-snippet":"max-snippet:-1","max-image-preview":"max-image-preview:large","max-video-preview":"max-video-preview:-1"},"canonical":"https:\/\/www.vdhurk.nl\/ro\/peugeot-vehicule-comerciale\/","og_locale":"ro_RO","og_type":"article","og_title":"Peugeot bedrijfswagens: d\u00e9 match voor je zakelijke behoeften!","og_description":"Rijd vooruit met Peugeot bedrijfswagens: effici\u00ebntie, innovatie en betrouwbaarheid in \u00e9\u00e9n! Ontdek het ruime aanbod van Peugeot.","og_url":"https:\/\/www.vdhurk.nl\/ro\/peugeot-vehicule-comerciale\/","og_site_name":"Van den Hurk Bedrijfswagens","article_modified_time":"2024-04-16T12:09:23+00:00","twitter_card":"summary_large_image","twitter_misc":{"Timp estimat pentru citire":"5 minute"},"schema":{"@context":"https:\/\/schema.org","@graph":[{"@type":"WebPage","@id":"https:\/\/www.vdhurk.nl\/peugeot-bedrijfswagens\/","url":"https:\/\/www.vdhurk.nl\/peugeot-bedrijfswagens\/","name":"Vehiculele comerciale Peugeot: se potrivesc nevoilor afacerii dumneavoastr\u0103!","isPartOf":{"@id":"https:\/\/www.vdhurk.nl\/#website"},"datePublished":"2024-04-16T12:08:59+00:00","dateModified":"2024-04-16T12:09:23+00:00","description":"Merge\u021bi \u00eenainte cu vehiculele comerciale Peugeot: eficien\u021b\u0103, inova\u021bie \u0219i fiabilitate, toate \u00eentr-unul singur! Descoperi\u021bi gama larg\u0103 de vehicule Peugeot.","breadcrumb":{"@id":"https:\/\/www.vdhurk.nl\/peugeot-bedrijfswagens\/#breadcrumb"},"inLanguage":"ro-RO","potentialAction":[{"@type":"ReadAction","target":["https:\/\/www.vdhurk.nl\/peugeot-bedrijfswagens\/"]}]},{"@type":"BreadcrumbList","@id":"https:\/\/www.vdhurk.nl\/peugeot-bedrijfswagens\/#breadcrumb","itemListElement":[{"@type":"ListItem","position":1,"name":"Home","item":"https:\/\/www.vdhurk.nl\/home\/"},{"@type":"ListItem","position":2,"name":"Peugeot Bedrijfswagens"}]},{"@type":"WebSite","@id":"https:\/\/www.vdhurk.nl\/#website","url":"https:\/\/www.vdhurk.nl\/","name":"Vehicule comerciale Van den Hurk","description":"Vehicule comerciale Van den Hurk Helmond","potentialAction":[{"@type":"SearchAction","target":{"@type":"EntryPoint","urlTemplate":"https:\/\/www.vdhurk.nl\/?s={search_term_string}"},"query-input":{"@type":"PropertyValueSpecification","valueRequired":true,"valueName":"search_term_string"}}],"inLanguage":"ro-RO"}]}},"_links":{"self":[{"href":"https:\/\/www.vdhurk.nl\/ro\/wp-json\/wp\/v2\/pages\/370581","targetHints":{"allow":["GET"]}}],"collection":[{"href":"https:\/\/www.vdhurk.nl\/ro\/wp-json\/wp\/v2\/pages"}],"about":[{"href":"https:\/\/www.vdhurk.nl\/ro\/wp-json\/wp\/v2\/types\/page"}],"author":[{"embeddable":true,"href":"https:\/\/www.vdhurk.nl\/ro\/wp-json\/wp\/v2\/users\/3"}],"replies":[{"embeddable":true,"href":"https:\/\/www.vdhurk.nl\/ro\/wp-json\/wp\/v2\/comments?post=370581"}],"version-history":[{"count":7,"href":"https:\/\/www.vdhurk.nl\/ro\/wp-json\/wp\/v2\/pages\/370581\/revisions"}],"predecessor-version":[{"id":372297,"href":"https:\/\/www.vdhurk.nl\/ro\/wp-json\/wp\/v2\/pages\/370581\/revisions\/372297"}],"wp:attachment":[{"href":"https:\/\/www.vdhurk.nl\/ro\/wp-json\/wp\/v2\/media?parent=370581"}],"curies":[{"name":"wp","href":"https:\/\/api.w.org\/{rel}","templated":true}]}}