{"id":112189,"date":"2023-02-15T10:20:41","date_gmt":"2023-02-15T10:20:41","guid":{"rendered":"https:\/\/vdhurk.bonsaidev.nl\/?page_id=112189"},"modified":"2023-04-26T10:55:39","modified_gmt":"2023-04-26T10:55:39","slug":"dezmintire","status":"publish","type":"page","link":"https:\/\/www.vdhurk.nl\/ro\/disclaimer\/","title":{"rendered":"Disclaimer"},"content":{"rendered":"<div id='av_section_1'  class='avia-section av-l07jud9-fb2626fe5dc081bb3e8ce5aa01c5b1d0 main_color avia-section-default avia-no-border-styling  avia-builder-el-0  avia-builder-el-no-sibling  avia-bg-style-scroll container_wrap fullsize'  ><div class='container av-section-cont-open' ><main  role=\"main\" itemprop=\"mainContentOfPage\"  class='template-page content  av-content-full alpha units'><div class='post-entry post-entry-type-page post-entry-112189'><div class='entry-content-wrapper clearfix'>\n<div class='flex_column av-ezk5dod-104967efc1d151473a665f425ae13514 av_three_fifth  avia-builder-el-1  el_before_av_two_fifth  avia-builder-el-first  first flex_column_div'   ><style type=\"text\/css\" data-created_by=\"avia_inline_auto\" id=\"style-css-av-le5ivnm3-ff26881d34d40773f4591b2178147ad4\">\n#top .av_textblock_section.av-le5ivnm3-ff26881d34d40773f4591b2178147ad4 .avia_textblock{\nfont-size:19px;\n}\n<\/style>\n<section  class='av_textblock_section av-le5ivnm3-ff26881d34d40773f4591b2178147ad4'  itemscope=\"itemscope\" itemtype=\"https:\/\/schema.org\/CreativeWork\" ><div class='avia_textblock av_inherit_color'  itemprop=\"text\" ><h1>Disclaimer<\/h1>\n<p>\u00cen ciuda grijii \u0219i aten\u021biei constante pe care o acord\u0103m compozi\u021biei acestui site \u0219i informa\u021biilor pe care le con\u021bine, Van den Hurk bedrijfswagens nu poate garanta caracterul complet, exactitatea sau actualitatea continu\u0103 a datelor \u0219i a con\u021binutului site-ului. Prin urmare, Van den Hurk bedrijfswagens nu \u00ee\u0219i asum\u0103 nicio r\u0103spundere pentru orice daune directe sau indirecte, indiferent de natura lor, care rezult\u0103 din sau sunt legate \u00een vreun fel de utilizarea site-ului sau de (in)accesibilitatea acestuia.<\/p>\n<p>Declara\u021biile \u0219i opiniile exprimate \u00een articolele \u0219i comunic\u0103rile de pe paginile acestui site sunt cele ale autorului (autorilor) \u0219i nu (neap\u0103rat) ale webmasterului, ale furnizorului de servicii de internet sau ale van den hurk Bedrijfswagens nu pot fi considerate responsabile \u00een niciun fel pentru con\u021binutul acestora \u0219i nu pot fi r\u0103spunz\u0103toare pentru niciun prejudiciu direct sau indirect care ar putea rezulta din expresiile respective.<\/p>\n<p>Van den Hurk bedrijfswagens nu poate garanta c\u0103 informa\u021biile de pe acest site sunt adecvate pentru scopul pentru care le consulta\u021bi. Toate informa\u021biile, produsele \u0219i serviciile sunt oferite \u00een starea \u00een care se afl\u0103 \u00een realitate \u0219i f\u0103r\u0103 nicio garan\u021bie (implicit\u0103) privind soliditatea, adecvarea la un anumit scop sau \u00een alt mod.<\/p>\n<p>Pre\u021burile \u0219i calculele pot fi diferite de realitate. Pre\u021burile sau calculele men\u021bionate de van de Hurk bedrijfswagens \u00ee\u0219i rezerv\u0103 dreptul de a ajusta aceste pre\u021buri sau refrac\u021bii pentru a asigura un pre\u021b sau un calcul corect.   Pentru certitudinea unui pre\u021b sau a unui calcul pute\u021bi oric\u00e2nd s\u0103 ne contacta\u021bi.<\/p>\n<h2>Leg\u0103turi c\u0103tre alte site-uri web<\/h2>\n<p>Acest site con\u021bine o serie de linkuri c\u0103tre alte site-uri web. Van den Hurk bedrijfswagensr nu este responsabil pentru con\u021binutul acestor site-uri \u0219i\/sau pentru modul \u00een care aceste site-uri trateaz\u0103 datele dumneavoastr\u0103 (personale). V\u0103 rug\u0103m s\u0103 citi\u021bi politica de confiden\u021bialitate, clauza de renun\u021bare la r\u0103spundere, notificarea privind drepturile de autor \u0219i termenii \u0219i condi\u021biile generale, dac\u0103 exist\u0103, ale site-ului pe care \u00eel vizita\u021bi.<\/p>\n<\/div><\/section><\/div><div class='flex_column av-15huzct-f68654b50c5fdded53d9fa508f758587 av_two_fifth  avia-builder-el-3  el_after_av_three_fifth  avia-builder-el-last  flex_column_div'   ><style type=\"text\/css\" data-created_by=\"avia_inline_auto\" id=\"style-css-av-8yyj7st-e199307906049af1393da61d6d9b3e6f\">\n.avia-video.av-8yyj7st-e199307906049af1393da61d6d9b3e6f{\nbackground-image:url(https:\/\/www.vdhurk.nl\/wp-content\/uploads\/2023\/04\/Thumbnail-Over-Van-Den-Hurk-300x169.jpg);\n}\n<\/style>\n<div  class='avia-video av-8yyj7st-e199307906049af1393da61d6d9b3e6f avia-video-16-9 av-preview-image avia-video-load-always av-lazyload-immediate av-lazyload-video-embed'  itemprop=\"video\" itemtype=\"https:\/\/schema.org\/VideoObject\"  data-original_url='https:\/\/www.youtube.com\/watch?v=9fT_2naEIwI'><script type='text\/html' class='av-video-tmpl'><div class='avia-iframe-wrap'><iframe loading=\"lazy\" title=\"van den hurk promo\" width=\"1500\" height=\"844\" src=\"https:\/\/www.youtube.com\/embed\/9fT_2naEIwI?feature=oembed&autoplay=1&loop=0&controls=1&mute=1\" frameborder=\"0\" allow=\"accelerometer; autoplay; clipboard-write; encrypted-media; gyroscope; picture-in-picture; web-share\" allowfullscreen><\/iframe><\/div><\/script><div class='av-click-to-play-overlay'><div class=\"avia_playpause_icon\"><\/div><\/div><\/div><\/div>","protected":false},"excerpt":{"rendered":"","protected":false},"author":1,"featured_media":0,"parent":0,"menu_order":0,"comment_status":"closed","ping_status":"closed","template":"","meta":{"_acf_changed":false,"_improvement_type_select":"improve_an_existing","_thumb_yes_seoaic":false,"_frame_yes_seoaic":false,"seoaic_generate_description":"","seoaic_improve_instructions_prompt":"","seoaic_rollback_content_improvement":"","seoaic_idea_thumbnail_generator":"","thumbnail_generated":false,"thumbnail_generate_prompt":"","seoaic_article_description":"","footnotes":""},"class_list":["post-112189","page","type-page","status-publish","hentry"],"acf":[],"yoast_head":"<!-- This site is optimized with the Yoast SEO plugin v27.5 - https:\/\/yoast.com\/product\/yoast-seo-wordpress\/ -->\n<title>Disclaimer - Van den Hurk Bedrijfswagens<\/title>\n<meta name=\"robots\" content=\"index, follow, max-snippet:-1, max-image-preview:large, max-video-preview:-1\" \/>\n<link rel=\"canonical\" href=\"https:\/\/www.vdhurk.nl\/ro\/dezmintire\/\" \/>\n<meta property=\"og:locale\" content=\"ro_RO\" \/>\n<meta property=\"og:type\" content=\"article\" \/>\n<meta property=\"og:title\" content=\"Disclaimer - Van den Hurk Bedrijfswagens\" \/>\n<meta property=\"og:url\" content=\"https:\/\/www.vdhurk.nl\/ro\/dezmintire\/\" \/>\n<meta property=\"og:site_name\" content=\"Van den Hurk Bedrijfswagens\" \/>\n<meta property=\"article:modified_time\" content=\"2023-04-26T10:55:39+00:00\" \/>\n<meta name=\"twitter:card\" content=\"summary_large_image\" \/>\n<meta name=\"twitter:label1\" content=\"Timp estimat pentru citire\" \/>\n\t<meta name=\"twitter:data1\" content=\"3 minute\" \/>\n<script type=\"application\/ld+json\" class=\"yoast-schema-graph\">{\"@context\":\"https:\\\/\\\/schema.org\",\"@graph\":[{\"@type\":\"WebPage\",\"@id\":\"https:\\\/\\\/www.vdhurk.nl\\\/disclaimer\\\/\",\"url\":\"https:\\\/\\\/www.vdhurk.nl\\\/disclaimer\\\/\",\"name\":\"Disclaimer - Van den Hurk Bedrijfswagens\",\"isPartOf\":{\"@id\":\"https:\\\/\\\/www.vdhurk.nl\\\/#website\"},\"datePublished\":\"2023-02-15T10:20:41+00:00\",\"dateModified\":\"2023-04-26T10:55:39+00:00\",\"breadcrumb\":{\"@id\":\"https:\\\/\\\/www.vdhurk.nl\\\/disclaimer\\\/#breadcrumb\"},\"inLanguage\":\"ro-RO\",\"potentialAction\":[{\"@type\":\"ReadAction\",\"target\":[\"https:\\\/\\\/www.vdhurk.nl\\\/disclaimer\\\/\"]}]},{\"@type\":\"BreadcrumbList\",\"@id\":\"https:\\\/\\\/www.vdhurk.nl\\\/disclaimer\\\/#breadcrumb\",\"itemListElement\":[{\"@type\":\"ListItem\",\"position\":1,\"name\":\"Home\",\"item\":\"https:\\\/\\\/www.vdhurk.nl\\\/home\\\/\"},{\"@type\":\"ListItem\",\"position\":2,\"name\":\"Disclaimer\"}]},{\"@type\":\"WebSite\",\"@id\":\"https:\\\/\\\/www.vdhurk.nl\\\/#website\",\"url\":\"https:\\\/\\\/www.vdhurk.nl\\\/\",\"name\":\"Van den Hurk Bedrijfswagens\",\"description\":\"Van den Hurk bedrijfswagens Helmond\",\"potentialAction\":[{\"@type\":\"SearchAction\",\"target\":{\"@type\":\"EntryPoint\",\"urlTemplate\":\"https:\\\/\\\/www.vdhurk.nl\\\/?s={search_term_string}\"},\"query-input\":{\"@type\":\"PropertyValueSpecification\",\"valueRequired\":true,\"valueName\":\"search_term_string\"}}],\"inLanguage\":\"ro-RO\"}]}<\/script>\n<!-- \/ Yoast SEO plugin. -->","yoast_head_json":{"title":"Disclaimer - Van den Hurk Bedrijfswagens","robots":{"index":"index","follow":"follow","max-snippet":"max-snippet:-1","max-image-preview":"max-image-preview:large","max-video-preview":"max-video-preview:-1"},"canonical":"https:\/\/www.vdhurk.nl\/ro\/dezmintire\/","og_locale":"ro_RO","og_type":"article","og_title":"Disclaimer - Van den Hurk Bedrijfswagens","og_url":"https:\/\/www.vdhurk.nl\/ro\/dezmintire\/","og_site_name":"Van den Hurk Bedrijfswagens","article_modified_time":"2023-04-26T10:55:39+00:00","twitter_card":"summary_large_image","twitter_misc":{"Timp estimat pentru citire":"3 minute"},"schema":{"@context":"https:\/\/schema.org","@graph":[{"@type":"WebPage","@id":"https:\/\/www.vdhurk.nl\/disclaimer\/","url":"https:\/\/www.vdhurk.nl\/disclaimer\/","name":"Disclaimer - Van den Hurk Bedrijfswagens","isPartOf":{"@id":"https:\/\/www.vdhurk.nl\/#website"},"datePublished":"2023-02-15T10:20:41+00:00","dateModified":"2023-04-26T10:55:39+00:00","breadcrumb":{"@id":"https:\/\/www.vdhurk.nl\/disclaimer\/#breadcrumb"},"inLanguage":"ro-RO","potentialAction":[{"@type":"ReadAction","target":["https:\/\/www.vdhurk.nl\/disclaimer\/"]}]},{"@type":"BreadcrumbList","@id":"https:\/\/www.vdhurk.nl\/disclaimer\/#breadcrumb","itemListElement":[{"@type":"ListItem","position":1,"name":"Home","item":"https:\/\/www.vdhurk.nl\/home\/"},{"@type":"ListItem","position":2,"name":"Disclaimer"}]},{"@type":"WebSite","@id":"https:\/\/www.vdhurk.nl\/#website","url":"https:\/\/www.vdhurk.nl\/","name":"Vehicule comerciale Van den Hurk","description":"Vehicule comerciale Van den Hurk Helmond","potentialAction":[{"@type":"SearchAction","target":{"@type":"EntryPoint","urlTemplate":"https:\/\/www.vdhurk.nl\/?s={search_term_string}"},"query-input":{"@type":"PropertyValueSpecification","valueRequired":true,"valueName":"search_term_string"}}],"inLanguage":"ro-RO"}]}},"_links":{"self":[{"href":"https:\/\/www.vdhurk.nl\/ro\/wp-json\/wp\/v2\/pages\/112189","targetHints":{"allow":["GET"]}}],"collection":[{"href":"https:\/\/www.vdhurk.nl\/ro\/wp-json\/wp\/v2\/pages"}],"about":[{"href":"https:\/\/www.vdhurk.nl\/ro\/wp-json\/wp\/v2\/types\/page"}],"author":[{"embeddable":true,"href":"https:\/\/www.vdhurk.nl\/ro\/wp-json\/wp\/v2\/users\/1"}],"replies":[{"embeddable":true,"href":"https:\/\/www.vdhurk.nl\/ro\/wp-json\/wp\/v2\/comments?post=112189"}],"version-history":[{"count":3,"href":"https:\/\/www.vdhurk.nl\/ro\/wp-json\/wp\/v2\/pages\/112189\/revisions"}],"predecessor-version":[{"id":162007,"href":"https:\/\/www.vdhurk.nl\/ro\/wp-json\/wp\/v2\/pages\/112189\/revisions\/162007"}],"wp:attachment":[{"href":"https:\/\/www.vdhurk.nl\/ro\/wp-json\/wp\/v2\/media?parent=112189"}],"curies":[{"name":"wp","href":"https:\/\/api.w.org\/{rel}","templated":true}]}}