{"id":513,"date":"2023-10-18T09:49:48","date_gmt":"2023-10-18T09:49:48","guid":{"rendered":"https:\/\/vdhurk.bonsaidev.nl\/?page_id=513"},"modified":"2024-08-19T15:00:21","modified_gmt":"2024-08-19T13:00:21","slug":"pojazdy-uzytkowe-ford","status":"publish","type":"page","link":"https:\/\/www.vdhurk.nl\/pl\/ford-bedrijfswagens\/","title":{"rendered":"Pojazdy u\u017cytkowe Ford"},"content":{"rendered":"<section  class='av_textblock_section av-lu8gnh7d-4ac895489941e586c1d7c8cb72318135'  itemscope=\"itemscope\" itemtype=\"https:\/\/schema.org\/CreativeWork\" ><div class='avia_textblock'  itemprop=\"text\" ><h1><b>Pojazdy u\u017cytkowe Ford<\/b><\/h1>\n<p>Je\u015bli szukasz pojazd\u00f3w u\u017cytkowych Ford, jest tylko jedno miejsce, do kt\u00f3rego mo\u017cesz si\u0119 uda\u0107 - pojazdy u\u017cytkowe Van den Hurk. W naszym szerokim asortymencie oferujemy r\u00f3\u017cne marki samochod\u00f3w, w tym Forda. Ford jest znany z imponuj\u0105cych i niezawodnych pojazd\u00f3w u\u017cytkowych zaprojektowanych specjalnie z my\u015bl\u0105 o spe\u0142nieniu wymaga\u0144 przedsi\u0119biorc\u00f3w i u\u017cytkownik\u00f3w biznesowych. Autobusy, pojazdy u\u017cytkowe i samochody u\u017cywane Ford s\u0105 znane ze swoich wydajnych i zaawansowanych technologii, kt\u00f3re sprawiaj\u0105, \u017ce jazda jest o wiele przyjemniejsza i \u0142atwiejsza.<\/p>\n<\/div><\/section>\n\n<style type=\"text\/css\" data-created_by=\"avia_inline_auto\" id=\"style-css-av-lujjddpd-afa3d7a9eabd61123e643ed1228e781e\">\n#top .hr.hr-invisible.av-lujjddpd-afa3d7a9eabd61123e643ed1228e781e{\nheight:50px;\n}\n<\/style>\n<div  class='hr av-lujjddpd-afa3d7a9eabd61123e643ed1228e781e hr-invisible  avia-builder-el-1  el_after_av_textblock  el_before_av_codeblock'><span class='hr-inner'><span class=\"hr-inner-style\"><\/span><\/span><\/div>\n\n\n<style type=\"text\/css\" data-created_by=\"avia_inline_auto\" id=\"style-css-av-ah0xd-63338d9dc6b40410e22a712829c369d6\">\n#top .hr.hr-invisible.av-ah0xd-63338d9dc6b40410e22a712829c369d6{\nheight:50px;\n}\n<\/style>\n<div  class='hr av-ah0xd-63338d9dc6b40410e22a712829c369d6 hr-invisible  avia-builder-el-3  el_after_av_codeblock  el_before_av_buttonrow'><span class='hr-inner'><span class=\"hr-inner-style\"><\/span><\/span><\/div>\n<div  class='avia-buttonrow-wrap av-lujhssae-cff7d852879371e1ec58a3b104a5d229 avia-buttonrow-center  avia-builder-el-4  el_after_av_hr  el_before_av_hr'>\n\n<style type=\"text\/css\" data-created_by=\"avia_inline_auto\" id=\"style-css-av-lujhtay0-198327d3d42c0e715915c1416c75be4b\">\n#top #wrap_all .avia-button.av-lujhtay0-198327d3d42c0e715915c1416c75be4b{\nmargin-bottom:5px;\nmargin-right:3px;\nmargin-left:3px;\n}\n<\/style>\n<a href='https:\/\/www.vdhurk.nl\/pl\/pojazdy-uzytkowe\/#q1bKTS3KVrJSSssvSlHSUQKSqUVJlUCBgqLMrGK9MqBsfn4BmBNfkFhUkplcmpOZWmSVklqcrFQLAA'  class='avia-button av-lujhtay0-198327d3d42c0e715915c1416c75be4b avia-icon_select-yes-right-icon avia-size-x-large avia-color-theme-color'  ><span class='avia_iconbox_title' >Ciekawi Ci\u0119 pe\u0142na gama pojazd\u00f3w u\u017cytkowych Ford? Zapraszamy do zapoznania si\u0119!<\/span><span class='avia_button_icon avia_button_icon_right' aria-hidden='true' data-av_icon='\ue871' data-av_iconfont='entypo-fontello'><\/span><\/a>\n<\/div>\n\n<style type=\"text\/css\" data-created_by=\"avia_inline_auto\" id=\"style-css-av-o1d5-cf77288da24053faf1b6ffbefcfc6222\">\n#top .hr.hr-invisible.av-o1d5-cf77288da24053faf1b6ffbefcfc6222{\nheight:50px;\n}\n<\/style>\n<div  class='hr av-o1d5-cf77288da24053faf1b6ffbefcfc6222 hr-invisible  avia-builder-el-5  el_after_av_buttonrow  el_before_av_textblock'><span class='hr-inner'><span class=\"hr-inner-style\"><\/span><\/span><\/div>\n<section  class='av_textblock_section av-lu8gow1e-300853e458ed741bd87d6cb78e55cc7a'  itemscope=\"itemscope\" itemtype=\"https:\/\/schema.org\/CreativeWork\" ><div class='avia_textblock'  itemprop=\"text\" ><h2><b>Gama biznesowych samochod\u00f3w Ford<\/b><\/h2>\n<p>Pojazdy u\u017cytkowe Ford s\u0105 znane ze swojej funkcjonalnej i solidnej konstrukcji, dzi\u0119ki czemu nadaj\u0105 si\u0119 do r\u00f3\u017cnych zastosowa\u0144 biznesowych. Niezale\u017cnie od tego, czy chodzi o transport \u0142adunk\u00f3w, dostarczanie towar\u00f3w, czy wspieranie dzia\u0142alno\u015bci us\u0142ugowej, Ford oferuje szereg modeli spe\u0142niaj\u0105cych te potrzeby. Jako dealer pojazd\u00f3w u\u017cytkowych Forda oferujemy gam\u0119 zaprojektowan\u0105 z my\u015bl\u0105 o spe\u0142nieniu r\u00f3\u017cnych wymaga\u0144 biznesowych.<\/p>\n<\/div><\/section>\n<div class='flex_column av-f64w1-da126f42b61613402309283c14245a25 av_one_half  avia-builder-el-7  el_after_av_textblock  el_before_av_two_fifth  first flex_column_div column-top-margin'   ><section  class='av_textblock_section av-lu8gpqre-73cc2c17e6a6497ba6e1b58af22bd9e8'  itemscope=\"itemscope\" itemtype=\"https:\/\/schema.org\/CreativeWork\" ><div class='avia_textblock'  itemprop=\"text\" ><h2><b>Z czego s\u0142yn\u0105 autobusy Forda?<\/b><\/h2>\n<p>Marka Ford produkuje autobusy i samochody z naciskiem na bezpiecze\u0144stwo i innowacje techniczne. Wiele modeli posiada zaawansowane funkcje bezpiecze\u0144stwa. Obejmuj\u0105 one automatyczne systemy hamowania awaryjnego, asystenta pasa ruchu i systemy wspomagania parkowania. Zapewnia to bezpiecze\u0144stwo zar\u00f3wno kierowcy, jak i pasa\u017cerom. Ponadto te funkcje bezpiecze\u0144stwa pomagaj\u0105 r\u00f3wnie\u017c zmniejszy\u0107 liczb\u0119 wypadk\u00f3w i uszkodze\u0144 pojazd\u00f3w. Ford jest znany nie tylko z bezpiecze\u0144stwa, ale tak\u017ce z wydajno\u015bci. Znajduje to odzwierciedlenie na przyk\u0142ad w oszcz\u0119dnych silnikach pojazd\u00f3w u\u017cytkowych. Wykorzystuj\u0105c zaawansowane technologie silnikowe, Ford stara si\u0119 \u0142\u0105czy\u0107 oszcz\u0119dno\u015b\u0107 z moc\u0105 i osi\u0105gami.<\/p>\n<\/div><\/section><\/div>\n<div class='flex_column av-aldk9-ee694297f5c4032981677a02caab84d6 av_two_fifth  avia-builder-el-9  el_after_av_one_half  el_before_av_textblock  flex_column_div column-top-margin'   ><style type=\"text\/css\" data-created_by=\"avia_inline_auto\" id=\"style-css-av-l1w9kpsf-4ec3fab772ec7a9adaa33cfc64ff0475\">\n.avia-image-container.av-l1w9kpsf-4ec3fab772ec7a9adaa33cfc64ff0475 .av-image-caption-overlay-center{\ncolor:#ffffff;\n}\n<\/style>\n<div  class='avia-image-container av-l1w9kpsf-4ec3fab772ec7a9adaa33cfc64ff0475 av-styling- avia-align-center  avia-builder-el-10  avia-builder-el-no-sibling'  itemprop=\"image\" itemscope=\"itemscope\" itemtype=\"https:\/\/schema.org\/ImageObject\" ><div class=\"avia-image-container-inner\"><div class=\"avia-image-overlay-wrap\"><img decoding=\"async\" class='wp-image-187 avia-img-lazy-loading-not-187 avia_image' src=\"https:\/\/www.vdhurk.nl\/wp-content\/uploads\/2022\/03\/Voorrad.png\" alt='' title='Stock'  height=\"758\" width=\"1135\"  itemprop=\"thumbnailUrl\" srcset=\"https:\/\/www.vdhurk.nl\/wp-content\/uploads\/2022\/03\/Voorrad.png 1135w, https:\/\/www.vdhurk.nl\/wp-content\/uploads\/2022\/03\/Voorrad-300x200.png 300w, https:\/\/www.vdhurk.nl\/wp-content\/uploads\/2022\/03\/Voorrad-1030x688.png 1030w, https:\/\/www.vdhurk.nl\/wp-content\/uploads\/2022\/03\/Voorrad-768x513.png 768w, https:\/\/www.vdhurk.nl\/wp-content\/uploads\/2022\/03\/Voorrad-18x12.png 18w, https:\/\/www.vdhurk.nl\/wp-content\/uploads\/2022\/03\/Voorrad-705x471.png 705w\" sizes=\"(max-width: 1135px) 100vw, 1135px\" \/><\/div><\/div><\/div><\/div>\n<section  class='av_textblock_section av-lu8gtjw7-4f3cee9304909518d86d2860d9d582dd'  itemscope=\"itemscope\" itemtype=\"https:\/\/schema.org\/CreativeWork\" ><div class='avia_textblock'  itemprop=\"text\" ><h2><b>Wn\u0119trze pojazd\u00f3w u\u017cytkowych Ford<\/b><\/h2>\n<p>Pojazdy u\u017cytkowe Forda posiadaj\u0105 wn\u0119trza zaprojektowane z my\u015bl\u0105 o komforcie i funkcjonalno\u015bci. Przyk\u0142adowo, modele te wyposa\u017cone s\u0105 w ergonomiczne fotele, intuicyjne elementy sterowania i funkcje \u0142\u0105czno\u015bci. Co wi\u0119cej, pojazdy u\u017cytkowe tej marki oferuj\u0105 elastyczne przestrzenie \u0142adunkowe i opcje przechowywania. To sprawia, \u017ce te samochody dostawcze i autobusy s\u0105 idealne dla os\u00f3b, kt\u00f3re cz\u0119sto s\u0105 w ruchu.<\/p>\n<h2><b>Korzy\u015bci Forda<\/b><\/h2>\n<p>Modele Forda oferuj\u0105 wiele korzy\u015bci dla przedsi\u0119biorc\u00f3w i u\u017cytkownik\u00f3w biznesowych:<\/p>\n<ul>\n<li><b>Niezawodno\u015b\u0107 i trwa\u0142o\u015b\u0107: <\/b>Ford jest znany ze swojej niezawodno\u015bci i trwa\u0142o\u015bci. Jego pojazdy u\u017cytkowe s\u0105 projektowane i budowane przy u\u017cyciu wysokiej jako\u015bci technologii. Dzi\u0119ki temu powstaj\u0105 pojazdy, kt\u00f3re s\u0105 w stanie wytrzyma\u0107 du\u017ce obci\u0105\u017cenia i nadaj\u0105 si\u0119 do d\u0142ugotrwa\u0142ego u\u017cytkowania.<\/li>\n<li><strong>Szeroki zakres z r\u00f3\u017cnymi modelami<\/strong>Marka oferuje szerok\u0105 gam\u0119 pojazd\u00f3w u\u017cytkowych. Szeroka gama pozwala przedsi\u0119biorcy lub u\u017cytkownikowi biznesowemu wybra\u0107 pojazd, kt\u00f3ry w pe\u0142ni odpowiada jego potrzebom biznesowym.<\/li>\n<li><b>Zaawansowane technologie i funkcje bezpiecze\u0144stwa: <\/b>Modele zosta\u0142y zaprojektowane z my\u015bl\u0105 o poprawie wydajno\u015bci, bezpiecze\u0144stwa i \u0142\u0105czno\u015bci. Pomy\u015bl o r\u00f3\u017cnych funkcjach i systemach wspomagaj\u0105cych. Bezpiecze\u0144stwo ma wysoki priorytet w firmie Ford. Dlatego mo\u017cesz by\u0107 pewny zaawansowanych funkcji bezpiecze\u0144stwa. Chroni\u0105 one kierowc\u0119, pasa\u017cer\u00f3w, a tak\u017ce sam pojazd.<\/li>\n<\/ul>\n<h2><b>Kupno lub leasing autobusu Ford?<\/b><\/h2>\n<p>Zakup samochodu firmowego to wa\u017cna decyzja dla przedsi\u0119biorc\u00f3w i u\u017cytkownik\u00f3w biznesowych. Dlatego w Van den Hurk oferujemy kilka opcji. Mo\u017cesz wzi\u0105\u0107 samoch\u00f3d dostawczy Ford w leasing lub go kupi\u0107. Wa\u017cne jest, aby dok\u0142adnie rozwa\u017cy\u0107, kt\u00f3ry wyb\u00f3r jest dla Ciebie najbardziej odpowiedni. Po pierwsze, mo\u017cesz zdecydowa\u0107 si\u0119 na zakup pojazdu u\u017cytkowego. Jest to szczeg\u00f3lnie przydatne, je\u015bli planujesz korzysta\u0107 z pojazdu u\u017cytkowego przez d\u0142ugi czas i naby\u0107 go na w\u0142asno\u015b\u0107. Zalet\u0105 jest to, \u017ce masz pe\u0142n\u0105 w\u0142asno\u015b\u0107 i kontrol\u0119 nad pojazdem. Wad\u0105 mo\u017ce by\u0107 to, \u017ce sam jeste\u015b odpowiedzialny za koszty utrzymania. <a href=\"https:\/\/www.vdhurk.nl\/pl\/leasing-finansowy\/\">Leasing<\/a> oferuje mo\u017cliwo\u015b\u0107 korzystania z samochodu s\u0142u\u017cbowego przez okre\u015blony czas, bez nabywania pe\u0142nej w\u0142asno\u015bci. Mo\u017ce to by\u0107 atrakcyjne finansowo, poniewa\u017c cz\u0119sto wi\u0105\u017ce si\u0119 z ni\u017cszymi kosztami miesi\u0119cznymi.<\/p>\n<h2><b>Autobus Ford u\u017cywany czy nowy model?<\/b><\/h2>\n<p>W Van den Hurk oferujemy zar\u00f3wno nowe modele, jak i u\u017cywane samochody u\u017cywane. Dzi\u0119ki temu zawsze znajdziesz samoch\u00f3d s\u0142u\u017cbowy odpowiedni do swoich potrzeb. Oferujemy wy\u0142\u0105cznie modele doskona\u0142ej jako\u015bci, nawet je\u015bli by\u0142y one wcze\u015bniej u\u017cywane. Osi\u0105gamy to, oferuj\u0105c wyj\u0105tkowo konkurencyjne ceny. Zapoznaj si\u0119 z nasz\u0105 ofert\u0105 online lub odwied\u017a nas, aby uzyska\u0107 osobist\u0105 porad\u0119.<\/p>\n<h2>Obs\u0142uga i konkurencyjne ceny w Van den Hurk<\/h2>\n<p>W Van den Hurk Bedrijfswagens od ponad 50 lat jeste\u015b we w\u0142a\u015bciwym miejscu, je\u015bli chodzi o zakup, leasing, wynajem, napraw\u0119 nadwozia i konserwacj\u0119 pojazdu u\u017cytkowego. Niezale\u017cnie od tego, czy wybierasz nowy model, czy u\u017cywany pojazd, znamy ka\u017cdy pojazd w najdrobniejszych szczeg\u00f3\u0142ach. Dlatego zawsze mo\u017cemy zagwarantowa\u0107 najwy\u017csz\u0105 jako\u015b\u0107 i mobilno\u015b\u0107. Opr\u00f3cz naszej oferty <a href=\"https:\/\/www.vdhurk.nl\/pl\/pojazdy-uzytkowe\/\">Najwy\u017cszej jako\u015bci pojazdy u\u017cytkowe<\/a>Jeste\u015bmy znani z doskona\u0142ej obs\u0142ugi, konkurencyjnych cen i indywidualnego podej\u015bcia. Cieszymy si\u0119, \u017ce mo\u017cemy my\u015ble\u0107 razem z Tob\u0105, aby\u015b wkr\u00f3tce m\u00f3g\u0142 beztrosko odjecha\u0107 samochodem s\u0142u\u017cbowym, kt\u00f3ry idealnie odpowiada Twoim potrzebom!<\/p>\n<\/div><\/section>","protected":false},"excerpt":{"rendered":"","protected":false},"author":1,"featured_media":0,"parent":0,"menu_order":0,"comment_status":"closed","ping_status":"closed","template":"","meta":{"_acf_changed":false,"_improvement_type_select":"improve_an_existing","_thumb_yes_seoaic":false,"_frame_yes_seoaic":false,"seoaic_generate_description":"","seoaic_improve_instructions_prompt":"","seoaic_rollback_content_improvement":"","seoaic_idea_thumbnail_generator":"","thumbnail_generated":false,"thumbnail_generate_prompt":"","seoaic_article_description":"","footnotes":""},"class_list":["post-513","page","type-page","status-publish","hentry"],"acf":[],"yoast_head":"<!-- This site is optimized with the Yoast SEO plugin v27.5 - https:\/\/yoast.com\/product\/yoast-seo-wordpress\/ -->\n<title>Ford bedrijfswagens van hoge kwaliteit voor elke zakelijke klus<\/title>\n<meta name=\"description\" content=\"Interesse in een Ford bedrijfswagen? Bekijk de zakelijke lease mogelijkheden of bekijk onze voorraad tweedehandse en nieuwe bedrijfswagens.\" \/>\n<meta name=\"robots\" content=\"index, follow, max-snippet:-1, max-image-preview:large, max-video-preview:-1\" \/>\n<link rel=\"canonical\" href=\"https:\/\/www.vdhurk.nl\/pl\/pojazdy-uzytkowe-ford\/\" \/>\n<meta property=\"og:locale\" content=\"pl_PL\" \/>\n<meta property=\"og:type\" content=\"article\" \/>\n<meta property=\"og:title\" content=\"Ford bedrijfswagens van hoge kwaliteit voor elke zakelijke klus\" \/>\n<meta property=\"og:description\" content=\"Interesse in een Ford bedrijfswagen? Bekijk de zakelijke lease mogelijkheden of bekijk onze voorraad tweedehandse en nieuwe bedrijfswagens.\" \/>\n<meta property=\"og:url\" content=\"https:\/\/www.vdhurk.nl\/pl\/pojazdy-uzytkowe-ford\/\" \/>\n<meta property=\"og:site_name\" content=\"Van den Hurk Bedrijfswagens\" \/>\n<meta property=\"article:modified_time\" content=\"2024-08-19T13:00:21+00:00\" \/>\n<meta name=\"twitter:card\" content=\"summary_large_image\" \/>\n<meta name=\"twitter:label1\" content=\"Szacowany czas czytania\" \/>\n\t<meta name=\"twitter:data1\" content=\"6 minut\" \/>\n<script type=\"application\/ld+json\" class=\"yoast-schema-graph\">{\"@context\":\"https:\\\/\\\/schema.org\",\"@graph\":[{\"@type\":\"WebPage\",\"@id\":\"https:\\\/\\\/www.vdhurk.nl\\\/ford-bedrijfswagens\\\/\",\"url\":\"https:\\\/\\\/www.vdhurk.nl\\\/ford-bedrijfswagens\\\/\",\"name\":\"Ford bedrijfswagens van hoge kwaliteit voor elke zakelijke klus\",\"isPartOf\":{\"@id\":\"https:\\\/\\\/www.vdhurk.nl\\\/#website\"},\"datePublished\":\"2023-10-18T09:49:48+00:00\",\"dateModified\":\"2024-08-19T13:00:21+00:00\",\"description\":\"Interesse in een Ford bedrijfswagen? Bekijk de zakelijke lease mogelijkheden of bekijk onze voorraad tweedehandse en nieuwe bedrijfswagens.\",\"breadcrumb\":{\"@id\":\"https:\\\/\\\/www.vdhurk.nl\\\/ford-bedrijfswagens\\\/#breadcrumb\"},\"inLanguage\":\"pl-PL\",\"potentialAction\":[{\"@type\":\"ReadAction\",\"target\":[\"https:\\\/\\\/www.vdhurk.nl\\\/ford-bedrijfswagens\\\/\"]}]},{\"@type\":\"BreadcrumbList\",\"@id\":\"https:\\\/\\\/www.vdhurk.nl\\\/ford-bedrijfswagens\\\/#breadcrumb\",\"itemListElement\":[{\"@type\":\"ListItem\",\"position\":1,\"name\":\"Home\",\"item\":\"https:\\\/\\\/www.vdhurk.nl\\\/home\\\/\"},{\"@type\":\"ListItem\",\"position\":2,\"name\":\"Ford Bedrijfswagens\"}]},{\"@type\":\"WebSite\",\"@id\":\"https:\\\/\\\/www.vdhurk.nl\\\/#website\",\"url\":\"https:\\\/\\\/www.vdhurk.nl\\\/\",\"name\":\"Van den Hurk Bedrijfswagens\",\"description\":\"Van den Hurk bedrijfswagens Helmond\",\"potentialAction\":[{\"@type\":\"SearchAction\",\"target\":{\"@type\":\"EntryPoint\",\"urlTemplate\":\"https:\\\/\\\/www.vdhurk.nl\\\/?s={search_term_string}\"},\"query-input\":{\"@type\":\"PropertyValueSpecification\",\"valueRequired\":true,\"valueName\":\"search_term_string\"}}],\"inLanguage\":\"pl-PL\"}]}<\/script>\n<!-- \/ Yoast SEO plugin. -->","yoast_head_json":{"title":"Wysokiej jako\u015bci pojazdy u\u017cytkowe Ford do ka\u017cdego zadania biznesowego","description":"Jeste\u015b zainteresowany pojazdem u\u017cytkowym Ford? Sprawd\u017a opcje leasingu biznesowego lub przejrzyj nasz\u0105 ofert\u0119 u\u017cywanych i nowych pojazd\u00f3w u\u017cytkowych.","robots":{"index":"index","follow":"follow","max-snippet":"max-snippet:-1","max-image-preview":"max-image-preview:large","max-video-preview":"max-video-preview:-1"},"canonical":"https:\/\/www.vdhurk.nl\/pl\/pojazdy-uzytkowe-ford\/","og_locale":"pl_PL","og_type":"article","og_title":"Ford bedrijfswagens van hoge kwaliteit voor elke zakelijke klus","og_description":"Interesse in een Ford bedrijfswagen? Bekijk de zakelijke lease mogelijkheden of bekijk onze voorraad tweedehandse en nieuwe bedrijfswagens.","og_url":"https:\/\/www.vdhurk.nl\/pl\/pojazdy-uzytkowe-ford\/","og_site_name":"Van den Hurk Bedrijfswagens","article_modified_time":"2024-08-19T13:00:21+00:00","twitter_card":"summary_large_image","twitter_misc":{"Szacowany czas czytania":"6 minut"},"schema":{"@context":"https:\/\/schema.org","@graph":[{"@type":"WebPage","@id":"https:\/\/www.vdhurk.nl\/ford-bedrijfswagens\/","url":"https:\/\/www.vdhurk.nl\/ford-bedrijfswagens\/","name":"Wysokiej jako\u015bci pojazdy u\u017cytkowe Ford do ka\u017cdego zadania biznesowego","isPartOf":{"@id":"https:\/\/www.vdhurk.nl\/#website"},"datePublished":"2023-10-18T09:49:48+00:00","dateModified":"2024-08-19T13:00:21+00:00","description":"Jeste\u015b zainteresowany pojazdem u\u017cytkowym Ford? Sprawd\u017a opcje leasingu biznesowego lub przejrzyj nasz\u0105 ofert\u0119 u\u017cywanych i nowych pojazd\u00f3w u\u017cytkowych.","breadcrumb":{"@id":"https:\/\/www.vdhurk.nl\/ford-bedrijfswagens\/#breadcrumb"},"inLanguage":"pl-PL","potentialAction":[{"@type":"ReadAction","target":["https:\/\/www.vdhurk.nl\/ford-bedrijfswagens\/"]}]},{"@type":"BreadcrumbList","@id":"https:\/\/www.vdhurk.nl\/ford-bedrijfswagens\/#breadcrumb","itemListElement":[{"@type":"ListItem","position":1,"name":"Home","item":"https:\/\/www.vdhurk.nl\/home\/"},{"@type":"ListItem","position":2,"name":"Ford Bedrijfswagens"}]},{"@type":"WebSite","@id":"https:\/\/www.vdhurk.nl\/#website","url":"https:\/\/www.vdhurk.nl\/","name":"Van den Hurk - pojazdy u\u017cytkowe","description":"Van den Hurk pojazdy u\u017cytkowe Helmond","potentialAction":[{"@type":"SearchAction","target":{"@type":"EntryPoint","urlTemplate":"https:\/\/www.vdhurk.nl\/?s={search_term_string}"},"query-input":{"@type":"PropertyValueSpecification","valueRequired":true,"valueName":"search_term_string"}}],"inLanguage":"pl-PL"}]}},"_links":{"self":[{"href":"https:\/\/www.vdhurk.nl\/pl\/wp-json\/wp\/v2\/pages\/513","targetHints":{"allow":["GET"]}}],"collection":[{"href":"https:\/\/www.vdhurk.nl\/pl\/wp-json\/wp\/v2\/pages"}],"about":[{"href":"https:\/\/www.vdhurk.nl\/pl\/wp-json\/wp\/v2\/types\/page"}],"author":[{"embeddable":true,"href":"https:\/\/www.vdhurk.nl\/pl\/wp-json\/wp\/v2\/users\/1"}],"replies":[{"embeddable":true,"href":"https:\/\/www.vdhurk.nl\/pl\/wp-json\/wp\/v2\/comments?post=513"}],"version-history":[{"count":86,"href":"https:\/\/www.vdhurk.nl\/pl\/wp-json\/wp\/v2\/pages\/513\/revisions"}],"predecessor-version":[{"id":372330,"href":"https:\/\/www.vdhurk.nl\/pl\/wp-json\/wp\/v2\/pages\/513\/revisions\/372330"}],"wp:attachment":[{"href":"https:\/\/www.vdhurk.nl\/pl\/wp-json\/wp\/v2\/media?parent=513"}],"curies":[{"name":"wp","href":"https:\/\/api.w.org\/{rel}","templated":true}]}}