{"id":488093,"date":"2025-04-29T14:53:31","date_gmt":"2025-04-29T12:53:31","guid":{"rendered":"https:\/\/www.vdhurk.nl\/?page_id=488093"},"modified":"2025-04-29T14:53:31","modified_gmt":"2025-04-29T12:53:31","slug":"maszyna","status":"publish","type":"page","link":"https:\/\/www.vdhurk.nl\/pl\/toyota-bedrijfswagens\/proace\/automaat\/","title":{"rendered":"Automatyczna skrzynia bieg\u00f3w Toyta Proace"},"content":{"rendered":"<section  class='av_textblock_section av-lu8gnh7d-4ac895489941e586c1d7c8cb72318135'  itemscope=\"itemscope\" itemtype=\"https:\/\/schema.org\/CreativeWork\" ><div class='avia_textblock'  itemprop=\"text\" ><h1>Toyota Proace automatic dla Twojej firmy<\/h1>\n<p>Szukasz niezawodnego i wszechstronnego pojazdu u\u017cytkowego, kt\u00f3ry naprawd\u0119 popchnie Twoj\u0105 firm\u0119 do przodu? Toyota Proace z automatyczn\u0105 skrzyni\u0105 bieg\u00f3w od lat jest faworytem w\u015br\u00f3d w\u0142a\u015bcicieli firm i nie bez powodu. Jego niezawodno\u015b\u0107, komfort i elastyczno\u015b\u0107 sprawiaj\u0105, \u017ce jest to samoch\u00f3d firmowy na ka\u017cde wyzwanie.<br \/>\nCiekawi Ci\u0119, co Proace mo\u017ce zrobi\u0107 dla Twojej firmy? Czytaj dalej szybko.<\/p>\n<\/div><\/section>\n\n<style type=\"text\/css\" data-created_by=\"avia_inline_auto\" id=\"style-css-av-lujjddpd-afa3d7a9eabd61123e643ed1228e781e\">\n#top .hr.hr-invisible.av-lujjddpd-afa3d7a9eabd61123e643ed1228e781e{\nheight:50px;\n}\n<\/style>\n<div  class='hr av-lujjddpd-afa3d7a9eabd61123e643ed1228e781e hr-invisible  avia-builder-el-1  el_after_av_textblock  el_before_av_codeblock'><span class='hr-inner'><span class=\"hr-inner-style\"><\/span><\/span><\/div>\n\n\n<style type=\"text\/css\" data-created_by=\"avia_inline_auto\" id=\"style-css-av-ah0xd-63338d9dc6b40410e22a712829c369d6\">\n#top .hr.hr-invisible.av-ah0xd-63338d9dc6b40410e22a712829c369d6{\nheight:50px;\n}\n<\/style>\n<div  class='hr av-ah0xd-63338d9dc6b40410e22a712829c369d6 hr-invisible  avia-builder-el-3  el_after_av_codeblock  el_before_av_textblock'><span class='hr-inner'><span class=\"hr-inner-style\"><\/span><\/span><\/div>\n<section  class='av_textblock_section av-lu8gow1e-300853e458ed741bd87d6cb78e55cc7a'  itemscope=\"itemscope\" itemtype=\"https:\/\/schema.org\/CreativeWork\" ><div class='avia_textblock'  itemprop=\"text\" ><h2>Dlaczego warto wybra\u0107 automatyczny samoch\u00f3d s\u0142u\u017cbowy?<\/h2>\n<p>Pojazd u\u017cytkowy z automatyczn\u0105 skrzyni\u0105 bieg\u00f3w doskonale spe\u0142nia wymagania nowoczesnego przedsi\u0119biorcy. Najwi\u0119ksza zaleta? Komfort. Nie trzeba ju\u017c zmienia\u0107 bieg\u00f3w, co jest ulg\u0105, zw\u0142aszcza w du\u017cym ruchu miejskim lub podczas kork\u00f3w. Wielu kierowc\u00f3w uwa\u017ca automatyczn\u0105 skrzyni\u0119 bieg\u00f3w za bardziej przyjazn\u0105 dla u\u017cytkownika i przyjemniejsz\u0105 w codziennym u\u017cytkowaniu. Co wi\u0119cej, dzi\u0119ki automatycznej skrzyni bieg\u00f3w mo\u017cesz bardziej skupi\u0107 si\u0119 na drodze i nie musisz martwi\u0107 si\u0119 o wy\u0142\u0105czenie, co jest nadal powszechne w przypadku pojazd\u00f3w z manualn\u0105 skrzyni\u0105 bieg\u00f3w. Kr\u00f3tko m\u00f3wi\u0105c: wi\u0119cej wygody, mniej k\u0142opot\u00f3w. Automatyczna skrzynia bieg\u00f3w jest wi\u0119cej ni\u017c warta rozwa\u017cenia.<\/p>\n<\/div><\/section>\n<div class='flex_column av-f64w1-da126f42b61613402309283c14245a25 av_one_half  avia-builder-el-5  el_after_av_textblock  el_before_av_one_third  first flex_column_div column-top-margin'   ><section  class='av_textblock_section av-lu8gpqre-73cc2c17e6a6497ba6e1b58af22bd9e8'  itemscope=\"itemscope\" itemtype=\"https:\/\/schema.org\/CreativeWork\" ><div class='avia_textblock'  itemprop=\"text\" ><h2>Funkcje i wersje<\/h2>\n<p>Toyota Proace automatic to praktyczny i wszechstronny pojazd u\u017cytkowy, kt\u00f3ry bez trudu dostosowuje si\u0119 do r\u00f3\u017cnych potrzeb biznesowych. Dzi\u0119ki du\u017cej \u0142adowno\u015bci, mocnemu silnikowi oraz szerokiemu wyborowi d\u0142ugo\u015bci i uk\u0142ad\u00f3w, zawsze znajdziesz wersj\u0119 odpowiedni\u0105 do Twojego dnia pracy. Niezale\u017cnie od tego, czy przewozisz towary, czy ludzi, Proace oferuje miejsce nawet dla dziewi\u0119ciu os\u00f3b i \u0142\u0105czy funkcjonalno\u015b\u0107 z komfortem. Dzi\u0119ki przemy\u015blanej konstrukcji mo\u017ce by\u0107 u\u017cywany zar\u00f3wno do jazdy po mie\u015bcie, jak i na d\u0142ugich dystansach, pozostaj\u0105c niezawodnym w ka\u017cdych warunkach.<\/p>\n<\/div><\/section><\/div><div class='flex_column av-aldk9-ee694297f5c4032981677a02caab84d6 av_one_third  avia-builder-el-7  el_after_av_one_half  el_before_av_hr  flex_column_div column-top-margin'   ><style type=\"text\/css\" data-created_by=\"avia_inline_auto\" id=\"style-css-av-l1w9kpsf-4ec3fab772ec7a9adaa33cfc64ff0475\">\n.avia-image-container.av-l1w9kpsf-4ec3fab772ec7a9adaa33cfc64ff0475 .av-image-caption-overlay-center{\ncolor:#ffffff;\n}\n<\/style>\n<div  class='avia-image-container av-l1w9kpsf-4ec3fab772ec7a9adaa33cfc64ff0475 av-styling- avia-align-center  avia-builder-el-8  avia-builder-el-no-sibling'  itemprop=\"image\" itemscope=\"itemscope\" itemtype=\"https:\/\/schema.org\/ImageObject\" ><div class=\"avia-image-container-inner\"><div class=\"avia-image-overlay-wrap\"><img decoding=\"async\" class='wp-image-187 avia-img-lazy-loading-not-187 avia_image' src=\"https:\/\/www.vdhurk.nl\/wp-content\/uploads\/2022\/03\/Voorrad.png\" alt='' title='Stock'  height=\"758\" width=\"1135\"  itemprop=\"thumbnailUrl\" srcset=\"https:\/\/www.vdhurk.nl\/wp-content\/uploads\/2022\/03\/Voorrad.png 1135w, https:\/\/www.vdhurk.nl\/wp-content\/uploads\/2022\/03\/Voorrad-300x200.png 300w, https:\/\/www.vdhurk.nl\/wp-content\/uploads\/2022\/03\/Voorrad-1030x688.png 1030w, https:\/\/www.vdhurk.nl\/wp-content\/uploads\/2022\/03\/Voorrad-768x513.png 768w, https:\/\/www.vdhurk.nl\/wp-content\/uploads\/2022\/03\/Voorrad-18x12.png 18w, https:\/\/www.vdhurk.nl\/wp-content\/uploads\/2022\/03\/Voorrad-705x471.png 705w\" sizes=\"(max-width: 1135px) 100vw, 1135px\" \/><\/div><\/div><\/div><\/div><\/p>\n\n<style type=\"text\/css\" data-created_by=\"avia_inline_auto\" id=\"style-css-av-luqrjpjc-5a23a1fb5f94718ca85316a9df963e2f\">\n#top .hr.hr-invisible.av-luqrjpjc-5a23a1fb5f94718ca85316a9df963e2f{\nheight:50px;\n}\n<\/style>\n<div  class='hr av-luqrjpjc-5a23a1fb5f94718ca85316a9df963e2f hr-invisible  avia-builder-el-9  el_after_av_one_third  el_before_av_textblock'><span class='hr-inner'><span class=\"hr-inner-style\"><\/span><\/span><\/div>\n<section  class='av_textblock_section av-lu8gtjw7-4f3cee9304909518d86d2860d9d582dd'  itemscope=\"itemscope\" itemtype=\"https:\/\/schema.org\/CreativeWork\" ><div class='avia_textblock'  itemprop=\"text\" ><h2>Ile kosztuje automatyczna Toyota Proace?<\/h2>\n<p>Cena Toyoty Proace z automatyczn\u0105 skrzyni\u0105 bieg\u00f3w zale\u017cy od wersji wyposa\u017cenia i wybranych opcji. Niezale\u017cnie od tego, czy wybierzesz praktyczny model podstawowy, czy bogato wyposa\u017cony wariant z dodatkowym komfortem i funkcjonalno\u015bci\u0105, zawsze znajdziesz Proace z automatyczn\u0105 skrzyni\u0105 bieg\u00f3w, kt\u00f3ry pasuje do Twoich potrzeb i bud\u017cetu. Dzi\u0119ki szerokiej gamie oferowanych opcji, bez trudu znajdziesz model odpowiadaj\u0105cy potrzebom Twojej firmy.<\/p>\n<h2>Zakup czy leasing: kt\u00f3ra opcja jest dla Ciebie najlepsza?<\/h2>\n<p>Opr\u00f3cz mo\u017cliwo\u015bci bezpo\u015bredniego zakupu pojazdu u\u017cytkowego, jedn\u0105 z opcji jest r\u00f3wnie\u017c leasing Toyoty Proace. Dzi\u0119ki leasingowi finansowemu stopniowo stajesz si\u0119 w\u0142a\u015bcicielem pojazdu u\u017cytkowego. P\u0142acisz sta\u0142\u0105 kwot\u0119 miesi\u0119cznie. Po zako\u0144czeniu umowy leasingowej stajesz si\u0119 pe\u0142noprawnym w\u0142a\u015bcicielem pojazdu.<\/p>\n<h2>Odkryj ofert\u0119 i znajd\u017a idealny samoch\u00f3d s\u0142u\u017cbowy<\/h2>\n<p>Chcesz kupi\u0107 automatyczn\u0105 Toyot\u0119 Proace, kt\u00f3ra w pe\u0142ni odpowiada Twoim potrzebom biznesowym? A mo\u017ce chcia\u0142by\u015b uzyska\u0107 wi\u0119cej informacji, aby dokona\u0107 w\u0142a\u015bciwego wyboru? Z przyjemno\u015bci\u0105 pomo\u017cemy Ci wyruszy\u0107 w drog\u0119 idealnym pojazdem. Zobacz nasz\u0105 aktualn\u0105 ofert\u0119 lub skontaktuj si\u0119 z nami.<\/p>\n<\/div><\/section>\n<div class='flex_column av-81no9hv-44a80e93f621b2a9d4a87d97cff509c3 av_one_full  avia-builder-el-11  el_after_av_textblock  avia-builder-el-last  first flex_column_div column-top-margin'   ><\/div>","protected":false},"excerpt":{"rendered":"","protected":false},"author":3,"featured_media":0,"parent":422133,"menu_order":0,"comment_status":"closed","ping_status":"closed","template":"","meta":{"_acf_changed":false,"_improvement_type_select":"improve_an_existing","_thumb_yes_seoaic":false,"_frame_yes_seoaic":false,"seoaic_generate_description":"","seoaic_improve_instructions_prompt":"","seoaic_rollback_content_improvement":"","seoaic_idea_thumbnail_generator":"","thumbnail_generated":false,"thumbnail_generate_prompt":"","seoaic_article_description":"","footnotes":""},"class_list":["post-488093","page","type-page","status-publish","hentry"],"acf":[],"yoast_head":"<!-- This site is optimized with the Yoast SEO plugin v27.5 - https:\/\/yoast.com\/product\/yoast-seo-wordpress\/ -->\n<title>Vind jouw ideale Toyota Proace automaat<\/title>\n<meta name=\"description\" content=\"Op zoek naar een Toyota Proace automaat? Bekijk het ruime aanbod bij Van den Hurk \u2013 jouw betrouwbare partner in bedrijfswagens!\" \/>\n<meta name=\"robots\" content=\"index, follow, max-snippet:-1, max-image-preview:large, max-video-preview:-1\" \/>\n<link rel=\"canonical\" href=\"https:\/\/www.vdhurk.nl\/pl\/pojazdy-uzytkowe-toyota\/proace\/maszyna\/\" \/>\n<meta property=\"og:locale\" content=\"pl_PL\" \/>\n<meta property=\"og:type\" content=\"article\" \/>\n<meta property=\"og:title\" content=\"Vind jouw ideale Toyota Proace automaat\" \/>\n<meta property=\"og:description\" content=\"Op zoek naar een Toyota Proace automaat? Bekijk het ruime aanbod bij Van den Hurk \u2013 jouw betrouwbare partner in bedrijfswagens!\" \/>\n<meta property=\"og:url\" content=\"https:\/\/www.vdhurk.nl\/pl\/pojazdy-uzytkowe-toyota\/proace\/maszyna\/\" \/>\n<meta property=\"og:site_name\" content=\"Van den Hurk Bedrijfswagens\" \/>\n<meta name=\"twitter:card\" content=\"summary_large_image\" \/>\n<meta name=\"twitter:label1\" content=\"Szacowany czas czytania\" \/>\n\t<meta name=\"twitter:data1\" content=\"4 minuty\" \/>\n<script type=\"application\/ld+json\" class=\"yoast-schema-graph\">{\"@context\":\"https:\\\/\\\/schema.org\",\"@graph\":[{\"@type\":\"WebPage\",\"@id\":\"https:\\\/\\\/www.vdhurk.nl\\\/toyota-bedrijfswagens\\\/proace\\\/automaat\\\/\",\"url\":\"https:\\\/\\\/www.vdhurk.nl\\\/toyota-bedrijfswagens\\\/proace\\\/automaat\\\/\",\"name\":\"Vind jouw ideale Toyota Proace automaat\",\"isPartOf\":{\"@id\":\"https:\\\/\\\/www.vdhurk.nl\\\/#website\"},\"datePublished\":\"2025-04-29T12:53:31+00:00\",\"description\":\"Op zoek naar een Toyota Proace automaat? Bekijk het ruime aanbod bij Van den Hurk \u2013 jouw betrouwbare partner in bedrijfswagens!\",\"breadcrumb\":{\"@id\":\"https:\\\/\\\/www.vdhurk.nl\\\/toyota-bedrijfswagens\\\/proace\\\/automaat\\\/#breadcrumb\"},\"inLanguage\":\"pl-PL\",\"potentialAction\":[{\"@type\":\"ReadAction\",\"target\":[\"https:\\\/\\\/www.vdhurk.nl\\\/toyota-bedrijfswagens\\\/proace\\\/automaat\\\/\"]}]},{\"@type\":\"BreadcrumbList\",\"@id\":\"https:\\\/\\\/www.vdhurk.nl\\\/toyota-bedrijfswagens\\\/proace\\\/automaat\\\/#breadcrumb\",\"itemListElement\":[{\"@type\":\"ListItem\",\"position\":1,\"name\":\"Home\",\"item\":\"https:\\\/\\\/www.vdhurk.nl\\\/home\\\/\"},{\"@type\":\"ListItem\",\"position\":2,\"name\":\"Toyota Bedrijfswagens\",\"item\":\"https:\\\/\\\/www.vdhurk.nl\\\/toyota-bedrijfswagens\\\/\"},{\"@type\":\"ListItem\",\"position\":3,\"name\":\"Toyota Proace\",\"item\":\"https:\\\/\\\/www.vdhurk.nl\\\/toyota-bedrijfswagens\\\/proace\\\/\"},{\"@type\":\"ListItem\",\"position\":4,\"name\":\"Toyta Proace automaat\"}]},{\"@type\":\"WebSite\",\"@id\":\"https:\\\/\\\/www.vdhurk.nl\\\/#website\",\"url\":\"https:\\\/\\\/www.vdhurk.nl\\\/\",\"name\":\"Van den Hurk Bedrijfswagens\",\"description\":\"Van den Hurk bedrijfswagens Helmond\",\"potentialAction\":[{\"@type\":\"SearchAction\",\"target\":{\"@type\":\"EntryPoint\",\"urlTemplate\":\"https:\\\/\\\/www.vdhurk.nl\\\/?s={search_term_string}\"},\"query-input\":{\"@type\":\"PropertyValueSpecification\",\"valueRequired\":true,\"valueName\":\"search_term_string\"}}],\"inLanguage\":\"pl-PL\"}]}<\/script>\n<!-- \/ Yoast SEO plugin. -->","yoast_head_json":{"title":"Znajd\u017a swoj\u0105 idealn\u0105 automatyczn\u0105 Toyot\u0119 Proace","description":"Szukasz automatycznej skrzyni bieg\u00f3w do Toyoty Proace? Sprawd\u017a szerok\u0105 ofert\u0119 Van den Hurk - niezawodnego partnera w zakresie pojazd\u00f3w u\u017cytkowych!","robots":{"index":"index","follow":"follow","max-snippet":"max-snippet:-1","max-image-preview":"max-image-preview:large","max-video-preview":"max-video-preview:-1"},"canonical":"https:\/\/www.vdhurk.nl\/pl\/pojazdy-uzytkowe-toyota\/proace\/maszyna\/","og_locale":"pl_PL","og_type":"article","og_title":"Vind jouw ideale Toyota Proace automaat","og_description":"Op zoek naar een Toyota Proace automaat? Bekijk het ruime aanbod bij Van den Hurk \u2013 jouw betrouwbare partner in bedrijfswagens!","og_url":"https:\/\/www.vdhurk.nl\/pl\/pojazdy-uzytkowe-toyota\/proace\/maszyna\/","og_site_name":"Van den Hurk Bedrijfswagens","twitter_card":"summary_large_image","twitter_misc":{"Szacowany czas czytania":"4 minuty"},"schema":{"@context":"https:\/\/schema.org","@graph":[{"@type":"WebPage","@id":"https:\/\/www.vdhurk.nl\/toyota-bedrijfswagens\/proace\/automaat\/","url":"https:\/\/www.vdhurk.nl\/toyota-bedrijfswagens\/proace\/automaat\/","name":"Znajd\u017a swoj\u0105 idealn\u0105 automatyczn\u0105 Toyot\u0119 Proace","isPartOf":{"@id":"https:\/\/www.vdhurk.nl\/#website"},"datePublished":"2025-04-29T12:53:31+00:00","description":"Szukasz automatycznej skrzyni bieg\u00f3w do Toyoty Proace? Sprawd\u017a szerok\u0105 ofert\u0119 Van den Hurk - niezawodnego partnera w zakresie pojazd\u00f3w u\u017cytkowych!","breadcrumb":{"@id":"https:\/\/www.vdhurk.nl\/toyota-bedrijfswagens\/proace\/automaat\/#breadcrumb"},"inLanguage":"pl-PL","potentialAction":[{"@type":"ReadAction","target":["https:\/\/www.vdhurk.nl\/toyota-bedrijfswagens\/proace\/automaat\/"]}]},{"@type":"BreadcrumbList","@id":"https:\/\/www.vdhurk.nl\/toyota-bedrijfswagens\/proace\/automaat\/#breadcrumb","itemListElement":[{"@type":"ListItem","position":1,"name":"Home","item":"https:\/\/www.vdhurk.nl\/home\/"},{"@type":"ListItem","position":2,"name":"Toyota Bedrijfswagens","item":"https:\/\/www.vdhurk.nl\/toyota-bedrijfswagens\/"},{"@type":"ListItem","position":3,"name":"Toyota Proace","item":"https:\/\/www.vdhurk.nl\/toyota-bedrijfswagens\/proace\/"},{"@type":"ListItem","position":4,"name":"Toyta Proace automaat"}]},{"@type":"WebSite","@id":"https:\/\/www.vdhurk.nl\/#website","url":"https:\/\/www.vdhurk.nl\/","name":"Van den Hurk - pojazdy u\u017cytkowe","description":"Van den Hurk pojazdy u\u017cytkowe Helmond","potentialAction":[{"@type":"SearchAction","target":{"@type":"EntryPoint","urlTemplate":"https:\/\/www.vdhurk.nl\/?s={search_term_string}"},"query-input":{"@type":"PropertyValueSpecification","valueRequired":true,"valueName":"search_term_string"}}],"inLanguage":"pl-PL"}]}},"_links":{"self":[{"href":"https:\/\/www.vdhurk.nl\/pl\/wp-json\/wp\/v2\/pages\/488093","targetHints":{"allow":["GET"]}}],"collection":[{"href":"https:\/\/www.vdhurk.nl\/pl\/wp-json\/wp\/v2\/pages"}],"about":[{"href":"https:\/\/www.vdhurk.nl\/pl\/wp-json\/wp\/v2\/types\/page"}],"author":[{"embeddable":true,"href":"https:\/\/www.vdhurk.nl\/pl\/wp-json\/wp\/v2\/users\/3"}],"replies":[{"embeddable":true,"href":"https:\/\/www.vdhurk.nl\/pl\/wp-json\/wp\/v2\/comments?post=488093"}],"version-history":[{"count":2,"href":"https:\/\/www.vdhurk.nl\/pl\/wp-json\/wp\/v2\/pages\/488093\/revisions"}],"predecessor-version":[{"id":488095,"href":"https:\/\/www.vdhurk.nl\/pl\/wp-json\/wp\/v2\/pages\/488093\/revisions\/488095"}],"up":[{"embeddable":true,"href":"https:\/\/www.vdhurk.nl\/pl\/wp-json\/wp\/v2\/pages\/422133"}],"wp:attachment":[{"href":"https:\/\/www.vdhurk.nl\/pl\/wp-json\/wp\/v2\/media?parent=488093"}],"curies":[{"name":"wp","href":"https:\/\/api.w.org\/{rel}","templated":true}]}}