{"id":488091,"date":"2025-04-29T14:49:11","date_gmt":"2025-04-29T12:49:11","guid":{"rendered":"https:\/\/www.vdhurk.nl\/?page_id=488091"},"modified":"2025-04-29T14:52:15","modified_gmt":"2025-04-29T12:52:15","slug":"maszyna","status":"publish","type":"page","link":"https:\/\/www.vdhurk.nl\/pl\/iveco-bedrijfswagens\/daily\/automaat\/","title":{"rendered":"Iveco Daily automatyczny"},"content":{"rendered":"<section  class='av_textblock_section av-lu8gnh7d-4ac895489941e586c1d7c8cb72318135'  itemscope=\"itemscope\" itemtype=\"https:\/\/schema.org\/CreativeWork\" ><div class='avia_textblock'  itemprop=\"text\" ><h1>Czy wybierzesz Iveco Daily z automatyczn\u0105 skrzyni\u0105 bieg\u00f3w?<\/h1>\n<p>Nie chcesz zmienia\u0107 bieg\u00f3w i wolisz cieszy\u0107 si\u0119 wygod\u0105 automatycznej skrzyni bieg\u00f3w? W takim razie Iveco Daily z automatyczn\u0105 skrzyni\u0105 bieg\u00f3w to doskona\u0142y wyb\u00f3r. Ten pojazd u\u017cytkowy zyskuje na popularno\u015bci w ostatnich latach dzi\u0119ki swojej wszechstronno\u015bci i \u0142atwo\u015bci u\u017cytkowania. Zastanawiasz si\u0119, czy Iveco Daily pasuje do Twojej firmy? Czytaj dalej i przekonaj si\u0119 sam!<\/p>\n<\/div><\/section>\n\n<style type=\"text\/css\" data-created_by=\"avia_inline_auto\" id=\"style-css-av-lujjddpd-afa3d7a9eabd61123e643ed1228e781e\">\n#top .hr.hr-invisible.av-lujjddpd-afa3d7a9eabd61123e643ed1228e781e{\nheight:50px;\n}\n<\/style>\n<div  class='hr av-lujjddpd-afa3d7a9eabd61123e643ed1228e781e hr-invisible  avia-builder-el-1  el_after_av_textblock  el_before_av_codeblock'><span class='hr-inner'><span class=\"hr-inner-style\"><\/span><\/span><\/div>\n\n\n<style type=\"text\/css\" data-created_by=\"avia_inline_auto\" id=\"style-css-av-ah0xd-63338d9dc6b40410e22a712829c369d6\">\n#top .hr.hr-invisible.av-ah0xd-63338d9dc6b40410e22a712829c369d6{\nheight:50px;\n}\n<\/style>\n<div  class='hr av-ah0xd-63338d9dc6b40410e22a712829c369d6 hr-invisible  avia-builder-el-3  el_after_av_codeblock  el_before_av_textblock'><span class='hr-inner'><span class=\"hr-inner-style\"><\/span><\/span><\/div>\n<section  class='av_textblock_section av-lu8gow1e-300853e458ed741bd87d6cb78e55cc7a'  itemscope=\"itemscope\" itemtype=\"https:\/\/schema.org\/CreativeWork\" ><div class='avia_textblock'  itemprop=\"text\" ><h2>Automat: jakie s\u0105 jego zalety?<\/h2>\n<p>Coraz wi\u0119cej firm przechodzi na automatyczn\u0105 skrzyni\u0119 bieg\u00f3w i oczywi\u015bcie dzieje si\u0119 tak nie bez powodu. Automatyczna skrzynia bieg\u00f3w ma kilka zalet w por\u00f3wnaniu z manualn\u0105 skrzyni\u0105 bieg\u00f3w. Na przyk\u0142ad, zyskujesz dodatkowy komfort jazdy i wygod\u0119, poniewa\u017c zmiana bieg\u00f3w nie jest ju\u017c konieczna. Jest to szczeg\u00f3lnie przydatne przy du\u017cym nat\u0119\u017ceniu ruchu, np. w korkach. Ponadto mo\u017cna w pe\u0142ni skupi\u0107 si\u0119 na drodze, podczas gdy samoch\u00f3d jedzie p\u0142ynnie i nie ga\u015bnie, jak w przypadku manualnej skrzyni bieg\u00f3w. Wszystkie te zalety sprawiaj\u0105, \u017ce Iveco Daily to m\u0105dry i niezawodny wyb\u00f3r dla Twojej firmy.<\/p>\n<\/div><\/section>\n<div class='flex_column av-f64w1-da126f42b61613402309283c14245a25 av_one_half  avia-builder-el-5  el_after_av_textblock  el_before_av_one_third  first flex_column_div column-top-margin'   ><section  class='av_textblock_section av-lu8gpqre-73cc2c17e6a6497ba6e1b58af22bd9e8'  itemscope=\"itemscope\" itemtype=\"https:\/\/schema.org\/CreativeWork\" ><div class='avia_textblock'  itemprop=\"text\" ><h2>Co sprawia, \u017ce Iveco Daily jest dobrym pojazdem u\u017cytkowym?<\/h2>\n<p>Iveco Daily jest znany jako pot\u0119\u017cny i wszechstronny pojazd u\u017cytkowy, kt\u00f3ry doskonale odpowiada potrzebom przedsi\u0119biorc\u00f3w. Dzi\u0119ki mocnym silnikom i du\u017cej \u0142adowno\u015bci model ten jest idealny zar\u00f3wno do lekkich, jak i ci\u0119\u017ckich \u0142adunk\u00f3w. Niezale\u017cnie od tego, czy cz\u0119sto podr\u00f3\u017cujesz na d\u0142ugich dystansach, czy je\u017adzisz g\u0142\u00f3wnie w ruchu miejskim, ten pojazd u\u017cytkowy zawsze ma odpowiedni\u0105 wersj\u0119. Co wi\u0119cej, pojazd jest dost\u0119pny w r\u00f3\u017cnych latach produkcji, przebiegach i kolorach, wi\u0119c zawsze znajdziesz model, kt\u00f3ry idealnie pasuje do Twojej firmy.<\/p>\n<\/div><\/section><\/div>\n<div class='flex_column av-aldk9-ee694297f5c4032981677a02caab84d6 av_one_third  avia-builder-el-7  el_after_av_one_half  el_before_av_hr  flex_column_div column-top-margin'   ><style type=\"text\/css\" data-created_by=\"avia_inline_auto\" id=\"style-css-av-l1w9kpsf-4ec3fab772ec7a9adaa33cfc64ff0475\">\n.avia-image-container.av-l1w9kpsf-4ec3fab772ec7a9adaa33cfc64ff0475 .av-image-caption-overlay-center{\ncolor:#ffffff;\n}\n<\/style>\n<div  class='avia-image-container av-l1w9kpsf-4ec3fab772ec7a9adaa33cfc64ff0475 av-styling- avia-align-center  avia-builder-el-8  avia-builder-el-no-sibling'  itemprop=\"image\" itemscope=\"itemscope\" itemtype=\"https:\/\/schema.org\/ImageObject\" ><div class=\"avia-image-container-inner\"><div class=\"avia-image-overlay-wrap\"><img decoding=\"async\" class='wp-image-187 avia-img-lazy-loading-not-187 avia_image' src=\"https:\/\/www.vdhurk.nl\/wp-content\/uploads\/2022\/03\/Voorrad.png\" alt='' title='Stock'  height=\"758\" width=\"1135\"  itemprop=\"thumbnailUrl\" srcset=\"https:\/\/www.vdhurk.nl\/wp-content\/uploads\/2022\/03\/Voorrad.png 1135w, https:\/\/www.vdhurk.nl\/wp-content\/uploads\/2022\/03\/Voorrad-300x200.png 300w, https:\/\/www.vdhurk.nl\/wp-content\/uploads\/2022\/03\/Voorrad-1030x688.png 1030w, https:\/\/www.vdhurk.nl\/wp-content\/uploads\/2022\/03\/Voorrad-768x513.png 768w, https:\/\/www.vdhurk.nl\/wp-content\/uploads\/2022\/03\/Voorrad-18x12.png 18w, https:\/\/www.vdhurk.nl\/wp-content\/uploads\/2022\/03\/Voorrad-705x471.png 705w\" sizes=\"(max-width: 1135px) 100vw, 1135px\" \/><\/div><\/div><\/div><\/div>\n\n<style type=\"text\/css\" data-created_by=\"avia_inline_auto\" id=\"style-css-av-luqrjpjc-5a23a1fb5f94718ca85316a9df963e2f\">\n#top .hr.hr-invisible.av-luqrjpjc-5a23a1fb5f94718ca85316a9df963e2f{\nheight:50px;\n}\n<\/style>\n<div  class='hr av-luqrjpjc-5a23a1fb5f94718ca85316a9df963e2f hr-invisible  avia-builder-el-9  el_after_av_one_third  el_before_av_textblock'><span class='hr-inner'><span class=\"hr-inner-style\"><\/span><\/span><\/div>\n<section  class='av_textblock_section av-lu8gtjw7-4f3cee9304909518d86d2860d9d582dd'  itemscope=\"itemscope\" itemtype=\"https:\/\/schema.org\/CreativeWork\" ><div class='avia_textblock'  itemprop=\"text\" ><h2>Ile kosztuje pojazd u\u017cytkowy Iveco Daily?<\/h2>\n<p>Cena automatycznego Iveco Daily zale\u017cy od kilku czynnik\u00f3w, takich jak wersja, rok produkcji i przebieg. Czy chcesz wersj\u0119 standardow\u0105, czy mo\u017ce nieco bardziej luksusow\u0105? Tak czy inaczej, zawsze istnieje wariant, kt\u00f3ry pasuje do Twojego bud\u017cetu i \u017cycze\u0144. Chcesz wiedzie\u0107, jakie masz opcje w ramach dost\u0119pnego bud\u017cetu? Zapraszamy do kontaktu z nami, ch\u0119tnie pomo\u017cemy w wyborze idealnego samochodu s\u0142u\u017cbowego.<\/p>\n<h2>Kupno lub leasing<\/h2>\n<p>W Van den Hurk masz kilka opcji finansowania swojego pojazdu u\u017cytkowego. Czy chcesz kupi\u0107 Iveco Daily od razu i zap\u0142aci\u0107 za jednym razem? A mo\u017ce wolisz wybra\u0107 <a href=\"https:\/\/www.vdhurk.nl\/pl\/leasing-finansowy\/\">leasing finansowy<\/a>gdzie p\u0142acisz sta\u0142\u0105 miesi\u0119czn\u0105 kwot\u0119 i ostatecznie stajesz si\u0119 w\u0142a\u015bcicielem pojazdu? Dzi\u0119ki tej formie leasingu mo\u017cesz czerpa\u0107 korzy\u015bci z roz\u0142o\u017conych w czasie p\u0142atno\u015bci, podczas gdy samoch\u00f3d s\u0142u\u017cbowy jest ca\u0142kowicie Tw\u00f3j po zako\u0144czeniu okresu leasingu. Masz w\u0105tpliwo\u015bci co do najlepszej opcji? Z przyjemno\u015bci\u0105 doradzimy i pomo\u017cemy dokona\u0107 w\u0142a\u015bciwego wyboru.<\/p>\n<h2>B\u0105d\u017a na bie\u017c\u0105co z aktualnymi ofertami<\/h2>\n<p>Jeste\u015b przekonany, \u017ce Iveco Daily automatic to idealny pojazd u\u017cytkowy dla Ciebie? A mo\u017ce potrzebujesz dodatkowych informacji, aby dokona\u0107 w\u0142a\u015bciwego wyboru? Je\u015bli masz jakie\u015b pytania lub potrzebujesz wi\u0119cej informacji, ch\u0119tnie pomo\u017cemy. Skontaktuj si\u0119 z nami lub zapoznaj si\u0119 z nasz\u0105 aktualn\u0105 ofert\u0105. Nadal nie znalaz\u0142e\u015b tego, czego szukasz? Zarejestruj si\u0119 w naszym <a href=\"https:\/\/www.vdhurk.nl\/pl\/alarm-gieldowy\/\">alarm gie\u0142dowy<\/a> B\u0105d\u017a na bie\u017c\u0105co z nowo\u015bciami!<\/p>\n<\/div><\/section>\n<div class='flex_column av-81no9hv-44a80e93f621b2a9d4a87d97cff509c3 av_one_full  avia-builder-el-11  el_after_av_textblock  avia-builder-el-last  first flex_column_div column-top-margin'   ><\/div>","protected":false},"excerpt":{"rendered":"","protected":false},"author":3,"featured_media":0,"parent":409579,"menu_order":0,"comment_status":"closed","ping_status":"closed","template":"","meta":{"_acf_changed":false,"_improvement_type_select":"improve_an_existing","_thumb_yes_seoaic":false,"_frame_yes_seoaic":false,"seoaic_generate_description":"","seoaic_improve_instructions_prompt":"","seoaic_rollback_content_improvement":"","seoaic_idea_thumbnail_generator":"","thumbnail_generated":false,"thumbnail_generate_prompt":"","seoaic_article_description":"","footnotes":""},"class_list":["post-488091","page","type-page","status-publish","hentry"],"acf":[],"yoast_head":"<!-- This site is optimized with the Yoast SEO plugin v27.2 - https:\/\/yoast.com\/product\/yoast-seo-wordpress\/ -->\n<title>Kies je voor een Iveco Daily automaat?<\/title>\n<meta name=\"description\" content=\"Niet langer schakelen? Dan is de Iveco Daily automaat zeker het overwegen waard. Ontdek de verschillende specificaties, uitvoeringen en de vele voordelen.\" \/>\n<meta name=\"robots\" content=\"index, follow, max-snippet:-1, max-image-preview:large, max-video-preview:-1\" \/>\n<link rel=\"canonical\" href=\"https:\/\/www.vdhurk.nl\/pl\/pojazdy-uzytkowe-iveco\/mercedes-8\/maszyna\/\" \/>\n<meta property=\"og:locale\" content=\"pl_PL\" \/>\n<meta property=\"og:type\" content=\"article\" \/>\n<meta property=\"og:title\" content=\"Kies je voor een Iveco Daily automaat?\" \/>\n<meta property=\"og:description\" content=\"Niet langer schakelen? Dan is de Iveco Daily automaat zeker het overwegen waard. Ontdek de verschillende specificaties, uitvoeringen en de vele voordelen.\" \/>\n<meta property=\"og:url\" content=\"https:\/\/www.vdhurk.nl\/pl\/pojazdy-uzytkowe-iveco\/mercedes-8\/maszyna\/\" \/>\n<meta property=\"og:site_name\" content=\"Van den Hurk Bedrijfswagens\" \/>\n<meta property=\"article:modified_time\" content=\"2025-04-29T12:52:15+00:00\" \/>\n<meta name=\"twitter:card\" content=\"summary_large_image\" \/>\n<meta name=\"twitter:label1\" content=\"Szacowany czas czytania\" \/>\n\t<meta name=\"twitter:data1\" content=\"5 minut\" \/>\n<script type=\"application\/ld+json\" class=\"yoast-schema-graph\">{\"@context\":\"https:\/\/schema.org\",\"@graph\":[{\"@type\":\"WebPage\",\"@id\":\"https:\/\/www.vdhurk.nl\/iveco-bedrijfswagens\/daily\/automaat\/\",\"url\":\"https:\/\/www.vdhurk.nl\/iveco-bedrijfswagens\/daily\/automaat\/\",\"name\":\"Kies je voor een Iveco Daily automaat?\",\"isPartOf\":{\"@id\":\"https:\/\/www.vdhurk.nl\/#website\"},\"datePublished\":\"2025-04-29T12:49:11+00:00\",\"dateModified\":\"2025-04-29T12:52:15+00:00\",\"description\":\"Niet langer schakelen? Dan is de Iveco Daily automaat zeker het overwegen waard. Ontdek de verschillende specificaties, uitvoeringen en de vele voordelen.\",\"breadcrumb\":{\"@id\":\"https:\/\/www.vdhurk.nl\/iveco-bedrijfswagens\/daily\/automaat\/#breadcrumb\"},\"inLanguage\":\"pl-PL\",\"potentialAction\":[{\"@type\":\"ReadAction\",\"target\":[\"https:\/\/www.vdhurk.nl\/iveco-bedrijfswagens\/daily\/automaat\/\"]}]},{\"@type\":\"BreadcrumbList\",\"@id\":\"https:\/\/www.vdhurk.nl\/iveco-bedrijfswagens\/daily\/automaat\/#breadcrumb\",\"itemListElement\":[{\"@type\":\"ListItem\",\"position\":1,\"name\":\"Home\",\"item\":\"https:\/\/www.vdhurk.nl\/home\/\"},{\"@type\":\"ListItem\",\"position\":2,\"name\":\"Iveco Bedrijfswagens\",\"item\":\"https:\/\/www.vdhurk.nl\/iveco-bedrijfswagens\/\"},{\"@type\":\"ListItem\",\"position\":3,\"name\":\"Iveco Daily\",\"item\":\"https:\/\/www.vdhurk.nl\/iveco-bedrijfswagens\/daily\/\"},{\"@type\":\"ListItem\",\"position\":4,\"name\":\"Iveco Daily automaat\"}]},{\"@type\":\"WebSite\",\"@id\":\"https:\/\/www.vdhurk.nl\/#website\",\"url\":\"https:\/\/www.vdhurk.nl\/\",\"name\":\"Van den Hurk Bedrijfswagens\",\"description\":\"Van den Hurk bedrijfswagens Helmond\",\"potentialAction\":[{\"@type\":\"SearchAction\",\"target\":{\"@type\":\"EntryPoint\",\"urlTemplate\":\"https:\/\/www.vdhurk.nl\/?s={search_term_string}\"},\"query-input\":{\"@type\":\"PropertyValueSpecification\",\"valueRequired\":true,\"valueName\":\"search_term_string\"}}],\"inLanguage\":\"pl-PL\"}]}<\/script>\n<!-- \/ Yoast SEO plugin. -->","yoast_head_json":{"title":"Czy wybra\u0107 Iveco Daily z automatyczn\u0105 skrzyni\u0105 bieg\u00f3w?","description":"Nie chcesz ju\u017c zmienia\u0107 bieg\u00f3w? W takim razie zdecydowanie warto rozwa\u017cy\u0107 Iveco Daily z automatyczn\u0105 skrzyni\u0105 bieg\u00f3w. Poznaj r\u00f3\u017cne specyfikacje, wersje i liczne zalety.","robots":{"index":"index","follow":"follow","max-snippet":"max-snippet:-1","max-image-preview":"max-image-preview:large","max-video-preview":"max-video-preview:-1"},"canonical":"https:\/\/www.vdhurk.nl\/pl\/pojazdy-uzytkowe-iveco\/mercedes-8\/maszyna\/","og_locale":"pl_PL","og_type":"article","og_title":"Kies je voor een Iveco Daily automaat?","og_description":"Niet langer schakelen? Dan is de Iveco Daily automaat zeker het overwegen waard. Ontdek de verschillende specificaties, uitvoeringen en de vele voordelen.","og_url":"https:\/\/www.vdhurk.nl\/pl\/pojazdy-uzytkowe-iveco\/mercedes-8\/maszyna\/","og_site_name":"Van den Hurk Bedrijfswagens","article_modified_time":"2025-04-29T12:52:15+00:00","twitter_card":"summary_large_image","twitter_misc":{"Szacowany czas czytania":"5 minut"},"schema":{"@context":"https:\/\/schema.org","@graph":[{"@type":"WebPage","@id":"https:\/\/www.vdhurk.nl\/iveco-bedrijfswagens\/daily\/automaat\/","url":"https:\/\/www.vdhurk.nl\/iveco-bedrijfswagens\/daily\/automaat\/","name":"Czy wybra\u0107 Iveco Daily z automatyczn\u0105 skrzyni\u0105 bieg\u00f3w?","isPartOf":{"@id":"https:\/\/www.vdhurk.nl\/#website"},"datePublished":"2025-04-29T12:49:11+00:00","dateModified":"2025-04-29T12:52:15+00:00","description":"Nie chcesz ju\u017c zmienia\u0107 bieg\u00f3w? W takim razie zdecydowanie warto rozwa\u017cy\u0107 Iveco Daily z automatyczn\u0105 skrzyni\u0105 bieg\u00f3w. Poznaj r\u00f3\u017cne specyfikacje, wersje i liczne zalety.","breadcrumb":{"@id":"https:\/\/www.vdhurk.nl\/iveco-bedrijfswagens\/daily\/automaat\/#breadcrumb"},"inLanguage":"pl-PL","potentialAction":[{"@type":"ReadAction","target":["https:\/\/www.vdhurk.nl\/iveco-bedrijfswagens\/daily\/automaat\/"]}]},{"@type":"BreadcrumbList","@id":"https:\/\/www.vdhurk.nl\/iveco-bedrijfswagens\/daily\/automaat\/#breadcrumb","itemListElement":[{"@type":"ListItem","position":1,"name":"Home","item":"https:\/\/www.vdhurk.nl\/home\/"},{"@type":"ListItem","position":2,"name":"Iveco Bedrijfswagens","item":"https:\/\/www.vdhurk.nl\/iveco-bedrijfswagens\/"},{"@type":"ListItem","position":3,"name":"Iveco Daily","item":"https:\/\/www.vdhurk.nl\/iveco-bedrijfswagens\/daily\/"},{"@type":"ListItem","position":4,"name":"Iveco Daily automaat"}]},{"@type":"WebSite","@id":"https:\/\/www.vdhurk.nl\/#website","url":"https:\/\/www.vdhurk.nl\/","name":"Van den Hurk - pojazdy u\u017cytkowe","description":"Van den Hurk pojazdy u\u017cytkowe Helmond","potentialAction":[{"@type":"SearchAction","target":{"@type":"EntryPoint","urlTemplate":"https:\/\/www.vdhurk.nl\/?s={search_term_string}"},"query-input":{"@type":"PropertyValueSpecification","valueRequired":true,"valueName":"search_term_string"}}],"inLanguage":"pl-PL"}]}},"_links":{"self":[{"href":"https:\/\/www.vdhurk.nl\/pl\/wp-json\/wp\/v2\/pages\/488091","targetHints":{"allow":["GET"]}}],"collection":[{"href":"https:\/\/www.vdhurk.nl\/pl\/wp-json\/wp\/v2\/pages"}],"about":[{"href":"https:\/\/www.vdhurk.nl\/pl\/wp-json\/wp\/v2\/types\/page"}],"author":[{"embeddable":true,"href":"https:\/\/www.vdhurk.nl\/pl\/wp-json\/wp\/v2\/users\/3"}],"replies":[{"embeddable":true,"href":"https:\/\/www.vdhurk.nl\/pl\/wp-json\/wp\/v2\/comments?post=488091"}],"version-history":[{"count":2,"href":"https:\/\/www.vdhurk.nl\/pl\/wp-json\/wp\/v2\/pages\/488091\/revisions"}],"predecessor-version":[{"id":488800,"href":"https:\/\/www.vdhurk.nl\/pl\/wp-json\/wp\/v2\/pages\/488091\/revisions\/488800"}],"up":[{"embeddable":true,"href":"https:\/\/www.vdhurk.nl\/pl\/wp-json\/wp\/v2\/pages\/409579"}],"wp:attachment":[{"href":"https:\/\/www.vdhurk.nl\/pl\/wp-json\/wp\/v2\/media?parent=488091"}],"curies":[{"name":"wp","href":"https:\/\/api.w.org\/{rel}","templated":true}]}}