{"id":488088,"date":"2025-04-29T14:26:06","date_gmt":"2025-04-29T12:26:06","guid":{"rendered":"https:\/\/www.vdhurk.nl\/?page_id=488088"},"modified":"2025-04-29T14:26:06","modified_gmt":"2025-04-29T12:26:06","slug":"maszyna","status":"publish","type":"page","link":"https:\/\/www.vdhurk.nl\/pl\/fiat-bedrijfswagens\/talento\/automaat\/","title":{"rendered":"Automatyczna skrzynia bieg\u00f3w Fiat Talento"},"content":{"rendered":"<section  class='av_textblock_section av-lu8gnh7d-4ac895489941e586c1d7c8cb72318135'  itemscope=\"itemscope\" itemtype=\"https:\/\/schema.org\/CreativeWork\" ><div class='avia_textblock'  itemprop=\"text\" ><h1>Czy Fiat Talento automatic to co\u015b dla Ciebie?<\/h1>\n<p>Zm\u0119czony zmian\u0105 bieg\u00f3w i gotowy na wi\u0119kszy komfort jazdy? W takim razie rozwa\u017c Fiata Talento z automatyczn\u0105 skrzyni\u0105 bieg\u00f3w. Ten nowoczesny pojazd u\u017cytkowy nie bez powodu cieszy si\u0119 ogromn\u0105 popularno\u015bci\u0105 w\u015br\u00f3d kierowc\u00f3w biznesowych. Dzi\u0119ki r\u00f3\u017cnym wersjom, inteligentnym specyfikacjom oraz automatycznej skrzyni bieg\u00f3w, Fiat Talento jest praktycznym i wygodnym wyborem dla ka\u017cdego przedsi\u0119biorcy. Dowiedz si\u0119, czy ten pojazd pasuje do Twojej firmy.<\/p>\n<\/div><\/section>\n\n<style type=\"text\/css\" data-created_by=\"avia_inline_auto\" id=\"style-css-av-lujjddpd-afa3d7a9eabd61123e643ed1228e781e\">\n#top .hr.hr-invisible.av-lujjddpd-afa3d7a9eabd61123e643ed1228e781e{\nheight:50px;\n}\n<\/style>\n<div  class='hr av-lujjddpd-afa3d7a9eabd61123e643ed1228e781e hr-invisible  avia-builder-el-1  el_after_av_textblock  el_before_av_codeblock'><span class='hr-inner'><span class=\"hr-inner-style\"><\/span><\/span><\/div>\n\n\n<style type=\"text\/css\" data-created_by=\"avia_inline_auto\" id=\"style-css-av-ah0xd-63338d9dc6b40410e22a712829c369d6\">\n#top .hr.hr-invisible.av-ah0xd-63338d9dc6b40410e22a712829c369d6{\nheight:50px;\n}\n<\/style>\n<div  class='hr av-ah0xd-63338d9dc6b40410e22a712829c369d6 hr-invisible  avia-builder-el-3  el_after_av_codeblock  el_before_av_one_half'><span class='hr-inner'><span class=\"hr-inner-style\"><\/span><\/span><\/div>\n<div class='flex_column av-f64w1-da126f42b61613402309283c14245a25 av_one_half  avia-builder-el-4  el_after_av_hr  el_before_av_one_third  first flex_column_div'   ><section  class='av_textblock_section av-lu8gpqre-73cc2c17e6a6497ba6e1b58af22bd9e8'  itemscope=\"itemscope\" itemtype=\"https:\/\/schema.org\/CreativeWork\" ><div class='avia_textblock'  itemprop=\"text\" ><h2>Zalety automatycznego samochodu s\u0142u\u017cbowego<\/h2>\n<p>Coraz wi\u0119cej przedsi\u0119biorc\u00f3w \u015bwiadomie wybiera samoch\u00f3d s\u0142u\u017cbowy z automatyczn\u0105 skrzyni\u0105 bieg\u00f3w, poniewa\u017c oferuje ona wiele korzy\u015bci. Automat zapewnia maksymalny komfort jazdy: koniec z k\u0142opotliw\u0105 zmian\u0105 bieg\u00f3w czy wciskaniem sprz\u0119g\u0142a. Szczeg\u00f3lnie w zat\u0142oczonym ruchu miejskim lub korkach jest to ulga. Ponadto zwi\u0119ksza bezpiecze\u0144stwo. Poniewa\u017c trzymasz r\u0119ce na kierownicy i mo\u017cesz skupi\u0107 swoj\u0105 uwag\u0119 na drodze, prowadzisz spokojniej i czujniej. Kr\u00f3tko m\u00f3wi\u0105c: dla firm automatyczna skrzynia bieg\u00f3w to m\u0105dra inwestycja w komfort i bezpiecze\u0144stwo.<\/p>\n<\/div><\/section><\/div><div class='flex_column av-aldk9-ee694297f5c4032981677a02caab84d6 av_one_third  avia-builder-el-6  el_after_av_one_half  el_before_av_hr  flex_column_div'   ><style type=\"text\/css\" data-created_by=\"avia_inline_auto\" id=\"style-css-av-l1w9kpsf-4ec3fab772ec7a9adaa33cfc64ff0475\">\n.avia-image-container.av-l1w9kpsf-4ec3fab772ec7a9adaa33cfc64ff0475 .av-image-caption-overlay-center{\ncolor:#ffffff;\n}\n<\/style>\n<div  class='avia-image-container av-l1w9kpsf-4ec3fab772ec7a9adaa33cfc64ff0475 av-styling- avia-align-center  avia-builder-el-7  avia-builder-el-no-sibling'  itemprop=\"image\" itemscope=\"itemscope\" itemtype=\"https:\/\/schema.org\/ImageObject\" ><div class=\"avia-image-container-inner\"><div class=\"avia-image-overlay-wrap\"><img decoding=\"async\" class='wp-image-187 avia-img-lazy-loading-not-187 avia_image' src=\"https:\/\/www.vdhurk.nl\/wp-content\/uploads\/2022\/03\/Voorrad.png\" alt='' title='Stock'  height=\"758\" width=\"1135\"  itemprop=\"thumbnailUrl\" srcset=\"https:\/\/www.vdhurk.nl\/wp-content\/uploads\/2022\/03\/Voorrad.png 1135w, https:\/\/www.vdhurk.nl\/wp-content\/uploads\/2022\/03\/Voorrad-300x200.png 300w, https:\/\/www.vdhurk.nl\/wp-content\/uploads\/2022\/03\/Voorrad-1030x688.png 1030w, https:\/\/www.vdhurk.nl\/wp-content\/uploads\/2022\/03\/Voorrad-768x513.png 768w, https:\/\/www.vdhurk.nl\/wp-content\/uploads\/2022\/03\/Voorrad-18x12.png 18w, https:\/\/www.vdhurk.nl\/wp-content\/uploads\/2022\/03\/Voorrad-705x471.png 705w\" sizes=\"(max-width: 1135px) 100vw, 1135px\" \/><\/div><\/div><\/div><\/div><\/p>\n\n<style type=\"text\/css\" data-created_by=\"avia_inline_auto\" id=\"style-css-av-luqrjpjc-5a23a1fb5f94718ca85316a9df963e2f\">\n#top .hr.hr-invisible.av-luqrjpjc-5a23a1fb5f94718ca85316a9df963e2f{\nheight:50px;\n}\n<\/style>\n<div  class='hr av-luqrjpjc-5a23a1fb5f94718ca85316a9df963e2f hr-invisible  avia-builder-el-8  el_after_av_one_third  el_before_av_textblock'><span class='hr-inner'><span class=\"hr-inner-style\"><\/span><\/span><\/div>\n<section  class='av_textblock_section av-lu8gtjw7-4f3cee9304909518d86d2860d9d582dd'  itemscope=\"itemscope\" itemtype=\"https:\/\/schema.org\/CreativeWork\" ><div class='avia_textblock'  itemprop=\"text\" ><h2>Cechy Fiata Talento z automatyczn\u0105 skrzyni\u0105 bieg\u00f3w<\/h2>\n<p>Fiat od dawna znany jest z produkcji niezawodnych i funkcjonalnych pojazd\u00f3w u\u017cytkowych, a automatyczny Talento jest tego najlepszym przyk\u0142adem. Ta wersja \u0142\u0105czy w sobie wszechstronno\u015b\u0107 i solidno\u015b\u0107, kt\u00f3rych mo\u017cna oczekiwa\u0107 od Fiata, z dodatkowym komfortem automatycznej skrzyni bieg\u00f3w. Niezale\u017cnie od tego, czy wybierzesz model standardowy, czy wersj\u0119 ze specjalnymi modyfikacjami, Talento bez trudu dostosuje si\u0119 do Twoich potrzeb biznesowych. Jego kompaktowe rozmiary sprawiaj\u0105, \u017ce jest zaskakuj\u0105co zwrotny, idealny do zat\u0142oczonego ruchu miejskiego.<\/p>\n<h2>Jakie s\u0105 ceny?<\/h2>\n<p>Jeste\u015b zainteresowany Fiatem Talento z automatyczn\u0105 skrzyni\u0105 bieg\u00f3w? W takim razie oczywi\u015bcie chcesz wiedzie\u0107, jakiej ceny mo\u017cesz si\u0119 w przybli\u017ceniu spodziewa\u0107. Ostateczna cena zale\u017cy od takich czynnik\u00f3w, jak wersja, rok produkcji, przebieg i stan pojazdu. Automatyczne skrzynie bieg\u00f3w s\u0105 cz\u0119sto wyj\u0105tkowo atrakcyjne ze wzgl\u0119du na wi\u0119kszy komfort jazdy i nowoczesn\u0105 technologi\u0119. Niezale\u017cnie od tego, czego szukasz, zawsze znajdziesz Fiata Talento, kt\u00f3ry Ci odpowiada. Poniewa\u017c nasza oferta stale si\u0119 zmienia, zalecamy regularne sprawdzanie naszego asortymentu w celu uzyskania najbardziej aktualnych opcji.<\/p>\n<h2>Kupujesz lub leasingujesz Fiata Talento?<\/h2>\n<p>Chcesz mie\u0107 samoch\u00f3d s\u0142u\u017cbowy, ale nie chcesz od razu dokonywa\u0107 du\u017cej inwestycji? W takim razie <a href=\"https:\/\/www.vdhurk.nl\/pl\/leasing-finansowy\/\">leasing finansowy<\/a> m\u0105dry wyb\u00f3r. Sp\u0142acasz pojazd w sta\u0142ych miesi\u0119cznych ratach, a na koniec okresu jeste\u015b jego pe\u0142noprawnym w\u0142a\u015bcicielem. W ten spos\u00f3b zachowujesz zakres finansowy i bezpiecze\u0144stwo. Wolisz sta\u0107 si\u0119 w\u0142a\u015bcicielem od razu? W takim razie mo\u017cesz r\u00f3wnie\u017c kupi\u0107 Fiata Talento automatic za jednym zamachem. Jest to idealne rozwi\u0105zanie, je\u015bli chcesz od razu wprowadzi\u0107 pojazd do swojego bilansu lub unikn\u0105\u0107 comiesi\u0119cznych op\u0142at. Obie opcje maj\u0105 swoje zalety, wi\u0119c wybierz to, co najlepiej pasuje do Twojej sytuacji.<\/p>\n<h2>Przejrzyj ofert\u0119 i znajd\u017a sw\u00f3j idealny pojazd u\u017cytkowy<\/h2>\n<p>Jeste\u015b przekonany, \u017ce Fiat Talento automatic to idealny pojazd u\u017cytkowy? A mo\u017ce potrzebujesz nieco wi\u0119cej informacji, aby podj\u0105\u0107 dobr\u0105 decyzj\u0119? Nasz zesp\u00f3\u0142 zawsze ch\u0119tnie s\u0142u\u017cy rad\u0105. Skontaktuj si\u0119 z nami, aby om\u00f3wi\u0107 nasz\u0105 aktualn\u0105 ofert\u0119.<\/p>\n<\/div><\/section>\n<div class='flex_column av-81no9hv-44a80e93f621b2a9d4a87d97cff509c3 av_one_full  avia-builder-el-10  el_after_av_textblock  avia-builder-el-last  first flex_column_div column-top-margin'   ><\/div>","protected":false},"excerpt":{"rendered":"","protected":false},"author":3,"featured_media":0,"parent":402259,"menu_order":0,"comment_status":"closed","ping_status":"closed","template":"","meta":{"_acf_changed":false,"_improvement_type_select":"improve_an_existing","_thumb_yes_seoaic":false,"_frame_yes_seoaic":false,"seoaic_generate_description":"","seoaic_improve_instructions_prompt":"","seoaic_rollback_content_improvement":"","seoaic_idea_thumbnail_generator":"","thumbnail_generated":false,"thumbnail_generate_prompt":"","seoaic_article_description":"","footnotes":""},"class_list":["post-488088","page","type-page","status-publish","hentry"],"acf":[],"yoast_head":"<!-- This site is optimized with the Yoast SEO plugin v27.5 - https:\/\/yoast.com\/product\/yoast-seo-wordpress\/ -->\n<title>Niet langer schakelen? Kies een Fiat Talento automaat!<\/title>\n<meta name=\"description\" content=\"Benieuwd of de Fiat Talento automaat past bij jouw zakelijke behoeften? Bekijk het aanbod en ontdek meer over de specificaties en uitvoeringen.\" \/>\n<meta name=\"robots\" content=\"index, follow, max-snippet:-1, max-image-preview:large, max-video-preview:-1\" \/>\n<link rel=\"canonical\" href=\"https:\/\/www.vdhurk.nl\/pl\/pojazdy-uzytkowe-fiat\/mercedes-15\/maszyna\/\" \/>\n<meta property=\"og:locale\" content=\"pl_PL\" \/>\n<meta property=\"og:type\" content=\"article\" \/>\n<meta property=\"og:title\" content=\"Niet langer schakelen? Kies een Fiat Talento automaat!\" \/>\n<meta property=\"og:description\" content=\"Benieuwd of de Fiat Talento automaat past bij jouw zakelijke behoeften? Bekijk het aanbod en ontdek meer over de specificaties en uitvoeringen.\" \/>\n<meta property=\"og:url\" content=\"https:\/\/www.vdhurk.nl\/pl\/pojazdy-uzytkowe-fiat\/mercedes-15\/maszyna\/\" \/>\n<meta property=\"og:site_name\" content=\"Van den Hurk Bedrijfswagens\" \/>\n<meta name=\"twitter:card\" content=\"summary_large_image\" \/>\n<meta name=\"twitter:label1\" content=\"Szacowany czas czytania\" \/>\n\t<meta name=\"twitter:data1\" content=\"5 minut\" \/>\n<script type=\"application\/ld+json\" class=\"yoast-schema-graph\">{\"@context\":\"https:\\\/\\\/schema.org\",\"@graph\":[{\"@type\":\"WebPage\",\"@id\":\"https:\\\/\\\/www.vdhurk.nl\\\/fiat-bedrijfswagens\\\/talento\\\/automaat\\\/\",\"url\":\"https:\\\/\\\/www.vdhurk.nl\\\/fiat-bedrijfswagens\\\/talento\\\/automaat\\\/\",\"name\":\"Niet langer schakelen? Kies een Fiat Talento automaat!\",\"isPartOf\":{\"@id\":\"https:\\\/\\\/www.vdhurk.nl\\\/#website\"},\"datePublished\":\"2025-04-29T12:26:06+00:00\",\"description\":\"Benieuwd of de Fiat Talento automaat past bij jouw zakelijke behoeften? Bekijk het aanbod en ontdek meer over de specificaties en uitvoeringen.\",\"breadcrumb\":{\"@id\":\"https:\\\/\\\/www.vdhurk.nl\\\/fiat-bedrijfswagens\\\/talento\\\/automaat\\\/#breadcrumb\"},\"inLanguage\":\"pl-PL\",\"potentialAction\":[{\"@type\":\"ReadAction\",\"target\":[\"https:\\\/\\\/www.vdhurk.nl\\\/fiat-bedrijfswagens\\\/talento\\\/automaat\\\/\"]}]},{\"@type\":\"BreadcrumbList\",\"@id\":\"https:\\\/\\\/www.vdhurk.nl\\\/fiat-bedrijfswagens\\\/talento\\\/automaat\\\/#breadcrumb\",\"itemListElement\":[{\"@type\":\"ListItem\",\"position\":1,\"name\":\"Home\",\"item\":\"https:\\\/\\\/www.vdhurk.nl\\\/home\\\/\"},{\"@type\":\"ListItem\",\"position\":2,\"name\":\"Fiat Bedrijfswagens\",\"item\":\"https:\\\/\\\/www.vdhurk.nl\\\/fiat-bedrijfswagens\\\/\"},{\"@type\":\"ListItem\",\"position\":3,\"name\":\"Fiat Talento\",\"item\":\"https:\\\/\\\/www.vdhurk.nl\\\/fiat-bedrijfswagens\\\/talento\\\/\"},{\"@type\":\"ListItem\",\"position\":4,\"name\":\"Fiat Talento automaat\"}]},{\"@type\":\"WebSite\",\"@id\":\"https:\\\/\\\/www.vdhurk.nl\\\/#website\",\"url\":\"https:\\\/\\\/www.vdhurk.nl\\\/\",\"name\":\"Van den Hurk Bedrijfswagens\",\"description\":\"Van den Hurk bedrijfswagens Helmond\",\"potentialAction\":[{\"@type\":\"SearchAction\",\"target\":{\"@type\":\"EntryPoint\",\"urlTemplate\":\"https:\\\/\\\/www.vdhurk.nl\\\/?s={search_term_string}\"},\"query-input\":{\"@type\":\"PropertyValueSpecification\",\"valueRequired\":true,\"valueName\":\"search_term_string\"}}],\"inLanguage\":\"pl-PL\"}]}<\/script>\n<!-- \/ Yoast SEO plugin. -->","yoast_head_json":{"title":"Koniec ze zmian\u0105 bieg\u00f3w? Wybierz Fiata Talento z automatyczn\u0105 skrzyni\u0105 bieg\u00f3w!","description":"Zastanawiasz si\u0119, czy Fiat Talento automatic spe\u0142ni Twoje potrzeby biznesowe? Sprawd\u017a gam\u0119 i dowiedz si\u0119 wi\u0119cej o jej specyfikacjach i wersjach.","robots":{"index":"index","follow":"follow","max-snippet":"max-snippet:-1","max-image-preview":"max-image-preview:large","max-video-preview":"max-video-preview:-1"},"canonical":"https:\/\/www.vdhurk.nl\/pl\/pojazdy-uzytkowe-fiat\/mercedes-15\/maszyna\/","og_locale":"pl_PL","og_type":"article","og_title":"Niet langer schakelen? Kies een Fiat Talento automaat!","og_description":"Benieuwd of de Fiat Talento automaat past bij jouw zakelijke behoeften? Bekijk het aanbod en ontdek meer over de specificaties en uitvoeringen.","og_url":"https:\/\/www.vdhurk.nl\/pl\/pojazdy-uzytkowe-fiat\/mercedes-15\/maszyna\/","og_site_name":"Van den Hurk Bedrijfswagens","twitter_card":"summary_large_image","twitter_misc":{"Szacowany czas czytania":"5 minut"},"schema":{"@context":"https:\/\/schema.org","@graph":[{"@type":"WebPage","@id":"https:\/\/www.vdhurk.nl\/fiat-bedrijfswagens\/talento\/automaat\/","url":"https:\/\/www.vdhurk.nl\/fiat-bedrijfswagens\/talento\/automaat\/","name":"Koniec ze zmian\u0105 bieg\u00f3w? Wybierz Fiata Talento z automatyczn\u0105 skrzyni\u0105 bieg\u00f3w!","isPartOf":{"@id":"https:\/\/www.vdhurk.nl\/#website"},"datePublished":"2025-04-29T12:26:06+00:00","description":"Zastanawiasz si\u0119, czy Fiat Talento automatic spe\u0142ni Twoje potrzeby biznesowe? Sprawd\u017a gam\u0119 i dowiedz si\u0119 wi\u0119cej o jej specyfikacjach i wersjach.","breadcrumb":{"@id":"https:\/\/www.vdhurk.nl\/fiat-bedrijfswagens\/talento\/automaat\/#breadcrumb"},"inLanguage":"pl-PL","potentialAction":[{"@type":"ReadAction","target":["https:\/\/www.vdhurk.nl\/fiat-bedrijfswagens\/talento\/automaat\/"]}]},{"@type":"BreadcrumbList","@id":"https:\/\/www.vdhurk.nl\/fiat-bedrijfswagens\/talento\/automaat\/#breadcrumb","itemListElement":[{"@type":"ListItem","position":1,"name":"Home","item":"https:\/\/www.vdhurk.nl\/home\/"},{"@type":"ListItem","position":2,"name":"Fiat Bedrijfswagens","item":"https:\/\/www.vdhurk.nl\/fiat-bedrijfswagens\/"},{"@type":"ListItem","position":3,"name":"Fiat Talento","item":"https:\/\/www.vdhurk.nl\/fiat-bedrijfswagens\/talento\/"},{"@type":"ListItem","position":4,"name":"Fiat Talento automaat"}]},{"@type":"WebSite","@id":"https:\/\/www.vdhurk.nl\/#website","url":"https:\/\/www.vdhurk.nl\/","name":"Van den Hurk - pojazdy u\u017cytkowe","description":"Van den Hurk pojazdy u\u017cytkowe Helmond","potentialAction":[{"@type":"SearchAction","target":{"@type":"EntryPoint","urlTemplate":"https:\/\/www.vdhurk.nl\/?s={search_term_string}"},"query-input":{"@type":"PropertyValueSpecification","valueRequired":true,"valueName":"search_term_string"}}],"inLanguage":"pl-PL"}]}},"_links":{"self":[{"href":"https:\/\/www.vdhurk.nl\/pl\/wp-json\/wp\/v2\/pages\/488088","targetHints":{"allow":["GET"]}}],"collection":[{"href":"https:\/\/www.vdhurk.nl\/pl\/wp-json\/wp\/v2\/pages"}],"about":[{"href":"https:\/\/www.vdhurk.nl\/pl\/wp-json\/wp\/v2\/types\/page"}],"author":[{"embeddable":true,"href":"https:\/\/www.vdhurk.nl\/pl\/wp-json\/wp\/v2\/users\/3"}],"replies":[{"embeddable":true,"href":"https:\/\/www.vdhurk.nl\/pl\/wp-json\/wp\/v2\/comments?post=488088"}],"version-history":[{"count":3,"href":"https:\/\/www.vdhurk.nl\/pl\/wp-json\/wp\/v2\/pages\/488088\/revisions"}],"predecessor-version":[{"id":488797,"href":"https:\/\/www.vdhurk.nl\/pl\/wp-json\/wp\/v2\/pages\/488088\/revisions\/488797"}],"up":[{"embeddable":true,"href":"https:\/\/www.vdhurk.nl\/pl\/wp-json\/wp\/v2\/pages\/402259"}],"wp:attachment":[{"href":"https:\/\/www.vdhurk.nl\/pl\/wp-json\/wp\/v2\/media?parent=488088"}],"curies":[{"name":"wp","href":"https:\/\/api.w.org\/{rel}","templated":true}]}}