{"id":488083,"date":"2025-04-29T14:15:57","date_gmt":"2025-04-29T12:15:57","guid":{"rendered":"https:\/\/www.vdhurk.nl\/?page_id=488083"},"modified":"2025-04-29T14:15:57","modified_gmt":"2025-04-29T12:15:57","slug":"maszyna","status":"publish","type":"page","link":"https:\/\/www.vdhurk.nl\/pl\/fiat-bedrijfswagens\/scudo\/automaat\/","title":{"rendered":"Fiat Scudo automatyczny"},"content":{"rendered":"<section  class='av_textblock_section av-lu8gnh7d-4ac895489941e586c1d7c8cb72318135'  itemscope=\"itemscope\" itemtype=\"https:\/\/schema.org\/CreativeWork\" ><div class='avia_textblock'  itemprop=\"text\" ><h1>Znajd\u017a idealn\u0105 automatyczn\u0105 skrzyni\u0119 bieg\u00f3w do Fiat Scudo<\/h1>\n<p>Nie chcesz ju\u017c zmienia\u0107 bieg\u00f3w i szukasz pojazdu u\u017cytkowego z automatyczn\u0105 skrzyni\u0105 bieg\u00f3w? W takim razie Fiat Scudo z automatyczn\u0105 skrzyni\u0105 bieg\u00f3w jest w\u0142a\u015bnie tym, czego potrzebujesz. Zaprojektowany specjalnie dla u\u017cytkownik\u00f3w biznesowych, ten pojazd u\u017cytkowy jest ulubie\u0144cem przedsi\u0119biorc\u00f3w. Poznaj specyfikacje i wersje i zdecyduj, czy Fiat Scudo automatic b\u0119dzie odpowiedni dla Twojej firmy.<\/p>\n<\/div><\/section>\n\n<style type=\"text\/css\" data-created_by=\"avia_inline_auto\" id=\"style-css-av-lujjddpd-afa3d7a9eabd61123e643ed1228e781e\">\n#top .hr.hr-invisible.av-lujjddpd-afa3d7a9eabd61123e643ed1228e781e{\nheight:50px;\n}\n<\/style>\n<div  class='hr av-lujjddpd-afa3d7a9eabd61123e643ed1228e781e hr-invisible  avia-builder-el-1  el_after_av_textblock  el_before_av_codeblock'><span class='hr-inner'><span class=\"hr-inner-style\"><\/span><\/span><\/div>\n\n\n<style type=\"text\/css\" data-created_by=\"avia_inline_auto\" id=\"style-css-av-ah0xd-63338d9dc6b40410e22a712829c369d6\">\n#top .hr.hr-invisible.av-ah0xd-63338d9dc6b40410e22a712829c369d6{\nheight:50px;\n}\n<\/style>\n<div  class='hr av-ah0xd-63338d9dc6b40410e22a712829c369d6 hr-invisible  avia-builder-el-3  el_after_av_codeblock  el_before_av_textblock'><span class='hr-inner'><span class=\"hr-inner-style\"><\/span><\/span><\/div>\n<section  class='av_textblock_section av-lu8gow1e-300853e458ed741bd87d6cb78e55cc7a'  itemscope=\"itemscope\" itemtype=\"https:\/\/schema.org\/CreativeWork\" ><div class='avia_textblock'  itemprop=\"text\" ><h2>Zalety automatycznego<\/h2>\n<p>Zawsze p\u0142ynna zmiana bieg\u00f3w i beztroska jazda? Automatyczna skrzynia bieg\u00f3w Fiata Scudo zdejmuje z Ciebie ten obowi\u0105zek, dzi\u0119ki czemu mo\u017cesz w pe\u0142ni skupi\u0107 si\u0119 na drodze. Ten pojazd u\u017cytkowy zapewnia najwy\u017cszy komfort jazdy, bez konieczno\u015bci wciskania peda\u0142u sprz\u0119g\u0142a w korkach lub zmiany bieg\u00f3w na d\u0142ugich trasach. Niezale\u017cnie od tego, czy je\u017adzisz na d\u0142ugich dystansach, czy cz\u0119sto przewozisz ci\u0119\u017ckie \u0142adunki, automat Scudo bez trudu dostosuje si\u0119 do Twojego tempa. Wsi\u0105d\u017a, poczuj r\u00f3\u017cnic\u0119 i odkryj zalety automatycznej skrzyni bieg\u00f3w.<\/p>\n<\/div><\/section>\n<div class='flex_column av-f64w1-da126f42b61613402309283c14245a25 av_one_half  avia-builder-el-5  el_after_av_textblock  el_before_av_one_third  first flex_column_div column-top-margin'   ><section  class='av_textblock_section av-lu8gpqre-73cc2c17e6a6497ba6e1b58af22bd9e8'  itemscope=\"itemscope\" itemtype=\"https:\/\/schema.org\/CreativeWork\" ><div class='avia_textblock'  itemprop=\"text\" ><h2>Dlaczego Fiat Scudo to m\u0105dry wyb\u00f3r?<\/h2>\n<p>Fiat Scudo to pojazd u\u017cytkowy, kt\u00f3ry wyr\u00f3\u017cnia si\u0119 wszechstronno\u015bci\u0105 i wydajno\u015bci\u0105. Jego przestronna i przemy\u015blana przestrze\u0144 \u0142adunkowa sprawia, \u017ce doskonale nadaje si\u0119 zar\u00f3wno do transportu towar\u00f3w, jak i pasa\u017cer\u00f3w. Ponadto Scudo oferuje oszcz\u0119dne silniki i niskie koszty utrzymania, co czyni go ekonomiczn\u0105 opcj\u0105 dla firm, kt\u00f3re chc\u0105 utrzyma\u0107 swoje wydatki pod kontrol\u0105. Od logistyki i budownictwa po opiek\u0119 zdrowotn\u0105 i firmy us\u0142ugowe, Scudo jest niezawodnym partnerem w ka\u017cdym sektorze. Dzi\u0119ki praktycznej konstrukcji i ekonomicznym osi\u0105gom ten pojazd u\u017cytkowy jest m\u0105dr\u0105 inwestycj\u0105 dla ka\u017cdego przedsi\u0119biorcy.<\/p>\n<\/div><\/section><\/div><div class='flex_column av-aldk9-ee694297f5c4032981677a02caab84d6 av_one_third  avia-builder-el-7  el_after_av_one_half  el_before_av_hr  flex_column_div column-top-margin'   ><style type=\"text\/css\" data-created_by=\"avia_inline_auto\" id=\"style-css-av-l1w9kpsf-4ec3fab772ec7a9adaa33cfc64ff0475\">\n.avia-image-container.av-l1w9kpsf-4ec3fab772ec7a9adaa33cfc64ff0475 .av-image-caption-overlay-center{\ncolor:#ffffff;\n}\n<\/style>\n<div  class='avia-image-container av-l1w9kpsf-4ec3fab772ec7a9adaa33cfc64ff0475 av-styling- avia-align-center  avia-builder-el-8  avia-builder-el-no-sibling'  itemprop=\"image\" itemscope=\"itemscope\" itemtype=\"https:\/\/schema.org\/ImageObject\" ><div class=\"avia-image-container-inner\"><div class=\"avia-image-overlay-wrap\"><img decoding=\"async\" class='wp-image-187 avia-img-lazy-loading-not-187 avia_image' src=\"https:\/\/www.vdhurk.nl\/wp-content\/uploads\/2022\/03\/Voorrad.png\" alt='' title='Stock'  height=\"758\" width=\"1135\"  itemprop=\"thumbnailUrl\" srcset=\"https:\/\/www.vdhurk.nl\/wp-content\/uploads\/2022\/03\/Voorrad.png 1135w, https:\/\/www.vdhurk.nl\/wp-content\/uploads\/2022\/03\/Voorrad-300x200.png 300w, https:\/\/www.vdhurk.nl\/wp-content\/uploads\/2022\/03\/Voorrad-1030x688.png 1030w, https:\/\/www.vdhurk.nl\/wp-content\/uploads\/2022\/03\/Voorrad-768x513.png 768w, https:\/\/www.vdhurk.nl\/wp-content\/uploads\/2022\/03\/Voorrad-18x12.png 18w, https:\/\/www.vdhurk.nl\/wp-content\/uploads\/2022\/03\/Voorrad-705x471.png 705w\" sizes=\"(max-width: 1135px) 100vw, 1135px\" \/><\/div><\/div><\/div><\/div><\/p>\n\n<style type=\"text\/css\" data-created_by=\"avia_inline_auto\" id=\"style-css-av-luqrjpjc-5a23a1fb5f94718ca85316a9df963e2f\">\n#top .hr.hr-invisible.av-luqrjpjc-5a23a1fb5f94718ca85316a9df963e2f{\nheight:50px;\n}\n<\/style>\n<div  class='hr av-luqrjpjc-5a23a1fb5f94718ca85316a9df963e2f hr-invisible  avia-builder-el-9  el_after_av_one_third  el_before_av_textblock'><span class='hr-inner'><span class=\"hr-inner-style\"><\/span><\/span><\/div>\n<section  class='av_textblock_section av-lu8gtjw7-4f3cee9304909518d86d2860d9d582dd'  itemscope=\"itemscope\" itemtype=\"https:\/\/schema.org\/CreativeWork\" ><div class='avia_textblock'  itemprop=\"text\" ><h2>Ile kosztuje Fiat Scudo z automatyczn\u0105 skrzyni\u0105 bieg\u00f3w?<\/h2>\n<p>Cena Fiata Scudo automatic zale\u017cy od kilku czynnik\u00f3w, takich jak wersja, rok produkcji i przebieg. Nasza oferta zmienia si\u0119 regularnie, dlatego ceny s\u0105 zr\u00f3\u017cnicowane. Szukasz konkretnego modelu w ramach swojego bud\u017cetu? W takim razie sprawd\u017a nasz\u0105 aktualn\u0105 ofert\u0119 lub skontaktuj si\u0119 z nami w celu uzyskania osobistej porady. Ch\u0119tnie pomo\u017cemy w znalezieniu idealnego samochodu s\u0142u\u017cbowego dostosowanego do Twoich potrzeb i bud\u017cetu.<\/p>\n<h2>Leasing czy zakup Fiata Scudo: co dla Ciebie?<\/h2>\n<p>Masz w\u0105tpliwo\u015bci mi\u0119dzy zakupem a leasingiem Fiata Scudo automatic? W Van den Hurk oferujemy obie opcje, dzi\u0119ki czemu mo\u017cesz dokona\u0107 wyboru, kt\u00f3ry pasuje do Twojej sytuacji. Zakup jest idealnym rozwi\u0105zaniem, je\u015bli chcesz natychmiast sta\u0107 si\u0119 w\u0142a\u015bcicielem i nie chcesz by\u0107 zwi\u0105zany miesi\u0119cznymi zobowi\u0105zaniami. <a href=\"https:\/\/www.vdhurk.nl\/pl\/leasing-finansowy\/\">Leasing<\/a> pozwala na prowadzenie samochodu s\u0142u\u017cbowego bez du\u017cych inwestycji z g\u00f3ry. Sam decydujesz o okresie obowi\u0105zywania umowy i p\u0142acisz sta\u0142\u0105 miesi\u0119czn\u0105 kwot\u0119, dzi\u0119ki czemu dok\u0142adnie wiesz, na czym stoisz. Kt\u00f3ra opcja najlepiej pasuje do Twojej firmy? Z przyjemno\u015bci\u0105 pomo\u017cemy Ci dokona\u0107 w\u0142a\u015bciwego wyboru.<\/p>\n<h2>Znajd\u017a idealn\u0105 automatyczn\u0105 skrzyni\u0119 bieg\u00f3w Fiat Scudo<\/h2>\n<p>Fiat Scudo automatic: w Van den Hurk znajdziesz idealny pojazd u\u017cytkowy, kt\u00f3ry idealnie odpowiada Twoim potrzebom biznesowym. Jeste\u015bmy gotowi do pomocy. Skontaktuj si\u0119 z nami, aby uzyska\u0107 osobist\u0105 porad\u0119 lub om\u00f3wi\u0107 nasz\u0105 aktualn\u0105 ofert\u0119. Zakup lub leasing Fiata Scudo automatic nigdy nie by\u0142 \u0142atwiejszy.<\/p>\n<\/div><\/section>\n<div class='flex_column av-av_one_full-a93934ecd89fbb8a9566d39e89cd3725 av_one_full  avia-builder-el-11  el_after_av_textblock  avia-builder-el-last  first flex_column_div column-top-margin'   ><\/div>","protected":false},"excerpt":{"rendered":"","protected":false},"author":3,"featured_media":0,"parent":402263,"menu_order":0,"comment_status":"closed","ping_status":"closed","template":"","meta":{"_acf_changed":false,"_improvement_type_select":"improve_an_existing","_thumb_yes_seoaic":false,"_frame_yes_seoaic":false,"seoaic_generate_description":"","seoaic_improve_instructions_prompt":"","seoaic_rollback_content_improvement":"","seoaic_idea_thumbnail_generator":"","thumbnail_generated":false,"thumbnail_generate_prompt":"","seoaic_article_description":"","footnotes":""},"class_list":["post-488083","page","type-page","status-publish","hentry"],"acf":[],"yoast_head":"<!-- This site is optimized with the Yoast SEO plugin v27.5 - https:\/\/yoast.com\/product\/yoast-seo-wordpress\/ -->\n<title>Kies je voor een betrouwbare Fiat Scudo automaat?<\/title>\n<meta name=\"description\" content=\"Ben je op zoek naar een Fiat Scudo automaat? Bekijk het actuele aanbod bij Van den Hurk en vind de bedrijfswagen die perfect bij jou past.\" \/>\n<meta name=\"robots\" content=\"index, follow, max-snippet:-1, max-image-preview:large, max-video-preview:-1\" \/>\n<link rel=\"canonical\" href=\"https:\/\/www.vdhurk.nl\/pl\/pojazdy-uzytkowe-fiat\/mercedes-5\/maszyna\/\" \/>\n<meta property=\"og:locale\" content=\"pl_PL\" \/>\n<meta property=\"og:type\" content=\"article\" \/>\n<meta property=\"og:title\" content=\"Kies je voor een betrouwbare Fiat Scudo automaat?\" \/>\n<meta property=\"og:description\" content=\"Ben je op zoek naar een Fiat Scudo automaat? Bekijk het actuele aanbod bij Van den Hurk en vind de bedrijfswagen die perfect bij jou past.\" \/>\n<meta property=\"og:url\" content=\"https:\/\/www.vdhurk.nl\/pl\/pojazdy-uzytkowe-fiat\/mercedes-5\/maszyna\/\" \/>\n<meta property=\"og:site_name\" content=\"Van den Hurk Bedrijfswagens\" \/>\n<meta name=\"twitter:card\" content=\"summary_large_image\" \/>\n<meta name=\"twitter:label1\" content=\"Szacowany czas czytania\" \/>\n\t<meta name=\"twitter:data1\" content=\"5 minut\" \/>\n<script type=\"application\/ld+json\" class=\"yoast-schema-graph\">{\"@context\":\"https:\\\/\\\/schema.org\",\"@graph\":[{\"@type\":\"WebPage\",\"@id\":\"https:\\\/\\\/www.vdhurk.nl\\\/fiat-bedrijfswagens\\\/scudo\\\/automaat\\\/\",\"url\":\"https:\\\/\\\/www.vdhurk.nl\\\/fiat-bedrijfswagens\\\/scudo\\\/automaat\\\/\",\"name\":\"Kies je voor een betrouwbare Fiat Scudo automaat?\",\"isPartOf\":{\"@id\":\"https:\\\/\\\/www.vdhurk.nl\\\/#website\"},\"datePublished\":\"2025-04-29T12:15:57+00:00\",\"description\":\"Ben je op zoek naar een Fiat Scudo automaat? Bekijk het actuele aanbod bij Van den Hurk en vind de bedrijfswagen die perfect bij jou past.\",\"breadcrumb\":{\"@id\":\"https:\\\/\\\/www.vdhurk.nl\\\/fiat-bedrijfswagens\\\/scudo\\\/automaat\\\/#breadcrumb\"},\"inLanguage\":\"pl-PL\",\"potentialAction\":[{\"@type\":\"ReadAction\",\"target\":[\"https:\\\/\\\/www.vdhurk.nl\\\/fiat-bedrijfswagens\\\/scudo\\\/automaat\\\/\"]}]},{\"@type\":\"BreadcrumbList\",\"@id\":\"https:\\\/\\\/www.vdhurk.nl\\\/fiat-bedrijfswagens\\\/scudo\\\/automaat\\\/#breadcrumb\",\"itemListElement\":[{\"@type\":\"ListItem\",\"position\":1,\"name\":\"Home\",\"item\":\"https:\\\/\\\/www.vdhurk.nl\\\/home\\\/\"},{\"@type\":\"ListItem\",\"position\":2,\"name\":\"Fiat Bedrijfswagens\",\"item\":\"https:\\\/\\\/www.vdhurk.nl\\\/fiat-bedrijfswagens\\\/\"},{\"@type\":\"ListItem\",\"position\":3,\"name\":\"Fiat Scudo\",\"item\":\"https:\\\/\\\/www.vdhurk.nl\\\/fiat-bedrijfswagens\\\/scudo\\\/\"},{\"@type\":\"ListItem\",\"position\":4,\"name\":\"Fiat Scudo automaat\"}]},{\"@type\":\"WebSite\",\"@id\":\"https:\\\/\\\/www.vdhurk.nl\\\/#website\",\"url\":\"https:\\\/\\\/www.vdhurk.nl\\\/\",\"name\":\"Van den Hurk Bedrijfswagens\",\"description\":\"Van den Hurk bedrijfswagens Helmond\",\"potentialAction\":[{\"@type\":\"SearchAction\",\"target\":{\"@type\":\"EntryPoint\",\"urlTemplate\":\"https:\\\/\\\/www.vdhurk.nl\\\/?s={search_term_string}\"},\"query-input\":{\"@type\":\"PropertyValueSpecification\",\"valueRequired\":true,\"valueName\":\"search_term_string\"}}],\"inLanguage\":\"pl-PL\"}]}<\/script>\n<!-- \/ Yoast SEO plugin. -->","yoast_head_json":{"title":"Czy wybierzesz niezawodny automat Fiat Scudo?","description":"Szukasz Fiata Scudo z automatyczn\u0105 skrzyni\u0105 bieg\u00f3w? Sprawd\u017a aktualn\u0105 ofert\u0119 Van den Hurk i znajd\u017a pojazd u\u017cytkowy, kt\u00f3ry idealnie do Ciebie pasuje.","robots":{"index":"index","follow":"follow","max-snippet":"max-snippet:-1","max-image-preview":"max-image-preview:large","max-video-preview":"max-video-preview:-1"},"canonical":"https:\/\/www.vdhurk.nl\/pl\/pojazdy-uzytkowe-fiat\/mercedes-5\/maszyna\/","og_locale":"pl_PL","og_type":"article","og_title":"Kies je voor een betrouwbare Fiat Scudo automaat?","og_description":"Ben je op zoek naar een Fiat Scudo automaat? Bekijk het actuele aanbod bij Van den Hurk en vind de bedrijfswagen die perfect bij jou past.","og_url":"https:\/\/www.vdhurk.nl\/pl\/pojazdy-uzytkowe-fiat\/mercedes-5\/maszyna\/","og_site_name":"Van den Hurk Bedrijfswagens","twitter_card":"summary_large_image","twitter_misc":{"Szacowany czas czytania":"5 minut"},"schema":{"@context":"https:\/\/schema.org","@graph":[{"@type":"WebPage","@id":"https:\/\/www.vdhurk.nl\/fiat-bedrijfswagens\/scudo\/automaat\/","url":"https:\/\/www.vdhurk.nl\/fiat-bedrijfswagens\/scudo\/automaat\/","name":"Czy wybierzesz niezawodny automat Fiat Scudo?","isPartOf":{"@id":"https:\/\/www.vdhurk.nl\/#website"},"datePublished":"2025-04-29T12:15:57+00:00","description":"Szukasz Fiata Scudo z automatyczn\u0105 skrzyni\u0105 bieg\u00f3w? Sprawd\u017a aktualn\u0105 ofert\u0119 Van den Hurk i znajd\u017a pojazd u\u017cytkowy, kt\u00f3ry idealnie do Ciebie pasuje.","breadcrumb":{"@id":"https:\/\/www.vdhurk.nl\/fiat-bedrijfswagens\/scudo\/automaat\/#breadcrumb"},"inLanguage":"pl-PL","potentialAction":[{"@type":"ReadAction","target":["https:\/\/www.vdhurk.nl\/fiat-bedrijfswagens\/scudo\/automaat\/"]}]},{"@type":"BreadcrumbList","@id":"https:\/\/www.vdhurk.nl\/fiat-bedrijfswagens\/scudo\/automaat\/#breadcrumb","itemListElement":[{"@type":"ListItem","position":1,"name":"Home","item":"https:\/\/www.vdhurk.nl\/home\/"},{"@type":"ListItem","position":2,"name":"Fiat Bedrijfswagens","item":"https:\/\/www.vdhurk.nl\/fiat-bedrijfswagens\/"},{"@type":"ListItem","position":3,"name":"Fiat Scudo","item":"https:\/\/www.vdhurk.nl\/fiat-bedrijfswagens\/scudo\/"},{"@type":"ListItem","position":4,"name":"Fiat Scudo automaat"}]},{"@type":"WebSite","@id":"https:\/\/www.vdhurk.nl\/#website","url":"https:\/\/www.vdhurk.nl\/","name":"Van den Hurk - pojazdy u\u017cytkowe","description":"Van den Hurk pojazdy u\u017cytkowe Helmond","potentialAction":[{"@type":"SearchAction","target":{"@type":"EntryPoint","urlTemplate":"https:\/\/www.vdhurk.nl\/?s={search_term_string}"},"query-input":{"@type":"PropertyValueSpecification","valueRequired":true,"valueName":"search_term_string"}}],"inLanguage":"pl-PL"}]}},"_links":{"self":[{"href":"https:\/\/www.vdhurk.nl\/pl\/wp-json\/wp\/v2\/pages\/488083","targetHints":{"allow":["GET"]}}],"collection":[{"href":"https:\/\/www.vdhurk.nl\/pl\/wp-json\/wp\/v2\/pages"}],"about":[{"href":"https:\/\/www.vdhurk.nl\/pl\/wp-json\/wp\/v2\/types\/page"}],"author":[{"embeddable":true,"href":"https:\/\/www.vdhurk.nl\/pl\/wp-json\/wp\/v2\/users\/3"}],"replies":[{"embeddable":true,"href":"https:\/\/www.vdhurk.nl\/pl\/wp-json\/wp\/v2\/comments?post=488083"}],"version-history":[{"count":4,"href":"https:\/\/www.vdhurk.nl\/pl\/wp-json\/wp\/v2\/pages\/488083\/revisions"}],"predecessor-version":[{"id":488087,"href":"https:\/\/www.vdhurk.nl\/pl\/wp-json\/wp\/v2\/pages\/488083\/revisions\/488087"}],"up":[{"embeddable":true,"href":"https:\/\/www.vdhurk.nl\/pl\/wp-json\/wp\/v2\/pages\/402263"}],"wp:attachment":[{"href":"https:\/\/www.vdhurk.nl\/pl\/wp-json\/wp\/v2\/media?parent=488083"}],"curies":[{"name":"wp","href":"https:\/\/api.w.org\/{rel}","templated":true}]}}