{"id":47918,"date":"2022-07-20T12:59:22","date_gmt":"2022-07-20T12:59:22","guid":{"rendered":"https:\/\/vdhurk.bonsaidev.nl\/?page_id=47918"},"modified":"2022-07-20T13:06:58","modified_gmt":"2022-07-20T13:06:58","slug":"dzieki","status":"publish","type":"page","link":"https:\/\/www.vdhurk.nl\/pl\/bedankt\/","title":{"rendered":"Dzi\u0119ki"},"content":{"rendered":"<style type=\"text\/css\" data-created_by=\"avia_inline_auto\" id=\"style-css-av-3lps-270946ed979390ecdff9505b959faafc\">\n.avia-section.av-3lps-270946ed979390ecdff9505b959faafc{\nbackground-color:#000000;\n}\n<\/style>\n<div id='av_section_1'  class='avia-section av-3lps-270946ed979390ecdff9505b959faafc main_color avia-section-no-padding avia-no-border-styling  avia-builder-el-0  el_before_av_section  avia-builder-el-first  head-container av-medium-hide av-small-hide av-mini-hide avia-bg-style-scroll av-minimum-height av-minimum-height-custom  av-section-with-video-bg container_wrap fullsize'   data-section-video-ratio='16:9'><div  class='avia-slideshow av_slideshow_obj-1-69e03ad62f90f avia-slideshow-featured av_slideshow avia-slide-slider  av-section-video-bg avia-slideshow-1'  data-size='featured'  data-lightbox_size='large'  data-animation='slide'  data-conditional_play=''  data-ids=''  data-video_counter='1'  data-autoplay='false'  data-bg_slider='false'  data-slide_height=''  data-handle='av_slideshow'  data-interval='5'  data-class=''  data-extra_class=' av-section-video-bg'  data-el_id=''  data-css_id=''  data-scroll_down=''  data-control_layout=''  data-custom_markup=''  data-perma_caption=''  data-autoplay_stopper=''  data-image_attachment=''  data-min_height='0px'  data-lazy_loading='disabled'  data-default-height=''  data-img_scrset=''  data-av-desktop-hide=''  data-av-medium-hide=''  data-av-small-hide=''  data-av-mini-hide=''  data-alb_description=''  data-id=''  data-custom_class=''  data-template_class=''  data-av_uid=''  data-sc_version='1.0'  data-heading_tag=''  data-heading_class=''   itemprop=\"image\" itemscope=\"itemscope\" itemtype=\"https:\/\/schema.org\/ImageObject\" ><ul class='avia-slideshow-inner' ><li  data-controls='disabled' data-mute='aviaTBaviaTBvideo_mute' data-loop='1' data-disable-autoplay=''  data-video-ratio='1.7777777777778' class='avia-slideshow-slide av_slideshow_obj-1-69e03ad62f90f__0  av-video-slide  av-video-service-vimeo  av-hide-video-controls av-mute-video av-loop-video  av-single-slide slide-1' ><div data-rel='slideshow-1' class='avia-slide-wrap'   ><div class='av-click-overlay'><\/div><div class='mejs-mediaelement'  itemprop=\"video\" itemtype=\"https:\/\/schema.org\/VideoObject\" ><div data-src='\/\/player.vimeo.com\/video\/vdhurk-bannervideo%20%28720p%29.mp4?expires=1655192968&#038;loc=external&#038;signature=66797977b9a5b47e111ff82e9997f074d84694d059d410ca763c71bb466a3d08&#038;portrait=0&#038;byline=0&#038;title=0&#038;badge=0&#038;loop=1&#038;autopause=0&#038;api=1&#038;rel=0&#038;player_id=player_47918_2058554163_1789939100&#038;color=e41c1c' data-original_url='https:\/\/player.vimeo.com\/progressive_redirect\/download\/719863185\/container\/93e90247-6ec3-4570-ad28-061258861078\/ec78e257\/vdhurk-bannervideo%20%28720p%29.mp4?expires=1655192968&amp;loc=external&amp;signature=66797977b9a5b47e111ff82e9997f074d84694d059d410ca763c71bb466a3d08' height='1600' width='900' class='av_vimeo_frame' id='player_47918_2058554163_1789939100'><\/div><\/div><div class=\"av-click-to-play-overlay\"><div class=\"avia_playpause_icon\"><\/div><\/div><\/div><\/li><\/ul><\/div><div class='container av-section-cont-open' style='height:640px'><main  role=\"main\" itemprop=\"mainContentOfPage\"  class='template-page content  av-content-full alpha units'><div class='post-entry post-entry-type-page post-entry-47918'><div class='entry-content-wrapper clearfix'>\n<div class='flex_column_table av-l0jqpw4t-71b4880fba31489a8a070224bd3f8c2a sc-av_one_half av-equal-height-column-flextable'>\n<style type=\"text\/css\" data-created_by=\"avia_inline_auto\" id=\"style-css-av-l0jqpw4t-71b4880fba31489a8a070224bd3f8c2a\">\n.flex_column.av-l0jqpw4t-71b4880fba31489a8a070224bd3f8c2a{\npadding:90px 90px 90px 90px;\nheight:640px;\nbackground-color:#e41c1c;\n}\n<\/style>\n<div class='flex_column av-l0jqpw4t-71b4880fba31489a8a070224bd3f8c2a av_one_half  avia-builder-el-1  el_before_av_one_half  avia-builder-el-first  banner-left first no_margin flex_column_table_cell av-equal-height-column av-align-middle'   ><p><section  class='av_textblock_section av-9dq4-22ba1fde834554463b71d21aa3784190'  itemscope=\"itemscope\" itemtype=\"https:\/\/schema.org\/CreativeWork\" ><div class='avia_textblock freestyle'  itemprop=\"text\" ><p>Dzi\u0119ki<\/p>\n<\/div><\/section><br \/>\n\n<style type=\"text\/css\" data-created_by=\"avia_inline_auto\" id=\"style-css-av-8gg2-bcaed8da7c500450cab551b058659808\">\n#top .av_textblock_section.av-8gg2-bcaed8da7c500450cab551b058659808 .avia_textblock{\ncolor:#ffffff;\n}\n<\/style>\n<section  class='av_textblock_section av-8gg2-bcaed8da7c500450cab551b058659808'  itemscope=\"itemscope\" itemtype=\"https:\/\/schema.org\/CreativeWork\" ><div class='avia_textblock av_inherit_color'  itemprop=\"text\" ><h1>Twoja wiadomo\u015b\u0107<\/h1>\n<h1>Zosta\u0142 wys\u0142any!<\/h1>\n<\/div><\/section><br \/>\n\n<style type=\"text\/css\" data-created_by=\"avia_inline_auto\" id=\"style-css-av-31bm-e31eba792e5b0716280c21a794ec5f22\">\n#top .hr.hr-invisible.av-31bm-e31eba792e5b0716280c21a794ec5f22{\nheight:15px;\n}\n<\/style>\n<div  class='hr av-31bm-e31eba792e5b0716280c21a794ec5f22 hr-invisible  avia-builder-el-4  el_after_av_textblock  el_before_av_buttonrow'><span class='hr-inner'><span class=\"hr-inner-style\"><\/span><\/span><\/div><br \/>\n<div  class='avia-buttonrow-wrap av-84oq-0610348ed918959191524ad65b7eb58c avia-buttonrow-left  avia-builder-el-5  el_after_av_hr  el_before_av_hr'>\n\n<style type=\"text\/css\" data-created_by=\"avia_inline_auto\" id=\"style-css-av-4t2c-f3771317443eaf1ed4d8d3636d8302a2\">\n#top #wrap_all .avia-button.av-4t2c-f3771317443eaf1ed4d8d3636d8302a2{\nmargin-bottom:20px;\nmargin-right:20px;\n}\n<\/style>\n<a href=''  class='avia-button av-4t2c-f3771317443eaf1ed4d8d3636d8302a2 avia-icon_select-no avia-size-small avia-color-theme-color-highlight'  ><span class='avia_iconbox_title' >Zobacz nasze zapasy<\/span><\/a>\n\n<style type=\"text\/css\" data-created_by=\"avia_inline_auto\" id=\"style-css-av-3j6o-4c233e81bb41835188edef6d0df0d524\">\n#top #wrap_all .avia-button.av-3j6o-4c233e81bb41835188edef6d0df0d524{\nmargin-bottom:20px;\nmargin-right:20px;\n}\n<\/style>\n<a href='#'  class='avia-button av-3j6o-4c233e81bb41835188edef6d0df0d524 avia-icon_select-no avia-size-small avia-color-theme-color-subtle'  ><span class='avia_iconbox_title' >Obejrzyj nasz film firmowy<\/span><\/a>\n<\/div><br \/>\n\n<style type=\"text\/css\" data-created_by=\"avia_inline_auto\" id=\"style-css-av-5huu-b36033d70500246991efe98dc6d6444e\">\n#top .hr.hr-invisible.av-5huu-b36033d70500246991efe98dc6d6444e{\nheight:115px;\n}\n<\/style>\n<div  class='hr av-5huu-b36033d70500246991efe98dc6d6444e hr-invisible  avia-builder-el-6  el_after_av_buttonrow  avia-builder-el-last'><span class='hr-inner'><span class=\"hr-inner-style\"><\/span><\/span><\/div><\/p><\/div><div class='flex_column av-3a2w-1d7a97ef8bcaccd70f2089b0b1c8c850 av_one_half  avia-builder-el-7  el_after_av_one_half  el_before_av_codeblock  no_margin flex_column_table_cell av-equal-height-column av-align-middle'   ><\/div><\/div><!--close column table wrapper. Autoclose: 1 -->\n\n<\/div><\/div><\/main><!-- close content main element --><\/div><\/div><div id='av_section_2'  class='avia-section av-l4gqkezz-adde5254d875bf1d00f137ba647727ce main_color avia-section-default avia-no-border-styling  avia-builder-el-9  el_after_av_section  el_before_av_section  video-mobiel av-desktop-hide av-small-hide av-mini-hide avia-bg-style-scroll av-minimum-height av-minimum-height-custom  container_wrap fullsize'  ><div class='container av-section-cont-open' style='height:400px'><div class='template-page content  av-content-full alpha units'><div class='post-entry post-entry-type-page post-entry-47918'><div class='entry-content-wrapper clearfix'>\n\n\n<\/div><\/div><\/div><!-- close content main div --><\/div><\/div><div id='av_section_3'  class='avia-section av-l4gqkii8-3be65b8cdf55c030a82cc10598c35bb2 main_color avia-section-default avia-no-border-styling  avia-builder-el-11  el_after_av_section  el_before_av_section  video-mobiel av-desktop-hide av-medium-hide avia-bg-style-scroll av-minimum-height av-minimum-height-custom  container_wrap fullsize'  ><div class='container av-section-cont-open' style='height:200px'><div class='template-page content  av-content-full alpha units'><div class='post-entry post-entry-type-page post-entry-47918'><div class='entry-content-wrapper clearfix'>\n\n\n<\/div><\/div><\/div><!-- close content main div --><\/div><\/div>\n<style type=\"text\/css\" data-created_by=\"avia_inline_auto\" id=\"style-css-av-l0nvdkd1-0bbe39c21820beb7a3e0584eb08d6375\">\n.avia-section.av-l0nvdkd1-0bbe39c21820beb7a3e0584eb08d6375{\nbackground-color:#e41c1c;\n}\n<\/style>\n<div id='av_section_4'  class='avia-section av-l0nvdkd1-0bbe39c21820beb7a3e0584eb08d6375 main_color avia-section-default avia-no-border-styling  avia-builder-el-13  el_after_av_section  avia-builder-el-last  av-desktop-hide avia-bg-style-scroll container_wrap fullsize'  ><div class='container av-section-cont-open' ><div class='template-page content  av-content-full alpha units'><div class='post-entry post-entry-type-page post-entry-47918'><div class='entry-content-wrapper clearfix'>\n<div class='flex_column av-483w-ba04a8ee5f75cc0fdfc594a127a2f779 av_one_full  avia-builder-el-14  avia-builder-el-no-sibling  first flex_column_div'   ><p>\n<style type=\"text\/css\" data-created_by=\"avia_inline_auto\" id=\"style-css-av-3nt2-52090629c26fbcbb822d8e6420341d01\">\n#top .hr.hr-invisible.av-3nt2-52090629c26fbcbb822d8e6420341d01{\nmargin-top:-40px;\nheight:1px;\n}\n<\/style>\n<div  class='hr av-3nt2-52090629c26fbcbb822d8e6420341d01 hr-invisible  avia-builder-el-15  el_before_av_textblock  avia-builder-el-first'><span class='hr-inner'><span class=\"hr-inner-style\"><\/span><\/span><\/div><br \/>\n<section  class='av_textblock_section av-2udc-e5aeeea2f4a8058819ebf0df6419fa87'  itemscope=\"itemscope\" itemtype=\"https:\/\/schema.org\/CreativeWork\" ><div class='avia_textblock freestyle'  itemprop=\"text\" ><p>Dzi\u0119ki<\/p>\n<\/div><\/section><br \/>\n\n<style type=\"text\/css\" data-created_by=\"avia_inline_auto\" id=\"style-css-av-l0nvg8tk-19be96c5354c852c0afe49d9b1739e59\">\n#top .av_textblock_section.av-l0nvg8tk-19be96c5354c852c0afe49d9b1739e59 .avia_textblock{\ncolor:#ffffff;\n}\n<\/style>\n<section  class='av_textblock_section av-l0nvg8tk-19be96c5354c852c0afe49d9b1739e59'  itemscope=\"itemscope\" itemtype=\"https:\/\/schema.org\/CreativeWork\" ><div class='avia_textblock av_inherit_color'  itemprop=\"text\" ><h1>Twoja wiadomo\u015b\u0107 zosta\u0142a wys\u0142ana!<\/h1>\n<\/div><\/section><br \/>\n\n<style type=\"text\/css\" data-created_by=\"avia_inline_auto\" id=\"style-css-av-421a-a0b2a97a1fe4fc2df12a5d076c7eba49\">\n#top .hr.hr-invisible.av-421a-a0b2a97a1fe4fc2df12a5d076c7eba49{\nheight:15px;\n}\n<\/style>\n<div  class='hr av-421a-a0b2a97a1fe4fc2df12a5d076c7eba49 hr-invisible  avia-builder-el-18  el_after_av_textblock  el_before_av_buttonrow'><span class='hr-inner'><span class=\"hr-inner-style\"><\/span><\/span><\/div><br \/>\n<div  class='avia-buttonrow-wrap av-7phi-909c4745db06dd246f29c6c8ecbcf23c avia-buttonrow-left  avia-builder-el-19  el_after_av_hr  el_before_av_hr'>\n\n<style type=\"text\/css\" data-created_by=\"avia_inline_auto\" id=\"style-css-av-60om-9ed90e7ab58ce31a8ee8db9b6841f039\">\n#top #wrap_all .avia-button.av-60om-9ed90e7ab58ce31a8ee8db9b6841f039{\nmargin-bottom:20px;\nmargin-right:20px;\n}\n<\/style>\n<a href=''  class='avia-button av-60om-9ed90e7ab58ce31a8ee8db9b6841f039 avia-icon_select-no avia-size-small avia-color-theme-color-highlight'  ><span class='avia_iconbox_title' >Zobacz nasze zapasy<\/span><\/a>\n\n<style type=\"text\/css\" data-created_by=\"avia_inline_auto\" id=\"style-css-av-bom-7b7dd6d3dceeeb34d555db7af5d2e414\">\n#top #wrap_all .avia-button.av-bom-7b7dd6d3dceeeb34d555db7af5d2e414{\nmargin-bottom:20px;\nmargin-right:20px;\n}\n<\/style>\n<a href='#'  class='avia-button av-bom-7b7dd6d3dceeeb34d555db7af5d2e414 avia-icon_select-no avia-size-small avia-color-theme-color-subtle'  ><span class='avia_iconbox_title' >Obejrzyj nasz film firmowy<\/span><\/a>\n<\/div><br \/>\n\n<style type=\"text\/css\" data-created_by=\"avia_inline_auto\" id=\"style-css-av-3qoe-f1dd7f926bc0d30991cc0803468ad65a\">\n#top .hr.hr-invisible.av-3qoe-f1dd7f926bc0d30991cc0803468ad65a{\nheight:15px;\n}\n<\/style>\n<div  class='hr av-3qoe-f1dd7f926bc0d30991cc0803468ad65a hr-invisible  avia-builder-el-20  el_after_av_buttonrow  avia-builder-el-last'><span class='hr-inner'><span class=\"hr-inner-style\"><\/span><\/span><\/div><\/p><\/div>","protected":false},"excerpt":{"rendered":"","protected":false},"author":1,"featured_media":0,"parent":0,"menu_order":0,"comment_status":"closed","ping_status":"open","template":"","meta":{"_acf_changed":false,"_improvement_type_select":"improve_an_existing","_thumb_yes_seoaic":false,"_frame_yes_seoaic":false,"seoaic_generate_description":"","seoaic_improve_instructions_prompt":"","seoaic_rollback_content_improvement":"","seoaic_idea_thumbnail_generator":"","thumbnail_generated":false,"thumbnail_generate_prompt":"","seoaic_article_description":"","footnotes":""},"class_list":["post-47918","page","type-page","status-publish","hentry"],"acf":[],"yoast_head":"<!-- This site is optimized with the Yoast SEO plugin v27.3 - https:\/\/yoast.com\/product\/yoast-seo-wordpress\/ -->\n<title>Bedankt - Van den Hurk Bedrijfswagens<\/title>\n<meta name=\"robots\" content=\"index, follow, max-snippet:-1, max-image-preview:large, max-video-preview:-1\" \/>\n<link rel=\"canonical\" href=\"https:\/\/www.vdhurk.nl\/pl\/dzieki\/\" \/>\n<meta property=\"og:locale\" content=\"pl_PL\" \/>\n<meta property=\"og:type\" content=\"article\" \/>\n<meta property=\"og:title\" content=\"Bedankt - Van den Hurk Bedrijfswagens\" \/>\n<meta property=\"og:url\" content=\"https:\/\/www.vdhurk.nl\/pl\/dzieki\/\" \/>\n<meta property=\"og:site_name\" content=\"Van den Hurk Bedrijfswagens\" \/>\n<meta property=\"article:modified_time\" content=\"2022-07-20T13:06:58+00:00\" \/>\n<meta name=\"twitter:card\" content=\"summary_large_image\" \/>\n<meta name=\"twitter:label1\" content=\"Szacowany czas czytania\" \/>\n\t<meta name=\"twitter:data1\" content=\"15 minut\" \/>\n<script type=\"application\/ld+json\" class=\"yoast-schema-graph\">{\"@context\":\"https:\\\/\\\/schema.org\",\"@graph\":[{\"@type\":\"WebPage\",\"@id\":\"https:\\\/\\\/www.vdhurk.nl\\\/bedankt\\\/\",\"url\":\"https:\\\/\\\/www.vdhurk.nl\\\/bedankt\\\/\",\"name\":\"Bedankt - Van den Hurk Bedrijfswagens\",\"isPartOf\":{\"@id\":\"https:\\\/\\\/www.vdhurk.nl\\\/#website\"},\"datePublished\":\"2022-07-20T12:59:22+00:00\",\"dateModified\":\"2022-07-20T13:06:58+00:00\",\"breadcrumb\":{\"@id\":\"https:\\\/\\\/www.vdhurk.nl\\\/bedankt\\\/#breadcrumb\"},\"inLanguage\":\"pl-PL\",\"potentialAction\":[{\"@type\":\"ReadAction\",\"target\":[\"https:\\\/\\\/www.vdhurk.nl\\\/bedankt\\\/\"]}]},{\"@type\":\"BreadcrumbList\",\"@id\":\"https:\\\/\\\/www.vdhurk.nl\\\/bedankt\\\/#breadcrumb\",\"itemListElement\":[{\"@type\":\"ListItem\",\"position\":1,\"name\":\"Home\",\"item\":\"https:\\\/\\\/www.vdhurk.nl\\\/home\\\/\"},{\"@type\":\"ListItem\",\"position\":2,\"name\":\"Bedankt\"}]},{\"@type\":\"WebSite\",\"@id\":\"https:\\\/\\\/www.vdhurk.nl\\\/#website\",\"url\":\"https:\\\/\\\/www.vdhurk.nl\\\/\",\"name\":\"Van den Hurk Bedrijfswagens\",\"description\":\"Van den Hurk bedrijfswagens Helmond\",\"potentialAction\":[{\"@type\":\"SearchAction\",\"target\":{\"@type\":\"EntryPoint\",\"urlTemplate\":\"https:\\\/\\\/www.vdhurk.nl\\\/?s={search_term_string}\"},\"query-input\":{\"@type\":\"PropertyValueSpecification\",\"valueRequired\":true,\"valueName\":\"search_term_string\"}}],\"inLanguage\":\"pl-PL\"}]}<\/script>\n<!-- \/ Yoast SEO plugin. -->","yoast_head_json":{"title":"Dzi\u0119kujemy - Van den Hurk Bedrijfswagens","robots":{"index":"index","follow":"follow","max-snippet":"max-snippet:-1","max-image-preview":"max-image-preview:large","max-video-preview":"max-video-preview:-1"},"canonical":"https:\/\/www.vdhurk.nl\/pl\/dzieki\/","og_locale":"pl_PL","og_type":"article","og_title":"Bedankt - Van den Hurk Bedrijfswagens","og_url":"https:\/\/www.vdhurk.nl\/pl\/dzieki\/","og_site_name":"Van den Hurk Bedrijfswagens","article_modified_time":"2022-07-20T13:06:58+00:00","twitter_card":"summary_large_image","twitter_misc":{"Szacowany czas czytania":"15 minut"},"schema":{"@context":"https:\/\/schema.org","@graph":[{"@type":"WebPage","@id":"https:\/\/www.vdhurk.nl\/bedankt\/","url":"https:\/\/www.vdhurk.nl\/bedankt\/","name":"Dzi\u0119kujemy - Van den Hurk Bedrijfswagens","isPartOf":{"@id":"https:\/\/www.vdhurk.nl\/#website"},"datePublished":"2022-07-20T12:59:22+00:00","dateModified":"2022-07-20T13:06:58+00:00","breadcrumb":{"@id":"https:\/\/www.vdhurk.nl\/bedankt\/#breadcrumb"},"inLanguage":"pl-PL","potentialAction":[{"@type":"ReadAction","target":["https:\/\/www.vdhurk.nl\/bedankt\/"]}]},{"@type":"BreadcrumbList","@id":"https:\/\/www.vdhurk.nl\/bedankt\/#breadcrumb","itemListElement":[{"@type":"ListItem","position":1,"name":"Home","item":"https:\/\/www.vdhurk.nl\/home\/"},{"@type":"ListItem","position":2,"name":"Bedankt"}]},{"@type":"WebSite","@id":"https:\/\/www.vdhurk.nl\/#website","url":"https:\/\/www.vdhurk.nl\/","name":"Van den Hurk - pojazdy u\u017cytkowe","description":"Van den Hurk pojazdy u\u017cytkowe Helmond","potentialAction":[{"@type":"SearchAction","target":{"@type":"EntryPoint","urlTemplate":"https:\/\/www.vdhurk.nl\/?s={search_term_string}"},"query-input":{"@type":"PropertyValueSpecification","valueRequired":true,"valueName":"search_term_string"}}],"inLanguage":"pl-PL"}]}},"_links":{"self":[{"href":"https:\/\/www.vdhurk.nl\/pl\/wp-json\/wp\/v2\/pages\/47918","targetHints":{"allow":["GET"]}}],"collection":[{"href":"https:\/\/www.vdhurk.nl\/pl\/wp-json\/wp\/v2\/pages"}],"about":[{"href":"https:\/\/www.vdhurk.nl\/pl\/wp-json\/wp\/v2\/types\/page"}],"author":[{"embeddable":true,"href":"https:\/\/www.vdhurk.nl\/pl\/wp-json\/wp\/v2\/users\/1"}],"replies":[{"embeddable":true,"href":"https:\/\/www.vdhurk.nl\/pl\/wp-json\/wp\/v2\/comments?post=47918"}],"version-history":[{"count":6,"href":"https:\/\/www.vdhurk.nl\/pl\/wp-json\/wp\/v2\/pages\/47918\/revisions"}],"predecessor-version":[{"id":47927,"href":"https:\/\/www.vdhurk.nl\/pl\/wp-json\/wp\/v2\/pages\/47918\/revisions\/47927"}],"wp:attachment":[{"href":"https:\/\/www.vdhurk.nl\/pl\/wp-json\/wp\/v2\/media?parent=47918"}],"curies":[{"name":"wp","href":"https:\/\/api.w.org\/{rel}","templated":true}]}}