{"id":47645,"date":"2022-07-19T13:09:35","date_gmt":"2022-07-19T13:09:35","guid":{"rendered":"https:\/\/vdhurk.bonsaidev.nl\/?page_id=47645"},"modified":"2024-03-08T09:44:20","modified_gmt":"2024-03-08T09:44:20","slug":"akcesoria","status":"publish","type":"page","link":"https:\/\/www.vdhurk.nl\/pl\/accessoires\/","title":{"rendered":"Akcesoria"},"content":{"rendered":"<style type=\"text\/css\" data-created_by=\"avia_inline_auto\" id=\"style-css-av-4nbej-61809ecf5e9bb21cc33f7ee31dcc49b2\">\n.avia-section.av-4nbej-61809ecf5e9bb21cc33f7ee31dcc49b2{\nbackground-repeat:no-repeat;\nbackground-image:url(https:\/\/www.vdhurk.nl\/wp-content\/uploads\/2022\/03\/Financial-lease.png);\nbackground-position:50% 50%;\nbackground-attachment:scroll;\n}\n<\/style>\n<div id='av_section_1'  class='avia-section av-4nbej-61809ecf5e9bb21cc33f7ee31dcc49b2 main_color avia-section-no-padding avia-no-border-styling  avia-builder-el-0  el_before_av_section  avia-builder-el-first  head-container av-small-hide av-mini-hide avia-full-stretch avia-bg-style-scroll av-minimum-height av-minimum-height-custom  container_wrap fullsize'  data-section-bg-repeat='stretch'><div class='container av-section-cont-open' style='height:380px'><main  role=\"main\" itemprop=\"mainContentOfPage\"  class='template-page content  av-content-full alpha units'><div class='post-entry post-entry-type-page post-entry-47645'><div class='entry-content-wrapper clearfix'>\n<div class='flex_column_table av-3w867-b337048c8ba0d44fb6c33f690166ec96 sc-av_two_fifth av-equal-height-column-flextable'>\n<style type=\"text\/css\" data-created_by=\"avia_inline_auto\" id=\"style-css-av-3w867-b337048c8ba0d44fb6c33f690166ec96\">\n.flex_column.av-3w867-b337048c8ba0d44fb6c33f690166ec96{\npadding:90px 90px 90px 90px;\nheight:380px;\nbackground-color:#e41c1c;\n}\n<\/style>\n<div class='flex_column av-3w867-b337048c8ba0d44fb6c33f690166ec96 av_two_fifth  avia-builder-el-1  el_before_av_three_fifth  avia-builder-el-first  banner-left first no_margin flex_column_table_cell av-equal-height-column av-align-top'   ><p><section  class='av_textblock_section av-34x5b-9dd3591d61f944ec73c7b1c571ae10ec'  itemscope=\"itemscope\" itemtype=\"https:\/\/schema.org\/CreativeWork\" ><div class='avia_textblock freestyle'  itemprop=\"text\" ><p>Nazywamy go; \"van den Hurk Style\".<\/p>\n<\/div><\/section><br \/>\n\n<style type=\"text\/css\" data-created_by=\"avia_inline_auto\" id=\"style-css-av-2n713-c05679f3a08ebdf9db45d2a4071db28b\">\n#top .av_textblock_section.av-2n713-c05679f3a08ebdf9db45d2a4071db28b .avia_textblock{\ncolor:#ffffff;\n}\n<\/style>\n<section  class='av_textblock_section av-2n713-c05679f3a08ebdf9db45d2a4071db28b'  itemscope=\"itemscope\" itemtype=\"https:\/\/schema.org\/CreativeWork\" ><div class='avia_textblock av_inherit_color'  itemprop=\"text\" ><h1>Akcesoria szyte na miar\u0119<\/h1>\n<\/div><\/section><br \/>\n\n<style type=\"text\/css\" data-created_by=\"avia_inline_auto\" id=\"style-css-av-28dp3-7fa4a9571da3bd8023e9d812fede9695\">\n#top .hr.hr-invisible.av-28dp3-7fa4a9571da3bd8023e9d812fede9695{\nheight:15px;\n}\n<\/style>\n<div  class='hr av-28dp3-7fa4a9571da3bd8023e9d812fede9695 hr-invisible  avia-builder-el-4  el_after_av_textblock  avia-builder-el-last'><span class='hr-inner'><span class=\"hr-inner-style\"><\/span><\/span><\/div><\/p><\/div><div class='flex_column av-sg6b-83d21c1385e2c3b6903c57e20ad0efc8 av_three_fifth  avia-builder-el-5  el_after_av_two_fifth  avia-builder-el-last  no_margin flex_column_table_cell av-equal-height-column av-align-top avia-full-stretch'   ><\/div><\/div><!--close column table wrapper. Autoclose: 1 -->\n\n<\/div><\/div><\/main><!-- close content main element --><\/div><\/div>\n<style type=\"text\/css\" data-created_by=\"avia_inline_auto\" id=\"style-css-av-41rh7-ab5ef4e35d7d64c80cfec41bbefaa68e\">\n.avia-section.av-41rh7-ab5ef4e35d7d64c80cfec41bbefaa68e{\nbackground-repeat:no-repeat;\nbackground-image:url(https:\/\/www.vdhurk.nl\/wp-content\/uploads\/2022\/03\/Financial-lease.png);\nbackground-position:50% 50%;\nbackground-attachment:scroll;\n}\n<\/style>\n<div id='av_section_2'  class='avia-section av-41rh7-ab5ef4e35d7d64c80cfec41bbefaa68e main_color avia-section-default avia-no-border-styling  avia-builder-el-6  el_after_av_section  el_before_av_section  av-desktop-hide av-medium-hide avia-full-stretch avia-bg-style-scroll av-minimum-height av-minimum-height-custom  container_wrap fullsize'  data-section-bg-repeat='stretch'><div class='container av-section-cont-open' style='height:250px'><div class='template-page content  av-content-full alpha units'><div class='post-entry post-entry-type-page post-entry-47645'><div class='entry-content-wrapper clearfix'>\n<\/div><\/div><\/div><!-- close content main div --><\/div><\/div><div id='av_section_3'  class='avia-section av-z1tv-15a49add3a03a429b52faa6d3e2fd192 main_color avia-section-default avia-no-border-styling  avia-builder-el-7  el_after_av_section  el_before_av_section  avia-bg-style-scroll container_wrap fullsize'  ><div class='container av-section-cont-open' ><div class='template-page content  av-content-full alpha units'><div class='post-entry post-entry-type-page post-entry-47645'><div class='entry-content-wrapper clearfix'>\n\n<style type=\"text\/css\" data-created_by=\"avia_inline_auto\" id=\"style-css-av-2uyff-b01744ffb057e061762ec1fdba801f2d\">\n.flex_column.av-2uyff-b01744ffb057e061762ec1fdba801f2d{\nwidth:18%;\n}\n<\/style>\n<div class='flex_column av-2uyff-b01744ffb057e061762ec1fdba801f2d av_one_fifth  avia-builder-el-8  el_before_av_three_fifth  avia-builder-el-first  first flex_column_div'   ><\/div>\n<style type=\"text\/css\" data-created_by=\"avia_inline_auto\" id=\"style-css-av-1k9pv-f3e3e414c35098dfde028093b7f7ba7f\">\n.flex_column.av-1k9pv-f3e3e414c35098dfde028093b7f7ba7f{\nwidth:59%;\nmargin-left:2.5%;\n}\n<\/style>\n<div class='flex_column av-1k9pv-f3e3e414c35098dfde028093b7f7ba7f av_three_fifth  avia-builder-el-9  el_after_av_one_fifth  el_before_av_one_fifth  flex_column_div'   ><section  class='av_textblock_section av-26m47-9d19b798129827a0db0b4043ef4dc469'  itemscope=\"itemscope\" itemtype=\"https:\/\/schema.org\/CreativeWork\" ><div class='avia_textblock'  itemprop=\"text\" ><h2>SAMOCH\u00d3D S\u0141U\u017bBOWY NUDNY? NIE Z ODPOWIEDNIMI AKCESORIAMI<\/h2>\n<p>Akcesoria czyni\u0105 samoch\u00f3d. Nie tylko dlatego, \u017ce \"gruby\" samoch\u00f3d firmowy jest po prostu przyjemno\u015b\u0107 patrze\u0107, ale tak\u017ce na pewno dlatego, \u017ce dodaje warto\u015b\u0107.  W naszym salonie znajduje si\u0119 kilka przyk\u0142ad\u00f3w, a nasze dema je\u017cd\u017c\u0105 jak najbardziej kompletne, aby m\u00f3c oceni\u0107 jak najwi\u0119cej na \u017cywo.<\/p>\n<\/div><\/section><br \/>\n\n<style type=\"text\/css\" data-created_by=\"avia_inline_auto\" id=\"style-css-av-l0nxfvtp-fcb603ff77a7f9ed87ce2dc5b0792678\">\n#top .hr.hr-invisible.av-l0nxfvtp-fcb603ff77a7f9ed87ce2dc5b0792678{\nheight:20px;\n}\n<\/style>\n<div  class='hr av-l0nxfvtp-fcb603ff77a7f9ed87ce2dc5b0792678 hr-invisible  avia-builder-el-11  el_after_av_textblock  el_before_av_image'><span class='hr-inner'><span class=\"hr-inner-style\"><\/span><\/span><\/div><br \/>\n\n<style type=\"text\/css\" data-created_by=\"avia_inline_auto\" id=\"style-css-av-lguw8idb-b99ac42df2af20fad3c775784b66dd38\">\n.avia-image-container.av-lguw8idb-b99ac42df2af20fad3c775784b66dd38 .av-image-caption-overlay-center{\ncolor:#ffffff;\n}\n<\/style>\n<div  class='avia-image-container av-lguw8idb-b99ac42df2af20fad3c775784b66dd38 av-styling- avia-align-center  avia-builder-el-12  el_after_av_hr  el_before_av_hr'  itemprop=\"image\" itemscope=\"itemscope\" itemtype=\"https:\/\/schema.org\/ImageObject\" ><div class=\"avia-image-container-inner\"><div class=\"avia-image-overlay-wrap\"><img decoding=\"async\" class='wp-image-161182 avia-img-lazy-loading-not-161182 avia_image' src=\"https:\/\/www.vdhurk.nl\/wp-content\/uploads\/2023\/04\/1-informeer-en-vergelijk-2.jpg\" alt='' title='1 informowanie i por\u00f3wnywanie (2)'  height=\"1200\" width=\"1800\"  itemprop=\"thumbnailUrl\" srcset=\"https:\/\/www.vdhurk.nl\/wp-content\/uploads\/2023\/04\/1-informeer-en-vergelijk-2.jpg 1800w, https:\/\/www.vdhurk.nl\/wp-content\/uploads\/2023\/04\/1-informeer-en-vergelijk-2-300x200.jpg 300w, https:\/\/www.vdhurk.nl\/wp-content\/uploads\/2023\/04\/1-informeer-en-vergelijk-2-1030x687.jpg 1030w, https:\/\/www.vdhurk.nl\/wp-content\/uploads\/2023\/04\/1-informeer-en-vergelijk-2-768x512.jpg 768w, https:\/\/www.vdhurk.nl\/wp-content\/uploads\/2023\/04\/1-informeer-en-vergelijk-2-1536x1024.jpg 1536w, https:\/\/www.vdhurk.nl\/wp-content\/uploads\/2023\/04\/1-informeer-en-vergelijk-2-18x12.jpg 18w, https:\/\/www.vdhurk.nl\/wp-content\/uploads\/2023\/04\/1-informeer-en-vergelijk-2-1500x1000.jpg 1500w, https:\/\/www.vdhurk.nl\/wp-content\/uploads\/2023\/04\/1-informeer-en-vergelijk-2-705x470.jpg 705w\" sizes=\"(max-width: 1800px) 100vw, 1800px\" \/><\/div><\/div><\/div><br \/>\n\n<style type=\"text\/css\" data-created_by=\"avia_inline_auto\" id=\"style-css-av-lguw5vzr-c03160181c1bf3cac7a345e6cab499c5\">\n#top .hr.hr-invisible.av-lguw5vzr-c03160181c1bf3cac7a345e6cab499c5{\nheight:20px;\n}\n<\/style>\n<div  class='hr av-lguw5vzr-c03160181c1bf3cac7a345e6cab499c5 hr-invisible  avia-builder-el-13  el_after_av_image  el_before_av_textblock'><span class='hr-inner'><span class=\"hr-inner-style\"><\/span><\/span><\/div><br \/>\n<section  class='av_textblock_section av-lguvms51-6ccc7494c82773d32b7fb31837ad917e'  itemscope=\"itemscope\" itemtype=\"https:\/\/schema.org\/CreativeWork\" ><div class='avia_textblock av_inherit_color'  itemprop=\"text\" ><h3><em>- TREKHAKS<\/em><\/h3>\n<p>Monta\u017c haka holowniczego by\u0142 kiedy\u015b dziecinnie prosty. Obecnie systemy Canbus i rejestracja online sprawiaj\u0105, \u017ce nie jest to ju\u017c majsterkowanie. Dostarczamy je dla wszystkich typ\u00f3w do 3500 kg.<\/p>\n<h3><em>- LISTWY BOCZNE<\/em><\/h3>\n<p>Listwy boczne tylko \u0142adne? Nasze listwy boczne s\u0105 nawet montowane w kilku du\u017cych firmach pocztowych i departamentach rz\u0105dowych, gdzie s\u0105 montowane wy\u0142\u0105cznie w celu ochrony. Aby zapewni\u0107 atrakcyjny wygl\u0105d, opr\u00f3cz szczotkowanej stali nierdzewnej, dostarczamy je r\u00f3wnie\u017c polerowane lub malowane proszkowo!<\/p>\n<h3><em>- ROLKI<\/em><\/h3>\n<p>Felgi mo\u017cna \u0142atwo kupi\u0107 online, ale my dostarczamy felgi do pojazd\u00f3w u\u017cytkowych, kt\u00f3re nie p\u0119kn\u0105, gdy zjedziesz z kraw\u0119\u017cnika za\u0142adowanym pojazdem u\u017cytkowym! Mamy kilka felg w magazynie, ale wiele innych jest dost\u0119pnych.<\/p>\n<h3>- IMPERIALS<\/h3>\n<p>Aluminium w kolorze czarnym, stal nierdzewna, prawo z otwartymi lub zamkni\u0119tymi szynami bocznymi? Dostarczamy tylko najbardziej solidne marki, z kt\u00f3rymi wsp\u00f3\u0142pracujemy od wielu lat.<\/p>\n<h3><em>- STYLING<\/em><\/h3>\n<p>Przednie usta, spojlery, obni\u017cenia, malowanie cz\u0119\u015bci nadwozia na kolor lub u\u017cycie grafiki, aby samoch\u00f3d by\u0142 wyj\u0105tkowy, sparujemy razem i sprawimy, \u017ce b\u0119dzie to niepowtarzalne auto.<\/p>\n<\/div><\/section><br \/>\n\n<style type=\"text\/css\" data-created_by=\"avia_inline_auto\" id=\"style-css-av-v0227x-0383bf2f4433a958fea15756dd3394b5\">\n#top .hr.hr-invisible.av-v0227x-0383bf2f4433a958fea15756dd3394b5{\nheight:20px;\n}\n<\/style>\n<div  class='hr av-v0227x-0383bf2f4433a958fea15756dd3394b5 hr-invisible  avia-builder-el-15  el_after_av_textblock  avia-builder-el-last'><span class='hr-inner'><span class=\"hr-inner-style\"><\/span><\/span><\/div><\/p><\/div>\n<style type=\"text\/css\" data-created_by=\"avia_inline_auto\" id=\"style-css-av-2p6ej-e94b733c409971fa925d238fc086fe15\">\n.flex_column.av-2p6ej-e94b733c409971fa925d238fc086fe15{\nwidth:18%;\nmargin-left:2.5%;\n}\n<\/style>\n<div class='flex_column av-2p6ej-e94b733c409971fa925d238fc086fe15 av_one_fifth  avia-builder-el-16  el_after_av_three_fifth  avia-builder-el-last  flex_column_div'   ><\/div><\/div><\/div><\/div><!-- close content main div --><\/div><\/div>\n<style type=\"text\/css\" data-created_by=\"avia_inline_auto\" id=\"style-css-av-l0nx5vch-61a276b5a8af02c9d25c6ca672a66eca\">\n.avia-section.av-l0nx5vch-61a276b5a8af02c9d25c6ca672a66eca{\nbackground-repeat:no-repeat;\nbackground-image:url(https:\/\/www.vdhurk.nl\/wp-content\/uploads\/2022\/03\/lease-calculator.png);\nbackground-position:50% 50%;\nbackground-attachment:scroll;\n}\n<\/style>\n<div id='lease-calculator'  class='avia-section av-l0nx5vch-61a276b5a8af02c9d25c6ca672a66eca main_color avia-section-large avia-no-border-styling  avia-builder-el-17  el_after_av_section  avia-builder-el-last  avia-full-stretch avia-bg-style-scroll container_wrap fullsize'  data-section-bg-repeat='stretch'><div class='container av-section-cont-open' ><div class='template-page content  av-content-full alpha units'><div class='post-entry post-entry-type-page post-entry-47645'><div class='entry-content-wrapper clearfix'><\/p>","protected":false},"excerpt":{"rendered":"","protected":false},"author":2,"featured_media":0,"parent":0,"menu_order":0,"comment_status":"closed","ping_status":"closed","template":"","meta":{"_acf_changed":false,"_improvement_type_select":"improve_an_existing","_thumb_yes_seoaic":false,"_frame_yes_seoaic":false,"seoaic_generate_description":"","seoaic_improve_instructions_prompt":"","seoaic_rollback_content_improvement":"","seoaic_idea_thumbnail_generator":"","thumbnail_generated":false,"thumbnail_generate_prompt":"","seoaic_article_description":"","footnotes":""},"class_list":["post-47645","page","type-page","status-publish","hentry"],"acf":[],"yoast_head":"<!-- This site is optimized with the Yoast SEO plugin v27.5 - https:\/\/yoast.com\/product\/yoast-seo-wordpress\/ -->\n<title>Accessoires - Van den Hurk Bedrijfswagens<\/title>\n<meta name=\"robots\" content=\"index, follow, max-snippet:-1, max-image-preview:large, max-video-preview:-1\" \/>\n<link rel=\"canonical\" href=\"https:\/\/www.vdhurk.nl\/pl\/akcesoria\/\" \/>\n<meta property=\"og:locale\" content=\"pl_PL\" \/>\n<meta property=\"og:type\" content=\"article\" \/>\n<meta property=\"og:title\" content=\"Accessoires - Van den Hurk Bedrijfswagens\" \/>\n<meta property=\"og:url\" content=\"https:\/\/www.vdhurk.nl\/pl\/akcesoria\/\" \/>\n<meta property=\"og:site_name\" content=\"Van den Hurk Bedrijfswagens\" \/>\n<meta property=\"article:modified_time\" content=\"2024-03-08T09:44:20+00:00\" \/>\n<meta name=\"twitter:card\" content=\"summary_large_image\" \/>\n<meta name=\"twitter:label1\" content=\"Szacowany czas czytania\" \/>\n\t<meta name=\"twitter:data1\" content=\"5 minut\" \/>\n<script type=\"application\/ld+json\" class=\"yoast-schema-graph\">{\"@context\":\"https:\\\/\\\/schema.org\",\"@graph\":[{\"@type\":\"WebPage\",\"@id\":\"https:\\\/\\\/www.vdhurk.nl\\\/accessoires\\\/\",\"url\":\"https:\\\/\\\/www.vdhurk.nl\\\/accessoires\\\/\",\"name\":\"Accessoires - Van den Hurk Bedrijfswagens\",\"isPartOf\":{\"@id\":\"https:\\\/\\\/www.vdhurk.nl\\\/#website\"},\"datePublished\":\"2022-07-19T13:09:35+00:00\",\"dateModified\":\"2024-03-08T09:44:20+00:00\",\"breadcrumb\":{\"@id\":\"https:\\\/\\\/www.vdhurk.nl\\\/accessoires\\\/#breadcrumb\"},\"inLanguage\":\"pl-PL\",\"potentialAction\":[{\"@type\":\"ReadAction\",\"target\":[\"https:\\\/\\\/www.vdhurk.nl\\\/accessoires\\\/\"]}]},{\"@type\":\"BreadcrumbList\",\"@id\":\"https:\\\/\\\/www.vdhurk.nl\\\/accessoires\\\/#breadcrumb\",\"itemListElement\":[{\"@type\":\"ListItem\",\"position\":1,\"name\":\"Home\",\"item\":\"https:\\\/\\\/www.vdhurk.nl\\\/home\\\/\"},{\"@type\":\"ListItem\",\"position\":2,\"name\":\"Accessoires\"}]},{\"@type\":\"WebSite\",\"@id\":\"https:\\\/\\\/www.vdhurk.nl\\\/#website\",\"url\":\"https:\\\/\\\/www.vdhurk.nl\\\/\",\"name\":\"Van den Hurk Bedrijfswagens\",\"description\":\"Van den Hurk bedrijfswagens Helmond\",\"potentialAction\":[{\"@type\":\"SearchAction\",\"target\":{\"@type\":\"EntryPoint\",\"urlTemplate\":\"https:\\\/\\\/www.vdhurk.nl\\\/?s={search_term_string}\"},\"query-input\":{\"@type\":\"PropertyValueSpecification\",\"valueRequired\":true,\"valueName\":\"search_term_string\"}}],\"inLanguage\":\"pl-PL\"}]}<\/script>\n<!-- \/ Yoast SEO plugin. -->","yoast_head_json":{"title":"Akcesoria - Van den Hurk Bedrijfswagens","robots":{"index":"index","follow":"follow","max-snippet":"max-snippet:-1","max-image-preview":"max-image-preview:large","max-video-preview":"max-video-preview:-1"},"canonical":"https:\/\/www.vdhurk.nl\/pl\/akcesoria\/","og_locale":"pl_PL","og_type":"article","og_title":"Accessoires - Van den Hurk Bedrijfswagens","og_url":"https:\/\/www.vdhurk.nl\/pl\/akcesoria\/","og_site_name":"Van den Hurk Bedrijfswagens","article_modified_time":"2024-03-08T09:44:20+00:00","twitter_card":"summary_large_image","twitter_misc":{"Szacowany czas czytania":"5 minut"},"schema":{"@context":"https:\/\/schema.org","@graph":[{"@type":"WebPage","@id":"https:\/\/www.vdhurk.nl\/accessoires\/","url":"https:\/\/www.vdhurk.nl\/accessoires\/","name":"Akcesoria - Van den Hurk Bedrijfswagens","isPartOf":{"@id":"https:\/\/www.vdhurk.nl\/#website"},"datePublished":"2022-07-19T13:09:35+00:00","dateModified":"2024-03-08T09:44:20+00:00","breadcrumb":{"@id":"https:\/\/www.vdhurk.nl\/accessoires\/#breadcrumb"},"inLanguage":"pl-PL","potentialAction":[{"@type":"ReadAction","target":["https:\/\/www.vdhurk.nl\/accessoires\/"]}]},{"@type":"BreadcrumbList","@id":"https:\/\/www.vdhurk.nl\/accessoires\/#breadcrumb","itemListElement":[{"@type":"ListItem","position":1,"name":"Home","item":"https:\/\/www.vdhurk.nl\/home\/"},{"@type":"ListItem","position":2,"name":"Accessoires"}]},{"@type":"WebSite","@id":"https:\/\/www.vdhurk.nl\/#website","url":"https:\/\/www.vdhurk.nl\/","name":"Van den Hurk - pojazdy u\u017cytkowe","description":"Van den Hurk pojazdy u\u017cytkowe Helmond","potentialAction":[{"@type":"SearchAction","target":{"@type":"EntryPoint","urlTemplate":"https:\/\/www.vdhurk.nl\/?s={search_term_string}"},"query-input":{"@type":"PropertyValueSpecification","valueRequired":true,"valueName":"search_term_string"}}],"inLanguage":"pl-PL"}]}},"_links":{"self":[{"href":"https:\/\/www.vdhurk.nl\/pl\/wp-json\/wp\/v2\/pages\/47645","targetHints":{"allow":["GET"]}}],"collection":[{"href":"https:\/\/www.vdhurk.nl\/pl\/wp-json\/wp\/v2\/pages"}],"about":[{"href":"https:\/\/www.vdhurk.nl\/pl\/wp-json\/wp\/v2\/types\/page"}],"author":[{"embeddable":true,"href":"https:\/\/www.vdhurk.nl\/pl\/wp-json\/wp\/v2\/users\/2"}],"replies":[{"embeddable":true,"href":"https:\/\/www.vdhurk.nl\/pl\/wp-json\/wp\/v2\/comments?post=47645"}],"version-history":[{"count":13,"href":"https:\/\/www.vdhurk.nl\/pl\/wp-json\/wp\/v2\/pages\/47645\/revisions"}],"predecessor-version":[{"id":280651,"href":"https:\/\/www.vdhurk.nl\/pl\/wp-json\/wp\/v2\/pages\/47645\/revisions\/280651"}],"wp:attachment":[{"href":"https:\/\/www.vdhurk.nl\/pl\/wp-json\/wp\/v2\/media?parent=47645"}],"curies":[{"name":"wp","href":"https:\/\/api.w.org\/{rel}","templated":true}]}}